{"id":23016,"date":"2022-01-29T10:17:23","date_gmt":"2022-01-29T10:17:23","guid":{"rendered":"https:\/\/test.shrimataji.org\/?page_id=6401"},"modified":"2026-01-08T19:45:55","modified_gmt":"2026-01-08T19:45:55","slug":"kundalini-sv","status":"publish","type":"page","link":"https:\/\/shrimataji.org\/test\/sv\/kundalini-sv\/","title":{"rendered":"Kundalini SV"},"content":{"rendered":"\n\n\t<h1>Kundalini<\/h1>\n<h2>Evolution\u00e4r kraft av k\u00e4rlek<\/h2>\n\t<div class=\"su-quote su-quote-style-default\"><div class=\"su-quote-inner su-u-clearfix su-u-trim\">Jag s\u00e5g den ursprungliga Kundalini stiga upp som en stor ugn, och ugnen var v\u00e4ldigt tyst men den hade ett brinnande utseende: som om man v\u00e4rmer upp lite metall och den har m\u00e5nga f\u00e4rger, p\u00e5 samma s\u00e4tt d\u00f6k Kundalini upp som en enorm ugn, man kan s\u00e4ga en ugn som \u00e4r som en tunnel, d\u00e4r du ser de h\u00e4r anl\u00e4ggningarna f\u00f6r kolbr\u00e4nning f\u00f6r att skapa elektricitet, och den str\u00e4ckte sig som ett teleskop en efter en, den kom ut &#8211; skjut, skjut, skjut &#8211; s\u00e5 d\u00e4r.<\/div><\/div>\n\t<h4>Shri Matajis medf\u00f6dda andliga upplevelse av Kundalinis uppvaknande och dess invecklade funktion i v\u00e5rt subtila system blev grunden f\u00f6r Sahaja Yoga-meditation, som hon spred till hela v\u00e4rlden. Som en absolut m\u00e4stare och auktoritet inom detta omr\u00e5de beskriver hon i detalj hur Kundalini kommer in i ett mycket tidigt skede av fosterbildningen, dess gudomliga natur och sk\u00e4len till varf\u00f6r denna kraftfulla gudomliga k\u00e4rlekskraft respekterar v\u00e5r frihet och inte st\u00f6r v\u00e5r fria vilja.<\/h4>\n<p>Endast v\u00e5r rena \u00f6nskan att uppleva den absoluta sanningen utl\u00f6ser uppvaknandet av denna andliga kraft i v\u00e5r medvetenhet och leder till v\u00e5r sj\u00e4lvupplysning.<\/p>\n\t<p>I varje m\u00e4nniska finns denna subtila, feminina arketypiska form av andlig energi som finns i korsbenet, det stora, triangul\u00e4ra benet l\u00e4ngst ner p\u00e5 ryggraden. Denna feminina energi \u00e4r k\u00e4nd p\u00e5 sanskrit som Kundalini, vilket betyder lindad eftersom den \u00e4r ihoprullad i tre och en halv spiraler. N\u00e4r Kundalini v\u00e4cks stiger den upp genom ryggraden och passerar genom v\u00e5ra energicentra &#8211; <a href=\"https:\/\/shrimataji.org\/test\/sv\/chakran-och-egenskaper\/\">Chakran<\/a>, och kommer ut ur fontanelomr\u00e5det, den del av huvudet som \u00e4r mjuk hos sp\u00e4dbarn. N\u00e4r Kundalini passerar genom detta omr\u00e5de upplever vi det som en mild sval bris, som om den str\u00f6mmar ut ur en font\u00e4n. Intressant nog kommer namnet fontanel fr\u00e5n det gamla franska ordet fontanelle, som betyder &#8220;liten font\u00e4n&#8221;.<\/p>\n<p>Kundalini \u00e4r en \u00e5terspegling av den eviga kraften i Guds k\u00e4rlek, k\u00e4llan till hela skapelsen. Det \u00e4r den universella kraften som t\u00e4nker, f\u00f6rst\u00e5r, koordinerar, arbetar tillsammans och utvecklar allt i ett harmoniskt m\u00f6nster, fr\u00e5n de minsta atompartiklarna till encelliga livsformer.<\/p>\n\t\t\t\t<a href=\"https:\/\/shrimataji.org\/test\/wp-content\/uploads\/2023\/02\/1a-Kundalini-01.png\"  target=\"_blank\" rel=\"noopener\"  itemprop=\"url\">\n\t\t\t\t<img decoding=\"async\" src=\"https:\/\/shrimataji.org\/test\/wp-content\/uploads\/2023\/02\/1a-Kundalini-01.png\" alt=\"1a-Kundalini-01\" itemprop=\"image\" height=\"3426\" width=\"3214\" title=\"1a-Kundalini-01\" onerror=\"this.style.display='none'\" loading=\"lazy\" \/>\n\t\t\t\t<\/a>\n\t\t\t\t<img decoding=\"async\" src=\"https:\/\/shrimataji.org\/test\/wp-content\/uploads\/2023\/02\/Sacrum-1-scaled.jpg\" alt=\"Sacrum\" itemprop=\"image\" height=\"2225\" width=\"2560\" title=\"Sacrum\" onerror=\"this.style.display='none'\" loading=\"lazy\" \/>\n\t<p>Shri Mataji p\u00e5pekade att \u00e4ven om kunskapen om Kundalini har h\u00e5llits hemlig i vissa sekter av yogatraditioner, s\u00e5som Natha Panthis, finns det rikliga referenser till aspekten av Kundalini i m\u00e5nga antika kulturer och traditioner. Dessa inkluderar ur\u00e5ldriga referenser till det triangul\u00e4ra benet i slutet av ryggraden d\u00e4r Kundalini bor, kallat &#8220;Os Sacrum&#8221;, vilket betyder heligt och h\u00e4rleddes som en direkt \u00f6vers\u00e4ttning fr\u00e5n det \u00e4ldre grekiska &#8220;Hieron osteon&#8221;. Det finns ocks\u00e5 referenser till forntida egyptisk kultur, som ans\u00e5g att detta ben var heligt f\u00f6r Osiris, guden f\u00f6r uppst\u00e5ndelse och jordbruk. Man hittar ocks\u00e5 en h\u00e4nvisning till detta heliga ben i Bibeln i Psaltaren 34:20 &#8220;Han skyddar alla sina ben, inte ett av dem \u00e4r brutet.&#8221; Caduceus som blev en symbol f\u00f6r alkemi och farmaci i det medeltida Europa visar tv\u00e5 ormar som lindar sig sju varv uppf\u00f6r en stolpe. M\u00e5nga antika konstverk skildrar Kundalinis tre och en halva spiralform. Allt detta tyder p\u00e5 att m\u00e4nniskor genom historien omedvetet har styrts av denna subtila kraft.<\/p>\n\t<div class=\"epyt-video-wrapper\"><div  data-ep-a=\"fadeIn\"  style=\"display: block; margin: 0px auto;\"  id=\"_ytid_86965\"  width=\"3840\" height=\"2160\"  data-origwidth=\"3840\" data-origheight=\"2160\" data-facadesrc=\"https:\/\/www.youtube.com\/embed\/d9vKBI_X_QY?enablejsapi=1&autoplay=0&cc_load_policy=0&cc_lang_pref=&iv_load_policy=1&loop=0&rel=0&fs=1&playsinline=1&autohide=2&theme=dark&color=red&controls=1&disablekb=0&\" class=\"__youtube_prefs__ epyt-facade  no-lazyload\" data-epautoplay=\"1\" ><img decoding=\"async\" data-spai-excluded=\"true\" class=\"epyt-facade-poster skip-lazy\" loading=\"lazy\"  alt=\"YouTube player\"  src=\"https:\/\/i.ytimg.com\/vi\/d9vKBI_X_QY\/maxresdefault.jpg\"  \/><button class=\"epyt-facade-play\" aria-label=\"Play\"><svg data-no-lazy=\"1\" height=\"100%\" version=\"1.1\" viewBox=\"0 0 68 48\" width=\"100%\"><path class=\"ytp-large-play-button-bg\" d=\"M66.52,7.74c-0.78-2.93-2.49-5.41-5.42-6.19C55.79,.13,34,0,34,0S12.21,.13,6.9,1.55 C3.97,2.33,2.27,4.81,1.48,7.74C0.06,13.05,0,24,0,24s0.06,10.95,1.48,16.26c0.78,2.93,2.49,5.41,5.42,6.19 C12.21,47.87,34,48,34,48s21.79-0.13,27.1-1.55c2.93-0.78,4.64-3.26,5.42-6.19C67.94,34.95,68,24,68,24S67.94,13.05,66.52,7.74z\" fill=\"#f00\"><\/path><path d=\"M 45,24 27,14 27,34\" fill=\"#fff\"><\/path><\/svg><\/button><\/div><\/div><span itemprop=\"video\" itemscope itemtype=\"http:\/\/schema.org\/VideoObject\"><meta itemprop=\"embedUrl\" content=\"https:\/\/www.youtube.com\/embed\/d9vKBI_X_QY\"><meta itemprop=\"name\" content=\"Kundalini, the pure desire\"><meta itemprop=\"description\" content=\"YouTube video\"><meta itemprop=\"thumbnailUrl\" content=\"https:\/\/i.ytimg.com\/vi\/d9vKBI_X_QY\/0.jpg\"><meta itemprop=\"duration\" content=\"PT3M57S\"><meta itemprop=\"uploadDate\" content=\"2022-11-12T03:31:46Z\"><\/span>\n\t<p>Shri Mataji klargjorde m\u00e5nga falska begrepp om att uppvaknandet av Kundalini \u00e4r farligt eller skadligt. Hon gav en tydlig analogi till Kundalini som v\u00e5r egen medf\u00f6dda andliga mor som f\u00f6ljer med p\u00e5 v\u00e5rt livs resa, genom m\u00e5nga f\u00f6dslar och t\u00e5lmodigt v\u00e4ntar tills vi \u00f6nskar att f\u00e5 v\u00e5r sj\u00e4lvupplysning. Inte hos n\u00e5gon naturlig art p\u00e5 jorden h\u00e4nder det att en mamma skadar sitt eget barn. Det \u00e4r snarare mamman som skyddar, v\u00e5rdar och st\u00f6ttar barnet s\u00e5 att det kan n\u00e5 sin fulla evolution\u00e4ra potential.<\/p>\n<h5>&#8220;Forml\u00f6s men \u00e4nd\u00e5 komplett, existerande inf\u00f6r himmel och jord. Tyst och obegr\u00e4nsad, ensam och of\u00f6r\u00e4nderlig. Genomtr\u00e4ngande \u00f6verallt, men \u00e4nd\u00e5 outtr\u00f6ttlig. Den \u00e4r Moder till allt under himlen. Jag vet inte dess namn s\u00e5 jag kallar den Tao.&#8221;<\/h5>\n<h5>Lao Tzu &#8211; Tao Te King<\/h5>\n<p>Denna mystiska upplevelse av Kundalini beskrevs av m\u00e5nga indiska helgon som Adi Shankaracharya (700 e.Kr.), Kabir (1400 e.Kr.) och Jnanadeva (1200 e.Kr.) bland andra.<\/p>\n<p>Kundalinienergin befinner sig i allm\u00e4nhet i ett sovande tillst\u00e5nd. Syftet med sj\u00e4lvupplysningen \u00e4r att v\u00e4cka denna energi s\u00e5 att dess egenskaper manifesteras. Den kan v\u00e4ckas genom v\u00e5r kraft av rent beg\u00e4r &#8211; \u00f6nskan att l\u00e4ra k\u00e4nna v\u00e5rt sanna jag, v\u00e5r Ande. V\u00e5rt sanna jag \u00e4r ofta dolt f\u00f6r oss av v\u00e5ra egna tankar och k\u00e4nslor, men n\u00e4r Kundalini stiger f\u00f6r den oss spontant in i ett tillst\u00e5nd av meditation som till\u00e5ter v\u00e5r rena ande att manifesteras i v\u00e5r tysta uppm\u00e4rksamhet. P\u00e5 s\u00e5 vis kan vi l\u00f6sg\u00f6ra oss fr\u00e5n dessa tankar och k\u00e4nslor f\u00f6r att uppleva den rena gl\u00e4dje och frid som finns f\u00f6r evigt inom oss alla.<\/p>\n<h5>&#8220;Att v\u00e4nda sig bort fr\u00e5n materialism&#8230; Jag har g\u00e5tt in i sinnets himmel och \u00f6ppnat den tionde porten. Chakran f\u00f6r den hoprullade Kundalini-energin har \u00f6ppnats, och jag har m\u00f6tt min suver\u00e4ne Konung utan r\u00e4dsla&#8221;<\/h5>\n<h5>Sant Kabir<\/h5>\n<p>Effekterna av Kundalini kan k\u00e4nnas p\u00e5 det subtila systemet, representerat p\u00e5 fysisk niv\u00e5 som det centrala nervsystemet. N\u00e4r Kundalini stiger passerar den genom chakran som motsvarar nervplexus l\u00e4ngs v\u00e5r ryggrad. Shri Mataji f\u00f6rklarade att v\u00e5r Kundalini kan f\u00f6rest\u00e4llas som ett rep med miljontals tr\u00e5dar. N\u00e4r vi f\u00f6rst f\u00e5r v\u00e5r sj\u00e4lvupplysning hittar bara en eller tv\u00e5 tr\u00e5dar v\u00e4gen genom alla chakran f\u00f6r att n\u00e5 Sahasrara vid toppen av huvudet. Med daglig meditation stiger fler och fler tr\u00e5dar av Kundalini, vilket st\u00e4rker v\u00e5r koppling till upplevelsen av meditation, som f\u00f6rdjupas, blir mer djupg\u00e5ende och lycklig.<\/p>\n<div class=\"su-quote su-quote-style-default\"><div class=\"su-quote-inner su-u-clearfix su-u-trim\">S\u00e5, hur tar du bort tanken fr\u00e5n ditt sinne \u00e4r problemet. Tankar finns i ditt sinne hela tiden&#8230; men n\u00e4r Kundalini stiger, d\u00e5 h\u00e4nder det att dessa tankar blir utdragna&#8230; och det finns ett mellanrum mellan tankarna och det \u00e4r i detta mellanrum vi hittar v\u00e5r frid. Om du uppn\u00e5r den friden kan v\u00e4rldsfred uppn\u00e5s. Genom att bara ta plakat, genom att ropa efter fred, kan du inte uppr\u00e4tta fred. Fred m\u00e5ste komma fr\u00e5n m\u00e4nniskors hj\u00e4rtan. I m\u00e4nniskors hj\u00e4rtan kan fred endast etableras n\u00e4r du etablerar Anden i dess k\u00e4rna, d\u00e4r den manifesterar fridens salighet. N\u00e4r du b\u00f6rjar njuta av fredens lycka vill du inte ha krig, du t\u00e4nker inte p\u00e5 ett krig och det \u00e4r det tillst\u00e5nd som m\u00e4nniskorna nu m\u00e5ste resa sig och ta sig till.<\/div><\/div>\n\n","protected":false},"excerpt":{"rendered":"<p>Kundalini Evolution\u00e4r kraft av k\u00e4rlek Shri Matajis medf\u00f6dda andliga upplevelse av Kundalinis uppvaknande och dess invecklade funktion i v\u00e5rt subtila system blev grunden f\u00f6r Sahaja Yoga-meditation, som hon spred till hela v\u00e4rlden. Som en absolut m\u00e4stare och auktoritet inom detta omr\u00e5de beskriver hon i detalj hur Kundalini kommer in i ett mycket tidigt skede av&hellip; <br \/> <a class=\"read-more\" href=\"https:\/\/shrimataji.org\/test\/sv\/kundalini-sv\/\">Read more<\/a><\/p>\n","protected":false},"author":1,"featured_media":23017,"parent":0,"menu_order":0,"comment_status":"closed","ping_status":"closed","template":"","meta":{"inline_featured_image":false,"footnotes":"","advanced-sidebar-menu\/link-title":"","advanced-sidebar-menu\/exclude-page":false},"class_list":["post-23016","page","type-page","status-publish","has-post-thumbnail","hentry"],"yoast_head":"<!-- This site is optimized with the Yoast SEO plugin v27.6 - https:\/\/yoast.com\/product\/yoast-seo-wordpress\/ -->\n<title>Kundalini SV - TEST - SMND<\/title>\n<meta name=\"robots\" content=\"noindex, follow, max-snippet:-1, max-image-preview:large, max-video-preview:-1\" \/>\n<meta property=\"og:locale\" content=\"en_US\" \/>\n<meta property=\"og:type\" content=\"article\" \/>\n<meta property=\"og:title\" content=\"Kundalini SV - TEST - SMND\" \/>\n<meta property=\"og:description\" content=\"Kundalini Evolution\u00e4r kraft av k\u00e4rlek Shri Matajis medf\u00f6dda andliga upplevelse av Kundalinis uppvaknande och dess invecklade funktion i v\u00e5rt subtila system blev grunden f\u00f6r Sahaja Yoga-meditation, som hon spred till hela v\u00e4rlden. Som en absolut m\u00e4stare och auktoritet inom detta omr\u00e5de beskriver hon i detalj hur Kundalini kommer in i ett mycket tidigt skede av&hellip; Read more\" \/>\n<meta property=\"og:url\" content=\"https:\/\/shrimataji.org\/test\/sv\/kundalini-sv\/\" \/>\n<meta property=\"og:site_name\" content=\"TEST - SMND\" \/>\n<meta property=\"article:publisher\" content=\"https:\/\/www.facebook.com\/shrimataji\" \/>\n<meta property=\"article:modified_time\" content=\"2026-01-08T19:45:55+00:00\" \/>\n<meta property=\"og:image\" content=\"https:\/\/shrimataji.org\/test\/wp-content\/uploads\/2023\/03\/9_Banner-SY-Kundalini-scaled.jpg\" \/>\n\t<meta property=\"og:image:width\" content=\"2560\" \/>\n\t<meta property=\"og:image:height\" content=\"905\" \/>\n\t<meta property=\"og:image:type\" content=\"image\/jpeg\" \/>\n<meta name=\"twitter:card\" content=\"summary_large_image\" \/>\n<meta name=\"twitter:site\" content=\"@shrimataji\" \/>\n<meta name=\"twitter:label1\" content=\"Est. reading time\" \/>\n\t<meta name=\"twitter:data1\" content=\"6 minutes\" \/>\n<script type=\"application\/ld+json\" class=\"yoast-schema-graph\">{\"@context\":\"https:\\\/\\\/schema.org\",\"@graph\":[{\"@type\":\"WebPage\",\"@id\":\"https:\\\/\\\/shrimataji.org\\\/test\\\/sv\\\/kundalini-sv\\\/\",\"url\":\"https:\\\/\\\/shrimataji.org\\\/test\\\/sv\\\/kundalini-sv\\\/\",\"name\":\"Kundalini SV - TEST - SMND\",\"isPartOf\":{\"@id\":\"https:\\\/\\\/shrimataji.org\\\/test\\\/#website\"},\"primaryImageOfPage\":{\"@id\":\"https:\\\/\\\/shrimataji.org\\\/test\\\/sv\\\/kundalini-sv\\\/#primaryimage\"},\"image\":{\"@id\":\"https:\\\/\\\/shrimataji.org\\\/test\\\/sv\\\/kundalini-sv\\\/#primaryimage\"},\"thumbnailUrl\":\"https:\\\/\\\/shrimataji.org\\\/test\\\/wp-content\\\/uploads\\\/2023\\\/03\\\/9_Banner-SY-Kundalini-scaled.jpg\",\"datePublished\":\"2022-01-29T10:17:23+00:00\",\"dateModified\":\"2026-01-08T19:45:55+00:00\",\"breadcrumb\":{\"@id\":\"https:\\\/\\\/shrimataji.org\\\/test\\\/sv\\\/kundalini-sv\\\/#breadcrumb\"},\"inLanguage\":\"en-US\",\"potentialAction\":[{\"@type\":\"ReadAction\",\"target\":[\"https:\\\/\\\/shrimataji.org\\\/test\\\/sv\\\/kundalini-sv\\\/\"]}]},{\"@type\":\"ImageObject\",\"inLanguage\":\"en-US\",\"@id\":\"https:\\\/\\\/shrimataji.org\\\/test\\\/sv\\\/kundalini-sv\\\/#primaryimage\",\"url\":\"https:\\\/\\\/shrimataji.org\\\/test\\\/wp-content\\\/uploads\\\/2023\\\/03\\\/9_Banner-SY-Kundalini-scaled.jpg\",\"contentUrl\":\"https:\\\/\\\/shrimataji.org\\\/test\\\/wp-content\\\/uploads\\\/2023\\\/03\\\/9_Banner-SY-Kundalini-scaled.jpg\",\"width\":2560,\"height\":905},{\"@type\":\"BreadcrumbList\",\"@id\":\"https:\\\/\\\/shrimataji.org\\\/test\\\/sv\\\/kundalini-sv\\\/#breadcrumb\",\"itemListElement\":[{\"@type\":\"ListItem\",\"position\":1,\"name\":\"Home\",\"item\":\"https:\\\/\\\/shrimataji.org\\\/test\\\/uk\\\/home-en\\\/\"},{\"@type\":\"ListItem\",\"position\":2,\"name\":\"Kundalini SV\"}]},{\"@type\":\"WebSite\",\"@id\":\"https:\\\/\\\/shrimataji.org\\\/test\\\/#website\",\"url\":\"https:\\\/\\\/shrimataji.org\\\/test\\\/\",\"name\":\"Shri Mataji Nirmala Devi\",\"description\":\"A Life Dedicated to Humanity\",\"publisher\":{\"@id\":\"https:\\\/\\\/shrimataji.org\\\/test\\\/#\\\/schema\\\/person\\\/a1b3419c6585f164aa96da1ff85715d1\"},\"potentialAction\":[{\"@type\":\"SearchAction\",\"target\":{\"@type\":\"EntryPoint\",\"urlTemplate\":\"https:\\\/\\\/shrimataji.org\\\/test\\\/?s={search_term_string}\"},\"query-input\":{\"@type\":\"PropertyValueSpecification\",\"valueRequired\":true,\"valueName\":\"search_term_string\"}}],\"inLanguage\":\"en-US\"},{\"@type\":[\"Person\",\"Organization\"],\"@id\":\"https:\\\/\\\/shrimataji.org\\\/test\\\/#\\\/schema\\\/person\\\/a1b3419c6585f164aa96da1ff85715d1\",\"name\":\"Nirmala Shrivastava\",\"image\":{\"@type\":\"ImageObject\",\"inLanguage\":\"en-US\",\"@id\":\"https:\\\/\\\/shrimataji.org\\\/test\\\/wp-content\\\/uploads\\\/2023\\\/02\\\/SMO_LOGO-03.svg\",\"url\":\"https:\\\/\\\/shrimataji.org\\\/test\\\/wp-content\\\/uploads\\\/2023\\\/02\\\/SMO_LOGO-03.svg\",\"contentUrl\":\"https:\\\/\\\/shrimataji.org\\\/test\\\/wp-content\\\/uploads\\\/2023\\\/02\\\/SMO_LOGO-03.svg\",\"width\":\"1024\",\"height\":\"1024\",\"caption\":\"Nirmala Shrivastava\"},\"logo\":{\"@id\":\"https:\\\/\\\/shrimataji.org\\\/test\\\/wp-content\\\/uploads\\\/2023\\\/02\\\/SMO_LOGO-03.svg\"},\"sameAs\":[\"https:\\\/\\\/shrimataji.org\\\/test\",\"https:\\\/\\\/www.facebook.com\\\/shrimataji\",\"https:\\\/\\\/x.com\\\/shrimataji\",\"https:\\\/\\\/www.youtube.com\\\/@Shri_Mataji_Nirmala_Devi\\\/featured\"]}]}<\/script>\n<!-- \/ Yoast SEO plugin. -->","yoast_head_json":{"title":"Kundalini SV - TEST - SMND","robots":{"index":"noindex","follow":"follow","max-snippet":"max-snippet:-1","max-image-preview":"max-image-preview:large","max-video-preview":"max-video-preview:-1"},"og_locale":"en_US","og_type":"article","og_title":"Kundalini SV - TEST - SMND","og_description":"Kundalini Evolution\u00e4r kraft av k\u00e4rlek Shri Matajis medf\u00f6dda andliga upplevelse av Kundalinis uppvaknande och dess invecklade funktion i v\u00e5rt subtila system blev grunden f\u00f6r Sahaja Yoga-meditation, som hon spred till hela v\u00e4rlden. Som en absolut m\u00e4stare och auktoritet inom detta omr\u00e5de beskriver hon i detalj hur Kundalini kommer in i ett mycket tidigt skede av&hellip; Read more","og_url":"https:\/\/shrimataji.org\/test\/sv\/kundalini-sv\/","og_site_name":"TEST - SMND","article_publisher":"https:\/\/www.facebook.com\/shrimataji","article_modified_time":"2026-01-08T19:45:55+00:00","og_image":[{"width":2560,"height":905,"url":"https:\/\/shrimataji.org\/test\/wp-content\/uploads\/2023\/03\/9_Banner-SY-Kundalini-scaled.jpg","type":"image\/jpeg"}],"twitter_card":"summary_large_image","twitter_site":"@shrimataji","twitter_misc":{"Est. reading time":"6 minutes"},"schema":{"@context":"https:\/\/schema.org","@graph":[{"@type":"WebPage","@id":"https:\/\/shrimataji.org\/test\/sv\/kundalini-sv\/","url":"https:\/\/shrimataji.org\/test\/sv\/kundalini-sv\/","name":"Kundalini SV - TEST - SMND","isPartOf":{"@id":"https:\/\/shrimataji.org\/test\/#website"},"primaryImageOfPage":{"@id":"https:\/\/shrimataji.org\/test\/sv\/kundalini-sv\/#primaryimage"},"image":{"@id":"https:\/\/shrimataji.org\/test\/sv\/kundalini-sv\/#primaryimage"},"thumbnailUrl":"https:\/\/shrimataji.org\/test\/wp-content\/uploads\/2023\/03\/9_Banner-SY-Kundalini-scaled.jpg","datePublished":"2022-01-29T10:17:23+00:00","dateModified":"2026-01-08T19:45:55+00:00","breadcrumb":{"@id":"https:\/\/shrimataji.org\/test\/sv\/kundalini-sv\/#breadcrumb"},"inLanguage":"en-US","potentialAction":[{"@type":"ReadAction","target":["https:\/\/shrimataji.org\/test\/sv\/kundalini-sv\/"]}]},{"@type":"ImageObject","inLanguage":"en-US","@id":"https:\/\/shrimataji.org\/test\/sv\/kundalini-sv\/#primaryimage","url":"https:\/\/shrimataji.org\/test\/wp-content\/uploads\/2023\/03\/9_Banner-SY-Kundalini-scaled.jpg","contentUrl":"https:\/\/shrimataji.org\/test\/wp-content\/uploads\/2023\/03\/9_Banner-SY-Kundalini-scaled.jpg","width":2560,"height":905},{"@type":"BreadcrumbList","@id":"https:\/\/shrimataji.org\/test\/sv\/kundalini-sv\/#breadcrumb","itemListElement":[{"@type":"ListItem","position":1,"name":"Home","item":"https:\/\/shrimataji.org\/test\/uk\/home-en\/"},{"@type":"ListItem","position":2,"name":"Kundalini SV"}]},{"@type":"WebSite","@id":"https:\/\/shrimataji.org\/test\/#website","url":"https:\/\/shrimataji.org\/test\/","name":"Shri Mataji Nirmala Devi","description":"A Life Dedicated to Humanity","publisher":{"@id":"https:\/\/shrimataji.org\/test\/#\/schema\/person\/a1b3419c6585f164aa96da1ff85715d1"},"potentialAction":[{"@type":"SearchAction","target":{"@type":"EntryPoint","urlTemplate":"https:\/\/shrimataji.org\/test\/?s={search_term_string}"},"query-input":{"@type":"PropertyValueSpecification","valueRequired":true,"valueName":"search_term_string"}}],"inLanguage":"en-US"},{"@type":["Person","Organization"],"@id":"https:\/\/shrimataji.org\/test\/#\/schema\/person\/a1b3419c6585f164aa96da1ff85715d1","name":"Nirmala Shrivastava","image":{"@type":"ImageObject","inLanguage":"en-US","@id":"https:\/\/shrimataji.org\/test\/wp-content\/uploads\/2023\/02\/SMO_LOGO-03.svg","url":"https:\/\/shrimataji.org\/test\/wp-content\/uploads\/2023\/02\/SMO_LOGO-03.svg","contentUrl":"https:\/\/shrimataji.org\/test\/wp-content\/uploads\/2023\/02\/SMO_LOGO-03.svg","width":"1024","height":"1024","caption":"Nirmala Shrivastava"},"logo":{"@id":"https:\/\/shrimataji.org\/test\/wp-content\/uploads\/2023\/02\/SMO_LOGO-03.svg"},"sameAs":["https:\/\/shrimataji.org\/test","https:\/\/www.facebook.com\/shrimataji","https:\/\/x.com\/shrimataji","https:\/\/www.youtube.com\/@Shri_Mataji_Nirmala_Devi\/featured"]}]}},"lang":"sv","translations":{"sv":23016,"am":18025,"th":19981,"hu":19505,"be":6401,"sq":18426,"zh":17323,"hi":8293,"tr":10175,"pt":10387,"de":10661,"fr":10759,"it":10857,"es":10954,"ja":11251,"ru":11439,"bn":11631,"te":11739,"sw":11862,"he":12010,"el":12302,"sk":12400,"fa":12498,"fi":12596,"bg":13390,"ro":14464,"cs":14657,"nl":16586,"ku":16746,"ar":16922,"kn":18907,"mr":20345,"uk":20637,"ml":20932,"ta":22744,"gu":28858,"pa":29018},"pll_sync_post":{},"_links":{"self":[{"href":"https:\/\/shrimataji.org\/test\/wp-json\/wp\/v2\/pages\/23016","targetHints":{"allow":["GET"]}}],"collection":[{"href":"https:\/\/shrimataji.org\/test\/wp-json\/wp\/v2\/pages"}],"about":[{"href":"https:\/\/shrimataji.org\/test\/wp-json\/wp\/v2\/types\/page"}],"author":[{"embeddable":true,"href":"https:\/\/shrimataji.org\/test\/wp-json\/wp\/v2\/users\/1"}],"replies":[{"embeddable":true,"href":"https:\/\/shrimataji.org\/test\/wp-json\/wp\/v2\/comments?post=23016"}],"version-history":[{"count":0,"href":"https:\/\/shrimataji.org\/test\/wp-json\/wp\/v2\/pages\/23016\/revisions"}],"wp:featuredmedia":[{"embeddable":true,"href":"https:\/\/shrimataji.org\/test\/wp-json\/wp\/v2\/media\/23017"}],"wp:attachment":[{"href":"https:\/\/shrimataji.org\/test\/wp-json\/wp\/v2\/media?parent=23016"}],"curies":[{"name":"wp","href":"https:\/\/api.w.org\/{rel}","templated":true}]}}