{"id":23020,"date":"2017-08-11T05:00:00","date_gmt":"2017-08-11T05:00:00","guid":{"rendered":"http:\/\/testwordpress.nirmalnagari.org\/smnd\/index.php\/legacy\/"},"modified":"2025-04-25T12:23:12","modified_gmt":"2025-04-25T12:23:12","slug":"arv","status":"publish","type":"page","link":"https:\/\/shrimataji.org\/test\/sv\/arv\/","title":{"rendered":"Arv"},"content":{"rendered":"\n\n\t<h1>Arv<\/h1>\n<h2>F\u00f6rvandling &#8211; fr\u00e5n individ till samh\u00e4lle<\/h2>\n\t<h4>Det finns b\u00f6cker och skolor, kurser och h\u00e4lsocenter, en akademi f\u00f6r konst och musik och till och med ett hem f\u00f6r fattiga, men arvet efter Shri Mataji inneh\u00e5ller mycket mer.<\/h4>\n<p>Inget enskilt monument eller icke-statlig organisation kan visa det sanna arvet efter Shri Mataji Nirmala Devi, det st\u00e5r \u00f6ver alla dessa saker.<\/p>\n<p>Vad Shri Mataji gav v\u00e4rlden \u00e4r inte en filosofi, doktrin eller ens ett trossystem, det \u00e4r n\u00e5got helt unikt: Sj\u00e4lvupplysning. Detta andliga uppvaknande \u00e4r n\u00e5got som bokstavligen har kapaciteten att f\u00f6r\u00e4ndra v\u00e4rlden.<\/p>\nTill skillnad fr\u00e5n de flesta recept f\u00f6r f\u00f6r\u00e4ndring b\u00f6rjar detta med individens intima och v\u00e4xande sj\u00e4lvmedvetenhet. Den gnistan av andligt erk\u00e4nnande \u00e4r Shri Matajis arv till v\u00e4rlden.<br \/>\nGenom sitt arbete skapade hon en global gemenskap av Sahaja Yoga-ut\u00f6vare i \u00f6ver 100 l\u00e4nder, alla f\u00f6renade av viljan att f\u00f6r\u00e4ndra sig sj\u00e4lva, och p\u00e5 s\u00e5 s\u00e4tt skapa m\u00f6jlighet till f\u00f6r\u00e4ndring i ett st\u00f6rre perspektiv.\n\t\t\t\t<img loading=\"lazy\" decoding=\"async\" src=\"https:\/\/shrimataji.org\/test\/wp-content\/uploads\/2024\/12\/sv_shri-mataji-nirmala-devi-in-daglio-italy-7th-july-2007.jpg\" alt=\"Shri Mataji \u00e4r i Daglio (Norra Italien, 2007)\" itemprop=\"image\" height=\"1800\" width=\"1200\" title=\"sv_shri-mataji-nirmala-devi-in-daglio-italy-7th-july-2007\" onerror=\"this.style.display='none'\"  \/>\n\t\tShri Mataji \u00e4r i Daglio (Norra Italien, 2007)\n\t<p>Hennes vision l\u00e5g inte i att skapa institutioner eller r\u00f6relser, ist\u00e4llet var hennes budskap fokuserat p\u00e5 individen, Jaget. Hon l\u00e4rde v\u00e4rlden att vi endast kan l\u00f6sa globala problem genom sann individuell och kollektiv andlighet. Hon insisterade ocks\u00e5 p\u00e5 individens frihet &#8211; det finns ingen dogm eller doktrin i Sahaja Yoga, bara en upplyst medvetenhet om vad som \u00e4r l\u00e4mpligt f\u00f6r ens andliga utveckling.<\/p>\n<p>&#8220;Att g\u00f6ra dem utrustade att l\u00f6sa sina egna problem, det \u00e4r vad jag m\u00e5ste g\u00f6ra&#8230; Du m\u00e5ste vara din egen l\u00e4kare. Du m\u00e5ste vara din egen guru.&#8221;<\/p>\n<p>Genom att utl\u00f6sa en p\u00e5taglig f\u00f6r\u00e4ndring hos individen genom uppvaknandet av Kundalini och den efterf\u00f6ljande meditationen, l\u00e4rde hon v\u00e4rlden hur man uppn\u00e5r en h\u00f6gre ambition \u00e4n bara materiell framg\u00e5ng eller makt. &#8220;Vi m\u00e5ste uppn\u00e5 frid inom oss,&#8221; r\u00e5dde hon. &#8220;F\u00f6rs\u00f6k att meditera. Meditera s\u00e5 att du n\u00e5r ditt inre. Detta inre \u00e4r ett stort hav av lycka!&#8221;<\/p>\n\t<div class=\"su-quote su-quote-style-default\"><div class=\"su-quote-inner su-u-clearfix su-u-trim\">Vi m\u00e5ste visa resultaten av Kundalini-uppvaknandet&#8230; Det \u00e4r f\u00f6r hela v\u00e4rlden. Det \u00e4r min vision.<\/div><\/div>\n\t<p>Hennes arv av transformation genom sj\u00e4lvupplysning forts\u00e4tter att ber\u00f6ra livet f\u00f6r miljontals m\u00e4nniskor som genom ut\u00f6vandet av Sahaja Yoga-meditation uppn\u00e5r sann inre frid och absolut frihet att leva i harmoni med varandra och Moder Jord.<\/p>\n\n","protected":false},"excerpt":{"rendered":"<p>Arv F\u00f6rvandling &#8211; fr\u00e5n individ till samh\u00e4lle Det finns b\u00f6cker och skolor, kurser och h\u00e4lsocenter, en akademi f\u00f6r konst och musik och till och med ett hem f\u00f6r fattiga, men arvet efter Shri Mataji inneh\u00e5ller mycket mer. Inget enskilt monument eller icke-statlig organisation kan visa det sanna arvet efter Shri Mataji Nirmala Devi, det st\u00e5r&hellip; <br \/> <a class=\"read-more\" href=\"https:\/\/shrimataji.org\/test\/sv\/arv\/\">Read more<\/a><\/p>\n","protected":false},"author":58,"featured_media":23021,"parent":0,"menu_order":0,"comment_status":"closed","ping_status":"closed","template":"","meta":{"inline_featured_image":false,"footnotes":""},"class_list":["post-23020","page","type-page","status-publish","has-post-thumbnail","hentry"],"yoast_head":"<!-- This site is optimized with the Yoast SEO plugin v27.4 - https:\/\/yoast.com\/product\/yoast-seo-wordpress\/ -->\n<title>Arv - TEST - SMND<\/title>\n<meta name=\"robots\" content=\"noindex, follow, max-snippet:-1, max-image-preview:large, max-video-preview:-1\" \/>\n<meta property=\"og:locale\" content=\"en_US\" \/>\n<meta property=\"og:type\" content=\"article\" \/>\n<meta property=\"og:title\" content=\"Arv - TEST - SMND\" \/>\n<meta property=\"og:description\" content=\"Arv F\u00f6rvandling &#8211; fr\u00e5n individ till samh\u00e4lle Det finns b\u00f6cker och skolor, kurser och h\u00e4lsocenter, en akademi f\u00f6r konst och musik och till och med ett hem f\u00f6r fattiga, men arvet efter Shri Mataji inneh\u00e5ller mycket mer. Inget enskilt monument eller icke-statlig organisation kan visa det sanna arvet efter Shri Mataji Nirmala Devi, det st\u00e5r&hellip; Read more\" \/>\n<meta property=\"og:url\" content=\"https:\/\/shrimataji.org\/test\/sv\/arv\/\" \/>\n<meta property=\"og:site_name\" content=\"TEST - SMND\" \/>\n<meta property=\"article:publisher\" content=\"https:\/\/www.facebook.com\/shrimataji\" \/>\n<meta property=\"article:modified_time\" content=\"2025-04-25T12:23:12+00:00\" \/>\n<meta property=\"og:image\" content=\"https:\/\/shrimataji.org\/test\/wp-content\/uploads\/2024\/05\/teaching.jpg\" \/>\n\t<meta property=\"og:image:width\" content=\"1021\" \/>\n\t<meta property=\"og:image:height\" content=\"360\" \/>\n\t<meta property=\"og:image:type\" content=\"image\/jpeg\" \/>\n<meta name=\"twitter:card\" content=\"summary_large_image\" \/>\n<meta name=\"twitter:site\" content=\"@shrimataji\" \/>\n<script type=\"application\/ld+json\" class=\"yoast-schema-graph\">{\"@context\":\"https:\\\/\\\/schema.org\",\"@graph\":[{\"@type\":\"WebPage\",\"@id\":\"https:\\\/\\\/shrimataji.org\\\/test\\\/sv\\\/arv\\\/\",\"url\":\"https:\\\/\\\/shrimataji.org\\\/test\\\/sv\\\/arv\\\/\",\"name\":\"Arv - TEST - SMND\",\"isPartOf\":{\"@id\":\"https:\\\/\\\/shrimataji.org\\\/test\\\/#website\"},\"primaryImageOfPage\":{\"@id\":\"https:\\\/\\\/shrimataji.org\\\/test\\\/sv\\\/arv\\\/#primaryimage\"},\"image\":{\"@id\":\"https:\\\/\\\/shrimataji.org\\\/test\\\/sv\\\/arv\\\/#primaryimage\"},\"thumbnailUrl\":\"https:\\\/\\\/shrimataji.org\\\/test\\\/wp-content\\\/uploads\\\/2024\\\/05\\\/teaching.jpg\",\"datePublished\":\"2017-08-11T05:00:00+00:00\",\"dateModified\":\"2025-04-25T12:23:12+00:00\",\"breadcrumb\":{\"@id\":\"https:\\\/\\\/shrimataji.org\\\/test\\\/sv\\\/arv\\\/#breadcrumb\"},\"inLanguage\":\"en-US\",\"potentialAction\":[{\"@type\":\"ReadAction\",\"target\":[\"https:\\\/\\\/shrimataji.org\\\/test\\\/sv\\\/arv\\\/\"]}]},{\"@type\":\"ImageObject\",\"inLanguage\":\"en-US\",\"@id\":\"https:\\\/\\\/shrimataji.org\\\/test\\\/sv\\\/arv\\\/#primaryimage\",\"url\":\"https:\\\/\\\/shrimataji.org\\\/test\\\/wp-content\\\/uploads\\\/2024\\\/05\\\/teaching.jpg\",\"contentUrl\":\"https:\\\/\\\/shrimataji.org\\\/test\\\/wp-content\\\/uploads\\\/2024\\\/05\\\/teaching.jpg\",\"width\":1021,\"height\":360},{\"@type\":\"BreadcrumbList\",\"@id\":\"https:\\\/\\\/shrimataji.org\\\/test\\\/sv\\\/arv\\\/#breadcrumb\",\"itemListElement\":[{\"@type\":\"ListItem\",\"position\":1,\"name\":\"Home\",\"item\":\"https:\\\/\\\/shrimataji.org\\\/test\\\/uk\\\/home-en\\\/\"},{\"@type\":\"ListItem\",\"position\":2,\"name\":\"Arv\"}]},{\"@type\":\"WebSite\",\"@id\":\"https:\\\/\\\/shrimataji.org\\\/test\\\/#website\",\"url\":\"https:\\\/\\\/shrimataji.org\\\/test\\\/\",\"name\":\"Shri Mataji Nirmala Devi\",\"description\":\"A Life Dedicated to Humanity\",\"publisher\":{\"@id\":\"https:\\\/\\\/shrimataji.org\\\/test\\\/#\\\/schema\\\/person\\\/a1b3419c6585f164aa96da1ff85715d1\"},\"potentialAction\":[{\"@type\":\"SearchAction\",\"target\":{\"@type\":\"EntryPoint\",\"urlTemplate\":\"https:\\\/\\\/shrimataji.org\\\/test\\\/?s={search_term_string}\"},\"query-input\":{\"@type\":\"PropertyValueSpecification\",\"valueRequired\":true,\"valueName\":\"search_term_string\"}}],\"inLanguage\":\"en-US\"},{\"@type\":[\"Person\",\"Organization\"],\"@id\":\"https:\\\/\\\/shrimataji.org\\\/test\\\/#\\\/schema\\\/person\\\/a1b3419c6585f164aa96da1ff85715d1\",\"name\":\"Nirmala Shrivastava\",\"image\":{\"@type\":\"ImageObject\",\"inLanguage\":\"en-US\",\"@id\":\"https:\\\/\\\/shrimataji.org\\\/test\\\/wp-content\\\/uploads\\\/2023\\\/02\\\/SMO_LOGO-03.svg\",\"url\":\"https:\\\/\\\/shrimataji.org\\\/test\\\/wp-content\\\/uploads\\\/2023\\\/02\\\/SMO_LOGO-03.svg\",\"contentUrl\":\"https:\\\/\\\/shrimataji.org\\\/test\\\/wp-content\\\/uploads\\\/2023\\\/02\\\/SMO_LOGO-03.svg\",\"width\":\"1024\",\"height\":\"1024\",\"caption\":\"Nirmala Shrivastava\"},\"logo\":{\"@id\":\"https:\\\/\\\/shrimataji.org\\\/test\\\/wp-content\\\/uploads\\\/2023\\\/02\\\/SMO_LOGO-03.svg\"},\"sameAs\":[\"https:\\\/\\\/shrimataji.org\\\/test\",\"https:\\\/\\\/www.facebook.com\\\/shrimataji\",\"https:\\\/\\\/x.com\\\/shrimataji\",\"https:\\\/\\\/www.youtube.com\\\/@Shri_Mataji_Nirmala_Devi\\\/featured\"]}]}<\/script>\n<!-- \/ Yoast SEO plugin. -->","yoast_head_json":{"title":"Arv - TEST - SMND","robots":{"index":"noindex","follow":"follow","max-snippet":"max-snippet:-1","max-image-preview":"max-image-preview:large","max-video-preview":"max-video-preview:-1"},"og_locale":"en_US","og_type":"article","og_title":"Arv - TEST - SMND","og_description":"Arv F\u00f6rvandling &#8211; fr\u00e5n individ till samh\u00e4lle Det finns b\u00f6cker och skolor, kurser och h\u00e4lsocenter, en akademi f\u00f6r konst och musik och till och med ett hem f\u00f6r fattiga, men arvet efter Shri Mataji inneh\u00e5ller mycket mer. Inget enskilt monument eller icke-statlig organisation kan visa det sanna arvet efter Shri Mataji Nirmala Devi, det st\u00e5r&hellip; Read more","og_url":"https:\/\/shrimataji.org\/test\/sv\/arv\/","og_site_name":"TEST - SMND","article_publisher":"https:\/\/www.facebook.com\/shrimataji","article_modified_time":"2025-04-25T12:23:12+00:00","og_image":[{"width":1021,"height":360,"url":"https:\/\/shrimataji.org\/test\/wp-content\/uploads\/2024\/05\/teaching.jpg","type":"image\/jpeg"}],"twitter_card":"summary_large_image","twitter_site":"@shrimataji","schema":{"@context":"https:\/\/schema.org","@graph":[{"@type":"WebPage","@id":"https:\/\/shrimataji.org\/test\/sv\/arv\/","url":"https:\/\/shrimataji.org\/test\/sv\/arv\/","name":"Arv - TEST - SMND","isPartOf":{"@id":"https:\/\/shrimataji.org\/test\/#website"},"primaryImageOfPage":{"@id":"https:\/\/shrimataji.org\/test\/sv\/arv\/#primaryimage"},"image":{"@id":"https:\/\/shrimataji.org\/test\/sv\/arv\/#primaryimage"},"thumbnailUrl":"https:\/\/shrimataji.org\/test\/wp-content\/uploads\/2024\/05\/teaching.jpg","datePublished":"2017-08-11T05:00:00+00:00","dateModified":"2025-04-25T12:23:12+00:00","breadcrumb":{"@id":"https:\/\/shrimataji.org\/test\/sv\/arv\/#breadcrumb"},"inLanguage":"en-US","potentialAction":[{"@type":"ReadAction","target":["https:\/\/shrimataji.org\/test\/sv\/arv\/"]}]},{"@type":"ImageObject","inLanguage":"en-US","@id":"https:\/\/shrimataji.org\/test\/sv\/arv\/#primaryimage","url":"https:\/\/shrimataji.org\/test\/wp-content\/uploads\/2024\/05\/teaching.jpg","contentUrl":"https:\/\/shrimataji.org\/test\/wp-content\/uploads\/2024\/05\/teaching.jpg","width":1021,"height":360},{"@type":"BreadcrumbList","@id":"https:\/\/shrimataji.org\/test\/sv\/arv\/#breadcrumb","itemListElement":[{"@type":"ListItem","position":1,"name":"Home","item":"https:\/\/shrimataji.org\/test\/uk\/home-en\/"},{"@type":"ListItem","position":2,"name":"Arv"}]},{"@type":"WebSite","@id":"https:\/\/shrimataji.org\/test\/#website","url":"https:\/\/shrimataji.org\/test\/","name":"Shri Mataji Nirmala Devi","description":"A Life Dedicated to Humanity","publisher":{"@id":"https:\/\/shrimataji.org\/test\/#\/schema\/person\/a1b3419c6585f164aa96da1ff85715d1"},"potentialAction":[{"@type":"SearchAction","target":{"@type":"EntryPoint","urlTemplate":"https:\/\/shrimataji.org\/test\/?s={search_term_string}"},"query-input":{"@type":"PropertyValueSpecification","valueRequired":true,"valueName":"search_term_string"}}],"inLanguage":"en-US"},{"@type":["Person","Organization"],"@id":"https:\/\/shrimataji.org\/test\/#\/schema\/person\/a1b3419c6585f164aa96da1ff85715d1","name":"Nirmala Shrivastava","image":{"@type":"ImageObject","inLanguage":"en-US","@id":"https:\/\/shrimataji.org\/test\/wp-content\/uploads\/2023\/02\/SMO_LOGO-03.svg","url":"https:\/\/shrimataji.org\/test\/wp-content\/uploads\/2023\/02\/SMO_LOGO-03.svg","contentUrl":"https:\/\/shrimataji.org\/test\/wp-content\/uploads\/2023\/02\/SMO_LOGO-03.svg","width":"1024","height":"1024","caption":"Nirmala Shrivastava"},"logo":{"@id":"https:\/\/shrimataji.org\/test\/wp-content\/uploads\/2023\/02\/SMO_LOGO-03.svg"},"sameAs":["https:\/\/shrimataji.org\/test","https:\/\/www.facebook.com\/shrimataji","https:\/\/x.com\/shrimataji","https:\/\/www.youtube.com\/@Shri_Mataji_Nirmala_Devi\/featured"]}]}},"lang":"sv","translations":{"sv":23020,"ur":37458,"en":409,"am":18030,"th":19988,"hu":19511,"sq":18431,"zh":17328,"tr":10179,"pt":10391,"de":10665,"fr":10763,"it":10861,"es":10958,"ja":11255,"ru":11443,"bn":11635,"te":11743,"sw":11866,"he":12014,"el":12306,"sk":12404,"fa":12502,"fi":12600,"bg":13486,"ro":14561,"cs":14754,"nl":16591,"ku":16751,"ar":16927,"be":18638,"kn":18912,"mr":20352,"uk":20646,"ml":20941,"ta":22749,"gu":28863,"pa":29023,"fil":29468,"da":37771,"pl":37983,"nn":38323},"pll_sync_post":[],"_links":{"self":[{"href":"https:\/\/shrimataji.org\/test\/wp-json\/wp\/v2\/pages\/23020","targetHints":{"allow":["GET"]}}],"collection":[{"href":"https:\/\/shrimataji.org\/test\/wp-json\/wp\/v2\/pages"}],"about":[{"href":"https:\/\/shrimataji.org\/test\/wp-json\/wp\/v2\/types\/page"}],"author":[{"embeddable":true,"href":"https:\/\/shrimataji.org\/test\/wp-json\/wp\/v2\/users\/58"}],"replies":[{"embeddable":true,"href":"https:\/\/shrimataji.org\/test\/wp-json\/wp\/v2\/comments?post=23020"}],"version-history":[{"count":0,"href":"https:\/\/shrimataji.org\/test\/wp-json\/wp\/v2\/pages\/23020\/revisions"}],"wp:featuredmedia":[{"embeddable":true,"href":"https:\/\/shrimataji.org\/test\/wp-json\/wp\/v2\/media\/23021"}],"wp:attachment":[{"href":"https:\/\/shrimataji.org\/test\/wp-json\/wp\/v2\/media?parent=23020"}],"curies":[{"name":"wp","href":"https:\/\/api.w.org\/{rel}","templated":true}]}}