{"id":23024,"date":"2018-07-10T06:54:50","date_gmt":"2018-07-10T06:54:50","guid":{"rendered":"http:\/\/testwordpress.nirmalnagari.org\/smnd\/index.php\/marriage-and-independence\/"},"modified":"2026-01-06T13:31:35","modified_gmt":"2026-01-06T13:31:35","slug":"aktenskap-och-sjalvstandighet","status":"publish","type":"page","link":"https:\/\/shrimataji.org\/test\/sv\/aktenskap-och-sjalvstandighet\/","title":{"rendered":"\u00c4ktenskap och sj\u00e4lvst\u00e4ndighet"},"content":{"rendered":"\n\n\t<h1>\u00c4ktenskap och sj\u00e4lvst\u00e4ndigheten<\/h1>\n<h2>Stommen f\u00f6r familjen och samh\u00e4llet<\/h2>\n\t<h4>Shri Matajis barndom och ton\u00e5r var sammanfl\u00e4tade med f\u00f6delsen av den nya indiska nationen, och hennes \u00e5r som hustru och ung mamma visade sig vara lika s\u00e5.<\/h4>\n<p>Nirmala Salve, nu allm\u00e4nt k\u00e4nd som Shri Mataji Nirmala Devi, gifte sig med Chandrika Prasad Shrivastava den 7 April 1947. Etthundratjugonio dagar senare, den 14 Augusti,vid midnatt, blev Indien fritt.<\/p>\n<p>Som Shri Matajis yngre bror H.P. Salve, k\u00e4rleksfullt k\u00e4nd som Babamama, \u00e5terber\u00e4ttade: &#8220;Under de upploppen (vid tiden f\u00f6r 1947 \u00e5rs delning) h\u00e4nde det att n\u00e5gon knackade p\u00e5 d\u00f6rren. N\u00e4r Nirmala \u00f6ppnade fann hon en kvinna och tv\u00e5 m\u00e4n som stod vid ing\u00e5ngen och s\u00e5g mycket r\u00e4dda ut. De ber\u00e4ttade f\u00f6r Nirmala att de var flyktingar fr\u00e5n Pakistan. Eftersom en av dem var muslim var dom nu jagade av hinduer med dragna sv\u00e4rd. Utan tvekan tog Nirmala emot dem, och g\u00f6mde dom i ett rum<\/p>\n\t<div class=\"epyt-video-wrapper\"><div  data-ep-a=\"fadeIn\"  style=\"display: block; margin: 0px auto;\"  id=\"_ytid_60766\"  width=\"3840\" height=\"2880\"  data-origwidth=\"3840\" data-origheight=\"2880\" data-facadesrc=\"https:\/\/www.youtube.com\/embed\/uiqY4Jc81Bw?enablejsapi=1&autoplay=0&cc_load_policy=0&cc_lang_pref=&iv_load_policy=1&loop=0&rel=0&fs=1&playsinline=1&autohide=2&theme=dark&color=red&controls=1&disablekb=0&\" class=\"__youtube_prefs__ epyt-facade  no-lazyload\" data-epautoplay=\"1\" ><img decoding=\"async\" data-spai-excluded=\"true\" class=\"epyt-facade-poster skip-lazy\" loading=\"lazy\"  alt=\"YouTube player\"  src=\"https:\/\/i.ytimg.com\/vi\/uiqY4Jc81Bw\/maxresdefault.jpg\"  \/><button class=\"epyt-facade-play\" aria-label=\"Play\"><svg data-no-lazy=\"1\" height=\"100%\" version=\"1.1\" viewBox=\"0 0 68 48\" width=\"100%\"><path class=\"ytp-large-play-button-bg\" d=\"M66.52,7.74c-0.78-2.93-2.49-5.41-5.42-6.19C55.79,.13,34,0,34,0S12.21,.13,6.9,1.55 C3.97,2.33,2.27,4.81,1.48,7.74C0.06,13.05,0,24,0,24s0.06,10.95,1.48,16.26c0.78,2.93,2.49,5.41,5.42,6.19 C12.21,47.87,34,48,34,48s21.79-0.13,27.1-1.55c2.93-0.78,4.64-3.26,5.42-6.19C67.94,34.95,68,24,68,24S67.94,13.05,66.52,7.74z\" fill=\"#f00\"><\/path><path d=\"M 45,24 27,14 27,34\" fill=\"#fff\"><\/path><\/svg><\/button><\/div><\/div><span itemprop=\"video\" itemscope itemtype=\"http:\/\/schema.org\/VideoObject\"><meta itemprop=\"embedUrl\" content=\"https:\/\/www.youtube.com\/embed\/uiqY4Jc81Bw\"><meta itemprop=\"name\" content=\"Family Life And Nationhood\"><meta itemprop=\"description\" content=\"Shri Mataji marries a man from a family of opposing political beliefs. They are, however, united in their love for their country. Independence is the fulfillment of a dream for both of them. Shri Mataji&#039;s life as a housewife and a mother is centred on her family, tending to her daughters, but she also advises her husband in his career. She is not silent, but participates in the direction of her country. Her own public life is soon to follow. More videos at: http:\/\/ShriMataji.org ~ A Life Dedicated to Humanity ~\"><meta itemprop=\"thumbnailUrl\" content=\"https:\/\/i.ytimg.com\/vi\/uiqY4Jc81Bw\/0.jpg\"><meta itemprop=\"duration\" content=\"PT5M21S\"><meta itemprop=\"uploadDate\" content=\"2020-07-20T00:21:18Z\"><\/span>\n\t<p>&#8220;Efter en stund kom det m\u00e4nniskor med dragna sv\u00e4rd,&#8221; fortsatte han, &#8220;och sa att en muslim g\u00f6mde sig i huset. Nirmala f\u00f6rnekade detta kategoriskt och bluffade dem genom att s\u00e4ga att hon sj\u00e4lv var en st\u00e5ndaktig hindu, s\u00e5 hur skulle hon kunna ge skydd till en muslim. M\u00e4nnen med sv\u00e4rden trodde henne till en b\u00f6rjan inte, men s\u00e5g den stora bindin p\u00e5 hennes panna, som \u00e4r symbol f\u00f6r en hinduisk gift kvinna, s\u00e5 de gick d\u00e4rifr\u00e5n \u00f6vertygade&#8230;&#8221;<a name=\"citation-ref-1\" href=\"#citation-note-1\"><sup>[1]<\/sup><\/a><\/p>\n\t\t\t\t<img decoding=\"async\" src=\"https:\/\/shrimataji.org\/test\/wp-content\/uploads\/2018\/07\/media_originals\/images\/shri-mataji-and-family\/shri-mataji-with-infant-daughter-kalpana.jpg\" alt=\"shri-mataji-with-infant-daughter-kalpana\" itemprop=\"image\" height=\"400\" width=\"279\" title=\"shri-mataji-with-infant-daughter-kalpana\" onerror=\"this.style.display='none'\" loading=\"lazy\" \/>\n\t<p>Denna h\u00e4ndelse \u00e4gde rum under hennes graviditet, och hon f\u00f6dde sitt f\u00f6rsta barn, Kalpana, i december m\u00e5nad 1947. Den 29 januari 1948 tr\u00e4ffade Shri Mataji Mahatma Gandhi, som tog Kalpana i sitt kn\u00e4 och sa: &#8220;Nepali (det k\u00e4rleksfulla smeknamn han hade gett Shri Mataji), du \u00e4r samma person nu som f\u00f6rr,och nu \u00e4r du Mor. N\u00e4r ska du p\u00e5b\u00f6rja ditt andliga arbete? Vi \u00e4r fria nu, du borde p\u00e5b\u00f6rja det arbete du ville g\u00f6ra .&#8221; Tragiskt nog, dagen d\u00e4rp\u00e5 blev Mahatma Gandhi m\u00f6rdad under kv\u00e4llsb\u00f6nen av en politisk extremist.<\/p>\n<p>1948 valdes Shri Matajis make Chandrika Prasad (senare allm\u00e4nt k\u00e4nd som Sir C.P. Srivastava, adlad av drottning Elizabeth II 1990) till den indiska utrikestj\u00e4nsten och den indiska administrationstj\u00e4nsten (I.A.S). Efter Shri Matajis r\u00e5d valde Sir C.P. att stanna kvar i I.A.S. och tj\u00e4na sitt land inom dess gr\u00e4nser. Under dessa f\u00f6rsta hektiska \u00e5r i \u00e4ktenskapet f\u00f6ddes deras andra barn, Sadhana, i februari 1950. I maj samma \u00e5r utn\u00e4mndes Sir C.P till stadsdomare i Lucknow d\u00e4r familjen sedan bodde under en tid.<\/p>\n\t<p>\u00c5r 1951 flyttade Sir C.P. till Meerut i rollen som Distriktsdomare. Bungalowen som de blev tilldelade l\u00e5g p\u00e5 en ansenlig egendom och var byggd i traditionell brittisk stil. Shri Mataji, nu med tv\u00e5 sm\u00e5 barn, anlade odlingar p\u00e5 landet som gr\u00e4nsar till bungalowen. Med hj\u00e4lp av en lantarbetare f\u00f6rvandlade hon om den outnyttjade marken till en mycket b\u00f6rdig gr\u00f6nsakstr\u00e4dg\u00e5rd. Hon odlade gr\u00f6nsaker f\u00f6r hemmabruk och s\u00e5lde \u00f6verskottet f\u00f6r att komplettera familjens inkomst.<\/p>\n<p>I sina memoarer skriver H.P. Salve: &#8220;Shri Matajis jordbruk betraktades som den b\u00e4sta i distriktet. \u00c4ggplantan var s\u00e5 stor att jag inte kunde lyfta dem. Hon producerade v\u00e4ldigt, v\u00e4ldigt stora blomk\u00e5l, v\u00e4ldigt stora tomater, v\u00e4ldigt stora gurkor. Det var otroligt hur hon producerade s\u00e5 stora gr\u00f6nsaker.&#8221;<\/p>\n<p>1953 flyttade Shri Matajis familj till Mumbai n\u00e4r Sir C.P. fick posten som Generaldirekt\u00f6r f\u00f6r Sj\u00f6fart (senare kallat Shipping Corporation of India). H.P. Salve mindes underbara sommarsemestrar med Shri Mataji och barnen vid Pachmarhi, en bergsstation n\u00e4ra Chhindwara i centrala Indien. Detta \u00e4r ett omr\u00e5de k\u00e4nt f\u00f6r sin natursk\u00f6nhet, med gamla grottor, vattenfall, skogar och vilda djur. Shri Mataji och hennes familj tillbringade ocks\u00e5 mycket tid i Nagpur, d\u00e4r m\u00e5nga av hennes sl\u00e4ktingar bodde.<\/p>\n<p>S\u00f6ndagen den 8 februari 1955 lades Shri Matajis far in p\u00e5 sjukhus. En vecka senare samlades alla hans barn runt honom. Shri Mataji stod sin far mycket n\u00e4ra och hade alltid v\u00e4rdesatt hans r\u00e5d, s\u00e4rskilt i andliga fr\u00e5gor. Hennes bror minns att deras pappa fr\u00e5gade Nirmala &#8220;Har du lyckats hitta metoden?&#8221; &#8211; med h\u00e4nvisning till metoden att ge Sj\u00e4lvupplysing till massorna. Omgiven av sin familj gick Prasad Salve bort tv\u00e5 dagar senare, den 17 februari 1955. H.P. Salve var full av beundran n\u00e4r Shri Mataji, &#8220;som var fylld av medlidande n\u00e4r hon s\u00e5g en tiggare, i den stund av s\u00e5 stor f\u00f6rlust samlade allt sitt mod och p\u00e5b\u00f6rjade begravningsf\u00f6rberedelserna.&#8221;<\/p>\n\t<h5>&#8220;S\u00e5 l\u00e5ngt vi kan f\u00f6rst\u00e5 \u00e4r det enda syftet med tillvaron att t\u00e4nda ett ljus i existensens m\u00f6rker.&#8221;<\/h5>\n<h5>Carl Gustav Jung<\/h5>\n\t<hr \/>\n<h3>1. <a href=\"#citation-ref-1\">^<\/a> <a name=\"citation-note-1\"><\/a>H. P. Salve, &#8216;My Memoirs&#8217; New Delhi: Life Eternal Trust, 2000.<\/h3>\n\n","protected":false},"excerpt":{"rendered":"<p>\u00c4ktenskap och sj\u00e4lvst\u00e4ndigheten Stommen f\u00f6r familjen och samh\u00e4llet Shri Matajis barndom och ton\u00e5r var sammanfl\u00e4tade med f\u00f6delsen av den nya indiska nationen, och hennes \u00e5r som hustru och ung mamma visade sig vara lika s\u00e5. Nirmala Salve, nu allm\u00e4nt k\u00e4nd som Shri Mataji Nirmala Devi, gifte sig med Chandrika Prasad Shrivastava den 7 April 1947.&hellip; <br \/> <a class=\"read-more\" href=\"https:\/\/shrimataji.org\/test\/sv\/aktenskap-och-sjalvstandighet\/\">Read more<\/a><\/p>\n","protected":false},"author":58,"featured_media":23026,"parent":0,"menu_order":0,"comment_status":"closed","ping_status":"closed","template":"","meta":{"inline_featured_image":false,"footnotes":""},"class_list":["post-23024","page","type-page","status-publish","has-post-thumbnail","hentry"],"yoast_head":"<!-- This site is optimized with the Yoast SEO plugin v27.4 - https:\/\/yoast.com\/product\/yoast-seo-wordpress\/ -->\n<title>\u00c4ktenskap och sj\u00e4lvst\u00e4ndighet - TEST - SMND<\/title>\n<meta name=\"robots\" content=\"noindex, follow, max-snippet:-1, max-image-preview:large, max-video-preview:-1\" \/>\n<meta property=\"og:locale\" content=\"en_US\" \/>\n<meta property=\"og:type\" content=\"article\" \/>\n<meta property=\"og:title\" content=\"\u00c4ktenskap och sj\u00e4lvst\u00e4ndighet - TEST - SMND\" \/>\n<meta property=\"og:description\" content=\"\u00c4ktenskap och sj\u00e4lvst\u00e4ndigheten Stommen f\u00f6r familjen och samh\u00e4llet Shri Matajis barndom och ton\u00e5r var sammanfl\u00e4tade med f\u00f6delsen av den nya indiska nationen, och hennes \u00e5r som hustru och ung mamma visade sig vara lika s\u00e5. Nirmala Salve, nu allm\u00e4nt k\u00e4nd som Shri Mataji Nirmala Devi, gifte sig med Chandrika Prasad Shrivastava den 7 April 1947.&hellip; Read more\" \/>\n<meta property=\"og:url\" content=\"https:\/\/shrimataji.org\/test\/sv\/aktenskap-och-sjalvstandighet\/\" \/>\n<meta property=\"og:site_name\" content=\"TEST - SMND\" \/>\n<meta property=\"article:publisher\" content=\"https:\/\/www.facebook.com\/shrimataji\" \/>\n<meta property=\"article:modified_time\" content=\"2026-01-06T13:31:35+00:00\" \/>\n<meta property=\"og:image\" content=\"https:\/\/shrimataji.org\/test\/wp-content\/uploads\/2023\/03\/4_Banner_EarlyLife-Mariage-Independance_2-scaled.jpg\" \/>\n\t<meta property=\"og:image:width\" content=\"2560\" \/>\n\t<meta property=\"og:image:height\" content=\"905\" \/>\n\t<meta property=\"og:image:type\" content=\"image\/jpeg\" \/>\n<meta name=\"twitter:card\" content=\"summary_large_image\" \/>\n<meta name=\"twitter:site\" content=\"@shrimataji\" \/>\n<meta name=\"twitter:label1\" content=\"Est. reading time\" \/>\n\t<meta name=\"twitter:data1\" content=\"4 minutes\" \/>\n<script type=\"application\/ld+json\" class=\"yoast-schema-graph\">{\"@context\":\"https:\\\/\\\/schema.org\",\"@graph\":[{\"@type\":\"WebPage\",\"@id\":\"https:\\\/\\\/shrimataji.org\\\/test\\\/sv\\\/aktenskap-och-sjalvstandighet\\\/\",\"url\":\"https:\\\/\\\/shrimataji.org\\\/test\\\/sv\\\/aktenskap-och-sjalvstandighet\\\/\",\"name\":\"\u00c4ktenskap och sj\u00e4lvst\u00e4ndighet - TEST - SMND\",\"isPartOf\":{\"@id\":\"https:\\\/\\\/shrimataji.org\\\/test\\\/#website\"},\"primaryImageOfPage\":{\"@id\":\"https:\\\/\\\/shrimataji.org\\\/test\\\/sv\\\/aktenskap-och-sjalvstandighet\\\/#primaryimage\"},\"image\":{\"@id\":\"https:\\\/\\\/shrimataji.org\\\/test\\\/sv\\\/aktenskap-och-sjalvstandighet\\\/#primaryimage\"},\"thumbnailUrl\":\"https:\\\/\\\/shrimataji.org\\\/test\\\/wp-content\\\/uploads\\\/2023\\\/03\\\/4_Banner_EarlyLife-Mariage-Independance_2-scaled.jpg\",\"datePublished\":\"2018-07-10T06:54:50+00:00\",\"dateModified\":\"2026-01-06T13:31:35+00:00\",\"breadcrumb\":{\"@id\":\"https:\\\/\\\/shrimataji.org\\\/test\\\/sv\\\/aktenskap-och-sjalvstandighet\\\/#breadcrumb\"},\"inLanguage\":\"en-US\",\"potentialAction\":[{\"@type\":\"ReadAction\",\"target\":[\"https:\\\/\\\/shrimataji.org\\\/test\\\/sv\\\/aktenskap-och-sjalvstandighet\\\/\"]}]},{\"@type\":\"ImageObject\",\"inLanguage\":\"en-US\",\"@id\":\"https:\\\/\\\/shrimataji.org\\\/test\\\/sv\\\/aktenskap-och-sjalvstandighet\\\/#primaryimage\",\"url\":\"https:\\\/\\\/shrimataji.org\\\/test\\\/wp-content\\\/uploads\\\/2023\\\/03\\\/4_Banner_EarlyLife-Mariage-Independance_2-scaled.jpg\",\"contentUrl\":\"https:\\\/\\\/shrimataji.org\\\/test\\\/wp-content\\\/uploads\\\/2023\\\/03\\\/4_Banner_EarlyLife-Mariage-Independance_2-scaled.jpg\",\"width\":2560,\"height\":905},{\"@type\":\"BreadcrumbList\",\"@id\":\"https:\\\/\\\/shrimataji.org\\\/test\\\/sv\\\/aktenskap-och-sjalvstandighet\\\/#breadcrumb\",\"itemListElement\":[{\"@type\":\"ListItem\",\"position\":1,\"name\":\"Home\",\"item\":\"https:\\\/\\\/shrimataji.org\\\/test\\\/uk\\\/home-en\\\/\"},{\"@type\":\"ListItem\",\"position\":2,\"name\":\"\u00c4ktenskap och sj\u00e4lvst\u00e4ndighet\"}]},{\"@type\":\"WebSite\",\"@id\":\"https:\\\/\\\/shrimataji.org\\\/test\\\/#website\",\"url\":\"https:\\\/\\\/shrimataji.org\\\/test\\\/\",\"name\":\"Shri Mataji Nirmala Devi\",\"description\":\"A Life Dedicated to Humanity\",\"publisher\":{\"@id\":\"https:\\\/\\\/shrimataji.org\\\/test\\\/#\\\/schema\\\/person\\\/a1b3419c6585f164aa96da1ff85715d1\"},\"potentialAction\":[{\"@type\":\"SearchAction\",\"target\":{\"@type\":\"EntryPoint\",\"urlTemplate\":\"https:\\\/\\\/shrimataji.org\\\/test\\\/?s={search_term_string}\"},\"query-input\":{\"@type\":\"PropertyValueSpecification\",\"valueRequired\":true,\"valueName\":\"search_term_string\"}}],\"inLanguage\":\"en-US\"},{\"@type\":[\"Person\",\"Organization\"],\"@id\":\"https:\\\/\\\/shrimataji.org\\\/test\\\/#\\\/schema\\\/person\\\/a1b3419c6585f164aa96da1ff85715d1\",\"name\":\"Nirmala Shrivastava\",\"image\":{\"@type\":\"ImageObject\",\"inLanguage\":\"en-US\",\"@id\":\"https:\\\/\\\/shrimataji.org\\\/test\\\/wp-content\\\/uploads\\\/2023\\\/02\\\/SMO_LOGO-03.svg\",\"url\":\"https:\\\/\\\/shrimataji.org\\\/test\\\/wp-content\\\/uploads\\\/2023\\\/02\\\/SMO_LOGO-03.svg\",\"contentUrl\":\"https:\\\/\\\/shrimataji.org\\\/test\\\/wp-content\\\/uploads\\\/2023\\\/02\\\/SMO_LOGO-03.svg\",\"width\":\"1024\",\"height\":\"1024\",\"caption\":\"Nirmala Shrivastava\"},\"logo\":{\"@id\":\"https:\\\/\\\/shrimataji.org\\\/test\\\/wp-content\\\/uploads\\\/2023\\\/02\\\/SMO_LOGO-03.svg\"},\"sameAs\":[\"https:\\\/\\\/shrimataji.org\\\/test\",\"https:\\\/\\\/www.facebook.com\\\/shrimataji\",\"https:\\\/\\\/x.com\\\/shrimataji\",\"https:\\\/\\\/www.youtube.com\\\/@Shri_Mataji_Nirmala_Devi\\\/featured\"]}]}<\/script>\n<!-- \/ Yoast SEO plugin. -->","yoast_head_json":{"title":"\u00c4ktenskap och sj\u00e4lvst\u00e4ndighet - TEST - SMND","robots":{"index":"noindex","follow":"follow","max-snippet":"max-snippet:-1","max-image-preview":"max-image-preview:large","max-video-preview":"max-video-preview:-1"},"og_locale":"en_US","og_type":"article","og_title":"\u00c4ktenskap och sj\u00e4lvst\u00e4ndighet - TEST - SMND","og_description":"\u00c4ktenskap och sj\u00e4lvst\u00e4ndigheten Stommen f\u00f6r familjen och samh\u00e4llet Shri Matajis barndom och ton\u00e5r var sammanfl\u00e4tade med f\u00f6delsen av den nya indiska nationen, och hennes \u00e5r som hustru och ung mamma visade sig vara lika s\u00e5. Nirmala Salve, nu allm\u00e4nt k\u00e4nd som Shri Mataji Nirmala Devi, gifte sig med Chandrika Prasad Shrivastava den 7 April 1947.&hellip; Read more","og_url":"https:\/\/shrimataji.org\/test\/sv\/aktenskap-och-sjalvstandighet\/","og_site_name":"TEST - SMND","article_publisher":"https:\/\/www.facebook.com\/shrimataji","article_modified_time":"2026-01-06T13:31:35+00:00","og_image":[{"width":2560,"height":905,"url":"https:\/\/shrimataji.org\/test\/wp-content\/uploads\/2023\/03\/4_Banner_EarlyLife-Mariage-Independance_2-scaled.jpg","type":"image\/jpeg"}],"twitter_card":"summary_large_image","twitter_site":"@shrimataji","twitter_misc":{"Est. reading time":"4 minutes"},"schema":{"@context":"https:\/\/schema.org","@graph":[{"@type":"WebPage","@id":"https:\/\/shrimataji.org\/test\/sv\/aktenskap-och-sjalvstandighet\/","url":"https:\/\/shrimataji.org\/test\/sv\/aktenskap-och-sjalvstandighet\/","name":"\u00c4ktenskap och sj\u00e4lvst\u00e4ndighet - TEST - SMND","isPartOf":{"@id":"https:\/\/shrimataji.org\/test\/#website"},"primaryImageOfPage":{"@id":"https:\/\/shrimataji.org\/test\/sv\/aktenskap-och-sjalvstandighet\/#primaryimage"},"image":{"@id":"https:\/\/shrimataji.org\/test\/sv\/aktenskap-och-sjalvstandighet\/#primaryimage"},"thumbnailUrl":"https:\/\/shrimataji.org\/test\/wp-content\/uploads\/2023\/03\/4_Banner_EarlyLife-Mariage-Independance_2-scaled.jpg","datePublished":"2018-07-10T06:54:50+00:00","dateModified":"2026-01-06T13:31:35+00:00","breadcrumb":{"@id":"https:\/\/shrimataji.org\/test\/sv\/aktenskap-och-sjalvstandighet\/#breadcrumb"},"inLanguage":"en-US","potentialAction":[{"@type":"ReadAction","target":["https:\/\/shrimataji.org\/test\/sv\/aktenskap-och-sjalvstandighet\/"]}]},{"@type":"ImageObject","inLanguage":"en-US","@id":"https:\/\/shrimataji.org\/test\/sv\/aktenskap-och-sjalvstandighet\/#primaryimage","url":"https:\/\/shrimataji.org\/test\/wp-content\/uploads\/2023\/03\/4_Banner_EarlyLife-Mariage-Independance_2-scaled.jpg","contentUrl":"https:\/\/shrimataji.org\/test\/wp-content\/uploads\/2023\/03\/4_Banner_EarlyLife-Mariage-Independance_2-scaled.jpg","width":2560,"height":905},{"@type":"BreadcrumbList","@id":"https:\/\/shrimataji.org\/test\/sv\/aktenskap-och-sjalvstandighet\/#breadcrumb","itemListElement":[{"@type":"ListItem","position":1,"name":"Home","item":"https:\/\/shrimataji.org\/test\/uk\/home-en\/"},{"@type":"ListItem","position":2,"name":"\u00c4ktenskap och sj\u00e4lvst\u00e4ndighet"}]},{"@type":"WebSite","@id":"https:\/\/shrimataji.org\/test\/#website","url":"https:\/\/shrimataji.org\/test\/","name":"Shri Mataji Nirmala Devi","description":"A Life Dedicated to Humanity","publisher":{"@id":"https:\/\/shrimataji.org\/test\/#\/schema\/person\/a1b3419c6585f164aa96da1ff85715d1"},"potentialAction":[{"@type":"SearchAction","target":{"@type":"EntryPoint","urlTemplate":"https:\/\/shrimataji.org\/test\/?s={search_term_string}"},"query-input":{"@type":"PropertyValueSpecification","valueRequired":true,"valueName":"search_term_string"}}],"inLanguage":"en-US"},{"@type":["Person","Organization"],"@id":"https:\/\/shrimataji.org\/test\/#\/schema\/person\/a1b3419c6585f164aa96da1ff85715d1","name":"Nirmala Shrivastava","image":{"@type":"ImageObject","inLanguage":"en-US","@id":"https:\/\/shrimataji.org\/test\/wp-content\/uploads\/2023\/02\/SMO_LOGO-03.svg","url":"https:\/\/shrimataji.org\/test\/wp-content\/uploads\/2023\/02\/SMO_LOGO-03.svg","contentUrl":"https:\/\/shrimataji.org\/test\/wp-content\/uploads\/2023\/02\/SMO_LOGO-03.svg","width":"1024","height":"1024","caption":"Nirmala Shrivastava"},"logo":{"@id":"https:\/\/shrimataji.org\/test\/wp-content\/uploads\/2023\/02\/SMO_LOGO-03.svg"},"sameAs":["https:\/\/shrimataji.org\/test","https:\/\/www.facebook.com\/shrimataji","https:\/\/x.com\/shrimataji","https:\/\/www.youtube.com\/@Shri_Mataji_Nirmala_Devi\/featured"]}]}},"lang":"sv","translations":{"sv":23024,"ur":37462,"en":439,"am":18034,"th":19994,"hu":19515,"sq":18435,"zh":17332,"tr":10181,"pt":10393,"de":10667,"fr":10765,"it":10863,"es":10960,"ja":11257,"ru":11445,"bn":11637,"te":11745,"sw":11868,"he":12016,"el":12308,"sk":12406,"fa":12504,"fi":12602,"bg":13442,"ro":14516,"cs":14709,"nl":16595,"ku":16755,"ar":16931,"be":18642,"kn":18916,"mr":20358,"uk":20652,"ml":20947,"ta":22753,"gu":28867,"pa":29027,"fil":29472,"da":37775,"pl":37987,"nn":38327},"pll_sync_post":[],"_links":{"self":[{"href":"https:\/\/shrimataji.org\/test\/wp-json\/wp\/v2\/pages\/23024","targetHints":{"allow":["GET"]}}],"collection":[{"href":"https:\/\/shrimataji.org\/test\/wp-json\/wp\/v2\/pages"}],"about":[{"href":"https:\/\/shrimataji.org\/test\/wp-json\/wp\/v2\/types\/page"}],"author":[{"embeddable":true,"href":"https:\/\/shrimataji.org\/test\/wp-json\/wp\/v2\/users\/58"}],"replies":[{"embeddable":true,"href":"https:\/\/shrimataji.org\/test\/wp-json\/wp\/v2\/comments?post=23024"}],"version-history":[{"count":0,"href":"https:\/\/shrimataji.org\/test\/wp-json\/wp\/v2\/pages\/23024\/revisions"}],"wp:featuredmedia":[{"embeddable":true,"href":"https:\/\/shrimataji.org\/test\/wp-json\/wp\/v2\/media\/23026"}],"wp:attachment":[{"href":"https:\/\/shrimataji.org\/test\/wp-json\/wp\/v2\/media?parent=23024"}],"curies":[{"name":"wp","href":"https:\/\/api.w.org\/{rel}","templated":true}]}}