{"id":23027,"date":"2013-03-05T14:00:00","date_gmt":"2013-03-05T14:00:00","guid":{"rendered":"http:\/\/testwordpress.nirmalnagari.org\/smnd\/index.php\/may-5th-world-realization-day\/"},"modified":"2025-11-30T14:49:09","modified_gmt":"2025-11-30T14:49:09","slug":"femte-maj-world-realization-day","status":"publish","type":"page","link":"https:\/\/shrimataji.org\/test\/sv\/femte-maj-world-realization-day\/","title":{"rendered":"5 Maj &#8211; World Realization Day"},"content":{"rendered":"\n\n\t<h1>5 maj, World Realization Day<\/h1>\n<h4>Den 5 maj utropades World Realization Day f\u00f6r att hedra Shri Mataji Nirmala Devi, grundare av Sahaja Yoga Meditation<\/h4>\n<p>Shri Mataji Nirmala Devi Sahaja Yoga World Foundation har gl\u00e4djen att tillk\u00e4nnage deklarationen den 5 maj som World Realization Day f\u00f6r att hedra arbetet och visionen av grundaren av Sahaja Yoga, Shri Mataji Nirmala Devi. Efter \u00e5r av meditation och studier av det m\u00e4nskliga tillst\u00e5ndet, \u00f6ppnade Shri Mataji, den 5 maj 1970 i Nargol, Indien, det sista subtila energicentret &#8211; &#8216;Sahasrara chakra&#8217; p\u00e5 sanskrit.<\/p>\n<p>Detta aldrig tidigare sk\u00e5dade genombrott \u00f6ppnade d\u00f6rren till en ny era av frig\u00f6relse genom inre transformation. Shri Mataji uppt\u00e4ckte en process som v\u00e4ckte ett andligt uppvaknande i en stor m\u00e4ngd m\u00e4nniskor. Detta uppvaknande, kallat sj\u00e4lvf\u00f6rvupplysning, \u00e4r aktiveringen av den vitala kundalinienergin som finns inuti varje m\u00e4nniska. Man kunde uppleva detta milda uppvaknande spontant, helt enkelt genom att be om det.,utan att beh\u00f6va dra sig tillbaka fr\u00e5n v\u00e4rlden och leva spartanskt.<\/p>\n<p>Shri Mataji gjorde sj\u00e4lvupplysningen till grunden f\u00f6r en meditation som hon kallade Sahaja Yoga. Nyckeln till denna praktik och det som skiljer den fr\u00e5n andra metoder \u00e4r &#8216;tankefri medvetenhet&#8217;, som uppn\u00e5s genom mental tystnad snarare \u00e4n genom att anv\u00e4nda visualisering eller andra typer av mentalt fokus. Sahaja Yoga meditation har vuxit enormt under de senaste 40 \u00e5ren och ut\u00f6vas nu i \u00f6ver 100 l\u00e4nder. M\u00e4nniskor fr\u00e5n m\u00e5nga olika bakgrunder har s\u00f6kt sig till Sahaja Yoga f\u00f6r att uppt\u00e4cka frid, tillfredsst\u00e4llelse och v\u00e4lbefinnande genom denna unika meditation.<\/p>\n<p>Tillsammans med Mahatma Gandhi deltog Shri Mataji som student i den icke-v\u00e5ldsamma kampen f\u00f6r Indiens sj\u00e4lvst\u00e4ndighet. Hon nominerades tv\u00e5 g\u00e5nger till Nobels fredspris och fick FN:s fredsmedalj 1989. Hon tillbringade mer \u00e4n 40 \u00e5r att resa v\u00e4rlden runt f\u00f6r att sprida sitt budskap om fred och enhet genom Sahaja Yoga-meditation. Hennes nyckelbudskap var att varje person b\u00e4r fr\u00f6et till sitt eget m\u00e4sterskap inom sig. De kan bli sin egen guru utan att tillgripa dogmer eller ritualer.<\/p>\n<p>Shri Mataji gick bort 2011, och hennes arv lever vidare i hennes anh\u00e4ngares samh\u00e4llsarbete runt om i v\u00e4rlden. Hon f\u00f6rklarade upprepade g\u00e5nger att det \u00e4r var m\u00e4nniskas r\u00e4ttighet att f\u00e5 sin sj\u00e4lvupplysning, utan kostnad.Processen att ge sj\u00e4lvupplysning till alla som \u00f6nskar forts\u00e4tter idag lika starkt som n\u00e4r hon sj\u00e4lv gav denna uppevelse personligen under alla de or\u00e4kneliga offentliga program.<\/p>\n<p>En dag kan den 5 May bli erk\u00e4nd som den viktigaste dagen i m\u00e4nsklighetens historia. Tills dess kommer den att fungera som ett universellt minnesm\u00e4rke f\u00f6r kanske den viktigaste &#8220;gurun&#8221; n\u00e5gonsin, som gav v\u00e4rlden en menignsfull, p\u00e5taglig andlighet.<\/p>\n<p>Den h\u00e4r artikeln publicerades f\u00f6rsta g\u00e5ngen den 3 maj 2013.<\/p>\n\n","protected":false},"excerpt":{"rendered":"<p>5 maj, World Realization Day Den 5 maj utropades World Realization Day f\u00f6r att hedra Shri Mataji Nirmala Devi, grundare av Sahaja Yoga Meditation Shri Mataji Nirmala Devi Sahaja Yoga World Foundation har gl\u00e4djen att tillk\u00e4nnage deklarationen den 5 maj som World Realization Day f\u00f6r att hedra arbetet och visionen av grundaren av Sahaja Yoga,&hellip; <br \/> <a class=\"read-more\" href=\"https:\/\/shrimataji.org\/test\/sv\/femte-maj-world-realization-day\/\">Read more<\/a><\/p>\n","protected":false},"author":58,"featured_media":0,"parent":0,"menu_order":0,"comment_status":"closed","ping_status":"closed","template":"","meta":{"inline_featured_image":false,"footnotes":""},"class_list":["post-23027","page","type-page","status-publish","hentry"],"yoast_head":"<!-- This site is optimized with the Yoast SEO plugin v27.4 - https:\/\/yoast.com\/product\/yoast-seo-wordpress\/ -->\n<title>5 Maj - World Realization Day - TEST - SMND<\/title>\n<meta name=\"robots\" content=\"noindex, follow, max-snippet:-1, max-image-preview:large, max-video-preview:-1\" \/>\n<meta property=\"og:locale\" content=\"en_US\" \/>\n<meta property=\"og:type\" content=\"article\" \/>\n<meta property=\"og:title\" content=\"5 Maj - World Realization Day - TEST - SMND\" \/>\n<meta property=\"og:description\" content=\"5 maj, World Realization Day Den 5 maj utropades World Realization Day f\u00f6r att hedra Shri Mataji Nirmala Devi, grundare av Sahaja Yoga Meditation Shri Mataji Nirmala Devi Sahaja Yoga World Foundation har gl\u00e4djen att tillk\u00e4nnage deklarationen den 5 maj som World Realization Day f\u00f6r att hedra arbetet och visionen av grundaren av Sahaja Yoga,&hellip; Read more\" \/>\n<meta property=\"og:url\" content=\"https:\/\/shrimataji.org\/test\/sv\/femte-maj-world-realization-day\/\" \/>\n<meta property=\"og:site_name\" content=\"TEST - SMND\" \/>\n<meta property=\"article:publisher\" content=\"https:\/\/www.facebook.com\/shrimataji\" \/>\n<meta property=\"article:modified_time\" content=\"2025-11-30T14:49:09+00:00\" \/>\n<meta property=\"og:image\" content=\"https:\/\/shrimataji.org\/test\/wp-content\/uploads\/2018\/07\/fp11-e1588597806347.jpg\" \/>\n\t<meta property=\"og:image:width\" content=\"707\" \/>\n\t<meta property=\"og:image:height\" content=\"700\" \/>\n\t<meta property=\"og:image:type\" content=\"image\/jpeg\" \/>\n<meta name=\"twitter:card\" content=\"summary_large_image\" \/>\n<meta name=\"twitter:site\" content=\"@shrimataji\" \/>\n<meta name=\"twitter:label1\" content=\"Est. reading time\" \/>\n\t<meta name=\"twitter:data1\" content=\"2 minutes\" \/>\n<script type=\"application\/ld+json\" class=\"yoast-schema-graph\">{\"@context\":\"https:\\\/\\\/schema.org\",\"@graph\":[{\"@type\":\"WebPage\",\"@id\":\"https:\\\/\\\/shrimataji.org\\\/test\\\/sv\\\/femte-maj-world-realization-day\\\/\",\"url\":\"https:\\\/\\\/shrimataji.org\\\/test\\\/sv\\\/femte-maj-world-realization-day\\\/\",\"name\":\"5 Maj - World Realization Day - TEST - SMND\",\"isPartOf\":{\"@id\":\"https:\\\/\\\/shrimataji.org\\\/test\\\/#website\"},\"datePublished\":\"2013-03-05T14:00:00+00:00\",\"dateModified\":\"2025-11-30T14:49:09+00:00\",\"breadcrumb\":{\"@id\":\"https:\\\/\\\/shrimataji.org\\\/test\\\/sv\\\/femte-maj-world-realization-day\\\/#breadcrumb\"},\"inLanguage\":\"en-US\",\"potentialAction\":[{\"@type\":\"ReadAction\",\"target\":[\"https:\\\/\\\/shrimataji.org\\\/test\\\/sv\\\/femte-maj-world-realization-day\\\/\"]}]},{\"@type\":\"BreadcrumbList\",\"@id\":\"https:\\\/\\\/shrimataji.org\\\/test\\\/sv\\\/femte-maj-world-realization-day\\\/#breadcrumb\",\"itemListElement\":[{\"@type\":\"ListItem\",\"position\":1,\"name\":\"Home\",\"item\":\"https:\\\/\\\/shrimataji.org\\\/test\\\/uk\\\/home-en\\\/\"},{\"@type\":\"ListItem\",\"position\":2,\"name\":\"5 Maj &#8211; World Realization Day\"}]},{\"@type\":\"WebSite\",\"@id\":\"https:\\\/\\\/shrimataji.org\\\/test\\\/#website\",\"url\":\"https:\\\/\\\/shrimataji.org\\\/test\\\/\",\"name\":\"Shri Mataji Nirmala Devi\",\"description\":\"A Life Dedicated to Humanity\",\"publisher\":{\"@id\":\"https:\\\/\\\/shrimataji.org\\\/test\\\/#\\\/schema\\\/person\\\/a1b3419c6585f164aa96da1ff85715d1\"},\"potentialAction\":[{\"@type\":\"SearchAction\",\"target\":{\"@type\":\"EntryPoint\",\"urlTemplate\":\"https:\\\/\\\/shrimataji.org\\\/test\\\/?s={search_term_string}\"},\"query-input\":{\"@type\":\"PropertyValueSpecification\",\"valueRequired\":true,\"valueName\":\"search_term_string\"}}],\"inLanguage\":\"en-US\"},{\"@type\":[\"Person\",\"Organization\"],\"@id\":\"https:\\\/\\\/shrimataji.org\\\/test\\\/#\\\/schema\\\/person\\\/a1b3419c6585f164aa96da1ff85715d1\",\"name\":\"Nirmala Shrivastava\",\"image\":{\"@type\":\"ImageObject\",\"inLanguage\":\"en-US\",\"@id\":\"https:\\\/\\\/shrimataji.org\\\/test\\\/wp-content\\\/uploads\\\/2023\\\/02\\\/SMO_LOGO-03.svg\",\"url\":\"https:\\\/\\\/shrimataji.org\\\/test\\\/wp-content\\\/uploads\\\/2023\\\/02\\\/SMO_LOGO-03.svg\",\"contentUrl\":\"https:\\\/\\\/shrimataji.org\\\/test\\\/wp-content\\\/uploads\\\/2023\\\/02\\\/SMO_LOGO-03.svg\",\"width\":\"1024\",\"height\":\"1024\",\"caption\":\"Nirmala Shrivastava\"},\"logo\":{\"@id\":\"https:\\\/\\\/shrimataji.org\\\/test\\\/wp-content\\\/uploads\\\/2023\\\/02\\\/SMO_LOGO-03.svg\"},\"sameAs\":[\"https:\\\/\\\/shrimataji.org\\\/test\",\"https:\\\/\\\/www.facebook.com\\\/shrimataji\",\"https:\\\/\\\/x.com\\\/shrimataji\",\"https:\\\/\\\/www.youtube.com\\\/@Shri_Mataji_Nirmala_Devi\\\/featured\"]}]}<\/script>\n<!-- \/ Yoast SEO plugin. -->","yoast_head_json":{"title":"5 Maj - World Realization Day - TEST - SMND","robots":{"index":"noindex","follow":"follow","max-snippet":"max-snippet:-1","max-image-preview":"max-image-preview:large","max-video-preview":"max-video-preview:-1"},"og_locale":"en_US","og_type":"article","og_title":"5 Maj - World Realization Day - TEST - SMND","og_description":"5 maj, World Realization Day Den 5 maj utropades World Realization Day f\u00f6r att hedra Shri Mataji Nirmala Devi, grundare av Sahaja Yoga Meditation Shri Mataji Nirmala Devi Sahaja Yoga World Foundation har gl\u00e4djen att tillk\u00e4nnage deklarationen den 5 maj som World Realization Day f\u00f6r att hedra arbetet och visionen av grundaren av Sahaja Yoga,&hellip; Read more","og_url":"https:\/\/shrimataji.org\/test\/sv\/femte-maj-world-realization-day\/","og_site_name":"TEST - SMND","article_publisher":"https:\/\/www.facebook.com\/shrimataji","article_modified_time":"2025-11-30T14:49:09+00:00","og_image":[{"width":707,"height":700,"url":"https:\/\/shrimataji.org\/test\/wp-content\/uploads\/2018\/07\/fp11-e1588597806347.jpg","type":"image\/jpeg"}],"twitter_card":"summary_large_image","twitter_site":"@shrimataji","twitter_misc":{"Est. reading time":"2 minutes"},"schema":{"@context":"https:\/\/schema.org","@graph":[{"@type":"WebPage","@id":"https:\/\/shrimataji.org\/test\/sv\/femte-maj-world-realization-day\/","url":"https:\/\/shrimataji.org\/test\/sv\/femte-maj-world-realization-day\/","name":"5 Maj - World Realization Day - TEST - SMND","isPartOf":{"@id":"https:\/\/shrimataji.org\/test\/#website"},"datePublished":"2013-03-05T14:00:00+00:00","dateModified":"2025-11-30T14:49:09+00:00","breadcrumb":{"@id":"https:\/\/shrimataji.org\/test\/sv\/femte-maj-world-realization-day\/#breadcrumb"},"inLanguage":"en-US","potentialAction":[{"@type":"ReadAction","target":["https:\/\/shrimataji.org\/test\/sv\/femte-maj-world-realization-day\/"]}]},{"@type":"BreadcrumbList","@id":"https:\/\/shrimataji.org\/test\/sv\/femte-maj-world-realization-day\/#breadcrumb","itemListElement":[{"@type":"ListItem","position":1,"name":"Home","item":"https:\/\/shrimataji.org\/test\/uk\/home-en\/"},{"@type":"ListItem","position":2,"name":"5 Maj &#8211; World Realization Day"}]},{"@type":"WebSite","@id":"https:\/\/shrimataji.org\/test\/#website","url":"https:\/\/shrimataji.org\/test\/","name":"Shri Mataji Nirmala Devi","description":"A Life Dedicated to Humanity","publisher":{"@id":"https:\/\/shrimataji.org\/test\/#\/schema\/person\/a1b3419c6585f164aa96da1ff85715d1"},"potentialAction":[{"@type":"SearchAction","target":{"@type":"EntryPoint","urlTemplate":"https:\/\/shrimataji.org\/test\/?s={search_term_string}"},"query-input":{"@type":"PropertyValueSpecification","valueRequired":true,"valueName":"search_term_string"}}],"inLanguage":"en-US"},{"@type":["Person","Organization"],"@id":"https:\/\/shrimataji.org\/test\/#\/schema\/person\/a1b3419c6585f164aa96da1ff85715d1","name":"Nirmala Shrivastava","image":{"@type":"ImageObject","inLanguage":"en-US","@id":"https:\/\/shrimataji.org\/test\/wp-content\/uploads\/2023\/02\/SMO_LOGO-03.svg","url":"https:\/\/shrimataji.org\/test\/wp-content\/uploads\/2023\/02\/SMO_LOGO-03.svg","contentUrl":"https:\/\/shrimataji.org\/test\/wp-content\/uploads\/2023\/02\/SMO_LOGO-03.svg","width":"1024","height":"1024","caption":"Nirmala Shrivastava"},"logo":{"@id":"https:\/\/shrimataji.org\/test\/wp-content\/uploads\/2023\/02\/SMO_LOGO-03.svg"},"sameAs":["https:\/\/shrimataji.org\/test","https:\/\/www.facebook.com\/shrimataji","https:\/\/x.com\/shrimataji","https:\/\/www.youtube.com\/@Shri_Mataji_Nirmala_Devi\/featured"]}]}},"lang":"sv","translations":{"sv":23027,"en":453,"am":18037,"th":19998,"hu":19518,"sq":18438,"zh":17335,"tr":10183,"pt":10395,"de":10669,"fr":10767,"it":10865,"es":10962,"ja":11259,"ru":11447,"bn":11639,"te":11747,"sw":11870,"he":12018,"el":12310,"sk":12408,"fa":12506,"fi":12604,"bg":13491,"ro":14566,"cs":14759,"nl":16598,"ku":16758,"ar":16934,"be":18645,"kn":18919,"mr":20362,"uk":20656,"ml":20951,"ta":22756,"gu":28870,"pa":29030,"fil":29475},"pll_sync_post":[],"_links":{"self":[{"href":"https:\/\/shrimataji.org\/test\/wp-json\/wp\/v2\/pages\/23027","targetHints":{"allow":["GET"]}}],"collection":[{"href":"https:\/\/shrimataji.org\/test\/wp-json\/wp\/v2\/pages"}],"about":[{"href":"https:\/\/shrimataji.org\/test\/wp-json\/wp\/v2\/types\/page"}],"author":[{"embeddable":true,"href":"https:\/\/shrimataji.org\/test\/wp-json\/wp\/v2\/users\/58"}],"replies":[{"embeddable":true,"href":"https:\/\/shrimataji.org\/test\/wp-json\/wp\/v2\/comments?post=23027"}],"version-history":[{"count":0,"href":"https:\/\/shrimataji.org\/test\/wp-json\/wp\/v2\/pages\/23027\/revisions"}],"wp:attachment":[{"href":"https:\/\/shrimataji.org\/test\/wp-json\/wp\/v2\/media?parent=23027"}],"curies":[{"name":"wp","href":"https:\/\/api.w.org\/{rel}","templated":true}]}}