{"id":23028,"date":"2022-02-25T05:44:57","date_gmt":"2022-02-25T05:44:57","guid":{"rendered":"https:\/\/test.shrimataji.org\/?page_id=6480"},"modified":"2026-01-08T19:45:55","modified_gmt":"2026-01-08T19:45:55","slug":"mooladhara-chakra-sv","status":"publish","type":"page","link":"https:\/\/shrimataji.org\/test\/sv\/mooladhara-chakra-sv\/","title":{"rendered":"Mooladhara Chakra SV"},"content":{"rendered":"\n\n\t<h1>Mooladhara Chakra<\/h1>\n<h2>Oskuldsfullhet och visdom<\/h2>\n<div class=\"su-quote su-quote-style-default\"><div class=\"su-quote-inner su-u-clearfix su-u-trim\">Mooladhara kommer fr\u00e5n tv\u00e5 ord p\u00e5 sanskrit: &#8220;moola&#8221; som betyder &#8220;rot&#8221; och &#8220;adhara&#8221; som betyder &#8220;st\u00f6det&#8221;, s\u00e5 betydelsen \u00e4r rotst\u00f6det f\u00f6r Skapelsen<\/div><\/div>\n<h4>Vi kommer till v\u00e4rlden som oskyldiga sp\u00e4dbarn, och d\u00e4rf\u00f6r kan vi s\u00e4ga att denna barnlika egenskapen \u00e4r ett medf\u00f6dd personlighetsdrag. Oskuldsfullhet, spontanitet och visdom \u00e4r manifestationen av detta energicentrum. Det representerar de eviga och of\u00f6rst\u00f6rbara egenskaperna inom oss. Dessa egenskaper manifesteras till sin fulla potential n\u00e4r v\u00e5r <a href=\"https:\/\/shrimataji.org\/test\/sv\/kundalini\/\">kundalinienergi<\/a> aktiverar detta chakra. P\u00e5 en fysisk niv\u00e5 styr detta centrum uts\u00f6ndringen och det reproduktiva systemet. P\u00e5 en andlig niv\u00e5 utg\u00f6r v\u00e5rt Mooladhara Chakra grunden f\u00f6r hela det subtila systemet.<\/h4>\n<p>N\u00e4r vi v\u00e4xer genom meditation b\u00f6rjar vi f\u00f6rdjupas v\u00e5r k\u00e4nsla av oskuldsfullhet, respekt och k\u00e4rlek till oss sj\u00e4lva och till andra. Vi uppt\u00e4cker ocks\u00e5 att v\u00e5rt minne f\u00f6rb\u00e4ttras enormt n\u00e4r v\u00e5rt sinne kan rensa bort irrelevanta distraktioner. N\u00e4r detta centrum f\u00f6rb\u00e4ttras utvecklar vi en tilldragande, magnetisk personlighet.<\/p>\n\t\t<iframe loading=\"lazy\" title=\"Mooladhara Chakra\" width=\"1920\" height=\"1080\" src=\"https:\/\/www.youtube.com\/embed\/k_tSck7QxHQ?feature=oembed\" frameborder=\"0\" allow=\"accelerometer; autoplay; clipboard-write; encrypted-media; gyroscope; picture-in-picture; web-share\" allowfullscreen><\/iframe>\t\n\t<strong>Plats:<\/strong><br \/>\nMooladhara Chakra \u00e4r bel\u00e4get i b\u00e4ckenplexus vid basen av v\u00e5r ryggrad. Vibrationerna fr\u00e5n detta rotchakra kan k\u00e4nnas p\u00e5 handloven av v\u00e5r hand.\n<strong>F\u00e4rg<\/strong>:<strong><br \/>\n<\/strong>Detta chakra representeras av en korallr\u00f6d f\u00e4rg. Chakrat har en n\u00e4ra koppling med jordelementet.\n<p><strong>De subtila egenskaperna hos Mooladhara Chakra inkluderar:<\/strong><\/p>\n\u2022 Oskuldsfullhet<br \/>\n\u2022 Renhet<br \/>\n\u2022 Enkelhet<br \/>\n\u2022 Barnasinnad gl\u00e4dje<br \/>\n\u2022 Inre visdom<br \/>\n\u2022 V\u00e4rdighet<br \/>\n\u2022 Balans<br \/>\n\u2022 Syfte och riktning<br \/>\n\u2022 Koppling till jordelementet<br \/>\n\u2022 Harmoni med naturen\n\t\t\t\t<a href=\"https:\/\/shrimataji.org\/test\/wp-content\/uploads\/2023\/02\/1-Mooladhara-01.png\"  target=\"_blank\" rel=\"noopener\"  itemprop=\"url\">\n\t\t\t\t<img decoding=\"async\" src=\"https:\/\/shrimataji.org\/test\/wp-content\/uploads\/2024\/01\/TR_1-Mooladhara.png\" alt=\"TR_1-Mooladhara\" itemprop=\"image\" height=\"1644\" width=\"1543\" title=\"TR_1-Mooladhara\" onerror=\"this.style.display='none'\" loading=\"lazy\" \/>\n\t\t\t\t<\/a>\n\t<div class=\"su-quote su-quote-style-default\"><div class=\"su-quote-inner su-u-clearfix su-u-trim\">Det l\u00e4gsta chakrat representerar v\u00e5r oskuldsfullhet. Oskuldsfullheten inom oss kan aldrig f\u00f6rst\u00f6ras d\u00e5 den \u00e4r evig, den kan bara verka dold av moln.Med uppvaknandet av Kundalini kommer oskuldsfullheten tillbaka till oss. V\u00e5r uppm\u00e4rksamhet blir helt oskuldsfull och det finns inget beg\u00e4r eller girighet i v\u00e5rt beaktande.<\/div><\/div>\n\t<strong>Upplevelser och f\u00f6rdelar:<br \/>\n<\/strong>Ett balanserat Mooladhara Chakra hj\u00e4lper dig att beh\u00e5lla och vidga din inre vishet. Du f\u00e5r den inneboende f\u00f6rm\u00e5gan att skilja mellan r\u00e4tt och fel. N\u00e4r \u00e4kta vishet r\u00e5der undviker man handlingar (eller overksamhet) som skadar dig eller andra.\n<p>Ett balanserat Mooladhara Chakra leder ocks\u00e5 till f\u00f6rb\u00e4ttrat minne, uppm\u00e4rksamhet och fokus. Man kan fatta intellektuella beslut effektivt och samtidigt bibeh\u00e5lla k\u00e4nslom\u00e4ssig balans och stabilitet. Eftersom Mooladhara-chakrat bildas av jordelementet, spelar det en viktig roll i att f\u00f6rbinda v\u00e5r medvetenhet med Moder Natur och vi kan njuta av att leva ett liv i fullst\u00e4ndig harmoni med jordens barmh\u00e4rtighet. Det hj\u00e4lper oss ocks\u00e5 att undvika onaturliga eller oh\u00e4lsosamma livsstilar (de som kan anses vara &#8220;perversa&#8221; eller &#8220;mot naturen&#8221;). Ett utvecklat Mooladhara Chakra till\u00e5ter oss att f\u00f6rst\u00e5 och respektera v\u00e5r egen oskuldsfullhet och renhet, s\u00e5v\u00e4l som andras. N\u00e4r vi upplever en st\u00f6rning p\u00e5 v\u00e5rt Mooladhara Chakra kan vissa sjukdomar uppst\u00e5.<\/p>\n<p>Problem med v\u00e4nstra energikanalen, s\u00e5som depression eller letargi, kan ocks\u00e5 f\u00f6rebyggas genom att balansera Mooladhara-chakrat. Problem med h\u00f6ger kanal, s\u00e5som aggressivt beteende, \u00f6verdriven tankeverksamhet och planering samt om\u00e5ttligt fokus p\u00e5 njutning kan ocks\u00e5 elimineras genom att etablera en korrekt balans i Mooladhara Chakra.<\/p>\n<strong>Self-Assessment:<br \/>\n<\/strong>If your Mooladhara Chakra is out of balance, you may experience a poor sense of direction, poor memory, or a poor sense of balance (gravity). Other symptoms of disruption in this Chakra include excretory problems, sexual disorders and reproductive difficulties.\n<strong>Sj\u00e4lvbed\u00f6mning:<br \/>\n<\/strong>Om ditt Mooladhara Chakra \u00e4r ur balans kan du uppleva ett d\u00e5lig lokalsinne, d\u00e5ligt minne eller d\u00e5lig balansk\u00e4nsla (gravitation). Andra symtom p\u00e5 st\u00f6rningar i detta chakra kan vara problem med fysiskt uts\u00f6ndring, sexuella st\u00f6rningar och reproduktiva utmaningar.<strong><br \/>\n<\/strong>\n<strong>Orsaker till obalans:<br \/>\n<\/strong>\u2022 Extrem mental aktivitet och starkt fokus p\u00e5 kroppslig njutning kan skapa en blockering i detta centrum<br \/>\n\u2022 Negativ social p\u00e5verkan kan ocks\u00e5 p\u00e5verka de medf\u00f6dda egenskaperna oskuldsfullhet och vishet som \u00e4r en del av v\u00e5rt Mooladhara Chakra.\n<strong>S\u00e5 h\u00e4r balanserar du:<br \/>\n<\/strong>Regelbunden Sahaja Yoga meditation hj\u00e4lper att balansera v\u00e5rt Mooladhara Chakra och st\u00e4rka v\u00e5rt medvetande om dess vackra inneboende egenskaperna. Till att b\u00f6rja med b\u00f6r du sitta direkt p\u00e5 jorden s\u00e5 ofta som m\u00f6jligtc och p\u00e5 s\u00e5 s\u00e4tt rena ditt v\u00e4nstra Mooladhara Chakra, och p\u00e5 s\u00e5 s\u00e4tt samtidigt njuta av en fridfull stund utomhus. Placera b\u00e5da h\u00e4nderna p\u00e5 marken bredvid dina h\u00f6fter, handflatorna v\u00e4nda ned\u00e5t.\n<p>Om du inte kan spendera tid utomhus kan du ist\u00e4llet ta ett fotbad i en balja eller bunke med ljummet saltat vatten. Detta kan ocks\u00e5 vara till hj\u00e4lp f\u00f6r att balansera Mooladhara Chakra.<\/p>\n\n","protected":false},"excerpt":{"rendered":"<p>Mooladhara Chakra Oskuldsfullhet och visdom Vi kommer till v\u00e4rlden som oskyldiga sp\u00e4dbarn, och d\u00e4rf\u00f6r kan vi s\u00e4ga att denna barnlika egenskapen \u00e4r ett medf\u00f6dd personlighetsdrag. Oskuldsfullhet, spontanitet och visdom \u00e4r manifestationen av detta energicentrum. Det representerar de eviga och of\u00f6rst\u00f6rbara egenskaperna inom oss. Dessa egenskaper manifesteras till sin fulla potential n\u00e4r v\u00e5r kundalinienergi aktiverar detta&hellip; <br \/> <a class=\"read-more\" href=\"https:\/\/shrimataji.org\/test\/sv\/mooladhara-chakra-sv\/\">Read more<\/a><\/p>\n","protected":false},"author":1,"featured_media":23029,"parent":0,"menu_order":0,"comment_status":"closed","ping_status":"closed","template":"","meta":{"inline_featured_image":false,"footnotes":""},"class_list":["post-23028","page","type-page","status-publish","has-post-thumbnail","hentry"],"yoast_head":"<!-- This site is optimized with the Yoast SEO plugin v27.4 - https:\/\/yoast.com\/product\/yoast-seo-wordpress\/ -->\n<title>Mooladhara Chakra SV - TEST - SMND<\/title>\n<meta name=\"robots\" content=\"noindex, follow, max-snippet:-1, max-image-preview:large, max-video-preview:-1\" \/>\n<meta property=\"og:locale\" content=\"en_US\" \/>\n<meta property=\"og:type\" content=\"article\" \/>\n<meta property=\"og:title\" content=\"Mooladhara Chakra SV - TEST - SMND\" \/>\n<meta property=\"og:description\" content=\"Mooladhara Chakra Oskuldsfullhet och visdom Vi kommer till v\u00e4rlden som oskyldiga sp\u00e4dbarn, och d\u00e4rf\u00f6r kan vi s\u00e4ga att denna barnlika egenskapen \u00e4r ett medf\u00f6dd personlighetsdrag. Oskuldsfullhet, spontanitet och visdom \u00e4r manifestationen av detta energicentrum. Det representerar de eviga och of\u00f6rst\u00f6rbara egenskaperna inom oss. Dessa egenskaper manifesteras till sin fulla potential n\u00e4r v\u00e5r kundalinienergi aktiverar detta&hellip; Read more\" \/>\n<meta property=\"og:url\" content=\"https:\/\/shrimataji.org\/test\/sv\/mooladhara-chakra-sv\/\" \/>\n<meta property=\"og:site_name\" content=\"TEST - SMND\" \/>\n<meta property=\"article:publisher\" content=\"https:\/\/www.facebook.com\/shrimataji\" \/>\n<meta property=\"article:modified_time\" content=\"2026-01-08T19:45:55+00:00\" \/>\n<meta property=\"og:image\" content=\"https:\/\/shrimataji.org\/test\/wp-content\/uploads\/2023\/03\/16_Banner-SY-Chakra-mool-scaled.jpg\" \/>\n\t<meta property=\"og:image:width\" content=\"2560\" \/>\n\t<meta property=\"og:image:height\" content=\"905\" \/>\n\t<meta property=\"og:image:type\" content=\"image\/jpeg\" \/>\n<meta name=\"twitter:card\" content=\"summary_large_image\" \/>\n<meta name=\"twitter:site\" content=\"@shrimataji\" \/>\n<meta name=\"twitter:label1\" content=\"Est. reading time\" \/>\n\t<meta name=\"twitter:data1\" content=\"4 minutes\" \/>\n<script type=\"application\/ld+json\" class=\"yoast-schema-graph\">{\"@context\":\"https:\\\/\\\/schema.org\",\"@graph\":[{\"@type\":\"WebPage\",\"@id\":\"https:\\\/\\\/shrimataji.org\\\/test\\\/sv\\\/mooladhara-chakra-sv\\\/\",\"url\":\"https:\\\/\\\/shrimataji.org\\\/test\\\/sv\\\/mooladhara-chakra-sv\\\/\",\"name\":\"Mooladhara Chakra SV - TEST - SMND\",\"isPartOf\":{\"@id\":\"https:\\\/\\\/shrimataji.org\\\/test\\\/#website\"},\"primaryImageOfPage\":{\"@id\":\"https:\\\/\\\/shrimataji.org\\\/test\\\/sv\\\/mooladhara-chakra-sv\\\/#primaryimage\"},\"image\":{\"@id\":\"https:\\\/\\\/shrimataji.org\\\/test\\\/sv\\\/mooladhara-chakra-sv\\\/#primaryimage\"},\"thumbnailUrl\":\"https:\\\/\\\/shrimataji.org\\\/test\\\/wp-content\\\/uploads\\\/2023\\\/03\\\/16_Banner-SY-Chakra-mool-scaled.jpg\",\"datePublished\":\"2022-02-25T05:44:57+00:00\",\"dateModified\":\"2026-01-08T19:45:55+00:00\",\"breadcrumb\":{\"@id\":\"https:\\\/\\\/shrimataji.org\\\/test\\\/sv\\\/mooladhara-chakra-sv\\\/#breadcrumb\"},\"inLanguage\":\"en-US\",\"potentialAction\":[{\"@type\":\"ReadAction\",\"target\":[\"https:\\\/\\\/shrimataji.org\\\/test\\\/sv\\\/mooladhara-chakra-sv\\\/\"]}]},{\"@type\":\"ImageObject\",\"inLanguage\":\"en-US\",\"@id\":\"https:\\\/\\\/shrimataji.org\\\/test\\\/sv\\\/mooladhara-chakra-sv\\\/#primaryimage\",\"url\":\"https:\\\/\\\/shrimataji.org\\\/test\\\/wp-content\\\/uploads\\\/2023\\\/03\\\/16_Banner-SY-Chakra-mool-scaled.jpg\",\"contentUrl\":\"https:\\\/\\\/shrimataji.org\\\/test\\\/wp-content\\\/uploads\\\/2023\\\/03\\\/16_Banner-SY-Chakra-mool-scaled.jpg\",\"width\":2560,\"height\":905},{\"@type\":\"BreadcrumbList\",\"@id\":\"https:\\\/\\\/shrimataji.org\\\/test\\\/sv\\\/mooladhara-chakra-sv\\\/#breadcrumb\",\"itemListElement\":[{\"@type\":\"ListItem\",\"position\":1,\"name\":\"Home\",\"item\":\"https:\\\/\\\/shrimataji.org\\\/test\\\/uk\\\/home-en\\\/\"},{\"@type\":\"ListItem\",\"position\":2,\"name\":\"Mooladhara Chakra SV\"}]},{\"@type\":\"WebSite\",\"@id\":\"https:\\\/\\\/shrimataji.org\\\/test\\\/#website\",\"url\":\"https:\\\/\\\/shrimataji.org\\\/test\\\/\",\"name\":\"Shri Mataji Nirmala Devi\",\"description\":\"A Life Dedicated to Humanity\",\"publisher\":{\"@id\":\"https:\\\/\\\/shrimataji.org\\\/test\\\/#\\\/schema\\\/person\\\/a1b3419c6585f164aa96da1ff85715d1\"},\"potentialAction\":[{\"@type\":\"SearchAction\",\"target\":{\"@type\":\"EntryPoint\",\"urlTemplate\":\"https:\\\/\\\/shrimataji.org\\\/test\\\/?s={search_term_string}\"},\"query-input\":{\"@type\":\"PropertyValueSpecification\",\"valueRequired\":true,\"valueName\":\"search_term_string\"}}],\"inLanguage\":\"en-US\"},{\"@type\":[\"Person\",\"Organization\"],\"@id\":\"https:\\\/\\\/shrimataji.org\\\/test\\\/#\\\/schema\\\/person\\\/a1b3419c6585f164aa96da1ff85715d1\",\"name\":\"Nirmala Shrivastava\",\"image\":{\"@type\":\"ImageObject\",\"inLanguage\":\"en-US\",\"@id\":\"https:\\\/\\\/shrimataji.org\\\/test\\\/wp-content\\\/uploads\\\/2023\\\/02\\\/SMO_LOGO-03.svg\",\"url\":\"https:\\\/\\\/shrimataji.org\\\/test\\\/wp-content\\\/uploads\\\/2023\\\/02\\\/SMO_LOGO-03.svg\",\"contentUrl\":\"https:\\\/\\\/shrimataji.org\\\/test\\\/wp-content\\\/uploads\\\/2023\\\/02\\\/SMO_LOGO-03.svg\",\"width\":\"1024\",\"height\":\"1024\",\"caption\":\"Nirmala Shrivastava\"},\"logo\":{\"@id\":\"https:\\\/\\\/shrimataji.org\\\/test\\\/wp-content\\\/uploads\\\/2023\\\/02\\\/SMO_LOGO-03.svg\"},\"sameAs\":[\"https:\\\/\\\/shrimataji.org\\\/test\",\"https:\\\/\\\/www.facebook.com\\\/shrimataji\",\"https:\\\/\\\/x.com\\\/shrimataji\",\"https:\\\/\\\/www.youtube.com\\\/@Shri_Mataji_Nirmala_Devi\\\/featured\"]}]}<\/script>\n<!-- \/ Yoast SEO plugin. -->","yoast_head_json":{"title":"Mooladhara Chakra SV - TEST - SMND","robots":{"index":"noindex","follow":"follow","max-snippet":"max-snippet:-1","max-image-preview":"max-image-preview:large","max-video-preview":"max-video-preview:-1"},"og_locale":"en_US","og_type":"article","og_title":"Mooladhara Chakra SV - TEST - SMND","og_description":"Mooladhara Chakra Oskuldsfullhet och visdom Vi kommer till v\u00e4rlden som oskyldiga sp\u00e4dbarn, och d\u00e4rf\u00f6r kan vi s\u00e4ga att denna barnlika egenskapen \u00e4r ett medf\u00f6dd personlighetsdrag. Oskuldsfullhet, spontanitet och visdom \u00e4r manifestationen av detta energicentrum. Det representerar de eviga och of\u00f6rst\u00f6rbara egenskaperna inom oss. Dessa egenskaper manifesteras till sin fulla potential n\u00e4r v\u00e5r kundalinienergi aktiverar detta&hellip; Read more","og_url":"https:\/\/shrimataji.org\/test\/sv\/mooladhara-chakra-sv\/","og_site_name":"TEST - SMND","article_publisher":"https:\/\/www.facebook.com\/shrimataji","article_modified_time":"2026-01-08T19:45:55+00:00","og_image":[{"width":2560,"height":905,"url":"https:\/\/shrimataji.org\/test\/wp-content\/uploads\/2023\/03\/16_Banner-SY-Chakra-mool-scaled.jpg","type":"image\/jpeg"}],"twitter_card":"summary_large_image","twitter_site":"@shrimataji","twitter_misc":{"Est. reading time":"4 minutes"},"schema":{"@context":"https:\/\/schema.org","@graph":[{"@type":"WebPage","@id":"https:\/\/shrimataji.org\/test\/sv\/mooladhara-chakra-sv\/","url":"https:\/\/shrimataji.org\/test\/sv\/mooladhara-chakra-sv\/","name":"Mooladhara Chakra SV - TEST - SMND","isPartOf":{"@id":"https:\/\/shrimataji.org\/test\/#website"},"primaryImageOfPage":{"@id":"https:\/\/shrimataji.org\/test\/sv\/mooladhara-chakra-sv\/#primaryimage"},"image":{"@id":"https:\/\/shrimataji.org\/test\/sv\/mooladhara-chakra-sv\/#primaryimage"},"thumbnailUrl":"https:\/\/shrimataji.org\/test\/wp-content\/uploads\/2023\/03\/16_Banner-SY-Chakra-mool-scaled.jpg","datePublished":"2022-02-25T05:44:57+00:00","dateModified":"2026-01-08T19:45:55+00:00","breadcrumb":{"@id":"https:\/\/shrimataji.org\/test\/sv\/mooladhara-chakra-sv\/#breadcrumb"},"inLanguage":"en-US","potentialAction":[{"@type":"ReadAction","target":["https:\/\/shrimataji.org\/test\/sv\/mooladhara-chakra-sv\/"]}]},{"@type":"ImageObject","inLanguage":"en-US","@id":"https:\/\/shrimataji.org\/test\/sv\/mooladhara-chakra-sv\/#primaryimage","url":"https:\/\/shrimataji.org\/test\/wp-content\/uploads\/2023\/03\/16_Banner-SY-Chakra-mool-scaled.jpg","contentUrl":"https:\/\/shrimataji.org\/test\/wp-content\/uploads\/2023\/03\/16_Banner-SY-Chakra-mool-scaled.jpg","width":2560,"height":905},{"@type":"BreadcrumbList","@id":"https:\/\/shrimataji.org\/test\/sv\/mooladhara-chakra-sv\/#breadcrumb","itemListElement":[{"@type":"ListItem","position":1,"name":"Home","item":"https:\/\/shrimataji.org\/test\/uk\/home-en\/"},{"@type":"ListItem","position":2,"name":"Mooladhara Chakra SV"}]},{"@type":"WebSite","@id":"https:\/\/shrimataji.org\/test\/#website","url":"https:\/\/shrimataji.org\/test\/","name":"Shri Mataji Nirmala Devi","description":"A Life Dedicated to Humanity","publisher":{"@id":"https:\/\/shrimataji.org\/test\/#\/schema\/person\/a1b3419c6585f164aa96da1ff85715d1"},"potentialAction":[{"@type":"SearchAction","target":{"@type":"EntryPoint","urlTemplate":"https:\/\/shrimataji.org\/test\/?s={search_term_string}"},"query-input":{"@type":"PropertyValueSpecification","valueRequired":true,"valueName":"search_term_string"}}],"inLanguage":"en-US"},{"@type":["Person","Organization"],"@id":"https:\/\/shrimataji.org\/test\/#\/schema\/person\/a1b3419c6585f164aa96da1ff85715d1","name":"Nirmala Shrivastava","image":{"@type":"ImageObject","inLanguage":"en-US","@id":"https:\/\/shrimataji.org\/test\/wp-content\/uploads\/2023\/02\/SMO_LOGO-03.svg","url":"https:\/\/shrimataji.org\/test\/wp-content\/uploads\/2023\/02\/SMO_LOGO-03.svg","contentUrl":"https:\/\/shrimataji.org\/test\/wp-content\/uploads\/2023\/02\/SMO_LOGO-03.svg","width":"1024","height":"1024","caption":"Nirmala Shrivastava"},"logo":{"@id":"https:\/\/shrimataji.org\/test\/wp-content\/uploads\/2023\/02\/SMO_LOGO-03.svg"},"sameAs":["https:\/\/shrimataji.org\/test","https:\/\/www.facebook.com\/shrimataji","https:\/\/x.com\/shrimataji","https:\/\/www.youtube.com\/@Shri_Mataji_Nirmala_Devi\/featured"]}]}},"lang":"sv","translations":{"sv":23028,"ur":37466,"en":10186,"am":18038,"th":20000,"hu":19520,"sq":18439,"zh":17336,"ja":11260,"hi":8319,"pt":10396,"de":10670,"fr":10768,"it":10866,"es":10963,"ru":11448,"bn":11640,"te":11748,"sw":11871,"he":12019,"el":12311,"sk":12409,"fa":12507,"fi":12605,"bg":13376,"ro":14450,"cs":14643,"nl":16599,"ku":16759,"ar":16935,"be":18646,"kn":18920,"mr":20364,"uk":20658,"ml":20953,"ta":22757,"gu":28871,"pa":29031,"fil":29476,"da":37778,"pl":37990,"nn":38330},"pll_sync_post":[],"_links":{"self":[{"href":"https:\/\/shrimataji.org\/test\/wp-json\/wp\/v2\/pages\/23028","targetHints":{"allow":["GET"]}}],"collection":[{"href":"https:\/\/shrimataji.org\/test\/wp-json\/wp\/v2\/pages"}],"about":[{"href":"https:\/\/shrimataji.org\/test\/wp-json\/wp\/v2\/types\/page"}],"author":[{"embeddable":true,"href":"https:\/\/shrimataji.org\/test\/wp-json\/wp\/v2\/users\/1"}],"replies":[{"embeddable":true,"href":"https:\/\/shrimataji.org\/test\/wp-json\/wp\/v2\/comments?post=23028"}],"version-history":[{"count":0,"href":"https:\/\/shrimataji.org\/test\/wp-json\/wp\/v2\/pages\/23028\/revisions"}],"wp:featuredmedia":[{"embeddable":true,"href":"https:\/\/shrimataji.org\/test\/wp-json\/wp\/v2\/media\/23029"}],"wp:attachment":[{"href":"https:\/\/shrimataji.org\/test\/wp-json\/wp\/v2\/media?parent=23028"}],"curies":[{"name":"wp","href":"https:\/\/api.w.org\/{rel}","templated":true}]}}