{"id":23030,"date":"2022-03-05T07:37:21","date_gmt":"2022-03-05T07:37:21","guid":{"rendered":"https:\/\/test.shrimataji.org\/?page_id=6487"},"modified":"2026-01-08T19:45:55","modified_gmt":"2026-01-08T19:45:55","slug":"nabhi-chakra-sv","status":"publish","type":"page","link":"https:\/\/shrimataji.org\/test\/sv\/nabhi-chakra-sv\/","title":{"rendered":"Nabhi Chakra SV"},"content":{"rendered":"\n\n\t<h1>Nabhi Chakra<\/h1>\n<h2>Tillfredsst\u00e4llelse, evolution, v\u00e4lbefinnande<\/h2>\n<h4>N\u00e4r vi v\u00e4xer upp och l\u00e4mnar barndomens v\u00e4lbekanta betingade f\u00f6ruts\u00e4ttningar, st\u00e4lls vi inf\u00f6r utmaningar n\u00e4r vi tvingas m\u00f6ta den verkighet som livet erbjuder. Men inom oss finns etiska koder som ger oss fast v\u00e4gledning om hur vi ska bete oss och interagera med samh\u00e4llet i stort p\u00e5 ett v\u00e4rdigt och positivt s\u00e4tt.<\/h4>\n<p>Det tredje chakrat ger oss en inneboende k\u00e4nsla av etiskt beteende. Denna inbyggda sociala kod har uttryckts genom tiderna genom liv och g\u00e4rningar av helgon, vision\u00e4rer och profeter som Moses, Jesus, Mohammed, Abraham Lincoln och m\u00e5nga fler. Detta center ger oss ocks\u00e5 en k\u00e4nsla av tillfredsst\u00e4llelse med livet och f\u00f6rm\u00e5gan att k\u00e4nna gl\u00e4djen att dela med andra.<\/p>\n<p>Det omr\u00e5de som omger det andra och det tredje chakrat \u00e4r Tomrummet. Detta \u00e4r en andlig symbol f\u00f6r klyftan mellan v\u00e5r m\u00e4nskliga medvetandet och det gudomliga medvetandet, och representerar principen om sj\u00e4lvdiciplin inom oss. I Sahaja Yoga utvecklar vi f\u00f6rm\u00e5gan att bli v\u00e5r egen m\u00e4stare, baserat p\u00e5 den upplysta andliga medvetenheten om v\u00e5rt subtila system som vi k\u00e4nner b\u00e5de i v\u00e5r kropp och p\u00e5 v\u00e5ra fingertoppar.<\/p>\n\t<iframe loading=\"lazy\" title=\"Nabhi Chakra\" width=\"1920\" height=\"1080\" src=\"https:\/\/www.youtube.com\/embed\/ZAdSAl2AKEw?feature=oembed\" frameborder=\"0\" allow=\"accelerometer; autoplay; clipboard-write; encrypted-media; gyroscope; picture-in-picture; web-share\" allowfullscreen><\/iframe>\n\t<iframe loading=\"lazy\" title=\"Void\" width=\"1920\" height=\"1080\" src=\"https:\/\/www.youtube.com\/embed\/Sa5uQpqfOrQ?feature=oembed\" frameborder=\"0\" allow=\"accelerometer; autoplay; clipboard-write; encrypted-media; gyroscope; picture-in-picture; web-share\" allowfullscreen><\/iframe>\n\t<strong>Plats:<br \/>\n<\/strong>V\u00e5rt Nabhi Chakra \u00e4r bel\u00e4get i v\u00e5r ryggrad, ungef\u00e4r parallellt med v\u00e5r navel. P\u00e5 det fysiska planet p\u00e5verkar det solar plexus. Vibrationerna fr\u00e5n Nabhi Chakra kan k\u00e4nnas i v\u00e5ra l\u00e5ngfingrar p\u00e5 b\u00e5da h\u00e4nderna. Funktionen i v\u00e5ra bukorgan (mage, lever, njurar och tarmar) regleras av Nabhi och Swadhisthan Chakran, tillsammans med Tomrummet ( Void). Dessa tre centra fungerar som en integrerad enhet f\u00f6r att bist\u00e5 en harmonisk fysiologisk milj\u00f6 i v\u00e5r kropp.\n<strong>F\u00e4rg<\/strong>:<strong><br \/>\n<\/strong>Nabhi Chakra representeras av f\u00e4rgen gr\u00f6n. Det \u00e4r i linje med det v\u00e4sentliga elementet i vatten.\n<strong>Nabhi Chakras egenskaper inkluderar::<\/strong><br \/>\n\u2022 Generositet<br \/>\n\u2022 V\u00e5rdande<br \/>\n\u2022 Tillfredsst\u00e4llelse<br \/>\n\u2022 Frid<br \/>\n\u2022 Gl\u00e4dje<br \/>\n\u2022 Balans<br \/>\n\u2022 R\u00e4ttf\u00e4rdighet (eller dharma)<br \/>\n\u2022 \u00c4rlighet<br \/>\n\u2022 Ren uppm\u00e4rksamhet<br \/>\n\u2022 V\u00e4rdighet<br \/>\n\u2022 Evolution\n\t\t\t\t<a href=\"https:\/\/shrimataji.org\/test\/wp-content\/uploads\/2023\/02\/3-Nabhi-Void-01.png\" target=\"_blank\" rel=\"noopener\"  itemprop=\"url\">\n\t\t\t\t<img loading=\"lazy\" decoding=\"async\" src=\"https:\/\/shrimataji.org\/test\/wp-content\/uploads\/2023\/02\/3-Nabhi-Void-01.png\" alt=\"3-Nabhi Void-01\" itemprop=\"image\" height=\"3426\" width=\"3214\" title=\"3-Nabhi Void-01\" onerror=\"this.style.display='none'\"  \/>\n\t\t\t\t<\/a>\n\t<p>Nabhi chakrat ger oss flera grundl\u00e4ggande egenskaper, s\u00e5som generositet och f\u00f6rm\u00e5gan att utvecklas. Det \u00e4r genom v\u00e5rt Nabhi Chakra som vi upplever en \u00f6nskan att v\u00e4xa, f\u00f6rb\u00e4ttra och uppn\u00e5 v\u00e5ra m\u00e5l. Det p\u00e5verkar varje &#8220;s\u00f6kande&#8221; handling i v\u00e5rt liv, fr\u00e5n den grundl\u00e4ggande str\u00e4van efter mat och vatten till v\u00e5r str\u00e4van efter frid och andlighet. P\u00e5 grund av detta chakra har vi kapacitet att utvecklas progressivt till ett h\u00f6gre utvecklingsskede i livet.<\/p>\n<p>En annan nyckelkvalitet hos Nabhi Chakra \u00e4r tillfredsst\u00e4llelse. Det \u00e4r genom v\u00e5rt Nabhi Chakra som vi kan skapa en idealisk balans mellan de olika omr\u00e5dena i v\u00e5rt liv ( familj, arbete och andlighet). Shri Mataji avsl\u00f6jade att en nyckelaspekt av det v\u00e4nstra Nabhi-chakrat (som ger kvaliteter s\u00e5som omv\u00e5rdnad och tillgivenhet) ofta syns i k\u00e4rleksfulla hustrur och m\u00f6drar, som hj\u00e4lper dem att v\u00e4rna om sina familjer.<\/p>\n<strong>Upplevelser och f\u00f6rm\u00e5ner:<\/strong><br \/>\nDen viktigaste fysiologiska funktionen i ditt Nabhi Chakra \u00e4r att reglera ett antal inre organ. Det v\u00e4nstra Nabhi chakrat reglerar bukspottk\u00f6rteln och mj\u00e4lten. Ditt centrala Nabhi reglerar mage och tarmar. Ditt h\u00f6gra Nabhi reglerar levern och gallbl\u00e5sa. Leverns roll i meditation kan inte \u00f6verbetonas. Levern \u00e4r viktigt f\u00f6r att uppn\u00e5 ett tillst\u00e5nd av perfekt medvetenhet, fri fr\u00e5n tankar, och ren uppm\u00e4rksamhet. Eftersom vi ofta lever stressiga liv, kan v\u00e5r lever vara ben\u00e4gen att \u00f6verhettas och bli \u00f6verarbetad. Regelbunden meditation med Sahaja Yoga kommer att hj\u00e4lpa dig att balansera och skydda detta viktiga organ.\n<p>Nabhi Chakra spelar ocks\u00e5 en viktig roll f\u00f6r korrekt matsm\u00e4ltning och metabolism. \u00d6verdrivet intresse och \u00f6verkonsumerande av mat p\u00e5verkar ditt Nabhi Chakra. Bra, n\u00e4ringsrik mat som \u00e4ts med j\u00e4mna mellanrum hj\u00e4lper till att h\u00e5lla Nabhi Chakrat balanserat.<\/p>\n<p>Nabhi-chakrat \u00e4r ocks\u00e5 viktigt f\u00f6r ditt familjeliv. N\u00e4r du ger energi och balanserar detta chakra genom meditation, kan du hitta f\u00f6rnyad styrka att m\u00f6ta familjeansvar med. Du kanske till och med m\u00e4rker att du njuter av plikter som du tidigare brukade undvika!<\/p>\n<p>Att uppn\u00e5 v\u00e4lbefinnande \u00e4r ett n\u00f6dv\u00e4ndigt steg i din utveckling. Ditt Nabhi Chakra \u00e4r k\u00e4rnan i din ekonomiska v\u00e4lf\u00e4rd. Det hj\u00e4lper dig att uppfylla dina grundl\u00e4ggande behov och \u00f6nskem\u00e5l. Du har f\u00f6tts med alla de intellektuella och fysiska kompetenser som kr\u00e4vs f\u00f6r att du ska kunna tj\u00e4na pengar f\u00f6r att tillfredsst\u00e4lla dessa behov. Ett starkt Nabhi Chakra inneb\u00e4r att n\u00e4r dina ekonomiska behov \u00e4r uppfyllda, kommer du att b\u00f6rja fokusera p\u00e5 ditt andliga v\u00e4lst\u00e5nd.<\/p>\n<strong>Sj\u00e4lvbed\u00f6mning<\/strong>:<strong><br \/>\n<\/strong>Om ditt v\u00e4nstra Nabhi blir blockerat eller obalanserat kan man m\u00e4rka utmaningar som involverar din familj och ditt hush\u00e5ll. Man kanske ocks\u00e5 upplever oro \u00f6ver pengar. Om man har en blockering av ditt centrala Nabhi kan man uppleva mindre problem eller obalans med matsm\u00e4ltningen eller \u00e4mnesoms\u00e4ttningen. Om det uppst\u00e5r en obalans i h\u00f6ger Nabhi, kan man vara ben\u00e4gen till oro och \u00e5ngest. Man kan ocks\u00e5 k\u00e4nna en ovilja att ge, och sakna generositet. Lyckligtvis kommer ut\u00f6vandet av Sahaja Yoga att hj\u00e4lpa dig att balansera och \u00e5terst\u00e4lla energin i detta vitala chakra.\n<strong>Orsaker till obalanser:<br \/>\n<\/strong>\u2022 \u00d6verdriven oro, stress och obalanserade familjerelationer.<br \/>\n\u2022 Besatthet av arbete, drog- och alkoholmissbruk, fanatism av alla slag\n<strong>S\u00e5 h\u00e4r balanserar du:<br \/>\n<\/strong>Att balansera h\u00f6gra Nabhi Chakra \u00e4r enkelt. H\u00e5ll din h\u00f6gra hand, handflatan v\u00e4nd in\u00e5t, n\u00e5gra centimeter framf\u00f6r ditt Nabhi Chakra. N\u00e4r du k\u00e4nner energin fl\u00f6da genom din hand roterar du handen medurs runt chakrat. Upprepa flera g\u00e5nger. Du kan ocks\u00e5 balansera ditt h\u00f6gra Nabhi genom att placera en isp\u00e5se p\u00e5 din h\u00f6gra sida, \u00f6ver din lever. F\u00f6r att balansera ditt v\u00e4nstra Nabhi Chakra,g\u00f6r ett fotbad i en balja med varmt vatten medan du utf\u00f6r din vanliga meditation.\n\n","protected":false},"excerpt":{"rendered":"<p>Nabhi Chakra Tillfredsst\u00e4llelse, evolution, v\u00e4lbefinnande N\u00e4r vi v\u00e4xer upp och l\u00e4mnar barndomens v\u00e4lbekanta betingade f\u00f6ruts\u00e4ttningar, st\u00e4lls vi inf\u00f6r utmaningar n\u00e4r vi tvingas m\u00f6ta den verkighet som livet erbjuder. Men inom oss finns etiska koder som ger oss fast v\u00e4gledning om hur vi ska bete oss och interagera med samh\u00e4llet i stort p\u00e5 ett v\u00e4rdigt och&hellip; <br \/> <a class=\"read-more\" href=\"https:\/\/shrimataji.org\/test\/sv\/nabhi-chakra-sv\/\">Read more<\/a><\/p>\n","protected":false},"author":1,"featured_media":23031,"parent":0,"menu_order":0,"comment_status":"closed","ping_status":"closed","template":"","meta":{"inline_featured_image":false,"footnotes":""},"class_list":["post-23030","page","type-page","status-publish","has-post-thumbnail","hentry"],"yoast_head":"<!-- This site is optimized with the Yoast SEO plugin v27.4 - https:\/\/yoast.com\/product\/yoast-seo-wordpress\/ -->\n<title>Nabhi Chakra SV - TEST - SMND<\/title>\n<meta name=\"robots\" content=\"noindex, follow, max-snippet:-1, max-image-preview:large, max-video-preview:-1\" \/>\n<meta property=\"og:locale\" content=\"en_US\" \/>\n<meta property=\"og:type\" content=\"article\" \/>\n<meta property=\"og:title\" content=\"Nabhi Chakra SV - TEST - SMND\" \/>\n<meta property=\"og:description\" content=\"Nabhi Chakra Tillfredsst\u00e4llelse, evolution, v\u00e4lbefinnande N\u00e4r vi v\u00e4xer upp och l\u00e4mnar barndomens v\u00e4lbekanta betingade f\u00f6ruts\u00e4ttningar, st\u00e4lls vi inf\u00f6r utmaningar n\u00e4r vi tvingas m\u00f6ta den verkighet som livet erbjuder. Men inom oss finns etiska koder som ger oss fast v\u00e4gledning om hur vi ska bete oss och interagera med samh\u00e4llet i stort p\u00e5 ett v\u00e4rdigt och&hellip; Read more\" \/>\n<meta property=\"og:url\" content=\"https:\/\/shrimataji.org\/test\/sv\/nabhi-chakra-sv\/\" \/>\n<meta property=\"og:site_name\" content=\"TEST - SMND\" \/>\n<meta property=\"article:publisher\" content=\"https:\/\/www.facebook.com\/shrimataji\" \/>\n<meta property=\"article:modified_time\" content=\"2026-01-08T19:45:55+00:00\" \/>\n<meta property=\"og:image\" content=\"https:\/\/shrimataji.org\/test\/wp-content\/uploads\/2023\/03\/18_Banner-SY-Chakra-nabhi-scaled.jpg\" \/>\n\t<meta property=\"og:image:width\" content=\"2560\" \/>\n\t<meta property=\"og:image:height\" content=\"905\" \/>\n\t<meta property=\"og:image:type\" content=\"image\/jpeg\" \/>\n<meta name=\"twitter:card\" content=\"summary_large_image\" \/>\n<meta name=\"twitter:site\" content=\"@shrimataji\" \/>\n<meta name=\"twitter:label1\" content=\"Est. reading time\" \/>\n\t<meta name=\"twitter:data1\" content=\"5 minutes\" \/>\n<script type=\"application\/ld+json\" class=\"yoast-schema-graph\">{\"@context\":\"https:\\\/\\\/schema.org\",\"@graph\":[{\"@type\":\"WebPage\",\"@id\":\"https:\\\/\\\/shrimataji.org\\\/test\\\/sv\\\/nabhi-chakra-sv\\\/\",\"url\":\"https:\\\/\\\/shrimataji.org\\\/test\\\/sv\\\/nabhi-chakra-sv\\\/\",\"name\":\"Nabhi Chakra SV - TEST - SMND\",\"isPartOf\":{\"@id\":\"https:\\\/\\\/shrimataji.org\\\/test\\\/#website\"},\"primaryImageOfPage\":{\"@id\":\"https:\\\/\\\/shrimataji.org\\\/test\\\/sv\\\/nabhi-chakra-sv\\\/#primaryimage\"},\"image\":{\"@id\":\"https:\\\/\\\/shrimataji.org\\\/test\\\/sv\\\/nabhi-chakra-sv\\\/#primaryimage\"},\"thumbnailUrl\":\"https:\\\/\\\/shrimataji.org\\\/test\\\/wp-content\\\/uploads\\\/2023\\\/03\\\/18_Banner-SY-Chakra-nabhi-scaled.jpg\",\"datePublished\":\"2022-03-05T07:37:21+00:00\",\"dateModified\":\"2026-01-08T19:45:55+00:00\",\"breadcrumb\":{\"@id\":\"https:\\\/\\\/shrimataji.org\\\/test\\\/sv\\\/nabhi-chakra-sv\\\/#breadcrumb\"},\"inLanguage\":\"en-US\",\"potentialAction\":[{\"@type\":\"ReadAction\",\"target\":[\"https:\\\/\\\/shrimataji.org\\\/test\\\/sv\\\/nabhi-chakra-sv\\\/\"]}]},{\"@type\":\"ImageObject\",\"inLanguage\":\"en-US\",\"@id\":\"https:\\\/\\\/shrimataji.org\\\/test\\\/sv\\\/nabhi-chakra-sv\\\/#primaryimage\",\"url\":\"https:\\\/\\\/shrimataji.org\\\/test\\\/wp-content\\\/uploads\\\/2023\\\/03\\\/18_Banner-SY-Chakra-nabhi-scaled.jpg\",\"contentUrl\":\"https:\\\/\\\/shrimataji.org\\\/test\\\/wp-content\\\/uploads\\\/2023\\\/03\\\/18_Banner-SY-Chakra-nabhi-scaled.jpg\",\"width\":2560,\"height\":905},{\"@type\":\"BreadcrumbList\",\"@id\":\"https:\\\/\\\/shrimataji.org\\\/test\\\/sv\\\/nabhi-chakra-sv\\\/#breadcrumb\",\"itemListElement\":[{\"@type\":\"ListItem\",\"position\":1,\"name\":\"Home\",\"item\":\"https:\\\/\\\/shrimataji.org\\\/test\\\/uk\\\/home-en\\\/\"},{\"@type\":\"ListItem\",\"position\":2,\"name\":\"Nabhi Chakra SV\"}]},{\"@type\":\"WebSite\",\"@id\":\"https:\\\/\\\/shrimataji.org\\\/test\\\/#website\",\"url\":\"https:\\\/\\\/shrimataji.org\\\/test\\\/\",\"name\":\"Shri Mataji Nirmala Devi\",\"description\":\"A Life Dedicated to Humanity\",\"publisher\":{\"@id\":\"https:\\\/\\\/shrimataji.org\\\/test\\\/#\\\/schema\\\/person\\\/a1b3419c6585f164aa96da1ff85715d1\"},\"potentialAction\":[{\"@type\":\"SearchAction\",\"target\":{\"@type\":\"EntryPoint\",\"urlTemplate\":\"https:\\\/\\\/shrimataji.org\\\/test\\\/?s={search_term_string}\"},\"query-input\":{\"@type\":\"PropertyValueSpecification\",\"valueRequired\":true,\"valueName\":\"search_term_string\"}}],\"inLanguage\":\"en-US\"},{\"@type\":[\"Person\",\"Organization\"],\"@id\":\"https:\\\/\\\/shrimataji.org\\\/test\\\/#\\\/schema\\\/person\\\/a1b3419c6585f164aa96da1ff85715d1\",\"name\":\"Nirmala Shrivastava\",\"image\":{\"@type\":\"ImageObject\",\"inLanguage\":\"en-US\",\"@id\":\"https:\\\/\\\/shrimataji.org\\\/test\\\/wp-content\\\/uploads\\\/2023\\\/02\\\/SMO_LOGO-03.svg\",\"url\":\"https:\\\/\\\/shrimataji.org\\\/test\\\/wp-content\\\/uploads\\\/2023\\\/02\\\/SMO_LOGO-03.svg\",\"contentUrl\":\"https:\\\/\\\/shrimataji.org\\\/test\\\/wp-content\\\/uploads\\\/2023\\\/02\\\/SMO_LOGO-03.svg\",\"width\":\"1024\",\"height\":\"1024\",\"caption\":\"Nirmala Shrivastava\"},\"logo\":{\"@id\":\"https:\\\/\\\/shrimataji.org\\\/test\\\/wp-content\\\/uploads\\\/2023\\\/02\\\/SMO_LOGO-03.svg\"},\"sameAs\":[\"https:\\\/\\\/shrimataji.org\\\/test\",\"https:\\\/\\\/www.facebook.com\\\/shrimataji\",\"https:\\\/\\\/x.com\\\/shrimataji\",\"https:\\\/\\\/www.youtube.com\\\/@Shri_Mataji_Nirmala_Devi\\\/featured\"]}]}<\/script>\n<!-- \/ Yoast SEO plugin. -->","yoast_head_json":{"title":"Nabhi Chakra SV - TEST - SMND","robots":{"index":"noindex","follow":"follow","max-snippet":"max-snippet:-1","max-image-preview":"max-image-preview:large","max-video-preview":"max-video-preview:-1"},"og_locale":"en_US","og_type":"article","og_title":"Nabhi Chakra SV - TEST - SMND","og_description":"Nabhi Chakra Tillfredsst\u00e4llelse, evolution, v\u00e4lbefinnande N\u00e4r vi v\u00e4xer upp och l\u00e4mnar barndomens v\u00e4lbekanta betingade f\u00f6ruts\u00e4ttningar, st\u00e4lls vi inf\u00f6r utmaningar n\u00e4r vi tvingas m\u00f6ta den verkighet som livet erbjuder. Men inom oss finns etiska koder som ger oss fast v\u00e4gledning om hur vi ska bete oss och interagera med samh\u00e4llet i stort p\u00e5 ett v\u00e4rdigt och&hellip; Read more","og_url":"https:\/\/shrimataji.org\/test\/sv\/nabhi-chakra-sv\/","og_site_name":"TEST - SMND","article_publisher":"https:\/\/www.facebook.com\/shrimataji","article_modified_time":"2026-01-08T19:45:55+00:00","og_image":[{"width":2560,"height":905,"url":"https:\/\/shrimataji.org\/test\/wp-content\/uploads\/2023\/03\/18_Banner-SY-Chakra-nabhi-scaled.jpg","type":"image\/jpeg"}],"twitter_card":"summary_large_image","twitter_site":"@shrimataji","twitter_misc":{"Est. reading time":"5 minutes"},"schema":{"@context":"https:\/\/schema.org","@graph":[{"@type":"WebPage","@id":"https:\/\/shrimataji.org\/test\/sv\/nabhi-chakra-sv\/","url":"https:\/\/shrimataji.org\/test\/sv\/nabhi-chakra-sv\/","name":"Nabhi Chakra SV - TEST - SMND","isPartOf":{"@id":"https:\/\/shrimataji.org\/test\/#website"},"primaryImageOfPage":{"@id":"https:\/\/shrimataji.org\/test\/sv\/nabhi-chakra-sv\/#primaryimage"},"image":{"@id":"https:\/\/shrimataji.org\/test\/sv\/nabhi-chakra-sv\/#primaryimage"},"thumbnailUrl":"https:\/\/shrimataji.org\/test\/wp-content\/uploads\/2023\/03\/18_Banner-SY-Chakra-nabhi-scaled.jpg","datePublished":"2022-03-05T07:37:21+00:00","dateModified":"2026-01-08T19:45:55+00:00","breadcrumb":{"@id":"https:\/\/shrimataji.org\/test\/sv\/nabhi-chakra-sv\/#breadcrumb"},"inLanguage":"en-US","potentialAction":[{"@type":"ReadAction","target":["https:\/\/shrimataji.org\/test\/sv\/nabhi-chakra-sv\/"]}]},{"@type":"ImageObject","inLanguage":"en-US","@id":"https:\/\/shrimataji.org\/test\/sv\/nabhi-chakra-sv\/#primaryimage","url":"https:\/\/shrimataji.org\/test\/wp-content\/uploads\/2023\/03\/18_Banner-SY-Chakra-nabhi-scaled.jpg","contentUrl":"https:\/\/shrimataji.org\/test\/wp-content\/uploads\/2023\/03\/18_Banner-SY-Chakra-nabhi-scaled.jpg","width":2560,"height":905},{"@type":"BreadcrumbList","@id":"https:\/\/shrimataji.org\/test\/sv\/nabhi-chakra-sv\/#breadcrumb","itemListElement":[{"@type":"ListItem","position":1,"name":"Home","item":"https:\/\/shrimataji.org\/test\/uk\/home-en\/"},{"@type":"ListItem","position":2,"name":"Nabhi Chakra SV"}]},{"@type":"WebSite","@id":"https:\/\/shrimataji.org\/test\/#website","url":"https:\/\/shrimataji.org\/test\/","name":"Shri Mataji Nirmala Devi","description":"A Life Dedicated to Humanity","publisher":{"@id":"https:\/\/shrimataji.org\/test\/#\/schema\/person\/a1b3419c6585f164aa96da1ff85715d1"},"potentialAction":[{"@type":"SearchAction","target":{"@type":"EntryPoint","urlTemplate":"https:\/\/shrimataji.org\/test\/?s={search_term_string}"},"query-input":{"@type":"PropertyValueSpecification","valueRequired":true,"valueName":"search_term_string"}}],"inLanguage":"en-US"},{"@type":["Person","Organization"],"@id":"https:\/\/shrimataji.org\/test\/#\/schema\/person\/a1b3419c6585f164aa96da1ff85715d1","name":"Nirmala Shrivastava","image":{"@type":"ImageObject","inLanguage":"en-US","@id":"https:\/\/shrimataji.org\/test\/wp-content\/uploads\/2023\/02\/SMO_LOGO-03.svg","url":"https:\/\/shrimataji.org\/test\/wp-content\/uploads\/2023\/02\/SMO_LOGO-03.svg","contentUrl":"https:\/\/shrimataji.org\/test\/wp-content\/uploads\/2023\/02\/SMO_LOGO-03.svg","width":"1024","height":"1024","caption":"Nirmala Shrivastava"},"logo":{"@id":"https:\/\/shrimataji.org\/test\/wp-content\/uploads\/2023\/02\/SMO_LOGO-03.svg"},"sameAs":["https:\/\/shrimataji.org\/test","https:\/\/www.facebook.com\/shrimataji","https:\/\/x.com\/shrimataji","https:\/\/www.youtube.com\/@Shri_Mataji_Nirmala_Devi\/featured"]}]}},"lang":"sv","translations":{"sv":23030,"ur":37468,"en":6487,"am":18040,"th":20003,"hu":19522,"sq":18441,"zh":17338,"hi":8327,"tr":10187,"pt":10397,"de":10671,"fr":10769,"it":10867,"es":10964,"ja":11261,"ru":11449,"bn":11641,"te":11749,"sw":11872,"he":12020,"el":12312,"sk":12410,"fa":12508,"fi":12606,"bg":13372,"ro":14446,"cs":14639,"nl":16601,"ku":16761,"ar":16937,"be":18648,"kn":18922,"mr":20367,"uk":20661,"ml":20956,"ta":22759,"gu":28873,"pa":29033,"fil":29478,"da":37780,"pl":37992,"nn":38332},"pll_sync_post":[],"_links":{"self":[{"href":"https:\/\/shrimataji.org\/test\/wp-json\/wp\/v2\/pages\/23030","targetHints":{"allow":["GET"]}}],"collection":[{"href":"https:\/\/shrimataji.org\/test\/wp-json\/wp\/v2\/pages"}],"about":[{"href":"https:\/\/shrimataji.org\/test\/wp-json\/wp\/v2\/types\/page"}],"author":[{"embeddable":true,"href":"https:\/\/shrimataji.org\/test\/wp-json\/wp\/v2\/users\/1"}],"replies":[{"embeddable":true,"href":"https:\/\/shrimataji.org\/test\/wp-json\/wp\/v2\/comments?post=23030"}],"version-history":[{"count":0,"href":"https:\/\/shrimataji.org\/test\/wp-json\/wp\/v2\/pages\/23030\/revisions"}],"wp:featuredmedia":[{"embeddable":true,"href":"https:\/\/shrimataji.org\/test\/wp-json\/wp\/v2\/media\/23031"}],"wp:attachment":[{"href":"https:\/\/shrimataji.org\/test\/wp-json\/wp\/v2\/media?parent=23030"}],"curies":[{"name":"wp","href":"https:\/\/api.w.org\/{rel}","templated":true}]}}