{"id":23032,"date":"2022-01-29T10:25:21","date_gmt":"2022-01-29T10:25:21","guid":{"rendered":"https:\/\/test.shrimataji.org\/?page_id=6406"},"modified":"2026-01-06T14:15:33","modified_gmt":"2026-01-06T14:15:33","slug":"kanalerna-och-de-tre-humoren","status":"publish","type":"page","link":"https:\/\/shrimataji.org\/test\/sv\/kanalerna-och-de-tre-humoren\/","title":{"rendered":"Kanalerna och de tre hum\u00f6ren"},"content":{"rendered":"\n\n\t<h1>Kanalerna och de tre attributen<\/h1>\n<h2>Att uppn\u00e5 balans<\/h2>\n<div class=\"su-quote su-quote-style-default\"><div class=\"su-quote-inner su-u-clearfix su-u-trim\"> Dessa subtila kanaler kan man inte se med blotta \u00f6gat. De kan bara manifesteras i Sahaja Yoga. <\/div><\/div>\n<h4>Det m\u00e4nskliga subtila systemet \u00e4r ett oerh\u00f6rt invecklat system, som best\u00e5r av tusentals kanaler som m\u00f6jligg\u00f6r fl\u00f6det av subtil energi genom hela kroppen. Manifestationen av subtila energier som fl\u00f6dar genom dessa kanaler p\u00e5 specifika platser i det subtila systemet kallas &#8220;<a href=\"https:\/\/shrimataji.org\/test\/sv\/chakran-och-egenskaper\/\">chakran<\/a>&#8221; (som betyder hjul p\u00e5 sanskrit). Hela v\u00e5rt subtila system styrs av tre prim\u00e4ra vertikala energikanaler som kallas &#8220;Nadis&#8221; p\u00e5 sanskrit, som interagerar genom de sju huvudchakran.<\/h4>\n<p>Det \u00e4r endast genom sj\u00e4lvupplysning som v\u00e5rt subtila system aktiveras fullt ut med uppvaknandet av <a href=\"https:\/\/shrimataji.org\/test\/sv\/kundalini\/\">Kundalini<\/a>, som sedan renar och balanserar hela det subtila systemet och definierar de rena egenskaperna hos chakrana inom oss.<\/p>\n\t\t\t\t<a href=\"https:\/\/shrimataji.org\/test\/wp-content\/uploads\/2023\/02\/1_All-Nadis-01.png\"  target=\"_blank\" rel=\"noopener\"  itemprop=\"url\">\n\t\t\t\t<img decoding=\"async\" src=\"https:\/\/shrimataji.org\/test\/wp-content\/uploads\/2024\/12\/se-all-nadis-1.png\" alt=\"se-all-nadis\" itemprop=\"image\" height=\"3197\" width=\"3000\" title=\"se-all-nadis\" onerror=\"this.style.display='none'\" loading=\"lazy\" \/>\n\t\t\t\t<\/a>\n\t<p>Var och en av energikanalerna motsvarar vissa sinnesst\u00e4mningar eller egenskaper i v\u00e5rt psyke och st\u00f6djer den fulla utvecklingen av en mogen personlighet. Under v\u00e5ra dagliga liv tenderar vi att anv\u00e4nda antingen den v\u00e4nstra kanalen (kallad Ida Nadi p\u00e5 sanskrit), som styr v\u00e5ra \u00f6nskningar och k\u00e4nslor, eller den h\u00f6gra kanalen (som kallas Pingala Nadi p\u00e5 sanskrit), som styr v\u00e5ra tankar och handlingar. De \u00f6verdrivna tendenserna i v\u00e5r livsstil st\u00f6r ofta den naturliga balansen i v\u00e5ra kanaler och vi upplever fysiska, psykiska och k\u00e4nslom\u00e4ssiga problem. Den tredje energikanalen Sushumna, som ligger mitt emellan v\u00e4nster och h\u00f6ger kanal, aktiveras endast av v\u00e5r sj\u00e4lvupplysning, n\u00e4r Kundalini stiger upp och upplyser alla v\u00e5ra Nadis och Chakran, vilket leder oss in i ett tillst\u00e5nd av inre balans.<\/p>\n<p>Dessa subtila kanaler kartl\u00e4ggs inte bara i v\u00e5r ryggm\u00e4rg, som uttrycker sig som det sympatiskta och parasympatiskta nervsystemen, utan motsvarar ocks\u00e5 specifika platser p\u00e5 v\u00e5ra h\u00e4nder och ben i v\u00e5r kropp.<\/p>\n\t\t\t\t<img decoding=\"async\" src=\"https:\/\/shrimataji.org\/test\/wp-content\/uploads\/2024\/11\/EN_Nadi_Handsketch.jpg\" alt=\"Original drawing by Shri Mataji\" itemprop=\"image\" height=\"511\" width=\"1246\" title=\"EN_Nadi_Handsketch\" onerror=\"this.style.display='none'\" loading=\"lazy\" \/>\n\t\tOriginal drawing by Shri Mataji\n\t<p>Efter sj\u00e4lvupplysnignen blir vi tydligt medvetna om obalanserna inom v\u00e5ra Nadis och Chakran. Dessa obalanser k\u00e4nner vi som v\u00e4rme, extrem kyla eller domningar p\u00e5 de respektive positionerna i ryggraden, h\u00e4nder eller f\u00f6tter.<\/p>\n<p>Shri Mataji beskrev i detalj olika tekniker som anv\u00e4nds f\u00f6r att rena blockeringar p\u00e5 Nadis och Chakran och f\u00f6ra dem till dess naturliga balans, ofta med anv\u00e4ndning av element som jord, vatten, eld, luft och eter.<\/p>\n\t\t<img decoding=\"async\" data-spai-excluded=\"true\" loading=\"lazy\"  alt=\"YouTube player\"  src=\"https:\/\/i.ytimg.com\/vi\/9phkP0MMMEI\/maxresdefault.jpg\"  \/><button aria-label=\"Play\"><\/button><meta itemprop=\"embedUrl\" content=\"https:\/\/www.youtube.com\/embed\/9phkP0MMMEI\"\/><meta itemprop=\"name\" content=\"The importance of a balanced life\"\/><meta itemprop=\"description\" content=\"YouTube video\"\/><meta itemprop=\"thumbnailUrl\" content=\"https:\/\/i.ytimg.com\/vi\/9phkP0MMMEI\/0.jpg\"\/><meta itemprop=\"duration\" content=\"PT2M5S\"\/><meta itemprop=\"uploadDate\" content=\"2022-11-12T03:31:03Z\"\/>\t\n\n","protected":false},"excerpt":{"rendered":"<p>Kanalerna och de tre attributen Att uppn\u00e5 balans Det m\u00e4nskliga subtila systemet \u00e4r ett oerh\u00f6rt invecklat system, som best\u00e5r av tusentals kanaler som m\u00f6jligg\u00f6r fl\u00f6det av subtil energi genom hela kroppen. Manifestationen av subtila energier som fl\u00f6dar genom dessa kanaler p\u00e5 specifika platser i det subtila systemet kallas &#8220;chakran&#8221; (som betyder hjul p\u00e5 sanskrit). Hela&hellip; <br \/> <a class=\"read-more\" href=\"https:\/\/shrimataji.org\/test\/sv\/kanalerna-och-de-tre-humoren\/\">Read more<\/a><\/p>\n","protected":false},"author":58,"featured_media":23033,"parent":0,"menu_order":0,"comment_status":"closed","ping_status":"closed","template":"","meta":{"inline_featured_image":false,"footnotes":""},"class_list":["post-23032","page","type-page","status-publish","has-post-thumbnail","hentry"],"yoast_head":"<!-- This site is optimized with the Yoast SEO plugin v27.4 - https:\/\/yoast.com\/product\/yoast-seo-wordpress\/ -->\n<title>Kanalerna och de tre hum\u00f6ren - TEST - SMND<\/title>\n<meta name=\"robots\" content=\"noindex, follow, max-snippet:-1, max-image-preview:large, max-video-preview:-1\" \/>\n<meta property=\"og:locale\" content=\"en_US\" \/>\n<meta property=\"og:type\" content=\"article\" \/>\n<meta property=\"og:title\" content=\"Kanalerna och de tre hum\u00f6ren - TEST - SMND\" \/>\n<meta property=\"og:description\" content=\"Kanalerna och de tre attributen Att uppn\u00e5 balans Det m\u00e4nskliga subtila systemet \u00e4r ett oerh\u00f6rt invecklat system, som best\u00e5r av tusentals kanaler som m\u00f6jligg\u00f6r fl\u00f6det av subtil energi genom hela kroppen. Manifestationen av subtila energier som fl\u00f6dar genom dessa kanaler p\u00e5 specifika platser i det subtila systemet kallas &#8220;chakran&#8221; (som betyder hjul p\u00e5 sanskrit). Hela&hellip; Read more\" \/>\n<meta property=\"og:url\" content=\"https:\/\/shrimataji.org\/test\/sv\/kanalerna-och-de-tre-humoren\/\" \/>\n<meta property=\"og:site_name\" content=\"TEST - SMND\" \/>\n<meta property=\"article:publisher\" content=\"https:\/\/www.facebook.com\/shrimataji\" \/>\n<meta property=\"article:modified_time\" content=\"2026-01-06T14:15:33+00:00\" \/>\n<meta property=\"og:image\" content=\"https:\/\/shrimataji.org\/test\/wp-content\/uploads\/2023\/03\/11_Banner-SY-Nadis-2-scaled.jpg\" \/>\n\t<meta property=\"og:image:width\" content=\"2560\" \/>\n\t<meta property=\"og:image:height\" content=\"905\" \/>\n\t<meta property=\"og:image:type\" content=\"image\/jpeg\" \/>\n<meta name=\"twitter:card\" content=\"summary_large_image\" \/>\n<meta name=\"twitter:site\" content=\"@shrimataji\" \/>\n<meta name=\"twitter:label1\" content=\"Est. reading time\" \/>\n\t<meta name=\"twitter:data1\" content=\"3 minutes\" \/>\n<script type=\"application\/ld+json\" class=\"yoast-schema-graph\">{\"@context\":\"https:\\\/\\\/schema.org\",\"@graph\":[{\"@type\":\"WebPage\",\"@id\":\"https:\\\/\\\/shrimataji.org\\\/test\\\/sv\\\/kanalerna-och-de-tre-humoren\\\/\",\"url\":\"https:\\\/\\\/shrimataji.org\\\/test\\\/sv\\\/kanalerna-och-de-tre-humoren\\\/\",\"name\":\"Kanalerna och de tre hum\u00f6ren - TEST - SMND\",\"isPartOf\":{\"@id\":\"https:\\\/\\\/shrimataji.org\\\/test\\\/#website\"},\"primaryImageOfPage\":{\"@id\":\"https:\\\/\\\/shrimataji.org\\\/test\\\/sv\\\/kanalerna-och-de-tre-humoren\\\/#primaryimage\"},\"image\":{\"@id\":\"https:\\\/\\\/shrimataji.org\\\/test\\\/sv\\\/kanalerna-och-de-tre-humoren\\\/#primaryimage\"},\"thumbnailUrl\":\"https:\\\/\\\/shrimataji.org\\\/test\\\/wp-content\\\/uploads\\\/2023\\\/03\\\/11_Banner-SY-Nadis-2-scaled.jpg\",\"datePublished\":\"2022-01-29T10:25:21+00:00\",\"dateModified\":\"2026-01-06T14:15:33+00:00\",\"breadcrumb\":{\"@id\":\"https:\\\/\\\/shrimataji.org\\\/test\\\/sv\\\/kanalerna-och-de-tre-humoren\\\/#breadcrumb\"},\"inLanguage\":\"en-US\",\"potentialAction\":[{\"@type\":\"ReadAction\",\"target\":[\"https:\\\/\\\/shrimataji.org\\\/test\\\/sv\\\/kanalerna-och-de-tre-humoren\\\/\"]}]},{\"@type\":\"ImageObject\",\"inLanguage\":\"en-US\",\"@id\":\"https:\\\/\\\/shrimataji.org\\\/test\\\/sv\\\/kanalerna-och-de-tre-humoren\\\/#primaryimage\",\"url\":\"https:\\\/\\\/shrimataji.org\\\/test\\\/wp-content\\\/uploads\\\/2023\\\/03\\\/11_Banner-SY-Nadis-2-scaled.jpg\",\"contentUrl\":\"https:\\\/\\\/shrimataji.org\\\/test\\\/wp-content\\\/uploads\\\/2023\\\/03\\\/11_Banner-SY-Nadis-2-scaled.jpg\",\"width\":2560,\"height\":905},{\"@type\":\"BreadcrumbList\",\"@id\":\"https:\\\/\\\/shrimataji.org\\\/test\\\/sv\\\/kanalerna-och-de-tre-humoren\\\/#breadcrumb\",\"itemListElement\":[{\"@type\":\"ListItem\",\"position\":1,\"name\":\"Home\",\"item\":\"https:\\\/\\\/shrimataji.org\\\/test\\\/uk\\\/home-en\\\/\"},{\"@type\":\"ListItem\",\"position\":2,\"name\":\"Kanalerna och de tre hum\u00f6ren\"}]},{\"@type\":\"WebSite\",\"@id\":\"https:\\\/\\\/shrimataji.org\\\/test\\\/#website\",\"url\":\"https:\\\/\\\/shrimataji.org\\\/test\\\/\",\"name\":\"Shri Mataji Nirmala Devi\",\"description\":\"A Life Dedicated to Humanity\",\"publisher\":{\"@id\":\"https:\\\/\\\/shrimataji.org\\\/test\\\/#\\\/schema\\\/person\\\/a1b3419c6585f164aa96da1ff85715d1\"},\"potentialAction\":[{\"@type\":\"SearchAction\",\"target\":{\"@type\":\"EntryPoint\",\"urlTemplate\":\"https:\\\/\\\/shrimataji.org\\\/test\\\/?s={search_term_string}\"},\"query-input\":{\"@type\":\"PropertyValueSpecification\",\"valueRequired\":true,\"valueName\":\"search_term_string\"}}],\"inLanguage\":\"en-US\"},{\"@type\":[\"Person\",\"Organization\"],\"@id\":\"https:\\\/\\\/shrimataji.org\\\/test\\\/#\\\/schema\\\/person\\\/a1b3419c6585f164aa96da1ff85715d1\",\"name\":\"Nirmala Shrivastava\",\"image\":{\"@type\":\"ImageObject\",\"inLanguage\":\"en-US\",\"@id\":\"https:\\\/\\\/shrimataji.org\\\/test\\\/wp-content\\\/uploads\\\/2023\\\/02\\\/SMO_LOGO-03.svg\",\"url\":\"https:\\\/\\\/shrimataji.org\\\/test\\\/wp-content\\\/uploads\\\/2023\\\/02\\\/SMO_LOGO-03.svg\",\"contentUrl\":\"https:\\\/\\\/shrimataji.org\\\/test\\\/wp-content\\\/uploads\\\/2023\\\/02\\\/SMO_LOGO-03.svg\",\"width\":\"1024\",\"height\":\"1024\",\"caption\":\"Nirmala Shrivastava\"},\"logo\":{\"@id\":\"https:\\\/\\\/shrimataji.org\\\/test\\\/wp-content\\\/uploads\\\/2023\\\/02\\\/SMO_LOGO-03.svg\"},\"sameAs\":[\"https:\\\/\\\/shrimataji.org\\\/test\",\"https:\\\/\\\/www.facebook.com\\\/shrimataji\",\"https:\\\/\\\/x.com\\\/shrimataji\",\"https:\\\/\\\/www.youtube.com\\\/@Shri_Mataji_Nirmala_Devi\\\/featured\"]}]}<\/script>\n<!-- \/ Yoast SEO plugin. -->","yoast_head_json":{"title":"Kanalerna och de tre hum\u00f6ren - TEST - SMND","robots":{"index":"noindex","follow":"follow","max-snippet":"max-snippet:-1","max-image-preview":"max-image-preview:large","max-video-preview":"max-video-preview:-1"},"og_locale":"en_US","og_type":"article","og_title":"Kanalerna och de tre hum\u00f6ren - TEST - SMND","og_description":"Kanalerna och de tre attributen Att uppn\u00e5 balans Det m\u00e4nskliga subtila systemet \u00e4r ett oerh\u00f6rt invecklat system, som best\u00e5r av tusentals kanaler som m\u00f6jligg\u00f6r fl\u00f6det av subtil energi genom hela kroppen. Manifestationen av subtila energier som fl\u00f6dar genom dessa kanaler p\u00e5 specifika platser i det subtila systemet kallas &#8220;chakran&#8221; (som betyder hjul p\u00e5 sanskrit). Hela&hellip; Read more","og_url":"https:\/\/shrimataji.org\/test\/sv\/kanalerna-och-de-tre-humoren\/","og_site_name":"TEST - SMND","article_publisher":"https:\/\/www.facebook.com\/shrimataji","article_modified_time":"2026-01-06T14:15:33+00:00","og_image":[{"width":2560,"height":905,"url":"https:\/\/shrimataji.org\/test\/wp-content\/uploads\/2023\/03\/11_Banner-SY-Nadis-2-scaled.jpg","type":"image\/jpeg"}],"twitter_card":"summary_large_image","twitter_site":"@shrimataji","twitter_misc":{"Est. reading time":"3 minutes"},"schema":{"@context":"https:\/\/schema.org","@graph":[{"@type":"WebPage","@id":"https:\/\/shrimataji.org\/test\/sv\/kanalerna-och-de-tre-humoren\/","url":"https:\/\/shrimataji.org\/test\/sv\/kanalerna-och-de-tre-humoren\/","name":"Kanalerna och de tre hum\u00f6ren - TEST - SMND","isPartOf":{"@id":"https:\/\/shrimataji.org\/test\/#website"},"primaryImageOfPage":{"@id":"https:\/\/shrimataji.org\/test\/sv\/kanalerna-och-de-tre-humoren\/#primaryimage"},"image":{"@id":"https:\/\/shrimataji.org\/test\/sv\/kanalerna-och-de-tre-humoren\/#primaryimage"},"thumbnailUrl":"https:\/\/shrimataji.org\/test\/wp-content\/uploads\/2023\/03\/11_Banner-SY-Nadis-2-scaled.jpg","datePublished":"2022-01-29T10:25:21+00:00","dateModified":"2026-01-06T14:15:33+00:00","breadcrumb":{"@id":"https:\/\/shrimataji.org\/test\/sv\/kanalerna-och-de-tre-humoren\/#breadcrumb"},"inLanguage":"en-US","potentialAction":[{"@type":"ReadAction","target":["https:\/\/shrimataji.org\/test\/sv\/kanalerna-och-de-tre-humoren\/"]}]},{"@type":"ImageObject","inLanguage":"en-US","@id":"https:\/\/shrimataji.org\/test\/sv\/kanalerna-och-de-tre-humoren\/#primaryimage","url":"https:\/\/shrimataji.org\/test\/wp-content\/uploads\/2023\/03\/11_Banner-SY-Nadis-2-scaled.jpg","contentUrl":"https:\/\/shrimataji.org\/test\/wp-content\/uploads\/2023\/03\/11_Banner-SY-Nadis-2-scaled.jpg","width":2560,"height":905},{"@type":"BreadcrumbList","@id":"https:\/\/shrimataji.org\/test\/sv\/kanalerna-och-de-tre-humoren\/#breadcrumb","itemListElement":[{"@type":"ListItem","position":1,"name":"Home","item":"https:\/\/shrimataji.org\/test\/uk\/home-en\/"},{"@type":"ListItem","position":2,"name":"Kanalerna och de tre hum\u00f6ren"}]},{"@type":"WebSite","@id":"https:\/\/shrimataji.org\/test\/#website","url":"https:\/\/shrimataji.org\/test\/","name":"Shri Mataji Nirmala Devi","description":"A Life Dedicated to Humanity","publisher":{"@id":"https:\/\/shrimataji.org\/test\/#\/schema\/person\/a1b3419c6585f164aa96da1ff85715d1"},"potentialAction":[{"@type":"SearchAction","target":{"@type":"EntryPoint","urlTemplate":"https:\/\/shrimataji.org\/test\/?s={search_term_string}"},"query-input":{"@type":"PropertyValueSpecification","valueRequired":true,"valueName":"search_term_string"}}],"inLanguage":"en-US"},{"@type":["Person","Organization"],"@id":"https:\/\/shrimataji.org\/test\/#\/schema\/person\/a1b3419c6585f164aa96da1ff85715d1","name":"Nirmala Shrivastava","image":{"@type":"ImageObject","inLanguage":"en-US","@id":"https:\/\/shrimataji.org\/test\/wp-content\/uploads\/2023\/02\/SMO_LOGO-03.svg","url":"https:\/\/shrimataji.org\/test\/wp-content\/uploads\/2023\/02\/SMO_LOGO-03.svg","contentUrl":"https:\/\/shrimataji.org\/test\/wp-content\/uploads\/2023\/02\/SMO_LOGO-03.svg","width":"1024","height":"1024","caption":"Nirmala Shrivastava"},"logo":{"@id":"https:\/\/shrimataji.org\/test\/wp-content\/uploads\/2023\/02\/SMO_LOGO-03.svg"},"sameAs":["https:\/\/shrimataji.org\/test","https:\/\/www.facebook.com\/shrimataji","https:\/\/x.com\/shrimataji","https:\/\/www.youtube.com\/@Shri_Mataji_Nirmala_Devi\/featured"]}]}},"lang":"sv","translations":{"sv":23032,"ur":37470,"en":6406,"am":18042,"th":20006,"hu":19524,"sq":18443,"zh":17340,"hi":8302,"tr":10188,"pt":10398,"de":10672,"fr":10770,"it":10868,"es":10965,"ja":11262,"ru":11450,"bn":11642,"te":11750,"sw":11873,"he":12021,"el":12313,"sk":12411,"fa":12509,"fi":12607,"bg":13386,"ro":14460,"cs":14653,"nl":16603,"ku":16763,"ar":16939,"be":18650,"kn":18924,"mr":20370,"uk":20664,"ml":20959,"ta":22761,"gu":28875,"pa":29035,"fil":29480,"da":37782,"pl":37994,"nn":38334},"pll_sync_post":[],"_links":{"self":[{"href":"https:\/\/shrimataji.org\/test\/wp-json\/wp\/v2\/pages\/23032","targetHints":{"allow":["GET"]}}],"collection":[{"href":"https:\/\/shrimataji.org\/test\/wp-json\/wp\/v2\/pages"}],"about":[{"href":"https:\/\/shrimataji.org\/test\/wp-json\/wp\/v2\/types\/page"}],"author":[{"embeddable":true,"href":"https:\/\/shrimataji.org\/test\/wp-json\/wp\/v2\/users\/58"}],"replies":[{"embeddable":true,"href":"https:\/\/shrimataji.org\/test\/wp-json\/wp\/v2\/comments?post=23032"}],"version-history":[{"count":0,"href":"https:\/\/shrimataji.org\/test\/wp-json\/wp\/v2\/pages\/23032\/revisions"}],"wp:featuredmedia":[{"embeddable":true,"href":"https:\/\/shrimataji.org\/test\/wp-json\/wp\/v2\/media\/23033"}],"wp:attachment":[{"href":"https:\/\/shrimataji.org\/test\/wp-json\/wp\/v2\/media?parent=23032"}],"curies":[{"name":"wp","href":"https:\/\/api.w.org\/{rel}","templated":true}]}}