{"id":23034,"date":"2018-07-10T06:54:54","date_gmt":"2018-07-10T06:54:54","guid":{"rendered":"http:\/\/testwordpress.nirmalnagari.org\/smnd\/index.php\/obituary-for-sir-c-p-srivastava\/"},"modified":"2025-04-25T12:23:56","modified_gmt":"2025-04-25T12:23:56","slug":"dodsannons-for-sir-c-p-srivastava","status":"publish","type":"page","link":"https:\/\/shrimataji.org\/test\/sv\/dodsannons-for-sir-c-p-srivastava\/","title":{"rendered":"D\u00f6dsannons f\u00f6r Sir C.P. Srivastava"},"content":{"rendered":"\n\n\t<h1>D\u00f6dsannons f\u00f6r Sir C.P. Srivastava<\/h1>\n<h4>\u00c5terpublicerad fr\u00e5n &#8216;The Hindu&#8217; den 24 juli 2013, Indien:<\/h4>\n<h4>&#8220;Man med Midas touch i den maritima v\u00e4rlden d\u00f6r&#8221; av S. Anandan<\/h4>\n<p>Den maritima v\u00e4rlden har f\u00f6rlorat en banbrytande ledare och vision\u00e4r i och med att C.P. Srivastava, Padma Vibhushan och generalsekreterare emeritus f\u00f6r Internationella sj\u00f6fartsorganisationen (IMO), i Genua i Italien p\u00e5 m\u00e5ndagen. Han var 93. Dr. Srivastava efterl\u00e4mnar tv\u00e5 d\u00f6ttrar. Hans hustru Nirmala Devi, grundare av Sahaja Yoga, som ut\u00f6vade ett djupg\u00e5ende inflytande p\u00e5 hans livsideal, f\u00f6rekom honom.<\/p>\n<p>Dr. Srivastava var en institutionsbyggare och internationell administrat\u00f6r med Midas-pr\u00e4gel. Att han valdes till obestridd IMO:s generalsekreterare f\u00f6r fyra p\u00e5 varandra f\u00f6ljande mandatperioder &#8211; fr\u00e5n 1974 tills han frivilligt avbr\u00f6t sitt uppdrag den 31 december 1989 &#8211; ber\u00e4ttar om hans charm och acceptans som en opartisk, inflytelserik ledare. Han var dess l\u00e4ngst sittande generalsekreterare. Rekordet f\u00f6rblir obrutet.<\/p>\n\t<p>Innan Dr. Srivastava gjorde ett internationellt avtryck var Dr. Srivastava en IAS-officer (batch 1949) fr\u00e5n Uttar Pradesh-kadren som arbetade i n\u00e4ra samarbete med Lal Bahadur Shastri, d\u00e5varande unionens transportminister.<\/p>\n<p>N\u00e4r Shastri valdes att leda fackets kabinett, f\u00f6ljde Dr. Srivastava honom till premi\u00e4rministerns kansli sekretariat. Han var en del av premi\u00e4rministerns f\u00f6lje till Tasjkent 1966, d\u00e4r Shastri undertecknade det ber\u00f6mda icke-krigsavtalet med Pakistan och mystiskt dog n\u00e4sta dag. Decennier senare skrev Dr. Srivastava biografin &#8220;Lal Bahadur Shastri: A Life of Truth in Politics&#8221;. Men v\u00e4rlden k\u00e4nner till Dr. Srivastava som en framst\u00e5ende administrat\u00f6r som var avg\u00f6rande f\u00f6r att skapa banbrytande sj\u00f6fartsutbildningsinstitutioner som World Maritime University i Sverige och International Maritime Law Institute p\u00e5 Malta.<\/p>\n<p>Han var kraften bakom viktiga maritima konventioner och koder som i h\u00f6g grad bidrog till f\u00f6rb\u00e4ttrad bes\u00e4ttningss\u00e4kerhet, h\u00f6ga utbildningsstandarder och s\u00e4kerhet p\u00e5 \u00f6ppet hav, f\u00f6rutom att sprida en filosofi om renare, mindre f\u00f6rorenade hav.<\/p>\n\t<h5><em><div class=\"su-quote su-quote-style-default\"><div class=\"su-quote-inner su-u-clearfix su-u-trim\"> Det finns en v\u00e4lvillig kraft som fl\u00f6dar genom hela verkligheten. N\u00e4r du \u00e4r i linje med den kraften g\u00e5r du fram\u00e5t med enorm kraft. <\/div><\/div> &#8211; Lao Tse, Dao De Jing<\/em><\/h5>\n\t<p>Han var kraften bakom viktiga maritima konventioner och koder som i h\u00f6g grad bidrog till f\u00f6rb\u00e4ttrad bes\u00e4ttningss\u00e4kerhet, h\u00f6ga utbildningsstandarder och s\u00e4kerhet p\u00e5 \u00f6ppet hav, f\u00f6rutom att sprida en filosofi om renare, mindre f\u00f6rorenade hav.<\/p>\n<p>Han var i sadeln n\u00e4r IMO utvecklade och validerade landm\u00e4rkeskonventioner inklusive de om standarder f\u00f6r utbildning, certifiering och vakth\u00e5llning f\u00f6r sj\u00f6folk; Maritim s\u00f6kning och r\u00e4ddning; Bek\u00e4mpning av olagliga handlingar mot sj\u00f6fartens s\u00e4kerhet; och protokollet f\u00f6r bek\u00e4mpande av olagliga handlingar mot s\u00e4kerheten f\u00f6r fasta plattformar bel\u00e4gna p\u00e5 kontinentalsockeln.<\/p>\n<p>&#8220;En str\u00f6m av olyckor i b\u00f6rjan av 1970-talet ledde till att han organiserade en avg\u00f6rande konferens om tankfartygs s\u00e4kerhet och f\u00f6rebyggande av f\u00f6roreningar, varefter \u00e5tg\u00e4rder som p\u00e5verkar tankfartygs design och drift inf\u00f6rlivades i IMO:s protokoll fr\u00e5n 1978 om konventionen om s\u00e4kerhet f\u00f6r m\u00e4nniskoliv till sj\u00f6ss och Internationell konvention om f\u00f6rhindrande av f\u00f6rorening fr\u00e5n fartyg. Efter att ha klippt t\u00e4nderna i Shipping Corporation of India som dess grundande verkst\u00e4llande direkt\u00f6r, d\u00e4r han tog upp fr\u00e5gor om bes\u00e4ttningens v\u00e4lf\u00e4rd och s\u00e4kerhet, f\u00f6rutom att diversifiera det nystartade f\u00f6retaget till bulkfrakt, kunde Dr. Srivastava utan anstr\u00e4ngning v\u00e4gleda IMO att ta p\u00e5 sig st\u00f6rre ansvar och roller.<\/p>\n<p>Under hans ledning v\u00e4xte byr\u00e5n i medlemsstyrka och -dimension, vilket avf\u00e4rdade sin upplevda elitism f\u00f6r att n\u00e5 ut till utvecklingsl\u00e4nder, som utg\u00f6r majoriteten av organets medlemmar idag.&#8221;<\/p>\n<p>Bj\u00f6rn Kjerfve, sittande president f\u00f6r World Maritime University, beskriver Dr Srivastava som en meriterande ledare med enorma \u00f6vertalningsf\u00f6rm\u00e5ga. &#8220;Vi \u00e4r v\u00e4ldigt ledsna att h\u00f6ra om hans bortg\u00e5ng. Jag bes\u00f6kte honom f\u00f6r ungef\u00e4r tv\u00e5 \u00e5r sedan och bj\u00f6d in honom tidigt denna m\u00e5nad till v\u00e5r examensceremoni med anledning av universitetets 30-\u00e5rsjubileum&#8230; Grundandet var aldrig l\u00e4tt. Det var till hans f\u00f6rtj\u00e4nst att han lyckades \u00f6vertyga IMO:s r\u00e5dsmedlemmar och UNDP f\u00f6r att de samlat in pengar f\u00f6r dess inr\u00e4ttande, s\u00e4ger Kjerfve till The Hindu p\u00e5 telefon fr\u00e5n Malm\u00f6 i Sverige.<\/p>\n<p>P.M. Abraham, tidigare fackliga sekreterare f\u00f6r yttransporter, minns Dr Srivastava som en charmig ledare med en vision. &#8220;Jag tr\u00e4ffade honom f\u00f6rsta g\u00e5ngen n\u00e4r jag representerade Indien vid ett IMO-r\u00e5dsm\u00f6te. Som generalsekreterare skulle han leda m\u00f6ten med det tekniska organet opartiskt. Jag minns ett tillf\u00e4lle n\u00e4r en medlem reste sig och gn\u00e4llde \u00f6ver att m\u00f6tesagendan inte tagits emot. Det \u00f6verraskade alla n\u00e4r generalsekreteraren steg fr\u00e5n l\u00e4ktaren f\u00f6r att be om urs\u00e4kt f\u00f6r f\u00f6rfallet och l\u00e4mna \u00f6ver en kopia till honom. Det var s\u00e5 avv\u00e4pnande.&#8221;<\/p>\n<p>Dr. Srivastava fostrade en godartad humor. &#8220;I m\u00e5nga l\u00e4nder \u00e4r jag k\u00e4nd som Nirmalas make, inte som generalsekreterare f\u00f6r IMO,&#8221; skulle han sk\u00e4mta om sin mer k\u00e4nda maka.<\/p>\n<p>Han var en s\u00e4llsynt blandning av \u00f6dmjukhet, framsynthet, sundt omd\u00f6me och beslutsamhet, och ledarskap var hans naturliga styrka. &#8220;Det \u00e4r en s\u00e4llsynthet att en person blir s\u00e5 internationellt accepterad s\u00e5 snabbt. Han kommer att bli ih\u00e5gkommen f\u00f6r de sj\u00f6fartskonventioner som utarbetats under hans v\u00e4gledning f\u00f6r sj\u00f6folks s\u00e4kerhet&#8221;, s\u00e4ger K. Mohandas, tidigare Union Shipping Secretary. N\u00e4stan 70 l\u00e4nder tilldelade honom sin h\u00f6gsta utm\u00e4rkelse.<\/p>\n<p>Bland de m\u00e5nga utm\u00e4rkelser som kom i hans v\u00e4g var titeln hedersriddare, bef\u00e4lhavare av Saint Michael och Saint Georges f\u00f6rn\u00e4msta orden, tilldelad av drottning Elizabeth-II.<\/p>\n\n","protected":false},"excerpt":{"rendered":"<p>D\u00f6dsannons f\u00f6r Sir C.P. Srivastava \u00c5terpublicerad fr\u00e5n &#8216;The Hindu&#8217; den 24 juli 2013, Indien: &#8220;Man med Midas touch i den maritima v\u00e4rlden d\u00f6r&#8221; av S. Anandan Den maritima v\u00e4rlden har f\u00f6rlorat en banbrytande ledare och vision\u00e4r i och med att C.P. Srivastava, Padma Vibhushan och generalsekreterare emeritus f\u00f6r Internationella sj\u00f6fartsorganisationen (IMO), i Genua i Italien&hellip; <br \/> <a class=\"read-more\" href=\"https:\/\/shrimataji.org\/test\/sv\/dodsannons-for-sir-c-p-srivastava\/\">Read more<\/a><\/p>\n","protected":false},"author":58,"featured_media":0,"parent":0,"menu_order":0,"comment_status":"closed","ping_status":"closed","template":"","meta":{"inline_featured_image":false,"footnotes":""},"class_list":["post-23034","page","type-page","status-publish","hentry"],"yoast_head":"<!-- This site is optimized with the Yoast SEO plugin v27.4 - https:\/\/yoast.com\/product\/yoast-seo-wordpress\/ -->\n<title>D\u00f6dsannons f\u00f6r Sir C.P. Srivastava - TEST - SMND<\/title>\n<meta name=\"robots\" content=\"noindex, follow, max-snippet:-1, max-image-preview:large, max-video-preview:-1\" \/>\n<meta property=\"og:locale\" content=\"en_US\" \/>\n<meta property=\"og:type\" content=\"article\" \/>\n<meta property=\"og:title\" content=\"D\u00f6dsannons f\u00f6r Sir C.P. Srivastava - TEST - SMND\" \/>\n<meta property=\"og:description\" content=\"D\u00f6dsannons f\u00f6r Sir C.P. Srivastava \u00c5terpublicerad fr\u00e5n &#8216;The Hindu&#8217; den 24 juli 2013, Indien: &#8220;Man med Midas touch i den maritima v\u00e4rlden d\u00f6r&#8221; av S. Anandan Den maritima v\u00e4rlden har f\u00f6rlorat en banbrytande ledare och vision\u00e4r i och med att C.P. Srivastava, Padma Vibhushan och generalsekreterare emeritus f\u00f6r Internationella sj\u00f6fartsorganisationen (IMO), i Genua i Italien&hellip; Read more\" \/>\n<meta property=\"og:url\" content=\"https:\/\/shrimataji.org\/test\/sv\/dodsannons-for-sir-c-p-srivastava\/\" \/>\n<meta property=\"og:site_name\" content=\"TEST - SMND\" \/>\n<meta property=\"article:publisher\" content=\"https:\/\/www.facebook.com\/shrimataji\" \/>\n<meta property=\"article:modified_time\" content=\"2025-04-25T12:23:56+00:00\" \/>\n<meta property=\"og:image\" content=\"https:\/\/shrimataji.org\/test\/wp-content\/uploads\/2018\/07\/fp11-e1588597806347.jpg\" \/>\n\t<meta property=\"og:image:width\" content=\"707\" \/>\n\t<meta property=\"og:image:height\" content=\"700\" \/>\n\t<meta property=\"og:image:type\" content=\"image\/jpeg\" \/>\n<meta name=\"twitter:card\" content=\"summary_large_image\" \/>\n<meta name=\"twitter:site\" content=\"@shrimataji\" \/>\n<meta name=\"twitter:label1\" content=\"Est. reading time\" \/>\n\t<meta name=\"twitter:data1\" content=\"5 minutes\" \/>\n<script type=\"application\/ld+json\" class=\"yoast-schema-graph\">{\"@context\":\"https:\\\/\\\/schema.org\",\"@graph\":[{\"@type\":\"WebPage\",\"@id\":\"https:\\\/\\\/shrimataji.org\\\/test\\\/sv\\\/dodsannons-for-sir-c-p-srivastava\\\/\",\"url\":\"https:\\\/\\\/shrimataji.org\\\/test\\\/sv\\\/dodsannons-for-sir-c-p-srivastava\\\/\",\"name\":\"D\u00f6dsannons f\u00f6r Sir C.P. Srivastava - TEST - SMND\",\"isPartOf\":{\"@id\":\"https:\\\/\\\/shrimataji.org\\\/test\\\/#website\"},\"datePublished\":\"2018-07-10T06:54:54+00:00\",\"dateModified\":\"2025-04-25T12:23:56+00:00\",\"breadcrumb\":{\"@id\":\"https:\\\/\\\/shrimataji.org\\\/test\\\/sv\\\/dodsannons-for-sir-c-p-srivastava\\\/#breadcrumb\"},\"inLanguage\":\"en-US\",\"potentialAction\":[{\"@type\":\"ReadAction\",\"target\":[\"https:\\\/\\\/shrimataji.org\\\/test\\\/sv\\\/dodsannons-for-sir-c-p-srivastava\\\/\"]}]},{\"@type\":\"BreadcrumbList\",\"@id\":\"https:\\\/\\\/shrimataji.org\\\/test\\\/sv\\\/dodsannons-for-sir-c-p-srivastava\\\/#breadcrumb\",\"itemListElement\":[{\"@type\":\"ListItem\",\"position\":1,\"name\":\"Home\",\"item\":\"https:\\\/\\\/shrimataji.org\\\/test\\\/uk\\\/home-en\\\/\"},{\"@type\":\"ListItem\",\"position\":2,\"name\":\"D\u00f6dsannons f\u00f6r Sir C.P. Srivastava\"}]},{\"@type\":\"WebSite\",\"@id\":\"https:\\\/\\\/shrimataji.org\\\/test\\\/#website\",\"url\":\"https:\\\/\\\/shrimataji.org\\\/test\\\/\",\"name\":\"Shri Mataji Nirmala Devi\",\"description\":\"A Life Dedicated to Humanity\",\"publisher\":{\"@id\":\"https:\\\/\\\/shrimataji.org\\\/test\\\/#\\\/schema\\\/person\\\/a1b3419c6585f164aa96da1ff85715d1\"},\"potentialAction\":[{\"@type\":\"SearchAction\",\"target\":{\"@type\":\"EntryPoint\",\"urlTemplate\":\"https:\\\/\\\/shrimataji.org\\\/test\\\/?s={search_term_string}\"},\"query-input\":{\"@type\":\"PropertyValueSpecification\",\"valueRequired\":true,\"valueName\":\"search_term_string\"}}],\"inLanguage\":\"en-US\"},{\"@type\":[\"Person\",\"Organization\"],\"@id\":\"https:\\\/\\\/shrimataji.org\\\/test\\\/#\\\/schema\\\/person\\\/a1b3419c6585f164aa96da1ff85715d1\",\"name\":\"Nirmala Shrivastava\",\"image\":{\"@type\":\"ImageObject\",\"inLanguage\":\"en-US\",\"@id\":\"https:\\\/\\\/shrimataji.org\\\/test\\\/wp-content\\\/uploads\\\/2023\\\/02\\\/SMO_LOGO-03.svg\",\"url\":\"https:\\\/\\\/shrimataji.org\\\/test\\\/wp-content\\\/uploads\\\/2023\\\/02\\\/SMO_LOGO-03.svg\",\"contentUrl\":\"https:\\\/\\\/shrimataji.org\\\/test\\\/wp-content\\\/uploads\\\/2023\\\/02\\\/SMO_LOGO-03.svg\",\"width\":\"1024\",\"height\":\"1024\",\"caption\":\"Nirmala Shrivastava\"},\"logo\":{\"@id\":\"https:\\\/\\\/shrimataji.org\\\/test\\\/wp-content\\\/uploads\\\/2023\\\/02\\\/SMO_LOGO-03.svg\"},\"sameAs\":[\"https:\\\/\\\/shrimataji.org\\\/test\",\"https:\\\/\\\/www.facebook.com\\\/shrimataji\",\"https:\\\/\\\/x.com\\\/shrimataji\",\"https:\\\/\\\/www.youtube.com\\\/@Shri_Mataji_Nirmala_Devi\\\/featured\"]}]}<\/script>\n<!-- \/ Yoast SEO plugin. -->","yoast_head_json":{"title":"D\u00f6dsannons f\u00f6r Sir C.P. Srivastava - TEST - SMND","robots":{"index":"noindex","follow":"follow","max-snippet":"max-snippet:-1","max-image-preview":"max-image-preview:large","max-video-preview":"max-video-preview:-1"},"og_locale":"en_US","og_type":"article","og_title":"D\u00f6dsannons f\u00f6r Sir C.P. Srivastava - TEST - SMND","og_description":"D\u00f6dsannons f\u00f6r Sir C.P. Srivastava \u00c5terpublicerad fr\u00e5n &#8216;The Hindu&#8217; den 24 juli 2013, Indien: &#8220;Man med Midas touch i den maritima v\u00e4rlden d\u00f6r&#8221; av S. Anandan Den maritima v\u00e4rlden har f\u00f6rlorat en banbrytande ledare och vision\u00e4r i och med att C.P. Srivastava, Padma Vibhushan och generalsekreterare emeritus f\u00f6r Internationella sj\u00f6fartsorganisationen (IMO), i Genua i Italien&hellip; Read more","og_url":"https:\/\/shrimataji.org\/test\/sv\/dodsannons-for-sir-c-p-srivastava\/","og_site_name":"TEST - SMND","article_publisher":"https:\/\/www.facebook.com\/shrimataji","article_modified_time":"2025-04-25T12:23:56+00:00","og_image":[{"width":707,"height":700,"url":"https:\/\/shrimataji.org\/test\/wp-content\/uploads\/2018\/07\/fp11-e1588597806347.jpg","type":"image\/jpeg"}],"twitter_card":"summary_large_image","twitter_site":"@shrimataji","twitter_misc":{"Est. reading time":"5 minutes"},"schema":{"@context":"https:\/\/schema.org","@graph":[{"@type":"WebPage","@id":"https:\/\/shrimataji.org\/test\/sv\/dodsannons-for-sir-c-p-srivastava\/","url":"https:\/\/shrimataji.org\/test\/sv\/dodsannons-for-sir-c-p-srivastava\/","name":"D\u00f6dsannons f\u00f6r Sir C.P. Srivastava - TEST - SMND","isPartOf":{"@id":"https:\/\/shrimataji.org\/test\/#website"},"datePublished":"2018-07-10T06:54:54+00:00","dateModified":"2025-04-25T12:23:56+00:00","breadcrumb":{"@id":"https:\/\/shrimataji.org\/test\/sv\/dodsannons-for-sir-c-p-srivastava\/#breadcrumb"},"inLanguage":"en-US","potentialAction":[{"@type":"ReadAction","target":["https:\/\/shrimataji.org\/test\/sv\/dodsannons-for-sir-c-p-srivastava\/"]}]},{"@type":"BreadcrumbList","@id":"https:\/\/shrimataji.org\/test\/sv\/dodsannons-for-sir-c-p-srivastava\/#breadcrumb","itemListElement":[{"@type":"ListItem","position":1,"name":"Home","item":"https:\/\/shrimataji.org\/test\/uk\/home-en\/"},{"@type":"ListItem","position":2,"name":"D\u00f6dsannons f\u00f6r Sir C.P. Srivastava"}]},{"@type":"WebSite","@id":"https:\/\/shrimataji.org\/test\/#website","url":"https:\/\/shrimataji.org\/test\/","name":"Shri Mataji Nirmala Devi","description":"A Life Dedicated to Humanity","publisher":{"@id":"https:\/\/shrimataji.org\/test\/#\/schema\/person\/a1b3419c6585f164aa96da1ff85715d1"},"potentialAction":[{"@type":"SearchAction","target":{"@type":"EntryPoint","urlTemplate":"https:\/\/shrimataji.org\/test\/?s={search_term_string}"},"query-input":{"@type":"PropertyValueSpecification","valueRequired":true,"valueName":"search_term_string"}}],"inLanguage":"en-US"},{"@type":["Person","Organization"],"@id":"https:\/\/shrimataji.org\/test\/#\/schema\/person\/a1b3419c6585f164aa96da1ff85715d1","name":"Nirmala Shrivastava","image":{"@type":"ImageObject","inLanguage":"en-US","@id":"https:\/\/shrimataji.org\/test\/wp-content\/uploads\/2023\/02\/SMO_LOGO-03.svg","url":"https:\/\/shrimataji.org\/test\/wp-content\/uploads\/2023\/02\/SMO_LOGO-03.svg","contentUrl":"https:\/\/shrimataji.org\/test\/wp-content\/uploads\/2023\/02\/SMO_LOGO-03.svg","width":"1024","height":"1024","caption":"Nirmala Shrivastava"},"logo":{"@id":"https:\/\/shrimataji.org\/test\/wp-content\/uploads\/2023\/02\/SMO_LOGO-03.svg"},"sameAs":["https:\/\/shrimataji.org\/test","https:\/\/www.facebook.com\/shrimataji","https:\/\/x.com\/shrimataji","https:\/\/www.youtube.com\/@Shri_Mataji_Nirmala_Devi\/featured"]}]}},"lang":"sv","translations":{"sv":23034,"en":459,"am":18044,"th":20009,"hu":19526,"sq":18445,"zh":17342,"tr":10189,"pt":10399,"de":10673,"fr":10771,"it":10869,"es":10966,"ja":11263,"ru":11451,"bn":11643,"te":11751,"sw":11874,"he":12022,"el":12314,"sk":12412,"fa":12510,"fi":12608,"bg":13437,"ro":14511,"cs":14704,"nl":16605,"ku":16765,"ar":16941,"be":18652,"kn":18926,"uk":20667,"ml":20962,"ta":22763,"gu":28877,"pa":29037,"fil":29482},"pll_sync_post":[],"_links":{"self":[{"href":"https:\/\/shrimataji.org\/test\/wp-json\/wp\/v2\/pages\/23034","targetHints":{"allow":["GET"]}}],"collection":[{"href":"https:\/\/shrimataji.org\/test\/wp-json\/wp\/v2\/pages"}],"about":[{"href":"https:\/\/shrimataji.org\/test\/wp-json\/wp\/v2\/types\/page"}],"author":[{"embeddable":true,"href":"https:\/\/shrimataji.org\/test\/wp-json\/wp\/v2\/users\/58"}],"replies":[{"embeddable":true,"href":"https:\/\/shrimataji.org\/test\/wp-json\/wp\/v2\/comments?post=23034"}],"version-history":[{"count":0,"href":"https:\/\/shrimataji.org\/test\/wp-json\/wp\/v2\/pages\/23034\/revisions"}],"wp:attachment":[{"href":"https:\/\/shrimataji.org\/test\/wp-json\/wp\/v2\/media?parent=23034"}],"curies":[{"name":"wp","href":"https:\/\/api.w.org\/{rel}","templated":true}]}}