{"id":23035,"date":"2012-09-02T10:00:00","date_gmt":"2012-09-02T10:00:00","guid":{"rendered":"http:\/\/testwordpress.nirmalnagari.org\/smnd\/index.php\/our-spiritual-ascent\/"},"modified":"2025-04-25T12:24:03","modified_gmt":"2025-04-25T12:24:03","slug":"var-andliga-uppstigning","status":"publish","type":"page","link":"https:\/\/shrimataji.org\/test\/sv\/var-andliga-uppstigning\/","title":{"rendered":"V\u00e5r andliga uppstigning"},"content":{"rendered":"\n\n\t<h1>V\u00e5r andliga uppstigning<\/h1>\n<h2>Utdrag fr\u00e5n ett f\u00f6redrag som h\u00f6lls vid ett seminarium i Chianciano Terme, Italien den 16 februari 1991<\/h2>\n\t<p>H\u00e4romdagen l\u00e4ste jag n\u00e5gra b\u00f6cker om hur det gjordes, detta sj\u00e4lvf\u00f6rverkligande, att l\u00e4ra k\u00e4nna Anden och hur m\u00e4nniskor blev pl\u00e5gade.<\/p>\n\t<p>F\u00f6rst och fr\u00e4mst uppmanas de att p\u00e5 n\u00e5got s\u00e4tt f\u00f6rneka, trotsa och f\u00f6rd\u00f6ma sin kropp. Om kroppen vill ha lindran och tr\u00f6st, d\u00e5 sas det att man f\u00f6rst skulle f\u00f6rs\u00f6ka sova p\u00e5 mattan, inte p\u00e5 s\u00e4ngen. Om det inte r\u00e4cker f\u00e5r man g\u00e5 fr\u00e5n mattan till en filt -men det \u00e4r fortfarande inte tillr\u00e4ckligt. D\u00e5 kanske du flyttar ner p\u00e5 marken, sover p\u00e5 Moder Jord. Om kroppen fortfarande inte \u00e4r bra s\u00e5 b\u00f6rjar du sova p\u00e5 sten. Men Himalaya ligger l\u00e5ngt borta, eftersom Shiva bor p\u00e5 Kailasha. S\u00e5 du \u00e5ker till Himalaya och sover p\u00e5 isen. Detta var minimikravet.<\/p>\n<p>S\u00e5 sades det att om du \u00e4r f\u00f6rtjust i god mat, du vill ha lyxig mat, du \u00e4ter mycket, okej; s\u00e5 du f\u00f6rnekar allt du tycjer om, till att b\u00f6rja med, allt du gillar. Italienare kan till exempel inte \u00e4ta pasta. F\u00f6rneka dig det d\u00e5. Men det r\u00e4cker inte. Efter det b\u00f6rjar du \u00e4ta saker som \u00e4r v\u00e4ldigt bittra. Som i Zen-systemet, d\u00e4r ger de dig att \u00e4ta n\u00e5got som \u00e4r som kinin, upph\u00f6jt till effekt 108, absolut bittert &#8211; eller absolut s\u00f6tt. F\u00f6r att testa tungan.<\/p>\n<p>Men magen \u00e4r fortfarande d\u00e4r. S\u00e5 om du \u00e4ter f\u00f6r mycket m\u00e5ste du fasta en dag. Det \u00e4r inte tillr\u00e4ckligt. Fasta sedan i sju dagar. Sedan i fyrtio dagar. Jag menar, en m\u00e5nad har bara trettio dagar; att fasta i fyrtio dagar betyder att du redan \u00e4r sluk\u00f6rd. Det \u00e4r s\u00e5, om du m\u00e5ste g\u00f6ra din bot f\u00f6r Nirvana. Som det \u00e4r f\u00e5r du ett nirvana f\u00f6r att du \u00e4r slutk\u00f6rd och d\u00f6d, ser du, ingenting \u00e4r kvar av dig, inget annat \u00e4n ben, och dessa ben blir sedan nirvana. I slut\u00e4ndan f\u00f6ljer d\u00f6den, s\u00e5 du \u00e4r slutk\u00f6rdoch det finns Nirvana, ingen tvekan om saken!.<\/p>\n\t\t\t\t<img loading=\"lazy\" decoding=\"async\" src=\"https:\/\/shrimataji.org\/test\/wp-content\/uploads\/2018\/07\/media_originals\/images\/shri-mataji-portraits\/shri-mataji-explaining-742x1024.jpg\" alt=\"shri-mataji-explaining\" itemprop=\"image\" height=\"1024\" width=\"742\" title=\"shri-mataji-explaining\" onerror=\"this.style.display='none'\"  \/>\n\t<p>Sen bor man inte i hus, f\u00f6r hus \u00e4r bekv\u00e4mlighet. Ge upp din hustru, ge upp dina barn, ge upp alla. Ha p\u00e5 dig endast ett tyg som knyts runt dig, och g\u00e5 och be om allmosor av folk. Med dessa kl\u00e4der finns det fortfarande problem, eftersom du \u00e4r f\u00e4st vid din trasa. S\u00e5 du \u00e5ker till Himalaya d\u00e4r det inte finns n\u00e5gon att se dig, ta av dina kl\u00e4der och i den kylan stannar du, helt skakande. D\u00e5 f\u00e5r du din Nirvana. Som det \u00e4r f\u00e5r du Nirvana. Alla s\u00e5dana f\u00f6rh\u00e5llanden st\u00e4lldes f\u00f6r att f\u00f6rst\u00f6ra din kropps krav till att b\u00f6rja med. Du s\u00e4ger till din kropp, &#8220;Nej, ingenting att g\u00f6ra. Du b\u00f6r jobba p\u00e5 ditt nirvana.&#8221;<\/p>\n\t<div class=\"su-quote su-quote-style-default\"><div class=\"su-quote-inner su-u-clearfix su-u-trim\">Det b\u00f6rjar fr\u00e5n ditt hj\u00e4rta och g\u00e5r till din hj\u00e4rna, n\u00e5got som har sitt ursprung ur din upplevelse av gl\u00e4dje och t\u00e4cker din hj\u00e4rna.<\/p>\n<p>S\u00e5 din hj\u00e4rna kan inte f\u00f6rneka det l\u00e4ngre. S\u00e5, det \u00e4r viktigt, speciellt f\u00f6r m\u00e4nniskor i v\u00e4stv\u00e4rlden, att nu \u00f6ppna era hj\u00e4rtan, f\u00f6r det b\u00f6rjar fr\u00e5n hj\u00e4rtat, inte fr\u00e5n er hj\u00e4rna.<\/div><\/div>\n\t<p>En annan sak var att f\u00f6rst\u00f6ra din ande som tar dig till sinnena, till saker av gl\u00e4dje. Anta att du vill ha n\u00e5got, v\u00e4ldigt mycket, s\u00e5 f\u00f6rneka det, f\u00f6rneka det. Allt som ditt sinne s\u00e4ger dig, s\u00e4g bara &#8220;Nej, nej, nej&#8221; till det. P\u00e5 sanskrit \u00e4r shlokan s\u00e5 h\u00e4r, &#8220;Yan neti neti vachane, nigamo vacha&#8221; &#8211; s\u00e5 du forts\u00e4tter att s\u00e4ga, &#8220;neti, neti&#8221;: &#8220;Nej, inte det h\u00e4r, inte det h\u00e4r, inte det h\u00e4r, inte det h\u00e4r.&#8221;<\/p>\n<p>Och d\u00e5 kan man diskutera &#8211; bara diskutera, ja &#8211; Nirvana. Innan dess \u00e4r du inte ens v\u00e4rd att diskutera Nirvana. N\u00e4r jag l\u00e4ste den h\u00e4r boken sa jag, &#8220;Baba, jag ger upp. Det \u00e4r f\u00f6r mycket.&#8221;<\/p>\n\t<p>I Sahaja Yoga \u00e4r det tv\u00e4rtom, som att f\u00f6rst bygga byggnadens h\u00f6jdpunkt och sedan grunden. Att \u00f6ppna din Sahasrara var det f\u00f6rsta som uppn\u00e5ddes.<\/p>\n<p>Och sedan i ljuset av Sahasrara m\u00e5ste du titta p\u00e5 dig sj\u00e4lv och se sj\u00e4lv. Gradvis blev introspektion ett b\u00e4ttre s\u00e4tt, att genom vibrationer se varf\u00f6r: varf\u00f6r jag vill detta? Varf\u00f6r g\u00e5r min uppm\u00e4rksamhet till min bekv\u00e4mlighet? Varf\u00f6r g\u00e5r min uppm\u00e4rksamhet till mat, varf\u00f6r till min familj, varf\u00f6r till mina barn, n\u00e4r jag m\u00e5ste uppn\u00e5 det h\u00f6gsta? S\u00e5 du b\u00f6rjar introspektera dig sj\u00e4lv. D\u00e5 vet du ocks\u00e5 genom dina vibrationer att det \u00e4r n\u00e5got fel p\u00e5 dig. D\u00e5 f\u00f6rs\u00f6ker du inte se till andra, vad \u00e4r det f\u00f6r fel p\u00e5 andra, man b\u00f6rjar se sig sj\u00e4lv; eftersom det \u00e4r din egen uppstigning du m\u00e5ste uppn\u00e5.<\/p>\n\t<p>F\u00f6rr i tiden gjordes alla dessa saker individuellt. En person som p\u00e5b\u00f6rjar v\u00e4gen till Nirvana, han brukade g\u00e5 in i &#8216;&#8221;ekant&#8221;, v\u00e4nda sig till ensamma platser, h\u00e5lla sig borta fr\u00e5n m\u00e4nniskor, undvika dem, inte ha n\u00e5got att g\u00f6ra med dem och uppn\u00e5 denna uppstigning, sj\u00e4lvf\u00f6rverkligande, bara f\u00f6r sig sj\u00e4lv. Det var inte f\u00f6r andra.<\/p>\n<p>Sedan blev den h\u00e4r personen helt exklusiv. Han pratade inte med med n\u00e5gon, tr\u00e4ffade inte n\u00e5gon och han satt n\u00e5gonstans p\u00e5 toppen av ett avl\u00e4gset berg. Alla som f\u00f6rs\u00f6kte tr\u00e4ffa honom kastade han sten p\u00e5 eller sade alla m\u00f6jliga hemska saker till, och aldrig tr\u00e4ffade den personen.<\/p>\n<p>Men Sahaja Yoga \u00e4r inte p\u00e5 det s\u00e4ttet. Sahaja Yoga \u00e4r uppstigningen av helheten. Den h\u00e4r typen av individuella prestationer ledde inte m\u00e4nniskor n\u00e5gonstans. Helgon f\u00f6rs\u00f6kte f\u00f6rst\u00e5s prata med m\u00e4nniskor, ber\u00e4tta f\u00f6r dem om sj\u00e4lvf\u00f6rverkligande, om Gud, om r\u00e4ttf\u00e4rdighet, om v\u00e4rdesystem; men de betraktades ocks\u00e5 som n\u00e5got konstigt och torterades och besv\u00e4rades.<\/p>\n<p>P\u00e5 niv\u00e5n med individuell uppstigning kunde de inte g\u00f6ra n\u00e5got f\u00f6r andra f\u00f6rutom att prata om det, ber\u00e4tta om det, tills Sahaja Yoga kom. \u00c4ven att prata om det var f\u00f6rbjudet. Fram till 1100-talet i Indien talade ingen om det f\u00f6r allm\u00e4nheten. Allt var p\u00e5 sanskrit, mycket sv\u00e5ra sanskritb\u00f6cker som bara var tillg\u00e4ngliga f\u00f6r ett f\u00e5tal aspiranter. Det f\u00f6rklarades f\u00f6r v\u00e4ldigt, v\u00e4ldigt f\u00e5 till och med, till ett f\u00e5tal personer. Men att ge sj\u00e4lvupplysning nekades.<\/p>\n\t\t\t\t<img loading=\"lazy\" decoding=\"async\" src=\"https:\/\/shrimataji.org\/test\/wp-content\/uploads\/2024\/12\/sv_william-blake-jakobs-ladder.jpg\" alt=\"Jacobs Ladder of Spiritual Ascent av William Blake\" itemprop=\"image\" height=\"1000\" width=\"787\" title=\"sv_william-blake-jakobs-ladder\" onerror=\"this.style.display='none'\"  \/>\n\t\tJacobs Ladder of Spiritual Ascent av William Blake\n\t<p>En m\u00e4stare hade bara en l\u00e4rjunge, och allt var individuell uppstigning, individer som f\u00f6rs\u00f6kte l\u00f6sa det. En s\u00e5dan l\u00e4rjunge togs bort fr\u00e5n andra och h\u00f6lls i l\u00f6nndom, det arbetades fram i honom; och bara han fick sjunga, han fick skriva dikter, han fick prata om det, han fick s\u00e4ga vad hans gl\u00e4dje var, men han hade ingen r\u00e4tt att ge n\u00e5gon sj\u00e4lvupplysning, inte heller visste han hur han skulle ge sj\u00e4lvupplysning.<\/p>\n<p>S\u00e5 nu ser du hur l\u00e5ngt du har kommit. Du har f\u00e5tt din sj\u00e4lvupplysning utan att offra mycket. Du kan arbeta i en mycket st\u00f6rre skala, du kan ge sj\u00e4lvupplysning till andra. Du har all subtil kunskap om Sahaja Yoga &#8230;<\/p>\n<p>&#8230; Till exempel, Shankaracharya skrev en vacker avhandling som heter Viveka Chudamani d\u00e4r han beskrev vad som \u00e4r Gud,och &#8220;viveka&#8221; betyder samvetet, och medvetandet och allt som han beskrev, ganska mycket. Men det fanns en hemsk person som hette Sarma som b\u00f6rjade br\u00e5ka med honom och han blev tr\u00f6tt, Shankaracharya. Han sa: &#8220;Ingen id\u00e9 att prata med dem.&#8221;<\/p>\n<p>S\u00e5 han skrev bara Saundarya Lahari. Saundarya Lahari \u00e4r inget annat \u00e4n alla mantran som hyllar Modern. Han sa, &#8220;Jag k\u00e4nner Modern, l\u00e5t mig nu prisa henne. Ingenting annat att g\u00f6ra &#8211; vad \u00e4r det f\u00f6r mening med att prata med dessa m\u00e4nniskor? Dumma som dom \u00e4r, hur ska de f\u00f6rst\u00e5?&#8221; Han ins\u00e5g att &#8220;de h\u00e4r m\u00e4nniskorna inte har den f\u00f6rm\u00e5gan, den d\u00e4r k\u00e4nsligheten att f\u00f6rst\u00e5 vad jag vet.&#8221;<\/p>\n\t\t\t\t<img loading=\"lazy\" decoding=\"async\" src=\"https:\/\/shrimataji.org\/test\/wp-content\/uploads\/2024\/12\/sv_shri-mataji-speaking-about-spirituality-and-sahaja-yoga.jpg\" alt=\"Shri Mataji talar om andlighet och Sahaja Yoga\" itemprop=\"image\" height=\"2310\" width=\"1500\" title=\"sv_shri-mataji-speaking-about-spirituality-and-sahaja-yoga\" onerror=\"this.style.display='none'\"  \/>\n\t\tShri Mataji talar om andlighet och Sahaja Yoga\n\t<p>Det \u00e4r den \u00e4kta kunskapen,att veta vad som \u00e4r Gud. Och om det \u00e4r Gud, hur kan du d\u00e5 ha tvivel om n\u00e5got, hur kan du f\u00f6rs\u00f6ka analysera n\u00e5gonting? Det \u00e4r Gud. Det \u00e4r Gud den allsm\u00e4ktige, som vet allt, som g\u00f6r allt, som gl\u00e4der sig \u00e5t allt.<\/p>\n<p>Det \u00e4r den, vi kan s\u00e4ga &#8220;gyana&#8221;, kunskapen, den sanna kunskapen, den rena kunskapen. Det \u00e4r inte kunskapen om chakran, inte kunskapen om vibrationer, inte kunskapen om Kundalini, utan kunskapen om den Allsm\u00e4ktige Gud. Och kunskapen om Gud den allsm\u00e4ktige \u00e4r inte mental.<\/p>\n<p>\u00c5terigen s\u00e4ger jag till dig, det b\u00f6rjar fr\u00e5n ditt hj\u00e4rta och g\u00e5r till din hj\u00e4rna, n\u00e5got som kommer ur din upplevelse av gl\u00e4dje och omsluter din hj\u00e4rna. S\u00e5 din hj\u00e4rna kan inte f\u00f6rneka det l\u00e4ngre.<\/p>\n<p>Som &#8211; ibland n\u00e4r du har din mor, lilla mamma, k\u00e4nner du din mammas k\u00e4rlek. Men du kan inte f\u00f6rklara, det kommer fr\u00e5n ditt hj\u00e4rta och du s\u00e4ger: &#8220;Nej, det \u00e4r min mamma, hon kommer inte att g\u00f6ra s\u00e5. Jag k\u00e4nner min mamma mycket v\u00e4l.&#8221; Kunskapen om din mor, den som har f\u00f6tt dig; kanske inte \u00e4r det, mamma kanske inte \u00e4r s\u00e5 bra eller vad det nu \u00e4r. Men kunskap om Gud, att Han \u00e4r k\u00e4rlek, att Han \u00e4r sanning, att Han vet allt, som bara blir en del av ditt v\u00e4sen, absolut, och det \u00e4r den tiden vi s\u00e4ger \u00e4r Nirvana.<\/p>\n<p>S\u00e5 det \u00e4r viktigt, speciellt f\u00f6r m\u00e4nniskor i v\u00e4stv\u00e4rlden, \u00f6ppna era hj\u00e4rtan nu, f\u00f6r det b\u00f6rjar fr\u00e5n hj\u00e4rtat, inte fr\u00e5n er hj\u00e4rna.<\/p>\n\n","protected":false},"excerpt":{"rendered":"<p>V\u00e5r andliga uppstigning Utdrag fr\u00e5n ett f\u00f6redrag som h\u00f6lls vid ett seminarium i Chianciano Terme, Italien den 16 februari 1991 H\u00e4romdagen l\u00e4ste jag n\u00e5gra b\u00f6cker om hur det gjordes, detta sj\u00e4lvf\u00f6rverkligande, att l\u00e4ra k\u00e4nna Anden och hur m\u00e4nniskor blev pl\u00e5gade. F\u00f6rst och fr\u00e4mst uppmanas de att p\u00e5 n\u00e5got s\u00e4tt f\u00f6rneka, trotsa och f\u00f6rd\u00f6ma sin kropp.&hellip; <br \/> <a class=\"read-more\" href=\"https:\/\/shrimataji.org\/test\/sv\/var-andliga-uppstigning\/\">Read more<\/a><\/p>\n","protected":false},"author":58,"featured_media":23036,"parent":0,"menu_order":0,"comment_status":"closed","ping_status":"closed","template":"","meta":{"inline_featured_image":false,"footnotes":""},"class_list":["post-23035","page","type-page","status-publish","has-post-thumbnail","hentry"],"yoast_head":"<!-- This site is optimized with the Yoast SEO plugin v27.4 - https:\/\/yoast.com\/product\/yoast-seo-wordpress\/ -->\n<title>V\u00e5r andliga uppstigning - TEST - SMND<\/title>\n<meta name=\"robots\" content=\"noindex, follow, max-snippet:-1, max-image-preview:large, max-video-preview:-1\" \/>\n<meta property=\"og:locale\" content=\"en_US\" \/>\n<meta property=\"og:type\" content=\"article\" \/>\n<meta property=\"og:title\" content=\"V\u00e5r andliga uppstigning - TEST - SMND\" \/>\n<meta property=\"og:description\" content=\"V\u00e5r andliga uppstigning Utdrag fr\u00e5n ett f\u00f6redrag som h\u00f6lls vid ett seminarium i Chianciano Terme, Italien den 16 februari 1991 H\u00e4romdagen l\u00e4ste jag n\u00e5gra b\u00f6cker om hur det gjordes, detta sj\u00e4lvf\u00f6rverkligande, att l\u00e4ra k\u00e4nna Anden och hur m\u00e4nniskor blev pl\u00e5gade. F\u00f6rst och fr\u00e4mst uppmanas de att p\u00e5 n\u00e5got s\u00e4tt f\u00f6rneka, trotsa och f\u00f6rd\u00f6ma sin kropp.&hellip; Read more\" \/>\n<meta property=\"og:url\" content=\"https:\/\/shrimataji.org\/test\/sv\/var-andliga-uppstigning\/\" \/>\n<meta property=\"og:site_name\" content=\"TEST - SMND\" \/>\n<meta property=\"article:publisher\" content=\"https:\/\/www.facebook.com\/shrimataji\" \/>\n<meta property=\"article:modified_time\" content=\"2025-04-25T12:24:03+00:00\" \/>\n<meta property=\"og:image\" content=\"https:\/\/shrimataji.org\/test\/wp-content\/uploads\/2018\/07\/media_originals\/images\/headers-general\/jacobs-ladder-by-william-blake-spiritual-ascent.jpg\" \/>\n\t<meta property=\"og:image:width\" content=\"990\" \/>\n\t<meta property=\"og:image:height\" content=\"350\" \/>\n\t<meta property=\"og:image:type\" content=\"image\/jpeg\" \/>\n<meta name=\"twitter:card\" content=\"summary_large_image\" \/>\n<meta name=\"twitter:site\" content=\"@shrimataji\" \/>\n<script type=\"application\/ld+json\" class=\"yoast-schema-graph\">{\"@context\":\"https:\\\/\\\/schema.org\",\"@graph\":[{\"@type\":\"WebPage\",\"@id\":\"https:\\\/\\\/shrimataji.org\\\/test\\\/sv\\\/var-andliga-uppstigning\\\/\",\"url\":\"https:\\\/\\\/shrimataji.org\\\/test\\\/sv\\\/var-andliga-uppstigning\\\/\",\"name\":\"V\u00e5r andliga uppstigning - TEST - SMND\",\"isPartOf\":{\"@id\":\"https:\\\/\\\/shrimataji.org\\\/test\\\/#website\"},\"primaryImageOfPage\":{\"@id\":\"https:\\\/\\\/shrimataji.org\\\/test\\\/sv\\\/var-andliga-uppstigning\\\/#primaryimage\"},\"image\":{\"@id\":\"https:\\\/\\\/shrimataji.org\\\/test\\\/sv\\\/var-andliga-uppstigning\\\/#primaryimage\"},\"thumbnailUrl\":\"https:\\\/\\\/shrimataji.org\\\/test\\\/wp-content\\\/uploads\\\/2018\\\/07\\\/media_originals\\\/images\\\/headers-general\\\/jacobs-ladder-by-william-blake-spiritual-ascent.jpg\",\"datePublished\":\"2012-09-02T10:00:00+00:00\",\"dateModified\":\"2025-04-25T12:24:03+00:00\",\"breadcrumb\":{\"@id\":\"https:\\\/\\\/shrimataji.org\\\/test\\\/sv\\\/var-andliga-uppstigning\\\/#breadcrumb\"},\"inLanguage\":\"en-US\",\"potentialAction\":[{\"@type\":\"ReadAction\",\"target\":[\"https:\\\/\\\/shrimataji.org\\\/test\\\/sv\\\/var-andliga-uppstigning\\\/\"]}]},{\"@type\":\"ImageObject\",\"inLanguage\":\"en-US\",\"@id\":\"https:\\\/\\\/shrimataji.org\\\/test\\\/sv\\\/var-andliga-uppstigning\\\/#primaryimage\",\"url\":\"https:\\\/\\\/shrimataji.org\\\/test\\\/wp-content\\\/uploads\\\/2018\\\/07\\\/media_originals\\\/images\\\/headers-general\\\/jacobs-ladder-by-william-blake-spiritual-ascent.jpg\",\"contentUrl\":\"https:\\\/\\\/shrimataji.org\\\/test\\\/wp-content\\\/uploads\\\/2018\\\/07\\\/media_originals\\\/images\\\/headers-general\\\/jacobs-ladder-by-william-blake-spiritual-ascent.jpg\",\"width\":990,\"height\":350},{\"@type\":\"BreadcrumbList\",\"@id\":\"https:\\\/\\\/shrimataji.org\\\/test\\\/sv\\\/var-andliga-uppstigning\\\/#breadcrumb\",\"itemListElement\":[{\"@type\":\"ListItem\",\"position\":1,\"name\":\"Home\",\"item\":\"https:\\\/\\\/shrimataji.org\\\/test\\\/uk\\\/home-en\\\/\"},{\"@type\":\"ListItem\",\"position\":2,\"name\":\"V\u00e5r andliga uppstigning\"}]},{\"@type\":\"WebSite\",\"@id\":\"https:\\\/\\\/shrimataji.org\\\/test\\\/#website\",\"url\":\"https:\\\/\\\/shrimataji.org\\\/test\\\/\",\"name\":\"Shri Mataji Nirmala Devi\",\"description\":\"A Life Dedicated to Humanity\",\"publisher\":{\"@id\":\"https:\\\/\\\/shrimataji.org\\\/test\\\/#\\\/schema\\\/person\\\/a1b3419c6585f164aa96da1ff85715d1\"},\"potentialAction\":[{\"@type\":\"SearchAction\",\"target\":{\"@type\":\"EntryPoint\",\"urlTemplate\":\"https:\\\/\\\/shrimataji.org\\\/test\\\/?s={search_term_string}\"},\"query-input\":{\"@type\":\"PropertyValueSpecification\",\"valueRequired\":true,\"valueName\":\"search_term_string\"}}],\"inLanguage\":\"en-US\"},{\"@type\":[\"Person\",\"Organization\"],\"@id\":\"https:\\\/\\\/shrimataji.org\\\/test\\\/#\\\/schema\\\/person\\\/a1b3419c6585f164aa96da1ff85715d1\",\"name\":\"Nirmala Shrivastava\",\"image\":{\"@type\":\"ImageObject\",\"inLanguage\":\"en-US\",\"@id\":\"https:\\\/\\\/shrimataji.org\\\/test\\\/wp-content\\\/uploads\\\/2023\\\/02\\\/SMO_LOGO-03.svg\",\"url\":\"https:\\\/\\\/shrimataji.org\\\/test\\\/wp-content\\\/uploads\\\/2023\\\/02\\\/SMO_LOGO-03.svg\",\"contentUrl\":\"https:\\\/\\\/shrimataji.org\\\/test\\\/wp-content\\\/uploads\\\/2023\\\/02\\\/SMO_LOGO-03.svg\",\"width\":\"1024\",\"height\":\"1024\",\"caption\":\"Nirmala Shrivastava\"},\"logo\":{\"@id\":\"https:\\\/\\\/shrimataji.org\\\/test\\\/wp-content\\\/uploads\\\/2023\\\/02\\\/SMO_LOGO-03.svg\"},\"sameAs\":[\"https:\\\/\\\/shrimataji.org\\\/test\",\"https:\\\/\\\/www.facebook.com\\\/shrimataji\",\"https:\\\/\\\/x.com\\\/shrimataji\",\"https:\\\/\\\/www.youtube.com\\\/@Shri_Mataji_Nirmala_Devi\\\/featured\"]}]}<\/script>\n<!-- \/ Yoast SEO plugin. -->","yoast_head_json":{"title":"V\u00e5r andliga uppstigning - TEST - SMND","robots":{"index":"noindex","follow":"follow","max-snippet":"max-snippet:-1","max-image-preview":"max-image-preview:large","max-video-preview":"max-video-preview:-1"},"og_locale":"en_US","og_type":"article","og_title":"V\u00e5r andliga uppstigning - TEST - SMND","og_description":"V\u00e5r andliga uppstigning Utdrag fr\u00e5n ett f\u00f6redrag som h\u00f6lls vid ett seminarium i Chianciano Terme, Italien den 16 februari 1991 H\u00e4romdagen l\u00e4ste jag n\u00e5gra b\u00f6cker om hur det gjordes, detta sj\u00e4lvf\u00f6rverkligande, att l\u00e4ra k\u00e4nna Anden och hur m\u00e4nniskor blev pl\u00e5gade. F\u00f6rst och fr\u00e4mst uppmanas de att p\u00e5 n\u00e5got s\u00e4tt f\u00f6rneka, trotsa och f\u00f6rd\u00f6ma sin kropp.&hellip; Read more","og_url":"https:\/\/shrimataji.org\/test\/sv\/var-andliga-uppstigning\/","og_site_name":"TEST - SMND","article_publisher":"https:\/\/www.facebook.com\/shrimataji","article_modified_time":"2025-04-25T12:24:03+00:00","og_image":[{"width":990,"height":350,"url":"https:\/\/shrimataji.org\/test\/wp-content\/uploads\/2018\/07\/media_originals\/images\/headers-general\/jacobs-ladder-by-william-blake-spiritual-ascent.jpg","type":"image\/jpeg"}],"twitter_card":"summary_large_image","twitter_site":"@shrimataji","schema":{"@context":"https:\/\/schema.org","@graph":[{"@type":"WebPage","@id":"https:\/\/shrimataji.org\/test\/sv\/var-andliga-uppstigning\/","url":"https:\/\/shrimataji.org\/test\/sv\/var-andliga-uppstigning\/","name":"V\u00e5r andliga uppstigning - TEST - SMND","isPartOf":{"@id":"https:\/\/shrimataji.org\/test\/#website"},"primaryImageOfPage":{"@id":"https:\/\/shrimataji.org\/test\/sv\/var-andliga-uppstigning\/#primaryimage"},"image":{"@id":"https:\/\/shrimataji.org\/test\/sv\/var-andliga-uppstigning\/#primaryimage"},"thumbnailUrl":"https:\/\/shrimataji.org\/test\/wp-content\/uploads\/2018\/07\/media_originals\/images\/headers-general\/jacobs-ladder-by-william-blake-spiritual-ascent.jpg","datePublished":"2012-09-02T10:00:00+00:00","dateModified":"2025-04-25T12:24:03+00:00","breadcrumb":{"@id":"https:\/\/shrimataji.org\/test\/sv\/var-andliga-uppstigning\/#breadcrumb"},"inLanguage":"en-US","potentialAction":[{"@type":"ReadAction","target":["https:\/\/shrimataji.org\/test\/sv\/var-andliga-uppstigning\/"]}]},{"@type":"ImageObject","inLanguage":"en-US","@id":"https:\/\/shrimataji.org\/test\/sv\/var-andliga-uppstigning\/#primaryimage","url":"https:\/\/shrimataji.org\/test\/wp-content\/uploads\/2018\/07\/media_originals\/images\/headers-general\/jacobs-ladder-by-william-blake-spiritual-ascent.jpg","contentUrl":"https:\/\/shrimataji.org\/test\/wp-content\/uploads\/2018\/07\/media_originals\/images\/headers-general\/jacobs-ladder-by-william-blake-spiritual-ascent.jpg","width":990,"height":350},{"@type":"BreadcrumbList","@id":"https:\/\/shrimataji.org\/test\/sv\/var-andliga-uppstigning\/#breadcrumb","itemListElement":[{"@type":"ListItem","position":1,"name":"Home","item":"https:\/\/shrimataji.org\/test\/uk\/home-en\/"},{"@type":"ListItem","position":2,"name":"V\u00e5r andliga uppstigning"}]},{"@type":"WebSite","@id":"https:\/\/shrimataji.org\/test\/#website","url":"https:\/\/shrimataji.org\/test\/","name":"Shri Mataji Nirmala Devi","description":"A Life Dedicated to Humanity","publisher":{"@id":"https:\/\/shrimataji.org\/test\/#\/schema\/person\/a1b3419c6585f164aa96da1ff85715d1"},"potentialAction":[{"@type":"SearchAction","target":{"@type":"EntryPoint","urlTemplate":"https:\/\/shrimataji.org\/test\/?s={search_term_string}"},"query-input":{"@type":"PropertyValueSpecification","valueRequired":true,"valueName":"search_term_string"}}],"inLanguage":"en-US"},{"@type":["Person","Organization"],"@id":"https:\/\/shrimataji.org\/test\/#\/schema\/person\/a1b3419c6585f164aa96da1ff85715d1","name":"Nirmala Shrivastava","image":{"@type":"ImageObject","inLanguage":"en-US","@id":"https:\/\/shrimataji.org\/test\/wp-content\/uploads\/2023\/02\/SMO_LOGO-03.svg","url":"https:\/\/shrimataji.org\/test\/wp-content\/uploads\/2023\/02\/SMO_LOGO-03.svg","contentUrl":"https:\/\/shrimataji.org\/test\/wp-content\/uploads\/2023\/02\/SMO_LOGO-03.svg","width":"1024","height":"1024","caption":"Nirmala Shrivastava"},"logo":{"@id":"https:\/\/shrimataji.org\/test\/wp-content\/uploads\/2023\/02\/SMO_LOGO-03.svg"},"sameAs":["https:\/\/shrimataji.org\/test","https:\/\/www.facebook.com\/shrimataji","https:\/\/x.com\/shrimataji","https:\/\/www.youtube.com\/@Shri_Mataji_Nirmala_Devi\/featured"]}]}},"lang":"sv","translations":{"sv":23035,"ur":37473,"en":429,"am":18046,"th":20013,"hu":19530,"sq":18447,"zh":17344,"tr":10191,"pt":10401,"de":10675,"fr":10773,"it":10871,"es":10968,"ja":11265,"ru":11453,"bn":11645,"te":11753,"sw":11876,"he":12024,"el":12316,"sk":12414,"fa":12512,"fi":12610,"bg":13500,"ro":14575,"cs":14768,"nl":16607,"ku":16767,"ar":16943,"be":18654,"kn":18928,"mr":20377,"uk":20671,"ml":20966,"ta":22765,"gu":28879,"pa":29039,"fil":29483,"da":37784,"pl":37996,"nn":38336},"pll_sync_post":[],"_links":{"self":[{"href":"https:\/\/shrimataji.org\/test\/wp-json\/wp\/v2\/pages\/23035","targetHints":{"allow":["GET"]}}],"collection":[{"href":"https:\/\/shrimataji.org\/test\/wp-json\/wp\/v2\/pages"}],"about":[{"href":"https:\/\/shrimataji.org\/test\/wp-json\/wp\/v2\/types\/page"}],"author":[{"embeddable":true,"href":"https:\/\/shrimataji.org\/test\/wp-json\/wp\/v2\/users\/58"}],"replies":[{"embeddable":true,"href":"https:\/\/shrimataji.org\/test\/wp-json\/wp\/v2\/comments?post=23035"}],"version-history":[{"count":0,"href":"https:\/\/shrimataji.org\/test\/wp-json\/wp\/v2\/pages\/23035\/revisions"}],"wp:featuredmedia":[{"embeddable":true,"href":"https:\/\/shrimataji.org\/test\/wp-json\/wp\/v2\/media\/23036"}],"wp:attachment":[{"href":"https:\/\/shrimataji.org\/test\/wp-json\/wp\/v2\/media?parent=23035"}],"curies":[{"name":"wp","href":"https:\/\/api.w.org\/{rel}","templated":true}]}}