{"id":23037,"date":"2022-01-29T10:23:24","date_gmt":"2022-01-29T10:23:24","guid":{"rendered":"https:\/\/test.shrimataji.org\/?page_id=6404"},"modified":"2026-01-08T19:45:55","modified_gmt":"2026-01-08T19:45:55","slug":"paramchaitanya-sv","status":"publish","type":"page","link":"https:\/\/shrimataji.org\/test\/sv\/paramchaitanya-sv\/","title":{"rendered":"Paramchaitanya SV"},"content":{"rendered":"\n\n\t<h1>Paramchaitanya<\/h1>\n<h2>Det omedvetnas gudomliga svala bris<\/h2>\n<div class=\"su-quote su-quote-style-default\"><div class=\"su-quote-inner su-u-clearfix su-u-trim\">Varje dag ser vi fr\u00f6n som spirar, blommor som blommar, frukter mognar, men vi t\u00e4nker s\u00e4llan p\u00e5 hur det g\u00e5r till. Det finns en kraft som g\u00f6r detta arbete, det \u00e4r den gudomliga k\u00e4rlekens kraft, som genomtr\u00e4nger allt. Nu \u00e4r tiden kommen f\u00f6r oss att k\u00e4nna denna kraft, med hj\u00e4lp av de subtila instrument som vi har inom oss. Detta instrument har ingen funktionom det inte \u00e4r anslutet till &#8220;n\u00e4tverket&#8221;. Vi \u00e4r inte medvetna om v\u00e5r potential, v\u00e5r sk\u00f6nhet, men n\u00e4r denna koppling till &#8220;n\u00e4tverket&#8221; \u00e4r etablerad kommer vi att bli f\u00f6rv\u00e5nade \u00f6ver de dynamiska resultaten.<\/div><\/div>\n<h4>Det finns m\u00e5nga namn i olika kulturer f\u00f6r denna universella kraft av Guds k\u00e4rlek: Phneuma, Ruah, Assas, Tao, den helige Andes vind, livets vatten etc. Egentligen betyder de alla samma sak; en k\u00e4rleksfull, intelligent, allomfattande skapelseenergi. Medvetande och energi \u00e4r de prim\u00e4ra faktorerna. Allt annat \u00e4r sekund\u00e4rt. Denna kausala energi genomsyrar hela kosmos. Shri Mataji kallar denna alltigenomtr\u00e4ngande energi &#8220;Paramchaitanya&#8221;.<\/h4>\n<p>Efter det att vi har f\u00e5tt v\u00e5r sj\u00e4lvupplysning kan denna alltigenomtr\u00e4ngande energin erfaras som en sval bris eller som &#8220;vibrationer&#8221;, speciellt ovanf\u00f6r huvudet och p\u00e5 handflatorna. I meditation, n\u00e4r v\u00e5r <a href=\"https:\/\/shrimataji.org\/test\/sv\/kundalini\/\">Kundalini<\/a> stiger genom v\u00e5ra <a href=\"https:\/\/shrimataji.org\/test\/sv\/chakran-och-egenskaper\/\">chakran<\/a>, kan vi k\u00e4nna den inom v\u00e5r ryggrad d\u00e4r de olika chakran \u00e4r bel\u00e4gna och ibland \u00e4ven p\u00e5 de specifika fingrar som motsvarar chakran. Dessa vibrationer ger oss inte bara en komplett bild av verkligheten, utan frambringar \u00e4ven ett tillst\u00e5nd som \u00e4r gynnsamt f\u00f6r oss, f\u00f6r v\u00e5ra medm\u00e4nniskor och naturen som omger oss.<\/p>\n<p>Personer som praktiserar Sahaja yoga f\u00f6rv\u00e5nades \u00f6ver precisionen och effektiviteten av dessa gudomliga vibrationer, som helt omsluter oss och v\u00e4gleder oss i v\u00e5rt dagliga liv. Dessa vibrationer av gudomlig k\u00e4rlek kan g\u00f6ra det utan att rubba v\u00e5r fria vilja. En enkel analogi kan vara att denna energi \u00e4r som ett genomgripande &#8220;internet&#8221; som g\u00f6r det m\u00f6jligt f\u00f6r oss att l\u00f6sa m\u00e5nga problem som vi m\u00f6ter i v\u00e5rt dagliga liv, detta utan att beh\u00f6va ha expertkunskaper inom n\u00e5got specifikt omr\u00e5de. Precis som internet beh\u00f6ver vi bara ha en stabil anslutning till denna alltigenomtr\u00e4ngande kraft, n\u00e5got som med l\u00e4tthet kan uppn\u00e5s i v\u00e5r dagliga meditation.<\/p>\n<div class=\"su-quote su-quote-style-default\"><div class=\"su-quote-inner su-u-clearfix su-u-trim\">F\u00f6r nutidens praktikanter av Sahaja Yogis \u00e4r det v\u00e4ldigt l\u00e4tt att ta reda p\u00e5 om n\u00e5got \u00e4r verkligt eller overkligt, om det \u00e4r sanning eller osanning, om det \u00e4r k\u00e4rlek eller hat. Bara genom vibrationer kan du veta detta. Men ut\u00f6ver det m\u00e5ste vi f\u00f6rst\u00e5 vad dessa vibrationer \u00e4r och vad de \u00e4r gjorda av. Vilken \u00e4r den subtila kraften som ligger bakom dessa vibrationer? Vi kallar det Paramchaitanya.<\/div><\/div>\n\t\t<iframe loading=\"lazy\" title=\"Paramchaitanya\" width=\"1920\" height=\"1080\" src=\"https:\/\/www.youtube.com\/embed\/Er_H-whvfWQ?feature=oembed\" frameborder=\"0\" allow=\"accelerometer; autoplay; clipboard-write; encrypted-media; gyroscope; picture-in-picture; web-share\" allowfullscreen><\/iframe>\t\n\n","protected":false},"excerpt":{"rendered":"<p>Paramchaitanya Det omedvetnas gudomliga svala bris Det finns m\u00e5nga namn i olika kulturer f\u00f6r denna universella kraft av Guds k\u00e4rlek: Phneuma, Ruah, Assas, Tao, den helige Andes vind, livets vatten etc. Egentligen betyder de alla samma sak; en k\u00e4rleksfull, intelligent, allomfattande skapelseenergi. Medvetande och energi \u00e4r de prim\u00e4ra faktorerna. Allt annat \u00e4r sekund\u00e4rt. Denna kausala&hellip; <br \/> <a class=\"read-more\" href=\"https:\/\/shrimataji.org\/test\/sv\/paramchaitanya-sv\/\">Read more<\/a><\/p>\n","protected":false},"author":1,"featured_media":23038,"parent":0,"menu_order":0,"comment_status":"closed","ping_status":"closed","template":"","meta":{"inline_featured_image":false,"footnotes":""},"class_list":["post-23037","page","type-page","status-publish","has-post-thumbnail","hentry"],"yoast_head":"<!-- This site is optimized with the Yoast SEO plugin v27.4 - https:\/\/yoast.com\/product\/yoast-seo-wordpress\/ -->\n<title>Paramchaitanya SV - TEST - SMND<\/title>\n<meta name=\"robots\" content=\"noindex, follow, max-snippet:-1, max-image-preview:large, max-video-preview:-1\" \/>\n<meta property=\"og:locale\" content=\"en_US\" \/>\n<meta property=\"og:type\" content=\"article\" \/>\n<meta property=\"og:title\" content=\"Paramchaitanya SV - TEST - SMND\" \/>\n<meta property=\"og:description\" content=\"Paramchaitanya Det omedvetnas gudomliga svala bris Det finns m\u00e5nga namn i olika kulturer f\u00f6r denna universella kraft av Guds k\u00e4rlek: Phneuma, Ruah, Assas, Tao, den helige Andes vind, livets vatten etc. Egentligen betyder de alla samma sak; en k\u00e4rleksfull, intelligent, allomfattande skapelseenergi. Medvetande och energi \u00e4r de prim\u00e4ra faktorerna. Allt annat \u00e4r sekund\u00e4rt. Denna kausala&hellip; Read more\" \/>\n<meta property=\"og:url\" content=\"https:\/\/shrimataji.org\/test\/sv\/paramchaitanya-sv\/\" \/>\n<meta property=\"og:site_name\" content=\"TEST - SMND\" \/>\n<meta property=\"article:publisher\" content=\"https:\/\/www.facebook.com\/shrimataji\" \/>\n<meta property=\"article:modified_time\" content=\"2026-01-08T19:45:55+00:00\" \/>\n<meta property=\"og:image\" content=\"https:\/\/shrimataji.org\/test\/wp-content\/uploads\/2023\/03\/10_Banner-SY-Paramchaitanya-scaled.jpg\" \/>\n\t<meta property=\"og:image:width\" content=\"2560\" \/>\n\t<meta property=\"og:image:height\" content=\"905\" \/>\n\t<meta property=\"og:image:type\" content=\"image\/jpeg\" \/>\n<meta name=\"twitter:card\" content=\"summary_large_image\" \/>\n<meta name=\"twitter:site\" content=\"@shrimataji\" \/>\n<meta name=\"twitter:label1\" content=\"Est. reading time\" \/>\n\t<meta name=\"twitter:data1\" content=\"2 minutes\" \/>\n<script type=\"application\/ld+json\" class=\"yoast-schema-graph\">{\"@context\":\"https:\\\/\\\/schema.org\",\"@graph\":[{\"@type\":\"WebPage\",\"@id\":\"https:\\\/\\\/shrimataji.org\\\/test\\\/sv\\\/paramchaitanya-sv\\\/\",\"url\":\"https:\\\/\\\/shrimataji.org\\\/test\\\/sv\\\/paramchaitanya-sv\\\/\",\"name\":\"Paramchaitanya SV - TEST - SMND\",\"isPartOf\":{\"@id\":\"https:\\\/\\\/shrimataji.org\\\/test\\\/#website\"},\"primaryImageOfPage\":{\"@id\":\"https:\\\/\\\/shrimataji.org\\\/test\\\/sv\\\/paramchaitanya-sv\\\/#primaryimage\"},\"image\":{\"@id\":\"https:\\\/\\\/shrimataji.org\\\/test\\\/sv\\\/paramchaitanya-sv\\\/#primaryimage\"},\"thumbnailUrl\":\"https:\\\/\\\/shrimataji.org\\\/test\\\/wp-content\\\/uploads\\\/2023\\\/03\\\/10_Banner-SY-Paramchaitanya-scaled.jpg\",\"datePublished\":\"2022-01-29T10:23:24+00:00\",\"dateModified\":\"2026-01-08T19:45:55+00:00\",\"breadcrumb\":{\"@id\":\"https:\\\/\\\/shrimataji.org\\\/test\\\/sv\\\/paramchaitanya-sv\\\/#breadcrumb\"},\"inLanguage\":\"en-US\",\"potentialAction\":[{\"@type\":\"ReadAction\",\"target\":[\"https:\\\/\\\/shrimataji.org\\\/test\\\/sv\\\/paramchaitanya-sv\\\/\"]}]},{\"@type\":\"ImageObject\",\"inLanguage\":\"en-US\",\"@id\":\"https:\\\/\\\/shrimataji.org\\\/test\\\/sv\\\/paramchaitanya-sv\\\/#primaryimage\",\"url\":\"https:\\\/\\\/shrimataji.org\\\/test\\\/wp-content\\\/uploads\\\/2023\\\/03\\\/10_Banner-SY-Paramchaitanya-scaled.jpg\",\"contentUrl\":\"https:\\\/\\\/shrimataji.org\\\/test\\\/wp-content\\\/uploads\\\/2023\\\/03\\\/10_Banner-SY-Paramchaitanya-scaled.jpg\",\"width\":2560,\"height\":905},{\"@type\":\"BreadcrumbList\",\"@id\":\"https:\\\/\\\/shrimataji.org\\\/test\\\/sv\\\/paramchaitanya-sv\\\/#breadcrumb\",\"itemListElement\":[{\"@type\":\"ListItem\",\"position\":1,\"name\":\"Home\",\"item\":\"https:\\\/\\\/shrimataji.org\\\/test\\\/uk\\\/home-en\\\/\"},{\"@type\":\"ListItem\",\"position\":2,\"name\":\"Paramchaitanya SV\"}]},{\"@type\":\"WebSite\",\"@id\":\"https:\\\/\\\/shrimataji.org\\\/test\\\/#website\",\"url\":\"https:\\\/\\\/shrimataji.org\\\/test\\\/\",\"name\":\"Shri Mataji Nirmala Devi\",\"description\":\"A Life Dedicated to Humanity\",\"publisher\":{\"@id\":\"https:\\\/\\\/shrimataji.org\\\/test\\\/#\\\/schema\\\/person\\\/a1b3419c6585f164aa96da1ff85715d1\"},\"potentialAction\":[{\"@type\":\"SearchAction\",\"target\":{\"@type\":\"EntryPoint\",\"urlTemplate\":\"https:\\\/\\\/shrimataji.org\\\/test\\\/?s={search_term_string}\"},\"query-input\":{\"@type\":\"PropertyValueSpecification\",\"valueRequired\":true,\"valueName\":\"search_term_string\"}}],\"inLanguage\":\"en-US\"},{\"@type\":[\"Person\",\"Organization\"],\"@id\":\"https:\\\/\\\/shrimataji.org\\\/test\\\/#\\\/schema\\\/person\\\/a1b3419c6585f164aa96da1ff85715d1\",\"name\":\"Nirmala Shrivastava\",\"image\":{\"@type\":\"ImageObject\",\"inLanguage\":\"en-US\",\"@id\":\"https:\\\/\\\/shrimataji.org\\\/test\\\/wp-content\\\/uploads\\\/2023\\\/02\\\/SMO_LOGO-03.svg\",\"url\":\"https:\\\/\\\/shrimataji.org\\\/test\\\/wp-content\\\/uploads\\\/2023\\\/02\\\/SMO_LOGO-03.svg\",\"contentUrl\":\"https:\\\/\\\/shrimataji.org\\\/test\\\/wp-content\\\/uploads\\\/2023\\\/02\\\/SMO_LOGO-03.svg\",\"width\":\"1024\",\"height\":\"1024\",\"caption\":\"Nirmala Shrivastava\"},\"logo\":{\"@id\":\"https:\\\/\\\/shrimataji.org\\\/test\\\/wp-content\\\/uploads\\\/2023\\\/02\\\/SMO_LOGO-03.svg\"},\"sameAs\":[\"https:\\\/\\\/shrimataji.org\\\/test\",\"https:\\\/\\\/www.facebook.com\\\/shrimataji\",\"https:\\\/\\\/x.com\\\/shrimataji\",\"https:\\\/\\\/www.youtube.com\\\/@Shri_Mataji_Nirmala_Devi\\\/featured\"]}]}<\/script>\n<!-- \/ Yoast SEO plugin. -->","yoast_head_json":{"title":"Paramchaitanya SV - TEST - SMND","robots":{"index":"noindex","follow":"follow","max-snippet":"max-snippet:-1","max-image-preview":"max-image-preview:large","max-video-preview":"max-video-preview:-1"},"og_locale":"en_US","og_type":"article","og_title":"Paramchaitanya SV - TEST - SMND","og_description":"Paramchaitanya Det omedvetnas gudomliga svala bris Det finns m\u00e5nga namn i olika kulturer f\u00f6r denna universella kraft av Guds k\u00e4rlek: Phneuma, Ruah, Assas, Tao, den helige Andes vind, livets vatten etc. Egentligen betyder de alla samma sak; en k\u00e4rleksfull, intelligent, allomfattande skapelseenergi. Medvetande och energi \u00e4r de prim\u00e4ra faktorerna. Allt annat \u00e4r sekund\u00e4rt. Denna kausala&hellip; Read more","og_url":"https:\/\/shrimataji.org\/test\/sv\/paramchaitanya-sv\/","og_site_name":"TEST - SMND","article_publisher":"https:\/\/www.facebook.com\/shrimataji","article_modified_time":"2026-01-08T19:45:55+00:00","og_image":[{"width":2560,"height":905,"url":"https:\/\/shrimataji.org\/test\/wp-content\/uploads\/2023\/03\/10_Banner-SY-Paramchaitanya-scaled.jpg","type":"image\/jpeg"}],"twitter_card":"summary_large_image","twitter_site":"@shrimataji","twitter_misc":{"Est. reading time":"2 minutes"},"schema":{"@context":"https:\/\/schema.org","@graph":[{"@type":"WebPage","@id":"https:\/\/shrimataji.org\/test\/sv\/paramchaitanya-sv\/","url":"https:\/\/shrimataji.org\/test\/sv\/paramchaitanya-sv\/","name":"Paramchaitanya SV - TEST - SMND","isPartOf":{"@id":"https:\/\/shrimataji.org\/test\/#website"},"primaryImageOfPage":{"@id":"https:\/\/shrimataji.org\/test\/sv\/paramchaitanya-sv\/#primaryimage"},"image":{"@id":"https:\/\/shrimataji.org\/test\/sv\/paramchaitanya-sv\/#primaryimage"},"thumbnailUrl":"https:\/\/shrimataji.org\/test\/wp-content\/uploads\/2023\/03\/10_Banner-SY-Paramchaitanya-scaled.jpg","datePublished":"2022-01-29T10:23:24+00:00","dateModified":"2026-01-08T19:45:55+00:00","breadcrumb":{"@id":"https:\/\/shrimataji.org\/test\/sv\/paramchaitanya-sv\/#breadcrumb"},"inLanguage":"en-US","potentialAction":[{"@type":"ReadAction","target":["https:\/\/shrimataji.org\/test\/sv\/paramchaitanya-sv\/"]}]},{"@type":"ImageObject","inLanguage":"en-US","@id":"https:\/\/shrimataji.org\/test\/sv\/paramchaitanya-sv\/#primaryimage","url":"https:\/\/shrimataji.org\/test\/wp-content\/uploads\/2023\/03\/10_Banner-SY-Paramchaitanya-scaled.jpg","contentUrl":"https:\/\/shrimataji.org\/test\/wp-content\/uploads\/2023\/03\/10_Banner-SY-Paramchaitanya-scaled.jpg","width":2560,"height":905},{"@type":"BreadcrumbList","@id":"https:\/\/shrimataji.org\/test\/sv\/paramchaitanya-sv\/#breadcrumb","itemListElement":[{"@type":"ListItem","position":1,"name":"Home","item":"https:\/\/shrimataji.org\/test\/uk\/home-en\/"},{"@type":"ListItem","position":2,"name":"Paramchaitanya SV"}]},{"@type":"WebSite","@id":"https:\/\/shrimataji.org\/test\/#website","url":"https:\/\/shrimataji.org\/test\/","name":"Shri Mataji Nirmala Devi","description":"A Life Dedicated to Humanity","publisher":{"@id":"https:\/\/shrimataji.org\/test\/#\/schema\/person\/a1b3419c6585f164aa96da1ff85715d1"},"potentialAction":[{"@type":"SearchAction","target":{"@type":"EntryPoint","urlTemplate":"https:\/\/shrimataji.org\/test\/?s={search_term_string}"},"query-input":{"@type":"PropertyValueSpecification","valueRequired":true,"valueName":"search_term_string"}}],"inLanguage":"en-US"},{"@type":["Person","Organization"],"@id":"https:\/\/shrimataji.org\/test\/#\/schema\/person\/a1b3419c6585f164aa96da1ff85715d1","name":"Nirmala Shrivastava","image":{"@type":"ImageObject","inLanguage":"en-US","@id":"https:\/\/shrimataji.org\/test\/wp-content\/uploads\/2023\/02\/SMO_LOGO-03.svg","url":"https:\/\/shrimataji.org\/test\/wp-content\/uploads\/2023\/02\/SMO_LOGO-03.svg","contentUrl":"https:\/\/shrimataji.org\/test\/wp-content\/uploads\/2023\/02\/SMO_LOGO-03.svg","width":"1024","height":"1024","caption":"Nirmala Shrivastava"},"logo":{"@id":"https:\/\/shrimataji.org\/test\/wp-content\/uploads\/2023\/02\/SMO_LOGO-03.svg"},"sameAs":["https:\/\/shrimataji.org\/test","https:\/\/www.facebook.com\/shrimataji","https:\/\/x.com\/shrimataji","https:\/\/www.youtube.com\/@Shri_Mataji_Nirmala_Devi\/featured"]}]}},"lang":"sv","translations":{"sv":23037,"ur":37475,"en":6404,"am":18048,"th":20016,"hu":19532,"sq":18449,"zh":17346,"hi":8298,"tr":10192,"pt":10402,"de":10676,"fr":10774,"it":10872,"es":10969,"ja":11266,"ru":11454,"bn":11646,"te":11754,"sw":11877,"he":12025,"el":12317,"sk":12415,"fa":12513,"fi":12611,"bg":13388,"ro":14462,"cs":14655,"nl":16609,"ku":16769,"ar":16945,"be":18656,"kn":18930,"mr":20380,"uk":20674,"ml":20969,"ta":22767,"gu":28881,"pa":29041,"fil":29485,"da":37786,"pl":37998,"nn":38338},"pll_sync_post":[],"_links":{"self":[{"href":"https:\/\/shrimataji.org\/test\/wp-json\/wp\/v2\/pages\/23037","targetHints":{"allow":["GET"]}}],"collection":[{"href":"https:\/\/shrimataji.org\/test\/wp-json\/wp\/v2\/pages"}],"about":[{"href":"https:\/\/shrimataji.org\/test\/wp-json\/wp\/v2\/types\/page"}],"author":[{"embeddable":true,"href":"https:\/\/shrimataji.org\/test\/wp-json\/wp\/v2\/users\/1"}],"replies":[{"embeddable":true,"href":"https:\/\/shrimataji.org\/test\/wp-json\/wp\/v2\/comments?post=23037"}],"version-history":[{"count":0,"href":"https:\/\/shrimataji.org\/test\/wp-json\/wp\/v2\/pages\/23037\/revisions"}],"wp:featuredmedia":[{"embeddable":true,"href":"https:\/\/shrimataji.org\/test\/wp-json\/wp\/v2\/media\/23038"}],"wp:attachment":[{"href":"https:\/\/shrimataji.org\/test\/wp-json\/wp\/v2\/media?parent=23037"}],"curies":[{"name":"wp","href":"https:\/\/api.w.org\/{rel}","templated":true}]}}