{"id":23039,"date":"2022-01-29T10:34:53","date_gmt":"2022-01-29T10:34:53","guid":{"rendered":"https:\/\/test.shrimataji.org\/?page_id=6414"},"modified":"2026-01-08T19:45:55","modified_gmt":"2026-01-08T19:45:55","slug":"pingala-nadi-sv","status":"publish","type":"page","link":"https:\/\/shrimataji.org\/test\/sv\/pingala-nadi-sv\/","title":{"rendered":"Pingala Nadi SV"},"content":{"rendered":"\n\n\t<h1>Pingala Nadi<\/h1>\n<h2>Handling och intelligens<\/h2>\n\t<h4>V\u00e5r h\u00f6gra energikanal (kallad Pingala Nadi p\u00e5 sanskrit), \u00e4ven k\u00e4nd som solkanalen, har sin b\u00f6rjan vid det andra energicentret (Swadhisthan Chakra) och snirklar sig upp p\u00e5 h\u00f6ger sida inom v\u00e5r kropp, och kulminerar som en ballong l\u00e4ngs den v\u00e4nstra hj\u00e4rnhalvan.<\/h4>\n<p>Shri Mataji beskriver denna ballong som egots mentala uttryck. Egot ger oss en k\u00e4nsla av individualism och jaget, avskillt fr\u00e5n andra. Det \u00e4r egot som g\u00f6r att vi kan relatera till oss sj\u00e4lva som &#8220;jag&#8221;.<\/p>\n\t\t\t\t<a href=\"https:\/\/shrimataji.org\/test\/wp-content\/uploads\/2023\/02\/3_Pingala-01.png\"  target=\"_blank\" rel=\"noopener\"  itemprop=\"url\">\n\t\t\t\t<img decoding=\"async\" src=\"https:\/\/shrimataji.org\/test\/wp-content\/uploads\/2023\/02\/3_Pingala-01.png\" alt=\"3_Pingala-01\" itemprop=\"image\" height=\"3407\" width=\"3214\" title=\"3_Pingala-01\" onerror=\"this.style.display='none'\" loading=\"lazy\" \/>\n\t\t\t\t<\/a>\n\t<div class=\"su-quote su-quote-style-default\"><div class=\"su-quote-inner su-u-clearfix su-u-trim\">&#8230;den h\u00e4r sp\u00e4nningen kommer till oss eftersom vi \u00f6veranstr\u00e4nger oss f\u00f6r mycket p\u00e5 h\u00f6ger sida, som man ser d\u00e4r, denna gula linje &#8230; som utvecklas till en annan otrevlig sak som kallas ego: att vi k\u00e4nner att vi g\u00f6r det. &#8220;Inget \u00e4r fel,inget \u00e4r fel&#8221;, d\u00e4rf\u00f6r okunskap ger dig den uppfattningen att &#8220;Det \u00e4r jag som \u00e5stadkommer den h\u00e4r g\u00e4rningen.<\/div><\/div>\n\t\t<iframe loading=\"lazy\" title=\"Pingala Nadi\" width=\"1920\" height=\"1080\" src=\"https:\/\/www.youtube.com\/embed\/lV4Sh2Mgp2Y?feature=oembed\" frameborder=\"0\" allow=\"accelerometer; autoplay; clipboard-write; encrypted-media; gyroscope; picture-in-picture; web-share\" allowfullscreen><\/iframe>\t\n\t<p>Handling och planering \u00e4r v\u00e4sentliga egenskaper f\u00f6rknippade med h\u00f6ger energikanal. Dessa aspekter \u00e4r ocks\u00e5 kopplade till neurala anslutningar i den v\u00e4nstra hj\u00e4rnhalvan och driver v\u00e5ra mentala och fysiska aktiviteter. Kravet p\u00e5 energi fr\u00e5n h\u00f6ger energikanal kan ibland vara s\u00e5 stort att v\u00e4nster sida f\u00f6rsvagas. N\u00e4r detta intr\u00e4ffar kan gl\u00e4djen f\u00f6rsvinna, och vi blir sura och irriterade. Vi kanske till och med b\u00f6rjar skrika och domdera vid minsta lilla motst\u00e5nd. Detta kan resultera i att stress, aggression och negativt beteende forts\u00e4tter att trappas upp. Vi m\u00f6ter ofta stressiga milj\u00f6er p\u00e5 v\u00e5r arbetsplats, skolor och andra offentliga platser. Ibland \u00e4r det sv\u00e5rt att uppr\u00e4tth\u00e5lla ett lugnt fridfullt hemmaliv om s\u00e5dana stressfulla situationer blir kroniska.<\/p>\n<p>Att bli medveten \u00e4r lyckligtvis det f\u00f6rsta steget f\u00f6r att korrigera s\u00e5dana obalanser i v\u00e5r h\u00f6gra sida. Meditation och tillg\u00e5ng till v\u00e5r <a href=\"https:\/\/shrimataji.org\/test\/sv\/kundalini\/\">Kundalini<\/a> f\u00f6r att \u00e5terst\u00e4lla harmoni, frid och gl\u00e4dje g\u00f6r att vi mycket enkelt kan hitta ett naturligt tillst\u00e5nd av balans.<\/p>\n<p>V\u00e5r h\u00f6gra energikanal p\u00e5verkar v\u00e5r f\u00f6rm\u00e5ga att planera och agera f\u00f6r framtiden. Den \u00e4r ocks\u00e5 associerad med mer negativa k\u00e4nslor som ilska, irritabilitet och stress. V\u00e5r h\u00f6gra kanal ger oss f\u00f6rm\u00e5gan att t\u00e4nka i termer av &#8220;jag&#8221;, &#8220;mitt&#8221; och &#8220;mig&#8221;. N\u00e4r vi \u00f6verdriver n\u00e5gon av dessa aspekter blir vi oangen\u00e4ma f\u00f6r v\u00e5r omgivning. Men genom meditation kan vi b\u00f6rja k\u00e4nna igen n\u00e4r energin i h\u00f6ger kanal \u00e4r f\u00f6r stark och att det \u00e4r dags att kyla ner den och \u00e5terg\u00e5 till i balans.<\/p>\n<p>Shri Mataji rekommenderar mycket enkla tekniker som \u00e4r l\u00e4tta och riskfria. Genom dessa kan v\u00e5r h\u00f6gra energikanal uppn\u00e5 balans.<\/p>\n\n","protected":false},"excerpt":{"rendered":"<p>Pingala Nadi Handling och intelligens V\u00e5r h\u00f6gra energikanal (kallad Pingala Nadi p\u00e5 sanskrit), \u00e4ven k\u00e4nd som solkanalen, har sin b\u00f6rjan vid det andra energicentret (Swadhisthan Chakra) och snirklar sig upp p\u00e5 h\u00f6ger sida inom v\u00e5r kropp, och kulminerar som en ballong l\u00e4ngs den v\u00e4nstra hj\u00e4rnhalvan. Shri Mataji beskriver denna ballong som egots mentala uttryck. Egot&hellip; <br \/> <a class=\"read-more\" href=\"https:\/\/shrimataji.org\/test\/sv\/pingala-nadi-sv\/\">Read more<\/a><\/p>\n","protected":false},"author":1,"featured_media":23040,"parent":0,"menu_order":0,"comment_status":"closed","ping_status":"closed","template":"","meta":{"inline_featured_image":false,"footnotes":""},"class_list":["post-23039","page","type-page","status-publish","has-post-thumbnail","hentry"],"yoast_head":"<!-- This site is optimized with the Yoast SEO plugin v27.4 - https:\/\/yoast.com\/product\/yoast-seo-wordpress\/ -->\n<title>Pingala Nadi SV - TEST - SMND<\/title>\n<meta name=\"robots\" content=\"noindex, follow, max-snippet:-1, max-image-preview:large, max-video-preview:-1\" \/>\n<meta property=\"og:locale\" content=\"en_US\" \/>\n<meta property=\"og:type\" content=\"article\" \/>\n<meta property=\"og:title\" content=\"Pingala Nadi SV - TEST - SMND\" \/>\n<meta property=\"og:description\" content=\"Pingala Nadi Handling och intelligens V\u00e5r h\u00f6gra energikanal (kallad Pingala Nadi p\u00e5 sanskrit), \u00e4ven k\u00e4nd som solkanalen, har sin b\u00f6rjan vid det andra energicentret (Swadhisthan Chakra) och snirklar sig upp p\u00e5 h\u00f6ger sida inom v\u00e5r kropp, och kulminerar som en ballong l\u00e4ngs den v\u00e4nstra hj\u00e4rnhalvan. Shri Mataji beskriver denna ballong som egots mentala uttryck. Egot&hellip; Read more\" \/>\n<meta property=\"og:url\" content=\"https:\/\/shrimataji.org\/test\/sv\/pingala-nadi-sv\/\" \/>\n<meta property=\"og:site_name\" content=\"TEST - SMND\" \/>\n<meta property=\"article:publisher\" content=\"https:\/\/www.facebook.com\/shrimataji\" \/>\n<meta property=\"article:modified_time\" content=\"2026-01-08T19:45:55+00:00\" \/>\n<meta property=\"og:image\" content=\"https:\/\/shrimataji.org\/test\/wp-content\/uploads\/2023\/03\/13_Banner-SY-Pingala-scaled.jpg\" \/>\n\t<meta property=\"og:image:width\" content=\"2560\" \/>\n\t<meta property=\"og:image:height\" content=\"905\" \/>\n\t<meta property=\"og:image:type\" content=\"image\/jpeg\" \/>\n<meta name=\"twitter:card\" content=\"summary_large_image\" \/>\n<meta name=\"twitter:site\" content=\"@shrimataji\" \/>\n<script type=\"application\/ld+json\" class=\"yoast-schema-graph\">{\"@context\":\"https:\\\/\\\/schema.org\",\"@graph\":[{\"@type\":\"WebPage\",\"@id\":\"https:\\\/\\\/shrimataji.org\\\/test\\\/sv\\\/pingala-nadi-sv\\\/\",\"url\":\"https:\\\/\\\/shrimataji.org\\\/test\\\/sv\\\/pingala-nadi-sv\\\/\",\"name\":\"Pingala Nadi SV - TEST - SMND\",\"isPartOf\":{\"@id\":\"https:\\\/\\\/shrimataji.org\\\/test\\\/#website\"},\"primaryImageOfPage\":{\"@id\":\"https:\\\/\\\/shrimataji.org\\\/test\\\/sv\\\/pingala-nadi-sv\\\/#primaryimage\"},\"image\":{\"@id\":\"https:\\\/\\\/shrimataji.org\\\/test\\\/sv\\\/pingala-nadi-sv\\\/#primaryimage\"},\"thumbnailUrl\":\"https:\\\/\\\/shrimataji.org\\\/test\\\/wp-content\\\/uploads\\\/2023\\\/03\\\/13_Banner-SY-Pingala-scaled.jpg\",\"datePublished\":\"2022-01-29T10:34:53+00:00\",\"dateModified\":\"2026-01-08T19:45:55+00:00\",\"breadcrumb\":{\"@id\":\"https:\\\/\\\/shrimataji.org\\\/test\\\/sv\\\/pingala-nadi-sv\\\/#breadcrumb\"},\"inLanguage\":\"en-US\",\"potentialAction\":[{\"@type\":\"ReadAction\",\"target\":[\"https:\\\/\\\/shrimataji.org\\\/test\\\/sv\\\/pingala-nadi-sv\\\/\"]}]},{\"@type\":\"ImageObject\",\"inLanguage\":\"en-US\",\"@id\":\"https:\\\/\\\/shrimataji.org\\\/test\\\/sv\\\/pingala-nadi-sv\\\/#primaryimage\",\"url\":\"https:\\\/\\\/shrimataji.org\\\/test\\\/wp-content\\\/uploads\\\/2023\\\/03\\\/13_Banner-SY-Pingala-scaled.jpg\",\"contentUrl\":\"https:\\\/\\\/shrimataji.org\\\/test\\\/wp-content\\\/uploads\\\/2023\\\/03\\\/13_Banner-SY-Pingala-scaled.jpg\",\"width\":2560,\"height\":905},{\"@type\":\"BreadcrumbList\",\"@id\":\"https:\\\/\\\/shrimataji.org\\\/test\\\/sv\\\/pingala-nadi-sv\\\/#breadcrumb\",\"itemListElement\":[{\"@type\":\"ListItem\",\"position\":1,\"name\":\"Home\",\"item\":\"https:\\\/\\\/shrimataji.org\\\/test\\\/uk\\\/home-en\\\/\"},{\"@type\":\"ListItem\",\"position\":2,\"name\":\"Pingala Nadi SV\"}]},{\"@type\":\"WebSite\",\"@id\":\"https:\\\/\\\/shrimataji.org\\\/test\\\/#website\",\"url\":\"https:\\\/\\\/shrimataji.org\\\/test\\\/\",\"name\":\"Shri Mataji Nirmala Devi\",\"description\":\"A Life Dedicated to Humanity\",\"publisher\":{\"@id\":\"https:\\\/\\\/shrimataji.org\\\/test\\\/#\\\/schema\\\/person\\\/a1b3419c6585f164aa96da1ff85715d1\"},\"potentialAction\":[{\"@type\":\"SearchAction\",\"target\":{\"@type\":\"EntryPoint\",\"urlTemplate\":\"https:\\\/\\\/shrimataji.org\\\/test\\\/?s={search_term_string}\"},\"query-input\":{\"@type\":\"PropertyValueSpecification\",\"valueRequired\":true,\"valueName\":\"search_term_string\"}}],\"inLanguage\":\"en-US\"},{\"@type\":[\"Person\",\"Organization\"],\"@id\":\"https:\\\/\\\/shrimataji.org\\\/test\\\/#\\\/schema\\\/person\\\/a1b3419c6585f164aa96da1ff85715d1\",\"name\":\"Nirmala Shrivastava\",\"image\":{\"@type\":\"ImageObject\",\"inLanguage\":\"en-US\",\"@id\":\"https:\\\/\\\/shrimataji.org\\\/test\\\/wp-content\\\/uploads\\\/2023\\\/02\\\/SMO_LOGO-03.svg\",\"url\":\"https:\\\/\\\/shrimataji.org\\\/test\\\/wp-content\\\/uploads\\\/2023\\\/02\\\/SMO_LOGO-03.svg\",\"contentUrl\":\"https:\\\/\\\/shrimataji.org\\\/test\\\/wp-content\\\/uploads\\\/2023\\\/02\\\/SMO_LOGO-03.svg\",\"width\":\"1024\",\"height\":\"1024\",\"caption\":\"Nirmala Shrivastava\"},\"logo\":{\"@id\":\"https:\\\/\\\/shrimataji.org\\\/test\\\/wp-content\\\/uploads\\\/2023\\\/02\\\/SMO_LOGO-03.svg\"},\"sameAs\":[\"https:\\\/\\\/shrimataji.org\\\/test\",\"https:\\\/\\\/www.facebook.com\\\/shrimataji\",\"https:\\\/\\\/x.com\\\/shrimataji\",\"https:\\\/\\\/www.youtube.com\\\/@Shri_Mataji_Nirmala_Devi\\\/featured\"]}]}<\/script>\n<!-- \/ Yoast SEO plugin. -->","yoast_head_json":{"title":"Pingala Nadi SV - TEST - SMND","robots":{"index":"noindex","follow":"follow","max-snippet":"max-snippet:-1","max-image-preview":"max-image-preview:large","max-video-preview":"max-video-preview:-1"},"og_locale":"en_US","og_type":"article","og_title":"Pingala Nadi SV - TEST - SMND","og_description":"Pingala Nadi Handling och intelligens V\u00e5r h\u00f6gra energikanal (kallad Pingala Nadi p\u00e5 sanskrit), \u00e4ven k\u00e4nd som solkanalen, har sin b\u00f6rjan vid det andra energicentret (Swadhisthan Chakra) och snirklar sig upp p\u00e5 h\u00f6ger sida inom v\u00e5r kropp, och kulminerar som en ballong l\u00e4ngs den v\u00e4nstra hj\u00e4rnhalvan. Shri Mataji beskriver denna ballong som egots mentala uttryck. Egot&hellip; Read more","og_url":"https:\/\/shrimataji.org\/test\/sv\/pingala-nadi-sv\/","og_site_name":"TEST - SMND","article_publisher":"https:\/\/www.facebook.com\/shrimataji","article_modified_time":"2026-01-08T19:45:55+00:00","og_image":[{"width":2560,"height":905,"url":"https:\/\/shrimataji.org\/test\/wp-content\/uploads\/2023\/03\/13_Banner-SY-Pingala-scaled.jpg","type":"image\/jpeg"}],"twitter_card":"summary_large_image","twitter_site":"@shrimataji","schema":{"@context":"https:\/\/schema.org","@graph":[{"@type":"WebPage","@id":"https:\/\/shrimataji.org\/test\/sv\/pingala-nadi-sv\/","url":"https:\/\/shrimataji.org\/test\/sv\/pingala-nadi-sv\/","name":"Pingala Nadi SV - TEST - SMND","isPartOf":{"@id":"https:\/\/shrimataji.org\/test\/#website"},"primaryImageOfPage":{"@id":"https:\/\/shrimataji.org\/test\/sv\/pingala-nadi-sv\/#primaryimage"},"image":{"@id":"https:\/\/shrimataji.org\/test\/sv\/pingala-nadi-sv\/#primaryimage"},"thumbnailUrl":"https:\/\/shrimataji.org\/test\/wp-content\/uploads\/2023\/03\/13_Banner-SY-Pingala-scaled.jpg","datePublished":"2022-01-29T10:34:53+00:00","dateModified":"2026-01-08T19:45:55+00:00","breadcrumb":{"@id":"https:\/\/shrimataji.org\/test\/sv\/pingala-nadi-sv\/#breadcrumb"},"inLanguage":"en-US","potentialAction":[{"@type":"ReadAction","target":["https:\/\/shrimataji.org\/test\/sv\/pingala-nadi-sv\/"]}]},{"@type":"ImageObject","inLanguage":"en-US","@id":"https:\/\/shrimataji.org\/test\/sv\/pingala-nadi-sv\/#primaryimage","url":"https:\/\/shrimataji.org\/test\/wp-content\/uploads\/2023\/03\/13_Banner-SY-Pingala-scaled.jpg","contentUrl":"https:\/\/shrimataji.org\/test\/wp-content\/uploads\/2023\/03\/13_Banner-SY-Pingala-scaled.jpg","width":2560,"height":905},{"@type":"BreadcrumbList","@id":"https:\/\/shrimataji.org\/test\/sv\/pingala-nadi-sv\/#breadcrumb","itemListElement":[{"@type":"ListItem","position":1,"name":"Home","item":"https:\/\/shrimataji.org\/test\/uk\/home-en\/"},{"@type":"ListItem","position":2,"name":"Pingala Nadi SV"}]},{"@type":"WebSite","@id":"https:\/\/shrimataji.org\/test\/#website","url":"https:\/\/shrimataji.org\/test\/","name":"Shri Mataji Nirmala Devi","description":"A Life Dedicated to Humanity","publisher":{"@id":"https:\/\/shrimataji.org\/test\/#\/schema\/person\/a1b3419c6585f164aa96da1ff85715d1"},"potentialAction":[{"@type":"SearchAction","target":{"@type":"EntryPoint","urlTemplate":"https:\/\/shrimataji.org\/test\/?s={search_term_string}"},"query-input":{"@type":"PropertyValueSpecification","valueRequired":true,"valueName":"search_term_string"}}],"inLanguage":"en-US"},{"@type":["Person","Organization"],"@id":"https:\/\/shrimataji.org\/test\/#\/schema\/person\/a1b3419c6585f164aa96da1ff85715d1","name":"Nirmala Shrivastava","image":{"@type":"ImageObject","inLanguage":"en-US","@id":"https:\/\/shrimataji.org\/test\/wp-content\/uploads\/2023\/02\/SMO_LOGO-03.svg","url":"https:\/\/shrimataji.org\/test\/wp-content\/uploads\/2023\/02\/SMO_LOGO-03.svg","contentUrl":"https:\/\/shrimataji.org\/test\/wp-content\/uploads\/2023\/02\/SMO_LOGO-03.svg","width":"1024","height":"1024","caption":"Nirmala Shrivastava"},"logo":{"@id":"https:\/\/shrimataji.org\/test\/wp-content\/uploads\/2023\/02\/SMO_LOGO-03.svg"},"sameAs":["https:\/\/shrimataji.org\/test","https:\/\/www.facebook.com\/shrimataji","https:\/\/x.com\/shrimataji","https:\/\/www.youtube.com\/@Shri_Mataji_Nirmala_Devi\/featured"]}]}},"lang":"sv","translations":{"sv":23039,"ur":37477,"en":6414,"am":18050,"th":20019,"hu":19534,"sq":18451,"zh":17348,"hi":8311,"tr":10193,"pt":10403,"de":10677,"fr":10775,"it":10873,"es":10970,"ja":11267,"ru":11455,"bn":11647,"te":11755,"sw":11878,"he":12026,"el":12318,"sk":12416,"fa":12514,"fi":12612,"bg":13382,"ro":14456,"cs":14649,"nl":16611,"ku":16771,"ar":16947,"be":18658,"kn":18932,"mr":20383,"uk":20677,"ml":20972,"ta":22769,"gu":28883,"pa":29043,"fil":29487,"da":37788,"pl":38000,"nn":38340},"pll_sync_post":[],"_links":{"self":[{"href":"https:\/\/shrimataji.org\/test\/wp-json\/wp\/v2\/pages\/23039","targetHints":{"allow":["GET"]}}],"collection":[{"href":"https:\/\/shrimataji.org\/test\/wp-json\/wp\/v2\/pages"}],"about":[{"href":"https:\/\/shrimataji.org\/test\/wp-json\/wp\/v2\/types\/page"}],"author":[{"embeddable":true,"href":"https:\/\/shrimataji.org\/test\/wp-json\/wp\/v2\/users\/1"}],"replies":[{"embeddable":true,"href":"https:\/\/shrimataji.org\/test\/wp-json\/wp\/v2\/comments?post=23039"}],"version-history":[{"count":0,"href":"https:\/\/shrimataji.org\/test\/wp-json\/wp\/v2\/pages\/23039\/revisions"}],"wp:featuredmedia":[{"embeddable":true,"href":"https:\/\/shrimataji.org\/test\/wp-json\/wp\/v2\/media\/23040"}],"wp:attachment":[{"href":"https:\/\/shrimataji.org\/test\/wp-json\/wp\/v2\/media?parent=23039"}],"curies":[{"name":"wp","href":"https:\/\/api.w.org\/{rel}","templated":true}]}}