{"id":23041,"date":"2015-02-02T03:00:00","date_gmt":"2015-02-02T03:00:00","guid":{"rendered":"http:\/\/testwordpress.nirmalnagari.org\/smnd\/index.php\/poems-by-shri-mataji\/"},"modified":"2025-04-25T12:24:18","modified_gmt":"2025-04-25T12:24:18","slug":"dikter-av-shri-mataji","status":"publish","type":"page","link":"https:\/\/shrimataji.org\/test\/sv\/dikter-av-shri-mataji\/","title":{"rendered":"Dikter av Shri Mataji"},"content":{"rendered":"\n\n\t<h1>Att vara en dammpartikel<\/h1>\nJag \u00f6nskar vara som en dammpartikel<br \/>\nsom r\u00f6r sig med vinden.\n<p>Den f\u00e4rdas \u00f6verallt.<\/p>\nDen kan f\u00e4rdas och sitta p\u00e5 en konungs huvudet,<br \/>\neller f\u00e4rdas och falla f\u00f6r n\u00e5gons f\u00f6tter.\nOch den kan f\u00e4rdas och sitta p\u00e5 en liten blomma,<br \/>\noch den kan f\u00e4rdas och sitta var som helst.\nMen jag \u00f6nskar vara en dammpartikel.<br \/>\nSom \u00e4r v\u00e4ldoftande,<br \/>\nsom \u00e4r n\u00e4rande,<br \/>\nsom \u00e4r upplysande.\n<strong>Shri Mataji Nirmala Devi,<\/strong><br \/>\n<strong>sju \u00e5r gammal i Dhulia, Indien, 14 januari 1983.<\/strong>\n\t<h1>Till Mina blomsterbarn<\/h1>\nDu \u00e4r arg p\u00e5 livet<br \/>\nSom ett litet barn<br \/>\nsom f\u00f6rlorat sin mor i m\u00f6rkret<br \/>\nDu tjurar och uttrycker f\u00f6rtvivlan<br \/>\n\u00e5t det l\u00f6nl\u00f6sa slutet p\u00e5 din f\u00e4rd.\nDu b\u00e4r fulhet f\u00f6r att uppt\u00e4cka sk\u00f6nhet<br \/>\nI sanningens namn ben\u00e4mner du allt som falskt.<br \/>\nDu dr\u00e4nerar k\u00e4nslor f\u00f6r att fylla k\u00e4rlekens b\u00e4gare.<br \/>\nMitt rara barn, min \u00e4lskling<br \/>\nHur kan du finna frid genom att f\u00f6ra krig<br \/>\nmed dig sj\u00e4lv, med ditt v\u00e4sen, med gl\u00e4djen sj\u00e4lv?\nNu f\u00e5r det r\u00e4cka med f\u00f6rnekandets m\u00f6da,<br \/>\ntr\u00f6stens konstgjorda f\u00f6rkl\u00e4dnad.<br \/>\nVila nu i lotusblommans kronblad<br \/>\ni din hulda Moders kn\u00e4<br \/>\nJag kommer att pryda ditt liv med ljuva blomster<br \/>\nOch fylla din tid med gl\u00e4djens v\u00e4ldoft<br \/>\nJag kommer att sm\u00f6rja ditt huvud med gudomlig k\u00e4rlek\nF\u00f6r jag kan inte l\u00e4ngre st\u00e5 ut med dina kval.<br \/>\nL\u00e5t mig omsluta dig i gl\u00e4djens ocean<br \/>\nS\u00e5 du f\u00f6rlorar din varelse i den H\u00f6gste\nsom ler i ditt inres b\u00e4gare,<br \/>\nHemlighetsfullt dold, st\u00e4ndigt lockande<br \/>\nBli varse och du kommer att hitta Honom<br \/>\noch hela ditt v\u00e4sen sk\u00e4lver av salig gl\u00e4dje<br \/>\noch hela universum h\u00f6ljs av ljus.\n<h4>Shri Mataji Nirmala Devi, till USA:s s\u00f6kare p\u00e5 sin f\u00f6rsta resa till Amerika 1972.<\/h4>\n\t<h1>Jag ser ett berg<\/h1>\n<p>Jag ser ett berg fr\u00e5n mitt f\u00f6nster<\/p>\n<p>det st\u00e5r d\u00e4r som en klok gammal man<\/p>\n<p>utan beg\u00e4r, full av k\u00e4rlek.<\/p>\nS\u00e5 m\u00e5nga tr\u00e4d och s\u00e5 m\u00e5nga blommor<br \/>\nplundrar berget oupph\u00f6rligen<br \/>\nmen dess uppm\u00e4rksamhet st\u00f6rs inte\nOch n\u00e4r regnet \u00f6ser ner<br \/>\nlikt m\u00e5nga kannor fyllda med moln som brister<br \/>\noch fyller berget med gr\u00f6nska,\n<p>kanske kommer stormen farande,<\/p>\n<p>och fyller sj\u00f6n med medlidande.<\/p>\n<p>Och floderna str\u00f6mmar ner<\/p>\n<p>mot havet som kallar<\/p>\n<p>Solen kommer att skapa moln och<\/p>\nvinden b\u00e4r regnet p\u00e5 sina fj\u00e4derliknande vingar<br \/>\nmot berget.\n<p>Detta \u00e4r den eviga leken<\/p>\n<p>Berget beaktar<\/p>\n<p>Utan beg\u00e4r.<\/p>\n<h4>Shri Mataji Nirmala Devi, 2002.<\/h4>\n\n","protected":false},"excerpt":{"rendered":"<p>Att vara en dammpartikel Jag \u00f6nskar vara som en dammpartikel som r\u00f6r sig med vinden. Den f\u00e4rdas \u00f6verallt. Den kan f\u00e4rdas och sitta p\u00e5 en konungs huvudet, eller f\u00e4rdas och falla f\u00f6r n\u00e5gons f\u00f6tter. Och den kan f\u00e4rdas och sitta p\u00e5 en liten blomma, och den kan f\u00e4rdas och sitta var som helst. Men jag&hellip; <br \/> <a class=\"read-more\" href=\"https:\/\/shrimataji.org\/test\/sv\/dikter-av-shri-mataji\/\">Read more<\/a><\/p>\n","protected":false},"author":58,"featured_media":23042,"parent":0,"menu_order":0,"comment_status":"closed","ping_status":"closed","template":"","meta":{"inline_featured_image":false,"footnotes":""},"class_list":["post-23041","page","type-page","status-publish","has-post-thumbnail","hentry"],"yoast_head":"<!-- This site is optimized with the Yoast SEO plugin v27.4 - https:\/\/yoast.com\/product\/yoast-seo-wordpress\/ -->\n<title>Dikter av Shri Mataji - TEST - SMND<\/title>\n<meta name=\"robots\" content=\"noindex, follow, max-snippet:-1, max-image-preview:large, max-video-preview:-1\" \/>\n<meta property=\"og:locale\" content=\"en_US\" \/>\n<meta property=\"og:type\" content=\"article\" \/>\n<meta property=\"og:title\" content=\"Dikter av Shri Mataji - TEST - SMND\" \/>\n<meta property=\"og:description\" content=\"Att vara en dammpartikel Jag \u00f6nskar vara som en dammpartikel som r\u00f6r sig med vinden. Den f\u00e4rdas \u00f6verallt. Den kan f\u00e4rdas och sitta p\u00e5 en konungs huvudet, eller f\u00e4rdas och falla f\u00f6r n\u00e5gons f\u00f6tter. Och den kan f\u00e4rdas och sitta p\u00e5 en liten blomma, och den kan f\u00e4rdas och sitta var som helst. Men jag&hellip; Read more\" \/>\n<meta property=\"og:url\" content=\"https:\/\/shrimataji.org\/test\/sv\/dikter-av-shri-mataji\/\" \/>\n<meta property=\"og:site_name\" content=\"TEST - SMND\" \/>\n<meta property=\"article:publisher\" content=\"https:\/\/www.facebook.com\/shrimataji\" \/>\n<meta property=\"article:modified_time\" content=\"2025-04-25T12:24:18+00:00\" \/>\n<meta property=\"og:image\" content=\"https:\/\/shrimataji.org\/test\/wp-content\/uploads\/2018\/07\/media_originals\/images\/headers-general\/artwork-by-meredith-cooper-australia.jpg\" \/>\n\t<meta property=\"og:image:width\" content=\"990\" \/>\n\t<meta property=\"og:image:height\" content=\"350\" \/>\n\t<meta property=\"og:image:type\" content=\"image\/jpeg\" \/>\n<meta name=\"twitter:card\" content=\"summary_large_image\" \/>\n<meta name=\"twitter:site\" content=\"@shrimataji\" \/>\n<meta name=\"twitter:label1\" content=\"Est. reading time\" \/>\n\t<meta name=\"twitter:data1\" content=\"2 minutes\" \/>\n<script type=\"application\/ld+json\" class=\"yoast-schema-graph\">{\"@context\":\"https:\\\/\\\/schema.org\",\"@graph\":[{\"@type\":\"WebPage\",\"@id\":\"https:\\\/\\\/shrimataji.org\\\/test\\\/sv\\\/dikter-av-shri-mataji\\\/\",\"url\":\"https:\\\/\\\/shrimataji.org\\\/test\\\/sv\\\/dikter-av-shri-mataji\\\/\",\"name\":\"Dikter av Shri Mataji - TEST - SMND\",\"isPartOf\":{\"@id\":\"https:\\\/\\\/shrimataji.org\\\/test\\\/#website\"},\"primaryImageOfPage\":{\"@id\":\"https:\\\/\\\/shrimataji.org\\\/test\\\/sv\\\/dikter-av-shri-mataji\\\/#primaryimage\"},\"image\":{\"@id\":\"https:\\\/\\\/shrimataji.org\\\/test\\\/sv\\\/dikter-av-shri-mataji\\\/#primaryimage\"},\"thumbnailUrl\":\"https:\\\/\\\/shrimataji.org\\\/test\\\/wp-content\\\/uploads\\\/2018\\\/07\\\/media_originals\\\/images\\\/headers-general\\\/artwork-by-meredith-cooper-australia.jpg\",\"datePublished\":\"2015-02-02T03:00:00+00:00\",\"dateModified\":\"2025-04-25T12:24:18+00:00\",\"breadcrumb\":{\"@id\":\"https:\\\/\\\/shrimataji.org\\\/test\\\/sv\\\/dikter-av-shri-mataji\\\/#breadcrumb\"},\"inLanguage\":\"en-US\",\"potentialAction\":[{\"@type\":\"ReadAction\",\"target\":[\"https:\\\/\\\/shrimataji.org\\\/test\\\/sv\\\/dikter-av-shri-mataji\\\/\"]}]},{\"@type\":\"ImageObject\",\"inLanguage\":\"en-US\",\"@id\":\"https:\\\/\\\/shrimataji.org\\\/test\\\/sv\\\/dikter-av-shri-mataji\\\/#primaryimage\",\"url\":\"https:\\\/\\\/shrimataji.org\\\/test\\\/wp-content\\\/uploads\\\/2018\\\/07\\\/media_originals\\\/images\\\/headers-general\\\/artwork-by-meredith-cooper-australia.jpg\",\"contentUrl\":\"https:\\\/\\\/shrimataji.org\\\/test\\\/wp-content\\\/uploads\\\/2018\\\/07\\\/media_originals\\\/images\\\/headers-general\\\/artwork-by-meredith-cooper-australia.jpg\",\"width\":990,\"height\":350},{\"@type\":\"BreadcrumbList\",\"@id\":\"https:\\\/\\\/shrimataji.org\\\/test\\\/sv\\\/dikter-av-shri-mataji\\\/#breadcrumb\",\"itemListElement\":[{\"@type\":\"ListItem\",\"position\":1,\"name\":\"Home\",\"item\":\"https:\\\/\\\/shrimataji.org\\\/test\\\/uk\\\/home-en\\\/\"},{\"@type\":\"ListItem\",\"position\":2,\"name\":\"Dikter av Shri Mataji\"}]},{\"@type\":\"WebSite\",\"@id\":\"https:\\\/\\\/shrimataji.org\\\/test\\\/#website\",\"url\":\"https:\\\/\\\/shrimataji.org\\\/test\\\/\",\"name\":\"Shri Mataji Nirmala Devi\",\"description\":\"A Life Dedicated to Humanity\",\"publisher\":{\"@id\":\"https:\\\/\\\/shrimataji.org\\\/test\\\/#\\\/schema\\\/person\\\/a1b3419c6585f164aa96da1ff85715d1\"},\"potentialAction\":[{\"@type\":\"SearchAction\",\"target\":{\"@type\":\"EntryPoint\",\"urlTemplate\":\"https:\\\/\\\/shrimataji.org\\\/test\\\/?s={search_term_string}\"},\"query-input\":{\"@type\":\"PropertyValueSpecification\",\"valueRequired\":true,\"valueName\":\"search_term_string\"}}],\"inLanguage\":\"en-US\"},{\"@type\":[\"Person\",\"Organization\"],\"@id\":\"https:\\\/\\\/shrimataji.org\\\/test\\\/#\\\/schema\\\/person\\\/a1b3419c6585f164aa96da1ff85715d1\",\"name\":\"Nirmala Shrivastava\",\"image\":{\"@type\":\"ImageObject\",\"inLanguage\":\"en-US\",\"@id\":\"https:\\\/\\\/shrimataji.org\\\/test\\\/wp-content\\\/uploads\\\/2023\\\/02\\\/SMO_LOGO-03.svg\",\"url\":\"https:\\\/\\\/shrimataji.org\\\/test\\\/wp-content\\\/uploads\\\/2023\\\/02\\\/SMO_LOGO-03.svg\",\"contentUrl\":\"https:\\\/\\\/shrimataji.org\\\/test\\\/wp-content\\\/uploads\\\/2023\\\/02\\\/SMO_LOGO-03.svg\",\"width\":\"1024\",\"height\":\"1024\",\"caption\":\"Nirmala Shrivastava\"},\"logo\":{\"@id\":\"https:\\\/\\\/shrimataji.org\\\/test\\\/wp-content\\\/uploads\\\/2023\\\/02\\\/SMO_LOGO-03.svg\"},\"sameAs\":[\"https:\\\/\\\/shrimataji.org\\\/test\",\"https:\\\/\\\/www.facebook.com\\\/shrimataji\",\"https:\\\/\\\/x.com\\\/shrimataji\",\"https:\\\/\\\/www.youtube.com\\\/@Shri_Mataji_Nirmala_Devi\\\/featured\"]}]}<\/script>\n<!-- \/ Yoast SEO plugin. -->","yoast_head_json":{"title":"Dikter av Shri Mataji - TEST - SMND","robots":{"index":"noindex","follow":"follow","max-snippet":"max-snippet:-1","max-image-preview":"max-image-preview:large","max-video-preview":"max-video-preview:-1"},"og_locale":"en_US","og_type":"article","og_title":"Dikter av Shri Mataji - TEST - SMND","og_description":"Att vara en dammpartikel Jag \u00f6nskar vara som en dammpartikel som r\u00f6r sig med vinden. Den f\u00e4rdas \u00f6verallt. Den kan f\u00e4rdas och sitta p\u00e5 en konungs huvudet, eller f\u00e4rdas och falla f\u00f6r n\u00e5gons f\u00f6tter. Och den kan f\u00e4rdas och sitta p\u00e5 en liten blomma, och den kan f\u00e4rdas och sitta var som helst. Men jag&hellip; Read more","og_url":"https:\/\/shrimataji.org\/test\/sv\/dikter-av-shri-mataji\/","og_site_name":"TEST - SMND","article_publisher":"https:\/\/www.facebook.com\/shrimataji","article_modified_time":"2025-04-25T12:24:18+00:00","og_image":[{"width":990,"height":350,"url":"https:\/\/shrimataji.org\/test\/wp-content\/uploads\/2018\/07\/media_originals\/images\/headers-general\/artwork-by-meredith-cooper-australia.jpg","type":"image\/jpeg"}],"twitter_card":"summary_large_image","twitter_site":"@shrimataji","twitter_misc":{"Est. reading time":"2 minutes"},"schema":{"@context":"https:\/\/schema.org","@graph":[{"@type":"WebPage","@id":"https:\/\/shrimataji.org\/test\/sv\/dikter-av-shri-mataji\/","url":"https:\/\/shrimataji.org\/test\/sv\/dikter-av-shri-mataji\/","name":"Dikter av Shri Mataji - TEST - SMND","isPartOf":{"@id":"https:\/\/shrimataji.org\/test\/#website"},"primaryImageOfPage":{"@id":"https:\/\/shrimataji.org\/test\/sv\/dikter-av-shri-mataji\/#primaryimage"},"image":{"@id":"https:\/\/shrimataji.org\/test\/sv\/dikter-av-shri-mataji\/#primaryimage"},"thumbnailUrl":"https:\/\/shrimataji.org\/test\/wp-content\/uploads\/2018\/07\/media_originals\/images\/headers-general\/artwork-by-meredith-cooper-australia.jpg","datePublished":"2015-02-02T03:00:00+00:00","dateModified":"2025-04-25T12:24:18+00:00","breadcrumb":{"@id":"https:\/\/shrimataji.org\/test\/sv\/dikter-av-shri-mataji\/#breadcrumb"},"inLanguage":"en-US","potentialAction":[{"@type":"ReadAction","target":["https:\/\/shrimataji.org\/test\/sv\/dikter-av-shri-mataji\/"]}]},{"@type":"ImageObject","inLanguage":"en-US","@id":"https:\/\/shrimataji.org\/test\/sv\/dikter-av-shri-mataji\/#primaryimage","url":"https:\/\/shrimataji.org\/test\/wp-content\/uploads\/2018\/07\/media_originals\/images\/headers-general\/artwork-by-meredith-cooper-australia.jpg","contentUrl":"https:\/\/shrimataji.org\/test\/wp-content\/uploads\/2018\/07\/media_originals\/images\/headers-general\/artwork-by-meredith-cooper-australia.jpg","width":990,"height":350},{"@type":"BreadcrumbList","@id":"https:\/\/shrimataji.org\/test\/sv\/dikter-av-shri-mataji\/#breadcrumb","itemListElement":[{"@type":"ListItem","position":1,"name":"Home","item":"https:\/\/shrimataji.org\/test\/uk\/home-en\/"},{"@type":"ListItem","position":2,"name":"Dikter av Shri Mataji"}]},{"@type":"WebSite","@id":"https:\/\/shrimataji.org\/test\/#website","url":"https:\/\/shrimataji.org\/test\/","name":"Shri Mataji Nirmala Devi","description":"A Life Dedicated to Humanity","publisher":{"@id":"https:\/\/shrimataji.org\/test\/#\/schema\/person\/a1b3419c6585f164aa96da1ff85715d1"},"potentialAction":[{"@type":"SearchAction","target":{"@type":"EntryPoint","urlTemplate":"https:\/\/shrimataji.org\/test\/?s={search_term_string}"},"query-input":{"@type":"PropertyValueSpecification","valueRequired":true,"valueName":"search_term_string"}}],"inLanguage":"en-US"},{"@type":["Person","Organization"],"@id":"https:\/\/shrimataji.org\/test\/#\/schema\/person\/a1b3419c6585f164aa96da1ff85715d1","name":"Nirmala Shrivastava","image":{"@type":"ImageObject","inLanguage":"en-US","@id":"https:\/\/shrimataji.org\/test\/wp-content\/uploads\/2023\/02\/SMO_LOGO-03.svg","url":"https:\/\/shrimataji.org\/test\/wp-content\/uploads\/2023\/02\/SMO_LOGO-03.svg","contentUrl":"https:\/\/shrimataji.org\/test\/wp-content\/uploads\/2023\/02\/SMO_LOGO-03.svg","width":"1024","height":"1024","caption":"Nirmala Shrivastava"},"logo":{"@id":"https:\/\/shrimataji.org\/test\/wp-content\/uploads\/2023\/02\/SMO_LOGO-03.svg"},"sameAs":["https:\/\/shrimataji.org\/test","https:\/\/www.facebook.com\/shrimataji","https:\/\/x.com\/shrimataji","https:\/\/www.youtube.com\/@Shri_Mataji_Nirmala_Devi\/featured"]}]}},"lang":"sv","translations":{"sv":23041,"ur":37479,"en":428,"am":18052,"th":20022,"hu":19536,"sq":18453,"zh":17350,"hi":7608,"tr":10194,"pt":10404,"de":10678,"fr":10776,"it":10874,"es":10971,"ja":11268,"ru":11456,"bn":11648,"te":11756,"sw":11879,"he":12027,"el":12319,"sk":12417,"fa":12515,"fi":12613,"bg":13489,"ro":14564,"cs":14757,"nl":16613,"ku":16773,"ar":16949,"be":18660,"kn":18934,"mr":20386,"uk":20680,"ml":20975,"ta":22771,"gu":28885,"pa":29045,"fil":29489,"da":37790,"pl":38002,"nn":38342},"pll_sync_post":[],"_links":{"self":[{"href":"https:\/\/shrimataji.org\/test\/wp-json\/wp\/v2\/pages\/23041","targetHints":{"allow":["GET"]}}],"collection":[{"href":"https:\/\/shrimataji.org\/test\/wp-json\/wp\/v2\/pages"}],"about":[{"href":"https:\/\/shrimataji.org\/test\/wp-json\/wp\/v2\/types\/page"}],"author":[{"embeddable":true,"href":"https:\/\/shrimataji.org\/test\/wp-json\/wp\/v2\/users\/58"}],"replies":[{"embeddable":true,"href":"https:\/\/shrimataji.org\/test\/wp-json\/wp\/v2\/comments?post=23041"}],"version-history":[{"count":0,"href":"https:\/\/shrimataji.org\/test\/wp-json\/wp\/v2\/pages\/23041\/revisions"}],"wp:featuredmedia":[{"embeddable":true,"href":"https:\/\/shrimataji.org\/test\/wp-json\/wp\/v2\/media\/23042"}],"wp:attachment":[{"href":"https:\/\/shrimataji.org\/test\/wp-json\/wp\/v2\/media?parent=23041"}],"curies":[{"name":"wp","href":"https:\/\/api.w.org\/{rel}","templated":true}]}}