{"id":23044,"date":"2012-08-02T21:00:00","date_gmt":"2012-08-02T21:00:00","guid":{"rendered":"http:\/\/testwordpress.nirmalnagari.org\/smnd\/index.php\/privacy\/"},"modified":"2025-04-25T12:24:37","modified_gmt":"2025-04-25T12:24:37","slug":"var-integritetspolicy","status":"publish","type":"page","link":"https:\/\/shrimataji.org\/test\/sv\/var-integritetspolicy\/","title":{"rendered":"V\u00e5r Integritetspolicy"},"content":{"rendered":"\n\n\t<h1>V\u00e5r integritetspolicy<\/h1>\n<h4>P\u00e5 ShriMataji.org \u00e4r vi medvetna om det f\u00f6rtroende du har f\u00f6r oss och v\u00e5rt ansvar att skydda din integritet. Som en del av detta ansvar l\u00e5ter vi dig veta vilken information vi samlar in n\u00e4r du anv\u00e4nder v\u00e5r webbplats, varf\u00f6r vi samlar in den och hur vi anv\u00e4nder den f\u00f6r att f\u00f6rb\u00e4ttra din upplevelse.<\/h4>\n<p>Shri Mataji Nirmala Devi Sahaja Yoga World Foundation antar f\u00f6retagsprocedurer och policyer i linje med EU:s allm\u00e4nna dataskyddsf\u00f6rordning (GDPR 2016\/679) f\u00f6r att s\u00e4kerst\u00e4lla h\u00f6ga s\u00e4kerhetsstandarder och regler f\u00f6r att till\u00e5ta adekvat behandling av personuppgifter.<\/p>\n<h4>Individer som \u00e4r beh\u00f6riga att behandla data<\/h4>\n<p>Uppgifterna behandlas av adekvat identifierad, utbildad personal som har beh\u00f6righet att behandla uppgifterna som arbetar b\u00e5de inom och utanf\u00f6r f\u00f6retagets kontor.<\/p>\n<h4>Datalagring<\/h4>\n<p>Uppgifterna anv\u00e4nds endast under den tid som \u00e4r absolut n\u00f6dv\u00e4ndig f\u00f6r \u00e4ndam\u00e5len med behandlingen.<\/p>\n<h4>Sekretessinformation<\/h4>\n<p>F\u00f6r mer information, se integritetsinformationen nedan:<\/p>\n<ul>\n<li><a href=\"https:\/\/shrimataji.org\/test\/wp-content\/uploads\/2020\/04\/1_Privacy_Information_Website_User.pdf\" target=\"_blank\" rel=\"noopener\">Sekretessinformation Webbplatsanv\u00e4ndare<\/a><\/li>\n<li><a href=\"https:\/\/shrimataji.org\/test\/wp-content\/uploads\/2020\/04\/Privacy_Information_Feedback.pdf\" target=\"_blank\" rel=\"noopener\">Sekretessinformation Feedback<\/a><\/li>\n<li><a href=\"https:\/\/shrimataji.org\/test\/wp-content\/uploads\/2020\/04\/Cookie-Policy_eng.pdf\" target=\"_blank\" rel=\"noopener\">Cookiepolicy<\/a><\/li>\n<\/ul>\n<hr \/>\n<h3>\u00a9 Shri Mataji Nirmala Devi Sahaja Yoga World Foundation \u00e4r en ideell organisation listad i Piemontes regionala register \u00f6ver r\u00e4ttsliga enheter (prot. nr. 747)<\/h3>\n\n","protected":false},"excerpt":{"rendered":"<p>V\u00e5r integritetspolicy P\u00e5 ShriMataji.org \u00e4r vi medvetna om det f\u00f6rtroende du har f\u00f6r oss och v\u00e5rt ansvar att skydda din integritet. Som en del av detta ansvar l\u00e5ter vi dig veta vilken information vi samlar in n\u00e4r du anv\u00e4nder v\u00e5r webbplats, varf\u00f6r vi samlar in den och hur vi anv\u00e4nder den f\u00f6r att f\u00f6rb\u00e4ttra din&hellip; <br \/> <a class=\"read-more\" href=\"https:\/\/shrimataji.org\/test\/sv\/var-integritetspolicy\/\">Read more<\/a><\/p>\n","protected":false},"author":58,"featured_media":22993,"parent":0,"menu_order":0,"comment_status":"closed","ping_status":"closed","template":"","meta":{"inline_featured_image":false,"footnotes":""},"class_list":["post-23044","page","type-page","status-publish","has-post-thumbnail","hentry"],"yoast_head":"<!-- This site is optimized with the Yoast SEO plugin v27.4 - https:\/\/yoast.com\/product\/yoast-seo-wordpress\/ -->\n<title>V\u00e5r Integritetspolicy - TEST - SMND<\/title>\n<meta name=\"robots\" content=\"noindex, follow, max-snippet:-1, max-image-preview:large, max-video-preview:-1\" \/>\n<meta property=\"og:locale\" content=\"en_US\" \/>\n<meta property=\"og:type\" content=\"article\" \/>\n<meta property=\"og:title\" content=\"V\u00e5r Integritetspolicy - TEST - SMND\" \/>\n<meta property=\"og:description\" content=\"V\u00e5r integritetspolicy P\u00e5 ShriMataji.org \u00e4r vi medvetna om det f\u00f6rtroende du har f\u00f6r oss och v\u00e5rt ansvar att skydda din integritet. Som en del av detta ansvar l\u00e5ter vi dig veta vilken information vi samlar in n\u00e4r du anv\u00e4nder v\u00e5r webbplats, varf\u00f6r vi samlar in den och hur vi anv\u00e4nder den f\u00f6r att f\u00f6rb\u00e4ttra din&hellip; Read more\" \/>\n<meta property=\"og:url\" content=\"https:\/\/shrimataji.org\/test\/sv\/var-integritetspolicy\/\" \/>\n<meta property=\"og:site_name\" content=\"TEST - SMND\" \/>\n<meta property=\"article:publisher\" content=\"https:\/\/www.facebook.com\/shrimataji\" \/>\n<meta property=\"article:modified_time\" content=\"2025-04-25T12:24:37+00:00\" \/>\n<meta property=\"og:image\" content=\"https:\/\/shrimataji.org\/test\/wp-content\/uploads\/2023\/03\/Banner-Footer-Castle-1-scaled.jpg\" \/>\n\t<meta property=\"og:image:width\" content=\"2560\" \/>\n\t<meta property=\"og:image:height\" content=\"905\" \/>\n\t<meta property=\"og:image:type\" content=\"image\/jpeg\" \/>\n<meta name=\"twitter:card\" content=\"summary_large_image\" \/>\n<meta name=\"twitter:site\" content=\"@shrimataji\" \/>\n<meta name=\"twitter:label1\" content=\"Est. reading time\" \/>\n\t<meta name=\"twitter:data1\" content=\"1 minute\" \/>\n<script type=\"application\/ld+json\" class=\"yoast-schema-graph\">{\"@context\":\"https:\\\/\\\/schema.org\",\"@graph\":[{\"@type\":\"WebPage\",\"@id\":\"https:\\\/\\\/shrimataji.org\\\/test\\\/sv\\\/var-integritetspolicy\\\/\",\"url\":\"https:\\\/\\\/shrimataji.org\\\/test\\\/sv\\\/var-integritetspolicy\\\/\",\"name\":\"V\u00e5r Integritetspolicy - TEST - SMND\",\"isPartOf\":{\"@id\":\"https:\\\/\\\/shrimataji.org\\\/test\\\/#website\"},\"primaryImageOfPage\":{\"@id\":\"https:\\\/\\\/shrimataji.org\\\/test\\\/sv\\\/var-integritetspolicy\\\/#primaryimage\"},\"image\":{\"@id\":\"https:\\\/\\\/shrimataji.org\\\/test\\\/sv\\\/var-integritetspolicy\\\/#primaryimage\"},\"thumbnailUrl\":\"https:\\\/\\\/shrimataji.org\\\/test\\\/wp-content\\\/uploads\\\/2023\\\/03\\\/Banner-Footer-Castle-1-scaled.jpg\",\"datePublished\":\"2012-08-02T21:00:00+00:00\",\"dateModified\":\"2025-04-25T12:24:37+00:00\",\"breadcrumb\":{\"@id\":\"https:\\\/\\\/shrimataji.org\\\/test\\\/sv\\\/var-integritetspolicy\\\/#breadcrumb\"},\"inLanguage\":\"en-US\",\"potentialAction\":[{\"@type\":\"ReadAction\",\"target\":[\"https:\\\/\\\/shrimataji.org\\\/test\\\/sv\\\/var-integritetspolicy\\\/\"]}]},{\"@type\":\"ImageObject\",\"inLanguage\":\"en-US\",\"@id\":\"https:\\\/\\\/shrimataji.org\\\/test\\\/sv\\\/var-integritetspolicy\\\/#primaryimage\",\"url\":\"https:\\\/\\\/shrimataji.org\\\/test\\\/wp-content\\\/uploads\\\/2023\\\/03\\\/Banner-Footer-Castle-1-scaled.jpg\",\"contentUrl\":\"https:\\\/\\\/shrimataji.org\\\/test\\\/wp-content\\\/uploads\\\/2023\\\/03\\\/Banner-Footer-Castle-1-scaled.jpg\",\"width\":2560,\"height\":905},{\"@type\":\"BreadcrumbList\",\"@id\":\"https:\\\/\\\/shrimataji.org\\\/test\\\/sv\\\/var-integritetspolicy\\\/#breadcrumb\",\"itemListElement\":[{\"@type\":\"ListItem\",\"position\":1,\"name\":\"Home\",\"item\":\"https:\\\/\\\/shrimataji.org\\\/test\\\/uk\\\/home-en\\\/\"},{\"@type\":\"ListItem\",\"position\":2,\"name\":\"V\u00e5r Integritetspolicy\"}]},{\"@type\":\"WebSite\",\"@id\":\"https:\\\/\\\/shrimataji.org\\\/test\\\/#website\",\"url\":\"https:\\\/\\\/shrimataji.org\\\/test\\\/\",\"name\":\"Shri Mataji Nirmala Devi\",\"description\":\"A Life Dedicated to Humanity\",\"publisher\":{\"@id\":\"https:\\\/\\\/shrimataji.org\\\/test\\\/#\\\/schema\\\/person\\\/a1b3419c6585f164aa96da1ff85715d1\"},\"potentialAction\":[{\"@type\":\"SearchAction\",\"target\":{\"@type\":\"EntryPoint\",\"urlTemplate\":\"https:\\\/\\\/shrimataji.org\\\/test\\\/?s={search_term_string}\"},\"query-input\":{\"@type\":\"PropertyValueSpecification\",\"valueRequired\":true,\"valueName\":\"search_term_string\"}}],\"inLanguage\":\"en-US\"},{\"@type\":[\"Person\",\"Organization\"],\"@id\":\"https:\\\/\\\/shrimataji.org\\\/test\\\/#\\\/schema\\\/person\\\/a1b3419c6585f164aa96da1ff85715d1\",\"name\":\"Nirmala Shrivastava\",\"image\":{\"@type\":\"ImageObject\",\"inLanguage\":\"en-US\",\"@id\":\"https:\\\/\\\/shrimataji.org\\\/test\\\/wp-content\\\/uploads\\\/2023\\\/02\\\/SMO_LOGO-03.svg\",\"url\":\"https:\\\/\\\/shrimataji.org\\\/test\\\/wp-content\\\/uploads\\\/2023\\\/02\\\/SMO_LOGO-03.svg\",\"contentUrl\":\"https:\\\/\\\/shrimataji.org\\\/test\\\/wp-content\\\/uploads\\\/2023\\\/02\\\/SMO_LOGO-03.svg\",\"width\":\"1024\",\"height\":\"1024\",\"caption\":\"Nirmala Shrivastava\"},\"logo\":{\"@id\":\"https:\\\/\\\/shrimataji.org\\\/test\\\/wp-content\\\/uploads\\\/2023\\\/02\\\/SMO_LOGO-03.svg\"},\"sameAs\":[\"https:\\\/\\\/shrimataji.org\\\/test\",\"https:\\\/\\\/www.facebook.com\\\/shrimataji\",\"https:\\\/\\\/x.com\\\/shrimataji\",\"https:\\\/\\\/www.youtube.com\\\/@Shri_Mataji_Nirmala_Devi\\\/featured\"]}]}<\/script>\n<!-- \/ Yoast SEO plugin. -->","yoast_head_json":{"title":"V\u00e5r Integritetspolicy - TEST - SMND","robots":{"index":"noindex","follow":"follow","max-snippet":"max-snippet:-1","max-image-preview":"max-image-preview:large","max-video-preview":"max-video-preview:-1"},"og_locale":"en_US","og_type":"article","og_title":"V\u00e5r Integritetspolicy - TEST - SMND","og_description":"V\u00e5r integritetspolicy P\u00e5 ShriMataji.org \u00e4r vi medvetna om det f\u00f6rtroende du har f\u00f6r oss och v\u00e5rt ansvar att skydda din integritet. Som en del av detta ansvar l\u00e5ter vi dig veta vilken information vi samlar in n\u00e4r du anv\u00e4nder v\u00e5r webbplats, varf\u00f6r vi samlar in den och hur vi anv\u00e4nder den f\u00f6r att f\u00f6rb\u00e4ttra din&hellip; Read more","og_url":"https:\/\/shrimataji.org\/test\/sv\/var-integritetspolicy\/","og_site_name":"TEST - SMND","article_publisher":"https:\/\/www.facebook.com\/shrimataji","article_modified_time":"2025-04-25T12:24:37+00:00","og_image":[{"width":2560,"height":905,"url":"https:\/\/shrimataji.org\/test\/wp-content\/uploads\/2023\/03\/Banner-Footer-Castle-1-scaled.jpg","type":"image\/jpeg"}],"twitter_card":"summary_large_image","twitter_site":"@shrimataji","twitter_misc":{"Est. reading time":"1 minute"},"schema":{"@context":"https:\/\/schema.org","@graph":[{"@type":"WebPage","@id":"https:\/\/shrimataji.org\/test\/sv\/var-integritetspolicy\/","url":"https:\/\/shrimataji.org\/test\/sv\/var-integritetspolicy\/","name":"V\u00e5r Integritetspolicy - TEST - SMND","isPartOf":{"@id":"https:\/\/shrimataji.org\/test\/#website"},"primaryImageOfPage":{"@id":"https:\/\/shrimataji.org\/test\/sv\/var-integritetspolicy\/#primaryimage"},"image":{"@id":"https:\/\/shrimataji.org\/test\/sv\/var-integritetspolicy\/#primaryimage"},"thumbnailUrl":"https:\/\/shrimataji.org\/test\/wp-content\/uploads\/2023\/03\/Banner-Footer-Castle-1-scaled.jpg","datePublished":"2012-08-02T21:00:00+00:00","dateModified":"2025-04-25T12:24:37+00:00","breadcrumb":{"@id":"https:\/\/shrimataji.org\/test\/sv\/var-integritetspolicy\/#breadcrumb"},"inLanguage":"en-US","potentialAction":[{"@type":"ReadAction","target":["https:\/\/shrimataji.org\/test\/sv\/var-integritetspolicy\/"]}]},{"@type":"ImageObject","inLanguage":"en-US","@id":"https:\/\/shrimataji.org\/test\/sv\/var-integritetspolicy\/#primaryimage","url":"https:\/\/shrimataji.org\/test\/wp-content\/uploads\/2023\/03\/Banner-Footer-Castle-1-scaled.jpg","contentUrl":"https:\/\/shrimataji.org\/test\/wp-content\/uploads\/2023\/03\/Banner-Footer-Castle-1-scaled.jpg","width":2560,"height":905},{"@type":"BreadcrumbList","@id":"https:\/\/shrimataji.org\/test\/sv\/var-integritetspolicy\/#breadcrumb","itemListElement":[{"@type":"ListItem","position":1,"name":"Home","item":"https:\/\/shrimataji.org\/test\/uk\/home-en\/"},{"@type":"ListItem","position":2,"name":"V\u00e5r Integritetspolicy"}]},{"@type":"WebSite","@id":"https:\/\/shrimataji.org\/test\/#website","url":"https:\/\/shrimataji.org\/test\/","name":"Shri Mataji Nirmala Devi","description":"A Life Dedicated to Humanity","publisher":{"@id":"https:\/\/shrimataji.org\/test\/#\/schema\/person\/a1b3419c6585f164aa96da1ff85715d1"},"potentialAction":[{"@type":"SearchAction","target":{"@type":"EntryPoint","urlTemplate":"https:\/\/shrimataji.org\/test\/?s={search_term_string}"},"query-input":{"@type":"PropertyValueSpecification","valueRequired":true,"valueName":"search_term_string"}}],"inLanguage":"en-US"},{"@type":["Person","Organization"],"@id":"https:\/\/shrimataji.org\/test\/#\/schema\/person\/a1b3419c6585f164aa96da1ff85715d1","name":"Nirmala Shrivastava","image":{"@type":"ImageObject","inLanguage":"en-US","@id":"https:\/\/shrimataji.org\/test\/wp-content\/uploads\/2023\/02\/SMO_LOGO-03.svg","url":"https:\/\/shrimataji.org\/test\/wp-content\/uploads\/2023\/02\/SMO_LOGO-03.svg","contentUrl":"https:\/\/shrimataji.org\/test\/wp-content\/uploads\/2023\/02\/SMO_LOGO-03.svg","width":"1024","height":"1024","caption":"Nirmala Shrivastava"},"logo":{"@id":"https:\/\/shrimataji.org\/test\/wp-content\/uploads\/2023\/02\/SMO_LOGO-03.svg"},"sameAs":["https:\/\/shrimataji.org\/test","https:\/\/www.facebook.com\/shrimataji","https:\/\/x.com\/shrimataji","https:\/\/www.youtube.com\/@Shri_Mataji_Nirmala_Devi\/featured"]}]}},"lang":"sv","translations":{"sv":23044,"en":424,"am":18055,"th":20027,"hu":19540,"sq":18456,"zh":17353,"hi":8498,"tr":10196,"pt":10406,"de":10680,"fr":10778,"it":10876,"es":10973,"ja":11270,"ru":11458,"bn":11650,"te":11758,"sw":11881,"he":12029,"el":12321,"fa":12517,"fi":12615,"bg":13503,"ro":14578,"cs":14771,"nl":16616,"ku":16776,"ar":16952,"be":18663,"kn":18937,"mr":20391,"uk":20685,"ml":20980,"ta":22774,"pa":29048,"fil":29492},"pll_sync_post":[],"_links":{"self":[{"href":"https:\/\/shrimataji.org\/test\/wp-json\/wp\/v2\/pages\/23044","targetHints":{"allow":["GET"]}}],"collection":[{"href":"https:\/\/shrimataji.org\/test\/wp-json\/wp\/v2\/pages"}],"about":[{"href":"https:\/\/shrimataji.org\/test\/wp-json\/wp\/v2\/types\/page"}],"author":[{"embeddable":true,"href":"https:\/\/shrimataji.org\/test\/wp-json\/wp\/v2\/users\/58"}],"replies":[{"embeddable":true,"href":"https:\/\/shrimataji.org\/test\/wp-json\/wp\/v2\/comments?post=23044"}],"version-history":[{"count":0,"href":"https:\/\/shrimataji.org\/test\/wp-json\/wp\/v2\/pages\/23044\/revisions"}],"wp:featuredmedia":[{"embeddable":true,"href":"https:\/\/shrimataji.org\/test\/wp-json\/wp\/v2\/media\/22993"}],"wp:attachment":[{"href":"https:\/\/shrimataji.org\/test\/wp-json\/wp\/v2\/media?parent=23044"}],"curies":[{"name":"wp","href":"https:\/\/api.w.org\/{rel}","templated":true}]}}