{"id":23045,"date":"2018-07-10T06:54:50","date_gmt":"2018-07-10T06:54:50","guid":{"rendered":"http:\/\/testwordpress.nirmalnagari.org\/smnd\/index.php\/public-life\/"},"modified":"2026-01-06T13:35:38","modified_gmt":"2026-01-06T13:35:38","slug":"offentligt-liv","status":"publish","type":"page","link":"https:\/\/shrimataji.org\/test\/sv\/offentligt-liv\/","title":{"rendered":"Offentligt liv"},"content":{"rendered":"\n\n\t<h1>Offentligt liv<\/h1>\n<h2>F\u00f6ra ut det i v\u00e4rlden<\/h2>\n\t<h4>N\u00e4r hennes barn v\u00e4l hade vuxit till sig kunde Nirmala Srivastava investera mer av sin uppm\u00e4rksamhet och tid i det offentliga rummet. Medan hennes man ledde FN:s internationella sj\u00f6fartsorganisation i London, b\u00f6rjade hon sitt andliga arbete med en liten grupp m\u00e4nniskor d\u00e4r. Hon b\u00f6rjade ocks\u00e5 turnera landet runt, h\u00e5lla f\u00f6rel\u00e4sningar samt upplevelsen av sj\u00e4lvf\u00f6rverkligande. Nirmala skulle snart bli k\u00e4nd under hederstiteln Shri Mataji, som betyder &#8220;Respekterad Moder&#8221;, eftersom de runt omkring henne kom att erk\u00e4nna hennes exceptionella andliga och moderliga egenskaper.<\/h4>\n\t<p>Hon tog aldrig betalt f\u00f6r sina f\u00f6rel\u00e4sningar eller f\u00f6r sj\u00e4lvupplysningen, d\u00e5 hon ans\u00e5g att andligt uppv\u00e4ckande \u00e4r en r\u00e4ttighet som inte kan k\u00f6pas f\u00f6r pengar. Meditationsmetoden hon skapade kallas Sahaja Yoga. Hon b\u00f6rjade sitt arbete i Storbritannien och reste runt i b\u00e5de sm\u00e5 och stora st\u00e4der. D\u00e4r gav hon radio- och tv-intervjuer, h\u00f6ll f\u00f6rel\u00e4sningar och lyssnade t\u00e5lmodigt p\u00e5 m\u00e4nniskors ber\u00e4ttelser och problem, och gav r\u00e5d.<\/p>\n\t\t<iframe loading=\"lazy\" title=\"The Time For Realization Is Now\" width=\"1920\" height=\"1080\" src=\"https:\/\/www.youtube.com\/embed\/4X6QxLepxT0?feature=oembed\" frameborder=\"0\" allow=\"accelerometer; autoplay; clipboard-write; encrypted-media; gyroscope; picture-in-picture; web-share\" allowfullscreen><\/iframe>\t\n\t<p>P\u00e5 1980-talet reste Shri Mataji runt i Europa, Australien och Nordamerika. Hon l\u00e4rde ut Sahaja Yoga gratis till alla intresserade och deltog i diskussioner och fr\u00e5gestunder om andlighetens roll i dagens samh\u00e4lle.<\/p>\n<p>Under 1990-talet reste hon till Sydamerika, \u00d6steuropa och Asien.<\/p>\n<p>Hon tilldelades m\u00e5nga <a href=\"https:\/\/shrimataji.org\/test\/sv\/utmarkelser\/\">hedersutm\u00e4rkelser och doktorstitlar<\/a> fr\u00e5n institutioner runt om i v\u00e4rlden. \u00c5r 1995 talade hon p\u00e5 den <a href=\"https:\/\/shrimataji.org\/test\/sv\/fns-fjarde-varldskonferens-om-kvinnor\/\">fj\u00e4rde v\u00e4rldskonferensen om kvinnor i Peking<\/a>. Hon h\u00f6ll ocks\u00e5 ett tal om v\u00e4rldsfred vid FN.<\/p>\n\t\t\t\t<img decoding=\"async\" src=\"https:\/\/shrimataji.org\/test\/wp-content\/uploads\/2024\/12\/sv_shri-mataji-greeting-the-queen-2.jpg\" alt=\"Shri Mataji med drottning Elizabeth II\" itemprop=\"image\" height=\"320\" width=\"460\" title=\"sv_shri-mataji-greeting-the-queen-2\" onerror=\"this.style.display='none'\" loading=\"lazy\" \/>\n\t\tShri Mataji med drottning Elizabeth II\n\t<p>\u00c5r 1997 uttryckte Claes Nobel sin beundran f\u00f6r Shri Mataji och Sahaja Yoga, som han kallade &#8220;en v\u00e4gledning mellan r\u00e4tt och fel&#8221; och &#8220;ett hopp f\u00f6r m\u00e4nskligheten.&#8221;<\/p>\n\t<div class=\"su-quote su-quote-style-default\"><div class=\"su-quote-inner su-u-clearfix su-u-trim\">Det som h\u00e4nder n\u00e4r man b\u00f6rjar praktisera Sahaja Yoga \u00e4r att man utvecklar sin k\u00e4rlek och medk\u00e4nsla till andra m\u00e4nniskor.<\/div><\/div>\n\n","protected":false},"excerpt":{"rendered":"<p>Offentligt liv F\u00f6ra ut det i v\u00e4rlden N\u00e4r hennes barn v\u00e4l hade vuxit till sig kunde Nirmala Srivastava investera mer av sin uppm\u00e4rksamhet och tid i det offentliga rummet. Medan hennes man ledde FN:s internationella sj\u00f6fartsorganisation i London, b\u00f6rjade hon sitt andliga arbete med en liten grupp m\u00e4nniskor d\u00e4r. Hon b\u00f6rjade ocks\u00e5 turnera landet runt,&hellip; <br \/> <a class=\"read-more\" href=\"https:\/\/shrimataji.org\/test\/sv\/offentligt-liv\/\">Read more<\/a><\/p>\n","protected":false},"author":58,"featured_media":23046,"parent":0,"menu_order":0,"comment_status":"closed","ping_status":"closed","template":"","meta":{"inline_featured_image":false,"footnotes":""},"class_list":["post-23045","page","type-page","status-publish","has-post-thumbnail","hentry"],"yoast_head":"<!-- This site is optimized with the Yoast SEO plugin v27.4 - https:\/\/yoast.com\/product\/yoast-seo-wordpress\/ -->\n<title>Offentligt liv - TEST - SMND<\/title>\n<meta name=\"robots\" content=\"noindex, follow, max-snippet:-1, max-image-preview:large, max-video-preview:-1\" \/>\n<meta property=\"og:locale\" content=\"en_US\" \/>\n<meta property=\"og:type\" content=\"article\" \/>\n<meta property=\"og:title\" content=\"Offentligt liv - TEST - SMND\" \/>\n<meta property=\"og:description\" content=\"Offentligt liv F\u00f6ra ut det i v\u00e4rlden N\u00e4r hennes barn v\u00e4l hade vuxit till sig kunde Nirmala Srivastava investera mer av sin uppm\u00e4rksamhet och tid i det offentliga rummet. Medan hennes man ledde FN:s internationella sj\u00f6fartsorganisation i London, b\u00f6rjade hon sitt andliga arbete med en liten grupp m\u00e4nniskor d\u00e4r. Hon b\u00f6rjade ocks\u00e5 turnera landet runt,&hellip; Read more\" \/>\n<meta property=\"og:url\" content=\"https:\/\/shrimataji.org\/test\/sv\/offentligt-liv\/\" \/>\n<meta property=\"og:site_name\" content=\"TEST - SMND\" \/>\n<meta property=\"article:publisher\" content=\"https:\/\/www.facebook.com\/shrimataji\" \/>\n<meta property=\"article:modified_time\" content=\"2026-01-06T13:35:38+00:00\" \/>\n<meta property=\"og:image\" content=\"https:\/\/shrimataji.org\/test\/wp-content\/uploads\/2023\/03\/9_Banner-PublicLife-2-scaled.jpg\" \/>\n\t<meta property=\"og:image:width\" content=\"2560\" \/>\n\t<meta property=\"og:image:height\" content=\"905\" \/>\n\t<meta property=\"og:image:type\" content=\"image\/jpeg\" \/>\n<meta name=\"twitter:card\" content=\"summary_large_image\" \/>\n<meta name=\"twitter:site\" content=\"@shrimataji\" \/>\n<script type=\"application\/ld+json\" class=\"yoast-schema-graph\">{\"@context\":\"https:\\\/\\\/schema.org\",\"@graph\":[{\"@type\":\"WebPage\",\"@id\":\"https:\\\/\\\/shrimataji.org\\\/test\\\/sv\\\/offentligt-liv\\\/\",\"url\":\"https:\\\/\\\/shrimataji.org\\\/test\\\/sv\\\/offentligt-liv\\\/\",\"name\":\"Offentligt liv - TEST - SMND\",\"isPartOf\":{\"@id\":\"https:\\\/\\\/shrimataji.org\\\/test\\\/#website\"},\"primaryImageOfPage\":{\"@id\":\"https:\\\/\\\/shrimataji.org\\\/test\\\/sv\\\/offentligt-liv\\\/#primaryimage\"},\"image\":{\"@id\":\"https:\\\/\\\/shrimataji.org\\\/test\\\/sv\\\/offentligt-liv\\\/#primaryimage\"},\"thumbnailUrl\":\"https:\\\/\\\/shrimataji.org\\\/test\\\/wp-content\\\/uploads\\\/2023\\\/03\\\/9_Banner-PublicLife-2-scaled.jpg\",\"datePublished\":\"2018-07-10T06:54:50+00:00\",\"dateModified\":\"2026-01-06T13:35:38+00:00\",\"breadcrumb\":{\"@id\":\"https:\\\/\\\/shrimataji.org\\\/test\\\/sv\\\/offentligt-liv\\\/#breadcrumb\"},\"inLanguage\":\"en-US\",\"potentialAction\":[{\"@type\":\"ReadAction\",\"target\":[\"https:\\\/\\\/shrimataji.org\\\/test\\\/sv\\\/offentligt-liv\\\/\"]}]},{\"@type\":\"ImageObject\",\"inLanguage\":\"en-US\",\"@id\":\"https:\\\/\\\/shrimataji.org\\\/test\\\/sv\\\/offentligt-liv\\\/#primaryimage\",\"url\":\"https:\\\/\\\/shrimataji.org\\\/test\\\/wp-content\\\/uploads\\\/2023\\\/03\\\/9_Banner-PublicLife-2-scaled.jpg\",\"contentUrl\":\"https:\\\/\\\/shrimataji.org\\\/test\\\/wp-content\\\/uploads\\\/2023\\\/03\\\/9_Banner-PublicLife-2-scaled.jpg\",\"width\":2560,\"height\":905},{\"@type\":\"BreadcrumbList\",\"@id\":\"https:\\\/\\\/shrimataji.org\\\/test\\\/sv\\\/offentligt-liv\\\/#breadcrumb\",\"itemListElement\":[{\"@type\":\"ListItem\",\"position\":1,\"name\":\"Home\",\"item\":\"https:\\\/\\\/shrimataji.org\\\/test\\\/uk\\\/home-en\\\/\"},{\"@type\":\"ListItem\",\"position\":2,\"name\":\"Offentligt liv\"}]},{\"@type\":\"WebSite\",\"@id\":\"https:\\\/\\\/shrimataji.org\\\/test\\\/#website\",\"url\":\"https:\\\/\\\/shrimataji.org\\\/test\\\/\",\"name\":\"Shri Mataji Nirmala Devi\",\"description\":\"A Life Dedicated to Humanity\",\"publisher\":{\"@id\":\"https:\\\/\\\/shrimataji.org\\\/test\\\/#\\\/schema\\\/person\\\/a1b3419c6585f164aa96da1ff85715d1\"},\"potentialAction\":[{\"@type\":\"SearchAction\",\"target\":{\"@type\":\"EntryPoint\",\"urlTemplate\":\"https:\\\/\\\/shrimataji.org\\\/test\\\/?s={search_term_string}\"},\"query-input\":{\"@type\":\"PropertyValueSpecification\",\"valueRequired\":true,\"valueName\":\"search_term_string\"}}],\"inLanguage\":\"en-US\"},{\"@type\":[\"Person\",\"Organization\"],\"@id\":\"https:\\\/\\\/shrimataji.org\\\/test\\\/#\\\/schema\\\/person\\\/a1b3419c6585f164aa96da1ff85715d1\",\"name\":\"Nirmala Shrivastava\",\"image\":{\"@type\":\"ImageObject\",\"inLanguage\":\"en-US\",\"@id\":\"https:\\\/\\\/shrimataji.org\\\/test\\\/wp-content\\\/uploads\\\/2023\\\/02\\\/SMO_LOGO-03.svg\",\"url\":\"https:\\\/\\\/shrimataji.org\\\/test\\\/wp-content\\\/uploads\\\/2023\\\/02\\\/SMO_LOGO-03.svg\",\"contentUrl\":\"https:\\\/\\\/shrimataji.org\\\/test\\\/wp-content\\\/uploads\\\/2023\\\/02\\\/SMO_LOGO-03.svg\",\"width\":\"1024\",\"height\":\"1024\",\"caption\":\"Nirmala Shrivastava\"},\"logo\":{\"@id\":\"https:\\\/\\\/shrimataji.org\\\/test\\\/wp-content\\\/uploads\\\/2023\\\/02\\\/SMO_LOGO-03.svg\"},\"sameAs\":[\"https:\\\/\\\/shrimataji.org\\\/test\",\"https:\\\/\\\/www.facebook.com\\\/shrimataji\",\"https:\\\/\\\/x.com\\\/shrimataji\",\"https:\\\/\\\/www.youtube.com\\\/@Shri_Mataji_Nirmala_Devi\\\/featured\"]}]}<\/script>\n<!-- \/ Yoast SEO plugin. -->","yoast_head_json":{"title":"Offentligt liv - TEST - SMND","robots":{"index":"noindex","follow":"follow","max-snippet":"max-snippet:-1","max-image-preview":"max-image-preview:large","max-video-preview":"max-video-preview:-1"},"og_locale":"en_US","og_type":"article","og_title":"Offentligt liv - TEST - SMND","og_description":"Offentligt liv F\u00f6ra ut det i v\u00e4rlden N\u00e4r hennes barn v\u00e4l hade vuxit till sig kunde Nirmala Srivastava investera mer av sin uppm\u00e4rksamhet och tid i det offentliga rummet. Medan hennes man ledde FN:s internationella sj\u00f6fartsorganisation i London, b\u00f6rjade hon sitt andliga arbete med en liten grupp m\u00e4nniskor d\u00e4r. Hon b\u00f6rjade ocks\u00e5 turnera landet runt,&hellip; Read more","og_url":"https:\/\/shrimataji.org\/test\/sv\/offentligt-liv\/","og_site_name":"TEST - SMND","article_publisher":"https:\/\/www.facebook.com\/shrimataji","article_modified_time":"2026-01-06T13:35:38+00:00","og_image":[{"width":2560,"height":905,"url":"https:\/\/shrimataji.org\/test\/wp-content\/uploads\/2023\/03\/9_Banner-PublicLife-2-scaled.jpg","type":"image\/jpeg"}],"twitter_card":"summary_large_image","twitter_site":"@shrimataji","schema":{"@context":"https:\/\/schema.org","@graph":[{"@type":"WebPage","@id":"https:\/\/shrimataji.org\/test\/sv\/offentligt-liv\/","url":"https:\/\/shrimataji.org\/test\/sv\/offentligt-liv\/","name":"Offentligt liv - TEST - SMND","isPartOf":{"@id":"https:\/\/shrimataji.org\/test\/#website"},"primaryImageOfPage":{"@id":"https:\/\/shrimataji.org\/test\/sv\/offentligt-liv\/#primaryimage"},"image":{"@id":"https:\/\/shrimataji.org\/test\/sv\/offentligt-liv\/#primaryimage"},"thumbnailUrl":"https:\/\/shrimataji.org\/test\/wp-content\/uploads\/2023\/03\/9_Banner-PublicLife-2-scaled.jpg","datePublished":"2018-07-10T06:54:50+00:00","dateModified":"2026-01-06T13:35:38+00:00","breadcrumb":{"@id":"https:\/\/shrimataji.org\/test\/sv\/offentligt-liv\/#breadcrumb"},"inLanguage":"en-US","potentialAction":[{"@type":"ReadAction","target":["https:\/\/shrimataji.org\/test\/sv\/offentligt-liv\/"]}]},{"@type":"ImageObject","inLanguage":"en-US","@id":"https:\/\/shrimataji.org\/test\/sv\/offentligt-liv\/#primaryimage","url":"https:\/\/shrimataji.org\/test\/wp-content\/uploads\/2023\/03\/9_Banner-PublicLife-2-scaled.jpg","contentUrl":"https:\/\/shrimataji.org\/test\/wp-content\/uploads\/2023\/03\/9_Banner-PublicLife-2-scaled.jpg","width":2560,"height":905},{"@type":"BreadcrumbList","@id":"https:\/\/shrimataji.org\/test\/sv\/offentligt-liv\/#breadcrumb","itemListElement":[{"@type":"ListItem","position":1,"name":"Home","item":"https:\/\/shrimataji.org\/test\/uk\/home-en\/"},{"@type":"ListItem","position":2,"name":"Offentligt liv"}]},{"@type":"WebSite","@id":"https:\/\/shrimataji.org\/test\/#website","url":"https:\/\/shrimataji.org\/test\/","name":"Shri Mataji Nirmala Devi","description":"A Life Dedicated to Humanity","publisher":{"@id":"https:\/\/shrimataji.org\/test\/#\/schema\/person\/a1b3419c6585f164aa96da1ff85715d1"},"potentialAction":[{"@type":"SearchAction","target":{"@type":"EntryPoint","urlTemplate":"https:\/\/shrimataji.org\/test\/?s={search_term_string}"},"query-input":{"@type":"PropertyValueSpecification","valueRequired":true,"valueName":"search_term_string"}}],"inLanguage":"en-US"},{"@type":["Person","Organization"],"@id":"https:\/\/shrimataji.org\/test\/#\/schema\/person\/a1b3419c6585f164aa96da1ff85715d1","name":"Nirmala Shrivastava","image":{"@type":"ImageObject","inLanguage":"en-US","@id":"https:\/\/shrimataji.org\/test\/wp-content\/uploads\/2023\/02\/SMO_LOGO-03.svg","url":"https:\/\/shrimataji.org\/test\/wp-content\/uploads\/2023\/02\/SMO_LOGO-03.svg","contentUrl":"https:\/\/shrimataji.org\/test\/wp-content\/uploads\/2023\/02\/SMO_LOGO-03.svg","width":"1024","height":"1024","caption":"Nirmala Shrivastava"},"logo":{"@id":"https:\/\/shrimataji.org\/test\/wp-content\/uploads\/2023\/02\/SMO_LOGO-03.svg"},"sameAs":["https:\/\/shrimataji.org\/test","https:\/\/www.facebook.com\/shrimataji","https:\/\/x.com\/shrimataji","https:\/\/www.youtube.com\/@Shri_Mataji_Nirmala_Devi\/featured"]}]}},"lang":"sv","translations":{"sv":23045,"ur":37481,"en":438,"am":18056,"th":20029,"hu":19542,"sq":18457,"zh":17354,"tr":10197,"pt":10407,"de":10681,"fr":10779,"it":10877,"es":10974,"ja":11271,"ru":11459,"bn":11651,"te":11759,"sw":11882,"he":12030,"el":12322,"sk":12420,"fa":12518,"fi":12616,"bg":13440,"ro":14514,"cs":14707,"nl":16617,"ku":16777,"ar":16953,"be":18664,"kn":18938,"mr":20393,"uk":20687,"ml":20982,"ta":22775,"gu":28889,"pa":29049,"fil":29493,"da":37792,"pl":38004,"nn":38344},"pll_sync_post":[],"_links":{"self":[{"href":"https:\/\/shrimataji.org\/test\/wp-json\/wp\/v2\/pages\/23045","targetHints":{"allow":["GET"]}}],"collection":[{"href":"https:\/\/shrimataji.org\/test\/wp-json\/wp\/v2\/pages"}],"about":[{"href":"https:\/\/shrimataji.org\/test\/wp-json\/wp\/v2\/types\/page"}],"author":[{"embeddable":true,"href":"https:\/\/shrimataji.org\/test\/wp-json\/wp\/v2\/users\/58"}],"replies":[{"embeddable":true,"href":"https:\/\/shrimataji.org\/test\/wp-json\/wp\/v2\/comments?post=23045"}],"version-history":[{"count":0,"href":"https:\/\/shrimataji.org\/test\/wp-json\/wp\/v2\/pages\/23045\/revisions"}],"wp:featuredmedia":[{"embeddable":true,"href":"https:\/\/shrimataji.org\/test\/wp-json\/wp\/v2\/media\/23046"}],"wp:attachment":[{"href":"https:\/\/shrimataji.org\/test\/wp-json\/wp\/v2\/media?parent=23045"}],"curies":[{"name":"wp","href":"https:\/\/api.w.org\/{rel}","templated":true}]}}