{"id":23047,"date":"2018-07-10T06:54:42","date_gmt":"2018-07-10T06:54:42","guid":{"rendered":"http:\/\/testwordpress.nirmalnagari.org\/smnd\/index.php\/travel\/"},"modified":"2025-04-25T12:25:34","modified_gmt":"2025-04-25T12:25:34","slug":"hennes-offentliga-program","status":"publish","type":"page","link":"https:\/\/shrimataji.org\/test\/sv\/hennes-offentliga-program\/","title":{"rendered":"Hennes offentliga program"},"content":{"rendered":"\n\n\t<h1>Hennes offentliga program<\/h1>\n<h2>En global resv\u00e4g<\/h2>\n\t<h4>Sedan Shri Mataji introducerade Sahaja Yoga 1970 var hon st\u00e4ndigt aktiv: hon h\u00f6ll offentliga program, blev intervjuad av media, talade p\u00e5 internationella konferenser och grundade olika organisationer, samtidigt som hon tillbringade tid med sin &#8220;globala familj&#8221;<\/h4>\n<p>Shri Mataji reste till alla h\u00f6rn av v\u00e4rlden f\u00f6r att sprida sj\u00e4lvfupplysning, oavsett hur avl\u00e4gset eller litet st\u00e4llet var. Hon bes\u00f6kte platser som Himalayas fot, Australiens inland, London, Istanbul och Los Angeles. Mellan 1970- och 1980-talet reste hon oavbrutet genom Europa, Australien och Nordamerika. Under 1990-talet ut\u00f6kades hennes resor till Sydamerika, Afrika, Ryssland, \u00d6steuropa, Asien och Stillahavsomr\u00e5det. \u00c5r 1990 h\u00f6ll hon \u00f6ver tv\u00e5hundra evenemang i tjugosex l\u00e4nder, och reste mer \u00e4n 135 000 kilometer, vilket motsvarar tre varv runt jorden.<\/p>\n<p>Hon reste enormt mycket och p\u00e5 drygt 40 \u00e5r spred hon Sahaja Yoga till \u00f6ver 100 l\u00e4nder &#8211; ett bevis p\u00e5 hennes outtr\u00f6ttliga energi och engagemang f\u00f6r andlig transformation.<\/p>\n<p>Den interaktiva kartan nedan visar ljud- och videol\u00e4nkar till Shri Matajis offentliga program, intervjuer, konferenser och workshops fr\u00e5n 1970 till 2011. Klicka p\u00e5 en mark\u00f6r f\u00f6r att f\u00e5 mer information och l\u00e4nkar till inspelningarna fr\u00e5n den platsen.<\/p>\n\t<p><iframe loading=\"lazy\" src=\"https:\/\/shrimataji.org\/map\/amruta_map_newest.html\" name=\"travel_frame\" width=\"100%\" height=\"500px\" scrolling=\"no\" allowfullscreen=\"allowfullscreen\"><\/iframe><\/p>\n\t<style>\n    form {\n        display: flex;\n        flex-wrap: wrap;\n        gap: 10px;\n    }\n    label {\n        flex: 1 100px;\n        text-align: right;\n        margin-right: 10px;\n        margin-left: 5px;\n    }\n    select {\n        width: 200px;\n        flex: 1;\n        max-width: 300px;\n        margin-right: 10px;\n        margin-left: 5px;        \n    }\n    .spacer {\n      margin-bottom: 20px;\n    }\n<\/style>\n<form id=\"filterForm\">\n    <label for=\"subtitle\">Video undertext:<\/label>\n    <select id=\"subtitle\" name=\"subtitle\">\n        <option value=\"all\">All<\/option>\n    <\/select>\n    <label for=\"country\">Land:<\/label>\n    <select id=\"country\" name=\"country\" onchange=\"populateCities(this)\">\n        <option value=\"all\">All<\/option>\n    <\/select>\n    <label for=\"city\">Stad:<\/label>\n    <select id=\"city\" name=\"city\">\n        <option value=\"all\">All<\/option>\n    <\/select>\n    <label for=\"period\">\u00c5r:<\/label>\n    <select id=\"period\" name=\"period\">\n        <option value=\"all\">All<\/option>\n    <\/select>\n    <label for=\"category\">Kategori:<\/label>\n    <select id=\"category\" name=\"category\">\n        <option value=\"all\">All<\/option>\n        <option value=\"Public Program\">Public Program<\/option>\n        <option value=\"Conference\">Conference<\/option>\n        <option value=\"Interview\">Interview<\/option>\n    <\/select>\n        <a target=\"_self\" onclick=\"resetSelectFields()\">\u00c5terst\u00e4ll<\/a>\n    <!-- Add additional filter fields or submit button as needed -->\n<\/form>\n\n","protected":false},"excerpt":{"rendered":"<p>Hennes offentliga program En global resv\u00e4g Sedan Shri Mataji introducerade Sahaja Yoga 1970 var hon st\u00e4ndigt aktiv: hon h\u00f6ll offentliga program, blev intervjuad av media, talade p\u00e5 internationella konferenser och grundade olika organisationer, samtidigt som hon tillbringade tid med sin &#8220;globala familj&#8221; Shri Mataji reste till alla h\u00f6rn av v\u00e4rlden f\u00f6r att sprida sj\u00e4lvfupplysning, oavsett&hellip; <br \/> <a class=\"read-more\" href=\"https:\/\/shrimataji.org\/test\/sv\/hennes-offentliga-program\/\">Read more<\/a><\/p>\n","protected":false},"author":58,"featured_media":23048,"parent":0,"menu_order":0,"comment_status":"closed","ping_status":"closed","template":"pro\/page-templates\/full-width-page.php","meta":{"inline_featured_image":false,"footnotes":""},"class_list":["post-23047","page","type-page","status-publish","has-post-thumbnail","hentry"],"yoast_head":"<!-- This site is optimized with the Yoast SEO plugin v27.4 - https:\/\/yoast.com\/product\/yoast-seo-wordpress\/ -->\n<title>Hennes offentliga program - TEST - SMND<\/title>\n<meta name=\"robots\" content=\"noindex, follow, max-snippet:-1, max-image-preview:large, max-video-preview:-1\" \/>\n<meta property=\"og:locale\" content=\"en_US\" \/>\n<meta property=\"og:type\" content=\"article\" \/>\n<meta property=\"og:title\" content=\"Hennes offentliga program - TEST - SMND\" \/>\n<meta property=\"og:description\" content=\"Hennes offentliga program En global resv\u00e4g Sedan Shri Mataji introducerade Sahaja Yoga 1970 var hon st\u00e4ndigt aktiv: hon h\u00f6ll offentliga program, blev intervjuad av media, talade p\u00e5 internationella konferenser och grundade olika organisationer, samtidigt som hon tillbringade tid med sin &#8220;globala familj&#8221; Shri Mataji reste till alla h\u00f6rn av v\u00e4rlden f\u00f6r att sprida sj\u00e4lvfupplysning, oavsett&hellip; Read more\" \/>\n<meta property=\"og:url\" content=\"https:\/\/shrimataji.org\/test\/sv\/hennes-offentliga-program\/\" \/>\n<meta property=\"og:site_name\" content=\"TEST - SMND\" \/>\n<meta property=\"article:publisher\" content=\"https:\/\/www.facebook.com\/shrimataji\" \/>\n<meta property=\"article:modified_time\" content=\"2025-04-25T12:25:34+00:00\" \/>\n<meta property=\"og:image\" content=\"https:\/\/shrimataji.org\/test\/wp-content\/uploads\/2018\/07\/media_originals\/images\/headers-general\/shri-mataji-nirmala-devi-traveling.jpg\" \/>\n\t<meta property=\"og:image:width\" content=\"990\" \/>\n\t<meta property=\"og:image:height\" content=\"350\" \/>\n\t<meta property=\"og:image:type\" content=\"image\/jpeg\" \/>\n<meta name=\"twitter:card\" content=\"summary_large_image\" \/>\n<meta name=\"twitter:site\" content=\"@shrimataji\" \/>\n<meta name=\"twitter:label1\" content=\"Est. reading time\" \/>\n\t<meta name=\"twitter:data1\" content=\"2 minutes\" \/>\n<script type=\"application\/ld+json\" class=\"yoast-schema-graph\">{\"@context\":\"https:\\\/\\\/schema.org\",\"@graph\":[{\"@type\":\"WebPage\",\"@id\":\"https:\\\/\\\/shrimataji.org\\\/test\\\/sv\\\/hennes-offentliga-program\\\/\",\"url\":\"https:\\\/\\\/shrimataji.org\\\/test\\\/sv\\\/hennes-offentliga-program\\\/\",\"name\":\"Hennes offentliga program - TEST - SMND\",\"isPartOf\":{\"@id\":\"https:\\\/\\\/shrimataji.org\\\/test\\\/#website\"},\"primaryImageOfPage\":{\"@id\":\"https:\\\/\\\/shrimataji.org\\\/test\\\/sv\\\/hennes-offentliga-program\\\/#primaryimage\"},\"image\":{\"@id\":\"https:\\\/\\\/shrimataji.org\\\/test\\\/sv\\\/hennes-offentliga-program\\\/#primaryimage\"},\"thumbnailUrl\":\"https:\\\/\\\/shrimataji.org\\\/test\\\/wp-content\\\/uploads\\\/2018\\\/07\\\/media_originals\\\/images\\\/headers-general\\\/shri-mataji-nirmala-devi-traveling.jpg\",\"datePublished\":\"2018-07-10T06:54:42+00:00\",\"dateModified\":\"2025-04-25T12:25:34+00:00\",\"breadcrumb\":{\"@id\":\"https:\\\/\\\/shrimataji.org\\\/test\\\/sv\\\/hennes-offentliga-program\\\/#breadcrumb\"},\"inLanguage\":\"en-US\",\"potentialAction\":[{\"@type\":\"ReadAction\",\"target\":[\"https:\\\/\\\/shrimataji.org\\\/test\\\/sv\\\/hennes-offentliga-program\\\/\"]}]},{\"@type\":\"ImageObject\",\"inLanguage\":\"en-US\",\"@id\":\"https:\\\/\\\/shrimataji.org\\\/test\\\/sv\\\/hennes-offentliga-program\\\/#primaryimage\",\"url\":\"https:\\\/\\\/shrimataji.org\\\/test\\\/wp-content\\\/uploads\\\/2018\\\/07\\\/media_originals\\\/images\\\/headers-general\\\/shri-mataji-nirmala-devi-traveling.jpg\",\"contentUrl\":\"https:\\\/\\\/shrimataji.org\\\/test\\\/wp-content\\\/uploads\\\/2018\\\/07\\\/media_originals\\\/images\\\/headers-general\\\/shri-mataji-nirmala-devi-traveling.jpg\",\"width\":990,\"height\":350},{\"@type\":\"BreadcrumbList\",\"@id\":\"https:\\\/\\\/shrimataji.org\\\/test\\\/sv\\\/hennes-offentliga-program\\\/#breadcrumb\",\"itemListElement\":[{\"@type\":\"ListItem\",\"position\":1,\"name\":\"Home\",\"item\":\"https:\\\/\\\/shrimataji.org\\\/test\\\/uk\\\/home-en\\\/\"},{\"@type\":\"ListItem\",\"position\":2,\"name\":\"Hennes offentliga program\"}]},{\"@type\":\"WebSite\",\"@id\":\"https:\\\/\\\/shrimataji.org\\\/test\\\/#website\",\"url\":\"https:\\\/\\\/shrimataji.org\\\/test\\\/\",\"name\":\"Shri Mataji Nirmala Devi\",\"description\":\"A Life Dedicated to Humanity\",\"publisher\":{\"@id\":\"https:\\\/\\\/shrimataji.org\\\/test\\\/#\\\/schema\\\/person\\\/a1b3419c6585f164aa96da1ff85715d1\"},\"potentialAction\":[{\"@type\":\"SearchAction\",\"target\":{\"@type\":\"EntryPoint\",\"urlTemplate\":\"https:\\\/\\\/shrimataji.org\\\/test\\\/?s={search_term_string}\"},\"query-input\":{\"@type\":\"PropertyValueSpecification\",\"valueRequired\":true,\"valueName\":\"search_term_string\"}}],\"inLanguage\":\"en-US\"},{\"@type\":[\"Person\",\"Organization\"],\"@id\":\"https:\\\/\\\/shrimataji.org\\\/test\\\/#\\\/schema\\\/person\\\/a1b3419c6585f164aa96da1ff85715d1\",\"name\":\"Nirmala Shrivastava\",\"image\":{\"@type\":\"ImageObject\",\"inLanguage\":\"en-US\",\"@id\":\"https:\\\/\\\/shrimataji.org\\\/test\\\/wp-content\\\/uploads\\\/2023\\\/02\\\/SMO_LOGO-03.svg\",\"url\":\"https:\\\/\\\/shrimataji.org\\\/test\\\/wp-content\\\/uploads\\\/2023\\\/02\\\/SMO_LOGO-03.svg\",\"contentUrl\":\"https:\\\/\\\/shrimataji.org\\\/test\\\/wp-content\\\/uploads\\\/2023\\\/02\\\/SMO_LOGO-03.svg\",\"width\":\"1024\",\"height\":\"1024\",\"caption\":\"Nirmala Shrivastava\"},\"logo\":{\"@id\":\"https:\\\/\\\/shrimataji.org\\\/test\\\/wp-content\\\/uploads\\\/2023\\\/02\\\/SMO_LOGO-03.svg\"},\"sameAs\":[\"https:\\\/\\\/shrimataji.org\\\/test\",\"https:\\\/\\\/www.facebook.com\\\/shrimataji\",\"https:\\\/\\\/x.com\\\/shrimataji\",\"https:\\\/\\\/www.youtube.com\\\/@Shri_Mataji_Nirmala_Devi\\\/featured\"]}]}<\/script>\n<!-- \/ Yoast SEO plugin. -->","yoast_head_json":{"title":"Hennes offentliga program - TEST - SMND","robots":{"index":"noindex","follow":"follow","max-snippet":"max-snippet:-1","max-image-preview":"max-image-preview:large","max-video-preview":"max-video-preview:-1"},"og_locale":"en_US","og_type":"article","og_title":"Hennes offentliga program - TEST - SMND","og_description":"Hennes offentliga program En global resv\u00e4g Sedan Shri Mataji introducerade Sahaja Yoga 1970 var hon st\u00e4ndigt aktiv: hon h\u00f6ll offentliga program, blev intervjuad av media, talade p\u00e5 internationella konferenser och grundade olika organisationer, samtidigt som hon tillbringade tid med sin &#8220;globala familj&#8221; Shri Mataji reste till alla h\u00f6rn av v\u00e4rlden f\u00f6r att sprida sj\u00e4lvfupplysning, oavsett&hellip; Read more","og_url":"https:\/\/shrimataji.org\/test\/sv\/hennes-offentliga-program\/","og_site_name":"TEST - SMND","article_publisher":"https:\/\/www.facebook.com\/shrimataji","article_modified_time":"2025-04-25T12:25:34+00:00","og_image":[{"width":990,"height":350,"url":"https:\/\/shrimataji.org\/test\/wp-content\/uploads\/2018\/07\/media_originals\/images\/headers-general\/shri-mataji-nirmala-devi-traveling.jpg","type":"image\/jpeg"}],"twitter_card":"summary_large_image","twitter_site":"@shrimataji","twitter_misc":{"Est. reading time":"2 minutes"},"schema":{"@context":"https:\/\/schema.org","@graph":[{"@type":"WebPage","@id":"https:\/\/shrimataji.org\/test\/sv\/hennes-offentliga-program\/","url":"https:\/\/shrimataji.org\/test\/sv\/hennes-offentliga-program\/","name":"Hennes offentliga program - TEST - SMND","isPartOf":{"@id":"https:\/\/shrimataji.org\/test\/#website"},"primaryImageOfPage":{"@id":"https:\/\/shrimataji.org\/test\/sv\/hennes-offentliga-program\/#primaryimage"},"image":{"@id":"https:\/\/shrimataji.org\/test\/sv\/hennes-offentliga-program\/#primaryimage"},"thumbnailUrl":"https:\/\/shrimataji.org\/test\/wp-content\/uploads\/2018\/07\/media_originals\/images\/headers-general\/shri-mataji-nirmala-devi-traveling.jpg","datePublished":"2018-07-10T06:54:42+00:00","dateModified":"2025-04-25T12:25:34+00:00","breadcrumb":{"@id":"https:\/\/shrimataji.org\/test\/sv\/hennes-offentliga-program\/#breadcrumb"},"inLanguage":"en-US","potentialAction":[{"@type":"ReadAction","target":["https:\/\/shrimataji.org\/test\/sv\/hennes-offentliga-program\/"]}]},{"@type":"ImageObject","inLanguage":"en-US","@id":"https:\/\/shrimataji.org\/test\/sv\/hennes-offentliga-program\/#primaryimage","url":"https:\/\/shrimataji.org\/test\/wp-content\/uploads\/2018\/07\/media_originals\/images\/headers-general\/shri-mataji-nirmala-devi-traveling.jpg","contentUrl":"https:\/\/shrimataji.org\/test\/wp-content\/uploads\/2018\/07\/media_originals\/images\/headers-general\/shri-mataji-nirmala-devi-traveling.jpg","width":990,"height":350},{"@type":"BreadcrumbList","@id":"https:\/\/shrimataji.org\/test\/sv\/hennes-offentliga-program\/#breadcrumb","itemListElement":[{"@type":"ListItem","position":1,"name":"Home","item":"https:\/\/shrimataji.org\/test\/uk\/home-en\/"},{"@type":"ListItem","position":2,"name":"Hennes offentliga program"}]},{"@type":"WebSite","@id":"https:\/\/shrimataji.org\/test\/#website","url":"https:\/\/shrimataji.org\/test\/","name":"Shri Mataji Nirmala Devi","description":"A Life Dedicated to Humanity","publisher":{"@id":"https:\/\/shrimataji.org\/test\/#\/schema\/person\/a1b3419c6585f164aa96da1ff85715d1"},"potentialAction":[{"@type":"SearchAction","target":{"@type":"EntryPoint","urlTemplate":"https:\/\/shrimataji.org\/test\/?s={search_term_string}"},"query-input":{"@type":"PropertyValueSpecification","valueRequired":true,"valueName":"search_term_string"}}],"inLanguage":"en-US"},{"@type":["Person","Organization"],"@id":"https:\/\/shrimataji.org\/test\/#\/schema\/person\/a1b3419c6585f164aa96da1ff85715d1","name":"Nirmala Shrivastava","image":{"@type":"ImageObject","inLanguage":"en-US","@id":"https:\/\/shrimataji.org\/test\/wp-content\/uploads\/2023\/02\/SMO_LOGO-03.svg","url":"https:\/\/shrimataji.org\/test\/wp-content\/uploads\/2023\/02\/SMO_LOGO-03.svg","contentUrl":"https:\/\/shrimataji.org\/test\/wp-content\/uploads\/2023\/02\/SMO_LOGO-03.svg","width":"1024","height":"1024","caption":"Nirmala Shrivastava"},"logo":{"@id":"https:\/\/shrimataji.org\/test\/wp-content\/uploads\/2023\/02\/SMO_LOGO-03.svg"},"sameAs":["https:\/\/shrimataji.org\/test","https:\/\/www.facebook.com\/shrimataji","https:\/\/x.com\/shrimataji","https:\/\/www.youtube.com\/@Shri_Mataji_Nirmala_Devi\/featured"]}]}},"lang":"sv","translations":{"sv":23047,"ur":37483,"en":394,"pa":25899,"gu":25502,"th":20032,"hu":19544,"sq":18459,"zh":17356,"tr":10198,"pt":10408,"de":10682,"fr":10780,"it":10878,"es":10975,"ja":11272,"ru":11460,"bn":11652,"te":11760,"sw":11883,"he":12031,"pl":12064,"el":12323,"sk":12421,"fa":12519,"fi":12617,"bg":13467,"ro":14539,"cs":14732,"nl":16619,"ku":16779,"ar":16955,"be":18666,"kn":18940,"mr":20396,"uk":20690,"ml":20985,"ta":22777,"bs":27290,"fil":29495,"sd":31002,"da":37794,"nn":38346},"pll_sync_post":[],"_links":{"self":[{"href":"https:\/\/shrimataji.org\/test\/wp-json\/wp\/v2\/pages\/23047","targetHints":{"allow":["GET"]}}],"collection":[{"href":"https:\/\/shrimataji.org\/test\/wp-json\/wp\/v2\/pages"}],"about":[{"href":"https:\/\/shrimataji.org\/test\/wp-json\/wp\/v2\/types\/page"}],"author":[{"embeddable":true,"href":"https:\/\/shrimataji.org\/test\/wp-json\/wp\/v2\/users\/58"}],"replies":[{"embeddable":true,"href":"https:\/\/shrimataji.org\/test\/wp-json\/wp\/v2\/comments?post=23047"}],"version-history":[{"count":0,"href":"https:\/\/shrimataji.org\/test\/wp-json\/wp\/v2\/pages\/23047\/revisions"}],"wp:featuredmedia":[{"embeddable":true,"href":"https:\/\/shrimataji.org\/test\/wp-json\/wp\/v2\/media\/23048"}],"wp:attachment":[{"href":"https:\/\/shrimataji.org\/test\/wp-json\/wp\/v2\/media?parent=23047"}],"curies":[{"name":"wp","href":"https:\/\/api.w.org\/{rel}","templated":true}]}}