{"id":23052,"date":"2020-04-20T17:46:08","date_gmt":"2020-04-20T17:46:08","guid":{"rendered":"https:\/\/testwordpress.nirmalnagari.org\/smnd\/?page_id=3434"},"modified":"2026-01-08T19:45:55","modified_gmt":"2026-01-08T19:45:55","slug":"sahaja-yoga-sv","status":"publish","type":"page","link":"https:\/\/shrimataji.org\/test\/sv\/sahaja-yoga-sv\/","title":{"rendered":"Sahaja Yoga SV"},"content":{"rendered":"\n\n\t<h1>Sahaja Yoga<\/h1>\n<h2>Ett inre uppvaknande genom sj\u00e4lvupplysning och meditation<\/h2>\n<h4>Shri Mataji Nirmala Devi f\u00f6r\u00e4ndrade yogan genom att erbjuda sj\u00e4lvupplysning till massorna. Hon sa att det \u00e4r varje m\u00e4nniskas r\u00e4tt att f\u00e5 sin <a href=\"https:\/\/shrimataji.org\/test\/sv\/sjalvupplysning-och-meditation\/\">sj\u00e4lvupplysning<\/a>, oavsett bakgrund, och att man inte kan betala f\u00f6r sanningen. D\u00e4rf\u00f6r \u00e4r sj\u00e4lvupplysningen alltid gratis.<\/h4>\n<p>Shri Mataji f\u00f6ddes upplyst och ville dela sin kunskap med v\u00e4rlden. Hennes far uppmanade henne att hitta ett s\u00e4tt att ge sj\u00e4lvupplysning till m\u00e5nga m\u00e4nniskor. Detta inspirerade henne att studera m\u00e4nniskan i 47 \u00e5r. N\u00e4r hon v\u00e4l f\u00f6rstod den m\u00e4nskliga psykologin \u00f6ppnade sj\u00e4lv hon sitt <a href=\"https:\/\/shrimataji.org\/test\/sv\/sahasrara-chakra\/\">Sahasrara chakra<\/a>, vilket gjorde det m\u00f6jligt f\u00f6r henne att sprida sj\u00e4lvupplysning och Sahaja Yoga till massorna.<\/p>\n<p>Den <a href=\"https:\/\/shrimataji.org\/test\/sv\/ett-avgorande-ogonblick\/\">5 maj 1970<\/a> blev ett historiskt \u00f6gonblick f\u00f6r m\u00e4nsklighetens andliga utveckling. Shri Mataji gjorde sj\u00e4lvupplysningen tillg\u00e4nglig f\u00f6r alla som s\u00f6kte en h\u00f6gre form av medvetenhet, inte bara f\u00f6r yogam\u00e4stare. Hon visade att m\u00e4nskligheten var redo f\u00f6r spontan sj\u00e4lvupplysning, s\u00e5 l\u00e4nge en m\u00e4stare kunde v\u00e4cka <a href=\"https:\/\/shrimataji.org\/test\/sv\/kundalini\/\">Kundalini energin<\/a> vid nedre delen av ryggraden.<\/p>\n<p>Under de kommande fyrtio \u00e5ren etablerade Shri Mataji <a href=\"https:\/\/shrimataji.org\/test\/sv\/sahaja-yoga-meditation\/\">Sahaja Yoga-meditation<\/a>, som vem som helst enkelt kunde ut\u00f6va. De som praktiserade Sahaja Yoga kunde ocks\u00e5 f\u00f6ra vidare sj\u00e4lvupplysningen till andra. Shri Mataji betonade att sj\u00e4lvupplysning och kunskap aldrig skulle kosta pengar, och detta gjorde massupplysning m\u00f6jlig, precis som hennes far hade f\u00f6rutsett n\u00e4r hon var liten.<\/p>\n<p>Sahaja Yoga-meditation \u00e4r en enkel teknik som Shri Mataji utveckladei form av sj\u00e4lvupplysningen. &#8220;Sahaja&#8221; betyder b\u00e5de &#8220;spontan&#8221; och &#8220;medf\u00f6dd&#8221; och beskriver Kundalini som finns i alla m\u00e4nniskor. Yoga handlar om att f\u00f6rena individens medvetande med det kollektiva, vilket leder till balans och frid b\u00e5de f\u00f6r individen och f\u00f6r samh\u00e4llet.<\/p>\n<div class=\"su-quote su-quote-style-default\"><div class=\"su-quote-inner su-u-clearfix su-u-trim\">Betydelsen av &#8220;Sahaja Yoga&#8221; kan f\u00f6rst\u00e5s b\u00e4ttre om vi delar upp den i dess best\u00e5ndsdelar: &#8220;Saha&#8221; betyder &#8220;med&#8221; och &#8220;ja&#8221; betyder &#8220;f\u00f6dd&#8221;, och &#8220;yoga&#8221; \u00e4r &#8220;f\u00f6reningen&#8221; eller &#8220;tekniken&#8221; . S\u00e5 &#8216;Sahaja Yoga betyder att tekniken f\u00f6r att utvecklas \u00e4r medf\u00f6dd i var och en av oss.<\/div><\/div>\n\t\t<img decoding=\"async\" data-spai-excluded=\"true\" loading=\"lazy\"  alt=\"YouTube player\"  src=\"https:\/\/i.ytimg.com\/vi\/0isS36I-zu8\/maxresdefault.jpg\"  \/><button aria-label=\"Play\"><\/button><meta itemprop=\"embedUrl\" content=\"https:\/\/www.youtube.com\/embed\/0isS36I-zu8\"\/><meta itemprop=\"name\" content=\"Sahaja Yoga is your birthright\"\/><meta itemprop=\"description\" content=\"YouTube video\"\/><meta itemprop=\"thumbnailUrl\" content=\"https:\/\/i.ytimg.com\/vi\/0isS36I-zu8\/0.jpg\"\/><meta itemprop=\"duration\" content=\"PT1M44S\"\/><meta itemprop=\"uploadDate\" content=\"2022-11-12T03:16:18Z\"\/>\t\n\n","protected":false},"excerpt":{"rendered":"<p>Sahaja Yoga Ett inre uppvaknande genom sj\u00e4lvupplysning och meditation Shri Mataji Nirmala Devi f\u00f6r\u00e4ndrade yogan genom att erbjuda sj\u00e4lvupplysning till massorna. Hon sa att det \u00e4r varje m\u00e4nniskas r\u00e4tt att f\u00e5 sin sj\u00e4lvupplysning, oavsett bakgrund, och att man inte kan betala f\u00f6r sanningen. D\u00e4rf\u00f6r \u00e4r sj\u00e4lvupplysningen alltid gratis. Shri Mataji f\u00f6ddes upplyst och ville dela&hellip; <br \/> <a class=\"read-more\" href=\"https:\/\/shrimataji.org\/test\/sv\/sahaja-yoga-sv\/\">Read more<\/a><\/p>\n","protected":false},"author":1,"featured_media":23053,"parent":0,"menu_order":0,"comment_status":"closed","ping_status":"closed","template":"","meta":{"inline_featured_image":false,"footnotes":""},"class_list":["post-23052","page","type-page","status-publish","has-post-thumbnail","hentry"],"yoast_head":"<!-- This site is optimized with the Yoast SEO plugin v27.4 - https:\/\/yoast.com\/product\/yoast-seo-wordpress\/ -->\n<title>Sahaja Yoga SV - TEST - SMND<\/title>\n<meta name=\"robots\" content=\"noindex, follow, max-snippet:-1, max-image-preview:large, max-video-preview:-1\" \/>\n<meta property=\"og:locale\" content=\"en_US\" \/>\n<meta property=\"og:type\" content=\"article\" \/>\n<meta property=\"og:title\" content=\"Sahaja Yoga SV - TEST - SMND\" \/>\n<meta property=\"og:description\" content=\"Sahaja Yoga Ett inre uppvaknande genom sj\u00e4lvupplysning och meditation Shri Mataji Nirmala Devi f\u00f6r\u00e4ndrade yogan genom att erbjuda sj\u00e4lvupplysning till massorna. Hon sa att det \u00e4r varje m\u00e4nniskas r\u00e4tt att f\u00e5 sin sj\u00e4lvupplysning, oavsett bakgrund, och att man inte kan betala f\u00f6r sanningen. D\u00e4rf\u00f6r \u00e4r sj\u00e4lvupplysningen alltid gratis. Shri Mataji f\u00f6ddes upplyst och ville dela&hellip; Read more\" \/>\n<meta property=\"og:url\" content=\"https:\/\/shrimataji.org\/test\/sv\/sahaja-yoga-sv\/\" \/>\n<meta property=\"og:site_name\" content=\"TEST - SMND\" \/>\n<meta property=\"article:publisher\" content=\"https:\/\/www.facebook.com\/shrimataji\" \/>\n<meta property=\"article:modified_time\" content=\"2026-01-08T19:45:55+00:00\" \/>\n<meta property=\"og:image\" content=\"https:\/\/shrimataji.org\/test\/wp-content\/uploads\/2023\/02\/Banner-SY-SY-scaled.jpg\" \/>\n\t<meta property=\"og:image:width\" content=\"2560\" \/>\n\t<meta property=\"og:image:height\" content=\"905\" \/>\n\t<meta property=\"og:image:type\" content=\"image\/jpeg\" \/>\n<meta name=\"twitter:card\" content=\"summary_large_image\" \/>\n<meta name=\"twitter:site\" content=\"@shrimataji\" \/>\n<meta name=\"twitter:label1\" content=\"Est. reading time\" \/>\n\t<meta name=\"twitter:data1\" content=\"4 minutes\" \/>\n<script type=\"application\/ld+json\" class=\"yoast-schema-graph\">{\"@context\":\"https:\\\/\\\/schema.org\",\"@graph\":[{\"@type\":\"WebPage\",\"@id\":\"https:\\\/\\\/shrimataji.org\\\/test\\\/sv\\\/sahaja-yoga-sv\\\/\",\"url\":\"https:\\\/\\\/shrimataji.org\\\/test\\\/sv\\\/sahaja-yoga-sv\\\/\",\"name\":\"Sahaja Yoga SV - TEST - SMND\",\"isPartOf\":{\"@id\":\"https:\\\/\\\/shrimataji.org\\\/test\\\/#website\"},\"primaryImageOfPage\":{\"@id\":\"https:\\\/\\\/shrimataji.org\\\/test\\\/sv\\\/sahaja-yoga-sv\\\/#primaryimage\"},\"image\":{\"@id\":\"https:\\\/\\\/shrimataji.org\\\/test\\\/sv\\\/sahaja-yoga-sv\\\/#primaryimage\"},\"thumbnailUrl\":\"https:\\\/\\\/shrimataji.org\\\/test\\\/wp-content\\\/uploads\\\/2023\\\/02\\\/Banner-SY-SY-scaled.jpg\",\"datePublished\":\"2020-04-20T17:46:08+00:00\",\"dateModified\":\"2026-01-08T19:45:55+00:00\",\"breadcrumb\":{\"@id\":\"https:\\\/\\\/shrimataji.org\\\/test\\\/sv\\\/sahaja-yoga-sv\\\/#breadcrumb\"},\"inLanguage\":\"en-US\",\"potentialAction\":[{\"@type\":\"ReadAction\",\"target\":[\"https:\\\/\\\/shrimataji.org\\\/test\\\/sv\\\/sahaja-yoga-sv\\\/\"]}]},{\"@type\":\"ImageObject\",\"inLanguage\":\"en-US\",\"@id\":\"https:\\\/\\\/shrimataji.org\\\/test\\\/sv\\\/sahaja-yoga-sv\\\/#primaryimage\",\"url\":\"https:\\\/\\\/shrimataji.org\\\/test\\\/wp-content\\\/uploads\\\/2023\\\/02\\\/Banner-SY-SY-scaled.jpg\",\"contentUrl\":\"https:\\\/\\\/shrimataji.org\\\/test\\\/wp-content\\\/uploads\\\/2023\\\/02\\\/Banner-SY-SY-scaled.jpg\",\"width\":2560,\"height\":905},{\"@type\":\"BreadcrumbList\",\"@id\":\"https:\\\/\\\/shrimataji.org\\\/test\\\/sv\\\/sahaja-yoga-sv\\\/#breadcrumb\",\"itemListElement\":[{\"@type\":\"ListItem\",\"position\":1,\"name\":\"Home\",\"item\":\"https:\\\/\\\/shrimataji.org\\\/test\\\/uk\\\/home-en\\\/\"},{\"@type\":\"ListItem\",\"position\":2,\"name\":\"Sahaja Yoga SV\"}]},{\"@type\":\"WebSite\",\"@id\":\"https:\\\/\\\/shrimataji.org\\\/test\\\/#website\",\"url\":\"https:\\\/\\\/shrimataji.org\\\/test\\\/\",\"name\":\"Shri Mataji Nirmala Devi\",\"description\":\"A Life Dedicated to Humanity\",\"publisher\":{\"@id\":\"https:\\\/\\\/shrimataji.org\\\/test\\\/#\\\/schema\\\/person\\\/a1b3419c6585f164aa96da1ff85715d1\"},\"potentialAction\":[{\"@type\":\"SearchAction\",\"target\":{\"@type\":\"EntryPoint\",\"urlTemplate\":\"https:\\\/\\\/shrimataji.org\\\/test\\\/?s={search_term_string}\"},\"query-input\":{\"@type\":\"PropertyValueSpecification\",\"valueRequired\":true,\"valueName\":\"search_term_string\"}}],\"inLanguage\":\"en-US\"},{\"@type\":[\"Person\",\"Organization\"],\"@id\":\"https:\\\/\\\/shrimataji.org\\\/test\\\/#\\\/schema\\\/person\\\/a1b3419c6585f164aa96da1ff85715d1\",\"name\":\"Nirmala Shrivastava\",\"image\":{\"@type\":\"ImageObject\",\"inLanguage\":\"en-US\",\"@id\":\"https:\\\/\\\/shrimataji.org\\\/test\\\/wp-content\\\/uploads\\\/2023\\\/02\\\/SMO_LOGO-03.svg\",\"url\":\"https:\\\/\\\/shrimataji.org\\\/test\\\/wp-content\\\/uploads\\\/2023\\\/02\\\/SMO_LOGO-03.svg\",\"contentUrl\":\"https:\\\/\\\/shrimataji.org\\\/test\\\/wp-content\\\/uploads\\\/2023\\\/02\\\/SMO_LOGO-03.svg\",\"width\":\"1024\",\"height\":\"1024\",\"caption\":\"Nirmala Shrivastava\"},\"logo\":{\"@id\":\"https:\\\/\\\/shrimataji.org\\\/test\\\/wp-content\\\/uploads\\\/2023\\\/02\\\/SMO_LOGO-03.svg\"},\"sameAs\":[\"https:\\\/\\\/shrimataji.org\\\/test\",\"https:\\\/\\\/www.facebook.com\\\/shrimataji\",\"https:\\\/\\\/x.com\\\/shrimataji\",\"https:\\\/\\\/www.youtube.com\\\/@Shri_Mataji_Nirmala_Devi\\\/featured\"]}]}<\/script>\n<!-- \/ Yoast SEO plugin. -->","yoast_head_json":{"title":"Sahaja Yoga SV - TEST - SMND","robots":{"index":"noindex","follow":"follow","max-snippet":"max-snippet:-1","max-image-preview":"max-image-preview:large","max-video-preview":"max-video-preview:-1"},"og_locale":"en_US","og_type":"article","og_title":"Sahaja Yoga SV - TEST - SMND","og_description":"Sahaja Yoga Ett inre uppvaknande genom sj\u00e4lvupplysning och meditation Shri Mataji Nirmala Devi f\u00f6r\u00e4ndrade yogan genom att erbjuda sj\u00e4lvupplysning till massorna. Hon sa att det \u00e4r varje m\u00e4nniskas r\u00e4tt att f\u00e5 sin sj\u00e4lvupplysning, oavsett bakgrund, och att man inte kan betala f\u00f6r sanningen. D\u00e4rf\u00f6r \u00e4r sj\u00e4lvupplysningen alltid gratis. Shri Mataji f\u00f6ddes upplyst och ville dela&hellip; Read more","og_url":"https:\/\/shrimataji.org\/test\/sv\/sahaja-yoga-sv\/","og_site_name":"TEST - SMND","article_publisher":"https:\/\/www.facebook.com\/shrimataji","article_modified_time":"2026-01-08T19:45:55+00:00","og_image":[{"width":2560,"height":905,"url":"https:\/\/shrimataji.org\/test\/wp-content\/uploads\/2023\/02\/Banner-SY-SY-scaled.jpg","type":"image\/jpeg"}],"twitter_card":"summary_large_image","twitter_site":"@shrimataji","twitter_misc":{"Est. reading time":"4 minutes"},"schema":{"@context":"https:\/\/schema.org","@graph":[{"@type":"WebPage","@id":"https:\/\/shrimataji.org\/test\/sv\/sahaja-yoga-sv\/","url":"https:\/\/shrimataji.org\/test\/sv\/sahaja-yoga-sv\/","name":"Sahaja Yoga SV - TEST - SMND","isPartOf":{"@id":"https:\/\/shrimataji.org\/test\/#website"},"primaryImageOfPage":{"@id":"https:\/\/shrimataji.org\/test\/sv\/sahaja-yoga-sv\/#primaryimage"},"image":{"@id":"https:\/\/shrimataji.org\/test\/sv\/sahaja-yoga-sv\/#primaryimage"},"thumbnailUrl":"https:\/\/shrimataji.org\/test\/wp-content\/uploads\/2023\/02\/Banner-SY-SY-scaled.jpg","datePublished":"2020-04-20T17:46:08+00:00","dateModified":"2026-01-08T19:45:55+00:00","breadcrumb":{"@id":"https:\/\/shrimataji.org\/test\/sv\/sahaja-yoga-sv\/#breadcrumb"},"inLanguage":"en-US","potentialAction":[{"@type":"ReadAction","target":["https:\/\/shrimataji.org\/test\/sv\/sahaja-yoga-sv\/"]}]},{"@type":"ImageObject","inLanguage":"en-US","@id":"https:\/\/shrimataji.org\/test\/sv\/sahaja-yoga-sv\/#primaryimage","url":"https:\/\/shrimataji.org\/test\/wp-content\/uploads\/2023\/02\/Banner-SY-SY-scaled.jpg","contentUrl":"https:\/\/shrimataji.org\/test\/wp-content\/uploads\/2023\/02\/Banner-SY-SY-scaled.jpg","width":2560,"height":905},{"@type":"BreadcrumbList","@id":"https:\/\/shrimataji.org\/test\/sv\/sahaja-yoga-sv\/#breadcrumb","itemListElement":[{"@type":"ListItem","position":1,"name":"Home","item":"https:\/\/shrimataji.org\/test\/uk\/home-en\/"},{"@type":"ListItem","position":2,"name":"Sahaja Yoga SV"}]},{"@type":"WebSite","@id":"https:\/\/shrimataji.org\/test\/#website","url":"https:\/\/shrimataji.org\/test\/","name":"Shri Mataji Nirmala Devi","description":"A Life Dedicated to Humanity","publisher":{"@id":"https:\/\/shrimataji.org\/test\/#\/schema\/person\/a1b3419c6585f164aa96da1ff85715d1"},"potentialAction":[{"@type":"SearchAction","target":{"@type":"EntryPoint","urlTemplate":"https:\/\/shrimataji.org\/test\/?s={search_term_string}"},"query-input":{"@type":"PropertyValueSpecification","valueRequired":true,"valueName":"search_term_string"}}],"inLanguage":"en-US"},{"@type":["Person","Organization"],"@id":"https:\/\/shrimataji.org\/test\/#\/schema\/person\/a1b3419c6585f164aa96da1ff85715d1","name":"Nirmala Shrivastava","image":{"@type":"ImageObject","inLanguage":"en-US","@id":"https:\/\/shrimataji.org\/test\/wp-content\/uploads\/2023\/02\/SMO_LOGO-03.svg","url":"https:\/\/shrimataji.org\/test\/wp-content\/uploads\/2023\/02\/SMO_LOGO-03.svg","contentUrl":"https:\/\/shrimataji.org\/test\/wp-content\/uploads\/2023\/02\/SMO_LOGO-03.svg","width":"1024","height":"1024","caption":"Nirmala Shrivastava"},"logo":{"@id":"https:\/\/shrimataji.org\/test\/wp-content\/uploads\/2023\/02\/SMO_LOGO-03.svg"},"sameAs":["https:\/\/shrimataji.org\/test","https:\/\/www.facebook.com\/shrimataji","https:\/\/x.com\/shrimataji","https:\/\/www.youtube.com\/@Shri_Mataji_Nirmala_Devi\/featured"]}]}},"lang":"sv","translations":{"sv":23052,"ur":37488,"en":3434,"pa":25904,"gu":25507,"th":20040,"hu":19550,"sq":18464,"zh":17361,"tr":10201,"pt":10411,"de":10685,"fr":10783,"it":10881,"es":10978,"ja":11276,"ru":11464,"bn":11655,"te":11763,"sw":11886,"he":12034,"el":12326,"sk":12424,"fa":12522,"fi":12620,"bg":13428,"ro":14502,"cs":14695,"nl":16624,"ku":16784,"ar":16960,"be":18671,"kn":18945,"mr":20404,"uk":20698,"ml":20993,"ta":22782,"bs":27292,"fil":29500,"sd":31004,"da":37798,"pl":38008,"nn":38350},"pll_sync_post":[],"_links":{"self":[{"href":"https:\/\/shrimataji.org\/test\/wp-json\/wp\/v2\/pages\/23052","targetHints":{"allow":["GET"]}}],"collection":[{"href":"https:\/\/shrimataji.org\/test\/wp-json\/wp\/v2\/pages"}],"about":[{"href":"https:\/\/shrimataji.org\/test\/wp-json\/wp\/v2\/types\/page"}],"author":[{"embeddable":true,"href":"https:\/\/shrimataji.org\/test\/wp-json\/wp\/v2\/users\/1"}],"replies":[{"embeddable":true,"href":"https:\/\/shrimataji.org\/test\/wp-json\/wp\/v2\/comments?post=23052"}],"version-history":[{"count":0,"href":"https:\/\/shrimataji.org\/test\/wp-json\/wp\/v2\/pages\/23052\/revisions"}],"wp:featuredmedia":[{"embeddable":true,"href":"https:\/\/shrimataji.org\/test\/wp-json\/wp\/v2\/media\/23053"}],"wp:attachment":[{"href":"https:\/\/shrimataji.org\/test\/wp-json\/wp\/v2\/media?parent=23052"}],"curies":[{"name":"wp","href":"https:\/\/api.w.org\/{rel}","templated":true}]}}