{"id":23066,"date":"2018-07-10T06:54:42","date_gmt":"2018-07-10T06:54:42","guid":{"rendered":"http:\/\/testwordpress.nirmalnagari.org\/smnd\/index.php\/life\/"},"modified":"2026-01-08T19:45:55","modified_gmt":"2026-01-08T19:45:55","slug":"shrimataji-sv","status":"publish","type":"page","link":"https:\/\/shrimataji.org\/test\/sv\/shrimataji-sv\/","title":{"rendered":"Shri Mataji SV"},"content":{"rendered":"\n\n\t<h1>Shri Mataji<\/h1>\n<h2>Biografin om ett livsl\u00e5ngt arbete i m\u00e4nsklighetens tj\u00e4nst<\/h2>\n<h4>Shri Mataji reste tusentals mil \u00f6ver hela v\u00e4rlden, fr\u00e5n sm\u00e5 byar till stora st\u00e4der. Hon delade osj\u00e4lviskt sin uppt\u00e4ckt av andlig <a href=\"https:\/\/shrimataji.org\/test\/sv\/sjalvupplysning-och-meditation\/\">sj\u00e4lvupplysning<\/a> med miljoner m\u00e4nniskor. Genom inre f\u00f6r\u00e4ndring bidrog hon till social f\u00f6r\u00e4ndring. Dessa och m\u00e5nga andra viktiga \u00f6gonblick visar p\u00e5 Shri Matajis livsl\u00e5nga engagemang f\u00f6r m\u00e4nniskors v\u00e4lbefinnande.<\/h4>\n\t<p>Nirmala Shrivastava, som kallas Shri Mataji Nirmala Devi, f\u00f6ddes den 21 mars 1923 i Chhindwara, Indien. Hon v\u00e4xte upp i en kristen familj. Hennes f\u00f6r\u00e4ldrar, Prasad och Cornelia Salve, gav henne namnet Nirmala, som betyder &#8220;ren&#8221;. Hennes far var advokat och kunde tala 14 spr\u00e5k. Han \u00f6versatte Koranen till hindi. Hennes mor var den f\u00f6rsta kvinnan i Indien som fick en hedersexamen i matematik.<\/p>\n<p>Redan som liten var Shri Mataji engagerad i sin omgivning. Medan hennes f\u00f6r\u00e4ldrar k\u00e4mpade f\u00f6r Indiens sj\u00e4lvst\u00e4ndighet, tog Shri Mataji som barn hand om hemmet. Mahatma Gandhi, vars ashram hon ofta bes\u00f6kte n\u00e4r hon var liten, s\u00e5g henne som ett andligt underbarn. Han fr\u00e5gade henne ofta om de dagliga b\u00f6nerna d\u00e4r. Hennes skolkamrater v\u00e4nde sig ocks\u00e5 till henne f\u00f6r r\u00e5d och st\u00f6d.<\/p>\n<p>Shri Mataji studerade medicin p\u00e5 Christian Medical College i Ludhiana och Balakram Medical College i Lahore. Som ung kvinna var hon med i kampen f\u00f6r Indiens sj\u00e4lvst\u00e4ndighet och ledde sina klasskamrater i Quit India-r\u00f6relsen. Hon blev f\u00e4ngslad 1942 f\u00f6r att ha deltagit i r\u00f6relsen.<\/p>\n\t\t\t\t<img decoding=\"async\" src=\"https:\/\/shrimataji.org\/test\/wp-content\/uploads\/2018\/07\/media_originals\/images\/shri-mataji-portraits\/shri-mataji-in-delhi-india-feb-1983-683x1024.jpg\" alt=\"Shri Mataji in Delhi, ca. 09.02.1983\" itemprop=\"image\" height=\"1024\" width=\"683\" title=\"shri-mataji-in-delhi-india-feb-1983\" onerror=\"this.style.display='none'\" loading=\"lazy\" \/>\n\t<p>1947 gifte hon sig med <a href=\"https:\/\/shrimataji.org\/test\/sv\/sir-c-p-srivastava-3\/\">Chandrika Prasad Shrivastava<\/a>, en h\u00f6g indisk tj\u00e4nsteman som var personlig sekreterare till premi\u00e4rminister Lal Bahadur Shastri och senare generalsekreterare f\u00f6r FN:s<\/p>\n<p>Internationella Maritima Organisation under fyra mandatperioder. De fick tv\u00e5 d\u00f6ttrar. Under denna tid, medan hon uppfostrade sina d\u00f6ttrar och st\u00f6ttade sin framg\u00e5ngsrika man, fortsatte Shri Mataji att bry sig om v\u00e4rlden runt omkring henne. Hon tr\u00e4ffade m\u00e4nniskor fr\u00e5n olika l\u00e4nder, kulturer och bakgrunder och behandlade dem med genuin respekt. Oavsett om hon pratade med viktiga ledare om statliga fr\u00e5gor eller med en taxichauff\u00f6r om familjeproblem, var hon alltid \u00f6ppen f\u00f6r att lyssna. Hon motverkade f\u00f6rdomar, hj\u00e4lpte dem som beh\u00f6vde det, arbetade med v\u00e4lg\u00f6renhet, st\u00f6ttade kultur genom musik och film, arbetade p\u00e5 g\u00e5rden och tog samtidigt han om hemmet. Hon var en k\u00e4rleksfull hustru, mor och syster och blev senare mormor.&#8221;<\/p>\n<p>Hon f\u00f6rdjupade hela tiden sin f\u00f6rst\u00e5else av m\u00e4nniskans natur och fokuserade p\u00e5 det b\u00e4sta s\u00e4ttet att hj\u00e4lpa m\u00e4nniskor att n\u00e5 sin fulla potential. Hon ins\u00e5g att denna f\u00f6r\u00e4ndring bara kunde ske genom sj\u00e4lvupplysning, vilket inneb\u00e4r att v\u00e4cka upp den inbyggda subtila energin (<a href=\"https:\/\/shrimataji.org\/test\/sv\/kundalini\/\">Kundalini<\/a>) som finns inom oss alla.<\/p>\n<p>Den <a href=\"https:\/\/shrimataji.org\/test\/sv\/ett-avgorande-ogonblick\/\">5 maj 1970 b\u00f6rjade Shri Mataji sitt andliga arbete<\/a>. N\u00e4r hon var 47 \u00e5r gammal hittade hon en metod f\u00f6r att ge sj\u00e4lvupplysning till m\u00e5nga m\u00e4nniskor samtidigt. Hon ville erbjuda en \u00e4kta upplevelse som folk kunde anv\u00e4nda f\u00f6r att f\u00f6r\u00e4ndra och l\u00e4ka sig sj\u00e4lva. Till skillnad fr\u00e5n m\u00e5nga s\u00e5 kallade gurus som utnyttjade personer som s\u00f6kte efter andlig kunskap, ville Shri Mataji ge s\u00f6karna makt med denna kunskap. Hon f\u00f6rd\u00f6mde alla falska gurus och varnade under hela sitt liv mot falska andliga metoder.<\/p>\n<p>N\u00e4r hennes man blev generalsekreterare f\u00f6r FN:s Maritima Organisation flyttade Shri Mataji med honom till London och b\u00f6rjade sitt andliga arbete med en liten grupp s\u00f6kare. Hon reste runt i Storbritannien och h\u00f6ll f\u00f6rel\u00e4sningar samt gav sj\u00e4lvupplysning. Hon tog aldrig betalt f\u00f6r dessa program eftersom hon tyckte att uppv\u00e4ckandet av den andliga energin inom alla m\u00e4nniskor var deras f\u00f6dslor\u00e4tt och inte kunde k\u00f6pas. N\u00e4r folk runt omkring henne s\u00e5g hennes speciella andliga och moderliga egenskaper, fick hon snart titeln &#8220;Shri Mataji&#8221; som betyder &#8220;V\u00f6rdade Moder&#8221;.<\/p>\n<p>Shri Mataji skapade en meditationsmetod som heter <a href=\"https:\/\/shrimataji.org\/test\/sv\/sahaja-yoga\/\">Sahaja Yoga<\/a>. Under 1980-talet reste hon st\u00e4ndigt runt i Europa, Australien och Nordamerika och l\u00e4rde ut denna metod gratis till de som ville l\u00e4ra sig. P\u00e5 1990-talet b\u00f6rjade hon ocks\u00e5 resa till Sydamerika, Afrika, Ryssland, \u00d6steuropa, Asien och Stillahavsomr\u00e5det.<\/p>\n<p>Organisationer \u00f6ver hela v\u00e4rlden gav henne m\u00e5nga <a href=\"https:\/\/shrimataji.org\/test\/sv\/utmarkelser\/\">hedersutm\u00e4rkelser och hedersdoktorat<\/a>. 1995 talade hon vid den <a href=\"https:\/\/shrimataji.org\/test\/sv\/fns-fjarde-varldskonferens-om-kvinnor\/\">fj\u00e4rde v\u00e4rldskonferensen f\u00f6r kvinnor<\/a> i Beijing. Claes Nobel pratade om hennes nominering till Nobels fredspris 1997 i Royal Albert Hall i London. Han, som beundrade Shri Mataji och Sahaja Yoga mycket, sa att det var &#8220;ett hopp f\u00f6r m\u00e4nskligheten&#8221; och &#8220;en v\u00e4gledning f\u00f6r att skilja mellan r\u00e4tt fr\u00e5n fel&#8221;.<\/p>\n<div class=\"su-quote su-quote-style-default\"><div class=\"su-quote-inner su-u-clearfix su-u-trim\">Jag \u00e4gnar mitt liv helt till att f\u00f6rb\u00e4ttra och hj\u00e4lpa m\u00e4nskligheten.<\/div><\/div>\n<p>Shri Mataji trodde att sj\u00e4lvupplysningen var grunden f\u00f6r en verklig <a href=\"https:\/\/shrimataji.org\/test\/sv\/samhallsomvandling\/\">samh\u00e4llsf\u00f6r\u00e4ndring<\/a>. Hon grundade m\u00e5nga ideella organisationer baserade p\u00e5 dessa principer, s\u00e5som ett hem f\u00f6r beh\u00f6vande kvinnor och barn, flera internationella skolor, ett h\u00e4lsocenter och forskningscentrum, samt en internationell akademi som fr\u00e4mjar klassisk musik och konst.<\/p>\n<p>Shri Mataji dog stillsamt den 23 februari 2011 vid 87 \u00e5rs \u00e5lder i Genua, Italien<\/p>\n<p>&#8220;Hennes arv lever vidare eftersom sj\u00e4lvupplysningen f\u00f6r\u00e4ndrar m\u00e5ngas liv i \u00f6ver 100 l\u00e4nder d\u00e4r Sahaja Yoga l\u00e4rs ut. Det \u00e4r alltid gratis.<\/p>\n<div class=\"su-quote su-quote-style-default\"><div class=\"su-quote-inner su-u-clearfix su-u-trim\">Precis som havet n\u00e5r alla str\u00e4nder och v\u00e5gorna formar m\u00f6nster, ser jag hela mitt liv som ett vackert m\u00f6nster. Denna vackra v\u00e4v kan man inte beskriva med ord.<\/div><\/div>\n\t<h4>Nedladdningar<\/h4>\n<p><a href=\"https:\/\/shrimataji.org\/test\/wp-content\/uploads\/2025\/11\/shri-mataji-nirmala-devi-kort-biografi.pdf\">Shri Mataji Nirmala Devi: Kort Biografi och Utm\u00e4rkelser<\/a> (pdf)<\/p>\n<p><a href=\"https:\/\/shrimataji.org\/test\/wp-content\/uploads\/2025\/11\/shri-mataji-tidslinje.pdf\">Shri Mataji Nirmala Devi: Tidslinje av valda h\u00e4ndelser<\/a> (pdf)<\/p>\n\n","protected":false},"excerpt":{"rendered":"<p>Shri Mataji Biografin om ett livsl\u00e5ngt arbete i m\u00e4nsklighetens tj\u00e4nst Shri Mataji reste tusentals mil \u00f6ver hela v\u00e4rlden, fr\u00e5n sm\u00e5 byar till stora st\u00e4der. Hon delade osj\u00e4lviskt sin uppt\u00e4ckt av andlig sj\u00e4lvupplysning med miljoner m\u00e4nniskor. Genom inre f\u00f6r\u00e4ndring bidrog hon till social f\u00f6r\u00e4ndring. Dessa och m\u00e5nga andra viktiga \u00f6gonblick visar p\u00e5 Shri Matajis livsl\u00e5nga engagemang&hellip; <br \/> <a class=\"read-more\" href=\"https:\/\/shrimataji.org\/test\/sv\/shrimataji-sv\/\">Read more<\/a><\/p>\n","protected":false},"author":1,"featured_media":23067,"parent":0,"menu_order":0,"comment_status":"closed","ping_status":"closed","template":"","meta":{"inline_featured_image":false,"footnotes":""},"class_list":["post-23066","page","type-page","status-publish","has-post-thumbnail","hentry"],"yoast_head":"<!-- This site is optimized with the Yoast SEO plugin v27.4 - https:\/\/yoast.com\/product\/yoast-seo-wordpress\/ -->\n<title>Shri Mataji SV - TEST - SMND<\/title>\n<meta name=\"robots\" content=\"noindex, follow, max-snippet:-1, max-image-preview:large, max-video-preview:-1\" \/>\n<meta property=\"og:locale\" content=\"en_US\" \/>\n<meta property=\"og:type\" content=\"article\" \/>\n<meta property=\"og:title\" content=\"Shri Mataji SV - TEST - SMND\" \/>\n<meta property=\"og:description\" content=\"Shri Mataji Biografin om ett livsl\u00e5ngt arbete i m\u00e4nsklighetens tj\u00e4nst Shri Mataji reste tusentals mil \u00f6ver hela v\u00e4rlden, fr\u00e5n sm\u00e5 byar till stora st\u00e4der. Hon delade osj\u00e4lviskt sin uppt\u00e4ckt av andlig sj\u00e4lvupplysning med miljoner m\u00e4nniskor. Genom inre f\u00f6r\u00e4ndring bidrog hon till social f\u00f6r\u00e4ndring. Dessa och m\u00e5nga andra viktiga \u00f6gonblick visar p\u00e5 Shri Matajis livsl\u00e5nga engagemang&hellip; Read more\" \/>\n<meta property=\"og:url\" content=\"https:\/\/shrimataji.org\/test\/sv\/shrimataji-sv\/\" \/>\n<meta property=\"og:site_name\" content=\"TEST - SMND\" \/>\n<meta property=\"article:publisher\" content=\"https:\/\/www.facebook.com\/shrimataji\" \/>\n<meta property=\"article:modified_time\" content=\"2026-01-08T19:45:55+00:00\" \/>\n<meta property=\"og:image\" content=\"https:\/\/shrimataji.org\/test\/wp-content\/uploads\/2023\/03\/test_banner_inner_shrimataji-scaled.jpg\" \/>\n\t<meta property=\"og:image:width\" content=\"2560\" \/>\n\t<meta property=\"og:image:height\" content=\"1067\" \/>\n\t<meta property=\"og:image:type\" content=\"image\/jpeg\" \/>\n<meta name=\"twitter:card\" content=\"summary_large_image\" \/>\n<meta name=\"twitter:site\" content=\"@shrimataji\" \/>\n<meta name=\"twitter:label1\" content=\"Est. reading time\" \/>\n\t<meta name=\"twitter:data1\" content=\"5 minutes\" \/>\n<script type=\"application\/ld+json\" class=\"yoast-schema-graph\">{\"@context\":\"https:\\\/\\\/schema.org\",\"@graph\":[{\"@type\":\"WebPage\",\"@id\":\"https:\\\/\\\/shrimataji.org\\\/test\\\/sv\\\/shrimataji-sv\\\/\",\"url\":\"https:\\\/\\\/shrimataji.org\\\/test\\\/sv\\\/shrimataji-sv\\\/\",\"name\":\"Shri Mataji SV - TEST - SMND\",\"isPartOf\":{\"@id\":\"https:\\\/\\\/shrimataji.org\\\/test\\\/#website\"},\"primaryImageOfPage\":{\"@id\":\"https:\\\/\\\/shrimataji.org\\\/test\\\/sv\\\/shrimataji-sv\\\/#primaryimage\"},\"image\":{\"@id\":\"https:\\\/\\\/shrimataji.org\\\/test\\\/sv\\\/shrimataji-sv\\\/#primaryimage\"},\"thumbnailUrl\":\"https:\\\/\\\/shrimataji.org\\\/test\\\/wp-content\\\/uploads\\\/2023\\\/03\\\/test_banner_inner_shrimataji-scaled.jpg\",\"datePublished\":\"2018-07-10T06:54:42+00:00\",\"dateModified\":\"2026-01-08T19:45:55+00:00\",\"breadcrumb\":{\"@id\":\"https:\\\/\\\/shrimataji.org\\\/test\\\/sv\\\/shrimataji-sv\\\/#breadcrumb\"},\"inLanguage\":\"en-US\",\"potentialAction\":[{\"@type\":\"ReadAction\",\"target\":[\"https:\\\/\\\/shrimataji.org\\\/test\\\/sv\\\/shrimataji-sv\\\/\"]}]},{\"@type\":\"ImageObject\",\"inLanguage\":\"en-US\",\"@id\":\"https:\\\/\\\/shrimataji.org\\\/test\\\/sv\\\/shrimataji-sv\\\/#primaryimage\",\"url\":\"https:\\\/\\\/shrimataji.org\\\/test\\\/wp-content\\\/uploads\\\/2023\\\/03\\\/test_banner_inner_shrimataji-scaled.jpg\",\"contentUrl\":\"https:\\\/\\\/shrimataji.org\\\/test\\\/wp-content\\\/uploads\\\/2023\\\/03\\\/test_banner_inner_shrimataji-scaled.jpg\",\"width\":2560,\"height\":1067},{\"@type\":\"BreadcrumbList\",\"@id\":\"https:\\\/\\\/shrimataji.org\\\/test\\\/sv\\\/shrimataji-sv\\\/#breadcrumb\",\"itemListElement\":[{\"@type\":\"ListItem\",\"position\":1,\"name\":\"Home\",\"item\":\"https:\\\/\\\/shrimataji.org\\\/test\\\/uk\\\/home-en\\\/\"},{\"@type\":\"ListItem\",\"position\":2,\"name\":\"Shri Mataji SV\"}]},{\"@type\":\"WebSite\",\"@id\":\"https:\\\/\\\/shrimataji.org\\\/test\\\/#website\",\"url\":\"https:\\\/\\\/shrimataji.org\\\/test\\\/\",\"name\":\"Shri Mataji Nirmala Devi\",\"description\":\"A Life Dedicated to Humanity\",\"publisher\":{\"@id\":\"https:\\\/\\\/shrimataji.org\\\/test\\\/#\\\/schema\\\/person\\\/a1b3419c6585f164aa96da1ff85715d1\"},\"potentialAction\":[{\"@type\":\"SearchAction\",\"target\":{\"@type\":\"EntryPoint\",\"urlTemplate\":\"https:\\\/\\\/shrimataji.org\\\/test\\\/?s={search_term_string}\"},\"query-input\":{\"@type\":\"PropertyValueSpecification\",\"valueRequired\":true,\"valueName\":\"search_term_string\"}}],\"inLanguage\":\"en-US\"},{\"@type\":[\"Person\",\"Organization\"],\"@id\":\"https:\\\/\\\/shrimataji.org\\\/test\\\/#\\\/schema\\\/person\\\/a1b3419c6585f164aa96da1ff85715d1\",\"name\":\"Nirmala Shrivastava\",\"image\":{\"@type\":\"ImageObject\",\"inLanguage\":\"en-US\",\"@id\":\"https:\\\/\\\/shrimataji.org\\\/test\\\/wp-content\\\/uploads\\\/2023\\\/02\\\/SMO_LOGO-03.svg\",\"url\":\"https:\\\/\\\/shrimataji.org\\\/test\\\/wp-content\\\/uploads\\\/2023\\\/02\\\/SMO_LOGO-03.svg\",\"contentUrl\":\"https:\\\/\\\/shrimataji.org\\\/test\\\/wp-content\\\/uploads\\\/2023\\\/02\\\/SMO_LOGO-03.svg\",\"width\":\"1024\",\"height\":\"1024\",\"caption\":\"Nirmala Shrivastava\"},\"logo\":{\"@id\":\"https:\\\/\\\/shrimataji.org\\\/test\\\/wp-content\\\/uploads\\\/2023\\\/02\\\/SMO_LOGO-03.svg\"},\"sameAs\":[\"https:\\\/\\\/shrimataji.org\\\/test\",\"https:\\\/\\\/www.facebook.com\\\/shrimataji\",\"https:\\\/\\\/x.com\\\/shrimataji\",\"https:\\\/\\\/www.youtube.com\\\/@Shri_Mataji_Nirmala_Devi\\\/featured\"]}]}<\/script>\n<!-- \/ Yoast SEO plugin. -->","yoast_head_json":{"title":"Shri Mataji SV - TEST - SMND","robots":{"index":"noindex","follow":"follow","max-snippet":"max-snippet:-1","max-image-preview":"max-image-preview:large","max-video-preview":"max-video-preview:-1"},"og_locale":"en_US","og_type":"article","og_title":"Shri Mataji SV - TEST - SMND","og_description":"Shri Mataji Biografin om ett livsl\u00e5ngt arbete i m\u00e4nsklighetens tj\u00e4nst Shri Mataji reste tusentals mil \u00f6ver hela v\u00e4rlden, fr\u00e5n sm\u00e5 byar till stora st\u00e4der. Hon delade osj\u00e4lviskt sin uppt\u00e4ckt av andlig sj\u00e4lvupplysning med miljoner m\u00e4nniskor. Genom inre f\u00f6r\u00e4ndring bidrog hon till social f\u00f6r\u00e4ndring. Dessa och m\u00e5nga andra viktiga \u00f6gonblick visar p\u00e5 Shri Matajis livsl\u00e5nga engagemang&hellip; Read more","og_url":"https:\/\/shrimataji.org\/test\/sv\/shrimataji-sv\/","og_site_name":"TEST - SMND","article_publisher":"https:\/\/www.facebook.com\/shrimataji","article_modified_time":"2026-01-08T19:45:55+00:00","og_image":[{"width":2560,"height":1067,"url":"https:\/\/shrimataji.org\/test\/wp-content\/uploads\/2023\/03\/test_banner_inner_shrimataji-scaled.jpg","type":"image\/jpeg"}],"twitter_card":"summary_large_image","twitter_site":"@shrimataji","twitter_misc":{"Est. reading time":"5 minutes"},"schema":{"@context":"https:\/\/schema.org","@graph":[{"@type":"WebPage","@id":"https:\/\/shrimataji.org\/test\/sv\/shrimataji-sv\/","url":"https:\/\/shrimataji.org\/test\/sv\/shrimataji-sv\/","name":"Shri Mataji SV - TEST - SMND","isPartOf":{"@id":"https:\/\/shrimataji.org\/test\/#website"},"primaryImageOfPage":{"@id":"https:\/\/shrimataji.org\/test\/sv\/shrimataji-sv\/#primaryimage"},"image":{"@id":"https:\/\/shrimataji.org\/test\/sv\/shrimataji-sv\/#primaryimage"},"thumbnailUrl":"https:\/\/shrimataji.org\/test\/wp-content\/uploads\/2023\/03\/test_banner_inner_shrimataji-scaled.jpg","datePublished":"2018-07-10T06:54:42+00:00","dateModified":"2026-01-08T19:45:55+00:00","breadcrumb":{"@id":"https:\/\/shrimataji.org\/test\/sv\/shrimataji-sv\/#breadcrumb"},"inLanguage":"en-US","potentialAction":[{"@type":"ReadAction","target":["https:\/\/shrimataji.org\/test\/sv\/shrimataji-sv\/"]}]},{"@type":"ImageObject","inLanguage":"en-US","@id":"https:\/\/shrimataji.org\/test\/sv\/shrimataji-sv\/#primaryimage","url":"https:\/\/shrimataji.org\/test\/wp-content\/uploads\/2023\/03\/test_banner_inner_shrimataji-scaled.jpg","contentUrl":"https:\/\/shrimataji.org\/test\/wp-content\/uploads\/2023\/03\/test_banner_inner_shrimataji-scaled.jpg","width":2560,"height":1067},{"@type":"BreadcrumbList","@id":"https:\/\/shrimataji.org\/test\/sv\/shrimataji-sv\/#breadcrumb","itemListElement":[{"@type":"ListItem","position":1,"name":"Home","item":"https:\/\/shrimataji.org\/test\/uk\/home-en\/"},{"@type":"ListItem","position":2,"name":"Shri Mataji SV"}]},{"@type":"WebSite","@id":"https:\/\/shrimataji.org\/test\/#website","url":"https:\/\/shrimataji.org\/test\/","name":"Shri Mataji Nirmala Devi","description":"A Life Dedicated to Humanity","publisher":{"@id":"https:\/\/shrimataji.org\/test\/#\/schema\/person\/a1b3419c6585f164aa96da1ff85715d1"},"potentialAction":[{"@type":"SearchAction","target":{"@type":"EntryPoint","urlTemplate":"https:\/\/shrimataji.org\/test\/?s={search_term_string}"},"query-input":{"@type":"PropertyValueSpecification","valueRequired":true,"valueName":"search_term_string"}}],"inLanguage":"en-US"},{"@type":["Person","Organization"],"@id":"https:\/\/shrimataji.org\/test\/#\/schema\/person\/a1b3419c6585f164aa96da1ff85715d1","name":"Nirmala Shrivastava","image":{"@type":"ImageObject","inLanguage":"en-US","@id":"https:\/\/shrimataji.org\/test\/wp-content\/uploads\/2023\/02\/SMO_LOGO-03.svg","url":"https:\/\/shrimataji.org\/test\/wp-content\/uploads\/2023\/02\/SMO_LOGO-03.svg","contentUrl":"https:\/\/shrimataji.org\/test\/wp-content\/uploads\/2023\/02\/SMO_LOGO-03.svg","width":"1024","height":"1024","caption":"Nirmala Shrivastava"},"logo":{"@id":"https:\/\/shrimataji.org\/test\/wp-content\/uploads\/2023\/02\/SMO_LOGO-03.svg"},"sameAs":["https:\/\/shrimataji.org\/test","https:\/\/www.facebook.com\/shrimataji","https:\/\/x.com\/shrimataji","https:\/\/www.youtube.com\/@Shri_Mataji_Nirmala_Devi\/featured"]}]}},"lang":"sv","translations":{"sv":23066,"ur":37503,"en":391,"pa":25918,"gu":25521,"th":20061,"hu":19566,"sq":18478,"zh":17375,"hi":8496,"tr":10210,"pt":10420,"de":10694,"fr":10792,"it":10890,"es":10987,"ja":11285,"ru":11473,"bn":11664,"te":11772,"sw":11895,"he":12043,"el":12335,"sk":12433,"fa":12531,"fi":12629,"bg":13463,"ro":14535,"cs":14728,"nl":16638,"ku":16798,"ar":16974,"be":18685,"kn":18959,"mr":20425,"uk":20719,"ml":21014,"ta":22796,"bs":27296,"fil":29515,"sd":31010,"da":37812,"pl":38022,"nn":38364},"pll_sync_post":[],"_links":{"self":[{"href":"https:\/\/shrimataji.org\/test\/wp-json\/wp\/v2\/pages\/23066","targetHints":{"allow":["GET"]}}],"collection":[{"href":"https:\/\/shrimataji.org\/test\/wp-json\/wp\/v2\/pages"}],"about":[{"href":"https:\/\/shrimataji.org\/test\/wp-json\/wp\/v2\/types\/page"}],"author":[{"embeddable":true,"href":"https:\/\/shrimataji.org\/test\/wp-json\/wp\/v2\/users\/1"}],"replies":[{"embeddable":true,"href":"https:\/\/shrimataji.org\/test\/wp-json\/wp\/v2\/comments?post=23066"}],"version-history":[{"count":0,"href":"https:\/\/shrimataji.org\/test\/wp-json\/wp\/v2\/pages\/23066\/revisions"}],"wp:featuredmedia":[{"embeddable":true,"href":"https:\/\/shrimataji.org\/test\/wp-json\/wp\/v2\/media\/23067"}],"wp:attachment":[{"href":"https:\/\/shrimataji.org\/test\/wp-json\/wp\/v2\/media?parent=23066"}],"curies":[{"name":"wp","href":"https:\/\/api.w.org\/{rel}","templated":true}]}}