{"id":23068,"date":"2012-11-01T12:00:00","date_gmt":"2012-11-01T12:00:00","guid":{"rendered":"http:\/\/testwordpress.nirmalnagari.org\/smnd\/index.php\/sir-c-p-srivastava\/"},"modified":"2026-01-08T19:45:56","modified_gmt":"2026-01-08T19:45:56","slug":"sir-c-p-srivastava-3","status":"publish","type":"page","link":"https:\/\/shrimataji.org\/test\/sv\/sir-c-p-srivastava-3\/","title":{"rendered":"Sir C.P. Srivastava SV"},"content":{"rendered":"\n\n\t<h1>Sir C.P. Srivastava<\/h1>\n<h2>Sir C.P. och Lal Bahadur Shastri<\/h2>\n\t<h4>Shri Mataji Nirmala Devi \u00e4r k\u00e4nd \u00f6ver hela v\u00e4rlden som ledare f\u00f6r Sahaja Yoga. F\u00f6rutom hennes roll som andlig ledare finns ocks\u00e5 en annan ber\u00e4ttelse: hennes man, Sir Chandrika Prasad Srivastavas, imponerande karri\u00e4r.<\/h4>\n<p>Denna l\u00e5nga och v\u00e4rdiga man brukade kallas f\u00f6r &#8220;Sir C.P.&#8221;<\/p>\n\t\t\t\t<img decoding=\"async\" src=\"https:\/\/shrimataji.org\/test\/wp-content\/uploads\/2024\/12\/sv_shri-mataji-sir-cp-kalpana-sadhana-family-london-uk-1.jpg\" alt=\"Sir C.P. visar sin riddarstitel med Shri Mataji och deras d\u00f6ttrar Kalpana och Sadhana.\" itemprop=\"image\" height=\"2206\" width=\"1500\" title=\"sv_shri-mataji-sir-cp-kalpana-sadhana-family-london-uk-1\" onerror=\"this.style.display='none'\" loading=\"lazy\" \/>\n\t\tSir C.P. visar sin riddarstitel med Shri Mataji och deras d\u00f6ttrar Kalpana och Sadhana.\n\tSir C.P. var en viktig politiker. Han var generalsekreterare f\u00f6r FN:s<br \/>\nInternationella Maritima Organisation. Under denna tid blev han adlad av drottning Elizabeth II.\n<p>Sir C.P. och Shri Mataji gifte sig n\u00e4r han var en ung och ok\u00e4nd tj\u00e4nsteman i Indien. Han har ofta sagt att hans snabba karri\u00e4r berodde mycket p\u00e5 att han lyssnade p\u00e5 sin frus r\u00e5d och magk\u00e4nsla.<\/p>\n<p>Strax efter att de gifte sig fick han v\u00e4lja mellan att jobba administratitv eller diplomatiskt. Hans v\u00e4nner tipsade honom att bli diplomat eftersom han snart skulle kunna f\u00e5 en ambassad\u00f6rsroll.<\/p>\n<p>Men fru Srivastava sa direkt: &#8220;Nej, l\u00e5t oss stanna i landet och tj\u00e4na v\u00e5rt land h\u00e4r.&#8221; Ingen kunde ha f\u00f6rutsp\u00e5tt vad som h\u00e4nde sedan, n\u00e4r Sir C.P. genom flera ov\u00e4ntade h\u00e4ndelser blev personlig sekreterare till Indiens premi\u00e4rminister, Lal Bahadur Shastri.<\/p>\n\t\t<img decoding=\"async\" data-spai-excluded=\"true\" loading=\"lazy\"  alt=\"YouTube player\"  src=\"https:\/\/i.ytimg.com\/vi\/10r04eFnN3w\/maxresdefault.jpg\"  \/><button aria-label=\"Play\"><\/button><meta itemprop=\"embedUrl\" content=\"https:\/\/www.youtube.com\/embed\/10r04eFnN3w\"\/><meta itemprop=\"name\" content=\"What I Have Seen: A Stress Free Life\"\/><meta itemprop=\"description\" content=\"Speaking on the topic of stress management, Sir C.P. Srivastava, the husband of Shri Mataji, describes the value of Sahaja Yoga meditation. His perspective is unique, but not unusual. In this candid speech, he describes himself as a man able to do his job well, but now able to face life devoid of stress. &#039;It is a matter of wanting to achieve that transformation,&#039; he says. Nothing needs to be given up. &#039;I am telling you what I have seen.&#039; More videos at: http:\/\/ShriMataji.org ~ A Life Dedicated to Humanity ~\"\/><meta itemprop=\"thumbnailUrl\" content=\"https:\/\/i.ytimg.com\/vi\/10r04eFnN3w\/0.jpg\"\/><meta itemprop=\"duration\" content=\"PT10M46S\"\/><meta itemprop=\"uploadDate\" content=\"2020-07-20T00:05:20Z\"\/>\t\n\t<p>Han levde efter Sahaj-filosofin som Shri Mataji senare skulle dela med hela v\u00e4rlden. Efter att han slutade sin offentliga tj\u00e4nst skrev Sir C.P., igen p\u00e5 sin frus uppmuntran, Lal Bahadur Shastri: ett liv av sanning i politiken. I boken beskriver han Mr. Shastri som hade m\u00e5nga av de egenskaper som den hinduiska guden Shri Rama har: \u00f6dmjukhet och djup respekt f\u00f6r alla, tillsammans med en stark k\u00e4nsla av \u00e4ra och plikt.<\/p>\n\t<p>Sir C.P. skriver att Shastri verkligen levde efter dharma, r\u00e4ttvisa, sanning och moral. Han l\u00e5tsades inte vara n\u00e5gon annan \u00e4n han var. Det fanns ingen skillnad mellan den inre och yttre Mr. Shastri.<\/p>\nHan var helt enhetlig: vacker b\u00e5de inuti och utanf\u00f6r.<br \/>\nShastri var liten, s\u00e5g liten ut och var \u00f6dmjuk, vilket gjorde att m\u00e5nga trodde att de l\u00e4tt kunde kontrollera honom.\n<p>Kort efter att Shastri blev premi\u00e4rminister invaderade Pakistan Kashmir. Shastri sa: &#8220;Jag vill ha fred, men jag har \u00e4ven ett ansvar. Som premi\u00e4rminister m\u00e5ste jag f\u00f6rsvara v\u00e5rt land.<\/p>\n<p>Sir C.P. sa: &#8220;Denna fredsman stod upp f\u00f6r sitt land.&#8221;<\/p>\n\t\t\t\t<img decoding=\"async\" src=\"https:\/\/shrimataji.org\/test\/wp-content\/uploads\/2024\/12\/sv_sir-c.p.-and-naval-officers-near-statue-of-lal-bahadur-shastri.jpg\" alt=\"Sir C.P. med sj\u00f6officerare  vid staty av Lal Bahadur Shastri.\" itemprop=\"image\" height=\"1143\" width=\"1500\" title=\"sv_sir-c.p.-and-naval-officers-near-statue-of-lal-bahadur-shastri\" onerror=\"this.style.display='none'\" loading=\"lazy\" \/>\n\t\tSir C.P. med sj\u00f6officerare  vid staty av Lal Bahadur Shastri.\n\t<h5>&#8220;Lal Bahadur Shastri var en helgjuten m\u00e4nniska: vacker b\u00e5de p\u00e5 insidan och utsidan.&#8221;<\/h5>\n<h5>Sir C.P. Srivastava, december 1994<\/h5>\n\t<p>I detta avseende fortsatte Mr. Shastri det arbete som Mahatma Gandhi b\u00f6rjade. Han sa: &#8220;Det unika med Indien \u00e4r att vi har hinduer, muslimer, kristna, sikher, parsier och m\u00e4nniskor fr\u00e5n alla andra religioner, men vi blandar inte religion med politik. Det \u00e4r skillnaden mellan Indien och Pakistan. Pakistan s\u00e4ger att de \u00e4r en islamisk stat och anv\u00e4nder religion i politiken, medan vi indier fritt kan v\u00e4lja vilken religion vi vill och dyrka p\u00e5 det s\u00e4tt vi vill. N\u00e4r det g\u00e4ller politik \u00e4r vi alla lika mycket indier.<\/p>\n\t<p>Under de efterf\u00f6ljande fredssamtalen fick Shastri alla motst\u00e5ndare att h\u00e5lla med honom, och tillsammans skapade de en varaktig fred med Pakistan. Shastri dog ov\u00e4ntat under samma fredssamtal, troligtvis av en hj\u00e4rtattack. Sir C.P. var med honom n\u00e4r han dog. Senare skrev han att &#8220;det var ett stort privilegium att f\u00e5 tj\u00e4na Shri Lal Bahadur Shastri.&#8221; <a href=\"#citation-note-1\" name=\"citation-ref-1\">[1]<\/a><\/p>\n<p>Inspirerad av Lal Bahadur Shastri och med hj\u00e4lp av sin fru, b\u00f6rjade Sir C.P. sin framg\u00e5ngsrika karri\u00e4r. F\u00f6rst var han h\u00f6g tj\u00e4nsteman i det indiska parlamentet, sedan ordf\u00f6rande f\u00f6r Indian Shipping Corporation, och till slut blev han den l\u00e4ngst sittande generalsekreteraren n\u00e5gonsin i FN:s Internationella Maritima Organisation.<\/p>\n<p>IMO \u00e4r det enda FN-organet som finns i London. Under de sexton \u00e5ren som Sir C.P. arbetade d\u00e4r b\u00f6rjade Shri Mataji sprida <a href=\"https:\/\/shrimataji.org\/test\/sv\/sahaja-yoga-meditation\/\">Sahaja Yoga-meditation<\/a> till v\u00e4rlden<\/p>\n\t\t\t\t<img decoding=\"async\" src=\"https:\/\/shrimataji.org\/test\/wp-content\/uploads\/2024\/12\/sv_shri-mataji-nirmala-devi-sir-cp-world-maritime-university.jpg\" alt=\"Shri Mataji och SIr CP vid World Maritime University i Malm\u00f6 Sverige\" itemprop=\"image\" height=\"960\" width=\"655\" title=\"sv_shri-mataji-nirmala-devi-sir-cp-world-maritime-university\" onerror=\"this.style.display='none'\" loading=\"lazy\" \/>\n\t\tShri Mataji och SIr CP vid World Maritime University i Malm\u00f6 Sverige\n\t<hr \/>\n<h3>1. <a href=\"#citation-ref-1\">^<\/a><a name=\"citation-note-1\"><\/a> C. P. Srivastava, &#8216;Lal Bahadur Shastri: A Life of Truth in Politics&#8217; New Delhi: Oxford University Press, 1995.<\/h3>\n\n","protected":false},"excerpt":{"rendered":"<p>Sir C.P. Srivastava Sir C.P. och Lal Bahadur Shastri Shri Mataji Nirmala Devi \u00e4r k\u00e4nd \u00f6ver hela v\u00e4rlden som ledare f\u00f6r Sahaja Yoga. F\u00f6rutom hennes roll som andlig ledare finns ocks\u00e5 en annan ber\u00e4ttelse: hennes man, Sir Chandrika Prasad Srivastavas, imponerande karri\u00e4r. Denna l\u00e5nga och v\u00e4rdiga man brukade kallas f\u00f6r &#8220;Sir C.P.&#8221; Sir C.P. visar&hellip; <br \/> <a class=\"read-more\" href=\"https:\/\/shrimataji.org\/test\/sv\/sir-c-p-srivastava-3\/\">Read more<\/a><\/p>\n","protected":false},"author":1,"featured_media":23069,"parent":0,"menu_order":0,"comment_status":"closed","ping_status":"closed","template":"","meta":{"inline_featured_image":false,"footnotes":""},"class_list":["post-23068","page","type-page","status-publish","has-post-thumbnail","hentry"],"yoast_head":"<!-- This site is optimized with the Yoast SEO plugin v27.4 - https:\/\/yoast.com\/product\/yoast-seo-wordpress\/ -->\n<title>Sir C.P. Srivastava SV - TEST - SMND<\/title>\n<meta name=\"robots\" content=\"noindex, follow, max-snippet:-1, max-image-preview:large, max-video-preview:-1\" \/>\n<meta property=\"og:locale\" content=\"en_US\" \/>\n<meta property=\"og:type\" content=\"article\" \/>\n<meta property=\"og:title\" content=\"Sir C.P. Srivastava SV - TEST - SMND\" \/>\n<meta property=\"og:description\" content=\"Sir C.P. Srivastava Sir C.P. och Lal Bahadur Shastri Shri Mataji Nirmala Devi \u00e4r k\u00e4nd \u00f6ver hela v\u00e4rlden som ledare f\u00f6r Sahaja Yoga. F\u00f6rutom hennes roll som andlig ledare finns ocks\u00e5 en annan ber\u00e4ttelse: hennes man, Sir Chandrika Prasad Srivastavas, imponerande karri\u00e4r. Denna l\u00e5nga och v\u00e4rdiga man brukade kallas f\u00f6r &#8220;Sir C.P.&#8221; Sir C.P. visar&hellip; Read more\" \/>\n<meta property=\"og:url\" content=\"https:\/\/shrimataji.org\/test\/sv\/sir-c-p-srivastava-3\/\" \/>\n<meta property=\"og:site_name\" content=\"TEST - SMND\" \/>\n<meta property=\"article:publisher\" content=\"https:\/\/www.facebook.com\/shrimataji\" \/>\n<meta property=\"article:modified_time\" content=\"2026-01-08T19:45:56+00:00\" \/>\n<meta property=\"og:image\" content=\"https:\/\/shrimataji.org\/test\/wp-content\/uploads\/2023\/03\/8_Banner-Family_CP-2-scaled.jpg\" \/>\n\t<meta property=\"og:image:width\" content=\"2560\" \/>\n\t<meta property=\"og:image:height\" content=\"905\" \/>\n\t<meta property=\"og:image:type\" content=\"image\/jpeg\" \/>\n<meta name=\"twitter:card\" content=\"summary_large_image\" \/>\n<meta name=\"twitter:site\" content=\"@shrimataji\" \/>\n<meta name=\"twitter:label1\" content=\"Est. reading time\" \/>\n\t<meta name=\"twitter:data1\" content=\"5 minutes\" \/>\n<script type=\"application\/ld+json\" class=\"yoast-schema-graph\">{\"@context\":\"https:\\\/\\\/schema.org\",\"@graph\":[{\"@type\":\"WebPage\",\"@id\":\"https:\\\/\\\/shrimataji.org\\\/test\\\/sv\\\/sir-c-p-srivastava-3\\\/\",\"url\":\"https:\\\/\\\/shrimataji.org\\\/test\\\/sv\\\/sir-c-p-srivastava-3\\\/\",\"name\":\"Sir C.P. Srivastava SV - TEST - SMND\",\"isPartOf\":{\"@id\":\"https:\\\/\\\/shrimataji.org\\\/test\\\/#website\"},\"primaryImageOfPage\":{\"@id\":\"https:\\\/\\\/shrimataji.org\\\/test\\\/sv\\\/sir-c-p-srivastava-3\\\/#primaryimage\"},\"image\":{\"@id\":\"https:\\\/\\\/shrimataji.org\\\/test\\\/sv\\\/sir-c-p-srivastava-3\\\/#primaryimage\"},\"thumbnailUrl\":\"https:\\\/\\\/shrimataji.org\\\/test\\\/wp-content\\\/uploads\\\/2023\\\/03\\\/8_Banner-Family_CP-2-scaled.jpg\",\"datePublished\":\"2012-11-01T12:00:00+00:00\",\"dateModified\":\"2026-01-08T19:45:56+00:00\",\"breadcrumb\":{\"@id\":\"https:\\\/\\\/shrimataji.org\\\/test\\\/sv\\\/sir-c-p-srivastava-3\\\/#breadcrumb\"},\"inLanguage\":\"en-US\",\"potentialAction\":[{\"@type\":\"ReadAction\",\"target\":[\"https:\\\/\\\/shrimataji.org\\\/test\\\/sv\\\/sir-c-p-srivastava-3\\\/\"]}]},{\"@type\":\"ImageObject\",\"inLanguage\":\"en-US\",\"@id\":\"https:\\\/\\\/shrimataji.org\\\/test\\\/sv\\\/sir-c-p-srivastava-3\\\/#primaryimage\",\"url\":\"https:\\\/\\\/shrimataji.org\\\/test\\\/wp-content\\\/uploads\\\/2023\\\/03\\\/8_Banner-Family_CP-2-scaled.jpg\",\"contentUrl\":\"https:\\\/\\\/shrimataji.org\\\/test\\\/wp-content\\\/uploads\\\/2023\\\/03\\\/8_Banner-Family_CP-2-scaled.jpg\",\"width\":2560,\"height\":905},{\"@type\":\"BreadcrumbList\",\"@id\":\"https:\\\/\\\/shrimataji.org\\\/test\\\/sv\\\/sir-c-p-srivastava-3\\\/#breadcrumb\",\"itemListElement\":[{\"@type\":\"ListItem\",\"position\":1,\"name\":\"Home\",\"item\":\"https:\\\/\\\/shrimataji.org\\\/test\\\/uk\\\/home-en\\\/\"},{\"@type\":\"ListItem\",\"position\":2,\"name\":\"Sir C.P. Srivastava SV\"}]},{\"@type\":\"WebSite\",\"@id\":\"https:\\\/\\\/shrimataji.org\\\/test\\\/#website\",\"url\":\"https:\\\/\\\/shrimataji.org\\\/test\\\/\",\"name\":\"Shri Mataji Nirmala Devi\",\"description\":\"A Life Dedicated to Humanity\",\"publisher\":{\"@id\":\"https:\\\/\\\/shrimataji.org\\\/test\\\/#\\\/schema\\\/person\\\/a1b3419c6585f164aa96da1ff85715d1\"},\"potentialAction\":[{\"@type\":\"SearchAction\",\"target\":{\"@type\":\"EntryPoint\",\"urlTemplate\":\"https:\\\/\\\/shrimataji.org\\\/test\\\/?s={search_term_string}\"},\"query-input\":{\"@type\":\"PropertyValueSpecification\",\"valueRequired\":true,\"valueName\":\"search_term_string\"}}],\"inLanguage\":\"en-US\"},{\"@type\":[\"Person\",\"Organization\"],\"@id\":\"https:\\\/\\\/shrimataji.org\\\/test\\\/#\\\/schema\\\/person\\\/a1b3419c6585f164aa96da1ff85715d1\",\"name\":\"Nirmala Shrivastava\",\"image\":{\"@type\":\"ImageObject\",\"inLanguage\":\"en-US\",\"@id\":\"https:\\\/\\\/shrimataji.org\\\/test\\\/wp-content\\\/uploads\\\/2023\\\/02\\\/SMO_LOGO-03.svg\",\"url\":\"https:\\\/\\\/shrimataji.org\\\/test\\\/wp-content\\\/uploads\\\/2023\\\/02\\\/SMO_LOGO-03.svg\",\"contentUrl\":\"https:\\\/\\\/shrimataji.org\\\/test\\\/wp-content\\\/uploads\\\/2023\\\/02\\\/SMO_LOGO-03.svg\",\"width\":\"1024\",\"height\":\"1024\",\"caption\":\"Nirmala Shrivastava\"},\"logo\":{\"@id\":\"https:\\\/\\\/shrimataji.org\\\/test\\\/wp-content\\\/uploads\\\/2023\\\/02\\\/SMO_LOGO-03.svg\"},\"sameAs\":[\"https:\\\/\\\/shrimataji.org\\\/test\",\"https:\\\/\\\/www.facebook.com\\\/shrimataji\",\"https:\\\/\\\/x.com\\\/shrimataji\",\"https:\\\/\\\/www.youtube.com\\\/@Shri_Mataji_Nirmala_Devi\\\/featured\"]}]}<\/script>\n<!-- \/ Yoast SEO plugin. -->","yoast_head_json":{"title":"Sir C.P. Srivastava SV - TEST - SMND","robots":{"index":"noindex","follow":"follow","max-snippet":"max-snippet:-1","max-image-preview":"max-image-preview:large","max-video-preview":"max-video-preview:-1"},"og_locale":"en_US","og_type":"article","og_title":"Sir C.P. Srivastava SV - TEST - SMND","og_description":"Sir C.P. Srivastava Sir C.P. och Lal Bahadur Shastri Shri Mataji Nirmala Devi \u00e4r k\u00e4nd \u00f6ver hela v\u00e4rlden som ledare f\u00f6r Sahaja Yoga. F\u00f6rutom hennes roll som andlig ledare finns ocks\u00e5 en annan ber\u00e4ttelse: hennes man, Sir Chandrika Prasad Srivastavas, imponerande karri\u00e4r. Denna l\u00e5nga och v\u00e4rdiga man brukade kallas f\u00f6r &#8220;Sir C.P.&#8221; Sir C.P. visar&hellip; Read more","og_url":"https:\/\/shrimataji.org\/test\/sv\/sir-c-p-srivastava-3\/","og_site_name":"TEST - SMND","article_publisher":"https:\/\/www.facebook.com\/shrimataji","article_modified_time":"2026-01-08T19:45:56+00:00","og_image":[{"width":2560,"height":905,"url":"https:\/\/shrimataji.org\/test\/wp-content\/uploads\/2023\/03\/8_Banner-Family_CP-2-scaled.jpg","type":"image\/jpeg"}],"twitter_card":"summary_large_image","twitter_site":"@shrimataji","twitter_misc":{"Est. reading time":"5 minutes"},"schema":{"@context":"https:\/\/schema.org","@graph":[{"@type":"WebPage","@id":"https:\/\/shrimataji.org\/test\/sv\/sir-c-p-srivastava-3\/","url":"https:\/\/shrimataji.org\/test\/sv\/sir-c-p-srivastava-3\/","name":"Sir C.P. Srivastava SV - TEST - SMND","isPartOf":{"@id":"https:\/\/shrimataji.org\/test\/#website"},"primaryImageOfPage":{"@id":"https:\/\/shrimataji.org\/test\/sv\/sir-c-p-srivastava-3\/#primaryimage"},"image":{"@id":"https:\/\/shrimataji.org\/test\/sv\/sir-c-p-srivastava-3\/#primaryimage"},"thumbnailUrl":"https:\/\/shrimataji.org\/test\/wp-content\/uploads\/2023\/03\/8_Banner-Family_CP-2-scaled.jpg","datePublished":"2012-11-01T12:00:00+00:00","dateModified":"2026-01-08T19:45:56+00:00","breadcrumb":{"@id":"https:\/\/shrimataji.org\/test\/sv\/sir-c-p-srivastava-3\/#breadcrumb"},"inLanguage":"en-US","potentialAction":[{"@type":"ReadAction","target":["https:\/\/shrimataji.org\/test\/sv\/sir-c-p-srivastava-3\/"]}]},{"@type":"ImageObject","inLanguage":"en-US","@id":"https:\/\/shrimataji.org\/test\/sv\/sir-c-p-srivastava-3\/#primaryimage","url":"https:\/\/shrimataji.org\/test\/wp-content\/uploads\/2023\/03\/8_Banner-Family_CP-2-scaled.jpg","contentUrl":"https:\/\/shrimataji.org\/test\/wp-content\/uploads\/2023\/03\/8_Banner-Family_CP-2-scaled.jpg","width":2560,"height":905},{"@type":"BreadcrumbList","@id":"https:\/\/shrimataji.org\/test\/sv\/sir-c-p-srivastava-3\/#breadcrumb","itemListElement":[{"@type":"ListItem","position":1,"name":"Home","item":"https:\/\/shrimataji.org\/test\/uk\/home-en\/"},{"@type":"ListItem","position":2,"name":"Sir C.P. Srivastava SV"}]},{"@type":"WebSite","@id":"https:\/\/shrimataji.org\/test\/#website","url":"https:\/\/shrimataji.org\/test\/","name":"Shri Mataji Nirmala Devi","description":"A Life Dedicated to Humanity","publisher":{"@id":"https:\/\/shrimataji.org\/test\/#\/schema\/person\/a1b3419c6585f164aa96da1ff85715d1"},"potentialAction":[{"@type":"SearchAction","target":{"@type":"EntryPoint","urlTemplate":"https:\/\/shrimataji.org\/test\/?s={search_term_string}"},"query-input":{"@type":"PropertyValueSpecification","valueRequired":true,"valueName":"search_term_string"}}],"inLanguage":"en-US"},{"@type":["Person","Organization"],"@id":"https:\/\/shrimataji.org\/test\/#\/schema\/person\/a1b3419c6585f164aa96da1ff85715d1","name":"Nirmala Shrivastava","image":{"@type":"ImageObject","inLanguage":"en-US","@id":"https:\/\/shrimataji.org\/test\/wp-content\/uploads\/2023\/02\/SMO_LOGO-03.svg","url":"https:\/\/shrimataji.org\/test\/wp-content\/uploads\/2023\/02\/SMO_LOGO-03.svg","contentUrl":"https:\/\/shrimataji.org\/test\/wp-content\/uploads\/2023\/02\/SMO_LOGO-03.svg","width":"1024","height":"1024","caption":"Nirmala Shrivastava"},"logo":{"@id":"https:\/\/shrimataji.org\/test\/wp-content\/uploads\/2023\/02\/SMO_LOGO-03.svg"},"sameAs":["https:\/\/shrimataji.org\/test","https:\/\/www.facebook.com\/shrimataji","https:\/\/x.com\/shrimataji","https:\/\/www.youtube.com\/@Shri_Mataji_Nirmala_Devi\/featured"]}]}},"lang":"sv","translations":{"sv":23068,"ur":37505,"en":423,"am":18079,"th":20064,"hu":19568,"sq":18480,"zh":17377,"tr":10212,"pt":10421,"de":10695,"fr":10793,"it":10891,"es":10988,"ja":11286,"ru":11474,"bn":11665,"te":11773,"sw":11896,"he":12044,"el":12336,"sk":12434,"fa":12532,"fi":12630,"bg":13492,"ro":14567,"cs":14760,"nl":16640,"ku":16800,"ar":16976,"be":18687,"kn":18961,"mr":20428,"uk":20722,"ml":21017,"ta":22798,"gu":28904,"pa":29064,"fil":29517,"da":37814,"nn":38366,"pl":39943},"pll_sync_post":[],"_links":{"self":[{"href":"https:\/\/shrimataji.org\/test\/wp-json\/wp\/v2\/pages\/23068","targetHints":{"allow":["GET"]}}],"collection":[{"href":"https:\/\/shrimataji.org\/test\/wp-json\/wp\/v2\/pages"}],"about":[{"href":"https:\/\/shrimataji.org\/test\/wp-json\/wp\/v2\/types\/page"}],"author":[{"embeddable":true,"href":"https:\/\/shrimataji.org\/test\/wp-json\/wp\/v2\/users\/1"}],"replies":[{"embeddable":true,"href":"https:\/\/shrimataji.org\/test\/wp-json\/wp\/v2\/comments?post=23068"}],"version-history":[{"count":0,"href":"https:\/\/shrimataji.org\/test\/wp-json\/wp\/v2\/pages\/23068\/revisions"}],"wp:featuredmedia":[{"embeddable":true,"href":"https:\/\/shrimataji.org\/test\/wp-json\/wp\/v2\/media\/23069"}],"wp:attachment":[{"href":"https:\/\/shrimataji.org\/test\/wp-json\/wp\/v2\/media?parent=23068"}],"curies":[{"name":"wp","href":"https:\/\/api.w.org\/{rel}","templated":true}]}}