{"id":23070,"date":"2018-07-10T06:54:42","date_gmt":"2018-07-10T06:54:42","guid":{"rendered":"http:\/\/testwordpress.nirmalnagari.org\/smnd\/index.php\/work\/"},"modified":"2026-01-06T16:32:37","modified_gmt":"2026-01-06T16:32:37","slug":"samhallsomvandling","status":"publish","type":"page","link":"https:\/\/shrimataji.org\/test\/sv\/samhallsomvandling\/","title":{"rendered":"Samh\u00e4llsomvandling"},"content":{"rendered":"\n\n\t<h1>Samh\u00e4llsomvandling<\/h1>\n<h2>Ett arbete med omtanke<\/h2>\n\t<h4>Shri Mataji v\u00e4xte upp i en familj d\u00e4r sj\u00e4lvuppoffring var viktigt. Hon \u00e4gnade sitt liv \u00e5t att arbeta med b\u00e5de samh\u00e4lls- och andliga projekt.<\/h4>\n\t<p>Hon b\u00f6rjade tidigt att vara med i Indiens frihetskamp. Senare, som fru till en viktig indisk diplomat och mamma till tv\u00e5 d\u00f6ttrar, fortsatte hon att bry sig om omv\u00e4rlden. \u00c5r 1961 startade Shri Mataji &#8220;Ungdomss\u00e4llskapet f\u00f6r Filmer&#8221; f\u00f6r att fr\u00e4mja nationella, sociala och moraliska v\u00e4rderingar hos unga. Hon var ocks\u00e5 medlem i Filmr\u00e5det i Mumbai.<\/p>\n<p>Som grundare av Sahaja Yoga och genom att resa mycket v\u00e4rlden \u00f6ver m\u00f6tte hon m\u00e5nga m\u00e4nniskor fr\u00e5n olika l\u00e4nder och bakgrunder. Hon var alltid nyfiken p\u00e5 alla olika sorters m\u00e4nniskor. Hon f\u00f6rstod att m\u00e4nsklighetens problem beror p\u00e5 att vi inte k\u00e4nner v\u00e5r sanna inre potential som andliga varelser. Denna potential kan uppt\u00e4ckas genom sj\u00e4lvupplysning. Shri Mataji startade en ideell f\u00f6rening som jobbade med inre f\u00f6r\u00e4ndring som leder till en yttre samh\u00e4llsf\u00f6r\u00e4ndring.<\/p>\n<p>Hon skapade v\u00e4lg\u00f6renhetsorganisationer som <a href=\"https:\/\/www.nirmalprem.org\/\" target=\"_blank\" rel=\"noopener\">Vishwa Nirmala Prem Ashram<\/a> f\u00f6r beh\u00f6vande kvinnor och f\u00f6r\u00e4ldral\u00f6sa barn, startade internationella skolor som fr\u00e4mjar god utbildning, grundade v\u00e5rdcentraler som tar h\u00e4nsyn till hela m\u00e4nniskan, skapade en internationell akademi f\u00f6r klassisk musik och konst, och mycket mer. Alla dessa insatser var en del av hennes globala arbete med andlig f\u00f6r\u00e4ndring.<\/p>\n<p>2000-talet har m\u00e5nga olika utmaningar som kommer att forma morgondagens samh\u00e4lle. M\u00e4nniskor runt om i v\u00e4rlden s\u00f6ker l\u00f6sningar p\u00e5 problem som pandemier, klimatf\u00f6r\u00e4ndringar, ekonomiska sv\u00e5righeter, kulturkonflikter och religi\u00f6s extremism. Alla dessa fr\u00e5gor p\u00e5verkar hur vi p\u00e5verkar planeten Jorden.<\/p>\n<p>M\u00e5nga sociala och ekonomiska problem idag beror p\u00e5 girighet och materialism. Shri Mataji sa att materialism \u00e4r fel och att fysiska sakerexisterar f\u00f6r att ge oss gl\u00e4dje. Om vi ser ett vackert konstverk kan vi beundra det utan att beh\u00f6va \u00e4ga det. N\u00e4r vi ger en g\u00e5va f\u00f6r att visa v\u00e5r k\u00e4rlek anv\u00e4nder vi saker p\u00e5 r\u00e4tt s\u00e4tt och k\u00e4nner verklig tillfredsst\u00e4llelse, inte bara n\u00f6jet av att k\u00f6pa och \u00e4ga n\u00e5got.<\/p>\n<p>N\u00e4r det tredje chakrat, <a href=\"https:\/\/shrimataji.org\/test\/sv\/nabhi-chakra\/\">Nabhi<\/a>, blir upplyst genom uppvaknandet av <a href=\"https:\/\/shrimataji.org\/test\/sv\/kundalini\/\">Kundalini<\/a>, k\u00e4nner vi oss helt n\u00f6jda och fria fr\u00e5n girighet . Vi ser materiens andliga v\u00e4rde som positiv energi fr\u00e5n saker gjorda av naturliga material samt vackra handgjorda hantverk och m\u00e5lningar. Shri Mataji menade att dessa fenomen beror p\u00e5 materiens andliga egenskaper som vi kan f\u00f6rnimma efter sj\u00e4lupplysningen.<\/p>\n<p>N\u00e4r det andra chakrat, <a href=\"https:\/\/shrimataji.org\/test\/sv\/swadhisthan-chakra\/\">Swadhisthana<\/a>, blir upplyst, \u00f6kar v\u00e5r kreativitet. Inte nog med att vi kan uppskatta andras kreativa verk utan ocks\u00e5 uppt\u00e4cka v\u00e5r egen naturliga kreativa f\u00f6rm\u00e5ga. M\u00e5nga som ut\u00f6var Sahaja Yoga \u00e4r f\u00f6rv\u00e5nade \u00f6ver hur deras kreativitet utvecklas, vilket sker spontant genom ren intuition.<\/p>\n<p>Shri Mataji f\u00f6ruts\u00e5g att dessa subtila egenskaper skulle visa sig b\u00e5de inom varje individ och som en gemensam kraft i samh\u00e4llet. Detta skulle kunna f\u00f6r\u00e4ndra m\u00e4nsklighetens v\u00e4g fr\u00e5n sj\u00e4lvdestruktivitet till ett h\u00e5llbart liv p\u00e5 jorden.<\/p>\n<p>Shri Mataji brydde sig mycket om m\u00e4nskligheten. Hon kallade aldrig det hon gjorde f\u00f6r &#8220;arbete&#8221;, utan f\u00f6r n\u00e5got hon gjorde av k\u00e4rlek och verkligen levde f\u00f6r.<\/p>\n\n","protected":false},"excerpt":{"rendered":"<p>Samh\u00e4llsomvandling Ett arbete med omtanke Shri Mataji v\u00e4xte upp i en familj d\u00e4r sj\u00e4lvuppoffring var viktigt. Hon \u00e4gnade sitt liv \u00e5t att arbeta med b\u00e5de samh\u00e4lls- och andliga projekt. Hon b\u00f6rjade tidigt att vara med i Indiens frihetskamp. Senare, som fru till en viktig indisk diplomat och mamma till tv\u00e5 d\u00f6ttrar, fortsatte hon att bry&hellip; <br \/> <a class=\"read-more\" href=\"https:\/\/shrimataji.org\/test\/sv\/samhallsomvandling\/\">Read more<\/a><\/p>\n","protected":false},"author":58,"featured_media":23071,"parent":0,"menu_order":0,"comment_status":"closed","ping_status":"closed","template":"","meta":{"inline_featured_image":false,"footnotes":""},"class_list":["post-23070","page","type-page","status-publish","has-post-thumbnail","hentry"],"yoast_head":"<!-- This site is optimized with the Yoast SEO plugin v27.4 - https:\/\/yoast.com\/product\/yoast-seo-wordpress\/ -->\n<title>Samh\u00e4llsomvandling - TEST - SMND<\/title>\n<meta name=\"robots\" content=\"noindex, follow, max-snippet:-1, max-image-preview:large, max-video-preview:-1\" \/>\n<meta property=\"og:locale\" content=\"en_US\" \/>\n<meta property=\"og:type\" content=\"article\" \/>\n<meta property=\"og:title\" content=\"Samh\u00e4llsomvandling - TEST - SMND\" \/>\n<meta property=\"og:description\" content=\"Samh\u00e4llsomvandling Ett arbete med omtanke Shri Mataji v\u00e4xte upp i en familj d\u00e4r sj\u00e4lvuppoffring var viktigt. Hon \u00e4gnade sitt liv \u00e5t att arbeta med b\u00e5de samh\u00e4lls- och andliga projekt. Hon b\u00f6rjade tidigt att vara med i Indiens frihetskamp. Senare, som fru till en viktig indisk diplomat och mamma till tv\u00e5 d\u00f6ttrar, fortsatte hon att bry&hellip; Read more\" \/>\n<meta property=\"og:url\" content=\"https:\/\/shrimataji.org\/test\/sv\/samhallsomvandling\/\" \/>\n<meta property=\"og:site_name\" content=\"TEST - SMND\" \/>\n<meta property=\"article:publisher\" content=\"https:\/\/www.facebook.com\/shrimataji\" \/>\n<meta property=\"article:modified_time\" content=\"2026-01-06T16:32:37+00:00\" \/>\n<meta property=\"og:image\" content=\"https:\/\/shrimataji.org\/test\/wp-content\/uploads\/2018\/07\/media_originals\/images\/headers-general\/shri-mataji-arrival-in-rome-may-1985.jpg\" \/>\n\t<meta property=\"og:image:width\" content=\"990\" \/>\n\t<meta property=\"og:image:height\" content=\"350\" \/>\n\t<meta property=\"og:image:type\" content=\"image\/jpeg\" \/>\n<meta name=\"twitter:card\" content=\"summary_large_image\" \/>\n<meta name=\"twitter:site\" content=\"@shrimataji\" \/>\n<meta name=\"twitter:label1\" content=\"Est. reading time\" \/>\n\t<meta name=\"twitter:data1\" content=\"3 minutes\" \/>\n<script type=\"application\/ld+json\" class=\"yoast-schema-graph\">{\"@context\":\"https:\\\/\\\/schema.org\",\"@graph\":[{\"@type\":\"WebPage\",\"@id\":\"https:\\\/\\\/shrimataji.org\\\/test\\\/sv\\\/samhallsomvandling\\\/\",\"url\":\"https:\\\/\\\/shrimataji.org\\\/test\\\/sv\\\/samhallsomvandling\\\/\",\"name\":\"Samh\u00e4llsomvandling - TEST - SMND\",\"isPartOf\":{\"@id\":\"https:\\\/\\\/shrimataji.org\\\/test\\\/#website\"},\"primaryImageOfPage\":{\"@id\":\"https:\\\/\\\/shrimataji.org\\\/test\\\/sv\\\/samhallsomvandling\\\/#primaryimage\"},\"image\":{\"@id\":\"https:\\\/\\\/shrimataji.org\\\/test\\\/sv\\\/samhallsomvandling\\\/#primaryimage\"},\"thumbnailUrl\":\"https:\\\/\\\/shrimataji.org\\\/test\\\/wp-content\\\/uploads\\\/2018\\\/07\\\/media_originals\\\/images\\\/headers-general\\\/shri-mataji-arrival-in-rome-may-1985.jpg\",\"datePublished\":\"2018-07-10T06:54:42+00:00\",\"dateModified\":\"2026-01-06T16:32:37+00:00\",\"breadcrumb\":{\"@id\":\"https:\\\/\\\/shrimataji.org\\\/test\\\/sv\\\/samhallsomvandling\\\/#breadcrumb\"},\"inLanguage\":\"en-US\",\"potentialAction\":[{\"@type\":\"ReadAction\",\"target\":[\"https:\\\/\\\/shrimataji.org\\\/test\\\/sv\\\/samhallsomvandling\\\/\"]}]},{\"@type\":\"ImageObject\",\"inLanguage\":\"en-US\",\"@id\":\"https:\\\/\\\/shrimataji.org\\\/test\\\/sv\\\/samhallsomvandling\\\/#primaryimage\",\"url\":\"https:\\\/\\\/shrimataji.org\\\/test\\\/wp-content\\\/uploads\\\/2018\\\/07\\\/media_originals\\\/images\\\/headers-general\\\/shri-mataji-arrival-in-rome-may-1985.jpg\",\"contentUrl\":\"https:\\\/\\\/shrimataji.org\\\/test\\\/wp-content\\\/uploads\\\/2018\\\/07\\\/media_originals\\\/images\\\/headers-general\\\/shri-mataji-arrival-in-rome-may-1985.jpg\",\"width\":990,\"height\":350},{\"@type\":\"BreadcrumbList\",\"@id\":\"https:\\\/\\\/shrimataji.org\\\/test\\\/sv\\\/samhallsomvandling\\\/#breadcrumb\",\"itemListElement\":[{\"@type\":\"ListItem\",\"position\":1,\"name\":\"Home\",\"item\":\"https:\\\/\\\/shrimataji.org\\\/test\\\/uk\\\/home-en\\\/\"},{\"@type\":\"ListItem\",\"position\":2,\"name\":\"Samh\u00e4llsomvandling\"}]},{\"@type\":\"WebSite\",\"@id\":\"https:\\\/\\\/shrimataji.org\\\/test\\\/#website\",\"url\":\"https:\\\/\\\/shrimataji.org\\\/test\\\/\",\"name\":\"Shri Mataji Nirmala Devi\",\"description\":\"A Life Dedicated to Humanity\",\"publisher\":{\"@id\":\"https:\\\/\\\/shrimataji.org\\\/test\\\/#\\\/schema\\\/person\\\/a1b3419c6585f164aa96da1ff85715d1\"},\"potentialAction\":[{\"@type\":\"SearchAction\",\"target\":{\"@type\":\"EntryPoint\",\"urlTemplate\":\"https:\\\/\\\/shrimataji.org\\\/test\\\/?s={search_term_string}\"},\"query-input\":{\"@type\":\"PropertyValueSpecification\",\"valueRequired\":true,\"valueName\":\"search_term_string\"}}],\"inLanguage\":\"en-US\"},{\"@type\":[\"Person\",\"Organization\"],\"@id\":\"https:\\\/\\\/shrimataji.org\\\/test\\\/#\\\/schema\\\/person\\\/a1b3419c6585f164aa96da1ff85715d1\",\"name\":\"Nirmala Shrivastava\",\"image\":{\"@type\":\"ImageObject\",\"inLanguage\":\"en-US\",\"@id\":\"https:\\\/\\\/shrimataji.org\\\/test\\\/wp-content\\\/uploads\\\/2023\\\/02\\\/SMO_LOGO-03.svg\",\"url\":\"https:\\\/\\\/shrimataji.org\\\/test\\\/wp-content\\\/uploads\\\/2023\\\/02\\\/SMO_LOGO-03.svg\",\"contentUrl\":\"https:\\\/\\\/shrimataji.org\\\/test\\\/wp-content\\\/uploads\\\/2023\\\/02\\\/SMO_LOGO-03.svg\",\"width\":\"1024\",\"height\":\"1024\",\"caption\":\"Nirmala Shrivastava\"},\"logo\":{\"@id\":\"https:\\\/\\\/shrimataji.org\\\/test\\\/wp-content\\\/uploads\\\/2023\\\/02\\\/SMO_LOGO-03.svg\"},\"sameAs\":[\"https:\\\/\\\/shrimataji.org\\\/test\",\"https:\\\/\\\/www.facebook.com\\\/shrimataji\",\"https:\\\/\\\/x.com\\\/shrimataji\",\"https:\\\/\\\/www.youtube.com\\\/@Shri_Mataji_Nirmala_Devi\\\/featured\"]}]}<\/script>\n<!-- \/ Yoast SEO plugin. -->","yoast_head_json":{"title":"Samh\u00e4llsomvandling - TEST - SMND","robots":{"index":"noindex","follow":"follow","max-snippet":"max-snippet:-1","max-image-preview":"max-image-preview:large","max-video-preview":"max-video-preview:-1"},"og_locale":"en_US","og_type":"article","og_title":"Samh\u00e4llsomvandling - TEST - SMND","og_description":"Samh\u00e4llsomvandling Ett arbete med omtanke Shri Mataji v\u00e4xte upp i en familj d\u00e4r sj\u00e4lvuppoffring var viktigt. Hon \u00e4gnade sitt liv \u00e5t att arbeta med b\u00e5de samh\u00e4lls- och andliga projekt. Hon b\u00f6rjade tidigt att vara med i Indiens frihetskamp. Senare, som fru till en viktig indisk diplomat och mamma till tv\u00e5 d\u00f6ttrar, fortsatte hon att bry&hellip; Read more","og_url":"https:\/\/shrimataji.org\/test\/sv\/samhallsomvandling\/","og_site_name":"TEST - SMND","article_publisher":"https:\/\/www.facebook.com\/shrimataji","article_modified_time":"2026-01-06T16:32:37+00:00","og_image":[{"width":990,"height":350,"url":"https:\/\/shrimataji.org\/test\/wp-content\/uploads\/2018\/07\/media_originals\/images\/headers-general\/shri-mataji-arrival-in-rome-may-1985.jpg","type":"image\/jpeg"}],"twitter_card":"summary_large_image","twitter_site":"@shrimataji","twitter_misc":{"Est. reading time":"3 minutes"},"schema":{"@context":"https:\/\/schema.org","@graph":[{"@type":"WebPage","@id":"https:\/\/shrimataji.org\/test\/sv\/samhallsomvandling\/","url":"https:\/\/shrimataji.org\/test\/sv\/samhallsomvandling\/","name":"Samh\u00e4llsomvandling - TEST - SMND","isPartOf":{"@id":"https:\/\/shrimataji.org\/test\/#website"},"primaryImageOfPage":{"@id":"https:\/\/shrimataji.org\/test\/sv\/samhallsomvandling\/#primaryimage"},"image":{"@id":"https:\/\/shrimataji.org\/test\/sv\/samhallsomvandling\/#primaryimage"},"thumbnailUrl":"https:\/\/shrimataji.org\/test\/wp-content\/uploads\/2018\/07\/media_originals\/images\/headers-general\/shri-mataji-arrival-in-rome-may-1985.jpg","datePublished":"2018-07-10T06:54:42+00:00","dateModified":"2026-01-06T16:32:37+00:00","breadcrumb":{"@id":"https:\/\/shrimataji.org\/test\/sv\/samhallsomvandling\/#breadcrumb"},"inLanguage":"en-US","potentialAction":[{"@type":"ReadAction","target":["https:\/\/shrimataji.org\/test\/sv\/samhallsomvandling\/"]}]},{"@type":"ImageObject","inLanguage":"en-US","@id":"https:\/\/shrimataji.org\/test\/sv\/samhallsomvandling\/#primaryimage","url":"https:\/\/shrimataji.org\/test\/wp-content\/uploads\/2018\/07\/media_originals\/images\/headers-general\/shri-mataji-arrival-in-rome-may-1985.jpg","contentUrl":"https:\/\/shrimataji.org\/test\/wp-content\/uploads\/2018\/07\/media_originals\/images\/headers-general\/shri-mataji-arrival-in-rome-may-1985.jpg","width":990,"height":350},{"@type":"BreadcrumbList","@id":"https:\/\/shrimataji.org\/test\/sv\/samhallsomvandling\/#breadcrumb","itemListElement":[{"@type":"ListItem","position":1,"name":"Home","item":"https:\/\/shrimataji.org\/test\/uk\/home-en\/"},{"@type":"ListItem","position":2,"name":"Samh\u00e4llsomvandling"}]},{"@type":"WebSite","@id":"https:\/\/shrimataji.org\/test\/#website","url":"https:\/\/shrimataji.org\/test\/","name":"Shri Mataji Nirmala Devi","description":"A Life Dedicated to Humanity","publisher":{"@id":"https:\/\/shrimataji.org\/test\/#\/schema\/person\/a1b3419c6585f164aa96da1ff85715d1"},"potentialAction":[{"@type":"SearchAction","target":{"@type":"EntryPoint","urlTemplate":"https:\/\/shrimataji.org\/test\/?s={search_term_string}"},"query-input":{"@type":"PropertyValueSpecification","valueRequired":true,"valueName":"search_term_string"}}],"inLanguage":"en-US"},{"@type":["Person","Organization"],"@id":"https:\/\/shrimataji.org\/test\/#\/schema\/person\/a1b3419c6585f164aa96da1ff85715d1","name":"Nirmala Shrivastava","image":{"@type":"ImageObject","inLanguage":"en-US","@id":"https:\/\/shrimataji.org\/test\/wp-content\/uploads\/2023\/02\/SMO_LOGO-03.svg","url":"https:\/\/shrimataji.org\/test\/wp-content\/uploads\/2023\/02\/SMO_LOGO-03.svg","contentUrl":"https:\/\/shrimataji.org\/test\/wp-content\/uploads\/2023\/02\/SMO_LOGO-03.svg","width":"1024","height":"1024","caption":"Nirmala Shrivastava"},"logo":{"@id":"https:\/\/shrimataji.org\/test\/wp-content\/uploads\/2023\/02\/SMO_LOGO-03.svg"},"sameAs":["https:\/\/shrimataji.org\/test","https:\/\/www.facebook.com\/shrimataji","https:\/\/x.com\/shrimataji","https:\/\/www.youtube.com\/@Shri_Mataji_Nirmala_Devi\/featured"]}]}},"lang":"sv","translations":{"sv":23070,"ur":37508,"en":392,"pa":25922,"gu":25525,"th":20067,"hu":19570,"sq":18482,"zh":17379,"tr":10214,"pt":10422,"de":10696,"fr":10794,"it":10892,"es":10989,"ja":11287,"ru":11475,"bn":11666,"te":11774,"sw":11897,"he":12045,"el":12337,"sk":12435,"fa":12533,"fi":12631,"bg":13465,"ro":14537,"cs":14730,"nl":16642,"ku":16802,"ar":16978,"be":18689,"kn":18963,"mr":20431,"uk":20725,"ml":21020,"ta":22801,"bs":27298,"fil":29519,"sd":31012,"da":37816,"pl":38026,"nn":38368},"pll_sync_post":[],"_links":{"self":[{"href":"https:\/\/shrimataji.org\/test\/wp-json\/wp\/v2\/pages\/23070","targetHints":{"allow":["GET"]}}],"collection":[{"href":"https:\/\/shrimataji.org\/test\/wp-json\/wp\/v2\/pages"}],"about":[{"href":"https:\/\/shrimataji.org\/test\/wp-json\/wp\/v2\/types\/page"}],"author":[{"embeddable":true,"href":"https:\/\/shrimataji.org\/test\/wp-json\/wp\/v2\/users\/58"}],"replies":[{"embeddable":true,"href":"https:\/\/shrimataji.org\/test\/wp-json\/wp\/v2\/comments?post=23070"}],"version-history":[{"count":0,"href":"https:\/\/shrimataji.org\/test\/wp-json\/wp\/v2\/pages\/23070\/revisions"}],"wp:featuredmedia":[{"embeddable":true,"href":"https:\/\/shrimataji.org\/test\/wp-json\/wp\/v2\/media\/23071"}],"wp:attachment":[{"href":"https:\/\/shrimataji.org\/test\/wp-json\/wp\/v2\/media?parent=23070"}],"curies":[{"name":"wp","href":"https:\/\/api.w.org\/{rel}","templated":true}]}}