{"id":23072,"date":"2020-04-13T17:41:10","date_gmt":"2020-04-13T17:41:10","guid":{"rendered":"https:\/\/testwordpress.nirmalnagari.org\/smnd\/?page_id=3082"},"modified":"2026-01-06T13:09:27","modified_gmt":"2026-01-06T13:09:27","slug":"folkmassorna-upplever-ett-andligt-uppvaknande","status":"publish","type":"page","link":"https:\/\/shrimataji.org\/test\/sv\/folkmassorna-upplever-ett-andligt-uppvaknande\/","title":{"rendered":"Folkmassorna upplever ett andligt uppvaknande"},"content":{"rendered":"\n\n\t<h1>Folkmassorna upplever ett andligt uppvaknande<\/h1>\n<h2>En revolutionerande f\u00f6r\u00e4ndring mot global upplysning<\/h2>\n\t<h4>Shri Mataji f\u00f6ddes i en kristen familj d\u00e4r v\u00e4rldens alla religioner var respekterade.. Hennes far, Prasad K. Salve, var intresserad av teologi och uppmuntrade sina barn att l\u00e4ra sig om de olika stora religionerna. Han trodde att enhet mellan m\u00e4nniskor kunde uppn\u00e5s genom andlig upplysning, vilket skulle stoppa de konflikter som orsakats av religioner under tusentals \u00e5r<\/h4>\n<p>Shri Matajis f\u00f6r\u00e4ldrar inspirerades av Mahatma Gandhis id\u00e9er om fredligt motst\u00e5nd och deltog aktivt i hans r\u00f6relse f\u00f6r Indiens sj\u00e4lvst\u00e4ndighet <a href=\"#citation-note-1\"><sup>[1]<\/sup><\/a>. Som ung flicka i Gandhis ashram umgicks Shri Mataji med hinduer, sikher, kristna och muslimer, alla f\u00f6renade i kampen f\u00f6r frihet. Under delningen av Indien, n\u00e4r landet pl\u00e5gades av sekteristiskt v\u00e5ld, gav Shri Mataji och hennes familj skydd \u00e5t dem som flydde konflikten, oavsett religion<\/p>\n<p>Efter att ha upplevt sv\u00e5ra tider ins\u00e5g Shri Mataji att politisk frihet inte var den enda l\u00f6sningen. Hon ville bidra till m\u00e4nsklighetens andliga f\u00f6r\u00e4ndring. Hon inv\u00e4ntade sin tid och ber\u00e4ttade f\u00f6r sin man, C.P. Srivastava, att hon skulle b\u00f6rja sitt verkliga uppdrag n\u00e4r deras barn blivit vuxna och flyttat hemifr\u00e5n<\/p>\n<p>Det var allts\u00e5 inte f\u00f6rr\u00e4n 1970 som Shri Mataji \u00e4ntligen k\u00e4nde att det var dags att b\u00f6rja sitt verkliga uppdrag p\u00e5 jorden. Hon hade redan studerat m\u00e4nniskor och deras problem och visste att de verkliga svaren l\u00e5g i deras andliga uppvaknande, en potential som bara v\u00e4ntade p\u00e5 att utl\u00f6sas. Hon var medveten om att religioner, \u00e4ven om de var baserade p\u00e5 sanna profeters l\u00e4ror, inte kunde leverera detta andliga uppvaknande i m\u00e4nskligt medvetande.En kv\u00e4ll, efter att ha blivit frustrerad \u00f6ver falska gurus i Indien som lurade m\u00e4nniskor, best\u00e4mde hon sig f\u00f6r att agera. Den 5 maj 1970, tidigt p\u00e5 morgonen, mediterade hon p\u00e5 en strand och k\u00e4nde uppvaknandet av skapelsens urkraft inom sig. Denna djupa upplevelse gav henne de svar hon s\u00f6kte om hur man v\u00e4cker medvetenheten om den eviga Anden hos dem som s\u00f6ker sanningen. Detta \u00f6gonblick markerade <a href=\"https:\/\/shrimataji.org\/test\/sv\/ett-avgorande-ogonblick\/\">en viktig v\u00e4ndpunkt<\/a> i hennes liv och ledde till hennes grundandet av en teknik, <a href=\"https:\/\/shrimataji.org\/test\/sv\/sahaja-yoga\/\">Sahaja Yoga<\/a>, som handlar om f\u00f6reningen med den gudomliga kraften som finns inom varje m\u00e4nniska, men som de ofta \u00e4r omedvetna om.<\/p>\n\t<p>Sahaja Yoga \u00e4r en enkel och l\u00e4tt form av meditation, som v\u00e4cker den subtila men kraftfulla andliga energin som finns inom varje m\u00e4nniska. Detta sanningingens \u00f6gonblick \u00e4r k\u00e4nt som <a href=\"https:\/\/shrimataji.org\/test\/sv\/sjalvupplysning-och-meditation\/\">sj\u00e4lvupplysning<\/a>: det sv\u00e5rf\u00e5ngade m\u00e5let f\u00f6r religi\u00f6sa mystiker \u00f6ver hela v\u00e4rlden sedan urminnes tider.<\/p>\n\t<div class=\"su-quote su-quote-style-default\"><div class=\"su-quote-inner su-u-clearfix su-u-trim\">Det finns en subtil levande kraft som \u00e4r den gudomliga k\u00e4rleken som g\u00f6r allt levande arbete.<\/div><\/div>\n\t<p>Shri Mataji f\u00f6rklarade att sj\u00e4lvupplysning \u00e4r n\u00e5got som kan uppn\u00e5s h\u00e4r och nu, i motsats till ett avl\u00e4gset m\u00e5l som endast kan n\u00e5s genom en livstid av bot och uppoffring. P\u00e5 sina offentliga program sa hon alltid &#8220;du \u00e4r din egen m\u00e4stare&#8221;, och betonade att var och en av oss m\u00e5ste vara v\u00e5r egen l\u00e4rare, f\u00f6rlita oss p\u00e5 v\u00e5r egen direkta erfarenhet av sanningen och inte vara beroende av en mellanhand som leder oss till v\u00e5r upplysning. Dessutom gjorde Shri Mataji alltid klart att det hon sa var en hypotes om att m\u00e4nniskor borde testa sj\u00e4lva, och att blind tro inte leder en vart.<\/p>\n<p>Shri Mataji menade att sann religion inte \u00e4r baserad p\u00e5 dogmer och hierarki, utan snarare p\u00e5 en absolut kunskap om jaget som Ande. Som hon uttryckte det, &#8220;alla religioner har kommit ur ett och samma livstr\u00e4d, som \u00e4r andlighet&#8230; Religion \u00e4r till f\u00f6r att ge dig frid, gl\u00e4dje, lycka&#8230; Det \u00e4r ingen skillnad (mellan dem) \u00f6verhuvudtaget &#8211; men (n\u00e4r) du inte k\u00e4nner dig sj\u00e4lv; hur kand du vet n\u00e5got om religion? S\u00e5 det \u00e4r viktigt att du f\u00f6rst och fr\u00e4mst k\u00e4nner dig sj\u00e4lv.&#8221; N\u00e4r du k\u00e4nner dig sj\u00e4lv som en andlig varelse, &#8220;&#8230;du kommer att f\u00f6rst\u00e5 vilken religion du \u00e4n f\u00f6ljer&#8230;(och)&#8230;storheten hos alla dessa profeter och gurus&#8230;&#8221;.<\/p>\n<p>Shri Mataji kan beskrivas som en &#8220;andlig moder&#8221; mer \u00e4n en guru eller en l\u00e4rare,och drevs av medk\u00e4nsla, k\u00e4rlek och oro f\u00f6r hela m\u00e4nsklighetens v\u00e4lbefinnande och utveckling. Tack vare sin vision och outtr\u00f6ttliga anstr\u00e4ngning har Sahaja Yoga etablerats i \u00f6ver hundra l\u00e4nder och miljontals m\u00e4nniskor har uppn\u00e5tt balans och tillfredsst\u00e4llelse i sina liv. Vissa har \u00f6vervunnit allvarliga psykiska och fysiska funktionshinder genom upplevelsen av sj\u00e4lvupplysning och regelbundet ut\u00f6vande av <a href=\"https:\/\/shrimataji.org\/test\/sv\/sahaja-yoga-meditation\/\">Sahaja Yoga Meditation<\/a>.<\/p>\n\t<p>&nbsp;<\/p>\n<hr \/>\n<p><a name=\"citation-note-1\"><\/a><\/p>\n<h3>1. ^ En civil olydnadsr\u00f6relse lanserad av MK Gandhi och den indiska nationalkongressen i augusti 1942, som uppmanade till beslutsamt men passivt motst\u00e5nd mot det brittiska styret och f\u00f6r &#8220;ett ordnat brittiskt tillbakadragande&#8221; fr\u00e5n Indien (wikipedia, den fria encyklopedin).<\/h3>\n\n","protected":false},"excerpt":{"rendered":"<p>Folkmassorna upplever ett andligt uppvaknande En revolutionerande f\u00f6r\u00e4ndring mot global upplysning Shri Mataji f\u00f6ddes i en kristen familj d\u00e4r v\u00e4rldens alla religioner var respekterade.. Hennes far, Prasad K. Salve, var intresserad av teologi och uppmuntrade sina barn att l\u00e4ra sig om de olika stora religionerna. Han trodde att enhet mellan m\u00e4nniskor kunde uppn\u00e5s genom andlig&hellip; <br \/> <a class=\"read-more\" href=\"https:\/\/shrimataji.org\/test\/sv\/folkmassorna-upplever-ett-andligt-uppvaknande\/\">Read more<\/a><\/p>\n","protected":false},"author":58,"featured_media":22980,"parent":0,"menu_order":0,"comment_status":"closed","ping_status":"closed","template":"","meta":{"inline_featured_image":false,"footnotes":""},"class_list":["post-23072","page","type-page","status-publish","has-post-thumbnail","hentry"],"yoast_head":"<!-- This site is optimized with the Yoast SEO plugin v27.4 - https:\/\/yoast.com\/product\/yoast-seo-wordpress\/ -->\n<title>Folkmassorna upplever ett andligt uppvaknande - TEST - SMND<\/title>\n<meta name=\"robots\" content=\"noindex, follow, max-snippet:-1, max-image-preview:large, max-video-preview:-1\" \/>\n<meta property=\"og:locale\" content=\"en_US\" \/>\n<meta property=\"og:type\" content=\"article\" \/>\n<meta property=\"og:title\" content=\"Folkmassorna upplever ett andligt uppvaknande - TEST - SMND\" \/>\n<meta property=\"og:description\" content=\"Folkmassorna upplever ett andligt uppvaknande En revolutionerande f\u00f6r\u00e4ndring mot global upplysning Shri Mataji f\u00f6ddes i en kristen familj d\u00e4r v\u00e4rldens alla religioner var respekterade.. Hennes far, Prasad K. Salve, var intresserad av teologi och uppmuntrade sina barn att l\u00e4ra sig om de olika stora religionerna. Han trodde att enhet mellan m\u00e4nniskor kunde uppn\u00e5s genom andlig&hellip; Read more\" \/>\n<meta property=\"og:url\" content=\"https:\/\/shrimataji.org\/test\/sv\/folkmassorna-upplever-ett-andligt-uppvaknande\/\" \/>\n<meta property=\"og:site_name\" content=\"TEST - SMND\" \/>\n<meta property=\"article:publisher\" content=\"https:\/\/www.facebook.com\/shrimataji\" \/>\n<meta property=\"article:modified_time\" content=\"2026-01-06T13:09:27+00:00\" \/>\n<meta property=\"og:image\" content=\"https:\/\/shrimataji.org\/test\/wp-content\/uploads\/2018\/07\/media_originals\/images\/headers-people\/shri-mataji-nirmala-devi-with-village-people-in-india.jpg\" \/>\n\t<meta property=\"og:image:width\" content=\"990\" \/>\n\t<meta property=\"og:image:height\" content=\"350\" \/>\n\t<meta property=\"og:image:type\" content=\"image\/jpeg\" \/>\n<meta name=\"twitter:card\" content=\"summary_large_image\" \/>\n<meta name=\"twitter:site\" content=\"@shrimataji\" \/>\n<script type=\"application\/ld+json\" class=\"yoast-schema-graph\">{\"@context\":\"https:\\\/\\\/schema.org\",\"@graph\":[{\"@type\":\"WebPage\",\"@id\":\"https:\\\/\\\/shrimataji.org\\\/test\\\/sv\\\/folkmassorna-upplever-ett-andligt-uppvaknande\\\/\",\"url\":\"https:\\\/\\\/shrimataji.org\\\/test\\\/sv\\\/folkmassorna-upplever-ett-andligt-uppvaknande\\\/\",\"name\":\"Folkmassorna upplever ett andligt uppvaknande - TEST - SMND\",\"isPartOf\":{\"@id\":\"https:\\\/\\\/shrimataji.org\\\/test\\\/#website\"},\"primaryImageOfPage\":{\"@id\":\"https:\\\/\\\/shrimataji.org\\\/test\\\/sv\\\/folkmassorna-upplever-ett-andligt-uppvaknande\\\/#primaryimage\"},\"image\":{\"@id\":\"https:\\\/\\\/shrimataji.org\\\/test\\\/sv\\\/folkmassorna-upplever-ett-andligt-uppvaknande\\\/#primaryimage\"},\"thumbnailUrl\":\"https:\\\/\\\/shrimataji.org\\\/test\\\/wp-content\\\/uploads\\\/2018\\\/07\\\/media_originals\\\/images\\\/headers-people\\\/shri-mataji-nirmala-devi-with-village-people-in-india.jpg\",\"datePublished\":\"2020-04-13T17:41:10+00:00\",\"dateModified\":\"2026-01-06T13:09:27+00:00\",\"breadcrumb\":{\"@id\":\"https:\\\/\\\/shrimataji.org\\\/test\\\/sv\\\/folkmassorna-upplever-ett-andligt-uppvaknande\\\/#breadcrumb\"},\"inLanguage\":\"en-US\",\"potentialAction\":[{\"@type\":\"ReadAction\",\"target\":[\"https:\\\/\\\/shrimataji.org\\\/test\\\/sv\\\/folkmassorna-upplever-ett-andligt-uppvaknande\\\/\"]}]},{\"@type\":\"ImageObject\",\"inLanguage\":\"en-US\",\"@id\":\"https:\\\/\\\/shrimataji.org\\\/test\\\/sv\\\/folkmassorna-upplever-ett-andligt-uppvaknande\\\/#primaryimage\",\"url\":\"https:\\\/\\\/shrimataji.org\\\/test\\\/wp-content\\\/uploads\\\/2018\\\/07\\\/media_originals\\\/images\\\/headers-people\\\/shri-mataji-nirmala-devi-with-village-people-in-india.jpg\",\"contentUrl\":\"https:\\\/\\\/shrimataji.org\\\/test\\\/wp-content\\\/uploads\\\/2018\\\/07\\\/media_originals\\\/images\\\/headers-people\\\/shri-mataji-nirmala-devi-with-village-people-in-india.jpg\",\"width\":990,\"height\":350},{\"@type\":\"BreadcrumbList\",\"@id\":\"https:\\\/\\\/shrimataji.org\\\/test\\\/sv\\\/folkmassorna-upplever-ett-andligt-uppvaknande\\\/#breadcrumb\",\"itemListElement\":[{\"@type\":\"ListItem\",\"position\":1,\"name\":\"Home\",\"item\":\"https:\\\/\\\/shrimataji.org\\\/test\\\/uk\\\/home-en\\\/\"},{\"@type\":\"ListItem\",\"position\":2,\"name\":\"Folkmassorna upplever ett andligt uppvaknande\"}]},{\"@type\":\"WebSite\",\"@id\":\"https:\\\/\\\/shrimataji.org\\\/test\\\/#website\",\"url\":\"https:\\\/\\\/shrimataji.org\\\/test\\\/\",\"name\":\"Shri Mataji Nirmala Devi\",\"description\":\"A Life Dedicated to Humanity\",\"publisher\":{\"@id\":\"https:\\\/\\\/shrimataji.org\\\/test\\\/#\\\/schema\\\/person\\\/a1b3419c6585f164aa96da1ff85715d1\"},\"potentialAction\":[{\"@type\":\"SearchAction\",\"target\":{\"@type\":\"EntryPoint\",\"urlTemplate\":\"https:\\\/\\\/shrimataji.org\\\/test\\\/?s={search_term_string}\"},\"query-input\":{\"@type\":\"PropertyValueSpecification\",\"valueRequired\":true,\"valueName\":\"search_term_string\"}}],\"inLanguage\":\"en-US\"},{\"@type\":[\"Person\",\"Organization\"],\"@id\":\"https:\\\/\\\/shrimataji.org\\\/test\\\/#\\\/schema\\\/person\\\/a1b3419c6585f164aa96da1ff85715d1\",\"name\":\"Nirmala Shrivastava\",\"image\":{\"@type\":\"ImageObject\",\"inLanguage\":\"en-US\",\"@id\":\"https:\\\/\\\/shrimataji.org\\\/test\\\/wp-content\\\/uploads\\\/2023\\\/02\\\/SMO_LOGO-03.svg\",\"url\":\"https:\\\/\\\/shrimataji.org\\\/test\\\/wp-content\\\/uploads\\\/2023\\\/02\\\/SMO_LOGO-03.svg\",\"contentUrl\":\"https:\\\/\\\/shrimataji.org\\\/test\\\/wp-content\\\/uploads\\\/2023\\\/02\\\/SMO_LOGO-03.svg\",\"width\":\"1024\",\"height\":\"1024\",\"caption\":\"Nirmala Shrivastava\"},\"logo\":{\"@id\":\"https:\\\/\\\/shrimataji.org\\\/test\\\/wp-content\\\/uploads\\\/2023\\\/02\\\/SMO_LOGO-03.svg\"},\"sameAs\":[\"https:\\\/\\\/shrimataji.org\\\/test\",\"https:\\\/\\\/www.facebook.com\\\/shrimataji\",\"https:\\\/\\\/x.com\\\/shrimataji\",\"https:\\\/\\\/www.youtube.com\\\/@Shri_Mataji_Nirmala_Devi\\\/featured\"]}]}<\/script>\n<!-- \/ Yoast SEO plugin. -->","yoast_head_json":{"title":"Folkmassorna upplever ett andligt uppvaknande - TEST - SMND","robots":{"index":"noindex","follow":"follow","max-snippet":"max-snippet:-1","max-image-preview":"max-image-preview:large","max-video-preview":"max-video-preview:-1"},"og_locale":"en_US","og_type":"article","og_title":"Folkmassorna upplever ett andligt uppvaknande - TEST - SMND","og_description":"Folkmassorna upplever ett andligt uppvaknande En revolutionerande f\u00f6r\u00e4ndring mot global upplysning Shri Mataji f\u00f6ddes i en kristen familj d\u00e4r v\u00e4rldens alla religioner var respekterade.. Hennes far, Prasad K. Salve, var intresserad av teologi och uppmuntrade sina barn att l\u00e4ra sig om de olika stora religionerna. Han trodde att enhet mellan m\u00e4nniskor kunde uppn\u00e5s genom andlig&hellip; Read more","og_url":"https:\/\/shrimataji.org\/test\/sv\/folkmassorna-upplever-ett-andligt-uppvaknande\/","og_site_name":"TEST - SMND","article_publisher":"https:\/\/www.facebook.com\/shrimataji","article_modified_time":"2026-01-06T13:09:27+00:00","og_image":[{"width":990,"height":350,"url":"https:\/\/shrimataji.org\/test\/wp-content\/uploads\/2018\/07\/media_originals\/images\/headers-people\/shri-mataji-nirmala-devi-with-village-people-in-india.jpg","type":"image\/jpeg"}],"twitter_card":"summary_large_image","twitter_site":"@shrimataji","schema":{"@context":"https:\/\/schema.org","@graph":[{"@type":"WebPage","@id":"https:\/\/shrimataji.org\/test\/sv\/folkmassorna-upplever-ett-andligt-uppvaknande\/","url":"https:\/\/shrimataji.org\/test\/sv\/folkmassorna-upplever-ett-andligt-uppvaknande\/","name":"Folkmassorna upplever ett andligt uppvaknande - TEST - SMND","isPartOf":{"@id":"https:\/\/shrimataji.org\/test\/#website"},"primaryImageOfPage":{"@id":"https:\/\/shrimataji.org\/test\/sv\/folkmassorna-upplever-ett-andligt-uppvaknande\/#primaryimage"},"image":{"@id":"https:\/\/shrimataji.org\/test\/sv\/folkmassorna-upplever-ett-andligt-uppvaknande\/#primaryimage"},"thumbnailUrl":"https:\/\/shrimataji.org\/test\/wp-content\/uploads\/2018\/07\/media_originals\/images\/headers-people\/shri-mataji-nirmala-devi-with-village-people-in-india.jpg","datePublished":"2020-04-13T17:41:10+00:00","dateModified":"2026-01-06T13:09:27+00:00","breadcrumb":{"@id":"https:\/\/shrimataji.org\/test\/sv\/folkmassorna-upplever-ett-andligt-uppvaknande\/#breadcrumb"},"inLanguage":"en-US","potentialAction":[{"@type":"ReadAction","target":["https:\/\/shrimataji.org\/test\/sv\/folkmassorna-upplever-ett-andligt-uppvaknande\/"]}]},{"@type":"ImageObject","inLanguage":"en-US","@id":"https:\/\/shrimataji.org\/test\/sv\/folkmassorna-upplever-ett-andligt-uppvaknande\/#primaryimage","url":"https:\/\/shrimataji.org\/test\/wp-content\/uploads\/2018\/07\/media_originals\/images\/headers-people\/shri-mataji-nirmala-devi-with-village-people-in-india.jpg","contentUrl":"https:\/\/shrimataji.org\/test\/wp-content\/uploads\/2018\/07\/media_originals\/images\/headers-people\/shri-mataji-nirmala-devi-with-village-people-in-india.jpg","width":990,"height":350},{"@type":"BreadcrumbList","@id":"https:\/\/shrimataji.org\/test\/sv\/folkmassorna-upplever-ett-andligt-uppvaknande\/#breadcrumb","itemListElement":[{"@type":"ListItem","position":1,"name":"Home","item":"https:\/\/shrimataji.org\/test\/uk\/home-en\/"},{"@type":"ListItem","position":2,"name":"Folkmassorna upplever ett andligt uppvaknande"}]},{"@type":"WebSite","@id":"https:\/\/shrimataji.org\/test\/#website","url":"https:\/\/shrimataji.org\/test\/","name":"Shri Mataji Nirmala Devi","description":"A Life Dedicated to Humanity","publisher":{"@id":"https:\/\/shrimataji.org\/test\/#\/schema\/person\/a1b3419c6585f164aa96da1ff85715d1"},"potentialAction":[{"@type":"SearchAction","target":{"@type":"EntryPoint","urlTemplate":"https:\/\/shrimataji.org\/test\/?s={search_term_string}"},"query-input":{"@type":"PropertyValueSpecification","valueRequired":true,"valueName":"search_term_string"}}],"inLanguage":"en-US"},{"@type":["Person","Organization"],"@id":"https:\/\/shrimataji.org\/test\/#\/schema\/person\/a1b3419c6585f164aa96da1ff85715d1","name":"Nirmala Shrivastava","image":{"@type":"ImageObject","inLanguage":"en-US","@id":"https:\/\/shrimataji.org\/test\/wp-content\/uploads\/2023\/02\/SMO_LOGO-03.svg","url":"https:\/\/shrimataji.org\/test\/wp-content\/uploads\/2023\/02\/SMO_LOGO-03.svg","contentUrl":"https:\/\/shrimataji.org\/test\/wp-content\/uploads\/2023\/02\/SMO_LOGO-03.svg","width":"1024","height":"1024","caption":"Nirmala Shrivastava"},"logo":{"@id":"https:\/\/shrimataji.org\/test\/wp-content\/uploads\/2023\/02\/SMO_LOGO-03.svg"},"sameAs":["https:\/\/shrimataji.org\/test","https:\/\/www.facebook.com\/shrimataji","https:\/\/x.com\/shrimataji","https:\/\/www.youtube.com\/@Shri_Mataji_Nirmala_Devi\/featured"]}]}},"lang":"sv","translations":{"sv":23072,"ur":37510,"en":3082,"am":18083,"th":20070,"hu":19572,"sq":18484,"zh":17381,"tr":10215,"pt":10423,"de":10697,"fr":10795,"it":10893,"es":10990,"ja":11288,"ru":11476,"bn":11667,"te":11775,"sw":11898,"he":12046,"el":12338,"sk":12436,"fa":12534,"fi":12632,"bg":13430,"ro":14504,"cs":14697,"nl":16644,"ku":16804,"ar":16980,"be":18691,"kn":18965,"mr":20434,"uk":20728,"ml":21023,"ta":22803,"gu":28906,"pa":29066,"fil":29521,"da":37818,"pl":38028,"nn":38370},"pll_sync_post":[],"_links":{"self":[{"href":"https:\/\/shrimataji.org\/test\/wp-json\/wp\/v2\/pages\/23072","targetHints":{"allow":["GET"]}}],"collection":[{"href":"https:\/\/shrimataji.org\/test\/wp-json\/wp\/v2\/pages"}],"about":[{"href":"https:\/\/shrimataji.org\/test\/wp-json\/wp\/v2\/types\/page"}],"author":[{"embeddable":true,"href":"https:\/\/shrimataji.org\/test\/wp-json\/wp\/v2\/users\/58"}],"replies":[{"embeddable":true,"href":"https:\/\/shrimataji.org\/test\/wp-json\/wp\/v2\/comments?post=23072"}],"version-history":[{"count":0,"href":"https:\/\/shrimataji.org\/test\/wp-json\/wp\/v2\/pages\/23072\/revisions"}],"wp:featuredmedia":[{"embeddable":true,"href":"https:\/\/shrimataji.org\/test\/wp-json\/wp\/v2\/media\/22980"}],"wp:attachment":[{"href":"https:\/\/shrimataji.org\/test\/wp-json\/wp\/v2\/media?parent=23072"}],"curies":[{"name":"wp","href":"https:\/\/api.w.org\/{rel}","templated":true}]}}