{"id":23073,"date":"2022-01-29T10:35:29","date_gmt":"2022-01-29T10:35:29","guid":{"rendered":"https:\/\/test.shrimataji.org\/?page_id=6416"},"modified":"2026-01-08T19:45:56","modified_gmt":"2026-01-08T19:45:56","slug":"sushumna-nadi-sv","status":"publish","type":"page","link":"https:\/\/shrimataji.org\/test\/sv\/sushumna-nadi-sv\/","title":{"rendered":"Sushumna Nadi SV"},"content":{"rendered":"\n\n\t<h1>Sushumna Nadi<\/h1>\n<h2>Balans &amp; Evolution<\/h2>\n\t<h4>Mittenkanalen, som heter Sushumna Nadi p\u00e5 sanskrit, b\u00f6rjar vid korsbenet l\u00e4ngst ner p\u00e5 ryggen d\u00e4r v\u00e5r <a href=\"https:\/\/shrimataji.org\/test\/sv\/kundalini\/\">Kundalini-energi<\/a> finns. Den g\u00e5r upp l\u00e4ngs ryggraden och m\u00f6ts med <a href=\"https:\/\/shrimataji.org\/test\/sv\/sahasrara-chakra\/\">Sahasrara-chakrat<\/a> p\u00e5 toppen av huvudet.<\/h4>\n<p>N\u00e4r mittenkanalen fungerar bra, hj\u00e4lper den oss att v\u00e4xa andligt. Den \u00e4r stark hos personer som f\u00f6rst\u00e5r sig sj\u00e4lva och f\u00f6ljer goda v\u00e4rderingar. Mittenkanalen hj\u00e4lper oss att forts\u00e4tta utvecklas och fokusera mer p\u00e5 livets djupare saker.<\/p>\n\t\t\t\t<a href=\"https:\/\/shrimataji.org\/test\/wp-content\/uploads\/2023\/02\/4_Sushumna-Nadi-01.png\"  target=\"_blank\" rel=\"noopener\"  itemprop=\"url\">\n\t\t\t\t<img decoding=\"async\" src=\"https:\/\/shrimataji.org\/test\/wp-content\/uploads\/2023\/02\/4_Sushumna-Nadi-01.png\" alt=\"4_Sushumna Nadi-01\" itemprop=\"image\" height=\"3403\" width=\"3214\" title=\"4_Sushumna Nadi-01\" onerror=\"this.style.display='none'\" loading=\"lazy\" \/>\n\t\t\t\t<\/a>\n\t\t<iframe loading=\"lazy\" title=\"Sushumna Nadi\" width=\"1920\" height=\"1080\" src=\"https:\/\/www.youtube.com\/embed\/1nBAQZ-X5Lk?feature=oembed\" frameborder=\"0\" allow=\"accelerometer; autoplay; clipboard-write; encrypted-media; gyroscope; picture-in-picture; web-share\" allowfullscreen><\/iframe>\t\n\t<p>Hela v\u00e5rt energisystem \u00e4r kopplat till Sahasrara-chakrat. D\u00e4rf\u00f6r \u00e4r det det viktigaste chakrat f\u00f6r v\u00e5r andliga utveckling. Det \u00e4r ocks\u00e5 chakrat d\u00e4r v\u00e5r Kundalini kan v\u00e4xa mest och ge oss en h\u00f6gre medvetenhet. Att rena mittenkanalen \u00e4r en viktig del av Sahaja Yoga. N\u00e4r mittenkanalen \u00e4r fri kan Kundalini l\u00e4tt stiga upp till Sahasrara-chakrat. N\u00e4r detta h\u00e4nder f\u00f6renas v\u00e5r Kundalini med den gudomliga energin som finns \u00f6verallt, kallad <a href=\"https:\/\/shrimataji.org\/test\/sv\/paramchaitanya\/\">Paramchaitanya<\/a>. Att Sushumna Nadi fungerar bra \u00e4r viktigt f\u00f6r att alla chakran och kanaler har en bra energibalans.<\/p>\n<p>\u00c4ven om det kan l\u00e5ta komplicerat, anv\u00e4nde Shri Mataji enkla exempel s\u00e5 att vanliga m\u00e4nniskor kan f\u00f6rst\u00e5 &#8220;yoga shastra&#8221; (som betyder kunskap om yoga p\u00e5 sanskrit). Kort sagt kan vi t\u00e4nka s\u00e5 h\u00e4r: Vi vill anv\u00e4nda v\u00e5ra v\u00e4nstra och h\u00f6gra energikanaler f\u00f6r att balansera v\u00e5ra k\u00e4nslor, \u00f6nskningar och handlingar n\u00e4r vi lever och njuter av livet. Ett balanserat och n\u00f6jt liv ger oss m\u00f6jlighet att anv\u00e4nda v\u00e5r tid bra genom att fokusera p\u00e5 det viktigaste med v\u00e5rt liv p\u00e5 jorden, att utvecklas till v\u00e5r h\u00f6gsta andliga potential. Genom att h\u00e5lla alla tre kanaler balanserade och fria f\u00e5r vi kraften att hantera v\u00e5rt liv och dess utmaningar enkelt. Vi upplever och njuter ocks\u00e5 av alla delar av livet p\u00e5 ett balanserat och mer meningsfullt s\u00e4tt.<\/p>\n\n","protected":false},"excerpt":{"rendered":"<p>Sushumna Nadi Balans &amp; Evolution Mittenkanalen, som heter Sushumna Nadi p\u00e5 sanskrit, b\u00f6rjar vid korsbenet l\u00e4ngst ner p\u00e5 ryggen d\u00e4r v\u00e5r Kundalini-energi finns. Den g\u00e5r upp l\u00e4ngs ryggraden och m\u00f6ts med Sahasrara-chakrat p\u00e5 toppen av huvudet. N\u00e4r mittenkanalen fungerar bra, hj\u00e4lper den oss att v\u00e4xa andligt. Den \u00e4r stark hos personer som f\u00f6rst\u00e5r sig sj\u00e4lva&hellip; <br \/> <a class=\"read-more\" href=\"https:\/\/shrimataji.org\/test\/sv\/sushumna-nadi-sv\/\">Read more<\/a><\/p>\n","protected":false},"author":1,"featured_media":23074,"parent":0,"menu_order":0,"comment_status":"closed","ping_status":"closed","template":"","meta":{"inline_featured_image":false,"footnotes":""},"class_list":["post-23073","page","type-page","status-publish","has-post-thumbnail","hentry"],"yoast_head":"<!-- This site is optimized with the Yoast SEO plugin v27.4 - https:\/\/yoast.com\/product\/yoast-seo-wordpress\/ -->\n<title>Sushumna Nadi SV - TEST - SMND<\/title>\n<meta name=\"robots\" content=\"noindex, follow, max-snippet:-1, max-image-preview:large, max-video-preview:-1\" \/>\n<meta property=\"og:locale\" content=\"en_US\" \/>\n<meta property=\"og:type\" content=\"article\" \/>\n<meta property=\"og:title\" content=\"Sushumna Nadi SV - TEST - SMND\" \/>\n<meta property=\"og:description\" content=\"Sushumna Nadi Balans &amp; Evolution Mittenkanalen, som heter Sushumna Nadi p\u00e5 sanskrit, b\u00f6rjar vid korsbenet l\u00e4ngst ner p\u00e5 ryggen d\u00e4r v\u00e5r Kundalini-energi finns. Den g\u00e5r upp l\u00e4ngs ryggraden och m\u00f6ts med Sahasrara-chakrat p\u00e5 toppen av huvudet. N\u00e4r mittenkanalen fungerar bra, hj\u00e4lper den oss att v\u00e4xa andligt. Den \u00e4r stark hos personer som f\u00f6rst\u00e5r sig sj\u00e4lva&hellip; Read more\" \/>\n<meta property=\"og:url\" content=\"https:\/\/shrimataji.org\/test\/sv\/sushumna-nadi-sv\/\" \/>\n<meta property=\"og:site_name\" content=\"TEST - SMND\" \/>\n<meta property=\"article:publisher\" content=\"https:\/\/www.facebook.com\/shrimataji\" \/>\n<meta property=\"article:modified_time\" content=\"2026-01-08T19:45:56+00:00\" \/>\n<meta property=\"og:image\" content=\"https:\/\/shrimataji.org\/test\/wp-content\/uploads\/2023\/03\/14_Banner-SY-Sushumna-scaled.jpg\" \/>\n\t<meta property=\"og:image:width\" content=\"2560\" \/>\n\t<meta property=\"og:image:height\" content=\"905\" \/>\n\t<meta property=\"og:image:type\" content=\"image\/jpeg\" \/>\n<meta name=\"twitter:card\" content=\"summary_large_image\" \/>\n<meta name=\"twitter:site\" content=\"@shrimataji\" \/>\n<meta name=\"twitter:label1\" content=\"Est. reading time\" \/>\n\t<meta name=\"twitter:data1\" content=\"2 minutes\" \/>\n<script type=\"application\/ld+json\" class=\"yoast-schema-graph\">{\"@context\":\"https:\\\/\\\/schema.org\",\"@graph\":[{\"@type\":\"WebPage\",\"@id\":\"https:\\\/\\\/shrimataji.org\\\/test\\\/sv\\\/sushumna-nadi-sv\\\/\",\"url\":\"https:\\\/\\\/shrimataji.org\\\/test\\\/sv\\\/sushumna-nadi-sv\\\/\",\"name\":\"Sushumna Nadi SV - TEST - SMND\",\"isPartOf\":{\"@id\":\"https:\\\/\\\/shrimataji.org\\\/test\\\/#website\"},\"primaryImageOfPage\":{\"@id\":\"https:\\\/\\\/shrimataji.org\\\/test\\\/sv\\\/sushumna-nadi-sv\\\/#primaryimage\"},\"image\":{\"@id\":\"https:\\\/\\\/shrimataji.org\\\/test\\\/sv\\\/sushumna-nadi-sv\\\/#primaryimage\"},\"thumbnailUrl\":\"https:\\\/\\\/shrimataji.org\\\/test\\\/wp-content\\\/uploads\\\/2023\\\/03\\\/14_Banner-SY-Sushumna-scaled.jpg\",\"datePublished\":\"2022-01-29T10:35:29+00:00\",\"dateModified\":\"2026-01-08T19:45:56+00:00\",\"breadcrumb\":{\"@id\":\"https:\\\/\\\/shrimataji.org\\\/test\\\/sv\\\/sushumna-nadi-sv\\\/#breadcrumb\"},\"inLanguage\":\"en-US\",\"potentialAction\":[{\"@type\":\"ReadAction\",\"target\":[\"https:\\\/\\\/shrimataji.org\\\/test\\\/sv\\\/sushumna-nadi-sv\\\/\"]}]},{\"@type\":\"ImageObject\",\"inLanguage\":\"en-US\",\"@id\":\"https:\\\/\\\/shrimataji.org\\\/test\\\/sv\\\/sushumna-nadi-sv\\\/#primaryimage\",\"url\":\"https:\\\/\\\/shrimataji.org\\\/test\\\/wp-content\\\/uploads\\\/2023\\\/03\\\/14_Banner-SY-Sushumna-scaled.jpg\",\"contentUrl\":\"https:\\\/\\\/shrimataji.org\\\/test\\\/wp-content\\\/uploads\\\/2023\\\/03\\\/14_Banner-SY-Sushumna-scaled.jpg\",\"width\":2560,\"height\":905},{\"@type\":\"BreadcrumbList\",\"@id\":\"https:\\\/\\\/shrimataji.org\\\/test\\\/sv\\\/sushumna-nadi-sv\\\/#breadcrumb\",\"itemListElement\":[{\"@type\":\"ListItem\",\"position\":1,\"name\":\"Home\",\"item\":\"https:\\\/\\\/shrimataji.org\\\/test\\\/uk\\\/home-en\\\/\"},{\"@type\":\"ListItem\",\"position\":2,\"name\":\"Sushumna Nadi SV\"}]},{\"@type\":\"WebSite\",\"@id\":\"https:\\\/\\\/shrimataji.org\\\/test\\\/#website\",\"url\":\"https:\\\/\\\/shrimataji.org\\\/test\\\/\",\"name\":\"Shri Mataji Nirmala Devi\",\"description\":\"A Life Dedicated to Humanity\",\"publisher\":{\"@id\":\"https:\\\/\\\/shrimataji.org\\\/test\\\/#\\\/schema\\\/person\\\/a1b3419c6585f164aa96da1ff85715d1\"},\"potentialAction\":[{\"@type\":\"SearchAction\",\"target\":{\"@type\":\"EntryPoint\",\"urlTemplate\":\"https:\\\/\\\/shrimataji.org\\\/test\\\/?s={search_term_string}\"},\"query-input\":{\"@type\":\"PropertyValueSpecification\",\"valueRequired\":true,\"valueName\":\"search_term_string\"}}],\"inLanguage\":\"en-US\"},{\"@type\":[\"Person\",\"Organization\"],\"@id\":\"https:\\\/\\\/shrimataji.org\\\/test\\\/#\\\/schema\\\/person\\\/a1b3419c6585f164aa96da1ff85715d1\",\"name\":\"Nirmala Shrivastava\",\"image\":{\"@type\":\"ImageObject\",\"inLanguage\":\"en-US\",\"@id\":\"https:\\\/\\\/shrimataji.org\\\/test\\\/wp-content\\\/uploads\\\/2023\\\/02\\\/SMO_LOGO-03.svg\",\"url\":\"https:\\\/\\\/shrimataji.org\\\/test\\\/wp-content\\\/uploads\\\/2023\\\/02\\\/SMO_LOGO-03.svg\",\"contentUrl\":\"https:\\\/\\\/shrimataji.org\\\/test\\\/wp-content\\\/uploads\\\/2023\\\/02\\\/SMO_LOGO-03.svg\",\"width\":\"1024\",\"height\":\"1024\",\"caption\":\"Nirmala Shrivastava\"},\"logo\":{\"@id\":\"https:\\\/\\\/shrimataji.org\\\/test\\\/wp-content\\\/uploads\\\/2023\\\/02\\\/SMO_LOGO-03.svg\"},\"sameAs\":[\"https:\\\/\\\/shrimataji.org\\\/test\",\"https:\\\/\\\/www.facebook.com\\\/shrimataji\",\"https:\\\/\\\/x.com\\\/shrimataji\",\"https:\\\/\\\/www.youtube.com\\\/@Shri_Mataji_Nirmala_Devi\\\/featured\"]}]}<\/script>\n<!-- \/ Yoast SEO plugin. -->","yoast_head_json":{"title":"Sushumna Nadi SV - TEST - SMND","robots":{"index":"noindex","follow":"follow","max-snippet":"max-snippet:-1","max-image-preview":"max-image-preview:large","max-video-preview":"max-video-preview:-1"},"og_locale":"en_US","og_type":"article","og_title":"Sushumna Nadi SV - TEST - SMND","og_description":"Sushumna Nadi Balans &amp; Evolution Mittenkanalen, som heter Sushumna Nadi p\u00e5 sanskrit, b\u00f6rjar vid korsbenet l\u00e4ngst ner p\u00e5 ryggen d\u00e4r v\u00e5r Kundalini-energi finns. Den g\u00e5r upp l\u00e4ngs ryggraden och m\u00f6ts med Sahasrara-chakrat p\u00e5 toppen av huvudet. N\u00e4r mittenkanalen fungerar bra, hj\u00e4lper den oss att v\u00e4xa andligt. Den \u00e4r stark hos personer som f\u00f6rst\u00e5r sig sj\u00e4lva&hellip; Read more","og_url":"https:\/\/shrimataji.org\/test\/sv\/sushumna-nadi-sv\/","og_site_name":"TEST - SMND","article_publisher":"https:\/\/www.facebook.com\/shrimataji","article_modified_time":"2026-01-08T19:45:56+00:00","og_image":[{"width":2560,"height":905,"url":"https:\/\/shrimataji.org\/test\/wp-content\/uploads\/2023\/03\/14_Banner-SY-Sushumna-scaled.jpg","type":"image\/jpeg"}],"twitter_card":"summary_large_image","twitter_site":"@shrimataji","twitter_misc":{"Est. reading time":"2 minutes"},"schema":{"@context":"https:\/\/schema.org","@graph":[{"@type":"WebPage","@id":"https:\/\/shrimataji.org\/test\/sv\/sushumna-nadi-sv\/","url":"https:\/\/shrimataji.org\/test\/sv\/sushumna-nadi-sv\/","name":"Sushumna Nadi SV - TEST - SMND","isPartOf":{"@id":"https:\/\/shrimataji.org\/test\/#website"},"primaryImageOfPage":{"@id":"https:\/\/shrimataji.org\/test\/sv\/sushumna-nadi-sv\/#primaryimage"},"image":{"@id":"https:\/\/shrimataji.org\/test\/sv\/sushumna-nadi-sv\/#primaryimage"},"thumbnailUrl":"https:\/\/shrimataji.org\/test\/wp-content\/uploads\/2023\/03\/14_Banner-SY-Sushumna-scaled.jpg","datePublished":"2022-01-29T10:35:29+00:00","dateModified":"2026-01-08T19:45:56+00:00","breadcrumb":{"@id":"https:\/\/shrimataji.org\/test\/sv\/sushumna-nadi-sv\/#breadcrumb"},"inLanguage":"en-US","potentialAction":[{"@type":"ReadAction","target":["https:\/\/shrimataji.org\/test\/sv\/sushumna-nadi-sv\/"]}]},{"@type":"ImageObject","inLanguage":"en-US","@id":"https:\/\/shrimataji.org\/test\/sv\/sushumna-nadi-sv\/#primaryimage","url":"https:\/\/shrimataji.org\/test\/wp-content\/uploads\/2023\/03\/14_Banner-SY-Sushumna-scaled.jpg","contentUrl":"https:\/\/shrimataji.org\/test\/wp-content\/uploads\/2023\/03\/14_Banner-SY-Sushumna-scaled.jpg","width":2560,"height":905},{"@type":"BreadcrumbList","@id":"https:\/\/shrimataji.org\/test\/sv\/sushumna-nadi-sv\/#breadcrumb","itemListElement":[{"@type":"ListItem","position":1,"name":"Home","item":"https:\/\/shrimataji.org\/test\/uk\/home-en\/"},{"@type":"ListItem","position":2,"name":"Sushumna Nadi SV"}]},{"@type":"WebSite","@id":"https:\/\/shrimataji.org\/test\/#website","url":"https:\/\/shrimataji.org\/test\/","name":"Shri Mataji Nirmala Devi","description":"A Life Dedicated to Humanity","publisher":{"@id":"https:\/\/shrimataji.org\/test\/#\/schema\/person\/a1b3419c6585f164aa96da1ff85715d1"},"potentialAction":[{"@type":"SearchAction","target":{"@type":"EntryPoint","urlTemplate":"https:\/\/shrimataji.org\/test\/?s={search_term_string}"},"query-input":{"@type":"PropertyValueSpecification","valueRequired":true,"valueName":"search_term_string"}}],"inLanguage":"en-US"},{"@type":["Person","Organization"],"@id":"https:\/\/shrimataji.org\/test\/#\/schema\/person\/a1b3419c6585f164aa96da1ff85715d1","name":"Nirmala Shrivastava","image":{"@type":"ImageObject","inLanguage":"en-US","@id":"https:\/\/shrimataji.org\/test\/wp-content\/uploads\/2023\/02\/SMO_LOGO-03.svg","url":"https:\/\/shrimataji.org\/test\/wp-content\/uploads\/2023\/02\/SMO_LOGO-03.svg","contentUrl":"https:\/\/shrimataji.org\/test\/wp-content\/uploads\/2023\/02\/SMO_LOGO-03.svg","width":"1024","height":"1024","caption":"Nirmala Shrivastava"},"logo":{"@id":"https:\/\/shrimataji.org\/test\/wp-content\/uploads\/2023\/02\/SMO_LOGO-03.svg"},"sameAs":["https:\/\/shrimataji.org\/test","https:\/\/www.facebook.com\/shrimataji","https:\/\/x.com\/shrimataji","https:\/\/www.youtube.com\/@Shri_Mataji_Nirmala_Devi\/featured"]}]}},"lang":"sv","translations":{"sv":23073,"ur":37511,"en":6416,"am":18085,"th":20073,"hu":19574,"sq":18486,"zh":17383,"hi":8315,"tr":10216,"pt":10424,"de":10698,"fr":10796,"it":10894,"es":10991,"ja":11289,"ru":11477,"bn":11668,"te":11776,"sw":11899,"he":12047,"el":12339,"sk":12437,"fa":12535,"fi":12633,"bg":13380,"ro":14454,"cs":14647,"nl":16645,"ku":16805,"ar":16981,"be":18693,"kn":18967,"mr":20437,"uk":20730,"ml":21025,"ta":22804,"gu":28908,"pa":29068,"fil":29522,"da":37819,"pl":38029,"nn":38371},"pll_sync_post":[],"_links":{"self":[{"href":"https:\/\/shrimataji.org\/test\/wp-json\/wp\/v2\/pages\/23073","targetHints":{"allow":["GET"]}}],"collection":[{"href":"https:\/\/shrimataji.org\/test\/wp-json\/wp\/v2\/pages"}],"about":[{"href":"https:\/\/shrimataji.org\/test\/wp-json\/wp\/v2\/types\/page"}],"author":[{"embeddable":true,"href":"https:\/\/shrimataji.org\/test\/wp-json\/wp\/v2\/users\/1"}],"replies":[{"embeddable":true,"href":"https:\/\/shrimataji.org\/test\/wp-json\/wp\/v2\/comments?post=23073"}],"version-history":[{"count":0,"href":"https:\/\/shrimataji.org\/test\/wp-json\/wp\/v2\/pages\/23073\/revisions"}],"wp:featuredmedia":[{"embeddable":true,"href":"https:\/\/shrimataji.org\/test\/wp-json\/wp\/v2\/media\/23074"}],"wp:attachment":[{"href":"https:\/\/shrimataji.org\/test\/wp-json\/wp\/v2\/media?parent=23073"}],"curies":[{"name":"wp","href":"https:\/\/api.w.org\/{rel}","templated":true}]}}