{"id":23075,"date":"2022-03-05T07:25:31","date_gmt":"2022-03-05T07:25:31","guid":{"rendered":"https:\/\/test.shrimataji.org\/?page_id=6484"},"modified":"2026-01-08T19:45:56","modified_gmt":"2026-01-08T19:45:56","slug":"swadhisthan-chakra-sv","status":"publish","type":"page","link":"https:\/\/shrimataji.org\/test\/sv\/swadhisthan-chakra-sv\/","title":{"rendered":"Swadhisthan Chakra SV"},"content":{"rendered":"\n\n\t<h1>Swadhisthan Chakra<\/h1>\n<h2>Intuition och kreativitet<\/h2>\n<h4>N\u00e4r vi blir \u00e4ldre, l\u00e4r vi oss mer fr\u00e5n v\u00e5r omgivning. Vi l\u00e4r oss nya saker hela tiden.<\/h4>\n<p>Det andra centret hj\u00e4lper oss att vara kreativa och fokuserade. Det g\u00f6r att vi f\u00f6rst\u00e5r saker p\u00e5 ett andligt s\u00e4tt. Det ger oss inspiration och l\u00e5ter oss se sk\u00f6nheten runt omkring oss. Denna f\u00f6rst\u00e5else \u00e4r inte mental utan vi upplever den. Vi kan k\u00e4nna det i v\u00e5ra fingertoppar, och det visar oss blockeringar. Detta center \u00e4r ocks\u00e5 d\u00e4r v\u00e5r uppm\u00e4rksamhet finns, vilket hj\u00e4lper oss att koncentrera oss.<\/p>\n\t<iframe loading=\"lazy\" title=\"Swadhisthan Chakra\" width=\"1920\" height=\"1080\" src=\"https:\/\/www.youtube.com\/embed\/f4ta5ak6nMg?feature=oembed\" frameborder=\"0\" allow=\"accelerometer; autoplay; clipboard-write; encrypted-media; gyroscope; picture-in-picture; web-share\" allowfullscreen><\/iframe>\n\t<strong>Plats<\/strong>:<strong><br \/>\n<\/strong>Swadhisthana finns ovanf\u00f6r korsbenet i nedre delen av ryggen. Detta chakra p\u00e5verkar hur v\u00e5r lever, njurar, mj\u00e4lte, bukspottk\u00f6rtel och reproduktionsorganen fungerar. Vi kan k\u00e4nna energin fr\u00e5n Swadhisthan-chakrat i v\u00e5ra tummar p\u00e5 b\u00e5da h\u00e4nderna.\n<strong>F\u00e4rg<\/strong>:<strong><br \/>\n<\/strong>Swadhisthan-chakrat har f\u00e4rgen gul. Det \u00e4r kopplat till eld, som \u00e4r renande.\n<p><strong>Swadhisthan Chakras egenskaper inkluderar:<\/strong><\/p>\n\u2022 Kreativitet<br \/>\n\u2022 Sk\u00f6nhet<br \/>\n\u2022 Inspiration<br \/>\n\u2022 Fokus<br \/>\n\u2022 Ren kunskap<br \/>\n\u2022 Andlig kunskap\n\t\t\t\t<a href=\"https:\/\/shrimataji.org\/test\/wp-content\/uploads\/2023\/02\/2-Swadhisthan-01.png\" target=\"_blank\" rel=\"noopener\"  itemprop=\"url\">\n\t\t\t\t<img loading=\"lazy\" decoding=\"async\" src=\"https:\/\/shrimataji.org\/test\/wp-content\/uploads\/2023\/02\/2-Swadhisthan-01.png\" alt=\"2-Swadhisthan-01\" itemprop=\"image\" height=\"3426\" width=\"3214\" title=\"2-Swadhisthan-01\" onerror=\"this.style.display='none'\"  \/>\n\t\t\t\t<\/a>\n\t<p>Swadhisthanas viktigaste egenskap \u00e4r kreativitet. Genom detta chakra f\u00e5r vi v\u00e5r kreativa energi. Swadhisthana p\u00e5verkar ocks\u00e5 v\u00e5r uppm\u00e4rksamhet, inspiration och kunskap. N\u00e4r vi \u00f6ppnar oss f\u00f6r Swadhisthan-chakrat, uppt\u00e4cker vi kreativitetens sk\u00f6nhet och kraft.<\/p>\n<strong>F\u00f6rdelar:<\/strong><br \/>\nSwadhisthanas viktigaste fysiska uppgift \u00e4r att bryta ner fettet i magen. Det fettet anv\u00e4nds f\u00f6r att bygga upp hj\u00e4rnan, som vi beh\u00f6ver f\u00f6r att kunna t\u00e4nka.\n<p>Att t\u00e4nka och planera f\u00f6r mycket \u00e4r vanligt idag. Det kan g\u00f6ra dig tr\u00f6tt. Enligt vissa l\u00e4ror kan detta p\u00e5verka din Swadhisthana. N\u00e4r du \u00e4r tr\u00f6tt kanske din kreativitet minskar och ditt arbete k\u00e4nns tr\u00e5kigt. Du kanske inte l\u00e4ngre upplever spontanitet och gl\u00e4dje.<\/p>\n<p>Det kan h\u00e4nda att din Swadisthana inte tar hand om andra delar av kroppen som den borde. Den beh\u00f6ver hj\u00e4lpa till att \u00e5terst\u00e4lla hj\u00e4rnans energi som du har f\u00f6rlorat genom att t\u00e4nka f\u00f6r mycket.<\/p>\n<p>Till exempel m\u00e5ste din lever jobba h\u00e5rdare f\u00f6r att skapa fett som din kropp beh\u00f6ver. N\u00e4r levern \u00e4r \u00f6verbelastad kan du tappa fokus och det blir sv\u00e5rare att t\u00e4nka klart.<\/p>\n<p>Det \u00e4r viktigt att f\u00f6rst\u00e5 skillnaden mellan uppm\u00e4rksamhet och tankar. Swadhisthan-chakrat vill ha uppm\u00e4rksamhet, men att t\u00e4nka f\u00f6r mycket \u00e4r inte bra. Uppm\u00e4rksamhet betyder att man noga tittar eller lyssnar p\u00e5 n\u00e5got utan att t\u00e4nka. Det handlar om att koncentrera sig, observera och se vad som h\u00e4nder utan att bli distraherad av tankar.<\/p>\n<p>Till exempel om du tittar p\u00e5 en blomma och njuter av hur vacker den \u00e4r och hur gott den doftar, utan att t\u00e4nka s\u00e5 mycket p\u00e5 det. Du beundrar den utan att fr\u00e5gor som &#8220;Vad heter den h\u00e4r blomman?&#8221; eller &#8220;Lever den bara ett \u00e5r eller flera?&#8221; dyker upp i ditt huvud.<\/p>\n<p>Om din lever m\u00e5r bra hj\u00e4lper den dig att fokusera genom att ta bort saker som st\u00f6r. D\u00e5 k\u00e4nner man inre frid och stillhet som g\u00f6r det l\u00e4ttare att meditera.<\/p>\n<p>N\u00e4r ditt Swadhisthan-chakra m\u00e5r bra, slutar du t\u00e4nka f\u00f6r mycket. Du k\u00e4nner dig lugn och ahr inga bekymmer eller tvivel. Det du skapar blir b\u00e4ttre och k\u00e4nns mer \u00e4kta. Det kommer fr\u00e5n hj\u00e4rtat.<\/p>\n<strong>Sj\u00e4lvbed\u00f6mning<\/strong>:<strong><br \/>\n<\/strong>Om din Swadhisthana inte m\u00e5r bra kan du ha sv\u00e5rt att meditera och k\u00e4nna att du inte \u00e4r kreativ. Du kan ocks\u00e5 ha sv\u00e5rt att sova och k\u00e4nna dig irriterad. Andra tecken kan vara sjukdomar som diabetes, blodcancer, allergier och hj\u00e4rtproblem.\n<strong>Orsaker till obalanser:<br \/>\n<\/strong>Att t\u00e4nka och planera f\u00f6r mycket g\u00f6r att chakrat &#8220;blir tr\u00f6tt&#8221;. I v\u00e4rsta fall kan det leda till mental utmattning och extrem tr\u00f6tthet i kroppen.<strong><br \/>\n<\/strong>\n<strong>S\u00e5 h\u00e4r balanserar du<\/strong>:<strong><br \/>\n<\/strong>Som tur \u00e4r kan meditation enkelt hj\u00e4lpa till att balansera detta chakra. F\u00f6r att rena ditt Swadhisthan-chakra kan du varje dag ta ett fotbad med normal temperatur.\n<p>Om du vill rensa ditt h\u00f6gra Swadhisthan-chakra kan du ta ett kallt fotbad med salt i. Du kan ocks\u00e5 l\u00e4gga en isp\u00e5se p\u00e5 ditt h\u00f6gra Swadhisthan-chakran. Det finns precis ovanf\u00f6r d\u00e4r din kropp m\u00f6ter ditt h\u00f6gra ben.<\/p>\n<p>F\u00f6r att rensa ditt v\u00e4nstra Swadhisthan-chakra kan du ta ett varmt fotbad med salt i.<\/p>\n<p>Om du ofta har problem med detta chakra kan man anv\u00e4nda ett stearinljus. H\u00e5ll ljuset i din h\u00f6gra hand n\u00e5gra centimeter framf\u00f6r ditt v\u00e4nstra Swadhisthan-chakra. Det v\u00e4nstra Swadhisthan-chakrat ligger precis ovanf\u00f6r d\u00e4r din kropp m\u00f6ter ditt v\u00e4nstra ben.<\/p>\n\n","protected":false},"excerpt":{"rendered":"<p>Swadhisthan Chakra Intuition och kreativitet N\u00e4r vi blir \u00e4ldre, l\u00e4r vi oss mer fr\u00e5n v\u00e5r omgivning. Vi l\u00e4r oss nya saker hela tiden. Det andra centret hj\u00e4lper oss att vara kreativa och fokuserade. Det g\u00f6r att vi f\u00f6rst\u00e5r saker p\u00e5 ett andligt s\u00e4tt. Det ger oss inspiration och l\u00e5ter oss se sk\u00f6nheten runt omkring oss.&hellip; <br \/> <a class=\"read-more\" href=\"https:\/\/shrimataji.org\/test\/sv\/swadhisthan-chakra-sv\/\">Read more<\/a><\/p>\n","protected":false},"author":1,"featured_media":23076,"parent":0,"menu_order":0,"comment_status":"closed","ping_status":"closed","template":"","meta":{"inline_featured_image":false,"footnotes":""},"class_list":["post-23075","page","type-page","status-publish","has-post-thumbnail","hentry"],"yoast_head":"<!-- This site is optimized with the Yoast SEO plugin v27.4 - https:\/\/yoast.com\/product\/yoast-seo-wordpress\/ -->\n<title>Swadhisthan Chakra SV - TEST - SMND<\/title>\n<meta name=\"robots\" content=\"noindex, follow, max-snippet:-1, max-image-preview:large, max-video-preview:-1\" \/>\n<meta property=\"og:locale\" content=\"en_US\" \/>\n<meta property=\"og:type\" content=\"article\" \/>\n<meta property=\"og:title\" content=\"Swadhisthan Chakra SV - TEST - SMND\" \/>\n<meta property=\"og:description\" content=\"Swadhisthan Chakra Intuition och kreativitet N\u00e4r vi blir \u00e4ldre, l\u00e4r vi oss mer fr\u00e5n v\u00e5r omgivning. Vi l\u00e4r oss nya saker hela tiden. Det andra centret hj\u00e4lper oss att vara kreativa och fokuserade. Det g\u00f6r att vi f\u00f6rst\u00e5r saker p\u00e5 ett andligt s\u00e4tt. Det ger oss inspiration och l\u00e5ter oss se sk\u00f6nheten runt omkring oss.&hellip; Read more\" \/>\n<meta property=\"og:url\" content=\"https:\/\/shrimataji.org\/test\/sv\/swadhisthan-chakra-sv\/\" \/>\n<meta property=\"og:site_name\" content=\"TEST - SMND\" \/>\n<meta property=\"article:publisher\" content=\"https:\/\/www.facebook.com\/shrimataji\" \/>\n<meta property=\"article:modified_time\" content=\"2026-01-08T19:45:56+00:00\" \/>\n<meta property=\"og:image\" content=\"https:\/\/shrimataji.org\/test\/wp-content\/uploads\/2023\/03\/17_Banner-SY-Chakra-swad-scaled.jpg\" \/>\n\t<meta property=\"og:image:width\" content=\"2560\" \/>\n\t<meta property=\"og:image:height\" content=\"905\" \/>\n\t<meta property=\"og:image:type\" content=\"image\/jpeg\" \/>\n<meta name=\"twitter:card\" content=\"summary_large_image\" \/>\n<meta name=\"twitter:site\" content=\"@shrimataji\" \/>\n<script type=\"application\/ld+json\" class=\"yoast-schema-graph\">{\"@context\":\"https:\\\/\\\/schema.org\",\"@graph\":[{\"@type\":\"WebPage\",\"@id\":\"https:\\\/\\\/shrimataji.org\\\/test\\\/sv\\\/swadhisthan-chakra-sv\\\/\",\"url\":\"https:\\\/\\\/shrimataji.org\\\/test\\\/sv\\\/swadhisthan-chakra-sv\\\/\",\"name\":\"Swadhisthan Chakra SV - TEST - SMND\",\"isPartOf\":{\"@id\":\"https:\\\/\\\/shrimataji.org\\\/test\\\/#website\"},\"primaryImageOfPage\":{\"@id\":\"https:\\\/\\\/shrimataji.org\\\/test\\\/sv\\\/swadhisthan-chakra-sv\\\/#primaryimage\"},\"image\":{\"@id\":\"https:\\\/\\\/shrimataji.org\\\/test\\\/sv\\\/swadhisthan-chakra-sv\\\/#primaryimage\"},\"thumbnailUrl\":\"https:\\\/\\\/shrimataji.org\\\/test\\\/wp-content\\\/uploads\\\/2023\\\/03\\\/17_Banner-SY-Chakra-swad-scaled.jpg\",\"datePublished\":\"2022-03-05T07:25:31+00:00\",\"dateModified\":\"2026-01-08T19:45:56+00:00\",\"breadcrumb\":{\"@id\":\"https:\\\/\\\/shrimataji.org\\\/test\\\/sv\\\/swadhisthan-chakra-sv\\\/#breadcrumb\"},\"inLanguage\":\"en-US\",\"potentialAction\":[{\"@type\":\"ReadAction\",\"target\":[\"https:\\\/\\\/shrimataji.org\\\/test\\\/sv\\\/swadhisthan-chakra-sv\\\/\"]}]},{\"@type\":\"ImageObject\",\"inLanguage\":\"en-US\",\"@id\":\"https:\\\/\\\/shrimataji.org\\\/test\\\/sv\\\/swadhisthan-chakra-sv\\\/#primaryimage\",\"url\":\"https:\\\/\\\/shrimataji.org\\\/test\\\/wp-content\\\/uploads\\\/2023\\\/03\\\/17_Banner-SY-Chakra-swad-scaled.jpg\",\"contentUrl\":\"https:\\\/\\\/shrimataji.org\\\/test\\\/wp-content\\\/uploads\\\/2023\\\/03\\\/17_Banner-SY-Chakra-swad-scaled.jpg\",\"width\":2560,\"height\":905},{\"@type\":\"BreadcrumbList\",\"@id\":\"https:\\\/\\\/shrimataji.org\\\/test\\\/sv\\\/swadhisthan-chakra-sv\\\/#breadcrumb\",\"itemListElement\":[{\"@type\":\"ListItem\",\"position\":1,\"name\":\"Home\",\"item\":\"https:\\\/\\\/shrimataji.org\\\/test\\\/uk\\\/home-en\\\/\"},{\"@type\":\"ListItem\",\"position\":2,\"name\":\"Swadhisthan Chakra SV\"}]},{\"@type\":\"WebSite\",\"@id\":\"https:\\\/\\\/shrimataji.org\\\/test\\\/#website\",\"url\":\"https:\\\/\\\/shrimataji.org\\\/test\\\/\",\"name\":\"Shri Mataji Nirmala Devi\",\"description\":\"A Life Dedicated to Humanity\",\"publisher\":{\"@id\":\"https:\\\/\\\/shrimataji.org\\\/test\\\/#\\\/schema\\\/person\\\/a1b3419c6585f164aa96da1ff85715d1\"},\"potentialAction\":[{\"@type\":\"SearchAction\",\"target\":{\"@type\":\"EntryPoint\",\"urlTemplate\":\"https:\\\/\\\/shrimataji.org\\\/test\\\/?s={search_term_string}\"},\"query-input\":{\"@type\":\"PropertyValueSpecification\",\"valueRequired\":true,\"valueName\":\"search_term_string\"}}],\"inLanguage\":\"en-US\"},{\"@type\":[\"Person\",\"Organization\"],\"@id\":\"https:\\\/\\\/shrimataji.org\\\/test\\\/#\\\/schema\\\/person\\\/a1b3419c6585f164aa96da1ff85715d1\",\"name\":\"Nirmala Shrivastava\",\"image\":{\"@type\":\"ImageObject\",\"inLanguage\":\"en-US\",\"@id\":\"https:\\\/\\\/shrimataji.org\\\/test\\\/wp-content\\\/uploads\\\/2023\\\/02\\\/SMO_LOGO-03.svg\",\"url\":\"https:\\\/\\\/shrimataji.org\\\/test\\\/wp-content\\\/uploads\\\/2023\\\/02\\\/SMO_LOGO-03.svg\",\"contentUrl\":\"https:\\\/\\\/shrimataji.org\\\/test\\\/wp-content\\\/uploads\\\/2023\\\/02\\\/SMO_LOGO-03.svg\",\"width\":\"1024\",\"height\":\"1024\",\"caption\":\"Nirmala Shrivastava\"},\"logo\":{\"@id\":\"https:\\\/\\\/shrimataji.org\\\/test\\\/wp-content\\\/uploads\\\/2023\\\/02\\\/SMO_LOGO-03.svg\"},\"sameAs\":[\"https:\\\/\\\/shrimataji.org\\\/test\",\"https:\\\/\\\/www.facebook.com\\\/shrimataji\",\"https:\\\/\\\/x.com\\\/shrimataji\",\"https:\\\/\\\/www.youtube.com\\\/@Shri_Mataji_Nirmala_Devi\\\/featured\"]}]}<\/script>\n<!-- \/ Yoast SEO plugin. -->","yoast_head_json":{"title":"Swadhisthan Chakra SV - TEST - SMND","robots":{"index":"noindex","follow":"follow","max-snippet":"max-snippet:-1","max-image-preview":"max-image-preview:large","max-video-preview":"max-video-preview:-1"},"og_locale":"en_US","og_type":"article","og_title":"Swadhisthan Chakra SV - TEST - SMND","og_description":"Swadhisthan Chakra Intuition och kreativitet N\u00e4r vi blir \u00e4ldre, l\u00e4r vi oss mer fr\u00e5n v\u00e5r omgivning. Vi l\u00e4r oss nya saker hela tiden. Det andra centret hj\u00e4lper oss att vara kreativa och fokuserade. Det g\u00f6r att vi f\u00f6rst\u00e5r saker p\u00e5 ett andligt s\u00e4tt. Det ger oss inspiration och l\u00e5ter oss se sk\u00f6nheten runt omkring oss.&hellip; Read more","og_url":"https:\/\/shrimataji.org\/test\/sv\/swadhisthan-chakra-sv\/","og_site_name":"TEST - SMND","article_publisher":"https:\/\/www.facebook.com\/shrimataji","article_modified_time":"2026-01-08T19:45:56+00:00","og_image":[{"width":2560,"height":905,"url":"https:\/\/shrimataji.org\/test\/wp-content\/uploads\/2023\/03\/17_Banner-SY-Chakra-swad-scaled.jpg","type":"image\/jpeg"}],"twitter_card":"summary_large_image","twitter_site":"@shrimataji","schema":{"@context":"https:\/\/schema.org","@graph":[{"@type":"WebPage","@id":"https:\/\/shrimataji.org\/test\/sv\/swadhisthan-chakra-sv\/","url":"https:\/\/shrimataji.org\/test\/sv\/swadhisthan-chakra-sv\/","name":"Swadhisthan Chakra SV - TEST - SMND","isPartOf":{"@id":"https:\/\/shrimataji.org\/test\/#website"},"primaryImageOfPage":{"@id":"https:\/\/shrimataji.org\/test\/sv\/swadhisthan-chakra-sv\/#primaryimage"},"image":{"@id":"https:\/\/shrimataji.org\/test\/sv\/swadhisthan-chakra-sv\/#primaryimage"},"thumbnailUrl":"https:\/\/shrimataji.org\/test\/wp-content\/uploads\/2023\/03\/17_Banner-SY-Chakra-swad-scaled.jpg","datePublished":"2022-03-05T07:25:31+00:00","dateModified":"2026-01-08T19:45:56+00:00","breadcrumb":{"@id":"https:\/\/shrimataji.org\/test\/sv\/swadhisthan-chakra-sv\/#breadcrumb"},"inLanguage":"en-US","potentialAction":[{"@type":"ReadAction","target":["https:\/\/shrimataji.org\/test\/sv\/swadhisthan-chakra-sv\/"]}]},{"@type":"ImageObject","inLanguage":"en-US","@id":"https:\/\/shrimataji.org\/test\/sv\/swadhisthan-chakra-sv\/#primaryimage","url":"https:\/\/shrimataji.org\/test\/wp-content\/uploads\/2023\/03\/17_Banner-SY-Chakra-swad-scaled.jpg","contentUrl":"https:\/\/shrimataji.org\/test\/wp-content\/uploads\/2023\/03\/17_Banner-SY-Chakra-swad-scaled.jpg","width":2560,"height":905},{"@type":"BreadcrumbList","@id":"https:\/\/shrimataji.org\/test\/sv\/swadhisthan-chakra-sv\/#breadcrumb","itemListElement":[{"@type":"ListItem","position":1,"name":"Home","item":"https:\/\/shrimataji.org\/test\/uk\/home-en\/"},{"@type":"ListItem","position":2,"name":"Swadhisthan Chakra SV"}]},{"@type":"WebSite","@id":"https:\/\/shrimataji.org\/test\/#website","url":"https:\/\/shrimataji.org\/test\/","name":"Shri Mataji Nirmala Devi","description":"A Life Dedicated to Humanity","publisher":{"@id":"https:\/\/shrimataji.org\/test\/#\/schema\/person\/a1b3419c6585f164aa96da1ff85715d1"},"potentialAction":[{"@type":"SearchAction","target":{"@type":"EntryPoint","urlTemplate":"https:\/\/shrimataji.org\/test\/?s={search_term_string}"},"query-input":{"@type":"PropertyValueSpecification","valueRequired":true,"valueName":"search_term_string"}}],"inLanguage":"en-US"},{"@type":["Person","Organization"],"@id":"https:\/\/shrimataji.org\/test\/#\/schema\/person\/a1b3419c6585f164aa96da1ff85715d1","name":"Nirmala Shrivastava","image":{"@type":"ImageObject","inLanguage":"en-US","@id":"https:\/\/shrimataji.org\/test\/wp-content\/uploads\/2023\/02\/SMO_LOGO-03.svg","url":"https:\/\/shrimataji.org\/test\/wp-content\/uploads\/2023\/02\/SMO_LOGO-03.svg","contentUrl":"https:\/\/shrimataji.org\/test\/wp-content\/uploads\/2023\/02\/SMO_LOGO-03.svg","width":"1024","height":"1024","caption":"Nirmala Shrivastava"},"logo":{"@id":"https:\/\/shrimataji.org\/test\/wp-content\/uploads\/2023\/02\/SMO_LOGO-03.svg"},"sameAs":["https:\/\/shrimataji.org\/test","https:\/\/www.facebook.com\/shrimataji","https:\/\/x.com\/shrimataji","https:\/\/www.youtube.com\/@Shri_Mataji_Nirmala_Devi\/featured"]}]}},"lang":"sv","translations":{"sv":23075,"ur":37513,"en":6484,"am":18087,"th":20076,"hu":19576,"ar":16983,"sq":18488,"zh":17385,"hi":8323,"tr":10217,"pt":10425,"de":10699,"fr":10797,"it":10895,"es":10992,"ja":11290,"ru":11478,"bn":11669,"te":11777,"sw":11900,"he":12048,"el":12340,"sk":12438,"fa":12536,"fi":12634,"bg":13374,"ro":14448,"cs":14641,"nl":16647,"ku":16807,"be":18695,"kn":18969,"mr":20440,"uk":20733,"ml":21028,"ta":22806,"gu":28910,"pa":29070,"fil":29524,"da":37821,"pl":38031,"nn":38373},"pll_sync_post":[],"_links":{"self":[{"href":"https:\/\/shrimataji.org\/test\/wp-json\/wp\/v2\/pages\/23075","targetHints":{"allow":["GET"]}}],"collection":[{"href":"https:\/\/shrimataji.org\/test\/wp-json\/wp\/v2\/pages"}],"about":[{"href":"https:\/\/shrimataji.org\/test\/wp-json\/wp\/v2\/types\/page"}],"author":[{"embeddable":true,"href":"https:\/\/shrimataji.org\/test\/wp-json\/wp\/v2\/users\/1"}],"replies":[{"embeddable":true,"href":"https:\/\/shrimataji.org\/test\/wp-json\/wp\/v2\/comments?post=23075"}],"version-history":[{"count":0,"href":"https:\/\/shrimataji.org\/test\/wp-json\/wp\/v2\/pages\/23075\/revisions"}],"wp:featuredmedia":[{"embeddable":true,"href":"https:\/\/shrimataji.org\/test\/wp-json\/wp\/v2\/media\/23076"}],"wp:attachment":[{"href":"https:\/\/shrimataji.org\/test\/wp-json\/wp\/v2\/media?parent=23075"}],"curies":[{"name":"wp","href":"https:\/\/api.w.org\/{rel}","templated":true}]}}