{"id":23077,"date":"2018-07-10T06:54:42","date_gmt":"2018-07-10T06:54:42","guid":{"rendered":"http:\/\/testwordpress.nirmalnagari.org\/smnd\/index.php\/terms\/"},"modified":"2025-04-25T12:36:02","modified_gmt":"2025-04-25T12:36:02","slug":"allmanna-villkor","status":"publish","type":"page","link":"https:\/\/shrimataji.org\/test\/sv\/allmanna-villkor\/","title":{"rendered":"Allm\u00e4nna villkor"},"content":{"rendered":"\n\n\t<h1>Allm\u00e4nna villkor<\/h1>\n<p>Allt redaktionellt inneh\u00e5ll och grafik p\u00e5 denna webbplats skyddas av EU:s upphovsr\u00e4tt och internationella f\u00f6rdrag och f\u00e5r inte kopieras utan uttryckligt tillst\u00e5nd fr\u00e5n Shri Mataji Nirmala Devi Sahaja Yoga World Foundation, som f\u00f6rbeh\u00e5ller sig alla r\u00e4ttigheter.<\/p>\n<p>\u00c5teranv\u00e4ndning av n\u00e5got av Shri Mataji Nirmala Devi Sahaja Yoga World Foundations redaktionella inneh\u00e5ll och grafik online f\u00f6r alla \u00e4ndam\u00e5l \u00e4r str\u00e4ngt f\u00f6rbjudet.<\/p>\n<p>Materialet fr\u00e5n Shri Mataji Nirmala Devi Sahaja Yoga World Foundations webbplats \u00e4r endast tillg\u00e4nglig f\u00f6r information och icke-kommersiellt bruk offline, f\u00f6rutsatt att inneh\u00e5llet och\/eller grafiken inte modifieras p\u00e5 n\u00e5got s\u00e4tt, all copyright och andra meddelanden p\u00e5 n\u00e5gon kopia beh\u00e5lls, och tillst\u00e5nd ges av Shri Mataji Nirmala Devi Sahaja Yoga World Foundation.<\/p>\n<p>Observera att alla f\u00f6rs\u00f6k har gjorts f\u00f6r att hitta och\/eller kontakta upphovsr\u00e4ttsinnehavare, med s\u00e4rskild betoning p\u00e5 bilder som anv\u00e4nds p\u00e5 denna webbplats. Om du k\u00e4nner att du har ett upphovsr\u00e4ttsproblem med n\u00e5got material p\u00e5 denna webbplats, skicka ett e-postmeddelande till <a href=\"mailto:amministrazione@sahajaworldfoundation.org\">amministrazione@sahajaworldfoundation.org<\/a> med fullst\u00e4ndig information om ditt spr\u00e5k.<\/p>\n<hr \/>\n\u00a9 Shri Mataji Nirmala Devi Sahaja Yoga World Foundation <br \/>\nen id\u00e9ell organisation listad i Piemontes regionala register \u00f6ver r\u00e4ttsliga enheter (prot. nr. 747)\n\n","protected":false},"excerpt":{"rendered":"<p>Allm\u00e4nna villkor Allt redaktionellt inneh\u00e5ll och grafik p\u00e5 denna webbplats skyddas av EU:s upphovsr\u00e4tt och internationella f\u00f6rdrag och f\u00e5r inte kopieras utan uttryckligt tillst\u00e5nd fr\u00e5n Shri Mataji Nirmala Devi Sahaja Yoga World Foundation, som f\u00f6rbeh\u00e5ller sig alla r\u00e4ttigheter. \u00c5teranv\u00e4ndning av n\u00e5got av Shri Mataji Nirmala Devi Sahaja Yoga World Foundations redaktionella inneh\u00e5ll och grafik online&hellip; <br \/> <a class=\"read-more\" href=\"https:\/\/shrimataji.org\/test\/sv\/allmanna-villkor\/\">Read more<\/a><\/p>\n","protected":false},"author":58,"featured_media":22993,"parent":0,"menu_order":0,"comment_status":"closed","ping_status":"closed","template":"","meta":{"inline_featured_image":false,"footnotes":""},"class_list":["post-23077","page","type-page","status-publish","has-post-thumbnail","hentry"],"yoast_head":"<!-- This site is optimized with the Yoast SEO plugin v27.4 - https:\/\/yoast.com\/product\/yoast-seo-wordpress\/ -->\n<title>Allm\u00e4nna villkor - TEST - SMND<\/title>\n<meta name=\"robots\" content=\"noindex, follow, max-snippet:-1, max-image-preview:large, max-video-preview:-1\" \/>\n<meta property=\"og:locale\" content=\"en_US\" \/>\n<meta property=\"og:type\" content=\"article\" \/>\n<meta property=\"og:title\" content=\"Allm\u00e4nna villkor - TEST - SMND\" \/>\n<meta property=\"og:description\" content=\"Allm\u00e4nna villkor Allt redaktionellt inneh\u00e5ll och grafik p\u00e5 denna webbplats skyddas av EU:s upphovsr\u00e4tt och internationella f\u00f6rdrag och f\u00e5r inte kopieras utan uttryckligt tillst\u00e5nd fr\u00e5n Shri Mataji Nirmala Devi Sahaja Yoga World Foundation, som f\u00f6rbeh\u00e5ller sig alla r\u00e4ttigheter. \u00c5teranv\u00e4ndning av n\u00e5got av Shri Mataji Nirmala Devi Sahaja Yoga World Foundations redaktionella inneh\u00e5ll och grafik online&hellip; Read more\" \/>\n<meta property=\"og:url\" content=\"https:\/\/shrimataji.org\/test\/sv\/allmanna-villkor\/\" \/>\n<meta property=\"og:site_name\" content=\"TEST - SMND\" \/>\n<meta property=\"article:publisher\" content=\"https:\/\/www.facebook.com\/shrimataji\" \/>\n<meta property=\"article:modified_time\" content=\"2025-04-25T12:36:02+00:00\" \/>\n<meta property=\"og:image\" content=\"https:\/\/shrimataji.org\/test\/wp-content\/uploads\/2023\/03\/Banner-Footer-Castle-1-scaled.jpg\" \/>\n\t<meta property=\"og:image:width\" content=\"2560\" \/>\n\t<meta property=\"og:image:height\" content=\"905\" \/>\n\t<meta property=\"og:image:type\" content=\"image\/jpeg\" \/>\n<meta name=\"twitter:card\" content=\"summary_large_image\" \/>\n<meta name=\"twitter:site\" content=\"@shrimataji\" \/>\n<meta name=\"twitter:label1\" content=\"Est. reading time\" \/>\n\t<meta name=\"twitter:data1\" content=\"1 minute\" \/>\n<script type=\"application\/ld+json\" class=\"yoast-schema-graph\">{\"@context\":\"https:\\\/\\\/schema.org\",\"@graph\":[{\"@type\":\"WebPage\",\"@id\":\"https:\\\/\\\/shrimataji.org\\\/test\\\/sv\\\/allmanna-villkor\\\/\",\"url\":\"https:\\\/\\\/shrimataji.org\\\/test\\\/sv\\\/allmanna-villkor\\\/\",\"name\":\"Allm\u00e4nna villkor - TEST - SMND\",\"isPartOf\":{\"@id\":\"https:\\\/\\\/shrimataji.org\\\/test\\\/#website\"},\"primaryImageOfPage\":{\"@id\":\"https:\\\/\\\/shrimataji.org\\\/test\\\/sv\\\/allmanna-villkor\\\/#primaryimage\"},\"image\":{\"@id\":\"https:\\\/\\\/shrimataji.org\\\/test\\\/sv\\\/allmanna-villkor\\\/#primaryimage\"},\"thumbnailUrl\":\"https:\\\/\\\/shrimataji.org\\\/test\\\/wp-content\\\/uploads\\\/2023\\\/03\\\/Banner-Footer-Castle-1-scaled.jpg\",\"datePublished\":\"2018-07-10T06:54:42+00:00\",\"dateModified\":\"2025-04-25T12:36:02+00:00\",\"breadcrumb\":{\"@id\":\"https:\\\/\\\/shrimataji.org\\\/test\\\/sv\\\/allmanna-villkor\\\/#breadcrumb\"},\"inLanguage\":\"en-US\",\"potentialAction\":[{\"@type\":\"ReadAction\",\"target\":[\"https:\\\/\\\/shrimataji.org\\\/test\\\/sv\\\/allmanna-villkor\\\/\"]}]},{\"@type\":\"ImageObject\",\"inLanguage\":\"en-US\",\"@id\":\"https:\\\/\\\/shrimataji.org\\\/test\\\/sv\\\/allmanna-villkor\\\/#primaryimage\",\"url\":\"https:\\\/\\\/shrimataji.org\\\/test\\\/wp-content\\\/uploads\\\/2023\\\/03\\\/Banner-Footer-Castle-1-scaled.jpg\",\"contentUrl\":\"https:\\\/\\\/shrimataji.org\\\/test\\\/wp-content\\\/uploads\\\/2023\\\/03\\\/Banner-Footer-Castle-1-scaled.jpg\",\"width\":2560,\"height\":905},{\"@type\":\"BreadcrumbList\",\"@id\":\"https:\\\/\\\/shrimataji.org\\\/test\\\/sv\\\/allmanna-villkor\\\/#breadcrumb\",\"itemListElement\":[{\"@type\":\"ListItem\",\"position\":1,\"name\":\"Home\",\"item\":\"https:\\\/\\\/shrimataji.org\\\/test\\\/uk\\\/home-en\\\/\"},{\"@type\":\"ListItem\",\"position\":2,\"name\":\"Allm\u00e4nna villkor\"}]},{\"@type\":\"WebSite\",\"@id\":\"https:\\\/\\\/shrimataji.org\\\/test\\\/#website\",\"url\":\"https:\\\/\\\/shrimataji.org\\\/test\\\/\",\"name\":\"Shri Mataji Nirmala Devi\",\"description\":\"A Life Dedicated to Humanity\",\"publisher\":{\"@id\":\"https:\\\/\\\/shrimataji.org\\\/test\\\/#\\\/schema\\\/person\\\/a1b3419c6585f164aa96da1ff85715d1\"},\"potentialAction\":[{\"@type\":\"SearchAction\",\"target\":{\"@type\":\"EntryPoint\",\"urlTemplate\":\"https:\\\/\\\/shrimataji.org\\\/test\\\/?s={search_term_string}\"},\"query-input\":{\"@type\":\"PropertyValueSpecification\",\"valueRequired\":true,\"valueName\":\"search_term_string\"}}],\"inLanguage\":\"en-US\"},{\"@type\":[\"Person\",\"Organization\"],\"@id\":\"https:\\\/\\\/shrimataji.org\\\/test\\\/#\\\/schema\\\/person\\\/a1b3419c6585f164aa96da1ff85715d1\",\"name\":\"Nirmala Shrivastava\",\"image\":{\"@type\":\"ImageObject\",\"inLanguage\":\"en-US\",\"@id\":\"https:\\\/\\\/shrimataji.org\\\/test\\\/wp-content\\\/uploads\\\/2023\\\/02\\\/SMO_LOGO-03.svg\",\"url\":\"https:\\\/\\\/shrimataji.org\\\/test\\\/wp-content\\\/uploads\\\/2023\\\/02\\\/SMO_LOGO-03.svg\",\"contentUrl\":\"https:\\\/\\\/shrimataji.org\\\/test\\\/wp-content\\\/uploads\\\/2023\\\/02\\\/SMO_LOGO-03.svg\",\"width\":\"1024\",\"height\":\"1024\",\"caption\":\"Nirmala Shrivastava\"},\"logo\":{\"@id\":\"https:\\\/\\\/shrimataji.org\\\/test\\\/wp-content\\\/uploads\\\/2023\\\/02\\\/SMO_LOGO-03.svg\"},\"sameAs\":[\"https:\\\/\\\/shrimataji.org\\\/test\",\"https:\\\/\\\/www.facebook.com\\\/shrimataji\",\"https:\\\/\\\/x.com\\\/shrimataji\",\"https:\\\/\\\/www.youtube.com\\\/@Shri_Mataji_Nirmala_Devi\\\/featured\"]}]}<\/script>\n<!-- \/ Yoast SEO plugin. -->","yoast_head_json":{"title":"Allm\u00e4nna villkor - TEST - SMND","robots":{"index":"noindex","follow":"follow","max-snippet":"max-snippet:-1","max-image-preview":"max-image-preview:large","max-video-preview":"max-video-preview:-1"},"og_locale":"en_US","og_type":"article","og_title":"Allm\u00e4nna villkor - TEST - SMND","og_description":"Allm\u00e4nna villkor Allt redaktionellt inneh\u00e5ll och grafik p\u00e5 denna webbplats skyddas av EU:s upphovsr\u00e4tt och internationella f\u00f6rdrag och f\u00e5r inte kopieras utan uttryckligt tillst\u00e5nd fr\u00e5n Shri Mataji Nirmala Devi Sahaja Yoga World Foundation, som f\u00f6rbeh\u00e5ller sig alla r\u00e4ttigheter. \u00c5teranv\u00e4ndning av n\u00e5got av Shri Mataji Nirmala Devi Sahaja Yoga World Foundations redaktionella inneh\u00e5ll och grafik online&hellip; Read more","og_url":"https:\/\/shrimataji.org\/test\/sv\/allmanna-villkor\/","og_site_name":"TEST - SMND","article_publisher":"https:\/\/www.facebook.com\/shrimataji","article_modified_time":"2025-04-25T12:36:02+00:00","og_image":[{"width":2560,"height":905,"url":"https:\/\/shrimataji.org\/test\/wp-content\/uploads\/2023\/03\/Banner-Footer-Castle-1-scaled.jpg","type":"image\/jpeg"}],"twitter_card":"summary_large_image","twitter_site":"@shrimataji","twitter_misc":{"Est. reading time":"1 minute"},"schema":{"@context":"https:\/\/schema.org","@graph":[{"@type":"WebPage","@id":"https:\/\/shrimataji.org\/test\/sv\/allmanna-villkor\/","url":"https:\/\/shrimataji.org\/test\/sv\/allmanna-villkor\/","name":"Allm\u00e4nna villkor - TEST - SMND","isPartOf":{"@id":"https:\/\/shrimataji.org\/test\/#website"},"primaryImageOfPage":{"@id":"https:\/\/shrimataji.org\/test\/sv\/allmanna-villkor\/#primaryimage"},"image":{"@id":"https:\/\/shrimataji.org\/test\/sv\/allmanna-villkor\/#primaryimage"},"thumbnailUrl":"https:\/\/shrimataji.org\/test\/wp-content\/uploads\/2023\/03\/Banner-Footer-Castle-1-scaled.jpg","datePublished":"2018-07-10T06:54:42+00:00","dateModified":"2025-04-25T12:36:02+00:00","breadcrumb":{"@id":"https:\/\/shrimataji.org\/test\/sv\/allmanna-villkor\/#breadcrumb"},"inLanguage":"en-US","potentialAction":[{"@type":"ReadAction","target":["https:\/\/shrimataji.org\/test\/sv\/allmanna-villkor\/"]}]},{"@type":"ImageObject","inLanguage":"en-US","@id":"https:\/\/shrimataji.org\/test\/sv\/allmanna-villkor\/#primaryimage","url":"https:\/\/shrimataji.org\/test\/wp-content\/uploads\/2023\/03\/Banner-Footer-Castle-1-scaled.jpg","contentUrl":"https:\/\/shrimataji.org\/test\/wp-content\/uploads\/2023\/03\/Banner-Footer-Castle-1-scaled.jpg","width":2560,"height":905},{"@type":"BreadcrumbList","@id":"https:\/\/shrimataji.org\/test\/sv\/allmanna-villkor\/#breadcrumb","itemListElement":[{"@type":"ListItem","position":1,"name":"Home","item":"https:\/\/shrimataji.org\/test\/uk\/home-en\/"},{"@type":"ListItem","position":2,"name":"Allm\u00e4nna villkor"}]},{"@type":"WebSite","@id":"https:\/\/shrimataji.org\/test\/#website","url":"https:\/\/shrimataji.org\/test\/","name":"Shri Mataji Nirmala Devi","description":"A Life Dedicated to Humanity","publisher":{"@id":"https:\/\/shrimataji.org\/test\/#\/schema\/person\/a1b3419c6585f164aa96da1ff85715d1"},"potentialAction":[{"@type":"SearchAction","target":{"@type":"EntryPoint","urlTemplate":"https:\/\/shrimataji.org\/test\/?s={search_term_string}"},"query-input":{"@type":"PropertyValueSpecification","valueRequired":true,"valueName":"search_term_string"}}],"inLanguage":"en-US"},{"@type":["Person","Organization"],"@id":"https:\/\/shrimataji.org\/test\/#\/schema\/person\/a1b3419c6585f164aa96da1ff85715d1","name":"Nirmala Shrivastava","image":{"@type":"ImageObject","inLanguage":"en-US","@id":"https:\/\/shrimataji.org\/test\/wp-content\/uploads\/2023\/02\/SMO_LOGO-03.svg","url":"https:\/\/shrimataji.org\/test\/wp-content\/uploads\/2023\/02\/SMO_LOGO-03.svg","contentUrl":"https:\/\/shrimataji.org\/test\/wp-content\/uploads\/2023\/02\/SMO_LOGO-03.svg","width":"1024","height":"1024","caption":"Nirmala Shrivastava"},"logo":{"@id":"https:\/\/shrimataji.org\/test\/wp-content\/uploads\/2023\/02\/SMO_LOGO-03.svg"},"sameAs":["https:\/\/shrimataji.org\/test","https:\/\/www.facebook.com\/shrimataji","https:\/\/x.com\/shrimataji","https:\/\/www.youtube.com\/@Shri_Mataji_Nirmala_Devi\/featured"]}]}},"lang":"sv","translations":{"sv":23077,"en":396,"am":18089,"th":20079,"hu":19578,"ar":16985,"sq":18490,"zh":17387,"tr":10218,"pt":10426,"de":10700,"fr":10798,"it":10896,"es":10993,"ja":11291,"ru":11479,"bn":11670,"te":11778,"sw":11901,"he":12049,"el":12341,"fa":12537,"fi":12635,"bg":13471,"ro":14543,"cs":14736,"nl":16649,"ku":16809,"be":18697,"kn":18971,"mr":20443,"uk":20736,"ml":21031,"ta":22808,"pa":29072,"fil":29526},"pll_sync_post":[],"_links":{"self":[{"href":"https:\/\/shrimataji.org\/test\/wp-json\/wp\/v2\/pages\/23077","targetHints":{"allow":["GET"]}}],"collection":[{"href":"https:\/\/shrimataji.org\/test\/wp-json\/wp\/v2\/pages"}],"about":[{"href":"https:\/\/shrimataji.org\/test\/wp-json\/wp\/v2\/types\/page"}],"author":[{"embeddable":true,"href":"https:\/\/shrimataji.org\/test\/wp-json\/wp\/v2\/users\/58"}],"replies":[{"embeddable":true,"href":"https:\/\/shrimataji.org\/test\/wp-json\/wp\/v2\/comments?post=23077"}],"version-history":[{"count":0,"href":"https:\/\/shrimataji.org\/test\/wp-json\/wp\/v2\/pages\/23077\/revisions"}],"wp:featuredmedia":[{"embeddable":true,"href":"https:\/\/shrimataji.org\/test\/wp-json\/wp\/v2\/media\/22993"}],"wp:attachment":[{"href":"https:\/\/shrimataji.org\/test\/wp-json\/wp\/v2\/media?parent=23077"}],"curies":[{"name":"wp","href":"https:\/\/api.w.org\/{rel}","templated":true}]}}