{"id":23078,"date":"2012-10-02T12:00:00","date_gmt":"2012-10-02T12:00:00","guid":{"rendered":"http:\/\/testwordpress.nirmalnagari.org\/smnd\/index.php\/that-absolute-truth\/"},"modified":"2025-04-25T12:36:09","modified_gmt":"2025-04-25T12:36:09","slug":"den-absoluta-sanningen","status":"publish","type":"page","link":"https:\/\/shrimataji.org\/test\/sv\/den-absoluta-sanningen\/","title":{"rendered":"Den absoluta sanningen"},"content":{"rendered":"\n\n\t<h1>Den absoluta sanningen<\/h1>\n<h2>Utdrag fr\u00e5n Public Program vid Institutionen f\u00f6r religionsvetenskap<br \/>\nUniversity of Sydney, Australien, den 15 mars 1990<\/h2>\n<p>F\u00f6rst och fr\u00e4mst m\u00e5ste vi veta en sak: sanningen \u00e4r som den \u00e4r. Vi kan inte styra \u00f6ver den, \u00e4ndra den eller helt f\u00f6rst\u00e5 den med v\u00e5rt m\u00e4nskliga t\u00e4nkande. Den har alltid funnits, finns nu och kommer alltid att finnas. K\u00e4rnan i alla religioner \u00e4r att s\u00f6ka det eviga.<\/p>\n<p><img loading=\"lazy\" decoding=\"async\" title=\"shri-mataji-while-touring-india-1981-to-1982\" src=\"https:\/\/shrimataji.org\/test\/wp-content\/uploads\/2018\/07\/media_originals\/images\/shri-mataji-portraits\/shri-mataji-while-touring-india-1981-to-1982-1024x728.jpg\" alt=\"shri-mataji-while-touring-india-1981-to-1982\" width=\"1024\" height=\"728\" \/><\/p>\n<p>F\u00f6rst och fr\u00e4mst m\u00e5ste vi veta en sak: sanningen \u00e4r som den \u00e4r. Vi kan inte styra \u00f6ver den, \u00e4ndra den eller helt f\u00f6rst\u00e5 den med v\u00e5rt m\u00e4nskliga t\u00e4nkande. Den har alltid funnits, finns nu och kommer alltid att finnas. K\u00e4rnan i alla religioner \u00e4r att s\u00f6ka det eviga.<\/p>\n<p>Det \u00e4r sv\u00e5rast i b\u00f6rjan: att s\u00f6ka det eviga. Sanningen \u00e4r evig men vad \u00e4r sanningen? N\u00e4r jag pratar med er, som \u00e4r intelligenta och v\u00e4lutbildade m\u00e4nniskor, vill jag be er att ha ett \u00f6ppet sinne och t\u00e4nka vetenskapligt. Pr\u00f6va om det jag s\u00e4ger \u00e4r sant eller inte. Se det som en tes, och om den visar sig vara sann, m\u00e5ste vi acceptera den.<\/p>\nDet finns tv\u00e5 saker som vi kanske inte alltid kan se, men som \u00e4nd\u00e5 finns. Den ena \u00e4r att hela universum tas om hand av Guds k\u00e4rlek, som finns \u00f6verallt. I v\u00e5r moderna v\u00e4rld kan det k\u00e4nnas sv\u00e5rt att prata om Gud. P\u00e5 sanskrit kallas denna kraft f\u00f6r Paramachaitanya, i Koranen kallas den Ruh, och i Bibeln beskrivs den som Guds allomfattande k\u00e4rlek eller den gudomliga kraften. Andlighet och gudomlighet \u00e4r sj\u00e4lva k\u00e4rnan i detta. Detta \u00e4r den f\u00f6rsta sanningen.<br \/>\nDen andra sanningen \u00e4r att vi inte \u00e4r v\u00e5r kropp, v\u00e5rt sinne, v\u00e5ra k\u00e4nslor, v\u00e5rt ego eller v\u00e5ra tankar. Vi \u00e4r n\u00e5got mer &#8211; vi \u00e4r anden, som \u00e4r helt ren och of\u00f6rst\u00f6rbar. Dessa tv\u00e5 sanningar finns i alla religioner, \u00e4ven om de beskrivs p\u00e5 olika s\u00e4tt.\n<p>F\u00f6r l\u00e4nge sedan b\u00f6rjade m\u00e4nniskor i Indien s\u00f6ka efter kunskap. Indien hade flera f\u00f6rdelar j\u00e4mf\u00f6rt med andra l\u00e4nder, som ett bra klimat d\u00e4r man kunde bo i djungeln utan problem. Medan m\u00e4nniskor i v\u00e4st s\u00f6kte ut\u00e5t, som tr\u00e4d som v\u00e4xer upp\u00e5t, b\u00f6rjade indierna s\u00f6ka in\u00e5t, ner i sina r\u00f6tter. S\u00e5 uppt\u00e4ckte de Sahaja Yoga.<\/p>\n<p>Det h\u00e4r \u00e4r inget nytt, utan en gammal metod som folk har anv\u00e4nt l\u00e4nge f\u00f6r att l\u00e4ra k\u00e4nna det gudomliga, och det \u00e4r vad yoga handlar om. &#8220;Sahaja&#8221; betyder &#8220;f\u00f6dd med dig&#8221; &#8211; &#8220;saha&#8221; betyder &#8220;med&#8221; och &#8220;ja&#8221; betyder &#8220;f\u00f6dd&#8221;. Det betyder att vi \u00e4r f\u00f6dda med r\u00e4tten att fbli f\u00f6renade med den gudomliga kraften.<\/p>\n<p>Men &#8220;sahaja&#8221; betyder ocks\u00e5 &#8220;spontan&#8221;, eftersom det \u00e4r den levande kraften som g\u00f6r det m\u00f6jligt. Inom oss finns en levande kraft som har gjort att vi utvecklats fr\u00e5n am\u00f6bor till m\u00e4nniskor. Nu finns det en annan kraft som kan koppla oss till det gudomliga. Det \u00e4r den verkliga betydelsen av ordet yoga. Varje m\u00e4nniska har r\u00e4tt att f\u00f6renas med den kraft som finns \u00f6verallt. Det h\u00e4r \u00e4r det sista steget i m\u00e4nsklighetens utveckling.<\/p>\n<p>Vi m\u00e4nniskor lever i en v\u00e4rld d\u00e4r allting \u00e4r relativt. Vissa s\u00e4ger att n\u00e5got \u00e4r bra, medan andra s\u00e4ger att n\u00e5got annat \u00e4r bra. Det finns alltid olika \u00e5sikter. Men om det finns en absolut sanning, borde det inte finnas tv\u00e5 olika uppfattningar om den. D\u00e4rf\u00f6r m\u00e5ste vi \u00f6dmjukt erk\u00e4nna att vi \u00e4nnu inte har n\u00e5tt den absoluta sanningen som bevisar att Gud finns, som visar att denna kraft som finns \u00f6verallt \u00e4r verklig, och som bekr\u00e4ftar att det de stora profeterna har sagt \u00e4r sant.<\/p>\n<p><img loading=\"lazy\" decoding=\"async\" src=\"https:\/\/shrimataji.org\/test\/wp-content\/uploads\/2018\/07\/media_originals\/images\/shri-mataji-portraits\/shri-mataji-nirmala-devi-portrait.jpg\" alt=\"\" width=\"906\" height=\"598\" \/><\/p>\n<p>Religioner har f\u00f6r\u00e4ndrats p\u00e5 grund av vad m\u00e4nniskor har gjort. De kanske verkar olika, men de \u00e4r som blommor p\u00e5 samma Livets Tr\u00e4d som blommar vid olika tider. P\u00e5 sanskrit finns ett ord f\u00f6r det: samayachaa. Alla dessa religioner skapades p\u00e5 samma Livets Tr\u00e4d. Men m\u00e4nniskor plockade blommorna, sa: &#8220;Det h\u00e4r \u00e4r mitt. Det h\u00e4r \u00e4r mitt,&#8221; och b\u00f6rjade sl\u00e5ss om de vissna blommorna. Det \u00e4r d\u00e4rf\u00f6r vi har alla problem idag.<\/p>\n<div class=\"su-quote su-quote-style-default\"><div class=\"su-quote-inner su-u-clearfix su-u-trim\"> Du ska inte tro p\u00e5 n\u00e5got utan du m\u00e5ste t\u00e4nka sj\u00e4lv. Blind tro kan leda till fanatism. Ist\u00e4llet b\u00f6r du uppleva det sj\u00e4lv. <\/div><\/div>\n<p>Det var inget fel p\u00e5 dessa helgon, inget fel p\u00e5 profeterna och inget fel p\u00e5 inkarnationerna. De har alla gjort det b\u00e4sta f\u00f6r oss och f\u00f6rs\u00f6kt ber\u00e4tta f\u00f6r oss, under v\u00e5r utveckling, vad vi beh\u00f6ver g\u00f6ra. Men oftast har de fokuserat p\u00e5 tillf\u00e4lliga saker, om hur vi ska undvika att fastna i livets njutningar. Vi beh\u00f6ver s\u00f6ka det som ahr evigt v\u00e4rde.<\/p>\n\n","protected":false},"excerpt":{"rendered":"<p>Den absoluta sanningen Utdrag fr\u00e5n Public Program vid Institutionen f\u00f6r religionsvetenskap University of Sydney, Australien, den 15 mars 1990 F\u00f6rst och fr\u00e4mst m\u00e5ste vi veta en sak: sanningen \u00e4r som den \u00e4r. Vi kan inte styra \u00f6ver den, \u00e4ndra den eller helt f\u00f6rst\u00e5 den med v\u00e5rt m\u00e4nskliga t\u00e4nkande. Den har alltid funnits, finns nu och&hellip; <br \/> <a class=\"read-more\" href=\"https:\/\/shrimataji.org\/test\/sv\/den-absoluta-sanningen\/\">Read more<\/a><\/p>\n","protected":false},"author":58,"featured_media":0,"parent":0,"menu_order":0,"comment_status":"closed","ping_status":"closed","template":"","meta":{"inline_featured_image":false,"footnotes":""},"class_list":["post-23078","page","type-page","status-publish","hentry"],"yoast_head":"<!-- This site is optimized with the Yoast SEO plugin v27.4 - https:\/\/yoast.com\/product\/yoast-seo-wordpress\/ -->\n<title>Den absoluta sanningen - TEST - SMND<\/title>\n<meta name=\"robots\" content=\"noindex, follow, max-snippet:-1, max-image-preview:large, max-video-preview:-1\" \/>\n<meta property=\"og:locale\" content=\"en_US\" \/>\n<meta property=\"og:type\" content=\"article\" \/>\n<meta property=\"og:title\" content=\"Den absoluta sanningen - TEST - SMND\" \/>\n<meta property=\"og:description\" content=\"Den absoluta sanningen Utdrag fr\u00e5n Public Program vid Institutionen f\u00f6r religionsvetenskap University of Sydney, Australien, den 15 mars 1990 F\u00f6rst och fr\u00e4mst m\u00e5ste vi veta en sak: sanningen \u00e4r som den \u00e4r. Vi kan inte styra \u00f6ver den, \u00e4ndra den eller helt f\u00f6rst\u00e5 den med v\u00e5rt m\u00e4nskliga t\u00e4nkande. Den har alltid funnits, finns nu och&hellip; Read more\" \/>\n<meta property=\"og:url\" content=\"https:\/\/shrimataji.org\/test\/sv\/den-absoluta-sanningen\/\" \/>\n<meta property=\"og:site_name\" content=\"TEST - SMND\" \/>\n<meta property=\"article:publisher\" content=\"https:\/\/www.facebook.com\/shrimataji\" \/>\n<meta property=\"article:modified_time\" content=\"2025-04-25T12:36:09+00:00\" \/>\n<meta property=\"og:image\" content=\"https:\/\/shrimataji.org\/test\/wp-content\/uploads\/2018\/07\/media_originals\/images\/shri-mataji-portraits\/shri-mataji-while-touring-india-1981-to-1982-1024x728.jpg\" \/>\n<meta name=\"twitter:card\" content=\"summary_large_image\" \/>\n<meta name=\"twitter:site\" content=\"@shrimataji\" \/>\n<meta name=\"twitter:label1\" content=\"Est. reading time\" \/>\n\t<meta name=\"twitter:data1\" content=\"4 minutes\" \/>\n<script type=\"application\/ld+json\" class=\"yoast-schema-graph\">{\"@context\":\"https:\\\/\\\/schema.org\",\"@graph\":[{\"@type\":\"WebPage\",\"@id\":\"https:\\\/\\\/shrimataji.org\\\/test\\\/sv\\\/den-absoluta-sanningen\\\/\",\"url\":\"https:\\\/\\\/shrimataji.org\\\/test\\\/sv\\\/den-absoluta-sanningen\\\/\",\"name\":\"Den absoluta sanningen - TEST - SMND\",\"isPartOf\":{\"@id\":\"https:\\\/\\\/shrimataji.org\\\/test\\\/#website\"},\"primaryImageOfPage\":{\"@id\":\"https:\\\/\\\/shrimataji.org\\\/test\\\/sv\\\/den-absoluta-sanningen\\\/#primaryimage\"},\"image\":{\"@id\":\"https:\\\/\\\/shrimataji.org\\\/test\\\/sv\\\/den-absoluta-sanningen\\\/#primaryimage\"},\"thumbnailUrl\":\"https:\\\/\\\/shrimataji.org\\\/test\\\/wp-content\\\/uploads\\\/2018\\\/07\\\/media_originals\\\/images\\\/shri-mataji-portraits\\\/shri-mataji-while-touring-india-1981-to-1982-1024x728.jpg\",\"datePublished\":\"2012-10-02T12:00:00+00:00\",\"dateModified\":\"2025-04-25T12:36:09+00:00\",\"breadcrumb\":{\"@id\":\"https:\\\/\\\/shrimataji.org\\\/test\\\/sv\\\/den-absoluta-sanningen\\\/#breadcrumb\"},\"inLanguage\":\"en-US\",\"potentialAction\":[{\"@type\":\"ReadAction\",\"target\":[\"https:\\\/\\\/shrimataji.org\\\/test\\\/sv\\\/den-absoluta-sanningen\\\/\"]}]},{\"@type\":\"ImageObject\",\"inLanguage\":\"en-US\",\"@id\":\"https:\\\/\\\/shrimataji.org\\\/test\\\/sv\\\/den-absoluta-sanningen\\\/#primaryimage\",\"url\":\"https:\\\/\\\/shrimataji.org\\\/test\\\/wp-content\\\/uploads\\\/2018\\\/07\\\/media_originals\\\/images\\\/shri-mataji-portraits\\\/shri-mataji-while-touring-india-1981-to-1982-1024x728.jpg\",\"contentUrl\":\"https:\\\/\\\/shrimataji.org\\\/test\\\/wp-content\\\/uploads\\\/2018\\\/07\\\/media_originals\\\/images\\\/shri-mataji-portraits\\\/shri-mataji-while-touring-india-1981-to-1982-1024x728.jpg\"},{\"@type\":\"BreadcrumbList\",\"@id\":\"https:\\\/\\\/shrimataji.org\\\/test\\\/sv\\\/den-absoluta-sanningen\\\/#breadcrumb\",\"itemListElement\":[{\"@type\":\"ListItem\",\"position\":1,\"name\":\"Home\",\"item\":\"https:\\\/\\\/shrimataji.org\\\/test\\\/uk\\\/home-en\\\/\"},{\"@type\":\"ListItem\",\"position\":2,\"name\":\"Den absoluta sanningen\"}]},{\"@type\":\"WebSite\",\"@id\":\"https:\\\/\\\/shrimataji.org\\\/test\\\/#website\",\"url\":\"https:\\\/\\\/shrimataji.org\\\/test\\\/\",\"name\":\"Shri Mataji Nirmala Devi\",\"description\":\"A Life Dedicated to Humanity\",\"publisher\":{\"@id\":\"https:\\\/\\\/shrimataji.org\\\/test\\\/#\\\/schema\\\/person\\\/a1b3419c6585f164aa96da1ff85715d1\"},\"potentialAction\":[{\"@type\":\"SearchAction\",\"target\":{\"@type\":\"EntryPoint\",\"urlTemplate\":\"https:\\\/\\\/shrimataji.org\\\/test\\\/?s={search_term_string}\"},\"query-input\":{\"@type\":\"PropertyValueSpecification\",\"valueRequired\":true,\"valueName\":\"search_term_string\"}}],\"inLanguage\":\"en-US\"},{\"@type\":[\"Person\",\"Organization\"],\"@id\":\"https:\\\/\\\/shrimataji.org\\\/test\\\/#\\\/schema\\\/person\\\/a1b3419c6585f164aa96da1ff85715d1\",\"name\":\"Nirmala Shrivastava\",\"image\":{\"@type\":\"ImageObject\",\"inLanguage\":\"en-US\",\"@id\":\"https:\\\/\\\/shrimataji.org\\\/test\\\/wp-content\\\/uploads\\\/2023\\\/02\\\/SMO_LOGO-03.svg\",\"url\":\"https:\\\/\\\/shrimataji.org\\\/test\\\/wp-content\\\/uploads\\\/2023\\\/02\\\/SMO_LOGO-03.svg\",\"contentUrl\":\"https:\\\/\\\/shrimataji.org\\\/test\\\/wp-content\\\/uploads\\\/2023\\\/02\\\/SMO_LOGO-03.svg\",\"width\":\"1024\",\"height\":\"1024\",\"caption\":\"Nirmala Shrivastava\"},\"logo\":{\"@id\":\"https:\\\/\\\/shrimataji.org\\\/test\\\/wp-content\\\/uploads\\\/2023\\\/02\\\/SMO_LOGO-03.svg\"},\"sameAs\":[\"https:\\\/\\\/shrimataji.org\\\/test\",\"https:\\\/\\\/www.facebook.com\\\/shrimataji\",\"https:\\\/\\\/x.com\\\/shrimataji\",\"https:\\\/\\\/www.youtube.com\\\/@Shri_Mataji_Nirmala_Devi\\\/featured\"]}]}<\/script>\n<!-- \/ Yoast SEO plugin. -->","yoast_head_json":{"title":"Den absoluta sanningen - TEST - SMND","robots":{"index":"noindex","follow":"follow","max-snippet":"max-snippet:-1","max-image-preview":"max-image-preview:large","max-video-preview":"max-video-preview:-1"},"og_locale":"en_US","og_type":"article","og_title":"Den absoluta sanningen - TEST - SMND","og_description":"Den absoluta sanningen Utdrag fr\u00e5n Public Program vid Institutionen f\u00f6r religionsvetenskap University of Sydney, Australien, den 15 mars 1990 F\u00f6rst och fr\u00e4mst m\u00e5ste vi veta en sak: sanningen \u00e4r som den \u00e4r. Vi kan inte styra \u00f6ver den, \u00e4ndra den eller helt f\u00f6rst\u00e5 den med v\u00e5rt m\u00e4nskliga t\u00e4nkande. Den har alltid funnits, finns nu och&hellip; Read more","og_url":"https:\/\/shrimataji.org\/test\/sv\/den-absoluta-sanningen\/","og_site_name":"TEST - SMND","article_publisher":"https:\/\/www.facebook.com\/shrimataji","article_modified_time":"2025-04-25T12:36:09+00:00","og_image":[{"url":"https:\/\/shrimataji.org\/test\/wp-content\/uploads\/2018\/07\/media_originals\/images\/shri-mataji-portraits\/shri-mataji-while-touring-india-1981-to-1982-1024x728.jpg","type":"","width":"","height":""}],"twitter_card":"summary_large_image","twitter_site":"@shrimataji","twitter_misc":{"Est. reading time":"4 minutes"},"schema":{"@context":"https:\/\/schema.org","@graph":[{"@type":"WebPage","@id":"https:\/\/shrimataji.org\/test\/sv\/den-absoluta-sanningen\/","url":"https:\/\/shrimataji.org\/test\/sv\/den-absoluta-sanningen\/","name":"Den absoluta sanningen - TEST - SMND","isPartOf":{"@id":"https:\/\/shrimataji.org\/test\/#website"},"primaryImageOfPage":{"@id":"https:\/\/shrimataji.org\/test\/sv\/den-absoluta-sanningen\/#primaryimage"},"image":{"@id":"https:\/\/shrimataji.org\/test\/sv\/den-absoluta-sanningen\/#primaryimage"},"thumbnailUrl":"https:\/\/shrimataji.org\/test\/wp-content\/uploads\/2018\/07\/media_originals\/images\/shri-mataji-portraits\/shri-mataji-while-touring-india-1981-to-1982-1024x728.jpg","datePublished":"2012-10-02T12:00:00+00:00","dateModified":"2025-04-25T12:36:09+00:00","breadcrumb":{"@id":"https:\/\/shrimataji.org\/test\/sv\/den-absoluta-sanningen\/#breadcrumb"},"inLanguage":"en-US","potentialAction":[{"@type":"ReadAction","target":["https:\/\/shrimataji.org\/test\/sv\/den-absoluta-sanningen\/"]}]},{"@type":"ImageObject","inLanguage":"en-US","@id":"https:\/\/shrimataji.org\/test\/sv\/den-absoluta-sanningen\/#primaryimage","url":"https:\/\/shrimataji.org\/test\/wp-content\/uploads\/2018\/07\/media_originals\/images\/shri-mataji-portraits\/shri-mataji-while-touring-india-1981-to-1982-1024x728.jpg","contentUrl":"https:\/\/shrimataji.org\/test\/wp-content\/uploads\/2018\/07\/media_originals\/images\/shri-mataji-portraits\/shri-mataji-while-touring-india-1981-to-1982-1024x728.jpg"},{"@type":"BreadcrumbList","@id":"https:\/\/shrimataji.org\/test\/sv\/den-absoluta-sanningen\/#breadcrumb","itemListElement":[{"@type":"ListItem","position":1,"name":"Home","item":"https:\/\/shrimataji.org\/test\/uk\/home-en\/"},{"@type":"ListItem","position":2,"name":"Den absoluta sanningen"}]},{"@type":"WebSite","@id":"https:\/\/shrimataji.org\/test\/#website","url":"https:\/\/shrimataji.org\/test\/","name":"Shri Mataji Nirmala Devi","description":"A Life Dedicated to Humanity","publisher":{"@id":"https:\/\/shrimataji.org\/test\/#\/schema\/person\/a1b3419c6585f164aa96da1ff85715d1"},"potentialAction":[{"@type":"SearchAction","target":{"@type":"EntryPoint","urlTemplate":"https:\/\/shrimataji.org\/test\/?s={search_term_string}"},"query-input":{"@type":"PropertyValueSpecification","valueRequired":true,"valueName":"search_term_string"}}],"inLanguage":"en-US"},{"@type":["Person","Organization"],"@id":"https:\/\/shrimataji.org\/test\/#\/schema\/person\/a1b3419c6585f164aa96da1ff85715d1","name":"Nirmala Shrivastava","image":{"@type":"ImageObject","inLanguage":"en-US","@id":"https:\/\/shrimataji.org\/test\/wp-content\/uploads\/2023\/02\/SMO_LOGO-03.svg","url":"https:\/\/shrimataji.org\/test\/wp-content\/uploads\/2023\/02\/SMO_LOGO-03.svg","contentUrl":"https:\/\/shrimataji.org\/test\/wp-content\/uploads\/2023\/02\/SMO_LOGO-03.svg","width":"1024","height":"1024","caption":"Nirmala Shrivastava"},"logo":{"@id":"https:\/\/shrimataji.org\/test\/wp-content\/uploads\/2023\/02\/SMO_LOGO-03.svg"},"sameAs":["https:\/\/shrimataji.org\/test","https:\/\/www.facebook.com\/shrimataji","https:\/\/x.com\/shrimataji","https:\/\/www.youtube.com\/@Shri_Mataji_Nirmala_Devi\/featured"]}]}},"lang":"sv","translations":{"sv":23078,"ur":37515,"en":430,"am":18090,"th":20081,"hu":19580,"ar":16986,"sq":18491,"zh":17388,"tr":10219,"pt":10427,"de":10701,"fr":10799,"it":10897,"es":10994,"ja":11292,"ru":11480,"bn":11671,"te":11779,"sw":11902,"he":12050,"el":12342,"sk":12440,"fa":12538,"fi":12636,"bg":13496,"ro":14571,"cs":14764,"nl":16650,"ku":16810,"be":18698,"kn":18972,"mr":20445,"uk":20738,"ml":21033,"ta":22809,"gu":28913,"pa":29073,"fil":29527,"da":37823,"pl":38033,"nn":38375},"pll_sync_post":[],"_links":{"self":[{"href":"https:\/\/shrimataji.org\/test\/wp-json\/wp\/v2\/pages\/23078","targetHints":{"allow":["GET"]}}],"collection":[{"href":"https:\/\/shrimataji.org\/test\/wp-json\/wp\/v2\/pages"}],"about":[{"href":"https:\/\/shrimataji.org\/test\/wp-json\/wp\/v2\/types\/page"}],"author":[{"embeddable":true,"href":"https:\/\/shrimataji.org\/test\/wp-json\/wp\/v2\/users\/58"}],"replies":[{"embeddable":true,"href":"https:\/\/shrimataji.org\/test\/wp-json\/wp\/v2\/comments?post=23078"}],"version-history":[{"count":0,"href":"https:\/\/shrimataji.org\/test\/wp-json\/wp\/v2\/pages\/23078\/revisions"}],"wp:attachment":[{"href":"https:\/\/shrimataji.org\/test\/wp-json\/wp\/v2\/media?parent=23078"}],"curies":[{"name":"wp","href":"https:\/\/api.w.org\/{rel}","templated":true}]}}