{"id":23080,"date":"2022-01-29T09:27:08","date_gmt":"2022-01-29T09:27:08","guid":{"rendered":"https:\/\/test.shrimataji.org\/?page_id=6380"},"modified":"2026-01-06T15:13:57","modified_gmt":"2026-01-06T15:13:57","slug":"konsten-att-vaxa","status":"publish","type":"page","link":"https:\/\/shrimataji.org\/test\/sv\/konsten-att-vaxa\/","title":{"rendered":"Konsten att v\u00e4xa"},"content":{"rendered":"\n\n\t<h1>Konsten att v\u00e4xa<\/h1>\n<h2>Uppt\u00e4ck din sanna inre potential<\/h2>\n<div class=\"su-quote su-quote-style-default\"><div class=\"su-quote-inner su-u-clearfix su-u-trim\">Man b\u00f6rjar v\u00e4xa inombords som r\u00f6tterna i ett tr\u00e4d som str\u00e4cker sig ned\u00e5t i marken. <\/div><\/div>\n<h4>V\u00e5r inre utveckling i <a href=\"https:\/\/shrimataji.org\/test\/sv\/sahaja-yoga-meditation\/\">Sahaja Yoga-meditation<\/a> sker naturligt och av sig sj\u00e4lv. Vi kan inte anv\u00e4nda n\u00e5gon s\u00e4rskild teknik eller t\u00e4nkande f\u00f6r att tvinga fram den. Precis som ett fr\u00f6 v\u00e4xer till en planta eller en blomma blir till en frukt utan hj\u00e4lp, s\u00e5 sk\u00f6ter Moder Natur detta spontant. P\u00e5 samma s\u00e4tt \u00e4r det v\u00e5r <a href=\"https:\/\/shrimataji.org\/test\/sv\/kundalini\/\">Kundalini<\/a>, en kraft inom oss, som tar hand om v\u00e5r inre utveckling genom <a href=\"https:\/\/shrimataji.org\/test\/sv\/chakran-och-egenskaper\/\">chakran<\/a> och <a href=\"https:\/\/shrimataji.org\/test\/sv\/kanalerna-och-de-tre-humoren\/\">energikanaler<\/a> f\u00f6r att st\u00e4rka v\u00e5r andliga medvetenhet.<\/h4>\n<p>Genom full andlig medvetenhet kan vi komma i kontakt med v\u00e5r inre potential, som f\u00f6renar v\u00e5r kropp, v\u00e5rt sinne, v\u00e5ra k\u00e4nslor och v\u00e5rt intellekt. Innan sj\u00e4lvupplysningen vill v\u00e5rt hj\u00e4rta en sak, v\u00e5rt intellekt t\u00e4nker n\u00e5got annat och kroppen reagerar p\u00e5 ett tredje s\u00e4tt. N\u00e4r vi regelbundet mediterar i Sahaja Yoga skapas en koppling mellan hj\u00e4rtat, uppm\u00e4rksamheten, sinnet, kroppen och intellektet. Detta g\u00f6r att vi kan k\u00e4nna ett bra flow i v\u00e5ra liv.<\/p>\n<p>N\u00e4r vi hittar inre harmoni m\u00e4rker vi att det p\u00e5verkar v\u00e5r omgivning p\u00e5 ett djupare s\u00e4tt, b\u00e5de p\u00e5 jobbet, i familjen och i samh\u00e4llet. Vi beh\u00f6ver inte t\u00e4nka eller s\u00e4ga saker p\u00e5 ett speciellt s\u00e4tt, eftersom v\u00e5ra chakror blir starkare och p\u00e5verkar allt omkring oss p\u00e5 ett naturligt s\u00e4tt.<\/p>\n<div class=\"su-quote su-quote-style-default\"><div class=\"su-quote-inner su-u-clearfix su-u-trim\"> Det handlar om v\u00e5r inre utveckling n\u00e4r Kundalini stiger. Det enda du beh\u00f6ver g\u00f6ra \u00e4r att l\u00e5ta det ta tid och att komma till kollektivet. <\/div><\/div>\n\n","protected":false},"excerpt":{"rendered":"<p>Konsten att v\u00e4xa Uppt\u00e4ck din sanna inre potential V\u00e5r inre utveckling i Sahaja Yoga-meditation sker naturligt och av sig sj\u00e4lv. Vi kan inte anv\u00e4nda n\u00e5gon s\u00e4rskild teknik eller t\u00e4nkande f\u00f6r att tvinga fram den. Precis som ett fr\u00f6 v\u00e4xer till en planta eller en blomma blir till en frukt utan hj\u00e4lp, s\u00e5 sk\u00f6ter Moder Natur&hellip; <br \/> <a class=\"read-more\" href=\"https:\/\/shrimataji.org\/test\/sv\/konsten-att-vaxa\/\">Read more<\/a><\/p>\n","protected":false},"author":58,"featured_media":23081,"parent":0,"menu_order":0,"comment_status":"closed","ping_status":"closed","template":"","meta":{"inline_featured_image":false,"footnotes":""},"class_list":["post-23080","page","type-page","status-publish","has-post-thumbnail","hentry"],"yoast_head":"<!-- This site is optimized with the Yoast SEO plugin v27.4 - https:\/\/yoast.com\/product\/yoast-seo-wordpress\/ -->\n<title>Konsten att v\u00e4xa - TEST - SMND<\/title>\n<meta name=\"robots\" content=\"noindex, follow, max-snippet:-1, max-image-preview:large, max-video-preview:-1\" \/>\n<meta property=\"og:locale\" content=\"en_US\" \/>\n<meta property=\"og:type\" content=\"article\" \/>\n<meta property=\"og:title\" content=\"Konsten att v\u00e4xa - TEST - SMND\" \/>\n<meta property=\"og:description\" content=\"Konsten att v\u00e4xa Uppt\u00e4ck din sanna inre potential V\u00e5r inre utveckling i Sahaja Yoga-meditation sker naturligt och av sig sj\u00e4lv. Vi kan inte anv\u00e4nda n\u00e5gon s\u00e4rskild teknik eller t\u00e4nkande f\u00f6r att tvinga fram den. Precis som ett fr\u00f6 v\u00e4xer till en planta eller en blomma blir till en frukt utan hj\u00e4lp, s\u00e5 sk\u00f6ter Moder Natur&hellip; Read more\" \/>\n<meta property=\"og:url\" content=\"https:\/\/shrimataji.org\/test\/sv\/konsten-att-vaxa\/\" \/>\n<meta property=\"og:site_name\" content=\"TEST - SMND\" \/>\n<meta property=\"article:publisher\" content=\"https:\/\/www.facebook.com\/shrimataji\" \/>\n<meta property=\"article:modified_time\" content=\"2026-01-06T15:13:57+00:00\" \/>\n<meta property=\"og:image\" content=\"https:\/\/shrimataji.org\/test\/wp-content\/uploads\/2023\/03\/23_Banner-SY-Growth-scaled.jpg\" \/>\n\t<meta property=\"og:image:width\" content=\"2560\" \/>\n\t<meta property=\"og:image:height\" content=\"905\" \/>\n\t<meta property=\"og:image:type\" content=\"image\/jpeg\" \/>\n<meta name=\"twitter:card\" content=\"summary_large_image\" \/>\n<meta name=\"twitter:site\" content=\"@shrimataji\" \/>\n<meta name=\"twitter:label1\" content=\"Est. reading time\" \/>\n\t<meta name=\"twitter:data1\" content=\"2 minutes\" \/>\n<script type=\"application\/ld+json\" class=\"yoast-schema-graph\">{\"@context\":\"https:\\\/\\\/schema.org\",\"@graph\":[{\"@type\":\"WebPage\",\"@id\":\"https:\\\/\\\/shrimataji.org\\\/test\\\/sv\\\/konsten-att-vaxa\\\/\",\"url\":\"https:\\\/\\\/shrimataji.org\\\/test\\\/sv\\\/konsten-att-vaxa\\\/\",\"name\":\"Konsten att v\u00e4xa - TEST - SMND\",\"isPartOf\":{\"@id\":\"https:\\\/\\\/shrimataji.org\\\/test\\\/#website\"},\"primaryImageOfPage\":{\"@id\":\"https:\\\/\\\/shrimataji.org\\\/test\\\/sv\\\/konsten-att-vaxa\\\/#primaryimage\"},\"image\":{\"@id\":\"https:\\\/\\\/shrimataji.org\\\/test\\\/sv\\\/konsten-att-vaxa\\\/#primaryimage\"},\"thumbnailUrl\":\"https:\\\/\\\/shrimataji.org\\\/test\\\/wp-content\\\/uploads\\\/2023\\\/03\\\/23_Banner-SY-Growth-scaled.jpg\",\"datePublished\":\"2022-01-29T09:27:08+00:00\",\"dateModified\":\"2026-01-06T15:13:57+00:00\",\"breadcrumb\":{\"@id\":\"https:\\\/\\\/shrimataji.org\\\/test\\\/sv\\\/konsten-att-vaxa\\\/#breadcrumb\"},\"inLanguage\":\"en-US\",\"potentialAction\":[{\"@type\":\"ReadAction\",\"target\":[\"https:\\\/\\\/shrimataji.org\\\/test\\\/sv\\\/konsten-att-vaxa\\\/\"]}]},{\"@type\":\"ImageObject\",\"inLanguage\":\"en-US\",\"@id\":\"https:\\\/\\\/shrimataji.org\\\/test\\\/sv\\\/konsten-att-vaxa\\\/#primaryimage\",\"url\":\"https:\\\/\\\/shrimataji.org\\\/test\\\/wp-content\\\/uploads\\\/2023\\\/03\\\/23_Banner-SY-Growth-scaled.jpg\",\"contentUrl\":\"https:\\\/\\\/shrimataji.org\\\/test\\\/wp-content\\\/uploads\\\/2023\\\/03\\\/23_Banner-SY-Growth-scaled.jpg\",\"width\":2560,\"height\":905},{\"@type\":\"BreadcrumbList\",\"@id\":\"https:\\\/\\\/shrimataji.org\\\/test\\\/sv\\\/konsten-att-vaxa\\\/#breadcrumb\",\"itemListElement\":[{\"@type\":\"ListItem\",\"position\":1,\"name\":\"Home\",\"item\":\"https:\\\/\\\/shrimataji.org\\\/test\\\/uk\\\/home-en\\\/\"},{\"@type\":\"ListItem\",\"position\":2,\"name\":\"Konsten att v\u00e4xa\"}]},{\"@type\":\"WebSite\",\"@id\":\"https:\\\/\\\/shrimataji.org\\\/test\\\/#website\",\"url\":\"https:\\\/\\\/shrimataji.org\\\/test\\\/\",\"name\":\"Shri Mataji Nirmala Devi\",\"description\":\"A Life Dedicated to Humanity\",\"publisher\":{\"@id\":\"https:\\\/\\\/shrimataji.org\\\/test\\\/#\\\/schema\\\/person\\\/a1b3419c6585f164aa96da1ff85715d1\"},\"potentialAction\":[{\"@type\":\"SearchAction\",\"target\":{\"@type\":\"EntryPoint\",\"urlTemplate\":\"https:\\\/\\\/shrimataji.org\\\/test\\\/?s={search_term_string}\"},\"query-input\":{\"@type\":\"PropertyValueSpecification\",\"valueRequired\":true,\"valueName\":\"search_term_string\"}}],\"inLanguage\":\"en-US\"},{\"@type\":[\"Person\",\"Organization\"],\"@id\":\"https:\\\/\\\/shrimataji.org\\\/test\\\/#\\\/schema\\\/person\\\/a1b3419c6585f164aa96da1ff85715d1\",\"name\":\"Nirmala Shrivastava\",\"image\":{\"@type\":\"ImageObject\",\"inLanguage\":\"en-US\",\"@id\":\"https:\\\/\\\/shrimataji.org\\\/test\\\/wp-content\\\/uploads\\\/2023\\\/02\\\/SMO_LOGO-03.svg\",\"url\":\"https:\\\/\\\/shrimataji.org\\\/test\\\/wp-content\\\/uploads\\\/2023\\\/02\\\/SMO_LOGO-03.svg\",\"contentUrl\":\"https:\\\/\\\/shrimataji.org\\\/test\\\/wp-content\\\/uploads\\\/2023\\\/02\\\/SMO_LOGO-03.svg\",\"width\":\"1024\",\"height\":\"1024\",\"caption\":\"Nirmala Shrivastava\"},\"logo\":{\"@id\":\"https:\\\/\\\/shrimataji.org\\\/test\\\/wp-content\\\/uploads\\\/2023\\\/02\\\/SMO_LOGO-03.svg\"},\"sameAs\":[\"https:\\\/\\\/shrimataji.org\\\/test\",\"https:\\\/\\\/www.facebook.com\\\/shrimataji\",\"https:\\\/\\\/x.com\\\/shrimataji\",\"https:\\\/\\\/www.youtube.com\\\/@Shri_Mataji_Nirmala_Devi\\\/featured\"]}]}<\/script>\n<!-- \/ Yoast SEO plugin. -->","yoast_head_json":{"title":"Konsten att v\u00e4xa - TEST - SMND","robots":{"index":"noindex","follow":"follow","max-snippet":"max-snippet:-1","max-image-preview":"max-image-preview:large","max-video-preview":"max-video-preview:-1"},"og_locale":"en_US","og_type":"article","og_title":"Konsten att v\u00e4xa - TEST - SMND","og_description":"Konsten att v\u00e4xa Uppt\u00e4ck din sanna inre potential V\u00e5r inre utveckling i Sahaja Yoga-meditation sker naturligt och av sig sj\u00e4lv. Vi kan inte anv\u00e4nda n\u00e5gon s\u00e4rskild teknik eller t\u00e4nkande f\u00f6r att tvinga fram den. Precis som ett fr\u00f6 v\u00e4xer till en planta eller en blomma blir till en frukt utan hj\u00e4lp, s\u00e5 sk\u00f6ter Moder Natur&hellip; Read more","og_url":"https:\/\/shrimataji.org\/test\/sv\/konsten-att-vaxa\/","og_site_name":"TEST - SMND","article_publisher":"https:\/\/www.facebook.com\/shrimataji","article_modified_time":"2026-01-06T15:13:57+00:00","og_image":[{"width":2560,"height":905,"url":"https:\/\/shrimataji.org\/test\/wp-content\/uploads\/2023\/03\/23_Banner-SY-Growth-scaled.jpg","type":"image\/jpeg"}],"twitter_card":"summary_large_image","twitter_site":"@shrimataji","twitter_misc":{"Est. reading time":"2 minutes"},"schema":{"@context":"https:\/\/schema.org","@graph":[{"@type":"WebPage","@id":"https:\/\/shrimataji.org\/test\/sv\/konsten-att-vaxa\/","url":"https:\/\/shrimataji.org\/test\/sv\/konsten-att-vaxa\/","name":"Konsten att v\u00e4xa - TEST - SMND","isPartOf":{"@id":"https:\/\/shrimataji.org\/test\/#website"},"primaryImageOfPage":{"@id":"https:\/\/shrimataji.org\/test\/sv\/konsten-att-vaxa\/#primaryimage"},"image":{"@id":"https:\/\/shrimataji.org\/test\/sv\/konsten-att-vaxa\/#primaryimage"},"thumbnailUrl":"https:\/\/shrimataji.org\/test\/wp-content\/uploads\/2023\/03\/23_Banner-SY-Growth-scaled.jpg","datePublished":"2022-01-29T09:27:08+00:00","dateModified":"2026-01-06T15:13:57+00:00","breadcrumb":{"@id":"https:\/\/shrimataji.org\/test\/sv\/konsten-att-vaxa\/#breadcrumb"},"inLanguage":"en-US","potentialAction":[{"@type":"ReadAction","target":["https:\/\/shrimataji.org\/test\/sv\/konsten-att-vaxa\/"]}]},{"@type":"ImageObject","inLanguage":"en-US","@id":"https:\/\/shrimataji.org\/test\/sv\/konsten-att-vaxa\/#primaryimage","url":"https:\/\/shrimataji.org\/test\/wp-content\/uploads\/2023\/03\/23_Banner-SY-Growth-scaled.jpg","contentUrl":"https:\/\/shrimataji.org\/test\/wp-content\/uploads\/2023\/03\/23_Banner-SY-Growth-scaled.jpg","width":2560,"height":905},{"@type":"BreadcrumbList","@id":"https:\/\/shrimataji.org\/test\/sv\/konsten-att-vaxa\/#breadcrumb","itemListElement":[{"@type":"ListItem","position":1,"name":"Home","item":"https:\/\/shrimataji.org\/test\/uk\/home-en\/"},{"@type":"ListItem","position":2,"name":"Konsten att v\u00e4xa"}]},{"@type":"WebSite","@id":"https:\/\/shrimataji.org\/test\/#website","url":"https:\/\/shrimataji.org\/test\/","name":"Shri Mataji Nirmala Devi","description":"A Life Dedicated to Humanity","publisher":{"@id":"https:\/\/shrimataji.org\/test\/#\/schema\/person\/a1b3419c6585f164aa96da1ff85715d1"},"potentialAction":[{"@type":"SearchAction","target":{"@type":"EntryPoint","urlTemplate":"https:\/\/shrimataji.org\/test\/?s={search_term_string}"},"query-input":{"@type":"PropertyValueSpecification","valueRequired":true,"valueName":"search_term_string"}}],"inLanguage":"en-US"},{"@type":["Person","Organization"],"@id":"https:\/\/shrimataji.org\/test\/#\/schema\/person\/a1b3419c6585f164aa96da1ff85715d1","name":"Nirmala Shrivastava","image":{"@type":"ImageObject","inLanguage":"en-US","@id":"https:\/\/shrimataji.org\/test\/wp-content\/uploads\/2023\/02\/SMO_LOGO-03.svg","url":"https:\/\/shrimataji.org\/test\/wp-content\/uploads\/2023\/02\/SMO_LOGO-03.svg","contentUrl":"https:\/\/shrimataji.org\/test\/wp-content\/uploads\/2023\/02\/SMO_LOGO-03.svg","width":"1024","height":"1024","caption":"Nirmala Shrivastava"},"logo":{"@id":"https:\/\/shrimataji.org\/test\/wp-content\/uploads\/2023\/02\/SMO_LOGO-03.svg"},"sameAs":["https:\/\/shrimataji.org\/test","https:\/\/www.facebook.com\/shrimataji","https:\/\/x.com\/shrimataji","https:\/\/www.youtube.com\/@Shri_Mataji_Nirmala_Devi\/featured"]}]}},"lang":"sv","translations":{"sv":23080,"ur":37517,"en":6380,"am":18092,"th":20084,"hu":19582,"ar":16988,"sq":18493,"zh":17390,"hi":7883,"tr":10220,"pt":10428,"de":10702,"fr":10800,"it":10898,"es":10995,"ja":11293,"ru":11481,"bn":11672,"te":11780,"sw":11903,"he":12051,"el":12343,"sk":12441,"fa":12539,"fi":12637,"bg":13405,"ro":14479,"cs":14672,"nl":16652,"ku":16812,"be":18700,"kn":18974,"mr":20448,"uk":20741,"ml":21036,"ta":22811,"gu":28915,"pa":29075,"fil":29529,"da":37825,"pl":38035,"nn":38377},"pll_sync_post":[],"_links":{"self":[{"href":"https:\/\/shrimataji.org\/test\/wp-json\/wp\/v2\/pages\/23080","targetHints":{"allow":["GET"]}}],"collection":[{"href":"https:\/\/shrimataji.org\/test\/wp-json\/wp\/v2\/pages"}],"about":[{"href":"https:\/\/shrimataji.org\/test\/wp-json\/wp\/v2\/types\/page"}],"author":[{"embeddable":true,"href":"https:\/\/shrimataji.org\/test\/wp-json\/wp\/v2\/users\/58"}],"replies":[{"embeddable":true,"href":"https:\/\/shrimataji.org\/test\/wp-json\/wp\/v2\/comments?post=23080"}],"version-history":[{"count":0,"href":"https:\/\/shrimataji.org\/test\/wp-json\/wp\/v2\/pages\/23080\/revisions"}],"wp:featuredmedia":[{"embeddable":true,"href":"https:\/\/shrimataji.org\/test\/wp-json\/wp\/v2\/media\/23081"}],"wp:attachment":[{"href":"https:\/\/shrimataji.org\/test\/wp-json\/wp\/v2\/media?parent=23080"}],"curies":[{"name":"wp","href":"https:\/\/api.w.org\/{rel}","templated":true}]}}