{"id":23082,"date":"2018-07-10T06:54:50","date_gmt":"2018-07-10T06:54:50","guid":{"rendered":"http:\/\/testwordpress.nirmalnagari.org\/smnd\/index.php\/the-culmination\/"},"modified":"2026-01-06T13:42:01","modified_gmt":"2026-01-06T13:42:01","slug":"fullandningen","status":"publish","type":"page","link":"https:\/\/shrimataji.org\/test\/sv\/fullandningen\/","title":{"rendered":"Full\u00e4ndningen"},"content":{"rendered":"\n\n\t<h1>Full\u00e4ndningen<\/h1>\n<h2>En \u00f6dmjuk v\u00f6rdnad<\/h2>\n\t<p>Shri Mataji visste tidigt att hennes m\u00e5l var att bidra till m\u00e4nsklighetens andliga utveckling. Men det var f\u00f6rst n\u00e4r hon var 47 \u00e5r och hennes d\u00f6ttrar var gifta som hon b\u00f6rjade sitt viktiga arbete.<\/p>\n\t<p>V\u00e4ndpunkten kom i Nargol, en liten by i Gujarat, Indien. Den <a href=\"https:\/\/shrimataji.org\/test\/sv\/ett-avgorande-ogonblick\/\">5 maj 1970<\/a>, efter en djup meditation, s\u00e5g Shri Mataji klart vad hon skulle g\u00f6ra f\u00f6r att f\u00f6r\u00e4ndra samh\u00e4llet.<\/p>\n\t\t\t\t<img decoding=\"async\" src=\"https:\/\/shrimataji.org\/test\/wp-content\/uploads\/2018\/07\/media_originals\/images\/shri-mataji-teaching-sahaja-yoga\/shri-mataji-nirmala-devi-teaching-sahaja-yoga-meditation-in-india.jpg\" alt=\"Shri Mataji opettaa Sahaja Yoga -meditaatiota Intiassa\" itemprop=\"image\" height=\"541\" width=\"721\" title=\"Shri Mataji opettaa Sahaja Yoga -meditaatiota Intiassa\" onerror=\"this.style.display='none'\" loading=\"lazy\" \/>\n\t<p>Fr\u00e5n det \u00f6gonblicket b\u00f6rjade Shri Mataji sprida budskapet att sj\u00e4lvupplysning \u00e4r m\u00f6jlig f\u00f6r alla genom en enkelmeditationsform som hon kallade f\u00f6r Sahaja Yoga. Detta sanskritord betyder den &#8220;spontana f\u00f6reningen&#8221; av det individuella jaget med den &#8220;kreativa energin i universum.&#8221; Hon f\u00f6rklarade att sj\u00e4lvupplysningen \u00e4r tillg\u00e4nglig f\u00f6r alla och visade hur man kan dela sina erfarenheter med andra, &#8220;som ett ljus som t\u00e4nder ett annat&#8221;.<\/p>\n<p>Shri Mataji b\u00f6rjade i liten skala med en grupp djupa &#8220;s\u00f6kare av sanningen&#8221; i Mumbai och London. Fram till mitten av 1980-talet tog hon hand om dem- hon lagade mat, \u00e5t, handlade, gick p\u00e5 bio och mediterade regelbundet med sin nya andliga familj.<\/p>\n\t<p>Hennes man, Sir C.P. Srivastava, blev f\u00f6rst f\u00f6rv\u00e5nad \u00f6ver hennes &#8220;\u00f6ppna d\u00f6rr&#8221;-policy, men inspirerades snart av hennes medk\u00e4nsla och vilja att hj\u00e4lpa andra. Han s\u00e5g hur hon v\u00e4lkomnade m\u00e4nniskor hem, gav dem sj\u00e4lvk\u00e4nnedom och l\u00e4rde dem att hela sig sj\u00e4lva med Sahaja Yoga. Om en h\u00e4ndelse sa han: &#8220;Jag s\u00e5g miraklet h\u00e4nda. Hon tog hand om den unge mannen med k\u00e4rlek och Sahaja Yoga, och han b\u00f6rjade f\u00f6r\u00e4ndras..<\/p>\n<p>Shri Mataji var redan k\u00e4nd som diplomatfru, men b\u00f6rjade ocks\u00e5 ta en st\u00f6rre offentlig roll sj\u00e4lv. Hon talade p\u00e5 olika evenemang, gav intervjuer, h\u00f6ll f\u00f6rel\u00e4sningar och delade med sig av sj\u00e4lvupplysningen till alla som ville ha den. Hon lockade m\u00e4nniskor med sitt budskap om sanning, sin energi och sin humor. Sakta men s\u00e4kert spred sig Sahaja Yoga fr\u00e5n Storbritannien och Indien till Europa, USA och resten av v\u00e4rlden.<\/p>\n<p>P\u00e5 1990-talet blev Shri Mataji en v\u00e4rldsber\u00f6md person som fick mycket uppm\u00e4rksamhet fr\u00e5n medierna och m\u00e5nga utm\u00e4rkelser. Hon nominerades till Nobels fredspris, och Claes Nobel, Alfred Nobels sl\u00e4kting, sa att &#8220;Shri Mataji ger oss kraft att styra \u00f6ver v\u00e5rt eget \u00f6de.&#8221; Hon blev inbjuden att tala i FN-huset i New York och vid <a href=\"https:\/\/shrimataji.org\/test\/sv\/fns-fjarde-varldskonferens-om-kvinnor\/\">FN:s kvinnokonferens i Peking<\/a>.<\/p>\n<p>Shri Mataji startade flera organisationer, bland annat ett sjukhus och ett cancercenter n\u00e4ra Mumbai, och Nirmal Prem, ett hem f\u00f6r utsatta kvinnor utanf\u00f6r New Delhi. \u00c4n idag anv\u00e4nder dessa organisationer Sahaja Yoga f\u00f6r att hj\u00e4lpa m\u00e4nniskor att bli fria fr\u00e5n sjukdomar och beroenden, och f\u00f6r att hitta gl\u00e4dje och mening i sina liv.<\/p>\n<p>Trots att Shri Mataji blev v\u00e4rldsber\u00f6md f\u00f6rblev hon \u00f6dmjuk och v\u00e4nlig. Hennes m\u00e5l och budskap var alltid detsamma. Som hon skrev i sin bok Meta Modern Era: &#8220;Det finns en gl\u00e4dje i den gudomliga k\u00e4rleken, och jag vill att alla ska f\u00e5 uppleva den&#8221; <a name=\"citation-ref-1\" href=\"#citation-note-1\">[1]<\/a><\/p>\n<p>Shri Mataji reste runt i v\u00e4rlden fram till slutet av sitt liv, men hon visade sig mindre offentligt under de senare \u00e5ren och spenderade mer tid med sin familj.<\/p>\n<p>Den 23 februari 2011 gick Shri Mataji bort i stillhet vid 87 \u00e5rs \u00e5lder. Hennes minne lever kvar, och sj\u00e4lvupplysningen forts\u00e4tter att f\u00f6r\u00e4ndra m\u00e5nga m\u00e4nniskors liv.<\/p>\n\t\t\t\t<img decoding=\"async\" src=\"https:\/\/shrimataji.org\/test\/wp-content\/uploads\/2024\/11\/EN_Nirmaldham_inside.jpg\" alt=\"Nirmal Dham, Delhi, India\n\" itemprop=\"image\" height=\"400\" width=\"600\" title=\"EN_Nirmaldham_inside\" onerror=\"this.style.display='none'\" loading=\"lazy\" \/>\n\t\tNirmal Dham, Delhi, India\n\t\t\t\t<img decoding=\"async\" src=\"https:\/\/shrimataji.org\/test\/wp-content\/uploads\/2024\/11\/EN_Nirmaldham.jpg\" alt=\"Nirmal Dham, Delhi, India\" itemprop=\"image\" height=\"521\" width=\"521\" title=\"EN_Nirmaldham\" onerror=\"this.style.display='none'\" loading=\"lazy\" \/>\n\t\tNirmal Dham, Delhi, India\n\t<div class=\"su-quote su-quote-style-default\"><div class=\"su-quote-inner su-u-clearfix su-u-trim\">Vi m\u00e5ste f\u00f6rst\u00e5 att alla m\u00e4nniskor \u00e4r f\u00f6renade av en gemensam sanning&#8230; att vi alla har Kundalini inom oss. Vi ska respektera alla m\u00e4nnsikor, oavsett vilket land de kommer ifr\u00e5n eller vilken hudf\u00e4rg de har, eftersom alla har Moder Kundalini inom sig.<\/div><\/div>\n\t<hr \/>\n<h3>1.\u00a0<a href=\"#citation-ref-1\">^<\/a><a name=\"citation-note-1\"><\/a> Shri Mataji Nirmala Devi, &#8216;Meta Modern Era&#8217; Pune: Vishwa Nirmala Dharma, 1995.<\/h3>\n\n","protected":false},"excerpt":{"rendered":"<p>Full\u00e4ndningen En \u00f6dmjuk v\u00f6rdnad Shri Mataji visste tidigt att hennes m\u00e5l var att bidra till m\u00e4nsklighetens andliga utveckling. Men det var f\u00f6rst n\u00e4r hon var 47 \u00e5r och hennes d\u00f6ttrar var gifta som hon b\u00f6rjade sitt viktiga arbete. V\u00e4ndpunkten kom i Nargol, en liten by i Gujarat, Indien. Den 5 maj 1970, efter en djup&hellip; <br \/> <a class=\"read-more\" href=\"https:\/\/shrimataji.org\/test\/sv\/fullandningen\/\">Read more<\/a><\/p>\n","protected":false},"author":58,"featured_media":23083,"parent":0,"menu_order":0,"comment_status":"closed","ping_status":"closed","template":"","meta":{"inline_featured_image":false,"footnotes":""},"class_list":["post-23082","page","type-page","status-publish","has-post-thumbnail","hentry"],"yoast_head":"<!-- This site is optimized with the Yoast SEO plugin v27.4 - https:\/\/yoast.com\/product\/yoast-seo-wordpress\/ -->\n<title>Full\u00e4ndningen - TEST - SMND<\/title>\n<meta name=\"robots\" content=\"noindex, follow, max-snippet:-1, max-image-preview:large, max-video-preview:-1\" \/>\n<meta property=\"og:locale\" content=\"en_US\" \/>\n<meta property=\"og:type\" content=\"article\" \/>\n<meta property=\"og:title\" content=\"Full\u00e4ndningen - TEST - SMND\" \/>\n<meta property=\"og:description\" content=\"Full\u00e4ndningen En \u00f6dmjuk v\u00f6rdnad Shri Mataji visste tidigt att hennes m\u00e5l var att bidra till m\u00e4nsklighetens andliga utveckling. Men det var f\u00f6rst n\u00e4r hon var 47 \u00e5r och hennes d\u00f6ttrar var gifta som hon b\u00f6rjade sitt viktiga arbete. V\u00e4ndpunkten kom i Nargol, en liten by i Gujarat, Indien. Den 5 maj 1970, efter en djup&hellip; Read more\" \/>\n<meta property=\"og:url\" content=\"https:\/\/shrimataji.org\/test\/sv\/fullandningen\/\" \/>\n<meta property=\"og:site_name\" content=\"TEST - SMND\" \/>\n<meta property=\"article:publisher\" content=\"https:\/\/www.facebook.com\/shrimataji\" \/>\n<meta property=\"article:modified_time\" content=\"2026-01-06T13:42:01+00:00\" \/>\n<meta property=\"og:image\" content=\"https:\/\/shrimataji.org\/test\/wp-content\/uploads\/2018\/07\/media_originals\/images\/headers-general\/shri-mataji-nirmala-devi-austria.jpg\" \/>\n\t<meta property=\"og:image:width\" content=\"990\" \/>\n\t<meta property=\"og:image:height\" content=\"350\" \/>\n\t<meta property=\"og:image:type\" content=\"image\/jpeg\" \/>\n<meta name=\"twitter:card\" content=\"summary_large_image\" \/>\n<meta name=\"twitter:site\" content=\"@shrimataji\" \/>\n<meta name=\"twitter:label1\" content=\"Est. reading time\" \/>\n\t<meta name=\"twitter:data1\" content=\"4 minutes\" \/>\n<script type=\"application\/ld+json\" class=\"yoast-schema-graph\">{\"@context\":\"https:\\\/\\\/schema.org\",\"@graph\":[{\"@type\":\"WebPage\",\"@id\":\"https:\\\/\\\/shrimataji.org\\\/test\\\/sv\\\/fullandningen\\\/\",\"url\":\"https:\\\/\\\/shrimataji.org\\\/test\\\/sv\\\/fullandningen\\\/\",\"name\":\"Full\u00e4ndningen - TEST - SMND\",\"isPartOf\":{\"@id\":\"https:\\\/\\\/shrimataji.org\\\/test\\\/#website\"},\"primaryImageOfPage\":{\"@id\":\"https:\\\/\\\/shrimataji.org\\\/test\\\/sv\\\/fullandningen\\\/#primaryimage\"},\"image\":{\"@id\":\"https:\\\/\\\/shrimataji.org\\\/test\\\/sv\\\/fullandningen\\\/#primaryimage\"},\"thumbnailUrl\":\"https:\\\/\\\/shrimataji.org\\\/test\\\/wp-content\\\/uploads\\\/2018\\\/07\\\/media_originals\\\/images\\\/headers-general\\\/shri-mataji-nirmala-devi-austria.jpg\",\"datePublished\":\"2018-07-10T06:54:50+00:00\",\"dateModified\":\"2026-01-06T13:42:01+00:00\",\"breadcrumb\":{\"@id\":\"https:\\\/\\\/shrimataji.org\\\/test\\\/sv\\\/fullandningen\\\/#breadcrumb\"},\"inLanguage\":\"en-US\",\"potentialAction\":[{\"@type\":\"ReadAction\",\"target\":[\"https:\\\/\\\/shrimataji.org\\\/test\\\/sv\\\/fullandningen\\\/\"]}]},{\"@type\":\"ImageObject\",\"inLanguage\":\"en-US\",\"@id\":\"https:\\\/\\\/shrimataji.org\\\/test\\\/sv\\\/fullandningen\\\/#primaryimage\",\"url\":\"https:\\\/\\\/shrimataji.org\\\/test\\\/wp-content\\\/uploads\\\/2018\\\/07\\\/media_originals\\\/images\\\/headers-general\\\/shri-mataji-nirmala-devi-austria.jpg\",\"contentUrl\":\"https:\\\/\\\/shrimataji.org\\\/test\\\/wp-content\\\/uploads\\\/2018\\\/07\\\/media_originals\\\/images\\\/headers-general\\\/shri-mataji-nirmala-devi-austria.jpg\",\"width\":990,\"height\":350},{\"@type\":\"BreadcrumbList\",\"@id\":\"https:\\\/\\\/shrimataji.org\\\/test\\\/sv\\\/fullandningen\\\/#breadcrumb\",\"itemListElement\":[{\"@type\":\"ListItem\",\"position\":1,\"name\":\"Home\",\"item\":\"https:\\\/\\\/shrimataji.org\\\/test\\\/uk\\\/home-en\\\/\"},{\"@type\":\"ListItem\",\"position\":2,\"name\":\"Full\u00e4ndningen\"}]},{\"@type\":\"WebSite\",\"@id\":\"https:\\\/\\\/shrimataji.org\\\/test\\\/#website\",\"url\":\"https:\\\/\\\/shrimataji.org\\\/test\\\/\",\"name\":\"Shri Mataji Nirmala Devi\",\"description\":\"A Life Dedicated to Humanity\",\"publisher\":{\"@id\":\"https:\\\/\\\/shrimataji.org\\\/test\\\/#\\\/schema\\\/person\\\/a1b3419c6585f164aa96da1ff85715d1\"},\"potentialAction\":[{\"@type\":\"SearchAction\",\"target\":{\"@type\":\"EntryPoint\",\"urlTemplate\":\"https:\\\/\\\/shrimataji.org\\\/test\\\/?s={search_term_string}\"},\"query-input\":{\"@type\":\"PropertyValueSpecification\",\"valueRequired\":true,\"valueName\":\"search_term_string\"}}],\"inLanguage\":\"en-US\"},{\"@type\":[\"Person\",\"Organization\"],\"@id\":\"https:\\\/\\\/shrimataji.org\\\/test\\\/#\\\/schema\\\/person\\\/a1b3419c6585f164aa96da1ff85715d1\",\"name\":\"Nirmala Shrivastava\",\"image\":{\"@type\":\"ImageObject\",\"inLanguage\":\"en-US\",\"@id\":\"https:\\\/\\\/shrimataji.org\\\/test\\\/wp-content\\\/uploads\\\/2023\\\/02\\\/SMO_LOGO-03.svg\",\"url\":\"https:\\\/\\\/shrimataji.org\\\/test\\\/wp-content\\\/uploads\\\/2023\\\/02\\\/SMO_LOGO-03.svg\",\"contentUrl\":\"https:\\\/\\\/shrimataji.org\\\/test\\\/wp-content\\\/uploads\\\/2023\\\/02\\\/SMO_LOGO-03.svg\",\"width\":\"1024\",\"height\":\"1024\",\"caption\":\"Nirmala Shrivastava\"},\"logo\":{\"@id\":\"https:\\\/\\\/shrimataji.org\\\/test\\\/wp-content\\\/uploads\\\/2023\\\/02\\\/SMO_LOGO-03.svg\"},\"sameAs\":[\"https:\\\/\\\/shrimataji.org\\\/test\",\"https:\\\/\\\/www.facebook.com\\\/shrimataji\",\"https:\\\/\\\/x.com\\\/shrimataji\",\"https:\\\/\\\/www.youtube.com\\\/@Shri_Mataji_Nirmala_Devi\\\/featured\"]}]}<\/script>\n<!-- \/ Yoast SEO plugin. -->","yoast_head_json":{"title":"Full\u00e4ndningen - TEST - SMND","robots":{"index":"noindex","follow":"follow","max-snippet":"max-snippet:-1","max-image-preview":"max-image-preview:large","max-video-preview":"max-video-preview:-1"},"og_locale":"en_US","og_type":"article","og_title":"Full\u00e4ndningen - TEST - SMND","og_description":"Full\u00e4ndningen En \u00f6dmjuk v\u00f6rdnad Shri Mataji visste tidigt att hennes m\u00e5l var att bidra till m\u00e4nsklighetens andliga utveckling. Men det var f\u00f6rst n\u00e4r hon var 47 \u00e5r och hennes d\u00f6ttrar var gifta som hon b\u00f6rjade sitt viktiga arbete. V\u00e4ndpunkten kom i Nargol, en liten by i Gujarat, Indien. Den 5 maj 1970, efter en djup&hellip; Read more","og_url":"https:\/\/shrimataji.org\/test\/sv\/fullandningen\/","og_site_name":"TEST - SMND","article_publisher":"https:\/\/www.facebook.com\/shrimataji","article_modified_time":"2026-01-06T13:42:01+00:00","og_image":[{"width":990,"height":350,"url":"https:\/\/shrimataji.org\/test\/wp-content\/uploads\/2018\/07\/media_originals\/images\/headers-general\/shri-mataji-nirmala-devi-austria.jpg","type":"image\/jpeg"}],"twitter_card":"summary_large_image","twitter_site":"@shrimataji","twitter_misc":{"Est. reading time":"4 minutes"},"schema":{"@context":"https:\/\/schema.org","@graph":[{"@type":"WebPage","@id":"https:\/\/shrimataji.org\/test\/sv\/fullandningen\/","url":"https:\/\/shrimataji.org\/test\/sv\/fullandningen\/","name":"Full\u00e4ndningen - TEST - SMND","isPartOf":{"@id":"https:\/\/shrimataji.org\/test\/#website"},"primaryImageOfPage":{"@id":"https:\/\/shrimataji.org\/test\/sv\/fullandningen\/#primaryimage"},"image":{"@id":"https:\/\/shrimataji.org\/test\/sv\/fullandningen\/#primaryimage"},"thumbnailUrl":"https:\/\/shrimataji.org\/test\/wp-content\/uploads\/2018\/07\/media_originals\/images\/headers-general\/shri-mataji-nirmala-devi-austria.jpg","datePublished":"2018-07-10T06:54:50+00:00","dateModified":"2026-01-06T13:42:01+00:00","breadcrumb":{"@id":"https:\/\/shrimataji.org\/test\/sv\/fullandningen\/#breadcrumb"},"inLanguage":"en-US","potentialAction":[{"@type":"ReadAction","target":["https:\/\/shrimataji.org\/test\/sv\/fullandningen\/"]}]},{"@type":"ImageObject","inLanguage":"en-US","@id":"https:\/\/shrimataji.org\/test\/sv\/fullandningen\/#primaryimage","url":"https:\/\/shrimataji.org\/test\/wp-content\/uploads\/2018\/07\/media_originals\/images\/headers-general\/shri-mataji-nirmala-devi-austria.jpg","contentUrl":"https:\/\/shrimataji.org\/test\/wp-content\/uploads\/2018\/07\/media_originals\/images\/headers-general\/shri-mataji-nirmala-devi-austria.jpg","width":990,"height":350},{"@type":"BreadcrumbList","@id":"https:\/\/shrimataji.org\/test\/sv\/fullandningen\/#breadcrumb","itemListElement":[{"@type":"ListItem","position":1,"name":"Home","item":"https:\/\/shrimataji.org\/test\/uk\/home-en\/"},{"@type":"ListItem","position":2,"name":"Full\u00e4ndningen"}]},{"@type":"WebSite","@id":"https:\/\/shrimataji.org\/test\/#website","url":"https:\/\/shrimataji.org\/test\/","name":"Shri Mataji Nirmala Devi","description":"A Life Dedicated to Humanity","publisher":{"@id":"https:\/\/shrimataji.org\/test\/#\/schema\/person\/a1b3419c6585f164aa96da1ff85715d1"},"potentialAction":[{"@type":"SearchAction","target":{"@type":"EntryPoint","urlTemplate":"https:\/\/shrimataji.org\/test\/?s={search_term_string}"},"query-input":{"@type":"PropertyValueSpecification","valueRequired":true,"valueName":"search_term_string"}}],"inLanguage":"en-US"},{"@type":["Person","Organization"],"@id":"https:\/\/shrimataji.org\/test\/#\/schema\/person\/a1b3419c6585f164aa96da1ff85715d1","name":"Nirmala Shrivastava","image":{"@type":"ImageObject","inLanguage":"en-US","@id":"https:\/\/shrimataji.org\/test\/wp-content\/uploads\/2023\/02\/SMO_LOGO-03.svg","url":"https:\/\/shrimataji.org\/test\/wp-content\/uploads\/2023\/02\/SMO_LOGO-03.svg","contentUrl":"https:\/\/shrimataji.org\/test\/wp-content\/uploads\/2023\/02\/SMO_LOGO-03.svg","width":"1024","height":"1024","caption":"Nirmala Shrivastava"},"logo":{"@id":"https:\/\/shrimataji.org\/test\/wp-content\/uploads\/2023\/02\/SMO_LOGO-03.svg"},"sameAs":["https:\/\/shrimataji.org\/test","https:\/\/www.facebook.com\/shrimataji","https:\/\/x.com\/shrimataji","https:\/\/www.youtube.com\/@Shri_Mataji_Nirmala_Devi\/featured"]}]}},"lang":"sv","translations":{"sv":23082,"ur":37519,"en":446,"am":18094,"th":20087,"hu":19585,"ar":16990,"sq":18495,"zh":17392,"tr":10221,"pt":10429,"de":10703,"fr":10801,"it":10899,"es":10996,"ja":11294,"ru":11482,"bn":11673,"te":11781,"sw":11904,"he":12052,"el":12344,"sk":12442,"fa":12540,"fi":12638,"bg":13449,"ro":14523,"cs":14716,"nl":16654,"ku":16814,"be":18702,"kn":18976,"mr":20451,"uk":20744,"ml":21039,"ta":22813,"gu":28917,"pa":29077,"fil":29531,"da":37827,"pl":38037,"nn":38379},"pll_sync_post":[],"_links":{"self":[{"href":"https:\/\/shrimataji.org\/test\/wp-json\/wp\/v2\/pages\/23082","targetHints":{"allow":["GET"]}}],"collection":[{"href":"https:\/\/shrimataji.org\/test\/wp-json\/wp\/v2\/pages"}],"about":[{"href":"https:\/\/shrimataji.org\/test\/wp-json\/wp\/v2\/types\/page"}],"author":[{"embeddable":true,"href":"https:\/\/shrimataji.org\/test\/wp-json\/wp\/v2\/users\/58"}],"replies":[{"embeddable":true,"href":"https:\/\/shrimataji.org\/test\/wp-json\/wp\/v2\/comments?post=23082"}],"version-history":[{"count":0,"href":"https:\/\/shrimataji.org\/test\/wp-json\/wp\/v2\/pages\/23082\/revisions"}],"wp:featuredmedia":[{"embeddable":true,"href":"https:\/\/shrimataji.org\/test\/wp-json\/wp\/v2\/media\/23083"}],"wp:attachment":[{"href":"https:\/\/shrimataji.org\/test\/wp-json\/wp\/v2\/media?parent=23082"}],"curies":[{"name":"wp","href":"https:\/\/api.w.org\/{rel}","templated":true}]}}