{"id":23084,"date":"2012-10-02T13:00:00","date_gmt":"2012-10-02T13:00:00","guid":{"rendered":"http:\/\/testwordpress.nirmalnagari.org\/smnd\/index.php\/the-dignity-of-art\/"},"modified":"2025-04-25T12:36:27","modified_gmt":"2025-04-25T12:36:27","slug":"konstens-varde","status":"publish","type":"page","link":"https:\/\/shrimataji.org\/test\/sv\/konstens-varde\/","title":{"rendered":"Konstens v\u00e4rde"},"content":{"rendered":"\n\n\t<h1>Konstens v\u00e4rde<\/h1>\n<h2>Utdrag ur en souvenir som distribuerades i Indien 1961<\/h2>\n\t<p>Konstn\u00e4rer b\u00f6r f\u00f6rs\u00f6ka lyfta allm\u00e4nhetens smak till en h\u00f6gre niv\u00e5 ist\u00e4llet f\u00f6r att ge publiken det den vill ha. P\u00e5 s\u00e5 s\u00e4tt beh\u00e5ller konstn\u00e4rena sin frihet.<\/p>\n<p>Upplysta konstn\u00e4rer kan sprida sina id\u00e9er genom att kontakta skolor och sociala institutioner, skriva artiklar i tidningar och anv\u00e4nda teater, filmer och radio f\u00f6r att l\u00e4ra m\u00e4nniskor om riktig konst. P\u00e5 s\u00e5 s\u00e4tt kan konstens v\u00e4rde bevaras.<\/p>\n<p>Genom att n\u00e5 ut till allm\u00e4nheten via dessaorganisationer blir konstn\u00e4ren mer lyh\u00f6rd och kan reagera p\u00e5 obalanser i samh\u00e4llet<\/p>\n<p>Om han ser en cancersjuk person, kommer hans medk\u00e4nsla leda till att han genom sin konst skapar en milj\u00f6 som f\u00e5r socialarbetare, l\u00e4kare och beslutsfattare att tengagera sig i hur man ska l\u00f6sa cancerns g\u00e5ta.<\/p>\n<p>Om en konstn\u00e4r ser att hans landsm\u00e4n \u00e4r opatriotiska eller fega, kan han f\u00f6r\u00e4ndra dem med sin konst.<\/p>\n<p>Konstn\u00e4rerna \u00e4r de vackraste blommorna i skapelsen, Skaparens vackraste dr\u00f6mmar och viktiga delar av samh\u00e4llet. De f\u00f6rst\u00e5r inte hur \u00e4lskade de egentligen \u00e4r&#8230;<\/p>\n\n","protected":false},"excerpt":{"rendered":"<p>Konstens v\u00e4rde Utdrag ur en souvenir som distribuerades i Indien 1961 Konstn\u00e4rer b\u00f6r f\u00f6rs\u00f6ka lyfta allm\u00e4nhetens smak till en h\u00f6gre niv\u00e5 ist\u00e4llet f\u00f6r att ge publiken det den vill ha. P\u00e5 s\u00e5 s\u00e4tt beh\u00e5ller konstn\u00e4rena sin frihet. Upplysta konstn\u00e4rer kan sprida sina id\u00e9er genom att kontakta skolor och sociala institutioner, skriva artiklar i tidningar och&hellip; <br \/> <a class=\"read-more\" href=\"https:\/\/shrimataji.org\/test\/sv\/konstens-varde\/\">Read more<\/a><\/p>\n","protected":false},"author":58,"featured_media":23085,"parent":0,"menu_order":0,"comment_status":"closed","ping_status":"closed","template":"","meta":{"inline_featured_image":false,"footnotes":""},"class_list":["post-23084","page","type-page","status-publish","has-post-thumbnail","hentry"],"yoast_head":"<!-- This site is optimized with the Yoast SEO plugin v27.4 - https:\/\/yoast.com\/product\/yoast-seo-wordpress\/ -->\n<title>Konstens v\u00e4rde - TEST - SMND<\/title>\n<meta name=\"robots\" content=\"noindex, follow, max-snippet:-1, max-image-preview:large, max-video-preview:-1\" \/>\n<meta property=\"og:locale\" content=\"en_US\" \/>\n<meta property=\"og:type\" content=\"article\" \/>\n<meta property=\"og:title\" content=\"Konstens v\u00e4rde - TEST - SMND\" \/>\n<meta property=\"og:description\" content=\"Konstens v\u00e4rde Utdrag ur en souvenir som distribuerades i Indien 1961 Konstn\u00e4rer b\u00f6r f\u00f6rs\u00f6ka lyfta allm\u00e4nhetens smak till en h\u00f6gre niv\u00e5 ist\u00e4llet f\u00f6r att ge publiken det den vill ha. P\u00e5 s\u00e5 s\u00e4tt beh\u00e5ller konstn\u00e4rena sin frihet. Upplysta konstn\u00e4rer kan sprida sina id\u00e9er genom att kontakta skolor och sociala institutioner, skriva artiklar i tidningar och&hellip; Read more\" \/>\n<meta property=\"og:url\" content=\"https:\/\/shrimataji.org\/test\/sv\/konstens-varde\/\" \/>\n<meta property=\"og:site_name\" content=\"TEST - SMND\" \/>\n<meta property=\"article:publisher\" content=\"https:\/\/www.facebook.com\/shrimataji\" \/>\n<meta property=\"article:modified_time\" content=\"2025-04-25T12:36:27+00:00\" \/>\n<meta property=\"og:image\" content=\"https:\/\/shrimataji.org\/test\/wp-content\/uploads\/2018\/07\/media_originals\/images\/headers-general\/queen-mayas-dream-by-graham-brown.jpg\" \/>\n\t<meta property=\"og:image:width\" content=\"990\" \/>\n\t<meta property=\"og:image:height\" content=\"350\" \/>\n\t<meta property=\"og:image:type\" content=\"image\/jpeg\" \/>\n<meta name=\"twitter:card\" content=\"summary_large_image\" \/>\n<meta name=\"twitter:site\" content=\"@shrimataji\" \/>\n<script type=\"application\/ld+json\" class=\"yoast-schema-graph\">{\"@context\":\"https:\\\/\\\/schema.org\",\"@graph\":[{\"@type\":\"WebPage\",\"@id\":\"https:\\\/\\\/shrimataji.org\\\/test\\\/sv\\\/konstens-varde\\\/\",\"url\":\"https:\\\/\\\/shrimataji.org\\\/test\\\/sv\\\/konstens-varde\\\/\",\"name\":\"Konstens v\u00e4rde - TEST - SMND\",\"isPartOf\":{\"@id\":\"https:\\\/\\\/shrimataji.org\\\/test\\\/#website\"},\"primaryImageOfPage\":{\"@id\":\"https:\\\/\\\/shrimataji.org\\\/test\\\/sv\\\/konstens-varde\\\/#primaryimage\"},\"image\":{\"@id\":\"https:\\\/\\\/shrimataji.org\\\/test\\\/sv\\\/konstens-varde\\\/#primaryimage\"},\"thumbnailUrl\":\"https:\\\/\\\/shrimataji.org\\\/test\\\/wp-content\\\/uploads\\\/2018\\\/07\\\/media_originals\\\/images\\\/headers-general\\\/queen-mayas-dream-by-graham-brown.jpg\",\"datePublished\":\"2012-10-02T13:00:00+00:00\",\"dateModified\":\"2025-04-25T12:36:27+00:00\",\"breadcrumb\":{\"@id\":\"https:\\\/\\\/shrimataji.org\\\/test\\\/sv\\\/konstens-varde\\\/#breadcrumb\"},\"inLanguage\":\"en-US\",\"potentialAction\":[{\"@type\":\"ReadAction\",\"target\":[\"https:\\\/\\\/shrimataji.org\\\/test\\\/sv\\\/konstens-varde\\\/\"]}]},{\"@type\":\"ImageObject\",\"inLanguage\":\"en-US\",\"@id\":\"https:\\\/\\\/shrimataji.org\\\/test\\\/sv\\\/konstens-varde\\\/#primaryimage\",\"url\":\"https:\\\/\\\/shrimataji.org\\\/test\\\/wp-content\\\/uploads\\\/2018\\\/07\\\/media_originals\\\/images\\\/headers-general\\\/queen-mayas-dream-by-graham-brown.jpg\",\"contentUrl\":\"https:\\\/\\\/shrimataji.org\\\/test\\\/wp-content\\\/uploads\\\/2018\\\/07\\\/media_originals\\\/images\\\/headers-general\\\/queen-mayas-dream-by-graham-brown.jpg\",\"width\":990,\"height\":350},{\"@type\":\"BreadcrumbList\",\"@id\":\"https:\\\/\\\/shrimataji.org\\\/test\\\/sv\\\/konstens-varde\\\/#breadcrumb\",\"itemListElement\":[{\"@type\":\"ListItem\",\"position\":1,\"name\":\"Home\",\"item\":\"https:\\\/\\\/shrimataji.org\\\/test\\\/uk\\\/home-en\\\/\"},{\"@type\":\"ListItem\",\"position\":2,\"name\":\"Konstens v\u00e4rde\"}]},{\"@type\":\"WebSite\",\"@id\":\"https:\\\/\\\/shrimataji.org\\\/test\\\/#website\",\"url\":\"https:\\\/\\\/shrimataji.org\\\/test\\\/\",\"name\":\"Shri Mataji Nirmala Devi\",\"description\":\"A Life Dedicated to Humanity\",\"publisher\":{\"@id\":\"https:\\\/\\\/shrimataji.org\\\/test\\\/#\\\/schema\\\/person\\\/a1b3419c6585f164aa96da1ff85715d1\"},\"potentialAction\":[{\"@type\":\"SearchAction\",\"target\":{\"@type\":\"EntryPoint\",\"urlTemplate\":\"https:\\\/\\\/shrimataji.org\\\/test\\\/?s={search_term_string}\"},\"query-input\":{\"@type\":\"PropertyValueSpecification\",\"valueRequired\":true,\"valueName\":\"search_term_string\"}}],\"inLanguage\":\"en-US\"},{\"@type\":[\"Person\",\"Organization\"],\"@id\":\"https:\\\/\\\/shrimataji.org\\\/test\\\/#\\\/schema\\\/person\\\/a1b3419c6585f164aa96da1ff85715d1\",\"name\":\"Nirmala Shrivastava\",\"image\":{\"@type\":\"ImageObject\",\"inLanguage\":\"en-US\",\"@id\":\"https:\\\/\\\/shrimataji.org\\\/test\\\/wp-content\\\/uploads\\\/2023\\\/02\\\/SMO_LOGO-03.svg\",\"url\":\"https:\\\/\\\/shrimataji.org\\\/test\\\/wp-content\\\/uploads\\\/2023\\\/02\\\/SMO_LOGO-03.svg\",\"contentUrl\":\"https:\\\/\\\/shrimataji.org\\\/test\\\/wp-content\\\/uploads\\\/2023\\\/02\\\/SMO_LOGO-03.svg\",\"width\":\"1024\",\"height\":\"1024\",\"caption\":\"Nirmala Shrivastava\"},\"logo\":{\"@id\":\"https:\\\/\\\/shrimataji.org\\\/test\\\/wp-content\\\/uploads\\\/2023\\\/02\\\/SMO_LOGO-03.svg\"},\"sameAs\":[\"https:\\\/\\\/shrimataji.org\\\/test\",\"https:\\\/\\\/www.facebook.com\\\/shrimataji\",\"https:\\\/\\\/x.com\\\/shrimataji\",\"https:\\\/\\\/www.youtube.com\\\/@Shri_Mataji_Nirmala_Devi\\\/featured\"]}]}<\/script>\n<!-- \/ Yoast SEO plugin. -->","yoast_head_json":{"title":"Konstens v\u00e4rde - TEST - SMND","robots":{"index":"noindex","follow":"follow","max-snippet":"max-snippet:-1","max-image-preview":"max-image-preview:large","max-video-preview":"max-video-preview:-1"},"og_locale":"en_US","og_type":"article","og_title":"Konstens v\u00e4rde - TEST - SMND","og_description":"Konstens v\u00e4rde Utdrag ur en souvenir som distribuerades i Indien 1961 Konstn\u00e4rer b\u00f6r f\u00f6rs\u00f6ka lyfta allm\u00e4nhetens smak till en h\u00f6gre niv\u00e5 ist\u00e4llet f\u00f6r att ge publiken det den vill ha. P\u00e5 s\u00e5 s\u00e4tt beh\u00e5ller konstn\u00e4rena sin frihet. Upplysta konstn\u00e4rer kan sprida sina id\u00e9er genom att kontakta skolor och sociala institutioner, skriva artiklar i tidningar och&hellip; Read more","og_url":"https:\/\/shrimataji.org\/test\/sv\/konstens-varde\/","og_site_name":"TEST - SMND","article_publisher":"https:\/\/www.facebook.com\/shrimataji","article_modified_time":"2025-04-25T12:36:27+00:00","og_image":[{"width":990,"height":350,"url":"https:\/\/shrimataji.org\/test\/wp-content\/uploads\/2018\/07\/media_originals\/images\/headers-general\/queen-mayas-dream-by-graham-brown.jpg","type":"image\/jpeg"}],"twitter_card":"summary_large_image","twitter_site":"@shrimataji","schema":{"@context":"https:\/\/schema.org","@graph":[{"@type":"WebPage","@id":"https:\/\/shrimataji.org\/test\/sv\/konstens-varde\/","url":"https:\/\/shrimataji.org\/test\/sv\/konstens-varde\/","name":"Konstens v\u00e4rde - TEST - SMND","isPartOf":{"@id":"https:\/\/shrimataji.org\/test\/#website"},"primaryImageOfPage":{"@id":"https:\/\/shrimataji.org\/test\/sv\/konstens-varde\/#primaryimage"},"image":{"@id":"https:\/\/shrimataji.org\/test\/sv\/konstens-varde\/#primaryimage"},"thumbnailUrl":"https:\/\/shrimataji.org\/test\/wp-content\/uploads\/2018\/07\/media_originals\/images\/headers-general\/queen-mayas-dream-by-graham-brown.jpg","datePublished":"2012-10-02T13:00:00+00:00","dateModified":"2025-04-25T12:36:27+00:00","breadcrumb":{"@id":"https:\/\/shrimataji.org\/test\/sv\/konstens-varde\/#breadcrumb"},"inLanguage":"en-US","potentialAction":[{"@type":"ReadAction","target":["https:\/\/shrimataji.org\/test\/sv\/konstens-varde\/"]}]},{"@type":"ImageObject","inLanguage":"en-US","@id":"https:\/\/shrimataji.org\/test\/sv\/konstens-varde\/#primaryimage","url":"https:\/\/shrimataji.org\/test\/wp-content\/uploads\/2018\/07\/media_originals\/images\/headers-general\/queen-mayas-dream-by-graham-brown.jpg","contentUrl":"https:\/\/shrimataji.org\/test\/wp-content\/uploads\/2018\/07\/media_originals\/images\/headers-general\/queen-mayas-dream-by-graham-brown.jpg","width":990,"height":350},{"@type":"BreadcrumbList","@id":"https:\/\/shrimataji.org\/test\/sv\/konstens-varde\/#breadcrumb","itemListElement":[{"@type":"ListItem","position":1,"name":"Home","item":"https:\/\/shrimataji.org\/test\/uk\/home-en\/"},{"@type":"ListItem","position":2,"name":"Konstens v\u00e4rde"}]},{"@type":"WebSite","@id":"https:\/\/shrimataji.org\/test\/#website","url":"https:\/\/shrimataji.org\/test\/","name":"Shri Mataji Nirmala Devi","description":"A Life Dedicated to Humanity","publisher":{"@id":"https:\/\/shrimataji.org\/test\/#\/schema\/person\/a1b3419c6585f164aa96da1ff85715d1"},"potentialAction":[{"@type":"SearchAction","target":{"@type":"EntryPoint","urlTemplate":"https:\/\/shrimataji.org\/test\/?s={search_term_string}"},"query-input":{"@type":"PropertyValueSpecification","valueRequired":true,"valueName":"search_term_string"}}],"inLanguage":"en-US"},{"@type":["Person","Organization"],"@id":"https:\/\/shrimataji.org\/test\/#\/schema\/person\/a1b3419c6585f164aa96da1ff85715d1","name":"Nirmala Shrivastava","image":{"@type":"ImageObject","inLanguage":"en-US","@id":"https:\/\/shrimataji.org\/test\/wp-content\/uploads\/2023\/02\/SMO_LOGO-03.svg","url":"https:\/\/shrimataji.org\/test\/wp-content\/uploads\/2023\/02\/SMO_LOGO-03.svg","contentUrl":"https:\/\/shrimataji.org\/test\/wp-content\/uploads\/2023\/02\/SMO_LOGO-03.svg","width":"1024","height":"1024","caption":"Nirmala Shrivastava"},"logo":{"@id":"https:\/\/shrimataji.org\/test\/wp-content\/uploads\/2023\/02\/SMO_LOGO-03.svg"},"sameAs":["https:\/\/shrimataji.org\/test","https:\/\/www.facebook.com\/shrimataji","https:\/\/x.com\/shrimataji","https:\/\/www.youtube.com\/@Shri_Mataji_Nirmala_Devi\/featured"]}]}},"lang":"sv","translations":{"sv":23084,"ur":37521,"en":431,"am":18096,"th":20090,"hu":19588,"ar":16992,"sq":18497,"zh":17394,"tr":10222,"pt":10430,"de":10704,"fr":10802,"it":10900,"es":10997,"ja":11295,"ru":11483,"bn":11674,"te":11782,"sw":11905,"he":12053,"el":12345,"sk":12443,"fa":12541,"fi":12639,"bg":13494,"ro":14569,"cs":14762,"nl":16656,"ku":16816,"be":18704,"kn":18978,"mr":20454,"uk":20747,"ml":21042,"ta":22815,"gu":28919,"pa":29079,"fil":29533,"da":37829,"pl":38039,"nn":38381},"pll_sync_post":[],"_links":{"self":[{"href":"https:\/\/shrimataji.org\/test\/wp-json\/wp\/v2\/pages\/23084","targetHints":{"allow":["GET"]}}],"collection":[{"href":"https:\/\/shrimataji.org\/test\/wp-json\/wp\/v2\/pages"}],"about":[{"href":"https:\/\/shrimataji.org\/test\/wp-json\/wp\/v2\/types\/page"}],"author":[{"embeddable":true,"href":"https:\/\/shrimataji.org\/test\/wp-json\/wp\/v2\/users\/58"}],"replies":[{"embeddable":true,"href":"https:\/\/shrimataji.org\/test\/wp-json\/wp\/v2\/comments?post=23084"}],"version-history":[{"count":0,"href":"https:\/\/shrimataji.org\/test\/wp-json\/wp\/v2\/pages\/23084\/revisions"}],"wp:featuredmedia":[{"embeddable":true,"href":"https:\/\/shrimataji.org\/test\/wp-json\/wp\/v2\/media\/23085"}],"wp:attachment":[{"href":"https:\/\/shrimataji.org\/test\/wp-json\/wp\/v2\/media?parent=23084"}],"curies":[{"name":"wp","href":"https:\/\/api.w.org\/{rel}","templated":true}]}}