{"id":23086,"date":"2018-07-10T06:55:02","date_gmt":"2018-07-10T06:55:02","guid":{"rendered":"http:\/\/testwordpress.nirmalnagari.org\/smnd\/index.php\/the-international-day-of-yoga\/"},"modified":"2025-11-30T14:50:32","modified_gmt":"2025-11-30T14:50:32","slug":"internationella-yogadagen","status":"publish","type":"page","link":"https:\/\/shrimataji.org\/test\/sv\/internationella-yogadagen\/","title":{"rendered":"Internationella yogadagen"},"content":{"rendered":"\n\n\t<h1>Internationella yogadagen<\/h1>\n<h2>Pressmeddelande Milano, 21 juni 2015<\/h2>\n<p>Sahaja Yoga hyllar den internationella yogadagen med den sanna inneb\u00f6rden av detta ur\u00e5ldriga hantverk.<\/p>\n<p>Dagens firande av den ur\u00e5ldriga yogan kommer vid en tidpunkt d\u00e5 v\u00e4rlden st\u00e5r inf\u00f6r v\u00e4xande oro och os\u00e4kerhet. Den p\u00e5g\u00e5ende ekonomiska krisen, ekologiska problem och befolkningstryck har skapat en period av djup oro i m\u00e5nga delar av v\u00e4rlden, vilket \u00e4r anledningen till att s\u00e5 m\u00e5nga har funnit det n\u00f6dv\u00e4ndigt att \u00e5terv\u00e4nda till roten av v\u00e5rt andliga ursprung f\u00f6r att f\u00f6rs\u00f6ka finna mening. <\/p>\n<p>Sann autentisk yoga g\u00e5r l\u00e5ngt bortom n\u00e5gra f\u00e5 mantran och fysiska \u00f6vningar. Det ger en fundamental f\u00f6r\u00e4ndring i en individs uppfattningar, ett verkligt uppvaknande av medvetandet &#8211; och ingenstans k\u00e4nns detta mer kraftfullt \u00e4n genom ut\u00f6vandet av Sahaja Yoga. Denna unika meditation introducerades f\u00f6r v\u00e4rlden 1970 av Shri Mataji Nirmala Devi (www.shrimataji.org), en av v\u00e4rldens mest \u00e4lskade andliga l\u00e4rare, som tv\u00e5 g\u00e5nger nominerades till Nobels fredspris, och som \u00e4gnade sitt liv \u00e5t att skapa kraften av upplyst sj\u00e4lvk\u00e4nnedom till v\u00e4rlden.<\/p>\n<p>Till skillnad fr\u00e5n andra metoder som tar ut pengar, fokuserar Sahaja Yoga p\u00e5 sj\u00e4lva meditationen, snarare \u00e4n b\u00f6cker eller dyra kurser. Efter att ha l\u00e4rt sig grunderna i hur man mediterar och uppn\u00e5r medvetenhet utan tankar, ger sig varje ut\u00f6vare ut p\u00e5 en personlig uppt\u00e4cktsresa genom meditation, fr\u00e5n vilken allt fysiskt, mentalt och k\u00e4nslom\u00e4ssigt v\u00e4lbefinnande kommer. Det finns inga tentor, inga tidtabeller och inga catchy marknadsf\u00f6ringsslogans, bara meditationen och den djupa, inre tystnaden som den levererar.<\/p>\n<p>\u00d6ver hela v\u00e4rlden har tiotusentals Sahaja Yoga-ut\u00f6vare funnit den inre friden som kommer av att koppla jaget till det kollektiva medvetandet genom yoga, och varje vecka deltar tusentals fler i en av de kostnadsfria veckolektionerna i 126 l\u00e4nder f\u00f6r att sj\u00e4lva uppt\u00e4cka hur deras liv kan f\u00f6r\u00e4ndras med bara n\u00e5gra minuters meditation varje dag. Inga pengar debiteras n\u00e5gonsin f\u00f6r klasserna, och varje ut\u00f6vare uppmuntras att utforska denna djupaste upplevelse i sin egen takt.<\/p>\n<p>Verklig yoga har kraften att f\u00f6r\u00e4ndra inte bara individuella liv, utan hela samh\u00e4llen, och ingenstans \u00e4r det mer uppenbart \u00e4n i Sahaja Yoga-programmen f\u00f6r att hj\u00e4lpa eftersatta omr\u00e5den \u00f6ver hela v\u00e4rlden. Fr\u00e5n de fattiga jordbruksmarkerna i norra Indien till de krigsh\u00e4rjade flyktingl\u00e4gren i Mellan\u00f6stern, hittar du Sahaja Yoga-meditationsprogram som str\u00e4var efter att g\u00f6ra skillnad, f\u00f6r att skapa fred och f\u00f6rb\u00e4ttringar i traumatiska liv. Shri Matajis arbete och hennes vision forts\u00e4tter varhelst det finns ett behov av andlighet f\u00f6r att \u00e5terst\u00e4lla \u00e4kta k\u00e4rlek och m\u00e4nsklighet.<\/p>\n<p>Bes\u00f6kare till EXPO 2015-firandet i Milano, Italien, kan hitta mer information om India Basmati Stand eller genom att bes\u00f6ka live.sahajayoga.it f\u00f6r ett online-introduktionsseminarium som kommer att h\u00e5llas f\u00f6r att fira International Day of Yoga 2015.<\/p>\n\n","protected":false},"excerpt":{"rendered":"<p>Internationella yogadagen Pressmeddelande Milano, 21 juni 2015 Sahaja Yoga hyllar den internationella yogadagen med den sanna inneb\u00f6rden av detta ur\u00e5ldriga hantverk. Dagens firande av den ur\u00e5ldriga yogan kommer vid en tidpunkt d\u00e5 v\u00e4rlden st\u00e5r inf\u00f6r v\u00e4xande oro och os\u00e4kerhet. Den p\u00e5g\u00e5ende ekonomiska krisen, ekologiska problem och befolkningstryck har skapat en period av djup oro i&hellip; <br \/> <a class=\"read-more\" href=\"https:\/\/shrimataji.org\/test\/sv\/internationella-yogadagen\/\">Read more<\/a><\/p>\n","protected":false},"author":58,"featured_media":0,"parent":0,"menu_order":0,"comment_status":"closed","ping_status":"closed","template":"","meta":{"inline_featured_image":false,"footnotes":""},"class_list":["post-23086","page","type-page","status-publish","hentry"],"yoast_head":"<!-- This site is optimized with the Yoast SEO plugin v27.4 - https:\/\/yoast.com\/product\/yoast-seo-wordpress\/ -->\n<title>Internationella yogadagen - TEST - SMND<\/title>\n<meta name=\"robots\" content=\"noindex, follow, max-snippet:-1, max-image-preview:large, max-video-preview:-1\" \/>\n<meta property=\"og:locale\" content=\"en_US\" \/>\n<meta property=\"og:type\" content=\"article\" \/>\n<meta property=\"og:title\" content=\"Internationella yogadagen - TEST - SMND\" \/>\n<meta property=\"og:description\" content=\"Internationella yogadagen Pressmeddelande Milano, 21 juni 2015 Sahaja Yoga hyllar den internationella yogadagen med den sanna inneb\u00f6rden av detta ur\u00e5ldriga hantverk. Dagens firande av den ur\u00e5ldriga yogan kommer vid en tidpunkt d\u00e5 v\u00e4rlden st\u00e5r inf\u00f6r v\u00e4xande oro och os\u00e4kerhet. Den p\u00e5g\u00e5ende ekonomiska krisen, ekologiska problem och befolkningstryck har skapat en period av djup oro i&hellip; Read more\" \/>\n<meta property=\"og:url\" content=\"https:\/\/shrimataji.org\/test\/sv\/internationella-yogadagen\/\" \/>\n<meta property=\"og:site_name\" content=\"TEST - SMND\" \/>\n<meta property=\"article:publisher\" content=\"https:\/\/www.facebook.com\/shrimataji\" \/>\n<meta property=\"article:modified_time\" content=\"2025-11-30T14:50:32+00:00\" \/>\n<meta property=\"og:image\" content=\"https:\/\/shrimataji.org\/test\/wp-content\/uploads\/2018\/07\/fp11-e1588597806347.jpg\" \/>\n\t<meta property=\"og:image:width\" content=\"707\" \/>\n\t<meta property=\"og:image:height\" content=\"700\" \/>\n\t<meta property=\"og:image:type\" content=\"image\/jpeg\" \/>\n<meta name=\"twitter:card\" content=\"summary_large_image\" \/>\n<meta name=\"twitter:site\" content=\"@shrimataji\" \/>\n<meta name=\"twitter:label1\" content=\"Est. reading time\" \/>\n\t<meta name=\"twitter:data1\" content=\"3 minutes\" \/>\n<script type=\"application\/ld+json\" class=\"yoast-schema-graph\">{\"@context\":\"https:\\\/\\\/schema.org\",\"@graph\":[{\"@type\":\"WebPage\",\"@id\":\"https:\\\/\\\/shrimataji.org\\\/test\\\/sv\\\/internationella-yogadagen\\\/\",\"url\":\"https:\\\/\\\/shrimataji.org\\\/test\\\/sv\\\/internationella-yogadagen\\\/\",\"name\":\"Internationella yogadagen - TEST - SMND\",\"isPartOf\":{\"@id\":\"https:\\\/\\\/shrimataji.org\\\/test\\\/#website\"},\"datePublished\":\"2018-07-10T06:55:02+00:00\",\"dateModified\":\"2025-11-30T14:50:32+00:00\",\"breadcrumb\":{\"@id\":\"https:\\\/\\\/shrimataji.org\\\/test\\\/sv\\\/internationella-yogadagen\\\/#breadcrumb\"},\"inLanguage\":\"en-US\",\"potentialAction\":[{\"@type\":\"ReadAction\",\"target\":[\"https:\\\/\\\/shrimataji.org\\\/test\\\/sv\\\/internationella-yogadagen\\\/\"]}]},{\"@type\":\"BreadcrumbList\",\"@id\":\"https:\\\/\\\/shrimataji.org\\\/test\\\/sv\\\/internationella-yogadagen\\\/#breadcrumb\",\"itemListElement\":[{\"@type\":\"ListItem\",\"position\":1,\"name\":\"Home\",\"item\":\"https:\\\/\\\/shrimataji.org\\\/test\\\/uk\\\/home-en\\\/\"},{\"@type\":\"ListItem\",\"position\":2,\"name\":\"Internationella yogadagen\"}]},{\"@type\":\"WebSite\",\"@id\":\"https:\\\/\\\/shrimataji.org\\\/test\\\/#website\",\"url\":\"https:\\\/\\\/shrimataji.org\\\/test\\\/\",\"name\":\"Shri Mataji Nirmala Devi\",\"description\":\"A Life Dedicated to Humanity\",\"publisher\":{\"@id\":\"https:\\\/\\\/shrimataji.org\\\/test\\\/#\\\/schema\\\/person\\\/a1b3419c6585f164aa96da1ff85715d1\"},\"potentialAction\":[{\"@type\":\"SearchAction\",\"target\":{\"@type\":\"EntryPoint\",\"urlTemplate\":\"https:\\\/\\\/shrimataji.org\\\/test\\\/?s={search_term_string}\"},\"query-input\":{\"@type\":\"PropertyValueSpecification\",\"valueRequired\":true,\"valueName\":\"search_term_string\"}}],\"inLanguage\":\"en-US\"},{\"@type\":[\"Person\",\"Organization\"],\"@id\":\"https:\\\/\\\/shrimataji.org\\\/test\\\/#\\\/schema\\\/person\\\/a1b3419c6585f164aa96da1ff85715d1\",\"name\":\"Nirmala Shrivastava\",\"image\":{\"@type\":\"ImageObject\",\"inLanguage\":\"en-US\",\"@id\":\"https:\\\/\\\/shrimataji.org\\\/test\\\/wp-content\\\/uploads\\\/2023\\\/02\\\/SMO_LOGO-03.svg\",\"url\":\"https:\\\/\\\/shrimataji.org\\\/test\\\/wp-content\\\/uploads\\\/2023\\\/02\\\/SMO_LOGO-03.svg\",\"contentUrl\":\"https:\\\/\\\/shrimataji.org\\\/test\\\/wp-content\\\/uploads\\\/2023\\\/02\\\/SMO_LOGO-03.svg\",\"width\":\"1024\",\"height\":\"1024\",\"caption\":\"Nirmala Shrivastava\"},\"logo\":{\"@id\":\"https:\\\/\\\/shrimataji.org\\\/test\\\/wp-content\\\/uploads\\\/2023\\\/02\\\/SMO_LOGO-03.svg\"},\"sameAs\":[\"https:\\\/\\\/shrimataji.org\\\/test\",\"https:\\\/\\\/www.facebook.com\\\/shrimataji\",\"https:\\\/\\\/x.com\\\/shrimataji\",\"https:\\\/\\\/www.youtube.com\\\/@Shri_Mataji_Nirmala_Devi\\\/featured\"]}]}<\/script>\n<!-- \/ Yoast SEO plugin. -->","yoast_head_json":{"title":"Internationella yogadagen - TEST - SMND","robots":{"index":"noindex","follow":"follow","max-snippet":"max-snippet:-1","max-image-preview":"max-image-preview:large","max-video-preview":"max-video-preview:-1"},"og_locale":"en_US","og_type":"article","og_title":"Internationella yogadagen - TEST - SMND","og_description":"Internationella yogadagen Pressmeddelande Milano, 21 juni 2015 Sahaja Yoga hyllar den internationella yogadagen med den sanna inneb\u00f6rden av detta ur\u00e5ldriga hantverk. Dagens firande av den ur\u00e5ldriga yogan kommer vid en tidpunkt d\u00e5 v\u00e4rlden st\u00e5r inf\u00f6r v\u00e4xande oro och os\u00e4kerhet. Den p\u00e5g\u00e5ende ekonomiska krisen, ekologiska problem och befolkningstryck har skapat en period av djup oro i&hellip; Read more","og_url":"https:\/\/shrimataji.org\/test\/sv\/internationella-yogadagen\/","og_site_name":"TEST - SMND","article_publisher":"https:\/\/www.facebook.com\/shrimataji","article_modified_time":"2025-11-30T14:50:32+00:00","og_image":[{"width":707,"height":700,"url":"https:\/\/shrimataji.org\/test\/wp-content\/uploads\/2018\/07\/fp11-e1588597806347.jpg","type":"image\/jpeg"}],"twitter_card":"summary_large_image","twitter_site":"@shrimataji","twitter_misc":{"Est. reading time":"3 minutes"},"schema":{"@context":"https:\/\/schema.org","@graph":[{"@type":"WebPage","@id":"https:\/\/shrimataji.org\/test\/sv\/internationella-yogadagen\/","url":"https:\/\/shrimataji.org\/test\/sv\/internationella-yogadagen\/","name":"Internationella yogadagen - TEST - SMND","isPartOf":{"@id":"https:\/\/shrimataji.org\/test\/#website"},"datePublished":"2018-07-10T06:55:02+00:00","dateModified":"2025-11-30T14:50:32+00:00","breadcrumb":{"@id":"https:\/\/shrimataji.org\/test\/sv\/internationella-yogadagen\/#breadcrumb"},"inLanguage":"en-US","potentialAction":[{"@type":"ReadAction","target":["https:\/\/shrimataji.org\/test\/sv\/internationella-yogadagen\/"]}]},{"@type":"BreadcrumbList","@id":"https:\/\/shrimataji.org\/test\/sv\/internationella-yogadagen\/#breadcrumb","itemListElement":[{"@type":"ListItem","position":1,"name":"Home","item":"https:\/\/shrimataji.org\/test\/uk\/home-en\/"},{"@type":"ListItem","position":2,"name":"Internationella yogadagen"}]},{"@type":"WebSite","@id":"https:\/\/shrimataji.org\/test\/#website","url":"https:\/\/shrimataji.org\/test\/","name":"Shri Mataji Nirmala Devi","description":"A Life Dedicated to Humanity","publisher":{"@id":"https:\/\/shrimataji.org\/test\/#\/schema\/person\/a1b3419c6585f164aa96da1ff85715d1"},"potentialAction":[{"@type":"SearchAction","target":{"@type":"EntryPoint","urlTemplate":"https:\/\/shrimataji.org\/test\/?s={search_term_string}"},"query-input":{"@type":"PropertyValueSpecification","valueRequired":true,"valueName":"search_term_string"}}],"inLanguage":"en-US"},{"@type":["Person","Organization"],"@id":"https:\/\/shrimataji.org\/test\/#\/schema\/person\/a1b3419c6585f164aa96da1ff85715d1","name":"Nirmala Shrivastava","image":{"@type":"ImageObject","inLanguage":"en-US","@id":"https:\/\/shrimataji.org\/test\/wp-content\/uploads\/2023\/02\/SMO_LOGO-03.svg","url":"https:\/\/shrimataji.org\/test\/wp-content\/uploads\/2023\/02\/SMO_LOGO-03.svg","contentUrl":"https:\/\/shrimataji.org\/test\/wp-content\/uploads\/2023\/02\/SMO_LOGO-03.svg","width":"1024","height":"1024","caption":"Nirmala Shrivastava"},"logo":{"@id":"https:\/\/shrimataji.org\/test\/wp-content\/uploads\/2023\/02\/SMO_LOGO-03.svg"},"sameAs":["https:\/\/shrimataji.org\/test","https:\/\/www.facebook.com\/shrimataji","https:\/\/x.com\/shrimataji","https:\/\/www.youtube.com\/@Shri_Mataji_Nirmala_Devi\/featured"]}]}},"lang":"sv","translations":{"sv":23086,"en":505,"am":18098,"th":20093,"hu":19591,"ar":16994,"sq":18499,"zh":17396,"tr":10223,"pt":10431,"de":10705,"fr":10803,"it":10901,"es":10998,"ja":11296,"ru":11484,"bn":11675,"te":11783,"sw":11906,"he":12054,"el":12346,"sk":12444,"fa":12542,"fi":12640,"bg":13432,"ro":14506,"cs":14699,"nl":16658,"ku":16818,"be":18706,"kn":18980,"uk":20750,"ml":21045,"ta":22817,"gu":28921,"pa":29081,"fil":29535},"pll_sync_post":[],"_links":{"self":[{"href":"https:\/\/shrimataji.org\/test\/wp-json\/wp\/v2\/pages\/23086","targetHints":{"allow":["GET"]}}],"collection":[{"href":"https:\/\/shrimataji.org\/test\/wp-json\/wp\/v2\/pages"}],"about":[{"href":"https:\/\/shrimataji.org\/test\/wp-json\/wp\/v2\/types\/page"}],"author":[{"embeddable":true,"href":"https:\/\/shrimataji.org\/test\/wp-json\/wp\/v2\/users\/58"}],"replies":[{"embeddable":true,"href":"https:\/\/shrimataji.org\/test\/wp-json\/wp\/v2\/comments?post=23086"}],"version-history":[{"count":0,"href":"https:\/\/shrimataji.org\/test\/wp-json\/wp\/v2\/pages\/23086\/revisions"}],"wp:attachment":[{"href":"https:\/\/shrimataji.org\/test\/wp-json\/wp\/v2\/media?parent=23086"}],"curies":[{"name":"wp","href":"https:\/\/api.w.org\/{rel}","templated":true}]}}