{"id":23087,"date":"2018-07-10T06:54:50","date_gmt":"2018-07-10T06:54:50","guid":{"rendered":"http:\/\/testwordpress.nirmalnagari.org\/smnd\/index.php\/the-widening-circle\/"},"modified":"2026-01-06T13:37:12","modified_gmt":"2026-01-06T13:37:12","slug":"den-vidgade-cirkeln","status":"publish","type":"page","link":"https:\/\/shrimataji.org\/test\/sv\/den-vidgade-cirkeln\/","title":{"rendered":"Den vidgade cirkeln"},"content":{"rendered":"\n\n\t<h1>Den vidgande cirkeln<\/h1>\n<h2>F\u00f6r\u00e4ndringens vindar<\/h2>\n\t<h4>Den 27 maj 1964 dog Indiens f\u00f6rsta premi\u00e4rminister, Jawaharlal Nehru. Sir C.P. var i Storbritannien och deltog i en sj\u00f6fartskonferens. Tisdagen den 2 juni kom nyheten att Lal Bahadur Shastri hade valts till ny ledare f\u00f6r kongresspartiet och snart skulle bli Indiens andra premi\u00e4rminister.<\/h4>\n\t<p>N\u00e4r Sir C.P. \u00e5terv\u00e4nde till Mumbai fr\u00e5n Storbritannien, hade tidningarna skrivit om att Mr. Shastri hade blivit sjuk. Shri Mataji uppmanade sin man att genast \u00e5ka till New Delhi f\u00f6r att erbjuda sina tj\u00e4nster till Mr. Shastri. Hon k\u00e4nde starkt att eftersom Lal Bahadur Shastri hade f\u00f6rtroende f\u00f6r honom, var det hans plikt att hj\u00e4lpa honom p\u00e5 alla m\u00f6jliga s\u00e4tt.<\/p>\n<p>N\u00e5gra dagar senare, medan han deltog i ett m\u00f6te i New Delhi, kunde Sir C.P. bes\u00f6ka den tillfrisknande Mr. Shastri.<\/p>\n<p>Det var under detta slumpm\u00e4ssiga m\u00f6te som Lal Bahadur Shastri bad Shri Matajis man att bli medsekreterare f\u00f6r premi\u00e4rministern, som arbetade vid hans sida i den indiska nationens tj\u00e4nst.<\/p>\n\t\t\t\t<img decoding=\"async\" src=\"https:\/\/shrimataji.org\/test\/wp-content\/uploads\/2024\/12\/sv_shri-mataji-introducing-guests-to-lal-bahadur-shastri-in-mumbai.jpg\" alt=\"Shri Mataji presenterar g\u00e4ster f\u00f6r Lal Bahadur Shastri i Mumbai\" itemprop=\"image\" height=\"452\" width=\"674\" title=\"sv_shri-mataji-introducing-guests-to-lal-bahadur-shastri-in-mumbai\" onerror=\"this.style.display='none'\" loading=\"lazy\" \/>\n\t\tShri Mataji presenterar g\u00e4ster f\u00f6r Lal Bahadur Shastri i Mumbai\n\t<p>I sin biografi Lal Bahadur Shastri, a Life of Truth in Politics, s\u00e4ger Sir C.P: &#8220;N\u00e4r vi b\u00e5da bes\u00f6kte premi\u00e4rminister Shastri, pratade han ofta med NIrmala om helgon, visa m\u00e4n, religion och andlighet, omr\u00e5den d\u00e4r hon hade stor kunskap, han uppmuntrade till och med henne att g\u00e5 med i det indiska kongresspartiet. Men Nirmala var mer intresserad av andlighet och inte av politik.&#8221;<\/p>\n<p>Under \u00e5ren, medan hennes man var upptagen med statliga angel\u00e4genheter, var Shri Mataji en mycket tystl\u00e5ten socialarbetare. Hon samlade in pengar till ett sanatorium n\u00e4ra Chandrapur i Maharashtra. Hon blev ordf\u00f6rande f\u00f6r ett s\u00e4llskap som heter &#8216;Blindas v\u00e4nner&#8217;. I Meerut startade hon ett flyktinghem, ett hem f\u00f6r invalider och hj\u00e4lpte till med ett hem f\u00f6r spet\u00e4lska.<\/p>\n<p>I oktober 1969 gifte sig Shri Matajis f\u00f6rsta dotter, Kalpana, med Prabhat Shrivastav i Mumbai.<\/p>\n\t\t\t\t<img decoding=\"async\" src=\"https:\/\/shrimataji.org\/test\/wp-content\/uploads\/2024\/12\/sv_shri-mataji-with-daughter-kalpana-upon-her-marriage.jpg\" alt=\"Shri Mataji med dottern Kalpana, efter hennes br\u00f6llop.\" itemprop=\"image\" height=\"1440\" width=\"1085\" title=\"sv_shri-mataji-with-daughter-kalpana-upon-her-marriage\" onerror=\"this.style.display='none'\" loading=\"lazy\" \/>\n\t\tShri Mataji med dottern Kalpana, efter hennes br\u00f6llop.\n\t\t\t\t<img decoding=\"async\" src=\"https:\/\/shrimataji.org\/test\/wp-content\/uploads\/2024\/12\/sv_shri-mataji-with-sir-cp-and-prabhat-at-daughter-kalpanas-wedding.jpg\" alt=\"Shri Mataji med Sir CP och sv\u00e4rson Prabhat p\u00e5 dottern Kalpanas br\u00f6llop\" itemprop=\"image\" height=\"817\" width=\"1105\" title=\"sv_shri-mataji-with-sir-cp-and-prabhat-at-daughter-kalpanas-wedding\" onerror=\"this.style.display='none'\" loading=\"lazy\" \/>\n\t\tShri Mataji med Sir CP och sv\u00e4rson Prabhat p\u00e5 dottern Kalpanas br\u00f6llop\n\t<p>I b\u00f6rjan av oktober 1970 blev Shri Matajis egen mamma allvarligt sjuk. Hon \u00e5terv\u00e4nde fr\u00e5n en resa utomlands f\u00f6r att tr\u00e4ffa sin mamma och fann henne \u00f6verraskande p\u00e5 ett glatt hum\u00f6r. Hennes mamma fr\u00e5gade henne om hon hade hittat den metod som hennes pappa ville att hon skulle hitta. S\u00e5 Shri Mataji ber\u00e4ttade att hon hade hittat metoden f\u00f6r att ge massupplysning. S\u00f6ndagen den 11 oktober 1970 dog hennes mor, Cornelia Karuna Salve, i Nagpur.<\/p>\n<p>Strax d\u00e4refter blev Shri Mataji inbjuden till ett f\u00f6rsta Air India-flyg till Paris, varefter hon reste till Teheran f\u00f6r att bes\u00f6ka sin yngre bror H.P. Salve, som var utstationerad d\u00e4r av flygbolaget. <a name=\"citation-ref-1\" href=\"#citation-note-1\">[1]<\/a><\/p>\n<p>Samtidigt som H.P. blev gradvis medveten om att n\u00e5got hade f\u00f6r\u00e4ndrats inom hans \u00e4ldre syster. Faktum var att omkring 12 f\u00f6ljare i Indien hade blivit intresserade av Shri Mataji som l\u00e4rare och guru.<\/p>\n<p>Efter att ha avsl\u00f6jat f\u00f6r sin bror att hon tisdagen den 5 maj 1970 verkligen hade upplevt en kraftfull f\u00f6rvandling, uttryckte Shri Mataji en \u00f6nskan att ge sj\u00e4lvupplysning till n\u00e5gra v\u00e4nner till honom som var andligt intresserade. N\u00e4r de \u00e5terv\u00e4nde till Teheran fr\u00e5n en sightseeingresa till Shiraz, H.P. Salve ringde n\u00e5gra v\u00e4nner och arrangerade ett samtal med Shri Mataji. N\u00e4sta dag kom ett 20-tal v\u00e4nner och n\u00e5gra fr\u00e5n pressen till hans hus f\u00f6r att \u00e4ta middag, och \u00e4nnu viktigare, f\u00e5 deras andliga uppvaknande.<\/p>\n<p>Som H.P. Salve erinrade sig: &#8220;En gentleman, en Dr. Divan, verkade, efter att ha f\u00e5tt sin sj\u00e4lvupplysning, avge doft av sandeltr\u00e4 fr\u00e5n toppen av hans huvud. Jag blev ganska f\u00f6rv\u00e5nad \u00f6ver hur Shri Mataji kunde \u00f6verf\u00f6ra en s\u00e5dan doft till n\u00e5gons kropp genom att sitta p\u00e5 s\u00e5 l\u00e5ngt avst\u00e5nd. En parsidam kom p\u00e5 kryckor, eftersom hon hade akut artrit, men n\u00e4r hon gick efter sin sj\u00e4lvuppysning, gick hon utan kryckor och s\u00e5gs k\u00f6ra bil n\u00e4sta dag.&#8221;<\/p>\n<p>F\u00f6ljande dag tryckte ledande engelska tidningar i Teheran h\u00e4ndelsen som nyheter och de sa att det fanns vittnen till vad som hade h\u00e4nt, varefter m\u00e5nga m\u00e4nniskor str\u00f6mmade till f\u00f6r att se Shri Mataji. Som hennes bror uttryckte det, &#8220;Hennes popularitet var s\u00e5 stor att n\u00e4r hon f\u00f6rst kom till Teheran presenterade jag henne som min syster, men n\u00e4r hon l\u00e4mnade presenterades jag som hennes bror.&#8221; Snart blev H.P. Salve tilltalad som Babamama, en tillgiven term f\u00f6r &#8220;mammas bror&#8221;.<\/p>\n\t<h5>&#8220;Det vackraste vi kan uppleva \u00e4r det mystiska. Det \u00e4r k\u00e4llan till all sann konst och vetenskap.&#8221;<\/h5>\n<h5>Albert Einstein<\/h5>\n\t<hr \/>\n<h3>1. <a href=\"#citation-ref-1\">^<\/a><a name=\"citation-note-1\"><\/a> H. P. Salve, &#8216;My Memoirs&#8217; New Delhi: Life Eternal Trust, 2000.<\/h3>\n\n","protected":false},"excerpt":{"rendered":"<p>Den vidgande cirkeln F\u00f6r\u00e4ndringens vindar Den 27 maj 1964 dog Indiens f\u00f6rsta premi\u00e4rminister, Jawaharlal Nehru. Sir C.P. var i Storbritannien och deltog i en sj\u00f6fartskonferens. Tisdagen den 2 juni kom nyheten att Lal Bahadur Shastri hade valts till ny ledare f\u00f6r kongresspartiet och snart skulle bli Indiens andra premi\u00e4rminister. N\u00e4r Sir C.P. \u00e5terv\u00e4nde till Mumbai&hellip; <br \/> <a class=\"read-more\" href=\"https:\/\/shrimataji.org\/test\/sv\/den-vidgade-cirkeln\/\">Read more<\/a><\/p>\n","protected":false},"author":58,"featured_media":23088,"parent":0,"menu_order":0,"comment_status":"closed","ping_status":"closed","template":"","meta":{"inline_featured_image":false,"footnotes":""},"class_list":["post-23087","page","type-page","status-publish","has-post-thumbnail","hentry"],"yoast_head":"<!-- This site is optimized with the Yoast SEO plugin v27.4 - https:\/\/yoast.com\/product\/yoast-seo-wordpress\/ -->\n<title>Den vidgade cirkeln - TEST - SMND<\/title>\n<meta name=\"robots\" content=\"noindex, follow, max-snippet:-1, max-image-preview:large, max-video-preview:-1\" \/>\n<meta property=\"og:locale\" content=\"en_US\" \/>\n<meta property=\"og:type\" content=\"article\" \/>\n<meta property=\"og:title\" content=\"Den vidgade cirkeln - TEST - SMND\" \/>\n<meta property=\"og:description\" content=\"Den vidgande cirkeln F\u00f6r\u00e4ndringens vindar Den 27 maj 1964 dog Indiens f\u00f6rsta premi\u00e4rminister, Jawaharlal Nehru. Sir C.P. var i Storbritannien och deltog i en sj\u00f6fartskonferens. Tisdagen den 2 juni kom nyheten att Lal Bahadur Shastri hade valts till ny ledare f\u00f6r kongresspartiet och snart skulle bli Indiens andra premi\u00e4rminister. N\u00e4r Sir C.P. \u00e5terv\u00e4nde till Mumbai&hellip; Read more\" \/>\n<meta property=\"og:url\" content=\"https:\/\/shrimataji.org\/test\/sv\/den-vidgade-cirkeln\/\" \/>\n<meta property=\"og:site_name\" content=\"TEST - SMND\" \/>\n<meta property=\"article:publisher\" content=\"https:\/\/www.facebook.com\/shrimataji\" \/>\n<meta property=\"article:modified_time\" content=\"2026-01-06T13:37:12+00:00\" \/>\n<meta property=\"og:image\" content=\"https:\/\/shrimataji.org\/test\/wp-content\/uploads\/2023\/03\/10_Banner-PublicLife-WideningCircle_2-scaled.jpg\" \/>\n\t<meta property=\"og:image:width\" content=\"2560\" \/>\n\t<meta property=\"og:image:height\" content=\"905\" \/>\n\t<meta property=\"og:image:type\" content=\"image\/jpeg\" \/>\n<meta name=\"twitter:card\" content=\"summary_large_image\" \/>\n<meta name=\"twitter:site\" content=\"@shrimataji\" \/>\n<script type=\"application\/ld+json\" class=\"yoast-schema-graph\">{\"@context\":\"https:\\\/\\\/schema.org\",\"@graph\":[{\"@type\":\"WebPage\",\"@id\":\"https:\\\/\\\/shrimataji.org\\\/test\\\/sv\\\/den-vidgade-cirkeln\\\/\",\"url\":\"https:\\\/\\\/shrimataji.org\\\/test\\\/sv\\\/den-vidgade-cirkeln\\\/\",\"name\":\"Den vidgade cirkeln - TEST - SMND\",\"isPartOf\":{\"@id\":\"https:\\\/\\\/shrimataji.org\\\/test\\\/#website\"},\"primaryImageOfPage\":{\"@id\":\"https:\\\/\\\/shrimataji.org\\\/test\\\/sv\\\/den-vidgade-cirkeln\\\/#primaryimage\"},\"image\":{\"@id\":\"https:\\\/\\\/shrimataji.org\\\/test\\\/sv\\\/den-vidgade-cirkeln\\\/#primaryimage\"},\"thumbnailUrl\":\"https:\\\/\\\/shrimataji.org\\\/test\\\/wp-content\\\/uploads\\\/2023\\\/03\\\/10_Banner-PublicLife-WideningCircle_2-scaled.jpg\",\"datePublished\":\"2018-07-10T06:54:50+00:00\",\"dateModified\":\"2026-01-06T13:37:12+00:00\",\"breadcrumb\":{\"@id\":\"https:\\\/\\\/shrimataji.org\\\/test\\\/sv\\\/den-vidgade-cirkeln\\\/#breadcrumb\"},\"inLanguage\":\"en-US\",\"potentialAction\":[{\"@type\":\"ReadAction\",\"target\":[\"https:\\\/\\\/shrimataji.org\\\/test\\\/sv\\\/den-vidgade-cirkeln\\\/\"]}]},{\"@type\":\"ImageObject\",\"inLanguage\":\"en-US\",\"@id\":\"https:\\\/\\\/shrimataji.org\\\/test\\\/sv\\\/den-vidgade-cirkeln\\\/#primaryimage\",\"url\":\"https:\\\/\\\/shrimataji.org\\\/test\\\/wp-content\\\/uploads\\\/2023\\\/03\\\/10_Banner-PublicLife-WideningCircle_2-scaled.jpg\",\"contentUrl\":\"https:\\\/\\\/shrimataji.org\\\/test\\\/wp-content\\\/uploads\\\/2023\\\/03\\\/10_Banner-PublicLife-WideningCircle_2-scaled.jpg\",\"width\":2560,\"height\":905},{\"@type\":\"BreadcrumbList\",\"@id\":\"https:\\\/\\\/shrimataji.org\\\/test\\\/sv\\\/den-vidgade-cirkeln\\\/#breadcrumb\",\"itemListElement\":[{\"@type\":\"ListItem\",\"position\":1,\"name\":\"Home\",\"item\":\"https:\\\/\\\/shrimataji.org\\\/test\\\/uk\\\/home-en\\\/\"},{\"@type\":\"ListItem\",\"position\":2,\"name\":\"Den vidgade cirkeln\"}]},{\"@type\":\"WebSite\",\"@id\":\"https:\\\/\\\/shrimataji.org\\\/test\\\/#website\",\"url\":\"https:\\\/\\\/shrimataji.org\\\/test\\\/\",\"name\":\"Shri Mataji Nirmala Devi\",\"description\":\"A Life Dedicated to Humanity\",\"publisher\":{\"@id\":\"https:\\\/\\\/shrimataji.org\\\/test\\\/#\\\/schema\\\/person\\\/a1b3419c6585f164aa96da1ff85715d1\"},\"potentialAction\":[{\"@type\":\"SearchAction\",\"target\":{\"@type\":\"EntryPoint\",\"urlTemplate\":\"https:\\\/\\\/shrimataji.org\\\/test\\\/?s={search_term_string}\"},\"query-input\":{\"@type\":\"PropertyValueSpecification\",\"valueRequired\":true,\"valueName\":\"search_term_string\"}}],\"inLanguage\":\"en-US\"},{\"@type\":[\"Person\",\"Organization\"],\"@id\":\"https:\\\/\\\/shrimataji.org\\\/test\\\/#\\\/schema\\\/person\\\/a1b3419c6585f164aa96da1ff85715d1\",\"name\":\"Nirmala Shrivastava\",\"image\":{\"@type\":\"ImageObject\",\"inLanguage\":\"en-US\",\"@id\":\"https:\\\/\\\/shrimataji.org\\\/test\\\/wp-content\\\/uploads\\\/2023\\\/02\\\/SMO_LOGO-03.svg\",\"url\":\"https:\\\/\\\/shrimataji.org\\\/test\\\/wp-content\\\/uploads\\\/2023\\\/02\\\/SMO_LOGO-03.svg\",\"contentUrl\":\"https:\\\/\\\/shrimataji.org\\\/test\\\/wp-content\\\/uploads\\\/2023\\\/02\\\/SMO_LOGO-03.svg\",\"width\":\"1024\",\"height\":\"1024\",\"caption\":\"Nirmala Shrivastava\"},\"logo\":{\"@id\":\"https:\\\/\\\/shrimataji.org\\\/test\\\/wp-content\\\/uploads\\\/2023\\\/02\\\/SMO_LOGO-03.svg\"},\"sameAs\":[\"https:\\\/\\\/shrimataji.org\\\/test\",\"https:\\\/\\\/www.facebook.com\\\/shrimataji\",\"https:\\\/\\\/x.com\\\/shrimataji\",\"https:\\\/\\\/www.youtube.com\\\/@Shri_Mataji_Nirmala_Devi\\\/featured\"]}]}<\/script>\n<!-- \/ Yoast SEO plugin. -->","yoast_head_json":{"title":"Den vidgade cirkeln - TEST - SMND","robots":{"index":"noindex","follow":"follow","max-snippet":"max-snippet:-1","max-image-preview":"max-image-preview:large","max-video-preview":"max-video-preview:-1"},"og_locale":"en_US","og_type":"article","og_title":"Den vidgade cirkeln - TEST - SMND","og_description":"Den vidgande cirkeln F\u00f6r\u00e4ndringens vindar Den 27 maj 1964 dog Indiens f\u00f6rsta premi\u00e4rminister, Jawaharlal Nehru. Sir C.P. var i Storbritannien och deltog i en sj\u00f6fartskonferens. Tisdagen den 2 juni kom nyheten att Lal Bahadur Shastri hade valts till ny ledare f\u00f6r kongresspartiet och snart skulle bli Indiens andra premi\u00e4rminister. N\u00e4r Sir C.P. \u00e5terv\u00e4nde till Mumbai&hellip; Read more","og_url":"https:\/\/shrimataji.org\/test\/sv\/den-vidgade-cirkeln\/","og_site_name":"TEST - SMND","article_publisher":"https:\/\/www.facebook.com\/shrimataji","article_modified_time":"2026-01-06T13:37:12+00:00","og_image":[{"width":2560,"height":905,"url":"https:\/\/shrimataji.org\/test\/wp-content\/uploads\/2023\/03\/10_Banner-PublicLife-WideningCircle_2-scaled.jpg","type":"image\/jpeg"}],"twitter_card":"summary_large_image","twitter_site":"@shrimataji","schema":{"@context":"https:\/\/schema.org","@graph":[{"@type":"WebPage","@id":"https:\/\/shrimataji.org\/test\/sv\/den-vidgade-cirkeln\/","url":"https:\/\/shrimataji.org\/test\/sv\/den-vidgade-cirkeln\/","name":"Den vidgade cirkeln - TEST - SMND","isPartOf":{"@id":"https:\/\/shrimataji.org\/test\/#website"},"primaryImageOfPage":{"@id":"https:\/\/shrimataji.org\/test\/sv\/den-vidgade-cirkeln\/#primaryimage"},"image":{"@id":"https:\/\/shrimataji.org\/test\/sv\/den-vidgade-cirkeln\/#primaryimage"},"thumbnailUrl":"https:\/\/shrimataji.org\/test\/wp-content\/uploads\/2023\/03\/10_Banner-PublicLife-WideningCircle_2-scaled.jpg","datePublished":"2018-07-10T06:54:50+00:00","dateModified":"2026-01-06T13:37:12+00:00","breadcrumb":{"@id":"https:\/\/shrimataji.org\/test\/sv\/den-vidgade-cirkeln\/#breadcrumb"},"inLanguage":"en-US","potentialAction":[{"@type":"ReadAction","target":["https:\/\/shrimataji.org\/test\/sv\/den-vidgade-cirkeln\/"]}]},{"@type":"ImageObject","inLanguage":"en-US","@id":"https:\/\/shrimataji.org\/test\/sv\/den-vidgade-cirkeln\/#primaryimage","url":"https:\/\/shrimataji.org\/test\/wp-content\/uploads\/2023\/03\/10_Banner-PublicLife-WideningCircle_2-scaled.jpg","contentUrl":"https:\/\/shrimataji.org\/test\/wp-content\/uploads\/2023\/03\/10_Banner-PublicLife-WideningCircle_2-scaled.jpg","width":2560,"height":905},{"@type":"BreadcrumbList","@id":"https:\/\/shrimataji.org\/test\/sv\/den-vidgade-cirkeln\/#breadcrumb","itemListElement":[{"@type":"ListItem","position":1,"name":"Home","item":"https:\/\/shrimataji.org\/test\/uk\/home-en\/"},{"@type":"ListItem","position":2,"name":"Den vidgade cirkeln"}]},{"@type":"WebSite","@id":"https:\/\/shrimataji.org\/test\/#website","url":"https:\/\/shrimataji.org\/test\/","name":"Shri Mataji Nirmala Devi","description":"A Life Dedicated to Humanity","publisher":{"@id":"https:\/\/shrimataji.org\/test\/#\/schema\/person\/a1b3419c6585f164aa96da1ff85715d1"},"potentialAction":[{"@type":"SearchAction","target":{"@type":"EntryPoint","urlTemplate":"https:\/\/shrimataji.org\/test\/?s={search_term_string}"},"query-input":{"@type":"PropertyValueSpecification","valueRequired":true,"valueName":"search_term_string"}}],"inLanguage":"en-US"},{"@type":["Person","Organization"],"@id":"https:\/\/shrimataji.org\/test\/#\/schema\/person\/a1b3419c6585f164aa96da1ff85715d1","name":"Nirmala Shrivastava","image":{"@type":"ImageObject","inLanguage":"en-US","@id":"https:\/\/shrimataji.org\/test\/wp-content\/uploads\/2023\/02\/SMO_LOGO-03.svg","url":"https:\/\/shrimataji.org\/test\/wp-content\/uploads\/2023\/02\/SMO_LOGO-03.svg","contentUrl":"https:\/\/shrimataji.org\/test\/wp-content\/uploads\/2023\/02\/SMO_LOGO-03.svg","width":"1024","height":"1024","caption":"Nirmala Shrivastava"},"logo":{"@id":"https:\/\/shrimataji.org\/test\/wp-content\/uploads\/2023\/02\/SMO_LOGO-03.svg"},"sameAs":["https:\/\/shrimataji.org\/test","https:\/\/www.facebook.com\/shrimataji","https:\/\/x.com\/shrimataji","https:\/\/www.youtube.com\/@Shri_Mataji_Nirmala_Devi\/featured"]}]}},"lang":"sv","translations":{"sv":23087,"ur":37524,"en":37234,"hu":19593,"am":18099,"th":20095,"ar":16995,"sq":18500,"zh":17397,"hi":8269,"tr":10224,"pt":10432,"de":10706,"fr":10804,"it":10902,"es":10999,"ja":11297,"ru":11485,"bn":11676,"te":11784,"sw":11907,"he":12055,"el":12347,"sk":12445,"fa":12543,"fi":12641,"bg":13447,"ro":14521,"cs":14714,"nl":16659,"ku":16819,"be":18707,"kn":18981,"mr":20459,"uk":20752,"ml":21047,"ta":22818,"gu":28922,"pa":29082,"fil":29536,"da":37831,"pl":38041,"nn":38383},"pll_sync_post":[],"_links":{"self":[{"href":"https:\/\/shrimataji.org\/test\/wp-json\/wp\/v2\/pages\/23087","targetHints":{"allow":["GET"]}}],"collection":[{"href":"https:\/\/shrimataji.org\/test\/wp-json\/wp\/v2\/pages"}],"about":[{"href":"https:\/\/shrimataji.org\/test\/wp-json\/wp\/v2\/types\/page"}],"author":[{"embeddable":true,"href":"https:\/\/shrimataji.org\/test\/wp-json\/wp\/v2\/users\/58"}],"replies":[{"embeddable":true,"href":"https:\/\/shrimataji.org\/test\/wp-json\/wp\/v2\/comments?post=23087"}],"version-history":[{"count":0,"href":"https:\/\/shrimataji.org\/test\/wp-json\/wp\/v2\/pages\/23087\/revisions"}],"wp:featuredmedia":[{"embeddable":true,"href":"https:\/\/shrimataji.org\/test\/wp-json\/wp\/v2\/media\/23088"}],"wp:attachment":[{"href":"https:\/\/shrimataji.org\/test\/wp-json\/wp\/v2\/media?parent=23087"}],"curies":[{"name":"wp","href":"https:\/\/api.w.org\/{rel}","templated":true}]}}