{"id":23089,"date":"2018-07-10T06:54:54","date_gmt":"2018-07-10T06:54:54","guid":{"rendered":"http:\/\/testwordpress.nirmalnagari.org\/smnd\/index.php\/thoughtless-awareness\/"},"modified":"2025-04-25T12:36:47","modified_gmt":"2025-04-25T12:36:47","slug":"medvetande-utan-tankar","status":"publish","type":"page","link":"https:\/\/shrimataji.org\/test\/sv\/medvetande-utan-tankar\/","title":{"rendered":"Medvetande utan tankar"},"content":{"rendered":"\n\n\t<h1>Medvetande utan tankar<\/h1>\n<h2>Utdrag ur r\u00e5d som gavs den 27 mars 1994, 5 juli 1998 och under ett internationellt seminarium 1994.<\/h2>\n\t<p>Du \u00e4r medveten men utan tankar. Det \u00e4r platsen d\u00e4r du \u00e4r i nuet och \u00e4r fridfull. Det \u00e4r det tillst\u00e5nd d\u00e4r du v\u00e4xer andligt.<\/p>\n\t<p>Medvetenhet utan tankar \u00e4r det f\u00f6rsta vackra tillst\u00e5nd du m\u00e5ste uppn\u00e5. Det kommer att ge dig frid och ett tillst\u00e5nd d\u00e4r du kan bevittna och njuta av livets dramatik och d\u00e4r du kan njuta av variationen av alla olika m\u00e4nniskor medan du v\u00e4xer inom dig sj\u00e4v.<\/p>\n<p>Du njuter av allt vackert som skapas. Du t\u00e4nker inte p\u00e5 det och reagerar inte. Reaktionen \u00e4r att det finns gl\u00e4dje. Vilken sk\u00f6nhet det \u00e4r. Du t\u00e4nker inte vem som har gjort det, hur mycket det kommer att kosta &#8211; ingenting. Man blir utan tankar. Och medvetenhet utan tankar \u00e4r inget annat \u00e4n en str\u00f6mmande k\u00e4nsla av gl\u00e4dje &#8211; gl\u00e4dje som varken \u00e4r lycka eller olycka, utan singul\u00e4r.<\/p>\n<p>Du kan inte beskriva det med ord, men du kan verkligen k\u00e4nna det inom dig sj\u00e4lv, den d\u00e4r gl\u00e4djen av att vara Jaget. N\u00e4r du blir tankl\u00f6s, d\u00e5 kan du se och k\u00e4nna verkligheten.<\/p>\n\t<p><img loading=\"lazy\" decoding=\"async\" src=\"https:\/\/shrimataji.org\/test\/wp-content\/uploads\/2018\/07\/media_originals\/images\/flowers\/rose-flower-yellow-by-vera-subkus-201x300.jpg\" alt=\"\" width=\"201\" height=\"300\" \/><\/p>\n\n","protected":false},"excerpt":{"rendered":"<p>Medvetande utan tankar Utdrag ur r\u00e5d som gavs den 27 mars 1994, 5 juli 1998 och under ett internationellt seminarium 1994. Du \u00e4r medveten men utan tankar. Det \u00e4r platsen d\u00e4r du \u00e4r i nuet och \u00e4r fridfull. Det \u00e4r det tillst\u00e5nd d\u00e4r du v\u00e4xer andligt. Medvetenhet utan tankar \u00e4r det f\u00f6rsta vackra tillst\u00e5nd du&hellip; <br \/> <a class=\"read-more\" href=\"https:\/\/shrimataji.org\/test\/sv\/medvetande-utan-tankar\/\">Read more<\/a><\/p>\n","protected":false},"author":58,"featured_media":23090,"parent":0,"menu_order":0,"comment_status":"closed","ping_status":"closed","template":"","meta":{"inline_featured_image":false,"footnotes":""},"class_list":["post-23089","page","type-page","status-publish","has-post-thumbnail","hentry"],"yoast_head":"<!-- This site is optimized with the Yoast SEO plugin v27.4 - https:\/\/yoast.com\/product\/yoast-seo-wordpress\/ -->\n<title>Medvetande utan tankar - TEST - SMND<\/title>\n<meta name=\"robots\" content=\"noindex, follow, max-snippet:-1, max-image-preview:large, max-video-preview:-1\" \/>\n<meta property=\"og:locale\" content=\"en_US\" \/>\n<meta property=\"og:type\" content=\"article\" \/>\n<meta property=\"og:title\" content=\"Medvetande utan tankar - TEST - SMND\" \/>\n<meta property=\"og:description\" content=\"Medvetande utan tankar Utdrag ur r\u00e5d som gavs den 27 mars 1994, 5 juli 1998 och under ett internationellt seminarium 1994. Du \u00e4r medveten men utan tankar. Det \u00e4r platsen d\u00e4r du \u00e4r i nuet och \u00e4r fridfull. Det \u00e4r det tillst\u00e5nd d\u00e4r du v\u00e4xer andligt. Medvetenhet utan tankar \u00e4r det f\u00f6rsta vackra tillst\u00e5nd du&hellip; Read more\" \/>\n<meta property=\"og:url\" content=\"https:\/\/shrimataji.org\/test\/sv\/medvetande-utan-tankar\/\" \/>\n<meta property=\"og:site_name\" content=\"TEST - SMND\" \/>\n<meta property=\"article:publisher\" content=\"https:\/\/www.facebook.com\/shrimataji\" \/>\n<meta property=\"article:modified_time\" content=\"2025-04-25T12:36:47+00:00\" \/>\n<meta property=\"og:image\" content=\"https:\/\/shrimataji.org\/test\/wp-content\/uploads\/2018\/07\/media_originals\/images\/headers-general\/thoughtless-awareness-is-peace-and-joy.jpg\" \/>\n\t<meta property=\"og:image:width\" content=\"990\" \/>\n\t<meta property=\"og:image:height\" content=\"350\" \/>\n\t<meta property=\"og:image:type\" content=\"image\/jpeg\" \/>\n<meta name=\"twitter:card\" content=\"summary_large_image\" \/>\n<meta name=\"twitter:site\" content=\"@shrimataji\" \/>\n<script type=\"application\/ld+json\" class=\"yoast-schema-graph\">{\"@context\":\"https:\\\/\\\/schema.org\",\"@graph\":[{\"@type\":\"WebPage\",\"@id\":\"https:\\\/\\\/shrimataji.org\\\/test\\\/sv\\\/medvetande-utan-tankar\\\/\",\"url\":\"https:\\\/\\\/shrimataji.org\\\/test\\\/sv\\\/medvetande-utan-tankar\\\/\",\"name\":\"Medvetande utan tankar - TEST - SMND\",\"isPartOf\":{\"@id\":\"https:\\\/\\\/shrimataji.org\\\/test\\\/#website\"},\"primaryImageOfPage\":{\"@id\":\"https:\\\/\\\/shrimataji.org\\\/test\\\/sv\\\/medvetande-utan-tankar\\\/#primaryimage\"},\"image\":{\"@id\":\"https:\\\/\\\/shrimataji.org\\\/test\\\/sv\\\/medvetande-utan-tankar\\\/#primaryimage\"},\"thumbnailUrl\":\"https:\\\/\\\/shrimataji.org\\\/test\\\/wp-content\\\/uploads\\\/2018\\\/07\\\/media_originals\\\/images\\\/headers-general\\\/thoughtless-awareness-is-peace-and-joy.jpg\",\"datePublished\":\"2018-07-10T06:54:54+00:00\",\"dateModified\":\"2025-04-25T12:36:47+00:00\",\"breadcrumb\":{\"@id\":\"https:\\\/\\\/shrimataji.org\\\/test\\\/sv\\\/medvetande-utan-tankar\\\/#breadcrumb\"},\"inLanguage\":\"en-US\",\"potentialAction\":[{\"@type\":\"ReadAction\",\"target\":[\"https:\\\/\\\/shrimataji.org\\\/test\\\/sv\\\/medvetande-utan-tankar\\\/\"]}]},{\"@type\":\"ImageObject\",\"inLanguage\":\"en-US\",\"@id\":\"https:\\\/\\\/shrimataji.org\\\/test\\\/sv\\\/medvetande-utan-tankar\\\/#primaryimage\",\"url\":\"https:\\\/\\\/shrimataji.org\\\/test\\\/wp-content\\\/uploads\\\/2018\\\/07\\\/media_originals\\\/images\\\/headers-general\\\/thoughtless-awareness-is-peace-and-joy.jpg\",\"contentUrl\":\"https:\\\/\\\/shrimataji.org\\\/test\\\/wp-content\\\/uploads\\\/2018\\\/07\\\/media_originals\\\/images\\\/headers-general\\\/thoughtless-awareness-is-peace-and-joy.jpg\",\"width\":990,\"height\":350},{\"@type\":\"BreadcrumbList\",\"@id\":\"https:\\\/\\\/shrimataji.org\\\/test\\\/sv\\\/medvetande-utan-tankar\\\/#breadcrumb\",\"itemListElement\":[{\"@type\":\"ListItem\",\"position\":1,\"name\":\"Home\",\"item\":\"https:\\\/\\\/shrimataji.org\\\/test\\\/uk\\\/home-en\\\/\"},{\"@type\":\"ListItem\",\"position\":2,\"name\":\"Medvetande utan tankar\"}]},{\"@type\":\"WebSite\",\"@id\":\"https:\\\/\\\/shrimataji.org\\\/test\\\/#website\",\"url\":\"https:\\\/\\\/shrimataji.org\\\/test\\\/\",\"name\":\"Shri Mataji Nirmala Devi\",\"description\":\"A Life Dedicated to Humanity\",\"publisher\":{\"@id\":\"https:\\\/\\\/shrimataji.org\\\/test\\\/#\\\/schema\\\/person\\\/a1b3419c6585f164aa96da1ff85715d1\"},\"potentialAction\":[{\"@type\":\"SearchAction\",\"target\":{\"@type\":\"EntryPoint\",\"urlTemplate\":\"https:\\\/\\\/shrimataji.org\\\/test\\\/?s={search_term_string}\"},\"query-input\":{\"@type\":\"PropertyValueSpecification\",\"valueRequired\":true,\"valueName\":\"search_term_string\"}}],\"inLanguage\":\"en-US\"},{\"@type\":[\"Person\",\"Organization\"],\"@id\":\"https:\\\/\\\/shrimataji.org\\\/test\\\/#\\\/schema\\\/person\\\/a1b3419c6585f164aa96da1ff85715d1\",\"name\":\"Nirmala Shrivastava\",\"image\":{\"@type\":\"ImageObject\",\"inLanguage\":\"en-US\",\"@id\":\"https:\\\/\\\/shrimataji.org\\\/test\\\/wp-content\\\/uploads\\\/2023\\\/02\\\/SMO_LOGO-03.svg\",\"url\":\"https:\\\/\\\/shrimataji.org\\\/test\\\/wp-content\\\/uploads\\\/2023\\\/02\\\/SMO_LOGO-03.svg\",\"contentUrl\":\"https:\\\/\\\/shrimataji.org\\\/test\\\/wp-content\\\/uploads\\\/2023\\\/02\\\/SMO_LOGO-03.svg\",\"width\":\"1024\",\"height\":\"1024\",\"caption\":\"Nirmala Shrivastava\"},\"logo\":{\"@id\":\"https:\\\/\\\/shrimataji.org\\\/test\\\/wp-content\\\/uploads\\\/2023\\\/02\\\/SMO_LOGO-03.svg\"},\"sameAs\":[\"https:\\\/\\\/shrimataji.org\\\/test\",\"https:\\\/\\\/www.facebook.com\\\/shrimataji\",\"https:\\\/\\\/x.com\\\/shrimataji\",\"https:\\\/\\\/www.youtube.com\\\/@Shri_Mataji_Nirmala_Devi\\\/featured\"]}]}<\/script>\n<!-- \/ Yoast SEO plugin. -->","yoast_head_json":{"title":"Medvetande utan tankar - TEST - SMND","robots":{"index":"noindex","follow":"follow","max-snippet":"max-snippet:-1","max-image-preview":"max-image-preview:large","max-video-preview":"max-video-preview:-1"},"og_locale":"en_US","og_type":"article","og_title":"Medvetande utan tankar - TEST - SMND","og_description":"Medvetande utan tankar Utdrag ur r\u00e5d som gavs den 27 mars 1994, 5 juli 1998 och under ett internationellt seminarium 1994. Du \u00e4r medveten men utan tankar. Det \u00e4r platsen d\u00e4r du \u00e4r i nuet och \u00e4r fridfull. Det \u00e4r det tillst\u00e5nd d\u00e4r du v\u00e4xer andligt. Medvetenhet utan tankar \u00e4r det f\u00f6rsta vackra tillst\u00e5nd du&hellip; Read more","og_url":"https:\/\/shrimataji.org\/test\/sv\/medvetande-utan-tankar\/","og_site_name":"TEST - SMND","article_publisher":"https:\/\/www.facebook.com\/shrimataji","article_modified_time":"2025-04-25T12:36:47+00:00","og_image":[{"width":990,"height":350,"url":"https:\/\/shrimataji.org\/test\/wp-content\/uploads\/2018\/07\/media_originals\/images\/headers-general\/thoughtless-awareness-is-peace-and-joy.jpg","type":"image\/jpeg"}],"twitter_card":"summary_large_image","twitter_site":"@shrimataji","schema":{"@context":"https:\/\/schema.org","@graph":[{"@type":"WebPage","@id":"https:\/\/shrimataji.org\/test\/sv\/medvetande-utan-tankar\/","url":"https:\/\/shrimataji.org\/test\/sv\/medvetande-utan-tankar\/","name":"Medvetande utan tankar - TEST - SMND","isPartOf":{"@id":"https:\/\/shrimataji.org\/test\/#website"},"primaryImageOfPage":{"@id":"https:\/\/shrimataji.org\/test\/sv\/medvetande-utan-tankar\/#primaryimage"},"image":{"@id":"https:\/\/shrimataji.org\/test\/sv\/medvetande-utan-tankar\/#primaryimage"},"thumbnailUrl":"https:\/\/shrimataji.org\/test\/wp-content\/uploads\/2018\/07\/media_originals\/images\/headers-general\/thoughtless-awareness-is-peace-and-joy.jpg","datePublished":"2018-07-10T06:54:54+00:00","dateModified":"2025-04-25T12:36:47+00:00","breadcrumb":{"@id":"https:\/\/shrimataji.org\/test\/sv\/medvetande-utan-tankar\/#breadcrumb"},"inLanguage":"en-US","potentialAction":[{"@type":"ReadAction","target":["https:\/\/shrimataji.org\/test\/sv\/medvetande-utan-tankar\/"]}]},{"@type":"ImageObject","inLanguage":"en-US","@id":"https:\/\/shrimataji.org\/test\/sv\/medvetande-utan-tankar\/#primaryimage","url":"https:\/\/shrimataji.org\/test\/wp-content\/uploads\/2018\/07\/media_originals\/images\/headers-general\/thoughtless-awareness-is-peace-and-joy.jpg","contentUrl":"https:\/\/shrimataji.org\/test\/wp-content\/uploads\/2018\/07\/media_originals\/images\/headers-general\/thoughtless-awareness-is-peace-and-joy.jpg","width":990,"height":350},{"@type":"BreadcrumbList","@id":"https:\/\/shrimataji.org\/test\/sv\/medvetande-utan-tankar\/#breadcrumb","itemListElement":[{"@type":"ListItem","position":1,"name":"Home","item":"https:\/\/shrimataji.org\/test\/uk\/home-en\/"},{"@type":"ListItem","position":2,"name":"Medvetande utan tankar"}]},{"@type":"WebSite","@id":"https:\/\/shrimataji.org\/test\/#website","url":"https:\/\/shrimataji.org\/test\/","name":"Shri Mataji Nirmala Devi","description":"A Life Dedicated to Humanity","publisher":{"@id":"https:\/\/shrimataji.org\/test\/#\/schema\/person\/a1b3419c6585f164aa96da1ff85715d1"},"potentialAction":[{"@type":"SearchAction","target":{"@type":"EntryPoint","urlTemplate":"https:\/\/shrimataji.org\/test\/?s={search_term_string}"},"query-input":{"@type":"PropertyValueSpecification","valueRequired":true,"valueName":"search_term_string"}}],"inLanguage":"en-US"},{"@type":["Person","Organization"],"@id":"https:\/\/shrimataji.org\/test\/#\/schema\/person\/a1b3419c6585f164aa96da1ff85715d1","name":"Nirmala Shrivastava","image":{"@type":"ImageObject","inLanguage":"en-US","@id":"https:\/\/shrimataji.org\/test\/wp-content\/uploads\/2023\/02\/SMO_LOGO-03.svg","url":"https:\/\/shrimataji.org\/test\/wp-content\/uploads\/2023\/02\/SMO_LOGO-03.svg","contentUrl":"https:\/\/shrimataji.org\/test\/wp-content\/uploads\/2023\/02\/SMO_LOGO-03.svg","width":"1024","height":"1024","caption":"Nirmala Shrivastava"},"logo":{"@id":"https:\/\/shrimataji.org\/test\/wp-content\/uploads\/2023\/02\/SMO_LOGO-03.svg"},"sameAs":["https:\/\/shrimataji.org\/test","https:\/\/www.facebook.com\/shrimataji","https:\/\/x.com\/shrimataji","https:\/\/www.youtube.com\/@Shri_Mataji_Nirmala_Devi\/featured"]}]}},"lang":"sv","translations":{"sv":23089,"ur":37526,"en":452,"am":18101,"th":20098,"hu":19596,"ar":16997,"sq":18502,"zh":17399,"tr":10225,"pt":10433,"de":10707,"fr":10805,"it":10903,"es":11000,"ja":11298,"ru":11486,"bn":11677,"te":11785,"sw":11908,"he":12056,"el":12348,"sk":12446,"fa":12544,"fi":12642,"bg":13435,"ro":14509,"cs":14702,"nl":16661,"ku":16821,"be":18709,"kn":18983,"mr":20462,"uk":20755,"ml":21050,"ta":22820,"gu":28924,"pa":29084,"fil":29538,"da":37833,"pl":38043,"nn":38385},"pll_sync_post":[],"_links":{"self":[{"href":"https:\/\/shrimataji.org\/test\/wp-json\/wp\/v2\/pages\/23089","targetHints":{"allow":["GET"]}}],"collection":[{"href":"https:\/\/shrimataji.org\/test\/wp-json\/wp\/v2\/pages"}],"about":[{"href":"https:\/\/shrimataji.org\/test\/wp-json\/wp\/v2\/types\/page"}],"author":[{"embeddable":true,"href":"https:\/\/shrimataji.org\/test\/wp-json\/wp\/v2\/users\/58"}],"replies":[{"embeddable":true,"href":"https:\/\/shrimataji.org\/test\/wp-json\/wp\/v2\/comments?post=23089"}],"version-history":[{"count":0,"href":"https:\/\/shrimataji.org\/test\/wp-json\/wp\/v2\/pages\/23089\/revisions"}],"wp:featuredmedia":[{"embeddable":true,"href":"https:\/\/shrimataji.org\/test\/wp-json\/wp\/v2\/media\/23090"}],"wp:attachment":[{"href":"https:\/\/shrimataji.org\/test\/wp-json\/wp\/v2\/media?parent=23089"}],"curies":[{"name":"wp","href":"https:\/\/api.w.org\/{rel}","templated":true}]}}