{"id":23091,"date":"2012-10-02T02:00:00","date_gmt":"2012-10-02T02:00:00","guid":{"rendered":"http:\/\/testwordpress.nirmalnagari.org\/smnd\/index.php\/un-womens-conference\/"},"modified":"2025-04-25T12:36:58","modified_gmt":"2025-04-25T12:36:58","slug":"fns-fjarde-varldskonferens-om-kvinnor","status":"publish","type":"page","link":"https:\/\/shrimataji.org\/test\/sv\/fns-fjarde-varldskonferens-om-kvinnor\/","title":{"rendered":"FN:s fj\u00e4rde v\u00e4rldskonferens om kvinnor"},"content":{"rendered":"\n\n\t<h1>FN:s fj\u00e4rde v\u00e4rldskonferens om kvinnor<\/h1>\n<h2>Utdrag fr\u00e5n Beijing Inter-Regional Round Table i september 1995<\/h2>\n\t<h4>Den fj\u00e4rde v\u00e4rldskonferensen, i Peking Kina i september 1995, var kulmen p\u00e5 de politiska \u00f6verenskommelser som n\u00e5ddes vid de tre tidigare globala konferenserna om kvinnor och j\u00e4mst\u00e4lldhet. 189 l\u00e4nder antog enh\u00e4lligt agendan f\u00f6r kvinnors egenmakt i Peking, som anses vara det viktigaste globala policydokumentet om j\u00e4mst\u00e4lldhet.<\/h4>\n<p>Shri Mataji var inbjuden som g\u00e4sttalare p\u00e5 denna globala plattform. Hon hade alltid gjort sin syn p\u00e5 kvinnors roll v\u00e4ldigt tydlig. De har en lika viktig roll i den h\u00e4r v\u00e4rlden som m\u00e4n, men man b\u00f6r dra nytta av skillnaderna mellan k\u00f6nen snarare \u00e4n att f\u00f6rs\u00f6ka matcha dem. En ordentlig balans mellan m\u00e4n och kvinnor var avg\u00f6rande f\u00f6r att bygga ett stabilt och fredligt samh\u00e4lle. Ett erk\u00e4nnande av olikheterna och en respekt f\u00f6r varandras styrkor var vad som beh\u00f6vdes. G\u00e5ng p\u00e5 g\u00e5ng p\u00e5minde hon m\u00e4nniskor om behovet av att alla, m\u00e4n och kvinnor, ska hitta en inre balans mellan sina inneboende &#8220;maskulina&#8221; och &#8220;kvinnliga&#8221; sidor. D\u00e4r kvinnor verkligen kunde p\u00e5verka s\u00e5 var det p\u00e5 ett socialt plan.<\/p>\n\t<div class=\"su-quote su-quote-style-default\"><div class=\"su-quote-inner su-u-clearfix su-u-trim\"> Sanningen \u00e4r att kvinnor \u00e4r den potentiella kraften i varje civilisation och varje land. Det \u00e4r uppenbart att kvinnor \u00e4r skaparna och bevararna av hela m\u00e4nskligheten. Detta \u00e4r den roll som det gudomliga har gett och tilldelat dem. <\/div><\/div>\n\t<p>Shri Mataji betraktade sig aldrig som en politisk aktivist. Hennes vision var en inre transformation hos b\u00e5de m\u00e4n och kvinnor genom sj\u00e4lvupplysning, d\u00e4r man uppn\u00e5r en naturlig balans. Denna f\u00f6rvandling av sj\u00e4lvet var nyckeln till att ta itu med m\u00e5nga av de problem som kvinnor st\u00e5r inf\u00f6r i en v\u00e4rld som domineras av m\u00e4n.<\/p>\n<p>&#8220;Fr\u00f6n kan inte skapa n\u00e5got av sig sj\u00e4lva. Det \u00e4r Moder Jord som ger blommorna och frukterna och andra rikedomar. P\u00e5 samma s\u00e4tt \u00e4r det kvinnan som skapar barnet, som fostrar det och s\u00e5 sm\u00e5ningom uppfostrar morgondagens medborgare. Kvinnor m\u00e5ste d\u00e4rf\u00f6r rankas med Moder Jord som hela m\u00e4nsklighetens grundval&#8221;.<\/p>\n\t<p>Efter att ha bott i b\u00e5de \u00f6st och v\u00e4st och rest mycket, s\u00e5g hon skillnaderna i hur kvinnor behandlas, och \u00e4ven om hon erk\u00e4nde den fruktansv\u00e4rda bristen p\u00e5 r\u00e4ttigheter m\u00e5nga hade, var det bristen p\u00e5 respekt mot kvinnor som mest bekymrade henne.<\/p>\n\t<div class=\"su-quote su-quote-style-default\"><div class=\"su-quote-inner su-u-clearfix su-u-trim\">I mitt eget land finns det ett tales\u00e4tt &#8220;Yatra narya pujyante tatra ramante devata&#8221;, som betyder, &#8220;d\u00e4r kvinnorna \u00e4r respekterade och respektabla, d\u00e4r bor gudarna f\u00f6r v\u00e5rt v\u00e4lbefinnande.<\/div><\/div>\n\t<p>N\u00e4r b\u00e5de m\u00e4n och kvinnor f\u00f6rst\u00e5r sina egna och varandras v\u00e4rderingar, som hon ans\u00e5g kunde uppn\u00e5s genom sj\u00e4lvupplysning, d\u00e5 skulle harmoni uppn\u00e5s bland m\u00e4nskligheten.<\/p>\n<p>&#8220;S\u00e5, det \u00e4r f\u00f6r oss kvinnor, i detta \u00f6gonblick, att f\u00f6rst\u00e5 v\u00e4rdet av denna stora kraft som givits till oss av v\u00e5r Skapare. Men vad ser vi? Vare sig det \u00e4r i \u00f6st elleri v\u00e4st, har kvinnor inte kunnat ge en fullst\u00e4ndig manifestation av sin kraft.&#8221;<\/p>\n<p>Visst f\u00f6respr\u00e5kade Shri Mataji kvinnors lika r\u00e4ttigheter till utbildning, karri\u00e4r, en s\u00e4ker livsmilj\u00f6 och juridiskt skydd.<\/p>\n<p>&#8220;Jag antyder inte alls att kvinnans enda roll i det m\u00e4nskliga samh\u00e4llet \u00e4r moderns, att fortplanta sig och ta hand om barn, eller att vara fru eller syster. Kvinnor har full r\u00e4tt att delta som j\u00e4mlikar i alla aspekter av livet: sociala, kulturella, politiska, ekonomiska, administrativa och resten&#8230; &#8230;Men om de \u00e4r m\u00f6drar har de ett stort ansvar gentemot sina barn och samh\u00e4llet&#8221;.<\/p>\n<p>Men Shri Mataji k\u00e4nde att obalansen mellan k\u00f6nen verkligen kunde korrigeras endast n\u00e4r vi v\u00e4nder oss in i oss sj\u00e4lva och l\u00e5ter kraften av sj\u00e4lvupplysningen styra oss.<\/p>\n<p>&#8220;Vad vi beh\u00f6ver \u00e4r en balans mellan de tv\u00e5 ytterligheterna. Vi beh\u00f6ver kvinnan som en j\u00e4mst\u00e4lld partner men inte lika som m\u00e4n&#8230;<\/p>\n\t<div class=\"su-quote su-quote-style-default\"><div class=\"su-quote-inner su-u-clearfix su-u-trim\">Vi beh\u00f6ver balanserade kvinnor f\u00f6r att ha en balanserad m\u00e4nsklig befolkning med fred inom sig.<\/div><\/div>\n\t<iframe loading=\"lazy\" title=\"UN Women\u00b4s Conference\" width=\"1920\" height=\"1080\" src=\"https:\/\/www.youtube.com\/embed\/_v6jiBJ-jdg?feature=oembed\" frameborder=\"0\" allow=\"accelerometer; autoplay; clipboard-write; encrypted-media; gyroscope; picture-in-picture; web-share\" allowfullscreen><\/iframe>\n\n","protected":false},"excerpt":{"rendered":"<p>FN:s fj\u00e4rde v\u00e4rldskonferens om kvinnor Utdrag fr\u00e5n Beijing Inter-Regional Round Table i september 1995 Den fj\u00e4rde v\u00e4rldskonferensen, i Peking Kina i september 1995, var kulmen p\u00e5 de politiska \u00f6verenskommelser som n\u00e5ddes vid de tre tidigare globala konferenserna om kvinnor och j\u00e4mst\u00e4lldhet. 189 l\u00e4nder antog enh\u00e4lligt agendan f\u00f6r kvinnors egenmakt i Peking, som anses vara det&hellip; <br \/> <a class=\"read-more\" href=\"https:\/\/shrimataji.org\/test\/sv\/fns-fjarde-varldskonferens-om-kvinnor\/\">Read more<\/a><\/p>\n","protected":false},"author":58,"featured_media":23092,"parent":0,"menu_order":0,"comment_status":"closed","ping_status":"closed","template":"","meta":{"inline_featured_image":false,"footnotes":""},"class_list":["post-23091","page","type-page","status-publish","has-post-thumbnail","hentry"],"yoast_head":"<!-- This site is optimized with the Yoast SEO plugin v27.4 - https:\/\/yoast.com\/product\/yoast-seo-wordpress\/ -->\n<title>FN:s fj\u00e4rde v\u00e4rldskonferens om kvinnor - TEST - SMND<\/title>\n<meta name=\"robots\" content=\"noindex, follow, max-snippet:-1, max-image-preview:large, max-video-preview:-1\" \/>\n<meta property=\"og:locale\" content=\"en_US\" \/>\n<meta property=\"og:type\" content=\"article\" \/>\n<meta property=\"og:title\" content=\"FN:s fj\u00e4rde v\u00e4rldskonferens om kvinnor - TEST - SMND\" \/>\n<meta property=\"og:description\" content=\"FN:s fj\u00e4rde v\u00e4rldskonferens om kvinnor Utdrag fr\u00e5n Beijing Inter-Regional Round Table i september 1995 Den fj\u00e4rde v\u00e4rldskonferensen, i Peking Kina i september 1995, var kulmen p\u00e5 de politiska \u00f6verenskommelser som n\u00e5ddes vid de tre tidigare globala konferenserna om kvinnor och j\u00e4mst\u00e4lldhet. 189 l\u00e4nder antog enh\u00e4lligt agendan f\u00f6r kvinnors egenmakt i Peking, som anses vara det&hellip; Read more\" \/>\n<meta property=\"og:url\" content=\"https:\/\/shrimataji.org\/test\/sv\/fns-fjarde-varldskonferens-om-kvinnor\/\" \/>\n<meta property=\"og:site_name\" content=\"TEST - SMND\" \/>\n<meta property=\"article:publisher\" content=\"https:\/\/www.facebook.com\/shrimataji\" \/>\n<meta property=\"article:modified_time\" content=\"2025-04-25T12:36:58+00:00\" \/>\n<meta property=\"og:image\" content=\"https:\/\/shrimataji.org\/test\/wp-content\/uploads\/2018\/07\/media_originals\/images\/headers-general\/shri-mataji-speaking-at-the-un-womens-conference-in-beijing-1995.jpg\" \/>\n\t<meta property=\"og:image:width\" content=\"990\" \/>\n\t<meta property=\"og:image:height\" content=\"350\" \/>\n\t<meta property=\"og:image:type\" content=\"image\/jpeg\" \/>\n<meta name=\"twitter:card\" content=\"summary_large_image\" \/>\n<meta name=\"twitter:site\" content=\"@shrimataji\" \/>\n<script type=\"application\/ld+json\" class=\"yoast-schema-graph\">{\"@context\":\"https:\\\/\\\/schema.org\",\"@graph\":[{\"@type\":\"WebPage\",\"@id\":\"https:\\\/\\\/shrimataji.org\\\/test\\\/sv\\\/fns-fjarde-varldskonferens-om-kvinnor\\\/\",\"url\":\"https:\\\/\\\/shrimataji.org\\\/test\\\/sv\\\/fns-fjarde-varldskonferens-om-kvinnor\\\/\",\"name\":\"FN:s fj\u00e4rde v\u00e4rldskonferens om kvinnor - TEST - SMND\",\"isPartOf\":{\"@id\":\"https:\\\/\\\/shrimataji.org\\\/test\\\/#website\"},\"primaryImageOfPage\":{\"@id\":\"https:\\\/\\\/shrimataji.org\\\/test\\\/sv\\\/fns-fjarde-varldskonferens-om-kvinnor\\\/#primaryimage\"},\"image\":{\"@id\":\"https:\\\/\\\/shrimataji.org\\\/test\\\/sv\\\/fns-fjarde-varldskonferens-om-kvinnor\\\/#primaryimage\"},\"thumbnailUrl\":\"https:\\\/\\\/shrimataji.org\\\/test\\\/wp-content\\\/uploads\\\/2018\\\/07\\\/media_originals\\\/images\\\/headers-general\\\/shri-mataji-speaking-at-the-un-womens-conference-in-beijing-1995.jpg\",\"datePublished\":\"2012-10-02T02:00:00+00:00\",\"dateModified\":\"2025-04-25T12:36:58+00:00\",\"breadcrumb\":{\"@id\":\"https:\\\/\\\/shrimataji.org\\\/test\\\/sv\\\/fns-fjarde-varldskonferens-om-kvinnor\\\/#breadcrumb\"},\"inLanguage\":\"en-US\",\"potentialAction\":[{\"@type\":\"ReadAction\",\"target\":[\"https:\\\/\\\/shrimataji.org\\\/test\\\/sv\\\/fns-fjarde-varldskonferens-om-kvinnor\\\/\"]}]},{\"@type\":\"ImageObject\",\"inLanguage\":\"en-US\",\"@id\":\"https:\\\/\\\/shrimataji.org\\\/test\\\/sv\\\/fns-fjarde-varldskonferens-om-kvinnor\\\/#primaryimage\",\"url\":\"https:\\\/\\\/shrimataji.org\\\/test\\\/wp-content\\\/uploads\\\/2018\\\/07\\\/media_originals\\\/images\\\/headers-general\\\/shri-mataji-speaking-at-the-un-womens-conference-in-beijing-1995.jpg\",\"contentUrl\":\"https:\\\/\\\/shrimataji.org\\\/test\\\/wp-content\\\/uploads\\\/2018\\\/07\\\/media_originals\\\/images\\\/headers-general\\\/shri-mataji-speaking-at-the-un-womens-conference-in-beijing-1995.jpg\",\"width\":990,\"height\":350},{\"@type\":\"BreadcrumbList\",\"@id\":\"https:\\\/\\\/shrimataji.org\\\/test\\\/sv\\\/fns-fjarde-varldskonferens-om-kvinnor\\\/#breadcrumb\",\"itemListElement\":[{\"@type\":\"ListItem\",\"position\":1,\"name\":\"Home\",\"item\":\"https:\\\/\\\/shrimataji.org\\\/test\\\/uk\\\/home-en\\\/\"},{\"@type\":\"ListItem\",\"position\":2,\"name\":\"FN:s fj\u00e4rde v\u00e4rldskonferens om kvinnor\"}]},{\"@type\":\"WebSite\",\"@id\":\"https:\\\/\\\/shrimataji.org\\\/test\\\/#website\",\"url\":\"https:\\\/\\\/shrimataji.org\\\/test\\\/\",\"name\":\"Shri Mataji Nirmala Devi\",\"description\":\"A Life Dedicated to Humanity\",\"publisher\":{\"@id\":\"https:\\\/\\\/shrimataji.org\\\/test\\\/#\\\/schema\\\/person\\\/a1b3419c6585f164aa96da1ff85715d1\"},\"potentialAction\":[{\"@type\":\"SearchAction\",\"target\":{\"@type\":\"EntryPoint\",\"urlTemplate\":\"https:\\\/\\\/shrimataji.org\\\/test\\\/?s={search_term_string}\"},\"query-input\":{\"@type\":\"PropertyValueSpecification\",\"valueRequired\":true,\"valueName\":\"search_term_string\"}}],\"inLanguage\":\"en-US\"},{\"@type\":[\"Person\",\"Organization\"],\"@id\":\"https:\\\/\\\/shrimataji.org\\\/test\\\/#\\\/schema\\\/person\\\/a1b3419c6585f164aa96da1ff85715d1\",\"name\":\"Nirmala Shrivastava\",\"image\":{\"@type\":\"ImageObject\",\"inLanguage\":\"en-US\",\"@id\":\"https:\\\/\\\/shrimataji.org\\\/test\\\/wp-content\\\/uploads\\\/2023\\\/02\\\/SMO_LOGO-03.svg\",\"url\":\"https:\\\/\\\/shrimataji.org\\\/test\\\/wp-content\\\/uploads\\\/2023\\\/02\\\/SMO_LOGO-03.svg\",\"contentUrl\":\"https:\\\/\\\/shrimataji.org\\\/test\\\/wp-content\\\/uploads\\\/2023\\\/02\\\/SMO_LOGO-03.svg\",\"width\":\"1024\",\"height\":\"1024\",\"caption\":\"Nirmala Shrivastava\"},\"logo\":{\"@id\":\"https:\\\/\\\/shrimataji.org\\\/test\\\/wp-content\\\/uploads\\\/2023\\\/02\\\/SMO_LOGO-03.svg\"},\"sameAs\":[\"https:\\\/\\\/shrimataji.org\\\/test\",\"https:\\\/\\\/www.facebook.com\\\/shrimataji\",\"https:\\\/\\\/x.com\\\/shrimataji\",\"https:\\\/\\\/www.youtube.com\\\/@Shri_Mataji_Nirmala_Devi\\\/featured\"]}]}<\/script>\n<!-- \/ Yoast SEO plugin. -->","yoast_head_json":{"title":"FN:s fj\u00e4rde v\u00e4rldskonferens om kvinnor - TEST - SMND","robots":{"index":"noindex","follow":"follow","max-snippet":"max-snippet:-1","max-image-preview":"max-image-preview:large","max-video-preview":"max-video-preview:-1"},"og_locale":"en_US","og_type":"article","og_title":"FN:s fj\u00e4rde v\u00e4rldskonferens om kvinnor - TEST - SMND","og_description":"FN:s fj\u00e4rde v\u00e4rldskonferens om kvinnor Utdrag fr\u00e5n Beijing Inter-Regional Round Table i september 1995 Den fj\u00e4rde v\u00e4rldskonferensen, i Peking Kina i september 1995, var kulmen p\u00e5 de politiska \u00f6verenskommelser som n\u00e5ddes vid de tre tidigare globala konferenserna om kvinnor och j\u00e4mst\u00e4lldhet. 189 l\u00e4nder antog enh\u00e4lligt agendan f\u00f6r kvinnors egenmakt i Peking, som anses vara det&hellip; Read more","og_url":"https:\/\/shrimataji.org\/test\/sv\/fns-fjarde-varldskonferens-om-kvinnor\/","og_site_name":"TEST - SMND","article_publisher":"https:\/\/www.facebook.com\/shrimataji","article_modified_time":"2025-04-25T12:36:58+00:00","og_image":[{"width":990,"height":350,"url":"https:\/\/shrimataji.org\/test\/wp-content\/uploads\/2018\/07\/media_originals\/images\/headers-general\/shri-mataji-speaking-at-the-un-womens-conference-in-beijing-1995.jpg","type":"image\/jpeg"}],"twitter_card":"summary_large_image","twitter_site":"@shrimataji","schema":{"@context":"https:\/\/schema.org","@graph":[{"@type":"WebPage","@id":"https:\/\/shrimataji.org\/test\/sv\/fns-fjarde-varldskonferens-om-kvinnor\/","url":"https:\/\/shrimataji.org\/test\/sv\/fns-fjarde-varldskonferens-om-kvinnor\/","name":"FN:s fj\u00e4rde v\u00e4rldskonferens om kvinnor - TEST - SMND","isPartOf":{"@id":"https:\/\/shrimataji.org\/test\/#website"},"primaryImageOfPage":{"@id":"https:\/\/shrimataji.org\/test\/sv\/fns-fjarde-varldskonferens-om-kvinnor\/#primaryimage"},"image":{"@id":"https:\/\/shrimataji.org\/test\/sv\/fns-fjarde-varldskonferens-om-kvinnor\/#primaryimage"},"thumbnailUrl":"https:\/\/shrimataji.org\/test\/wp-content\/uploads\/2018\/07\/media_originals\/images\/headers-general\/shri-mataji-speaking-at-the-un-womens-conference-in-beijing-1995.jpg","datePublished":"2012-10-02T02:00:00+00:00","dateModified":"2025-04-25T12:36:58+00:00","breadcrumb":{"@id":"https:\/\/shrimataji.org\/test\/sv\/fns-fjarde-varldskonferens-om-kvinnor\/#breadcrumb"},"inLanguage":"en-US","potentialAction":[{"@type":"ReadAction","target":["https:\/\/shrimataji.org\/test\/sv\/fns-fjarde-varldskonferens-om-kvinnor\/"]}]},{"@type":"ImageObject","inLanguage":"en-US","@id":"https:\/\/shrimataji.org\/test\/sv\/fns-fjarde-varldskonferens-om-kvinnor\/#primaryimage","url":"https:\/\/shrimataji.org\/test\/wp-content\/uploads\/2018\/07\/media_originals\/images\/headers-general\/shri-mataji-speaking-at-the-un-womens-conference-in-beijing-1995.jpg","contentUrl":"https:\/\/shrimataji.org\/test\/wp-content\/uploads\/2018\/07\/media_originals\/images\/headers-general\/shri-mataji-speaking-at-the-un-womens-conference-in-beijing-1995.jpg","width":990,"height":350},{"@type":"BreadcrumbList","@id":"https:\/\/shrimataji.org\/test\/sv\/fns-fjarde-varldskonferens-om-kvinnor\/#breadcrumb","itemListElement":[{"@type":"ListItem","position":1,"name":"Home","item":"https:\/\/shrimataji.org\/test\/uk\/home-en\/"},{"@type":"ListItem","position":2,"name":"FN:s fj\u00e4rde v\u00e4rldskonferens om kvinnor"}]},{"@type":"WebSite","@id":"https:\/\/shrimataji.org\/test\/#website","url":"https:\/\/shrimataji.org\/test\/","name":"Shri Mataji Nirmala Devi","description":"A Life Dedicated to Humanity","publisher":{"@id":"https:\/\/shrimataji.org\/test\/#\/schema\/person\/a1b3419c6585f164aa96da1ff85715d1"},"potentialAction":[{"@type":"SearchAction","target":{"@type":"EntryPoint","urlTemplate":"https:\/\/shrimataji.org\/test\/?s={search_term_string}"},"query-input":{"@type":"PropertyValueSpecification","valueRequired":true,"valueName":"search_term_string"}}],"inLanguage":"en-US"},{"@type":["Person","Organization"],"@id":"https:\/\/shrimataji.org\/test\/#\/schema\/person\/a1b3419c6585f164aa96da1ff85715d1","name":"Nirmala Shrivastava","image":{"@type":"ImageObject","inLanguage":"en-US","@id":"https:\/\/shrimataji.org\/test\/wp-content\/uploads\/2023\/02\/SMO_LOGO-03.svg","url":"https:\/\/shrimataji.org\/test\/wp-content\/uploads\/2023\/02\/SMO_LOGO-03.svg","contentUrl":"https:\/\/shrimataji.org\/test\/wp-content\/uploads\/2023\/02\/SMO_LOGO-03.svg","width":"1024","height":"1024","caption":"Nirmala Shrivastava"},"logo":{"@id":"https:\/\/shrimataji.org\/test\/wp-content\/uploads\/2023\/02\/SMO_LOGO-03.svg"},"sameAs":["https:\/\/shrimataji.org\/test","https:\/\/www.facebook.com\/shrimataji","https:\/\/x.com\/shrimataji","https:\/\/www.youtube.com\/@Shri_Mataji_Nirmala_Devi\/featured"]}]}},"lang":"sv","translations":{"sv":23091,"ur":37528,"en":427,"am":18103,"th":20101,"hu":19599,"ar":16999,"sq":18504,"zh":17401,"tr":10227,"pt":10434,"de":10709,"fr":10807,"it":10905,"es":11001,"ja":11299,"ru":11487,"bn":11679,"te":11787,"sw":11910,"he":12058,"el":12350,"sk":12448,"fa":12546,"fi":12644,"bg":13498,"ro":14573,"cs":14766,"nl":16663,"ku":16823,"be":18711,"kn":18985,"mr":20465,"uk":20758,"ml":21053,"ta":22822,"gu":28926,"pa":29086,"fil":29540,"da":37835,"pl":38045,"nn":38387},"pll_sync_post":[],"_links":{"self":[{"href":"https:\/\/shrimataji.org\/test\/wp-json\/wp\/v2\/pages\/23091","targetHints":{"allow":["GET"]}}],"collection":[{"href":"https:\/\/shrimataji.org\/test\/wp-json\/wp\/v2\/pages"}],"about":[{"href":"https:\/\/shrimataji.org\/test\/wp-json\/wp\/v2\/types\/page"}],"author":[{"embeddable":true,"href":"https:\/\/shrimataji.org\/test\/wp-json\/wp\/v2\/users\/58"}],"replies":[{"embeddable":true,"href":"https:\/\/shrimataji.org\/test\/wp-json\/wp\/v2\/comments?post=23091"}],"version-history":[{"count":0,"href":"https:\/\/shrimataji.org\/test\/wp-json\/wp\/v2\/pages\/23091\/revisions"}],"wp:featuredmedia":[{"embeddable":true,"href":"https:\/\/shrimataji.org\/test\/wp-json\/wp\/v2\/media\/23092"}],"wp:attachment":[{"href":"https:\/\/shrimataji.org\/test\/wp-json\/wp\/v2\/media?parent=23091"}],"curies":[{"name":"wp","href":"https:\/\/api.w.org\/{rel}","templated":true}]}}