{"id":23093,"date":"2011-10-05T02:00:00","date_gmt":"2011-10-05T02:00:00","guid":{"rendered":"http:\/\/testwordpress.nirmalnagari.org\/smnd\/index.php\/uniting-the-nations\/"},"modified":"2025-04-25T12:37:06","modified_gmt":"2025-04-25T12:37:06","slug":"forena-nationerna","status":"publish","type":"page","link":"https:\/\/shrimataji.org\/test\/sv\/forena-nationerna\/","title":{"rendered":"F\u00f6rena nationerna"},"content":{"rendered":"\n\n\t<h1>F\u00f6rena nationerna<\/h1>\n<h2>Global transformation &#8211; bortom gr\u00e4nser<\/h2>\n\t<h4>Publiken var liten i Dag Hammarskj\u00f6lds auditorium. Femtio anst\u00e4llda samlades i den medelstora teatern tidigt p\u00e5 kv\u00e4llen. Ett nytt Sahaja Meditation Society hade beviljats och fastst\u00e4llts av FN bara tv\u00e5 dagar tidigare, och nu samlades alla medlemmar f\u00f6r att h\u00f6ra sin huvudtalare.<\/h4>\n\t<p>Detta var en paus fr\u00e5n deras skrivbord, m\u00f6ten och globala bekymmer. Det var en chans att h\u00f6ra orden fr\u00e5n Shri Mataji Nirmala Devi, en chans att titta in\u00e5t. \u00c4mnet var andlig upplysning, global fred och en b\u00e4ttre v\u00e4rld. Det var den 6 juni 1990. Platsen var FN:s h\u00f6gkvarter i New York City.<\/p>\n<p>Kanske var tankarna hos FN-personalen den dagen p\u00e5 ett europeiskt l\u00f6fte om vapenminskning fr\u00e5n Sovjetunionen. Eller kanske n\u00e5gra l\u00e5nade ut hj\u00e4lp till en utvandring av FN-personal i k\u00f6lvattnet av ett annat inb\u00f6rdeskrig i Liberia.<\/p>\n<p>V\u00e4rlden verkade full av kaos och f\u00f6r\u00e4ndring. F\u00f6rsta \u00e5rsdagen av demonstrationerna och massakern p\u00e5 Himmelska fridens torg i Peking hade observerats bara n\u00e5gra dagar tidigare. Ingen kunde f\u00f6rutse vad som skulle h\u00e4nda h\u00e4rn\u00e4st.<\/p>\n\t\t\t\t<img loading=\"lazy\" decoding=\"async\" src=\"https:\/\/shrimataji.org\/test\/wp-content\/uploads\/2018\/07\/media_originals\/images\/shri-mataji-portraits\/shri-mataji-nirmala-devi-portrait-smiling-1024x681.jpg\" alt=\"shri-mataji-nirmala-devi-portrait-smiling\" itemprop=\"image\" height=\"681\" width=\"1024\" height=\"681\" width=\"1024\" title=\"shri-mataji-nirmala-devi-portrait-smiling\" onerror=\"this.style.display='none'\"  \/>\n\t<p>Inom tolv m\u00e5nader skulle samma Sovjetunionen inte l\u00e4ngre existera. Ett nytt samv\u00e4lde av oberoende stater skulle ers\u00e4tta det. Det hade redan varit fria val i Rum\u00e4nien efter f\u00f6reg\u00e5ende \u00e5rs nedmontering av Berlinmuren. P\u00e5 mindre \u00e4n fyra m\u00e5nader skulle \u00d6st- och V\u00e4sttyskland slutf\u00f6ra sin \u00e5terf\u00f6rening. Och p\u00e5 mindre \u00e4n tv\u00e5 m\u00e5nader skulle Irak invadera Kuwait. FN-byggnaden skulle snart bli en \u00e4nnu livligare plats. Nu var det dags att pausa och lyssna.<\/p>\n<p>Den onsdagskv\u00e4llen talade Shri Mataji lugnt till publiken. Hennes ton var intim. Hon valde sina ord f\u00f6r att m\u00f6ta publikens behov och som alltid talade hon i termer som var b\u00e5de globala och personliga.<\/p>\n\t<div class=\"su-quote su-quote-style-default\"><div class=\"su-quote-inner su-u-clearfix su-u-trim\">Mitt budskap till m\u00e4nskligheten \u00e4r att ni alla ska utvecklas och bli anden, det \u00e4r s\u00e5 ni k\u00e4nner er sj\u00e4lva.  <\/div><\/div>\n\t<p>Under sitt f\u00f6redrag talade Shri Mataji om sanningen och behovet av att f\u00f6rverkliga FN:s kollektiva doktrin. Hon talade om Kundalinis roll i att \u00e5stadkomma denna aktualisering.<\/p>\n<p>&#8220;Vi pratar om ekologiska problem,&#8221; sa hon, &#8220;det h\u00e4r problemet, det problemet, men vi t\u00e4nker inte p\u00e5 hur vi kan komma ur det. Om F\u00f6renta Nationerna ska uttrycka sig i verkligheten, d\u00e5 skulle jag s\u00e4ga att folket i F\u00f6renta Nationerna m\u00e5ste f\u00e5 sin sj\u00e4lvupplysning f\u00f6rst och sedan kan de f\u00f6rst\u00e5 vad de \u00e4r&#8230; Det finns s\u00e5 m\u00e5nga s\u00e4tt och s\u00e5 m\u00e5nga befogenheter de har , som de kan anv\u00e4nda. Och detta \u00e4r k\u00e4rlekens kraft.&#8221;<\/p>\n\t<p>I slutet av sitt f\u00f6redrag gav hon sj\u00e4lvupplysning. N\u00e4stan ingen v\u00e5gade sig fr\u00e5n hallen innan han fick upplevelsen och sedan personligen h\u00e4lsade Shri Mataji. De flesta anm\u00e4lde sig till uppf\u00f6ljningskurser.<\/p>\n<p>Under veckan f\u00f6re hennes framtr\u00e4dande i FN hade Shri Mataji h\u00e5llit liknande f\u00f6redrag i b\u00e5de Miami och San Diego. Tidigare p\u00e5 \u00e5ret hade hon talat i Australien, Indien, Italien, Nya Zeeland, Ryssland, Singapore och Storbritannien. En medicinsk konferens i Moskva, en presskonferens i Calcutta, Perth, Melbourne, Cairns, Sydney, Bangalore, Hyderabad, Jaipur, Leningrad och Auckland &#8211; hennes framtr\u00e4danden f\u00f6r \u00e5ret n\u00e4rmade sig redan 100 och det var fortfarande bara juni.<\/p>\n<p>Innan \u00e5ret var slut skulle Shri Mataji g\u00f6ra mer \u00e4n 200 stopp i 26 l\u00e4nder runt om i v\u00e4rlden. Hennes resor 1990 uppgick till \u00f6ver 135 000 kilometer &#8211; en resv\u00e4g som de flesta skulle tycka var anstr\u00e4ngande. Men det stannade inte d\u00e4r, eftersom det f\u00f6rutom de planerade samtalen var otaliga informella evenemang i hem och p\u00e5 flygplatser, i hallar och skolor. Varje samtal, varje tal var olika. Men var och en var ocks\u00e5 densamma, framh\u00e4vd med omtanke och insikt, med humor och k\u00e4rlek. Varje f\u00f6redrag tj\u00e4nade samma syfte. Den tog upp behovet av andlig uppstigning.<\/p>\n<p>Medan en annan person kanske s\u00e4ger &#8220;Var ditt b\u00e4ttre jag&#8221;, str\u00e4ckte Shri Mataji sig mot en \u00e4nnu h\u00f6gre plat\u00e5: &#8220;Var ditt sanna jag.&#8221;<\/p>\n<p>Och det h\u00e4r var inget ovanligt \u00e5r, 1990. Fr\u00e5n slutet av 1970-talet, genom 80- och 90-talen och in i det nya \u00e5rhundradet skulle hennes resor och upps\u00f6kande verksamhet, hennes anstr\u00e4ngningar att skapa en b\u00e4ttre v\u00e4rld, forts\u00e4tta. Hennes resor var till stor del ouppm\u00e4rksammade av tidningar, men de var inte obem\u00e4rkta f\u00f6r dem som s\u00f6kte upplysning i en metamodern v\u00e4rld.<\/p>\n\n","protected":false},"excerpt":{"rendered":"<p>F\u00f6rena nationerna Global transformation &#8211; bortom gr\u00e4nser Publiken var liten i Dag Hammarskj\u00f6lds auditorium. Femtio anst\u00e4llda samlades i den medelstora teatern tidigt p\u00e5 kv\u00e4llen. Ett nytt Sahaja Meditation Society hade beviljats och fastst\u00e4llts av FN bara tv\u00e5 dagar tidigare, och nu samlades alla medlemmar f\u00f6r att h\u00f6ra sin huvudtalare. Detta var en paus fr\u00e5n deras&hellip; <br \/> <a class=\"read-more\" href=\"https:\/\/shrimataji.org\/test\/sv\/forena-nationerna\/\">Read more<\/a><\/p>\n","protected":false},"author":58,"featured_media":23094,"parent":0,"menu_order":0,"comment_status":"closed","ping_status":"closed","template":"","meta":{"inline_featured_image":false,"footnotes":""},"class_list":["post-23093","page","type-page","status-publish","has-post-thumbnail","hentry"],"yoast_head":"<!-- This site is optimized with the Yoast SEO plugin v27.4 - https:\/\/yoast.com\/product\/yoast-seo-wordpress\/ -->\n<title>F\u00f6rena nationerna - TEST - SMND<\/title>\n<meta name=\"robots\" content=\"noindex, follow, max-snippet:-1, max-image-preview:large, max-video-preview:-1\" \/>\n<meta property=\"og:locale\" content=\"en_US\" \/>\n<meta property=\"og:type\" content=\"article\" \/>\n<meta property=\"og:title\" content=\"F\u00f6rena nationerna - TEST - SMND\" \/>\n<meta property=\"og:description\" content=\"F\u00f6rena nationerna Global transformation &#8211; bortom gr\u00e4nser Publiken var liten i Dag Hammarskj\u00f6lds auditorium. Femtio anst\u00e4llda samlades i den medelstora teatern tidigt p\u00e5 kv\u00e4llen. Ett nytt Sahaja Meditation Society hade beviljats och fastst\u00e4llts av FN bara tv\u00e5 dagar tidigare, och nu samlades alla medlemmar f\u00f6r att h\u00f6ra sin huvudtalare. Detta var en paus fr\u00e5n deras&hellip; Read more\" \/>\n<meta property=\"og:url\" content=\"https:\/\/shrimataji.org\/test\/sv\/forena-nationerna\/\" \/>\n<meta property=\"og:site_name\" content=\"TEST - SMND\" \/>\n<meta property=\"article:publisher\" content=\"https:\/\/www.facebook.com\/shrimataji\" \/>\n<meta property=\"article:modified_time\" content=\"2025-04-25T12:37:06+00:00\" \/>\n<meta property=\"og:image\" content=\"https:\/\/shrimataji.org\/test\/wp-content\/uploads\/2018\/07\/media_originals\/images\/headers-general\/shri-mataji-nirmala-devi-arrives-near-vienna-austria-2009.jpg\" \/>\n\t<meta property=\"og:image:width\" content=\"990\" \/>\n\t<meta property=\"og:image:height\" content=\"350\" \/>\n\t<meta property=\"og:image:type\" content=\"image\/jpeg\" \/>\n<meta name=\"twitter:card\" content=\"summary_large_image\" \/>\n<meta name=\"twitter:site\" content=\"@shrimataji\" \/>\n<script type=\"application\/ld+json\" class=\"yoast-schema-graph\">{\"@context\":\"https:\\\/\\\/schema.org\",\"@graph\":[{\"@type\":\"WebPage\",\"@id\":\"https:\\\/\\\/shrimataji.org\\\/test\\\/sv\\\/forena-nationerna\\\/\",\"url\":\"https:\\\/\\\/shrimataji.org\\\/test\\\/sv\\\/forena-nationerna\\\/\",\"name\":\"F\u00f6rena nationerna - TEST - SMND\",\"isPartOf\":{\"@id\":\"https:\\\/\\\/shrimataji.org\\\/test\\\/#website\"},\"primaryImageOfPage\":{\"@id\":\"https:\\\/\\\/shrimataji.org\\\/test\\\/sv\\\/forena-nationerna\\\/#primaryimage\"},\"image\":{\"@id\":\"https:\\\/\\\/shrimataji.org\\\/test\\\/sv\\\/forena-nationerna\\\/#primaryimage\"},\"thumbnailUrl\":\"https:\\\/\\\/shrimataji.org\\\/test\\\/wp-content\\\/uploads\\\/2018\\\/07\\\/media_originals\\\/images\\\/headers-general\\\/shri-mataji-nirmala-devi-arrives-near-vienna-austria-2009.jpg\",\"datePublished\":\"2011-10-05T02:00:00+00:00\",\"dateModified\":\"2025-04-25T12:37:06+00:00\",\"breadcrumb\":{\"@id\":\"https:\\\/\\\/shrimataji.org\\\/test\\\/sv\\\/forena-nationerna\\\/#breadcrumb\"},\"inLanguage\":\"en-US\",\"potentialAction\":[{\"@type\":\"ReadAction\",\"target\":[\"https:\\\/\\\/shrimataji.org\\\/test\\\/sv\\\/forena-nationerna\\\/\"]}]},{\"@type\":\"ImageObject\",\"inLanguage\":\"en-US\",\"@id\":\"https:\\\/\\\/shrimataji.org\\\/test\\\/sv\\\/forena-nationerna\\\/#primaryimage\",\"url\":\"https:\\\/\\\/shrimataji.org\\\/test\\\/wp-content\\\/uploads\\\/2018\\\/07\\\/media_originals\\\/images\\\/headers-general\\\/shri-mataji-nirmala-devi-arrives-near-vienna-austria-2009.jpg\",\"contentUrl\":\"https:\\\/\\\/shrimataji.org\\\/test\\\/wp-content\\\/uploads\\\/2018\\\/07\\\/media_originals\\\/images\\\/headers-general\\\/shri-mataji-nirmala-devi-arrives-near-vienna-austria-2009.jpg\",\"width\":990,\"height\":350},{\"@type\":\"BreadcrumbList\",\"@id\":\"https:\\\/\\\/shrimataji.org\\\/test\\\/sv\\\/forena-nationerna\\\/#breadcrumb\",\"itemListElement\":[{\"@type\":\"ListItem\",\"position\":1,\"name\":\"Home\",\"item\":\"https:\\\/\\\/shrimataji.org\\\/test\\\/uk\\\/home-en\\\/\"},{\"@type\":\"ListItem\",\"position\":2,\"name\":\"F\u00f6rena nationerna\"}]},{\"@type\":\"WebSite\",\"@id\":\"https:\\\/\\\/shrimataji.org\\\/test\\\/#website\",\"url\":\"https:\\\/\\\/shrimataji.org\\\/test\\\/\",\"name\":\"Shri Mataji Nirmala Devi\",\"description\":\"A Life Dedicated to Humanity\",\"publisher\":{\"@id\":\"https:\\\/\\\/shrimataji.org\\\/test\\\/#\\\/schema\\\/person\\\/a1b3419c6585f164aa96da1ff85715d1\"},\"potentialAction\":[{\"@type\":\"SearchAction\",\"target\":{\"@type\":\"EntryPoint\",\"urlTemplate\":\"https:\\\/\\\/shrimataji.org\\\/test\\\/?s={search_term_string}\"},\"query-input\":{\"@type\":\"PropertyValueSpecification\",\"valueRequired\":true,\"valueName\":\"search_term_string\"}}],\"inLanguage\":\"en-US\"},{\"@type\":[\"Person\",\"Organization\"],\"@id\":\"https:\\\/\\\/shrimataji.org\\\/test\\\/#\\\/schema\\\/person\\\/a1b3419c6585f164aa96da1ff85715d1\",\"name\":\"Nirmala Shrivastava\",\"image\":{\"@type\":\"ImageObject\",\"inLanguage\":\"en-US\",\"@id\":\"https:\\\/\\\/shrimataji.org\\\/test\\\/wp-content\\\/uploads\\\/2023\\\/02\\\/SMO_LOGO-03.svg\",\"url\":\"https:\\\/\\\/shrimataji.org\\\/test\\\/wp-content\\\/uploads\\\/2023\\\/02\\\/SMO_LOGO-03.svg\",\"contentUrl\":\"https:\\\/\\\/shrimataji.org\\\/test\\\/wp-content\\\/uploads\\\/2023\\\/02\\\/SMO_LOGO-03.svg\",\"width\":\"1024\",\"height\":\"1024\",\"caption\":\"Nirmala Shrivastava\"},\"logo\":{\"@id\":\"https:\\\/\\\/shrimataji.org\\\/test\\\/wp-content\\\/uploads\\\/2023\\\/02\\\/SMO_LOGO-03.svg\"},\"sameAs\":[\"https:\\\/\\\/shrimataji.org\\\/test\",\"https:\\\/\\\/www.facebook.com\\\/shrimataji\",\"https:\\\/\\\/x.com\\\/shrimataji\",\"https:\\\/\\\/www.youtube.com\\\/@Shri_Mataji_Nirmala_Devi\\\/featured\"]}]}<\/script>\n<!-- \/ Yoast SEO plugin. -->","yoast_head_json":{"title":"F\u00f6rena nationerna - TEST - SMND","robots":{"index":"noindex","follow":"follow","max-snippet":"max-snippet:-1","max-image-preview":"max-image-preview:large","max-video-preview":"max-video-preview:-1"},"og_locale":"en_US","og_type":"article","og_title":"F\u00f6rena nationerna - TEST - SMND","og_description":"F\u00f6rena nationerna Global transformation &#8211; bortom gr\u00e4nser Publiken var liten i Dag Hammarskj\u00f6lds auditorium. Femtio anst\u00e4llda samlades i den medelstora teatern tidigt p\u00e5 kv\u00e4llen. Ett nytt Sahaja Meditation Society hade beviljats och fastst\u00e4llts av FN bara tv\u00e5 dagar tidigare, och nu samlades alla medlemmar f\u00f6r att h\u00f6ra sin huvudtalare. Detta var en paus fr\u00e5n deras&hellip; Read more","og_url":"https:\/\/shrimataji.org\/test\/sv\/forena-nationerna\/","og_site_name":"TEST - SMND","article_publisher":"https:\/\/www.facebook.com\/shrimataji","article_modified_time":"2025-04-25T12:37:06+00:00","og_image":[{"width":990,"height":350,"url":"https:\/\/shrimataji.org\/test\/wp-content\/uploads\/2018\/07\/media_originals\/images\/headers-general\/shri-mataji-nirmala-devi-arrives-near-vienna-austria-2009.jpg","type":"image\/jpeg"}],"twitter_card":"summary_large_image","twitter_site":"@shrimataji","schema":{"@context":"https:\/\/schema.org","@graph":[{"@type":"WebPage","@id":"https:\/\/shrimataji.org\/test\/sv\/forena-nationerna\/","url":"https:\/\/shrimataji.org\/test\/sv\/forena-nationerna\/","name":"F\u00f6rena nationerna - TEST - SMND","isPartOf":{"@id":"https:\/\/shrimataji.org\/test\/#website"},"primaryImageOfPage":{"@id":"https:\/\/shrimataji.org\/test\/sv\/forena-nationerna\/#primaryimage"},"image":{"@id":"https:\/\/shrimataji.org\/test\/sv\/forena-nationerna\/#primaryimage"},"thumbnailUrl":"https:\/\/shrimataji.org\/test\/wp-content\/uploads\/2018\/07\/media_originals\/images\/headers-general\/shri-mataji-nirmala-devi-arrives-near-vienna-austria-2009.jpg","datePublished":"2011-10-05T02:00:00+00:00","dateModified":"2025-04-25T12:37:06+00:00","breadcrumb":{"@id":"https:\/\/shrimataji.org\/test\/sv\/forena-nationerna\/#breadcrumb"},"inLanguage":"en-US","potentialAction":[{"@type":"ReadAction","target":["https:\/\/shrimataji.org\/test\/sv\/forena-nationerna\/"]}]},{"@type":"ImageObject","inLanguage":"en-US","@id":"https:\/\/shrimataji.org\/test\/sv\/forena-nationerna\/#primaryimage","url":"https:\/\/shrimataji.org\/test\/wp-content\/uploads\/2018\/07\/media_originals\/images\/headers-general\/shri-mataji-nirmala-devi-arrives-near-vienna-austria-2009.jpg","contentUrl":"https:\/\/shrimataji.org\/test\/wp-content\/uploads\/2018\/07\/media_originals\/images\/headers-general\/shri-mataji-nirmala-devi-arrives-near-vienna-austria-2009.jpg","width":990,"height":350},{"@type":"BreadcrumbList","@id":"https:\/\/shrimataji.org\/test\/sv\/forena-nationerna\/#breadcrumb","itemListElement":[{"@type":"ListItem","position":1,"name":"Home","item":"https:\/\/shrimataji.org\/test\/uk\/home-en\/"},{"@type":"ListItem","position":2,"name":"F\u00f6rena nationerna"}]},{"@type":"WebSite","@id":"https:\/\/shrimataji.org\/test\/#website","url":"https:\/\/shrimataji.org\/test\/","name":"Shri Mataji Nirmala Devi","description":"A Life Dedicated to Humanity","publisher":{"@id":"https:\/\/shrimataji.org\/test\/#\/schema\/person\/a1b3419c6585f164aa96da1ff85715d1"},"potentialAction":[{"@type":"SearchAction","target":{"@type":"EntryPoint","urlTemplate":"https:\/\/shrimataji.org\/test\/?s={search_term_string}"},"query-input":{"@type":"PropertyValueSpecification","valueRequired":true,"valueName":"search_term_string"}}],"inLanguage":"en-US"},{"@type":["Person","Organization"],"@id":"https:\/\/shrimataji.org\/test\/#\/schema\/person\/a1b3419c6585f164aa96da1ff85715d1","name":"Nirmala Shrivastava","image":{"@type":"ImageObject","inLanguage":"en-US","@id":"https:\/\/shrimataji.org\/test\/wp-content\/uploads\/2023\/02\/SMO_LOGO-03.svg","url":"https:\/\/shrimataji.org\/test\/wp-content\/uploads\/2023\/02\/SMO_LOGO-03.svg","contentUrl":"https:\/\/shrimataji.org\/test\/wp-content\/uploads\/2023\/02\/SMO_LOGO-03.svg","width":"1024","height":"1024","caption":"Nirmala Shrivastava"},"logo":{"@id":"https:\/\/shrimataji.org\/test\/wp-content\/uploads\/2023\/02\/SMO_LOGO-03.svg"},"sameAs":["https:\/\/shrimataji.org\/test","https:\/\/www.facebook.com\/shrimataji","https:\/\/x.com\/shrimataji","https:\/\/www.youtube.com\/@Shri_Mataji_Nirmala_Devi\/featured"]}]}},"lang":"sv","translations":{"sv":23093,"ur":37530,"en":445,"am":18105,"th":20104,"hu":19602,"ar":17001,"sq":18506,"zh":17403,"tr":10228,"pt":10435,"de":10710,"fr":10808,"it":10906,"es":11002,"ja":11300,"ru":11488,"bn":11680,"te":11788,"sw":11911,"he":12059,"el":12351,"sk":12449,"fa":12547,"fi":12645,"bg":13508,"ro":14583,"cs":14776,"nl":16665,"ku":16825,"be":18713,"kn":18987,"mr":20468,"uk":20761,"ml":21056,"ta":22824,"gu":28928,"pa":29088,"fil":29542,"da":37837,"pl":38047,"nn":38389},"pll_sync_post":[],"_links":{"self":[{"href":"https:\/\/shrimataji.org\/test\/wp-json\/wp\/v2\/pages\/23093","targetHints":{"allow":["GET"]}}],"collection":[{"href":"https:\/\/shrimataji.org\/test\/wp-json\/wp\/v2\/pages"}],"about":[{"href":"https:\/\/shrimataji.org\/test\/wp-json\/wp\/v2\/types\/page"}],"author":[{"embeddable":true,"href":"https:\/\/shrimataji.org\/test\/wp-json\/wp\/v2\/users\/58"}],"replies":[{"embeddable":true,"href":"https:\/\/shrimataji.org\/test\/wp-json\/wp\/v2\/comments?post=23093"}],"version-history":[{"count":0,"href":"https:\/\/shrimataji.org\/test\/wp-json\/wp\/v2\/pages\/23093\/revisions"}],"wp:featuredmedia":[{"embeddable":true,"href":"https:\/\/shrimataji.org\/test\/wp-json\/wp\/v2\/media\/23094"}],"wp:attachment":[{"href":"https:\/\/shrimataji.org\/test\/wp-json\/wp\/v2\/media?parent=23093"}],"curies":[{"name":"wp","href":"https:\/\/api.w.org\/{rel}","templated":true}]}}