{"id":23097,"date":"2022-03-05T07:52:48","date_gmt":"2022-03-05T07:52:48","guid":{"rendered":"https:\/\/test.shrimataji.org\/?page_id=6494"},"modified":"2026-01-08T19:45:56","modified_gmt":"2026-01-08T19:45:56","slug":"vishuddhi-chakra-sv","status":"publish","type":"page","link":"https:\/\/shrimataji.org\/test\/sv\/vishuddhi-chakra-sv\/","title":{"rendered":"Vishuddhi Chakra SV"},"content":{"rendered":"\n\n\t<h1>Vishuddhi Chakra<\/h1>\n<h2>Kommunikation, sj\u00e4lvk\u00e4nsla, diplomati<\/h2>\n<h4>Utvecklingen av samh\u00e4llen har utvecklats och formats under generationer med hj\u00e4lp av effektiv kommunikationsf\u00f6rm\u00e5ga. Vishuddhi Chakrat \u00e4r centrum som g\u00f6r det m\u00f6jligt f\u00f6r oss att g\u00e5 fr\u00e5n individuell till kollektiv medvetenhet. D\u00e4r sitter v\u00e5r koppling till andra och v\u00e5r lyh\u00f6rdhet f\u00f6r v\u00e5ra medm\u00e4nniskor. Vi l\u00e4r oss att inse f\u00f6rdelen med kollektiv v\u00e4lvilja snarare \u00e4n individuell vinst, och att vi tillsammans \u00e4r ett.<\/h4>\n<div class=\"su-quote su-quote-style-default\"><div class=\"su-quote-inner su-u-clearfix su-u-trim\"> Shri Krishna sa det v\u00e4ldigt vackert att &#8220;Satyam Vade, Hitam Vade, Priyam Vade&#8221;. Det \u00e4r det som \u00e4r v\u00e4lg\u00f6rande och k\u00e4rleken till Anden som m\u00e5ste uttryckas. Kanske \u00e4r det s\u00e5rande just d\u00e5, men kan senare bli nyttigt och k\u00e4rleksfullt. \u00c4ven med all denna f\u00f6rst\u00e5else gl\u00f6mmer vi ibland att Gud \u00e4r k\u00e4rlek. Och sanningen \u00e4r ocks\u00e5 k\u00e4rlek. <\/div><\/div>\n<p>En annan stor egenskap som utvecklas i v\u00e5r personlighet n\u00e4r detta chakra \u00f6ppnas \u00e4r en k\u00e4nsla av diplomati. Som diplomater beh\u00e4rskar vi kommunikationskonsten som \u00e4r karismatisk, men inte f\u00f6r n\u00e5gon liten personlig vinning eller f\u00f6r makt eller pengar, utan f\u00f6r det kollektivets b\u00e4sta. V\u00e5rt meditativa och introspektiva fokus p\u00e5 detta femte centrum g\u00f6r det m\u00f6jligt f\u00f6r oss att spontant och respektfullt hantera relationer av alla slag.<\/p>\n\t<iframe loading=\"lazy\" title=\"Vishuddhi Chakra\" width=\"1920\" height=\"1080\" src=\"https:\/\/www.youtube.com\/embed\/LLi3R16u62Y?feature=oembed\" frameborder=\"0\" allow=\"accelerometer; autoplay; clipboard-write; encrypted-media; gyroscope; picture-in-picture; web-share\" allowfullscreen><\/iframe>\n\t<strong>Plats<\/strong>:<strong><br \/>\n<\/strong>V\u00e5rt Vishuddhi Chakra ligger i nacken p\u00e5 baksidan av ryggraden ungef\u00e4r i niv\u00e5 med v\u00e5ra axlar. Vibrationerna fr\u00e5n Vishuddhi Chakrat kan k\u00e4nnas i v\u00e5ra pekfingrar p\u00e5 b\u00e5da h\u00e4nderna. Det v\u00e4nstra pekfingret \u00e4r associerat med v\u00e4nster Vishuddhi, medan det h\u00f6gra pekfingret \u00e4r associerat med h\u00f6ger Vishuddhi.\n<strong>F\u00e4rg<\/strong>:<strong><br \/>\n<\/strong>Vishuddhi Chakrat representeras av en ljus nyans av bl\u00e5tt. Det \u00e4r i linje med det renande elementet av eter.\n<strong>Vishuddhi Chakras egenskaper inkluderar::<\/strong><br \/>\n\u2022 Positiva relationer<br \/>\n\u2022 Effektiv kommunikation<br \/>\n\u2022 Artighet<br \/>\n\u2022 Diplomati<br \/>\n\u2022 K\u00e4nslan av gemenskap<br \/>\n\u2022 Trevlig personlighet\n\t\t\t\t<a href=\"https:\/\/shrimataji.org\/test\/wp-content\/uploads\/2023\/02\/5-Vishuddhi-01.png\" target=\"_blank\" rel=\"noopener\"  itemprop=\"url\">\n\t\t\t\t<img loading=\"lazy\" decoding=\"async\" src=\"https:\/\/shrimataji.org\/test\/wp-content\/uploads\/2023\/02\/5-Vishuddhi-01.png\" alt=\"5-Vishuddhi-01\" itemprop=\"image\" height=\"3426\" width=\"3214\" title=\"5-Vishuddhi-01\" onerror=\"this.style.display='none'\"  \/>\n\t\t\t\t<\/a>\n\t<p>De grundl\u00e4ggande egenskaperna som f\u00f6rmedlas av v\u00e5rt Vishuddhi Chakra inkluderar effektiv kommunikation och en k\u00e4nsla av gemenskap. N\u00e4r v\u00e5r Vishuddhi \u00e4r balanserad k\u00e4nner vi oss i harmoni med resten av m\u00e4nskligheten.<\/p>\n<p>Att utveckla Vishuddhi Chakrat genom regelbunden meditation g\u00f6r det m\u00f6jligt f\u00f6r oss att utveckla diplomatiska f\u00e4rdigheter och vi uppt\u00e4cker ett skonsamt och v\u00e4nligt s\u00e4tt att kommunicera med andra som kommer naturligt utan att beh\u00f6va g\u00e5 en kurs i s\u00e5dana \u00e4mnen. Utvecklingen av detta chakra ger oss ocks\u00e5 f\u00f6rm\u00e5gan att acceptera brister och utmaningar utan skuld och g\u00f6r det m\u00f6jligt f\u00f6r oss att hitta en l\u00e4mplig, v\u00e4lvillig l\u00f6sning.<\/p>\n<strong>F\u00f6rdelar:<br \/>\n<\/strong>Vishuddhi Chakra styr din nacke, hals, armar, ansikte, \u00f6ron, mun och t\u00e4nder. Det styr ocks\u00e5 din kommunikationsf\u00f6rm\u00e5ga.\n<p>N\u00e4r ditt Vishuddhi Chakra \u00e4r balanserat har du ett balanserat perspektiv p\u00e5 h\u00e4ndelser i ditt liv. Utmaningar kan m\u00f6tas med mer av en lugn k\u00e4nsla. Du k\u00e4nner dig optimistisk \u00e4ven i \u00f6verv\u00e4ldigande situationer. Vishuddhi Chakrat l\u00e5ter dig k\u00e4nna igen att yttre h\u00e4ndelser existerar utanf\u00f6r dig. Som ett resultat kan du bevittna dem lugnt.<\/p>\n<p>En balanserad Vishuddhi \u00e4r avg\u00f6rande f\u00f6r din tillv\u00e4xt som andlig varelse. Det \u00e4r ocks\u00e5 viktigt f\u00f6r tillv\u00e4xten av positiva och sunda relationer med andra. Diplomati och respekt f\u00f6rst\u00e4rks b\u00e5da av styrkan i detta chakra. Ut\u00f6vandet av meditation i Sahaja Yoga g\u00f6r att du kan ge energi och skydda b\u00e5de v\u00e4nster och h\u00f6ger sida av ditt Vishuddhi Chakra. Du kan ocks\u00e5 ge energi till detta chakra n\u00e4r du talar fr\u00e5n hj\u00e4rtat och ber\u00f6mmer ist\u00e4llet f\u00f6r att kritisera.<\/p>\n<strong>Sj\u00e4lvbed\u00f6mning:<\/strong><br \/>\nOm ditt Vishuddhi Chakra inte \u00e4r balanserat kan du uppleva brist p\u00e5 sj\u00e4lvrespekt och skuldk\u00e4nslor. Du kan ocks\u00e5 uppleva perioder av \u00f6verreaktion och aggressiv kommunikation. \u00d6verdrivet prat eller skrik kan ibland orsaka blockering i h\u00f6ger Vishuddhi Chakra. Sm\u00e4rta eller infektion i dina \u00f6ron eller t\u00e4nder kan indikera en blockering av Vishuddhi Chakra. Skuldk\u00e4nslor kan visa sig som \u00f6mma eller sp\u00e4nda axlar och nacke. Detta kan indikera en obalans i din v\u00e4nstra Vishuddhi. \u00c5terkommande f\u00f6rkylningar, sinus- och bronkialinfektioner kan indikera en obalans i din h\u00f6gra Vishuddhi. Felaktiga eller otill\u00e5tna relationer kan ocks\u00e5 orsaka obalanser i Vishuddhi Chakrat.\n<p><strong>Orsaker till obalanser:<\/strong><\/p>\n\u2022 Skuld och brist p\u00e5 sj\u00e4lvrespekt.<br \/>\n\u2022 \u00d6verdriven och on\u00f6digt aggressiv r\u00f6stanv\u00e4ndning.<br \/>\n\u2022 Sarkasm, h\u00f6jer r\u00f6sten i ilska, slughet i tal.\n<strong>S\u00e5 h\u00e4r balanserar du:<br \/>\n<\/strong>Om du vill balansera ditt Vishuddhi Chakra, placera din h\u00f6gra hand n\u00e5gra centimeter framf\u00f6r dess plats. Handflatan ska vara v\u00e4nd in\u00e5t. N\u00e4r du k\u00e4nner energi fl\u00f6da genom din hand, rotera den runt chakrat medurs. Upprepa denna rotation flera g\u00e5nger.\n<p>F\u00f6r att rensa din v\u00e4nstra Vishuddhi, h\u00e5ll en ljusl\u00e5ga n\u00e5gra centimeter fr\u00e5n sk\u00e4rningspunkten mellan din nacke och din v\u00e4nstra axel. Flytta l\u00e5gan f\u00f6rsiktigt och l\u00e5ngsamt i en medurs cirkel runt chakrat.<\/p>\n\n","protected":false},"excerpt":{"rendered":"<p>Vishuddhi Chakra Kommunikation, sj\u00e4lvk\u00e4nsla, diplomati Utvecklingen av samh\u00e4llen har utvecklats och formats under generationer med hj\u00e4lp av effektiv kommunikationsf\u00f6rm\u00e5ga. Vishuddhi Chakrat \u00e4r centrum som g\u00f6r det m\u00f6jligt f\u00f6r oss att g\u00e5 fr\u00e5n individuell till kollektiv medvetenhet. D\u00e4r sitter v\u00e5r koppling till andra och v\u00e5r lyh\u00f6rdhet f\u00f6r v\u00e5ra medm\u00e4nniskor. Vi l\u00e4r oss att inse f\u00f6rdelen med&hellip; <br \/> <a class=\"read-more\" href=\"https:\/\/shrimataji.org\/test\/sv\/vishuddhi-chakra-sv\/\">Read more<\/a><\/p>\n","protected":false},"author":1,"featured_media":23098,"parent":0,"menu_order":0,"comment_status":"closed","ping_status":"closed","template":"","meta":{"inline_featured_image":false,"footnotes":""},"class_list":["post-23097","page","type-page","status-publish","has-post-thumbnail","hentry"],"yoast_head":"<!-- This site is optimized with the Yoast SEO plugin v27.4 - https:\/\/yoast.com\/product\/yoast-seo-wordpress\/ -->\n<title>Vishuddhi Chakra SV - TEST - SMND<\/title>\n<meta name=\"robots\" content=\"noindex, follow, max-snippet:-1, max-image-preview:large, max-video-preview:-1\" \/>\n<meta property=\"og:locale\" content=\"en_US\" \/>\n<meta property=\"og:type\" content=\"article\" \/>\n<meta property=\"og:title\" content=\"Vishuddhi Chakra SV - TEST - SMND\" \/>\n<meta property=\"og:description\" content=\"Vishuddhi Chakra Kommunikation, sj\u00e4lvk\u00e4nsla, diplomati Utvecklingen av samh\u00e4llen har utvecklats och formats under generationer med hj\u00e4lp av effektiv kommunikationsf\u00f6rm\u00e5ga. Vishuddhi Chakrat \u00e4r centrum som g\u00f6r det m\u00f6jligt f\u00f6r oss att g\u00e5 fr\u00e5n individuell till kollektiv medvetenhet. D\u00e4r sitter v\u00e5r koppling till andra och v\u00e5r lyh\u00f6rdhet f\u00f6r v\u00e5ra medm\u00e4nniskor. Vi l\u00e4r oss att inse f\u00f6rdelen med&hellip; Read more\" \/>\n<meta property=\"og:url\" content=\"https:\/\/shrimataji.org\/test\/sv\/vishuddhi-chakra-sv\/\" \/>\n<meta property=\"og:site_name\" content=\"TEST - SMND\" \/>\n<meta property=\"article:publisher\" content=\"https:\/\/www.facebook.com\/shrimataji\" \/>\n<meta property=\"article:modified_time\" content=\"2026-01-08T19:45:56+00:00\" \/>\n<meta property=\"og:image\" content=\"https:\/\/shrimataji.org\/test\/wp-content\/uploads\/2023\/03\/20_Banner-SY-Chakra-vishu-scaled.jpg\" \/>\n\t<meta property=\"og:image:width\" content=\"2560\" \/>\n\t<meta property=\"og:image:height\" content=\"905\" \/>\n\t<meta property=\"og:image:type\" content=\"image\/jpeg\" \/>\n<meta name=\"twitter:card\" content=\"summary_large_image\" \/>\n<meta name=\"twitter:site\" content=\"@shrimataji\" \/>\n<meta name=\"twitter:label1\" content=\"Est. reading time\" \/>\n\t<meta name=\"twitter:data1\" content=\"4 minutes\" \/>\n<script type=\"application\/ld+json\" class=\"yoast-schema-graph\">{\"@context\":\"https:\\\/\\\/schema.org\",\"@graph\":[{\"@type\":\"WebPage\",\"@id\":\"https:\\\/\\\/shrimataji.org\\\/test\\\/sv\\\/vishuddhi-chakra-sv\\\/\",\"url\":\"https:\\\/\\\/shrimataji.org\\\/test\\\/sv\\\/vishuddhi-chakra-sv\\\/\",\"name\":\"Vishuddhi Chakra SV - TEST - SMND\",\"isPartOf\":{\"@id\":\"https:\\\/\\\/shrimataji.org\\\/test\\\/#website\"},\"primaryImageOfPage\":{\"@id\":\"https:\\\/\\\/shrimataji.org\\\/test\\\/sv\\\/vishuddhi-chakra-sv\\\/#primaryimage\"},\"image\":{\"@id\":\"https:\\\/\\\/shrimataji.org\\\/test\\\/sv\\\/vishuddhi-chakra-sv\\\/#primaryimage\"},\"thumbnailUrl\":\"https:\\\/\\\/shrimataji.org\\\/test\\\/wp-content\\\/uploads\\\/2023\\\/03\\\/20_Banner-SY-Chakra-vishu-scaled.jpg\",\"datePublished\":\"2022-03-05T07:52:48+00:00\",\"dateModified\":\"2026-01-08T19:45:56+00:00\",\"breadcrumb\":{\"@id\":\"https:\\\/\\\/shrimataji.org\\\/test\\\/sv\\\/vishuddhi-chakra-sv\\\/#breadcrumb\"},\"inLanguage\":\"en-US\",\"potentialAction\":[{\"@type\":\"ReadAction\",\"target\":[\"https:\\\/\\\/shrimataji.org\\\/test\\\/sv\\\/vishuddhi-chakra-sv\\\/\"]}]},{\"@type\":\"ImageObject\",\"inLanguage\":\"en-US\",\"@id\":\"https:\\\/\\\/shrimataji.org\\\/test\\\/sv\\\/vishuddhi-chakra-sv\\\/#primaryimage\",\"url\":\"https:\\\/\\\/shrimataji.org\\\/test\\\/wp-content\\\/uploads\\\/2023\\\/03\\\/20_Banner-SY-Chakra-vishu-scaled.jpg\",\"contentUrl\":\"https:\\\/\\\/shrimataji.org\\\/test\\\/wp-content\\\/uploads\\\/2023\\\/03\\\/20_Banner-SY-Chakra-vishu-scaled.jpg\",\"width\":2560,\"height\":905},{\"@type\":\"BreadcrumbList\",\"@id\":\"https:\\\/\\\/shrimataji.org\\\/test\\\/sv\\\/vishuddhi-chakra-sv\\\/#breadcrumb\",\"itemListElement\":[{\"@type\":\"ListItem\",\"position\":1,\"name\":\"Home\",\"item\":\"https:\\\/\\\/shrimataji.org\\\/test\\\/uk\\\/home-en\\\/\"},{\"@type\":\"ListItem\",\"position\":2,\"name\":\"Vishuddhi Chakra SV\"}]},{\"@type\":\"WebSite\",\"@id\":\"https:\\\/\\\/shrimataji.org\\\/test\\\/#website\",\"url\":\"https:\\\/\\\/shrimataji.org\\\/test\\\/\",\"name\":\"Shri Mataji Nirmala Devi\",\"description\":\"A Life Dedicated to Humanity\",\"publisher\":{\"@id\":\"https:\\\/\\\/shrimataji.org\\\/test\\\/#\\\/schema\\\/person\\\/a1b3419c6585f164aa96da1ff85715d1\"},\"potentialAction\":[{\"@type\":\"SearchAction\",\"target\":{\"@type\":\"EntryPoint\",\"urlTemplate\":\"https:\\\/\\\/shrimataji.org\\\/test\\\/?s={search_term_string}\"},\"query-input\":{\"@type\":\"PropertyValueSpecification\",\"valueRequired\":true,\"valueName\":\"search_term_string\"}}],\"inLanguage\":\"en-US\"},{\"@type\":[\"Person\",\"Organization\"],\"@id\":\"https:\\\/\\\/shrimataji.org\\\/test\\\/#\\\/schema\\\/person\\\/a1b3419c6585f164aa96da1ff85715d1\",\"name\":\"Nirmala Shrivastava\",\"image\":{\"@type\":\"ImageObject\",\"inLanguage\":\"en-US\",\"@id\":\"https:\\\/\\\/shrimataji.org\\\/test\\\/wp-content\\\/uploads\\\/2023\\\/02\\\/SMO_LOGO-03.svg\",\"url\":\"https:\\\/\\\/shrimataji.org\\\/test\\\/wp-content\\\/uploads\\\/2023\\\/02\\\/SMO_LOGO-03.svg\",\"contentUrl\":\"https:\\\/\\\/shrimataji.org\\\/test\\\/wp-content\\\/uploads\\\/2023\\\/02\\\/SMO_LOGO-03.svg\",\"width\":\"1024\",\"height\":\"1024\",\"caption\":\"Nirmala Shrivastava\"},\"logo\":{\"@id\":\"https:\\\/\\\/shrimataji.org\\\/test\\\/wp-content\\\/uploads\\\/2023\\\/02\\\/SMO_LOGO-03.svg\"},\"sameAs\":[\"https:\\\/\\\/shrimataji.org\\\/test\",\"https:\\\/\\\/www.facebook.com\\\/shrimataji\",\"https:\\\/\\\/x.com\\\/shrimataji\",\"https:\\\/\\\/www.youtube.com\\\/@Shri_Mataji_Nirmala_Devi\\\/featured\"]}]}<\/script>\n<!-- \/ Yoast SEO plugin. -->","yoast_head_json":{"title":"Vishuddhi Chakra SV - TEST - SMND","robots":{"index":"noindex","follow":"follow","max-snippet":"max-snippet:-1","max-image-preview":"max-image-preview:large","max-video-preview":"max-video-preview:-1"},"og_locale":"en_US","og_type":"article","og_title":"Vishuddhi Chakra SV - TEST - SMND","og_description":"Vishuddhi Chakra Kommunikation, sj\u00e4lvk\u00e4nsla, diplomati Utvecklingen av samh\u00e4llen har utvecklats och formats under generationer med hj\u00e4lp av effektiv kommunikationsf\u00f6rm\u00e5ga. Vishuddhi Chakrat \u00e4r centrum som g\u00f6r det m\u00f6jligt f\u00f6r oss att g\u00e5 fr\u00e5n individuell till kollektiv medvetenhet. D\u00e4r sitter v\u00e5r koppling till andra och v\u00e5r lyh\u00f6rdhet f\u00f6r v\u00e5ra medm\u00e4nniskor. Vi l\u00e4r oss att inse f\u00f6rdelen med&hellip; Read more","og_url":"https:\/\/shrimataji.org\/test\/sv\/vishuddhi-chakra-sv\/","og_site_name":"TEST - SMND","article_publisher":"https:\/\/www.facebook.com\/shrimataji","article_modified_time":"2026-01-08T19:45:56+00:00","og_image":[{"width":2560,"height":905,"url":"https:\/\/shrimataji.org\/test\/wp-content\/uploads\/2023\/03\/20_Banner-SY-Chakra-vishu-scaled.jpg","type":"image\/jpeg"}],"twitter_card":"summary_large_image","twitter_site":"@shrimataji","twitter_misc":{"Est. reading time":"4 minutes"},"schema":{"@context":"https:\/\/schema.org","@graph":[{"@type":"WebPage","@id":"https:\/\/shrimataji.org\/test\/sv\/vishuddhi-chakra-sv\/","url":"https:\/\/shrimataji.org\/test\/sv\/vishuddhi-chakra-sv\/","name":"Vishuddhi Chakra SV - TEST - SMND","isPartOf":{"@id":"https:\/\/shrimataji.org\/test\/#website"},"primaryImageOfPage":{"@id":"https:\/\/shrimataji.org\/test\/sv\/vishuddhi-chakra-sv\/#primaryimage"},"image":{"@id":"https:\/\/shrimataji.org\/test\/sv\/vishuddhi-chakra-sv\/#primaryimage"},"thumbnailUrl":"https:\/\/shrimataji.org\/test\/wp-content\/uploads\/2023\/03\/20_Banner-SY-Chakra-vishu-scaled.jpg","datePublished":"2022-03-05T07:52:48+00:00","dateModified":"2026-01-08T19:45:56+00:00","breadcrumb":{"@id":"https:\/\/shrimataji.org\/test\/sv\/vishuddhi-chakra-sv\/#breadcrumb"},"inLanguage":"en-US","potentialAction":[{"@type":"ReadAction","target":["https:\/\/shrimataji.org\/test\/sv\/vishuddhi-chakra-sv\/"]}]},{"@type":"ImageObject","inLanguage":"en-US","@id":"https:\/\/shrimataji.org\/test\/sv\/vishuddhi-chakra-sv\/#primaryimage","url":"https:\/\/shrimataji.org\/test\/wp-content\/uploads\/2023\/03\/20_Banner-SY-Chakra-vishu-scaled.jpg","contentUrl":"https:\/\/shrimataji.org\/test\/wp-content\/uploads\/2023\/03\/20_Banner-SY-Chakra-vishu-scaled.jpg","width":2560,"height":905},{"@type":"BreadcrumbList","@id":"https:\/\/shrimataji.org\/test\/sv\/vishuddhi-chakra-sv\/#breadcrumb","itemListElement":[{"@type":"ListItem","position":1,"name":"Home","item":"https:\/\/shrimataji.org\/test\/uk\/home-en\/"},{"@type":"ListItem","position":2,"name":"Vishuddhi Chakra SV"}]},{"@type":"WebSite","@id":"https:\/\/shrimataji.org\/test\/#website","url":"https:\/\/shrimataji.org\/test\/","name":"Shri Mataji Nirmala Devi","description":"A Life Dedicated to Humanity","publisher":{"@id":"https:\/\/shrimataji.org\/test\/#\/schema\/person\/a1b3419c6585f164aa96da1ff85715d1"},"potentialAction":[{"@type":"SearchAction","target":{"@type":"EntryPoint","urlTemplate":"https:\/\/shrimataji.org\/test\/?s={search_term_string}"},"query-input":{"@type":"PropertyValueSpecification","valueRequired":true,"valueName":"search_term_string"}}],"inLanguage":"en-US"},{"@type":["Person","Organization"],"@id":"https:\/\/shrimataji.org\/test\/#\/schema\/person\/a1b3419c6585f164aa96da1ff85715d1","name":"Nirmala Shrivastava","image":{"@type":"ImageObject","inLanguage":"en-US","@id":"https:\/\/shrimataji.org\/test\/wp-content\/uploads\/2023\/02\/SMO_LOGO-03.svg","url":"https:\/\/shrimataji.org\/test\/wp-content\/uploads\/2023\/02\/SMO_LOGO-03.svg","contentUrl":"https:\/\/shrimataji.org\/test\/wp-content\/uploads\/2023\/02\/SMO_LOGO-03.svg","width":"1024","height":"1024","caption":"Nirmala Shrivastava"},"logo":{"@id":"https:\/\/shrimataji.org\/test\/wp-content\/uploads\/2023\/02\/SMO_LOGO-03.svg"},"sameAs":["https:\/\/shrimataji.org\/test","https:\/\/www.facebook.com\/shrimataji","https:\/\/x.com\/shrimataji","https:\/\/www.youtube.com\/@Shri_Mataji_Nirmala_Devi\/featured"]}]}},"lang":"sv","translations":{"sv":23097,"ur":37534,"en":6494,"am":18109,"th":20110,"hu":19608,"ar":17005,"sq":18510,"zh":17407,"hi":8265,"tr":10231,"pt":10438,"de":10713,"fr":10811,"it":10909,"es":11005,"ja":11303,"ru":11491,"bn":11683,"te":11791,"sw":11914,"he":12062,"el":12354,"sk":12452,"fa":12550,"fi":12648,"bg":13368,"ro":14442,"cs":14635,"nl":16669,"ku":16829,"be":18717,"kn":18991,"mr":20474,"uk":20767,"ml":21062,"ta":22828,"gu":28932,"pa":29092,"fil":29546,"da":37841,"pl":38051,"nn":38393},"pll_sync_post":[],"_links":{"self":[{"href":"https:\/\/shrimataji.org\/test\/wp-json\/wp\/v2\/pages\/23097","targetHints":{"allow":["GET"]}}],"collection":[{"href":"https:\/\/shrimataji.org\/test\/wp-json\/wp\/v2\/pages"}],"about":[{"href":"https:\/\/shrimataji.org\/test\/wp-json\/wp\/v2\/types\/page"}],"author":[{"embeddable":true,"href":"https:\/\/shrimataji.org\/test\/wp-json\/wp\/v2\/users\/1"}],"replies":[{"embeddable":true,"href":"https:\/\/shrimataji.org\/test\/wp-json\/wp\/v2\/comments?post=23097"}],"version-history":[{"count":0,"href":"https:\/\/shrimataji.org\/test\/wp-json\/wp\/v2\/pages\/23097\/revisions"}],"wp:featuredmedia":[{"embeddable":true,"href":"https:\/\/shrimataji.org\/test\/wp-json\/wp\/v2\/media\/23098"}],"wp:attachment":[{"href":"https:\/\/shrimataji.org\/test\/wp-json\/wp\/v2\/media?parent=23097"}],"curies":[{"name":"wp","href":"https:\/\/api.w.org\/{rel}","templated":true}]}}