{"id":27284,"date":"2022-01-23T02:49:35","date_gmt":"2022-01-23T02:49:35","guid":{"rendered":"https:\/\/test.shrimataji.org\/?page_id=6269"},"modified":"2025-04-28T11:57:22","modified_gmt":"2025-04-28T11:57:22","slug":"iskustvo-vase-samospoznaje","status":"publish","type":"page","link":"https:\/\/shrimataji.org\/test\/bs\/iskustvo-vase-samospoznaje\/","title":{"rendered":"Iskustvo Va\u0161e Samospoznaje"},"content":{"rendered":"\n\n\t<h1>Iskustvo Va\u0161e Samospoznaje<\/h1>\n<h2>Potrebna vam je samo \u010dista \u017eelja<\/h2>\n<div class=\"su-quote su-quote-style-default\"><div class=\"su-quote-inner su-u-clearfix su-u-trim\">Svako ima pravo da postigne ovo stanje svoje evolucije i sve \u0161to je potrebno ve\u0107 je uro\u0111eno. Ali, po\u0161to po\u0161tujem va\u0161u slobodu, morate imati \u017eelju da postignete ovo stanje, ne mo\u017ee vam biti nametnuto.<\/div><\/div>\n\t<h4>\u0160ri Mata\u0111i je jedini duhovni Guru u istoriji \u010dove\u010danstva koji je dao iskustvo masovne samospoznaje, na vi\u0161e hiljada svojih javnih programa \u0161irom sveta. Milioni su imali koristi od ovog jedinstvenog iskustva koje je postalo prekretnica u njihovim \u017eivotima. Tragaoci koji prisustvuju programima do\u017eivljavaju svoju samospoznaju kao potpunu unutra\u0161nju ti\u0161inu, opu\u0161teno stanje fizi\u010dkog bi\u0107a i \u010desto topli ili hladni povetarac na dlanovima ruku i ponekad po celom telu.<\/h4>\n<p>Slede\u0107i koraci \u0107e vam pomo\u0107i da se pripremite za iskustvo samospoznaje. Sedite udobno sa uspravnim le\u0111ima, skidanje cipela mo\u017ee pomo\u0107i jer Majka Zemlja izvla\u010di svu negativnu energiju kroz na\u0161a stopala.<\/p>\n<p>Stavite obe ruke na krilo sa dlanovima okrenutim nagore. Da biste smirili svoju lutaju\u0107u pa\u017enju, mo\u017eete gledati sliku \u0160ri Mata\u0111i. Kada se mirno smestite, poku\u0161ajte da posmatrate svoje misli u sebi.<\/p>\n<p>Ako do\u017eivite potpunu unutra\u0161nju ti\u0161inu i mo\u017eda osetite lagani hladan povetarac koji struji preko va\u0161ih dlanova ili na glavi, iznad oblasti fontanele, znajte da ste duhovno bi\u0107e i da ste sami ostvarili svoju samospoznaju. Ovo je vrlo dobar po\u010detak i slede\u0107i koraci \u0107e vam pomo\u0107i da produbite svoje iskustvo meditacije.<\/p>\n<p>&nbsp;<\/p>\n\t\t\t\t<img loading=\"lazy\" decoding=\"async\" src=\"https:\/\/shrimataji.org\/test\/wp-content\/uploads\/2023\/02\/ShriMataji_BW.webp\" alt=\"ShriMataji_BW\" itemprop=\"image\" height=\"960\" width=\"671\" title=\"ShriMataji_BW\" onerror=\"this.style.display='none'\"  \/>\n\t<p>Iako je vrlo retko da ljudi spontano do\u017eive svoju potpunu samospoznaju ispred \u0160ri Mata\u0111i ili njene fotografije, potpuna samorealizacija se dobija prate\u0107i vo\u0111enu meditaciju za samospoznaju koju je \u0160ri Mata\u0111i kreirala i demonstrirala vi\u0161e od hiljadu puta \u0161irom sveta.<\/p>\n\t<img decoding=\"async\" data-spai-excluded=\"true\" loading=\"lazy\"  alt=\"YouTube player\"  src=\"https:\/\/i.ytimg.com\/vi\/sPcljs9WaPE\/maxresdefault.jpg\"  \/><button aria-label=\"Play\"><\/button><meta itemprop=\"embedUrl\" content=\"https:\/\/www.youtube.com\/embed\/sPcljs9WaPE\"\/><meta itemprop=\"name\" content=\"Shri Mataji ayd\u0131nlama veriyor\"\/><meta itemprop=\"description\" content=\"YouTube video\"\/><meta itemprop=\"thumbnailUrl\" content=\"https:\/\/i.ytimg.com\/vi\/sPcljs9WaPE\/0.jpg\"\/><meta itemprop=\"duration\" content=\"PT7M14S\"\/><meta itemprop=\"uploadDate\" content=\"2024-05-22T00:10:53Z\"\/>\n\t<p>Sada, na kraju vo\u0111ene meditacije, primetite da li se ose\u0107ate opu\u0161teno i da li su se va\u0161e misli smirile ili postepeno nestale. Ovo je prvo stanje meditacije &#8211; stanje svesti bez misli. To je stanje \u010diste i mirne svesti o sebi i svojoj okolini.<\/p>\n<p>Sada proverite da li mo\u017eete osetiti blagi, hladan povetarac na dlanovima i iznad glave, preko oblasti fontanele. U po\u010detku mo\u017ee biti toplo, \u0161to je znak da va\u0161a Kundalini energija pro\u010di\u0161\u0107ava va\u0161 suptilni sistem, ali \u0107e se na kraju ohladiti. Mo\u017eete to proveriti tako \u0161to \u0107ete postaviti levi dlan malo iznad glave, a zatim poku\u0161ati sa desnim dlanom.<\/p>\n<p>Ako ne mo\u017eete to da osetite, mo\u017ee biti iz vi\u0161e razloga. Jedan od naj\u010de\u0161\u0107ih je da nismo u stanju da oprostimo. Mo\u017ee pomo\u0107i ako iz srca ka\u017eete: &#8220;Majko (ili ako vi\u0161e volite da ka\u017eete \u0160ri Mata\u0111i), opra\u0161tam svima&#8221; nekoliko puta i ponovo proverite da li ose\u0107ate hladan povetarac iznad glave.<\/p>\n<p>Ovo je po\u010detak va\u0161eg unutra\u0161njeg putovanja u novo carstvo ve\u010dnog, duhovnog postojanja, koje sada mo\u017eete istra\u017eivati u potpunom miru i harmoniji. Odr\u017eavanjem ove nove svesti kroz redovnu meditaciju, bi\u0107ete u stanju da ose\u0107ate stanje svog suptilnog sistema, kao i stanje suptilnog sistema drugih ljudi, na svojim vrhovima prstiju i da ih ispravljate svojom uro\u0111enom duhovnom energijom (Kundalini).<\/p>\n<p>Slede\u0107i odeljci \u0107e vam pomo\u0107i da nau\u010dite vi\u0161e o Sahaja joga meditaciji i kako mo\u017eete praktikovati jednostavnu i nenapornu meditaciju kod ku\u0107e. Odeljak o Kolektivnoj meditaciji \u0107e vas upoznati sa aspektom kolektivne meditacije kako je savetovala \u0160ri Mata\u0111i i pomo\u0107 vam da prona\u0111ete centre Sahaja joga meditacije u celom svetu.<\/p>\n\n","protected":false},"excerpt":{"rendered":"<p>Iskustvo Va\u0161e Samospoznaje Potrebna vam je samo \u010dista \u017eelja \u0160ri Mata\u0111i je jedini duhovni Guru u istoriji \u010dove\u010danstva koji je dao iskustvo masovne samospoznaje, na vi\u0161e hiljada svojih javnih programa \u0161irom sveta. Milioni su imali koristi od ovog jedinstvenog iskustva koje je postalo prekretnica u njihovim \u017eivotima. Tragaoci koji prisustvuju programima do\u017eivljavaju svoju samospoznaju kao&hellip; <br \/> <a class=\"read-more\" href=\"https:\/\/shrimataji.org\/test\/bs\/iskustvo-vase-samospoznaje\/\">Read more<\/a><\/p>\n","protected":false},"author":12,"featured_media":27285,"parent":0,"menu_order":0,"comment_status":"closed","ping_status":"closed","template":"","meta":{"inline_featured_image":false,"footnotes":""},"class_list":["post-27284","page","type-page","status-publish","has-post-thumbnail","hentry"],"yoast_head":"<!-- This site is optimized with the Yoast SEO plugin v27.4 - https:\/\/yoast.com\/product\/yoast-seo-wordpress\/ -->\n<title>Iskustvo Va\u0161e Samospoznaje - TEST - SMND<\/title>\n<meta name=\"robots\" content=\"noindex, follow, max-snippet:-1, max-image-preview:large, max-video-preview:-1\" \/>\n<meta property=\"og:locale\" content=\"en_US\" \/>\n<meta property=\"og:type\" content=\"article\" \/>\n<meta property=\"og:title\" content=\"Iskustvo Va\u0161e Samospoznaje - TEST - SMND\" \/>\n<meta property=\"og:description\" content=\"Iskustvo Va\u0161e Samospoznaje Potrebna vam je samo \u010dista \u017eelja \u0160ri Mata\u0111i je jedini duhovni Guru u istoriji \u010dove\u010danstva koji je dao iskustvo masovne samospoznaje, na vi\u0161e hiljada svojih javnih programa \u0161irom sveta. Milioni su imali koristi od ovog jedinstvenog iskustva koje je postalo prekretnica u njihovim \u017eivotima. Tragaoci koji prisustvuju programima do\u017eivljavaju svoju samospoznaju kao&hellip; Read more\" \/>\n<meta property=\"og:url\" content=\"https:\/\/shrimataji.org\/test\/bs\/iskustvo-vase-samospoznaje\/\" \/>\n<meta property=\"og:site_name\" content=\"TEST - SMND\" \/>\n<meta property=\"article:publisher\" content=\"https:\/\/www.facebook.com\/shrimataji\" \/>\n<meta property=\"article:modified_time\" content=\"2025-04-28T11:57:22+00:00\" \/>\n<meta property=\"og:image\" content=\"https:\/\/shrimataji.org\/test\/wp-content\/uploads\/2023\/03\/3_Banner-SY-Experience-2-scaled.jpg\" \/>\n\t<meta property=\"og:image:width\" content=\"2560\" \/>\n\t<meta property=\"og:image:height\" content=\"905\" \/>\n\t<meta property=\"og:image:type\" content=\"image\/jpeg\" \/>\n<meta name=\"twitter:card\" content=\"summary_large_image\" \/>\n<meta name=\"twitter:site\" content=\"@shrimataji\" \/>\n<meta name=\"twitter:label1\" content=\"Est. reading time\" \/>\n\t<meta name=\"twitter:data1\" content=\"6 minutes\" \/>\n<script type=\"application\/ld+json\" class=\"yoast-schema-graph\">{\"@context\":\"https:\\\/\\\/schema.org\",\"@graph\":[{\"@type\":\"WebPage\",\"@id\":\"https:\\\/\\\/shrimataji.org\\\/test\\\/bs\\\/iskustvo-vase-samospoznaje\\\/\",\"url\":\"https:\\\/\\\/shrimataji.org\\\/test\\\/bs\\\/iskustvo-vase-samospoznaje\\\/\",\"name\":\"Iskustvo Va\u0161e Samospoznaje - TEST - SMND\",\"isPartOf\":{\"@id\":\"https:\\\/\\\/shrimataji.org\\\/test\\\/#website\"},\"primaryImageOfPage\":{\"@id\":\"https:\\\/\\\/shrimataji.org\\\/test\\\/bs\\\/iskustvo-vase-samospoznaje\\\/#primaryimage\"},\"image\":{\"@id\":\"https:\\\/\\\/shrimataji.org\\\/test\\\/bs\\\/iskustvo-vase-samospoznaje\\\/#primaryimage\"},\"thumbnailUrl\":\"https:\\\/\\\/shrimataji.org\\\/test\\\/wp-content\\\/uploads\\\/2023\\\/03\\\/3_Banner-SY-Experience-2-scaled.jpg\",\"datePublished\":\"2022-01-23T02:49:35+00:00\",\"dateModified\":\"2025-04-28T11:57:22+00:00\",\"breadcrumb\":{\"@id\":\"https:\\\/\\\/shrimataji.org\\\/test\\\/bs\\\/iskustvo-vase-samospoznaje\\\/#breadcrumb\"},\"inLanguage\":\"en-US\",\"potentialAction\":[{\"@type\":\"ReadAction\",\"target\":[\"https:\\\/\\\/shrimataji.org\\\/test\\\/bs\\\/iskustvo-vase-samospoznaje\\\/\"]}]},{\"@type\":\"ImageObject\",\"inLanguage\":\"en-US\",\"@id\":\"https:\\\/\\\/shrimataji.org\\\/test\\\/bs\\\/iskustvo-vase-samospoznaje\\\/#primaryimage\",\"url\":\"https:\\\/\\\/shrimataji.org\\\/test\\\/wp-content\\\/uploads\\\/2023\\\/03\\\/3_Banner-SY-Experience-2-scaled.jpg\",\"contentUrl\":\"https:\\\/\\\/shrimataji.org\\\/test\\\/wp-content\\\/uploads\\\/2023\\\/03\\\/3_Banner-SY-Experience-2-scaled.jpg\",\"width\":2560,\"height\":905},{\"@type\":\"BreadcrumbList\",\"@id\":\"https:\\\/\\\/shrimataji.org\\\/test\\\/bs\\\/iskustvo-vase-samospoznaje\\\/#breadcrumb\",\"itemListElement\":[{\"@type\":\"ListItem\",\"position\":1,\"name\":\"Home\",\"item\":\"https:\\\/\\\/shrimataji.org\\\/test\\\/uk\\\/home-en\\\/\"},{\"@type\":\"ListItem\",\"position\":2,\"name\":\"Iskustvo Va\u0161e Samospoznaje\"}]},{\"@type\":\"WebSite\",\"@id\":\"https:\\\/\\\/shrimataji.org\\\/test\\\/#website\",\"url\":\"https:\\\/\\\/shrimataji.org\\\/test\\\/\",\"name\":\"Shri Mataji Nirmala Devi\",\"description\":\"A Life Dedicated to Humanity\",\"publisher\":{\"@id\":\"https:\\\/\\\/shrimataji.org\\\/test\\\/#\\\/schema\\\/person\\\/a1b3419c6585f164aa96da1ff85715d1\"},\"potentialAction\":[{\"@type\":\"SearchAction\",\"target\":{\"@type\":\"EntryPoint\",\"urlTemplate\":\"https:\\\/\\\/shrimataji.org\\\/test\\\/?s={search_term_string}\"},\"query-input\":{\"@type\":\"PropertyValueSpecification\",\"valueRequired\":true,\"valueName\":\"search_term_string\"}}],\"inLanguage\":\"en-US\"},{\"@type\":[\"Person\",\"Organization\"],\"@id\":\"https:\\\/\\\/shrimataji.org\\\/test\\\/#\\\/schema\\\/person\\\/a1b3419c6585f164aa96da1ff85715d1\",\"name\":\"Nirmala Shrivastava\",\"image\":{\"@type\":\"ImageObject\",\"inLanguage\":\"en-US\",\"@id\":\"https:\\\/\\\/shrimataji.org\\\/test\\\/wp-content\\\/uploads\\\/2023\\\/02\\\/SMO_LOGO-03.svg\",\"url\":\"https:\\\/\\\/shrimataji.org\\\/test\\\/wp-content\\\/uploads\\\/2023\\\/02\\\/SMO_LOGO-03.svg\",\"contentUrl\":\"https:\\\/\\\/shrimataji.org\\\/test\\\/wp-content\\\/uploads\\\/2023\\\/02\\\/SMO_LOGO-03.svg\",\"width\":\"1024\",\"height\":\"1024\",\"caption\":\"Nirmala Shrivastava\"},\"logo\":{\"@id\":\"https:\\\/\\\/shrimataji.org\\\/test\\\/wp-content\\\/uploads\\\/2023\\\/02\\\/SMO_LOGO-03.svg\"},\"sameAs\":[\"https:\\\/\\\/shrimataji.org\\\/test\",\"https:\\\/\\\/www.facebook.com\\\/shrimataji\",\"https:\\\/\\\/x.com\\\/shrimataji\",\"https:\\\/\\\/www.youtube.com\\\/@Shri_Mataji_Nirmala_Devi\\\/featured\"]}]}<\/script>\n<!-- \/ Yoast SEO plugin. -->","yoast_head_json":{"title":"Iskustvo Va\u0161e Samospoznaje - TEST - SMND","robots":{"index":"noindex","follow":"follow","max-snippet":"max-snippet:-1","max-image-preview":"max-image-preview:large","max-video-preview":"max-video-preview:-1"},"og_locale":"en_US","og_type":"article","og_title":"Iskustvo Va\u0161e Samospoznaje - TEST - SMND","og_description":"Iskustvo Va\u0161e Samospoznaje Potrebna vam je samo \u010dista \u017eelja \u0160ri Mata\u0111i je jedini duhovni Guru u istoriji \u010dove\u010danstva koji je dao iskustvo masovne samospoznaje, na vi\u0161e hiljada svojih javnih programa \u0161irom sveta. Milioni su imali koristi od ovog jedinstvenog iskustva koje je postalo prekretnica u njihovim \u017eivotima. Tragaoci koji prisustvuju programima do\u017eivljavaju svoju samospoznaju kao&hellip; Read more","og_url":"https:\/\/shrimataji.org\/test\/bs\/iskustvo-vase-samospoznaje\/","og_site_name":"TEST - SMND","article_publisher":"https:\/\/www.facebook.com\/shrimataji","article_modified_time":"2025-04-28T11:57:22+00:00","og_image":[{"width":2560,"height":905,"url":"https:\/\/shrimataji.org\/test\/wp-content\/uploads\/2023\/03\/3_Banner-SY-Experience-2-scaled.jpg","type":"image\/jpeg"}],"twitter_card":"summary_large_image","twitter_site":"@shrimataji","twitter_misc":{"Est. reading time":"6 minutes"},"schema":{"@context":"https:\/\/schema.org","@graph":[{"@type":"WebPage","@id":"https:\/\/shrimataji.org\/test\/bs\/iskustvo-vase-samospoznaje\/","url":"https:\/\/shrimataji.org\/test\/bs\/iskustvo-vase-samospoznaje\/","name":"Iskustvo Va\u0161e Samospoznaje - TEST - SMND","isPartOf":{"@id":"https:\/\/shrimataji.org\/test\/#website"},"primaryImageOfPage":{"@id":"https:\/\/shrimataji.org\/test\/bs\/iskustvo-vase-samospoznaje\/#primaryimage"},"image":{"@id":"https:\/\/shrimataji.org\/test\/bs\/iskustvo-vase-samospoznaje\/#primaryimage"},"thumbnailUrl":"https:\/\/shrimataji.org\/test\/wp-content\/uploads\/2023\/03\/3_Banner-SY-Experience-2-scaled.jpg","datePublished":"2022-01-23T02:49:35+00:00","dateModified":"2025-04-28T11:57:22+00:00","breadcrumb":{"@id":"https:\/\/shrimataji.org\/test\/bs\/iskustvo-vase-samospoznaje\/#breadcrumb"},"inLanguage":"en-US","potentialAction":[{"@type":"ReadAction","target":["https:\/\/shrimataji.org\/test\/bs\/iskustvo-vase-samospoznaje\/"]}]},{"@type":"ImageObject","inLanguage":"en-US","@id":"https:\/\/shrimataji.org\/test\/bs\/iskustvo-vase-samospoznaje\/#primaryimage","url":"https:\/\/shrimataji.org\/test\/wp-content\/uploads\/2023\/03\/3_Banner-SY-Experience-2-scaled.jpg","contentUrl":"https:\/\/shrimataji.org\/test\/wp-content\/uploads\/2023\/03\/3_Banner-SY-Experience-2-scaled.jpg","width":2560,"height":905},{"@type":"BreadcrumbList","@id":"https:\/\/shrimataji.org\/test\/bs\/iskustvo-vase-samospoznaje\/#breadcrumb","itemListElement":[{"@type":"ListItem","position":1,"name":"Home","item":"https:\/\/shrimataji.org\/test\/uk\/home-en\/"},{"@type":"ListItem","position":2,"name":"Iskustvo Va\u0161e Samospoznaje"}]},{"@type":"WebSite","@id":"https:\/\/shrimataji.org\/test\/#website","url":"https:\/\/shrimataji.org\/test\/","name":"Shri Mataji Nirmala Devi","description":"A Life Dedicated to Humanity","publisher":{"@id":"https:\/\/shrimataji.org\/test\/#\/schema\/person\/a1b3419c6585f164aa96da1ff85715d1"},"potentialAction":[{"@type":"SearchAction","target":{"@type":"EntryPoint","urlTemplate":"https:\/\/shrimataji.org\/test\/?s={search_term_string}"},"query-input":{"@type":"PropertyValueSpecification","valueRequired":true,"valueName":"search_term_string"}}],"inLanguage":"en-US"},{"@type":["Person","Organization"],"@id":"https:\/\/shrimataji.org\/test\/#\/schema\/person\/a1b3419c6585f164aa96da1ff85715d1","name":"Nirmala Shrivastava","image":{"@type":"ImageObject","inLanguage":"en-US","@id":"https:\/\/shrimataji.org\/test\/wp-content\/uploads\/2023\/02\/SMO_LOGO-03.svg","url":"https:\/\/shrimataji.org\/test\/wp-content\/uploads\/2023\/02\/SMO_LOGO-03.svg","contentUrl":"https:\/\/shrimataji.org\/test\/wp-content\/uploads\/2023\/02\/SMO_LOGO-03.svg","width":"1024","height":"1024","caption":"Nirmala Shrivastava"},"logo":{"@id":"https:\/\/shrimataji.org\/test\/wp-content\/uploads\/2023\/02\/SMO_LOGO-03.svg"},"sameAs":["https:\/\/shrimataji.org\/test","https:\/\/www.facebook.com\/shrimataji","https:\/\/x.com\/shrimataji","https:\/\/www.youtube.com\/@Shri_Mataji_Nirmala_Devi\/featured"]}]}},"lang":"bs","translations":{"bs":27284,"ur":37424,"en":7043,"pa":25836,"gu":25439,"th":19936,"hu":19470,"sq":18396,"zh":17293,"hi":8277,"tr":10155,"pt":10368,"de":10642,"fr":10740,"it":10838,"es":10935,"ja":11232,"ru":11420,"bn":11612,"te":11720,"sw":11843,"he":11991,"el":12282,"sk":12380,"fa":12478,"fi":12576,"bg":13413,"ro":14487,"cs":14680,"nl":16556,"ku":16716,"ar":16892,"be":18603,"kn":18877,"mr":20300,"uk":20592,"ml":20891,"ta":22711,"sv":22984,"fil":29430,"sd":30998,"da":37738,"pl":37955,"nn":38290},"pll_sync_post":[],"_links":{"self":[{"href":"https:\/\/shrimataji.org\/test\/wp-json\/wp\/v2\/pages\/27284","targetHints":{"allow":["GET"]}}],"collection":[{"href":"https:\/\/shrimataji.org\/test\/wp-json\/wp\/v2\/pages"}],"about":[{"href":"https:\/\/shrimataji.org\/test\/wp-json\/wp\/v2\/types\/page"}],"author":[{"embeddable":true,"href":"https:\/\/shrimataji.org\/test\/wp-json\/wp\/v2\/users\/12"}],"replies":[{"embeddable":true,"href":"https:\/\/shrimataji.org\/test\/wp-json\/wp\/v2\/comments?post=27284"}],"version-history":[{"count":0,"href":"https:\/\/shrimataji.org\/test\/wp-json\/wp\/v2\/pages\/27284\/revisions"}],"wp:featuredmedia":[{"embeddable":true,"href":"https:\/\/shrimataji.org\/test\/wp-json\/wp\/v2\/media\/27285"}],"wp:attachment":[{"href":"https:\/\/shrimataji.org\/test\/wp-json\/wp\/v2\/media?parent=27284"}],"curies":[{"name":"wp","href":"https:\/\/api.w.org\/{rel}","templated":true}]}}