{"id":27286,"date":"2018-07-06T01:24:02","date_gmt":"2018-07-06T01:24:02","guid":{"rendered":"http:\/\/testwordpress.nirmalnagari.org\/smnd\/index.php\/mesmerize\/"},"modified":"2025-04-18T00:03:57","modified_gmt":"2025-04-18T00:03:57","slug":"pocetna-stranica","status":"publish","type":"page","link":"https:\/\/shrimataji.org\/test\/bs\/pocetna-stranica\/","title":{"rendered":"Po\u010detna Stranica"},"content":{"rendered":"\n\n\t<h1>\u0160ri Mata\u0111i Nirmala Devi<\/h1>\n<h3>\u017divot posve\u0107en \u010dove\u010danstvu<\/h3>\n\t<p>\u0160ri Mata\u0111i Nirmala Devi je tiho transformisala \u017eivote. Vi\u0161e od \u010detrdeset godina putovala je \u0161irom sveta, nude\u0107i besplatna javna predavanja i iskustvo <a href=\"https:\/\/shrimataji.org\/test\/bs\/samospoznaja\/\">samospoznaje<\/a> svima, bez obzira na rasu, religiju ili okolnosti. Ona nije samo omogu\u0107ila ljudima da prenesu ovo dragoceno iskustvo na druge, ve\u0107 ih je nau\u010dila tehnici meditacije neophodnoj da ga odr\u017eavaju, poznatoj kao <a href=\"https:\/\/shrimataji.org\/test\/bs\/sahaja-joga\/\">Sahaja joga<\/a>.<\/p>\n\t<div id=\"attachment_282\" style=\"width: 310px\" class=\"wp-caption aligncenter\"><img loading=\"lazy\" decoding=\"async\" aria-describedby=\"caption-attachment-282\" src=\"https:\/\/shrimataji.org\/test\/wp-content\/uploads\/2018\/07\/media_originals\/images\/shri-mataji-teaching-sahaja-yoga\/shri-mataji-teching-sahaja-yoga-meditation-and-self-realization-300x201.jpg\" alt=\"\" width=\"300\" height=\"201\" \/><p id=\"caption-attachment-282\" class=\"wp-caption-text\"><a href=\"https:\/\/www.youtube.com\/user\/ShriMatajiVideos\" target=\"_blank\" rel=\"noopener\">VIDEO ARCHIVE<\/a><\/p><\/div>\n\t<p>\u0160ri Mata\u0111i je tvrdila da u svakom ljudskom bi\u0107u postoji uro\u0111eni duhovni potencijal, koji se mo\u017ee spontano probuditi. Nagla\u0161avala je da se ovo bu\u0111enje, opisano kao samospoznaja, ne mo\u017ee kupiti. Novac nikada nije bio tra\u017een, niti \u0107e biti, za iskustvo samospoznaje ili za u\u010denje meditacije Sahaja joge.<\/p>\n<p>Unutra\u0161nja ravnote\u017ea i smanjenje stresa, koje prati praksu meditacije Sahaja joge ve\u0107 su doneli koristi stotinama hiljada ljudi \u0161irom sveta. Sposobnost da brzo i lako aktiviramo svoju uro\u0111enu, duhovnu energiju &#8211; i iskusimo njene koristi &#8211; razlikuje Sahaja jogu od drugih oblika meditacije. Uz praksu, pojedinci su u stanju da usmere svoju energiju i isprave mentalne, fizi\u010dke i emocionalne neravnote\u017ee kako bi postigli stanje blagostanja, smirenosti i ispunjenja.<\/p>\n<p>Pored Sahaja joge, koja je sada uspostavljena u vi\u0161e od 100 zemalja, \u0160ri Mata\u0111i je osnovala nevladinu organizaciju za siroma\u0161ne \u017eene i decu, nekoliko me\u0111unarodnih \u0161kola koje podu\u010davaju holisti\u010dki kurikulum, zdravstvene klinike koje nude le\u010denje putem tehnika meditacije Sahaja joge, i umetni\u010dku akademiju za o\u017eivljavanje klasi\u010dnih ve\u0161tina plesa, muzike i slikarstva.<\/p>\n\t\t\t\t<img loading=\"lazy\" decoding=\"async\" src=\"https:\/\/shrimataji.org\/test\/wp-content\/uploads\/2018\/07\/media_originals\/images\/shri-mataji-portraits\/shri-mataji-explaining-742x1024.jpg\" alt=\"shri-mataji-explaining\" itemprop=\"image\" height=\"1024\" width=\"742\" title=\"shri-mataji-explaining\" onerror=\"this.style.display='none'\"  \/>\n\t<div class=\"su-quote su-quote-style-default\"><div class=\"su-quote-inner su-u-clearfix su-u-trim\"> &#8220;Iskreno, nema mira unutar ljudskih bi\u0107a niti izvan njih. I siroma\u0161ni i bogati su nesre\u0107ni. Svuda ljudi tra\u017ee re\u0161enja. Na ve\u0161ta\u010dkom nivou, intelektualac mo\u017ee re\u0161iti odre\u0111ene probleme u vezi sa stvarima koje vidimo oko nas, i smatramo kao problem. Ali dok se neki problemi mogu re\u0161iti na ovaj na\u010din, drugi se pojavljuju. Pravo re\u0161enje ne le\u017ei u materijalnim okolnostima izvan ljudskih bi\u0107a, ve\u0107 unutar ljudskih bi\u0107a samih. Prava i trajna re\u0161enja za trenutne nevolje mogu se na\u0107i samo kroz unutra\u0161nju, kolektivnu transformaciju ljudskih bi\u0107a. Ovo nije nemogu\u0107e. Zapravo, to se ve\u0107 dogodilo.<\/div><\/div>\n\t<h2>ODLIKE<\/h2>\n\t<p><img decoding=\"async\" title=\"shri-mataji-nirmala-devi-clearing-technique-in-england-2\" src=\"https:\/\/shrimataji.org\/test\/wp-content\/uploads\/2018\/11\/shri-mataji-nirmala-devi-clearing-technique-in-england-2.jpg\" alt=\"\" \/><\/p>\n<h4>\u0160ri Mata\u0111i<\/h4>\n<p>Od vrlo mlade dobi, \u0160ri Mata\u0111i je bila anga\u017eovana u svetu oko sebe. Dok su njeni roditelji aktivno u\u010destvovali u borbi za nezavisnost Indije, \u0160ri Mata\u0111i je, kao dete, preuzela odgovornost za doma\u0107instvo. Mahatma Gandi, \u010diji je a\u0161ram \u010desto pose\u0107ivala u ranom uzrastu, prepoznao je u njoj duhovno \u010dudo.<\/p>\n<a href=\"https:\/\/shrimataji.org\/test\/bs\/srimatadi\/\" target=\"_blank\" rel=\"noopener noreferrer\" data-cp-link=\"1\">Saznajte vi\u0161e<\/a>\n\t<p><img decoding=\"async\" title=\"shri-mataji-greeting-the-queen-2\" src=\"https:\/\/shrimataji.org\/test\/wp-content\/uploads\/2018\/11\/shri-mataji-greeting-the-queen-2.jpg\" alt=\"\" \/><\/p>\n<h4>Dru\u0161tvena Transformacija<\/h4>\n<p>&#8230;Prepoznala je da svi ljudski problemi proizilaze iz neznanja ljudi o njihovom pravom unutra\u0161njem potencijalu kao duhovnih bi\u0107a, i da se taj potencijal lako mo\u017ee iskoristiti kroz samospoznaju. Unutra\u0161nja transformacija, koja je klju\u010d dru\u0161tvene transformacije, slu\u017eila je kao kamen temeljac za sve globalne nevladine organizacije koje je \u0160ri Mata\u0111i pokrenula.<\/p>\n<a href=\"https:\/\/shrimataji.org\/test\/bs\/drustvena-transformacija\" target=\"_blank\" rel=\"noopener noreferrer\" data-cp-link=\"1\">Saznajte vi\u0161e<\/a>\n\t<p><img decoding=\"async\" title=\"shri-mataji-meeting-with-village-people-in-india-2\" src=\"https:\/\/shrimataji.org\/test\/wp-content\/uploads\/2018\/11\/shri-mataji-meeting-with-village-people-in-india-2.jpg\" alt=\"\" \/><\/p>\n<h4>Njeni Javni Programi<\/h4>\nNije bilo mesta previ\u0161e malog ili previ\u0161e udaljenog da bi ga posetila. Od podno\u017eja Himalaja do unutra\u0161njosti Australije; od Londona preko Istanbula, do Los An\u0111elesa, \u0160ri Mata\u0111i je posvetila svoje vreme deljenju iskustva samospoznaje sa svima koji su to \u017eeleli&#8230;<br \/>\n\n<p><!--more--><\/p>\n<a href=\"https:\/\/shrimataji.org\/test\/bs\/javni-programi\/\" target=\"_blank\" rel=\"noopener noreferrer\" data-cp-link=\"1\">Saznajte vi\u0161e<\/a>\n\n","protected":false},"excerpt":{"rendered":"<p>\u0160ri Mata\u0111i Nirmala Devi \u017divot posve\u0107en \u010dove\u010danstvu \u0160ri Mata\u0111i Nirmala Devi je tiho transformisala \u017eivote. Vi\u0161e od \u010detrdeset godina putovala je \u0161irom sveta, nude\u0107i besplatna javna predavanja i iskustvo samospoznaje svima, bez obzira na rasu, religiju ili okolnosti. Ona nije samo omogu\u0107ila ljudima da prenesu ovo dragoceno iskustvo na druge, ve\u0107 ih je nau\u010dila tehnici&hellip; <br \/> <a class=\"read-more\" href=\"https:\/\/shrimataji.org\/test\/bs\/pocetna-stranica\/\">Read more<\/a><\/p>\n","protected":false},"author":1,"featured_media":27287,"parent":0,"menu_order":0,"comment_status":"closed","ping_status":"closed","template":"page-templates\/homepage.php","meta":{"inline_featured_image":false,"footnotes":""},"class_list":["post-27286","page","type-page","status-publish","has-post-thumbnail","hentry"],"yoast_head":"<!-- This site is optimized with the Yoast SEO plugin v27.4 - https:\/\/yoast.com\/product\/yoast-seo-wordpress\/ -->\n<title>TEST - SMND<\/title>\n<meta name=\"description\" content=\"A Life Dedicated to Humanity\" \/>\n<meta name=\"robots\" content=\"noindex, follow, max-snippet:-1, max-image-preview:large, max-video-preview:-1\" \/>\n<meta property=\"og:locale\" content=\"en_US\" \/>\n<meta property=\"og:type\" content=\"article\" \/>\n<meta property=\"og:title\" content=\"Shri Mataji Nirmala Devi\" \/>\n<meta property=\"og:description\" content=\"A Life Dedicated to Humanity\" \/>\n<meta property=\"og:url\" content=\"https:\/\/shrimataji.org\/test\/bs\/pocetna-stranica\/\" \/>\n<meta property=\"og:site_name\" content=\"TEST - SMND\" \/>\n<meta property=\"article:publisher\" content=\"https:\/\/www.facebook.com\/shrimataji\" \/>\n<meta property=\"article:modified_time\" content=\"2025-04-18T00:03:57+00:00\" \/>\n<meta property=\"og:image\" content=\"https:\/\/shrimataji.org\/test\/wp-content\/uploads\/2018\/07\/fp11-e1588597806347.jpg\" \/>\n\t<meta property=\"og:image:width\" content=\"707\" \/>\n\t<meta property=\"og:image:height\" content=\"700\" \/>\n\t<meta property=\"og:image:type\" content=\"image\/jpeg\" \/>\n<meta name=\"twitter:card\" content=\"summary_large_image\" \/>\n<meta name=\"twitter:title\" content=\"Shri Mataji Nirmala Devi\" \/>\n<meta name=\"twitter:description\" content=\"A Life Dedicated to Humanity\" \/>\n<meta name=\"twitter:image\" content=\"https:\/\/shrimataji.org\/test\/wp-content\/uploads\/2018\/07\/fp11-e1588597806347.jpg\" \/>\n<meta name=\"twitter:site\" content=\"@shrimataji\" \/>\n<meta name=\"twitter:label1\" content=\"Est. reading time\" \/>\n\t<meta name=\"twitter:data1\" content=\"3 minutes\" \/>\n<script type=\"application\/ld+json\" class=\"yoast-schema-graph\">{\"@context\":\"https:\\\/\\\/schema.org\",\"@graph\":[{\"@type\":\"WebPage\",\"@id\":\"https:\\\/\\\/shrimataji.org\\\/test\\\/bs\\\/pocetna-stranica\\\/\",\"url\":\"https:\\\/\\\/shrimataji.org\\\/test\\\/bs\\\/pocetna-stranica\\\/\",\"name\":\"TEST - SMND\",\"isPartOf\":{\"@id\":\"https:\\\/\\\/shrimataji.org\\\/test\\\/#website\"},\"primaryImageOfPage\":{\"@id\":\"https:\\\/\\\/shrimataji.org\\\/test\\\/bs\\\/pocetna-stranica\\\/#primaryimage\"},\"image\":{\"@id\":\"https:\\\/\\\/shrimataji.org\\\/test\\\/bs\\\/pocetna-stranica\\\/#primaryimage\"},\"thumbnailUrl\":\"https:\\\/\\\/shrimataji.org\\\/test\\\/wp-content\\\/uploads\\\/2018\\\/07\\\/media_originals\\\/images\\\/shri-mataji-portraits\\\/shri-mataji-in-belgium-1984.jpg\",\"datePublished\":\"2018-07-06T01:24:02+00:00\",\"dateModified\":\"2025-04-18T00:03:57+00:00\",\"description\":\"A Life Dedicated to Humanity\",\"breadcrumb\":{\"@id\":\"https:\\\/\\\/shrimataji.org\\\/test\\\/bs\\\/pocetna-stranica\\\/#breadcrumb\"},\"inLanguage\":\"en-US\",\"potentialAction\":[{\"@type\":\"ReadAction\",\"target\":[\"https:\\\/\\\/shrimataji.org\\\/test\\\/bs\\\/pocetna-stranica\\\/\"]}]},{\"@type\":\"ImageObject\",\"inLanguage\":\"en-US\",\"@id\":\"https:\\\/\\\/shrimataji.org\\\/test\\\/bs\\\/pocetna-stranica\\\/#primaryimage\",\"url\":\"https:\\\/\\\/shrimataji.org\\\/test\\\/wp-content\\\/uploads\\\/2018\\\/07\\\/media_originals\\\/images\\\/shri-mataji-portraits\\\/shri-mataji-in-belgium-1984.jpg\",\"contentUrl\":\"https:\\\/\\\/shrimataji.org\\\/test\\\/wp-content\\\/uploads\\\/2018\\\/07\\\/media_originals\\\/images\\\/shri-mataji-portraits\\\/shri-mataji-in-belgium-1984.jpg\",\"width\":1500,\"height\":975},{\"@type\":\"BreadcrumbList\",\"@id\":\"https:\\\/\\\/shrimataji.org\\\/test\\\/bs\\\/pocetna-stranica\\\/#breadcrumb\",\"itemListElement\":[{\"@type\":\"ListItem\",\"position\":1,\"name\":\"Home\",\"item\":\"https:\\\/\\\/shrimataji.org\\\/test\\\/uk\\\/home-en\\\/\"},{\"@type\":\"ListItem\",\"position\":2,\"name\":\"Po\u010detna Stranica\"}]},{\"@type\":\"WebSite\",\"@id\":\"https:\\\/\\\/shrimataji.org\\\/test\\\/#website\",\"url\":\"https:\\\/\\\/shrimataji.org\\\/test\\\/\",\"name\":\"Shri Mataji Nirmala Devi\",\"description\":\"A Life Dedicated to Humanity\",\"publisher\":{\"@id\":\"https:\\\/\\\/shrimataji.org\\\/test\\\/#\\\/schema\\\/person\\\/a1b3419c6585f164aa96da1ff85715d1\"},\"potentialAction\":[{\"@type\":\"SearchAction\",\"target\":{\"@type\":\"EntryPoint\",\"urlTemplate\":\"https:\\\/\\\/shrimataji.org\\\/test\\\/?s={search_term_string}\"},\"query-input\":{\"@type\":\"PropertyValueSpecification\",\"valueRequired\":true,\"valueName\":\"search_term_string\"}}],\"inLanguage\":\"en-US\"},{\"@type\":[\"Person\",\"Organization\"],\"@id\":\"https:\\\/\\\/shrimataji.org\\\/test\\\/#\\\/schema\\\/person\\\/a1b3419c6585f164aa96da1ff85715d1\",\"name\":\"Nirmala Shrivastava\",\"image\":{\"@type\":\"ImageObject\",\"inLanguage\":\"en-US\",\"@id\":\"https:\\\/\\\/shrimataji.org\\\/test\\\/wp-content\\\/uploads\\\/2023\\\/02\\\/SMO_LOGO-03.svg\",\"url\":\"https:\\\/\\\/shrimataji.org\\\/test\\\/wp-content\\\/uploads\\\/2023\\\/02\\\/SMO_LOGO-03.svg\",\"contentUrl\":\"https:\\\/\\\/shrimataji.org\\\/test\\\/wp-content\\\/uploads\\\/2023\\\/02\\\/SMO_LOGO-03.svg\",\"width\":\"1024\",\"height\":\"1024\",\"caption\":\"Nirmala Shrivastava\"},\"logo\":{\"@id\":\"https:\\\/\\\/shrimataji.org\\\/test\\\/wp-content\\\/uploads\\\/2023\\\/02\\\/SMO_LOGO-03.svg\"},\"sameAs\":[\"https:\\\/\\\/shrimataji.org\\\/test\",\"https:\\\/\\\/www.facebook.com\\\/shrimataji\",\"https:\\\/\\\/x.com\\\/shrimataji\",\"https:\\\/\\\/www.youtube.com\\\/@Shri_Mataji_Nirmala_Devi\\\/featured\"]}]}<\/script>\n<!-- \/ Yoast SEO plugin. -->","yoast_head_json":{"title":"TEST - SMND","description":"A Life Dedicated to Humanity","robots":{"index":"noindex","follow":"follow","max-snippet":"max-snippet:-1","max-image-preview":"max-image-preview:large","max-video-preview":"max-video-preview:-1"},"og_locale":"en_US","og_type":"article","og_title":"Shri Mataji Nirmala Devi","og_description":"A Life Dedicated to Humanity","og_url":"https:\/\/shrimataji.org\/test\/bs\/pocetna-stranica\/","og_site_name":"TEST - SMND","article_publisher":"https:\/\/www.facebook.com\/shrimataji","article_modified_time":"2025-04-18T00:03:57+00:00","og_image":[{"width":707,"height":700,"url":"https:\/\/shrimataji.org\/test\/wp-content\/uploads\/2018\/07\/fp11-e1588597806347.jpg","type":"image\/jpeg"}],"twitter_card":"summary_large_image","twitter_title":"Shri Mataji Nirmala Devi","twitter_description":"A Life Dedicated to Humanity","twitter_image":"https:\/\/shrimataji.org\/test\/wp-content\/uploads\/2018\/07\/fp11-e1588597806347.jpg","twitter_site":"@shrimataji","twitter_misc":{"Est. reading time":"3 minutes"},"schema":{"@context":"https:\/\/schema.org","@graph":[{"@type":"WebPage","@id":"https:\/\/shrimataji.org\/test\/bs\/pocetna-stranica\/","url":"https:\/\/shrimataji.org\/test\/bs\/pocetna-stranica\/","name":"TEST - SMND","isPartOf":{"@id":"https:\/\/shrimataji.org\/test\/#website"},"primaryImageOfPage":{"@id":"https:\/\/shrimataji.org\/test\/bs\/pocetna-stranica\/#primaryimage"},"image":{"@id":"https:\/\/shrimataji.org\/test\/bs\/pocetna-stranica\/#primaryimage"},"thumbnailUrl":"https:\/\/shrimataji.org\/test\/wp-content\/uploads\/2018\/07\/media_originals\/images\/shri-mataji-portraits\/shri-mataji-in-belgium-1984.jpg","datePublished":"2018-07-06T01:24:02+00:00","dateModified":"2025-04-18T00:03:57+00:00","description":"A Life Dedicated to Humanity","breadcrumb":{"@id":"https:\/\/shrimataji.org\/test\/bs\/pocetna-stranica\/#breadcrumb"},"inLanguage":"en-US","potentialAction":[{"@type":"ReadAction","target":["https:\/\/shrimataji.org\/test\/bs\/pocetna-stranica\/"]}]},{"@type":"ImageObject","inLanguage":"en-US","@id":"https:\/\/shrimataji.org\/test\/bs\/pocetna-stranica\/#primaryimage","url":"https:\/\/shrimataji.org\/test\/wp-content\/uploads\/2018\/07\/media_originals\/images\/shri-mataji-portraits\/shri-mataji-in-belgium-1984.jpg","contentUrl":"https:\/\/shrimataji.org\/test\/wp-content\/uploads\/2018\/07\/media_originals\/images\/shri-mataji-portraits\/shri-mataji-in-belgium-1984.jpg","width":1500,"height":975},{"@type":"BreadcrumbList","@id":"https:\/\/shrimataji.org\/test\/bs\/pocetna-stranica\/#breadcrumb","itemListElement":[{"@type":"ListItem","position":1,"name":"Home","item":"https:\/\/shrimataji.org\/test\/uk\/home-en\/"},{"@type":"ListItem","position":2,"name":"Po\u010detna Stranica"}]},{"@type":"WebSite","@id":"https:\/\/shrimataji.org\/test\/#website","url":"https:\/\/shrimataji.org\/test\/","name":"Shri Mataji Nirmala Devi","description":"A Life Dedicated to Humanity","publisher":{"@id":"https:\/\/shrimataji.org\/test\/#\/schema\/person\/a1b3419c6585f164aa96da1ff85715d1"},"potentialAction":[{"@type":"SearchAction","target":{"@type":"EntryPoint","urlTemplate":"https:\/\/shrimataji.org\/test\/?s={search_term_string}"},"query-input":{"@type":"PropertyValueSpecification","valueRequired":true,"valueName":"search_term_string"}}],"inLanguage":"en-US"},{"@type":["Person","Organization"],"@id":"https:\/\/shrimataji.org\/test\/#\/schema\/person\/a1b3419c6585f164aa96da1ff85715d1","name":"Nirmala Shrivastava","image":{"@type":"ImageObject","inLanguage":"en-US","@id":"https:\/\/shrimataji.org\/test\/wp-content\/uploads\/2023\/02\/SMO_LOGO-03.svg","url":"https:\/\/shrimataji.org\/test\/wp-content\/uploads\/2023\/02\/SMO_LOGO-03.svg","contentUrl":"https:\/\/shrimataji.org\/test\/wp-content\/uploads\/2023\/02\/SMO_LOGO-03.svg","width":"1024","height":"1024","caption":"Nirmala Shrivastava"},"logo":{"@id":"https:\/\/shrimataji.org\/test\/wp-content\/uploads\/2023\/02\/SMO_LOGO-03.svg"},"sameAs":["https:\/\/shrimataji.org\/test","https:\/\/www.facebook.com\/shrimataji","https:\/\/x.com\/shrimataji","https:\/\/www.youtube.com\/@Shri_Mataji_Nirmala_Devi\/featured"]}]}},"lang":"bs","translations":{"bs":27286,"ur":28779,"en":5,"am":18011,"th":19959,"hu":19488,"sq":18412,"zh":17309,"hi":8573,"tr":10167,"pl":10244,"pt":10379,"fr":10751,"it":10849,"es":10946,"ru":11431,"bn":11623,"te":11731,"sw":11854,"he":12002,"el":12293,"sk":12391,"fa":12489,"bg":13483,"ro":14558,"cs":14751,"de":15376,"ja":16420,"nl":16572,"ku":16732,"ar":16908,"be":18619,"kn":18893,"mr":20323,"uk":20615,"ml":20912,"ta":22727,"sv":23000,"fi":28770,"gu":28935,"pa":29004,"fil":29446,"sd":31000,"da":37751,"nn":38303},"pll_sync_post":[],"_links":{"self":[{"href":"https:\/\/shrimataji.org\/test\/wp-json\/wp\/v2\/pages\/27286","targetHints":{"allow":["GET"]}}],"collection":[{"href":"https:\/\/shrimataji.org\/test\/wp-json\/wp\/v2\/pages"}],"about":[{"href":"https:\/\/shrimataji.org\/test\/wp-json\/wp\/v2\/types\/page"}],"author":[{"embeddable":true,"href":"https:\/\/shrimataji.org\/test\/wp-json\/wp\/v2\/users\/1"}],"replies":[{"embeddable":true,"href":"https:\/\/shrimataji.org\/test\/wp-json\/wp\/v2\/comments?post=27286"}],"version-history":[{"count":0,"href":"https:\/\/shrimataji.org\/test\/wp-json\/wp\/v2\/pages\/27286\/revisions"}],"wp:featuredmedia":[{"embeddable":true,"href":"https:\/\/shrimataji.org\/test\/wp-json\/wp\/v2\/media\/27287"}],"wp:attachment":[{"href":"https:\/\/shrimataji.org\/test\/wp-json\/wp\/v2\/media?parent=27286"}],"curies":[{"name":"wp","href":"https:\/\/api.w.org\/{rel}","templated":true}]}}