{"id":27290,"date":"2018-07-10T06:54:42","date_gmt":"2018-07-10T06:54:42","guid":{"rendered":"http:\/\/testwordpress.nirmalnagari.org\/smnd\/index.php\/travel\/"},"modified":"2025-04-28T11:57:22","modified_gmt":"2025-04-28T11:57:22","slug":"javni-programi","status":"publish","type":"page","link":"https:\/\/shrimataji.org\/test\/bs\/javni-programi\/","title":{"rendered":"Javni Programi"},"content":{"rendered":"\n\n\t<h1>Njeni Javni Programi<\/h1>\n<h2><b>Globalni Vodi\u010d<\/b><\/h2>\n\t<h4>Od trenutka kada je uvela tehniku Sahaja joge 1970. godine, \u0160ri Mata\u0111i je bila gotovo stalno u pokretu: dr\u017eala je javne programe, davala intervjue medijima, govorila na me\u0111unarodnim konferencijama i seminarima, osnivala nevladine organizacije i provodila vreme sa onima koje je smatrala svojom \u201eglobalnom porodicom&#8221;.<\/h4>\n<p>Nije bilo mesta koje je bilo previ\u0161e malo ili predaleko da bi ga posetila. Od podno\u017eja Himalaja do zaba\u010denih delova Australije; od Londona do Istanbula do Los An\u0111elesa, \u0160ri Mata\u0111i je posvetila svoje vreme deljenju iskustva samospoznaje sa svima koji su to \u017eeleli. Od ranih 1970- ih pa sve do 1980-ih, \u0160ri Mata\u0111i je neprekidno i neumorno obilazila Evropu, Australiju i Severnu Ameriku. Devedesetih godina njena putovanja su se pro\u0161irila i na Ju\u017enu Ameriku, Afriku, Rusiju, Isto\u010dnu Evropu, Aziju i pacifi\u010dki region. Uvid u itinerar \u0160ri Mata\u0111i iz 1990. godine otkriva tipi\u010dan raspored koji je odr\u017eavala, sa vi\u0161e od dvesta doga\u0111aja u dvadeset \u0161est zemalja, uklju\u010duju\u0107i Brazil, Indiju, Australiju, Novi Zeland, Rusiju, Francusku, Englesku, Poljsku, \u0160paniju, Italiju, Sjedinjene Ameri\u010dke Dr\u017eave i mnoge druge. Udaljenost koju je pre\u0161la te godine prema\u0161ila je 135.000 kilometara, \u0161to je ekvivalent obilasku sveta tri puta.<\/p>\n<p>To je bila neverovatna koli\u010dina putovanja koju je preduzimala. U ne\u0161to vi\u0161e od 40 godina, podu\u010davala je i uspostavila Sahaja jogu u preko 100 zemalja &#8211; \u0161to je dokaz njene neiscrpne energije i potpune posve\u0107enosti cilju duhovne transformacije svuda.<\/p>\n<p>Interaktivna mapa ispod dokumentuje audio-video linkove raznih javnih programa, medijskih intervjua, konferencija, radionica i seminara sa \u0160ri Mata\u0111i izme\u0111u 1970. i 2011. godine. Klikom na marker ili grupu markera dobijate vi\u0161e informacija, uklju\u010duju\u0107i audio-video linkove programa snimljenih na toj lokaciji.<\/p>\n\t<p><iframe loading=\"lazy\" src=\"https:\/\/shrimataji.org\/test\/map\/amruta_map_eng.html\" name=\"travel_frame\" width=\"100%\" height=\"500px\" scrolling=\"no\" allowfullscreen=\"allowfullscreen\"><\/iframe><\/p>\n\t<style>\n    form {\n        display: flex;\n        flex-wrap: wrap;\n        gap: 10px;\n    }\n    label {\n <!--       flex: 1 100px; -->\n        text-align: right;\n        margin-right: 10px;\n        margin-left: 5px;\n    }\n    select {\n        width: 200px;\n        flex: 1;\n        max-width: 300px;\n        margin-right: 10px;\n        margin-left: 5px;        \n    }\n    .spacer {\n      margin-bottom: 20px;\n    }\n<\/style>\n<!-- CSS for Responsiveness & Alignment -->\n<style>\n    .filter-row {\n        display: flex;\n        flex-wrap: wrap;\n        gap: 15px;\n        margin-bottom: 10px;\n        align-items: flex-start; \/* Align items to the top for consistent layout *\/\n    }\n    label {\n        font-weight: bold;\n        margin-bottom: 2px;       \/* Further reduce space between label and select *\/\n        text-align: left;\n        line-height: 1.1;         \/* Tighter line spacing *\/\n    }\n    select, .button {\n        padding: 4px 6px;         \/* Reduce padding inside dropdown *\/\n        font-size: 14px;\n        margin: 0;                \/* Remove any default browser margin *\/\n        box-sizing: border-box;   \/* Ensure padding doesn't affect element size *\/\n    }\n    .button {\n        padding: 0px 0px;        \/* Compact button padding *\/\n        margin-top: 0px;          \/* Align reset button closely with selects *\/\n        display: inline-block;    \/* Prevent stretching vertically *\/\n    }\n    .filter-item {\n        display: flex;\n        flex-direction: column;\n        justify-content: flex-start;  \/* Align items to the top *\/\n        min-width: 180px;\n        gap: 2px;                    \/* Minimal gap between label and select *\/\n    }\n    \/* Responsive for Tablets *\/\n    @media (max-width: 900px) {\n        .filter-item {\n            flex: 1 1 calc(50% - 15px); \/* Two items per row *\/\n        }\n    }\n    \/* Responsive for Mobile *\/\n    @media (max-width: 600px) {\n        .filter-item {\n            flex: 1 1 100%; \/* Full width on mobile *\/\n        }\n    }\n<\/style>\n<form id=\"filterForm\">\n    <!-- First Row -->\n            <label for=\"lvtn\">Prijevod u\u017eivo:<\/label>\n            <select id=\"lvtn\" name=\"lvtn\">\n                <option value=\"all\">All<\/option>\n            <\/select>\n            <label for=\"subtitle\">Video titl:<\/label>\n            <select id=\"subtitle\" name=\"subtitle\">\n                <option value=\"all\">All<\/option>\n            <\/select>\n            <label for=\"period\">Godina:<\/label>\n            <select id=\"period\" name=\"period\">\n                <option value=\"all\">All<\/option>\n            <\/select>\n            <label for=\"category\">Kategorija:<\/label>\n            <select id=\"category\" name=\"category\">\n                <option value=\"all\">All<\/option>\n                <option value=\"Public Program\">Public Program<\/option>\n                <option value=\"Conference\">Conference<\/option>\n                <option value=\"Interview\">Interview<\/option>\n            <\/select>\n    <!-- Second Row -->\n            <label for=\"country\">Dr\u017eava:<\/label>\n            <select id=\"country\" name=\"country\" onchange=\"populateCities(this)\">\n                <option value=\"all\">All<\/option>\n            <\/select>\n            <label for=\"city\">Grad:<\/label>\n            <select id=\"city\" name=\"city\">\n                <option value=\"all\">All<\/option>\n            <\/select>\n            <label>&nbsp;<\/label> <!-- Empty label for alignment -->\n            <a target=\"_self\" onclick=\"resetSelectFields()\">Reset<\/a>\n<\/form>\n\n","protected":false},"excerpt":{"rendered":"<p>Njeni Javni Programi Globalni Vodi\u010d Od trenutka kada je uvela tehniku Sahaja joge 1970. godine, \u0160ri Mata\u0111i je bila gotovo stalno u pokretu: dr\u017eala je javne programe, davala intervjue medijima, govorila na me\u0111unarodnim konferencijama i seminarima, osnivala nevladine organizacije i provodila vreme sa onima koje je smatrala svojom \u201eglobalnom porodicom&#8221;. Nije bilo mesta koje je&hellip; <br \/> <a class=\"read-more\" href=\"https:\/\/shrimataji.org\/test\/bs\/javni-programi\/\">Read more<\/a><\/p>\n","protected":false},"author":12,"featured_media":27291,"parent":0,"menu_order":0,"comment_status":"closed","ping_status":"closed","template":"pro\/page-templates\/full-width-page.php","meta":{"inline_featured_image":false,"footnotes":"","advanced-sidebar-menu\/link-title":"","advanced-sidebar-menu\/exclude-page":false},"class_list":["post-27290","page","type-page","status-publish","has-post-thumbnail","hentry"],"yoast_head":"<!-- This site is optimized with the Yoast SEO plugin v27.4 - https:\/\/yoast.com\/product\/yoast-seo-wordpress\/ -->\n<title>Javni Programi - TEST - SMND<\/title>\n<meta name=\"robots\" content=\"noindex, follow, max-snippet:-1, max-image-preview:large, max-video-preview:-1\" \/>\n<meta property=\"og:locale\" content=\"en_US\" \/>\n<meta property=\"og:type\" content=\"article\" \/>\n<meta property=\"og:title\" content=\"Javni Programi - TEST - SMND\" \/>\n<meta property=\"og:description\" content=\"Njeni Javni Programi Globalni Vodi\u010d Od trenutka kada je uvela tehniku Sahaja joge 1970. godine, \u0160ri Mata\u0111i je bila gotovo stalno u pokretu: dr\u017eala je javne programe, davala intervjue medijima, govorila na me\u0111unarodnim konferencijama i seminarima, osnivala nevladine organizacije i provodila vreme sa onima koje je smatrala svojom \u201eglobalnom porodicom&#8221;. Nije bilo mesta koje je&hellip; Read more\" \/>\n<meta property=\"og:url\" content=\"https:\/\/shrimataji.org\/test\/bs\/javni-programi\/\" \/>\n<meta property=\"og:site_name\" content=\"TEST - SMND\" \/>\n<meta property=\"article:publisher\" content=\"https:\/\/www.facebook.com\/shrimataji\" \/>\n<meta property=\"article:modified_time\" content=\"2025-04-28T11:57:22+00:00\" \/>\n<meta property=\"og:image\" content=\"https:\/\/shrimataji.org\/test\/wp-content\/uploads\/2018\/07\/media_originals\/images\/headers-general\/shri-mataji-nirmala-devi-traveling.jpg\" \/>\n\t<meta property=\"og:image:width\" content=\"990\" \/>\n\t<meta property=\"og:image:height\" content=\"350\" \/>\n\t<meta property=\"og:image:type\" content=\"image\/jpeg\" \/>\n<meta name=\"twitter:card\" content=\"summary_large_image\" \/>\n<meta name=\"twitter:site\" content=\"@shrimataji\" \/>\n<meta name=\"twitter:label1\" content=\"Est. reading time\" \/>\n\t<meta name=\"twitter:data1\" content=\"2 minutes\" \/>\n<script type=\"application\/ld+json\" class=\"yoast-schema-graph\">{\"@context\":\"https:\\\/\\\/schema.org\",\"@graph\":[{\"@type\":\"WebPage\",\"@id\":\"https:\\\/\\\/shrimataji.org\\\/test\\\/bs\\\/javni-programi\\\/\",\"url\":\"https:\\\/\\\/shrimataji.org\\\/test\\\/bs\\\/javni-programi\\\/\",\"name\":\"Javni Programi - TEST - SMND\",\"isPartOf\":{\"@id\":\"https:\\\/\\\/shrimataji.org\\\/test\\\/#website\"},\"primaryImageOfPage\":{\"@id\":\"https:\\\/\\\/shrimataji.org\\\/test\\\/bs\\\/javni-programi\\\/#primaryimage\"},\"image\":{\"@id\":\"https:\\\/\\\/shrimataji.org\\\/test\\\/bs\\\/javni-programi\\\/#primaryimage\"},\"thumbnailUrl\":\"https:\\\/\\\/shrimataji.org\\\/test\\\/wp-content\\\/uploads\\\/2018\\\/07\\\/media_originals\\\/images\\\/headers-general\\\/shri-mataji-nirmala-devi-traveling.jpg\",\"datePublished\":\"2018-07-10T06:54:42+00:00\",\"dateModified\":\"2025-04-28T11:57:22+00:00\",\"breadcrumb\":{\"@id\":\"https:\\\/\\\/shrimataji.org\\\/test\\\/bs\\\/javni-programi\\\/#breadcrumb\"},\"inLanguage\":\"en-US\",\"potentialAction\":[{\"@type\":\"ReadAction\",\"target\":[\"https:\\\/\\\/shrimataji.org\\\/test\\\/bs\\\/javni-programi\\\/\"]}]},{\"@type\":\"ImageObject\",\"inLanguage\":\"en-US\",\"@id\":\"https:\\\/\\\/shrimataji.org\\\/test\\\/bs\\\/javni-programi\\\/#primaryimage\",\"url\":\"https:\\\/\\\/shrimataji.org\\\/test\\\/wp-content\\\/uploads\\\/2018\\\/07\\\/media_originals\\\/images\\\/headers-general\\\/shri-mataji-nirmala-devi-traveling.jpg\",\"contentUrl\":\"https:\\\/\\\/shrimataji.org\\\/test\\\/wp-content\\\/uploads\\\/2018\\\/07\\\/media_originals\\\/images\\\/headers-general\\\/shri-mataji-nirmala-devi-traveling.jpg\",\"width\":990,\"height\":350},{\"@type\":\"BreadcrumbList\",\"@id\":\"https:\\\/\\\/shrimataji.org\\\/test\\\/bs\\\/javni-programi\\\/#breadcrumb\",\"itemListElement\":[{\"@type\":\"ListItem\",\"position\":1,\"name\":\"Home\",\"item\":\"https:\\\/\\\/shrimataji.org\\\/test\\\/uk\\\/home-en\\\/\"},{\"@type\":\"ListItem\",\"position\":2,\"name\":\"Javni Programi\"}]},{\"@type\":\"WebSite\",\"@id\":\"https:\\\/\\\/shrimataji.org\\\/test\\\/#website\",\"url\":\"https:\\\/\\\/shrimataji.org\\\/test\\\/\",\"name\":\"Shri Mataji Nirmala Devi\",\"description\":\"A Life Dedicated to Humanity\",\"publisher\":{\"@id\":\"https:\\\/\\\/shrimataji.org\\\/test\\\/#\\\/schema\\\/person\\\/a1b3419c6585f164aa96da1ff85715d1\"},\"potentialAction\":[{\"@type\":\"SearchAction\",\"target\":{\"@type\":\"EntryPoint\",\"urlTemplate\":\"https:\\\/\\\/shrimataji.org\\\/test\\\/?s={search_term_string}\"},\"query-input\":{\"@type\":\"PropertyValueSpecification\",\"valueRequired\":true,\"valueName\":\"search_term_string\"}}],\"inLanguage\":\"en-US\"},{\"@type\":[\"Person\",\"Organization\"],\"@id\":\"https:\\\/\\\/shrimataji.org\\\/test\\\/#\\\/schema\\\/person\\\/a1b3419c6585f164aa96da1ff85715d1\",\"name\":\"Nirmala Shrivastava\",\"image\":{\"@type\":\"ImageObject\",\"inLanguage\":\"en-US\",\"@id\":\"https:\\\/\\\/shrimataji.org\\\/test\\\/wp-content\\\/uploads\\\/2023\\\/02\\\/SMO_LOGO-03.svg\",\"url\":\"https:\\\/\\\/shrimataji.org\\\/test\\\/wp-content\\\/uploads\\\/2023\\\/02\\\/SMO_LOGO-03.svg\",\"contentUrl\":\"https:\\\/\\\/shrimataji.org\\\/test\\\/wp-content\\\/uploads\\\/2023\\\/02\\\/SMO_LOGO-03.svg\",\"width\":\"1024\",\"height\":\"1024\",\"caption\":\"Nirmala Shrivastava\"},\"logo\":{\"@id\":\"https:\\\/\\\/shrimataji.org\\\/test\\\/wp-content\\\/uploads\\\/2023\\\/02\\\/SMO_LOGO-03.svg\"},\"sameAs\":[\"https:\\\/\\\/shrimataji.org\\\/test\",\"https:\\\/\\\/www.facebook.com\\\/shrimataji\",\"https:\\\/\\\/x.com\\\/shrimataji\",\"https:\\\/\\\/www.youtube.com\\\/@Shri_Mataji_Nirmala_Devi\\\/featured\"]}]}<\/script>\n<!-- \/ Yoast SEO plugin. -->","yoast_head_json":{"title":"Javni Programi - TEST - SMND","robots":{"index":"noindex","follow":"follow","max-snippet":"max-snippet:-1","max-image-preview":"max-image-preview:large","max-video-preview":"max-video-preview:-1"},"og_locale":"en_US","og_type":"article","og_title":"Javni Programi - TEST - SMND","og_description":"Njeni Javni Programi Globalni Vodi\u010d Od trenutka kada je uvela tehniku Sahaja joge 1970. godine, \u0160ri Mata\u0111i je bila gotovo stalno u pokretu: dr\u017eala je javne programe, davala intervjue medijima, govorila na me\u0111unarodnim konferencijama i seminarima, osnivala nevladine organizacije i provodila vreme sa onima koje je smatrala svojom \u201eglobalnom porodicom&#8221;. Nije bilo mesta koje je&hellip; Read more","og_url":"https:\/\/shrimataji.org\/test\/bs\/javni-programi\/","og_site_name":"TEST - SMND","article_publisher":"https:\/\/www.facebook.com\/shrimataji","article_modified_time":"2025-04-28T11:57:22+00:00","og_image":[{"width":990,"height":350,"url":"https:\/\/shrimataji.org\/test\/wp-content\/uploads\/2018\/07\/media_originals\/images\/headers-general\/shri-mataji-nirmala-devi-traveling.jpg","type":"image\/jpeg"}],"twitter_card":"summary_large_image","twitter_site":"@shrimataji","twitter_misc":{"Est. reading time":"2 minutes"},"schema":{"@context":"https:\/\/schema.org","@graph":[{"@type":"WebPage","@id":"https:\/\/shrimataji.org\/test\/bs\/javni-programi\/","url":"https:\/\/shrimataji.org\/test\/bs\/javni-programi\/","name":"Javni Programi - TEST - SMND","isPartOf":{"@id":"https:\/\/shrimataji.org\/test\/#website"},"primaryImageOfPage":{"@id":"https:\/\/shrimataji.org\/test\/bs\/javni-programi\/#primaryimage"},"image":{"@id":"https:\/\/shrimataji.org\/test\/bs\/javni-programi\/#primaryimage"},"thumbnailUrl":"https:\/\/shrimataji.org\/test\/wp-content\/uploads\/2018\/07\/media_originals\/images\/headers-general\/shri-mataji-nirmala-devi-traveling.jpg","datePublished":"2018-07-10T06:54:42+00:00","dateModified":"2025-04-28T11:57:22+00:00","breadcrumb":{"@id":"https:\/\/shrimataji.org\/test\/bs\/javni-programi\/#breadcrumb"},"inLanguage":"en-US","potentialAction":[{"@type":"ReadAction","target":["https:\/\/shrimataji.org\/test\/bs\/javni-programi\/"]}]},{"@type":"ImageObject","inLanguage":"en-US","@id":"https:\/\/shrimataji.org\/test\/bs\/javni-programi\/#primaryimage","url":"https:\/\/shrimataji.org\/test\/wp-content\/uploads\/2018\/07\/media_originals\/images\/headers-general\/shri-mataji-nirmala-devi-traveling.jpg","contentUrl":"https:\/\/shrimataji.org\/test\/wp-content\/uploads\/2018\/07\/media_originals\/images\/headers-general\/shri-mataji-nirmala-devi-traveling.jpg","width":990,"height":350},{"@type":"BreadcrumbList","@id":"https:\/\/shrimataji.org\/test\/bs\/javni-programi\/#breadcrumb","itemListElement":[{"@type":"ListItem","position":1,"name":"Home","item":"https:\/\/shrimataji.org\/test\/uk\/home-en\/"},{"@type":"ListItem","position":2,"name":"Javni Programi"}]},{"@type":"WebSite","@id":"https:\/\/shrimataji.org\/test\/#website","url":"https:\/\/shrimataji.org\/test\/","name":"Shri Mataji Nirmala Devi","description":"A Life Dedicated to Humanity","publisher":{"@id":"https:\/\/shrimataji.org\/test\/#\/schema\/person\/a1b3419c6585f164aa96da1ff85715d1"},"potentialAction":[{"@type":"SearchAction","target":{"@type":"EntryPoint","urlTemplate":"https:\/\/shrimataji.org\/test\/?s={search_term_string}"},"query-input":{"@type":"PropertyValueSpecification","valueRequired":true,"valueName":"search_term_string"}}],"inLanguage":"en-US"},{"@type":["Person","Organization"],"@id":"https:\/\/shrimataji.org\/test\/#\/schema\/person\/a1b3419c6585f164aa96da1ff85715d1","name":"Nirmala Shrivastava","image":{"@type":"ImageObject","inLanguage":"en-US","@id":"https:\/\/shrimataji.org\/test\/wp-content\/uploads\/2023\/02\/SMO_LOGO-03.svg","url":"https:\/\/shrimataji.org\/test\/wp-content\/uploads\/2023\/02\/SMO_LOGO-03.svg","contentUrl":"https:\/\/shrimataji.org\/test\/wp-content\/uploads\/2023\/02\/SMO_LOGO-03.svg","width":"1024","height":"1024","caption":"Nirmala Shrivastava"},"logo":{"@id":"https:\/\/shrimataji.org\/test\/wp-content\/uploads\/2023\/02\/SMO_LOGO-03.svg"},"sameAs":["https:\/\/shrimataji.org\/test","https:\/\/www.facebook.com\/shrimataji","https:\/\/x.com\/shrimataji","https:\/\/www.youtube.com\/@Shri_Mataji_Nirmala_Devi\/featured"]}]}},"lang":"bs","translations":{"bs":27290,"ur":37483,"en":394,"pa":25899,"gu":25502,"th":20032,"hu":19544,"sq":18459,"zh":17356,"tr":10198,"pt":10408,"de":10682,"fr":10780,"it":10878,"es":10975,"ja":11272,"ru":11460,"bn":11652,"te":11760,"sw":11883,"he":12031,"pl":12064,"el":12323,"sk":12421,"fa":12519,"fi":12617,"bg":13467,"ro":14539,"cs":14732,"nl":16619,"ku":16779,"ar":16955,"be":18666,"kn":18940,"mr":20396,"uk":20690,"ml":20985,"ta":22777,"sv":23047,"fil":29495,"sd":31002,"da":37794,"nn":38346},"pll_sync_post":[],"_links":{"self":[{"href":"https:\/\/shrimataji.org\/test\/wp-json\/wp\/v2\/pages\/27290","targetHints":{"allow":["GET"]}}],"collection":[{"href":"https:\/\/shrimataji.org\/test\/wp-json\/wp\/v2\/pages"}],"about":[{"href":"https:\/\/shrimataji.org\/test\/wp-json\/wp\/v2\/types\/page"}],"author":[{"embeddable":true,"href":"https:\/\/shrimataji.org\/test\/wp-json\/wp\/v2\/users\/12"}],"replies":[{"embeddable":true,"href":"https:\/\/shrimataji.org\/test\/wp-json\/wp\/v2\/comments?post=27290"}],"version-history":[{"count":0,"href":"https:\/\/shrimataji.org\/test\/wp-json\/wp\/v2\/pages\/27290\/revisions"}],"wp:featuredmedia":[{"embeddable":true,"href":"https:\/\/shrimataji.org\/test\/wp-json\/wp\/v2\/media\/27291"}],"wp:attachment":[{"href":"https:\/\/shrimataji.org\/test\/wp-json\/wp\/v2\/media?parent=27290"}],"curies":[{"name":"wp","href":"https:\/\/api.w.org\/{rel}","templated":true}]}}