{"id":27292,"date":"2020-04-20T17:46:08","date_gmt":"2020-04-20T17:46:08","guid":{"rendered":"https:\/\/testwordpress.nirmalnagari.org\/smnd\/?page_id=3434"},"modified":"2025-04-28T11:57:22","modified_gmt":"2025-04-28T11:57:22","slug":"sahaja-joga","status":"publish","type":"page","link":"https:\/\/shrimataji.org\/test\/bs\/sahaja-joga\/","title":{"rendered":"Sahaja Joga"},"content":{"rendered":"\n\n\t<h1>Sahaja Joga<\/h1>\n<h2>Unutra\u0161nje bu\u0111enje kroz samospoznaju i meditaciju<\/h2>\n<h4>\u0160ri Mata\u0111i Nirmala Devi je revolucionisala praksu meditacije, kroz ostvarenje <a href=\"https:\/\/shrimataji.org\/test\/bs\/samospoznaja\/\">samospoznaje<\/a> na centralnom nervnom sistemu. U istoriji duhovnosti, \u0160ri Mata\u0111i je prva i jedina osoba koja je ponudila iskustvo masovne samospoznaje. Ona je izjavila da je pravo po ro\u0111enju svih ljudskih bi\u0107a &#8211; bez obzira na religiju, rasu, nacionalnost ili okolnosti &#8211; da prime svoju samospoznaju. Tako\u0111e je insistirala da se za istinu ili samospoznaju ne mo\u017ee pla\u0107ati, tako da je samospoznaja uvek bila, i nastavlja da bude, ponu\u0111ena besplatno.<\/h4>\n<p>\u0160ri Mata\u0111i je ro\u0111ena sa potpunom sve\u0161\u0107u o samospoznaji i od ranog uzrasta \u017eelela je da ovaj dragoceni dar podeli sa svima. Njen otac, koji je prepoznao ovaj duhovni talenat, savetovao joj je da prvo prona\u0111e na\u010din za masovnu samospoznaju, \u0161to bi joj omogu\u0107ilo da dopre do \u0161ire globalne publike, za dobrobit \u010dove\u010danstva. To je inspirisalo \u0160ri Mata\u0111i da prou\u010dava ljude \u017eive\u0107i i komuniciraju\u0107i sa njima, tokom perioda od \u010detrdeset sedam godina. Tek kada je potpuno razumela sve permutacije i kombinacije ljudske psihe, donela je kona\u010dnu odluku da aktivira otvaranje Sahasrara \u010cakre (sedmog duhovnog centra na vrhu glave) u svom bi\u0107u, \u0161to bi joj omogu\u0107ilo da ispuni svoju \u017eivotnu misiju da evoluira i propagira masovnu samospoznaju i praksu meditacije Sahaja joge.<\/p>\n<p>Dana 5. maja 1970. godine, do\u0161lo je do istorijskog proboja u duhovnoj evoluciji \u010dove\u010danstva. Pristup unutra\u0161njem bu\u0111enju kroz samospoznaju i pravu meditaciju, vi\u0161e ne\u0107e biti ograni\u010den na nekoliko drevnih majstora joge, ve\u0107 \u0107e postati dostupan masama, svakome ko je tra\u017eio odgovor kako da postigne vi\u0161u samosvest. Jedinstvena razlika koju je \u0160ri Mata\u0111i unela u praksu joge bila je ostvarenje samospoznaje od prvog dana. Pre toga, ovo je retko bilo mogu\u0107e \u010dak i nakon rigorozne prakse joge tokom mnogih godina, ako ne i decenija, pod bliskim vo\u0111stvom gurua. \u0160ri Mata\u0111i je otkrila da je ljudska svest dostigla vrhunac u evolutivnom procesu i da je dovoljno sazrela za primanje spontane samospoznaje, pod uslovom da u\u010ditelj mo\u017ee da aktivira uspavanu, iskonsku duhovnu energiju, Kundalini-\u0161akti (na sanskritu zna\u010di uvijena energija svepro\u017eimaju\u0107e bo\u017eanske mo\u0107i) koja se nalazi u osnovi ki\u010dme.<\/p>\n<p>Tokom naredne \u010detiri decenije, \u0160ri Mata\u0111i je uspostavila praksu meditacije Sahaja joge. Svako, bez obzira na svoju kulturnu, religijsku, starosnu ili obrazovnu pozadinu, mo\u017ee lako da praktikuje ovaj oblik meditacije. Pored toga, mnogi koji su se utvrdili u Sahaja jogi, mogli su bez napora da prenesu duboki dar samospoznaje drugima, ba\u0161 kao \u0161to sve\u0107a mo\u017ee da zapali druge sve\u0107e. \u0160ri Mata\u0111i je posebno nagla\u0161avala da se ne mo\u017ee napla\u0107ivati za davanje samospoznaje drugima ili za podu\u010davanje znanja Sahaja joge, jer ona li\u010dno nikada nije napla\u0107ivala za deljenje ovog uro\u0111enog dara. To je postavilo osnovu za pravu masovnu samospoznaju koju je njen otac zamislio kada je bila dete.<\/p>\n<p>Sahaja joga meditacija je jednostavna tehnika, bez napora, koju je razvila \u0160ri Mataji da bi odr\u017eala bu\u0111enje kundalini energije, do\u017eivljeno kroz inicijaciju samospoznaje. Re\u010d Sahaja zna\u010di &#8220;spontano&#8221; i &#8220;ro\u0111eno s tobom&#8221;, i opisuje ovu suptilnu energiju (Kundalini) koja postoji u svakom ljudskom bi\u0107u. Suprotno popularnom verovanju, joga ne ozna\u010dava niz ve\u017ebi ili polo\u017eaja, ve\u0107 zapravo zna\u010di &#8220;ujediniti se, spojiti se, sjediniti se&#8221;. Cilj joge je da pojedinac postane svestan prave prirode sebe &#8211; svog duhovnoh bi\u0107a i postigne potpuno jedinstvo sa ovom novom sve\u0161\u0107u. Atma na sanskritu ozna\u010dava refleksiju svepro\u017eimaju\u0107eg Duha. Kao \u0161to se kap vode stapa sa okeanom, mo\u017ee se re\u0107i da se individualna svest stapa sa kolektivnom sve\u0161\u0107u. Kada se ovo jedinstvo dogodi, ujedinjuju\u0107a sila Kundalini donosi ravnote\u017eu i mir kako na individualnom tako i na kolektivnom nivou.<\/p>\n<div class=\"su-quote su-quote-style-default\"><div class=\"su-quote-inner su-u-clearfix su-u-trim\">&#8220;Zna\u010denje &#8220;Sahaja joge&#8221; mo\u017ee se bolje razumeti ako je podelimo na njene sastavne delove: &#8220;Saha&#8221; zna\u010di &#8220;sa&#8221; i &#8220;ja&#8221; zna\u010di &#8220;ro\u0111en&#8221;, a &#8220;joga&#8221; je &#8220;ujedinjenje&#8221; ili &#8220;tehnika&#8221;. Dakle, &#8220;Sahaja joga&#8221; zna\u010di da je tehnika evolucije uro\u0111ena u svakom od nas.<\/div><\/div>\n\t<img decoding=\"async\" data-spai-excluded=\"true\" loading=\"lazy\"  alt=\"YouTube player\"  src=\"https:\/\/i.ytimg.com\/vi\/0isS36I-zu8\/maxresdefault.jpg\"  \/><button aria-label=\"Play\"><\/button><meta itemprop=\"embedUrl\" content=\"https:\/\/www.youtube.com\/embed\/0isS36I-zu8\"\/><meta itemprop=\"name\" content=\"Sahaja Yoga is your birthright\"\/><meta itemprop=\"description\" content=\"YouTube video\"\/><meta itemprop=\"thumbnailUrl\" content=\"https:\/\/i.ytimg.com\/vi\/0isS36I-zu8\/0.jpg\"\/><meta itemprop=\"duration\" content=\"PT1M44S\"\/><meta itemprop=\"uploadDate\" content=\"2022-11-12T03:16:18Z\"\/>\n\n","protected":false},"excerpt":{"rendered":"<p>Sahaja Joga Unutra\u0161nje bu\u0111enje kroz samospoznaju i meditaciju \u0160ri Mata\u0111i Nirmala Devi je revolucionisala praksu meditacije, kroz ostvarenje samospoznaje na centralnom nervnom sistemu. U istoriji duhovnosti, \u0160ri Mata\u0111i je prva i jedina osoba koja je ponudila iskustvo masovne samospoznaje. Ona je izjavila da je pravo po ro\u0111enju svih ljudskih bi\u0107a &#8211; bez obzira na religiju,&hellip; <br \/> <a class=\"read-more\" href=\"https:\/\/shrimataji.org\/test\/bs\/sahaja-joga\/\">Read more<\/a><\/p>\n","protected":false},"author":12,"featured_media":27293,"parent":0,"menu_order":0,"comment_status":"closed","ping_status":"closed","template":"","meta":{"inline_featured_image":false,"footnotes":""},"class_list":["post-27292","page","type-page","status-publish","has-post-thumbnail","hentry"],"yoast_head":"<!-- This site is optimized with the Yoast SEO plugin v27.4 - https:\/\/yoast.com\/product\/yoast-seo-wordpress\/ -->\n<title>Sahaja Joga - TEST - SMND<\/title>\n<meta name=\"robots\" content=\"noindex, follow, max-snippet:-1, max-image-preview:large, max-video-preview:-1\" \/>\n<meta property=\"og:locale\" content=\"en_US\" \/>\n<meta property=\"og:type\" content=\"article\" \/>\n<meta property=\"og:title\" content=\"Sahaja Joga - TEST - SMND\" \/>\n<meta property=\"og:description\" content=\"Sahaja Joga Unutra\u0161nje bu\u0111enje kroz samospoznaju i meditaciju \u0160ri Mata\u0111i Nirmala Devi je revolucionisala praksu meditacije, kroz ostvarenje samospoznaje na centralnom nervnom sistemu. U istoriji duhovnosti, \u0160ri Mata\u0111i je prva i jedina osoba koja je ponudila iskustvo masovne samospoznaje. Ona je izjavila da je pravo po ro\u0111enju svih ljudskih bi\u0107a &#8211; bez obzira na religiju,&hellip; Read more\" \/>\n<meta property=\"og:url\" content=\"https:\/\/shrimataji.org\/test\/bs\/sahaja-joga\/\" \/>\n<meta property=\"og:site_name\" content=\"TEST - SMND\" \/>\n<meta property=\"article:publisher\" content=\"https:\/\/www.facebook.com\/shrimataji\" \/>\n<meta property=\"article:modified_time\" content=\"2025-04-28T11:57:22+00:00\" \/>\n<meta property=\"og:image\" content=\"https:\/\/shrimataji.org\/test\/wp-content\/uploads\/2023\/02\/Banner-SY-SY-scaled.jpg\" \/>\n\t<meta property=\"og:image:width\" content=\"2560\" \/>\n\t<meta property=\"og:image:height\" content=\"905\" \/>\n\t<meta property=\"og:image:type\" content=\"image\/jpeg\" \/>\n<meta name=\"twitter:card\" content=\"summary_large_image\" \/>\n<meta name=\"twitter:site\" content=\"@shrimataji\" \/>\n<meta name=\"twitter:label1\" content=\"Est. reading time\" \/>\n\t<meta name=\"twitter:data1\" content=\"4 minutes\" \/>\n<script type=\"application\/ld+json\" class=\"yoast-schema-graph\">{\"@context\":\"https:\\\/\\\/schema.org\",\"@graph\":[{\"@type\":\"WebPage\",\"@id\":\"https:\\\/\\\/shrimataji.org\\\/test\\\/bs\\\/sahaja-joga\\\/\",\"url\":\"https:\\\/\\\/shrimataji.org\\\/test\\\/bs\\\/sahaja-joga\\\/\",\"name\":\"Sahaja Joga - TEST - SMND\",\"isPartOf\":{\"@id\":\"https:\\\/\\\/shrimataji.org\\\/test\\\/#website\"},\"primaryImageOfPage\":{\"@id\":\"https:\\\/\\\/shrimataji.org\\\/test\\\/bs\\\/sahaja-joga\\\/#primaryimage\"},\"image\":{\"@id\":\"https:\\\/\\\/shrimataji.org\\\/test\\\/bs\\\/sahaja-joga\\\/#primaryimage\"},\"thumbnailUrl\":\"https:\\\/\\\/shrimataji.org\\\/test\\\/wp-content\\\/uploads\\\/2023\\\/02\\\/Banner-SY-SY-scaled.jpg\",\"datePublished\":\"2020-04-20T17:46:08+00:00\",\"dateModified\":\"2025-04-28T11:57:22+00:00\",\"breadcrumb\":{\"@id\":\"https:\\\/\\\/shrimataji.org\\\/test\\\/bs\\\/sahaja-joga\\\/#breadcrumb\"},\"inLanguage\":\"en-US\",\"potentialAction\":[{\"@type\":\"ReadAction\",\"target\":[\"https:\\\/\\\/shrimataji.org\\\/test\\\/bs\\\/sahaja-joga\\\/\"]}]},{\"@type\":\"ImageObject\",\"inLanguage\":\"en-US\",\"@id\":\"https:\\\/\\\/shrimataji.org\\\/test\\\/bs\\\/sahaja-joga\\\/#primaryimage\",\"url\":\"https:\\\/\\\/shrimataji.org\\\/test\\\/wp-content\\\/uploads\\\/2023\\\/02\\\/Banner-SY-SY-scaled.jpg\",\"contentUrl\":\"https:\\\/\\\/shrimataji.org\\\/test\\\/wp-content\\\/uploads\\\/2023\\\/02\\\/Banner-SY-SY-scaled.jpg\",\"width\":2560,\"height\":905},{\"@type\":\"BreadcrumbList\",\"@id\":\"https:\\\/\\\/shrimataji.org\\\/test\\\/bs\\\/sahaja-joga\\\/#breadcrumb\",\"itemListElement\":[{\"@type\":\"ListItem\",\"position\":1,\"name\":\"Home\",\"item\":\"https:\\\/\\\/shrimataji.org\\\/test\\\/uk\\\/home-en\\\/\"},{\"@type\":\"ListItem\",\"position\":2,\"name\":\"Sahaja Joga\"}]},{\"@type\":\"WebSite\",\"@id\":\"https:\\\/\\\/shrimataji.org\\\/test\\\/#website\",\"url\":\"https:\\\/\\\/shrimataji.org\\\/test\\\/\",\"name\":\"Shri Mataji Nirmala Devi\",\"description\":\"A Life Dedicated to Humanity\",\"publisher\":{\"@id\":\"https:\\\/\\\/shrimataji.org\\\/test\\\/#\\\/schema\\\/person\\\/a1b3419c6585f164aa96da1ff85715d1\"},\"potentialAction\":[{\"@type\":\"SearchAction\",\"target\":{\"@type\":\"EntryPoint\",\"urlTemplate\":\"https:\\\/\\\/shrimataji.org\\\/test\\\/?s={search_term_string}\"},\"query-input\":{\"@type\":\"PropertyValueSpecification\",\"valueRequired\":true,\"valueName\":\"search_term_string\"}}],\"inLanguage\":\"en-US\"},{\"@type\":[\"Person\",\"Organization\"],\"@id\":\"https:\\\/\\\/shrimataji.org\\\/test\\\/#\\\/schema\\\/person\\\/a1b3419c6585f164aa96da1ff85715d1\",\"name\":\"Nirmala Shrivastava\",\"image\":{\"@type\":\"ImageObject\",\"inLanguage\":\"en-US\",\"@id\":\"https:\\\/\\\/shrimataji.org\\\/test\\\/wp-content\\\/uploads\\\/2023\\\/02\\\/SMO_LOGO-03.svg\",\"url\":\"https:\\\/\\\/shrimataji.org\\\/test\\\/wp-content\\\/uploads\\\/2023\\\/02\\\/SMO_LOGO-03.svg\",\"contentUrl\":\"https:\\\/\\\/shrimataji.org\\\/test\\\/wp-content\\\/uploads\\\/2023\\\/02\\\/SMO_LOGO-03.svg\",\"width\":\"1024\",\"height\":\"1024\",\"caption\":\"Nirmala Shrivastava\"},\"logo\":{\"@id\":\"https:\\\/\\\/shrimataji.org\\\/test\\\/wp-content\\\/uploads\\\/2023\\\/02\\\/SMO_LOGO-03.svg\"},\"sameAs\":[\"https:\\\/\\\/shrimataji.org\\\/test\",\"https:\\\/\\\/www.facebook.com\\\/shrimataji\",\"https:\\\/\\\/x.com\\\/shrimataji\",\"https:\\\/\\\/www.youtube.com\\\/@Shri_Mataji_Nirmala_Devi\\\/featured\"]}]}<\/script>\n<!-- \/ Yoast SEO plugin. -->","yoast_head_json":{"title":"Sahaja Joga - TEST - SMND","robots":{"index":"noindex","follow":"follow","max-snippet":"max-snippet:-1","max-image-preview":"max-image-preview:large","max-video-preview":"max-video-preview:-1"},"og_locale":"en_US","og_type":"article","og_title":"Sahaja Joga - TEST - SMND","og_description":"Sahaja Joga Unutra\u0161nje bu\u0111enje kroz samospoznaju i meditaciju \u0160ri Mata\u0111i Nirmala Devi je revolucionisala praksu meditacije, kroz ostvarenje samospoznaje na centralnom nervnom sistemu. U istoriji duhovnosti, \u0160ri Mata\u0111i je prva i jedina osoba koja je ponudila iskustvo masovne samospoznaje. Ona je izjavila da je pravo po ro\u0111enju svih ljudskih bi\u0107a &#8211; bez obzira na religiju,&hellip; Read more","og_url":"https:\/\/shrimataji.org\/test\/bs\/sahaja-joga\/","og_site_name":"TEST - SMND","article_publisher":"https:\/\/www.facebook.com\/shrimataji","article_modified_time":"2025-04-28T11:57:22+00:00","og_image":[{"width":2560,"height":905,"url":"https:\/\/shrimataji.org\/test\/wp-content\/uploads\/2023\/02\/Banner-SY-SY-scaled.jpg","type":"image\/jpeg"}],"twitter_card":"summary_large_image","twitter_site":"@shrimataji","twitter_misc":{"Est. reading time":"4 minutes"},"schema":{"@context":"https:\/\/schema.org","@graph":[{"@type":"WebPage","@id":"https:\/\/shrimataji.org\/test\/bs\/sahaja-joga\/","url":"https:\/\/shrimataji.org\/test\/bs\/sahaja-joga\/","name":"Sahaja Joga - TEST - SMND","isPartOf":{"@id":"https:\/\/shrimataji.org\/test\/#website"},"primaryImageOfPage":{"@id":"https:\/\/shrimataji.org\/test\/bs\/sahaja-joga\/#primaryimage"},"image":{"@id":"https:\/\/shrimataji.org\/test\/bs\/sahaja-joga\/#primaryimage"},"thumbnailUrl":"https:\/\/shrimataji.org\/test\/wp-content\/uploads\/2023\/02\/Banner-SY-SY-scaled.jpg","datePublished":"2020-04-20T17:46:08+00:00","dateModified":"2025-04-28T11:57:22+00:00","breadcrumb":{"@id":"https:\/\/shrimataji.org\/test\/bs\/sahaja-joga\/#breadcrumb"},"inLanguage":"en-US","potentialAction":[{"@type":"ReadAction","target":["https:\/\/shrimataji.org\/test\/bs\/sahaja-joga\/"]}]},{"@type":"ImageObject","inLanguage":"en-US","@id":"https:\/\/shrimataji.org\/test\/bs\/sahaja-joga\/#primaryimage","url":"https:\/\/shrimataji.org\/test\/wp-content\/uploads\/2023\/02\/Banner-SY-SY-scaled.jpg","contentUrl":"https:\/\/shrimataji.org\/test\/wp-content\/uploads\/2023\/02\/Banner-SY-SY-scaled.jpg","width":2560,"height":905},{"@type":"BreadcrumbList","@id":"https:\/\/shrimataji.org\/test\/bs\/sahaja-joga\/#breadcrumb","itemListElement":[{"@type":"ListItem","position":1,"name":"Home","item":"https:\/\/shrimataji.org\/test\/uk\/home-en\/"},{"@type":"ListItem","position":2,"name":"Sahaja Joga"}]},{"@type":"WebSite","@id":"https:\/\/shrimataji.org\/test\/#website","url":"https:\/\/shrimataji.org\/test\/","name":"Shri Mataji Nirmala Devi","description":"A Life Dedicated to Humanity","publisher":{"@id":"https:\/\/shrimataji.org\/test\/#\/schema\/person\/a1b3419c6585f164aa96da1ff85715d1"},"potentialAction":[{"@type":"SearchAction","target":{"@type":"EntryPoint","urlTemplate":"https:\/\/shrimataji.org\/test\/?s={search_term_string}"},"query-input":{"@type":"PropertyValueSpecification","valueRequired":true,"valueName":"search_term_string"}}],"inLanguage":"en-US"},{"@type":["Person","Organization"],"@id":"https:\/\/shrimataji.org\/test\/#\/schema\/person\/a1b3419c6585f164aa96da1ff85715d1","name":"Nirmala Shrivastava","image":{"@type":"ImageObject","inLanguage":"en-US","@id":"https:\/\/shrimataji.org\/test\/wp-content\/uploads\/2023\/02\/SMO_LOGO-03.svg","url":"https:\/\/shrimataji.org\/test\/wp-content\/uploads\/2023\/02\/SMO_LOGO-03.svg","contentUrl":"https:\/\/shrimataji.org\/test\/wp-content\/uploads\/2023\/02\/SMO_LOGO-03.svg","width":"1024","height":"1024","caption":"Nirmala Shrivastava"},"logo":{"@id":"https:\/\/shrimataji.org\/test\/wp-content\/uploads\/2023\/02\/SMO_LOGO-03.svg"},"sameAs":["https:\/\/shrimataji.org\/test","https:\/\/www.facebook.com\/shrimataji","https:\/\/x.com\/shrimataji","https:\/\/www.youtube.com\/@Shri_Mataji_Nirmala_Devi\/featured"]}]}},"lang":"bs","translations":{"bs":27292,"ur":37488,"en":3434,"pa":25904,"gu":25507,"th":20040,"hu":19550,"sq":18464,"zh":17361,"tr":10201,"pt":10411,"de":10685,"fr":10783,"it":10881,"es":10978,"ja":11276,"ru":11464,"bn":11655,"te":11763,"sw":11886,"he":12034,"el":12326,"sk":12424,"fa":12522,"fi":12620,"bg":13428,"ro":14502,"cs":14695,"nl":16624,"ku":16784,"ar":16960,"be":18671,"kn":18945,"mr":20404,"uk":20698,"ml":20993,"ta":22782,"sv":23052,"fil":29500,"sd":31004,"da":37798,"pl":38008,"nn":38350},"pll_sync_post":[],"_links":{"self":[{"href":"https:\/\/shrimataji.org\/test\/wp-json\/wp\/v2\/pages\/27292","targetHints":{"allow":["GET"]}}],"collection":[{"href":"https:\/\/shrimataji.org\/test\/wp-json\/wp\/v2\/pages"}],"about":[{"href":"https:\/\/shrimataji.org\/test\/wp-json\/wp\/v2\/types\/page"}],"author":[{"embeddable":true,"href":"https:\/\/shrimataji.org\/test\/wp-json\/wp\/v2\/users\/12"}],"replies":[{"embeddable":true,"href":"https:\/\/shrimataji.org\/test\/wp-json\/wp\/v2\/comments?post=27292"}],"version-history":[{"count":0,"href":"https:\/\/shrimataji.org\/test\/wp-json\/wp\/v2\/pages\/27292\/revisions"}],"wp:featuredmedia":[{"embeddable":true,"href":"https:\/\/shrimataji.org\/test\/wp-json\/wp\/v2\/media\/27293"}],"wp:attachment":[{"href":"https:\/\/shrimataji.org\/test\/wp-json\/wp\/v2\/media?parent=27292"}],"curies":[{"name":"wp","href":"https:\/\/api.w.org\/{rel}","templated":true}]}}