{"id":27296,"date":"2018-07-10T06:54:42","date_gmt":"2018-07-10T06:54:42","guid":{"rendered":"http:\/\/testwordpress.nirmalnagari.org\/smnd\/index.php\/life\/"},"modified":"2025-04-28T11:57:22","modified_gmt":"2025-04-28T11:57:22","slug":"srimatadi","status":"publish","type":"page","link":"https:\/\/shrimataji.org\/test\/bs\/srimatadi\/","title":{"rendered":"\u0160ri Mata\u0111i"},"content":{"rendered":"\n\n\t<h1>\u0160ri Mata\u0111i<\/h1>\n<h2>Biografija &#8211; \u017eivot posve\u0107en anga\u017emanu<\/h2>\n<h4>Neumorno putuju\u0107i hiljade milja \u0161irom sveta, od udaljenih sela do gradova i metropola, nesebi\u010dno je delila svoje jedinstveno otkri\u0107e istinskog duhovnog prosvetljenja, kroz iskustvo <a href=\"https:\/\/shrimataji.org\/test\/bs\/samospoznaja\/\">samospoznaje<\/a>, sa milionima ljudi, revolucionarno menjaju\u0107i dru\u0161tvo na temelju unutra\u0161nje transformacije &#8211; svi ovi i mnogi drugi dragoceni trenuci pru\u017eaju uvid u \u017eivotni anga\u017eman \u0160ri Mata\u0111i, koji je bio posve\u0107en dobrobiti \u010dove\u010danstva.<\/h4>\n\t<p>Nirmala Srivastava, poznata pod po\u010dasnim imenom \u0160ri Mata\u0111i Nirmala Devi, ro\u0111ena je 21. marta 1923. godine u \u010cindvari, Indija. Ro\u0111ena je u hri\u0161\u0107anskoj porodici, a njeni roditelji, Prasad i Kornelija Salve, odabrali su ime Nirmala, \u0161to zna\u010di &#8220;bezgre\u0161na&#8221;. Njen otac, advokat i u\u010denjak koji je govorio 14 jezika, preveo je Kuran na hindi. Njena majka je bila prva \u017eena u Indiji koja je stekla po\u010dasnu diplomu iz matematike.<\/p>\n<p>Jo\u0161 kao vrlo mlada, \u0160ri Mata\u0111i je bila anga\u017eovana u svetu oko sebe. Dok su njeni roditelji aktivno u\u010destvovali u borbi za nezavisnost Indije, \u0160ri Mata\u0111i je, kao dete, preuzela odgovornost za doma\u0107instvo. Mahatma Gandi, \u010diji je a\u0161ram \u010desto pose\u0107ivala u ranom uzrastu, prepoznao je u njoj duhovno \u010dudo. \u010cesto bi je konsultovao o dnevnim molitvama koje su se tamo odr\u017eavale. Njeni \u0161kolski drugari su se tako\u0111e oslanjali na nju za savet i podr\u0161ku.<\/p>\n<p>\u0160ri Mata\u0111i je studirala medicinu na Hri\u0161\u0107anskom medicinskom koled\u017eu u Ludhijani i na Balakram medicinskom koled\u017eu u Lahoreu. Kao mlada \u017eena, tako\u0111e je u\u010destvovala u borbi za nezavisnost i predvodila je svoje kolege na koled\u017eu u pokretu Quit India. Zbog u\u010de\u0161\u0107a u tom pokretu, bila je uhap\u0161ena i zatvorena 1942. godine.<\/p>\n\t\t\t\t<img loading=\"lazy\" decoding=\"async\" src=\"https:\/\/shrimataji.org\/test\/wp-content\/uploads\/2018\/07\/media_originals\/images\/shri-mataji-portraits\/shri-mataji-in-delhi-india-feb-1983-683x1024.jpg\" alt=\"Shri Mataji in Delhi, ca. 09.02.1983\" itemprop=\"image\" height=\"1024\" width=\"683\" title=\"shri-mataji-in-delhi-india-feb-1983\" onerror=\"this.style.display='none'\"  \/>\n\t<p>Godine 1947. udala se za \u010candrika Prasada Srivastavu, visokog indijskog dr\u017eavnog slu\u017ebenika, \u010dija je karijera obuhvatala slu\u017ebu kao li\u010dni sekretar pokojnog indijskog premijera Lala Bahadura \u0160astrija, do \u010detiri uzastopna mandata kao generalnog sekretara Me\u0111unarodne pomorske organizacije Ujedinjenih nacija. Imali su dve \u0107erke. Tokom ovog perioda, dok je odgajala svoje \u0107erke i podr\u017eavala karijeru svog uglednog mu\u017ea, \u0160ri Mata\u0111i je nastavila da pokazuje dobronameran interes za svet oko sebe. Susretala se sa razli\u010ditim ljudima iz razli\u010ditih zemalja, kultura, nivoa prihoda i pozadina i odnosila se prema njima sa istinskim po\u0161tovanjem. Bilo da je razgovarala o dr\u017eavnim pitanjima sa va\u017enim liderima, ili o porodi\u010dnim problemima sa taksistom, uvek je bila spremna da slu\u0161a i razume. Bila je protiv predrasuda, pru\u017eala je za\u0161titu onima kojima je potrebna, bavila se humanitarnim radom, podsticala kulturu kroz muziku i film, obra\u0111ivala zemlju i vodila u\u017eurbano doma\u0107instvo. Bila je voljena supruga, majka i sestra, a kasnije je postala i baka.<\/p>\n<p>Sve vreme je produbljivala svoje razumevanje ljudske prirode, fokusiraju\u0107i se na najbolji na\u010din da pomogne ljudima da dostignu svoj najvi\u0161i potencijal. Shvatila je da takva transformacija mo\u017ee nastati samo kroz proces samospoznaje, \u0161to je aktivacija uro\u0111ene suptilne energije (nazvane Kundalini) koja je prisutna u svima nama. Bu\u0111enje ove energije bilo je ne\u0161to \u0161to je sama do\u017eivela pre nego \u0161to je posvetila svoj \u017eivot deljenju tog iskustva sa drugima.<\/p>\n<p>Dana 5. maja 1970. godine, \u0160ri Mata\u0111i je zapo\u010dela svoj duhovni rad. U dobi od 47 godina, prona\u0161la je na\u010din i razvila metodu masovne samospoznaje. \u017delela je da ponudi autenti\u010dno iskustvo koje bi ljudi mogli koristiti za transformaciju i isceljenje sebe. Za razliku od mnogih tzv. gurua koji su iskori\u0161\u0107avali ljude u potrazi za duhovnim znanjem, \u0160ri Mata\u0111i je \u017eelela da osna\u017ei samog tragaoca ovim znanjem. O\u0161tro je kritikovala sve takve la\u017ene gurue i tokom svog \u017eivota upozoravala na la\u017ene i zloupotrebljavane duhovne prakse.<\/p>\n<p>Kada je njen mu\u017e postao generalni sekretar UN Me\u0111unarodne pomorske organizacije, \u0160ri Mata\u0111i se preselila sa njim u London i zapo\u010dela je svoj duhovni rad sa malom grupom ljudi. Obilazila je Veliku Britaniju, dr\u017ee\u0107i predavanja i nude\u0107i iskustvo samospoznaje. Nikada nije napla\u0107ivala ove programe, insistiraju\u0107i na tome da je bu\u0111enje ove duhovne energije koja spava u svim ljudskim bi\u0107ima, njihovo pravo po ro\u0111enju i da se stoga ne mo\u017ee naplatiti. Kako su ljudi oko nje prepoznavali njene izuzetne duhovne i maj\u010dinske kvalitete, ubrzo je dobila po\u010dasno ime \u201e\u0160ri Mata\u0111i&#8221; \u0161to zna\u010di \u201ePo\u0161tovana Majka&#8221;.<\/p>\n<p>Metoda meditacije kroz samospoznaju koju je razvila \u0160ri Mata\u0111i nazvana je Sahaja joga. Tokom 1980-ih, \u0160ri Mata\u0111i je neprestano i neumorno obilazila Evropu, Australiju i Severnu Ameriku, podu\u010davaju\u0107i zainteresovane, ovu metodu besplatno. Devedesetih godina njena putovanja su se pro\u0161irila na Ju\u017enu Ameriku, Afriku, Rusiju, Isto\u010dnu Evropu i Aziju i pacifi\u010dki region.<\/p>\n<p>Institucije \u0161irom sveta su joj dodeljivale po\u010dasne nagrade i doktorate. Godine 1995. govorila je na \u010cetvrtoj svetskoj konferenciji o \u017eenama u Pekingu. Kles Nobel govorio je o njenoj nominaciji za Nobelovu nagradu za mir 1997. godine u Royal Albert Hallu u Londonu. Kao veliki obo\u017eavalac \u0160ri Mata\u0111i i Sahaja joge, proglasio ju je \u201eizvorom nade za \u010dove\u010danstvo&#8221; i \u201ereferentnom ta\u010dkom za odre\u0111ivanje ispravnog od pogre\u0161nog&#8221;.<\/p>\n<div class=\"su-quote su-quote-style-default\"><div class=\"su-quote-inner su-u-clearfix su-u-trim\">Moj \u017eivot je sada posve\u0107en dobrobiti i blagostanju \u010dove\u010danstva; potpuno; u celosti.<\/div><\/div>\n<p>\u0160ri Mata\u0111i je verovala da je potencijal masovne samospoznaje i holisti\u010dke koristi meditacije Sahaja joge, za li\u010dni i dru\u0161tveni \u017eivot pojedinca, temelj za istinsku dru\u0161tvenu transformaciju. Osnovala je mnoge nevladine organizacije zasnovane na principima ove jedinstvene unutra\u0161nje transformacije, uklju\u010duju\u0107i dom za siroma\u0161ne \u017eene i decu, nekoliko me\u0111unarodnih \u0161kola, holisti\u010dki zdravstveni i istra\u017eiva\u010dki centar, i me\u0111unarodnu akademiju koja promovi\u0161e klasi\u010dnu muziku i likovnu umetnost.<\/p>\n<p>Dana 23. februara 2011. godine, \u0160ri Mata\u0111i je preminula mirno, u dobi od 87 godina u \u0110enovi, Italija.<\/p>\n<p>Njeno nasle\u0111e \u017eivi, dok iskustvo samospoznaje nastavlja da transformi\u0161e nebrojene \u017eivote, pod ljubaznom brigom onih koji praktikuju Sahaja jogu i centara za meditaciju, osnovanih u vi\u0161e od 100 zemalja, gde se Sahaja joga podu\u010dava uvek besplatno.<\/p>\n<div class=\"su-quote su-quote-style-default\"><div class=\"su-quote-inner su-u-clearfix su-u-trim\">I kao okean koji udara o sve obale i onda se svi talasi vra\u0107aju i pletu obrazac, tako sam i ja ceo svoj \u017eivot mogla videti kao prelepi obrazac. A to prelepo pletenje ne mo\u017eete opisati re\u010dima.<\/div><\/div>\n\n","protected":false},"excerpt":{"rendered":"<p>\u0160ri Mata\u0111i Biografija &#8211; \u017eivot posve\u0107en anga\u017emanu Neumorno putuju\u0107i hiljade milja \u0161irom sveta, od udaljenih sela do gradova i metropola, nesebi\u010dno je delila svoje jedinstveno otkri\u0107e istinskog duhovnog prosvetljenja, kroz iskustvo samospoznaje, sa milionima ljudi, revolucionarno menjaju\u0107i dru\u0161tvo na temelju unutra\u0161nje transformacije &#8211; svi ovi i mnogi drugi dragoceni trenuci pru\u017eaju uvid u \u017eivotni anga\u017eman&hellip; <br \/> <a class=\"read-more\" href=\"https:\/\/shrimataji.org\/test\/bs\/srimatadi\/\">Read more<\/a><\/p>\n","protected":false},"author":12,"featured_media":27297,"parent":0,"menu_order":0,"comment_status":"closed","ping_status":"closed","template":"","meta":{"inline_featured_image":false,"footnotes":""},"class_list":["post-27296","page","type-page","status-publish","has-post-thumbnail","hentry"],"yoast_head":"<!-- This site is optimized with the Yoast SEO plugin v27.4 - https:\/\/yoast.com\/product\/yoast-seo-wordpress\/ -->\n<title>\u0160ri Mata\u0111i - TEST - SMND<\/title>\n<meta name=\"robots\" content=\"noindex, follow, max-snippet:-1, max-image-preview:large, max-video-preview:-1\" \/>\n<meta property=\"og:locale\" content=\"en_US\" \/>\n<meta property=\"og:type\" content=\"article\" \/>\n<meta property=\"og:title\" content=\"\u0160ri Mata\u0111i - TEST - SMND\" \/>\n<meta property=\"og:description\" content=\"\u0160ri Mata\u0111i Biografija &#8211; \u017eivot posve\u0107en anga\u017emanu Neumorno putuju\u0107i hiljade milja \u0161irom sveta, od udaljenih sela do gradova i metropola, nesebi\u010dno je delila svoje jedinstveno otkri\u0107e istinskog duhovnog prosvetljenja, kroz iskustvo samospoznaje, sa milionima ljudi, revolucionarno menjaju\u0107i dru\u0161tvo na temelju unutra\u0161nje transformacije &#8211; svi ovi i mnogi drugi dragoceni trenuci pru\u017eaju uvid u \u017eivotni anga\u017eman&hellip; Read more\" \/>\n<meta property=\"og:url\" content=\"https:\/\/shrimataji.org\/test\/bs\/srimatadi\/\" \/>\n<meta property=\"og:site_name\" content=\"TEST - SMND\" \/>\n<meta property=\"article:publisher\" content=\"https:\/\/www.facebook.com\/shrimataji\" \/>\n<meta property=\"article:modified_time\" content=\"2025-04-28T11:57:22+00:00\" \/>\n<meta property=\"og:image\" content=\"https:\/\/shrimataji.org\/test\/wp-content\/uploads\/2023\/03\/test_banner_inner_shrimataji-scaled.jpg\" \/>\n\t<meta property=\"og:image:width\" content=\"2560\" \/>\n\t<meta property=\"og:image:height\" content=\"1067\" \/>\n\t<meta property=\"og:image:type\" content=\"image\/jpeg\" \/>\n<meta name=\"twitter:card\" content=\"summary_large_image\" \/>\n<meta name=\"twitter:site\" content=\"@shrimataji\" \/>\n<meta name=\"twitter:label1\" content=\"Est. reading time\" \/>\n\t<meta name=\"twitter:data1\" content=\"5 minutes\" \/>\n<script type=\"application\/ld+json\" class=\"yoast-schema-graph\">{\"@context\":\"https:\\\/\\\/schema.org\",\"@graph\":[{\"@type\":\"WebPage\",\"@id\":\"https:\\\/\\\/shrimataji.org\\\/test\\\/bs\\\/srimatadi\\\/\",\"url\":\"https:\\\/\\\/shrimataji.org\\\/test\\\/bs\\\/srimatadi\\\/\",\"name\":\"\u0160ri Mata\u0111i - TEST - SMND\",\"isPartOf\":{\"@id\":\"https:\\\/\\\/shrimataji.org\\\/test\\\/#website\"},\"primaryImageOfPage\":{\"@id\":\"https:\\\/\\\/shrimataji.org\\\/test\\\/bs\\\/srimatadi\\\/#primaryimage\"},\"image\":{\"@id\":\"https:\\\/\\\/shrimataji.org\\\/test\\\/bs\\\/srimatadi\\\/#primaryimage\"},\"thumbnailUrl\":\"https:\\\/\\\/shrimataji.org\\\/test\\\/wp-content\\\/uploads\\\/2023\\\/03\\\/test_banner_inner_shrimataji-scaled.jpg\",\"datePublished\":\"2018-07-10T06:54:42+00:00\",\"dateModified\":\"2025-04-28T11:57:22+00:00\",\"breadcrumb\":{\"@id\":\"https:\\\/\\\/shrimataji.org\\\/test\\\/bs\\\/srimatadi\\\/#breadcrumb\"},\"inLanguage\":\"en-US\",\"potentialAction\":[{\"@type\":\"ReadAction\",\"target\":[\"https:\\\/\\\/shrimataji.org\\\/test\\\/bs\\\/srimatadi\\\/\"]}]},{\"@type\":\"ImageObject\",\"inLanguage\":\"en-US\",\"@id\":\"https:\\\/\\\/shrimataji.org\\\/test\\\/bs\\\/srimatadi\\\/#primaryimage\",\"url\":\"https:\\\/\\\/shrimataji.org\\\/test\\\/wp-content\\\/uploads\\\/2023\\\/03\\\/test_banner_inner_shrimataji-scaled.jpg\",\"contentUrl\":\"https:\\\/\\\/shrimataji.org\\\/test\\\/wp-content\\\/uploads\\\/2023\\\/03\\\/test_banner_inner_shrimataji-scaled.jpg\",\"width\":2560,\"height\":1067},{\"@type\":\"BreadcrumbList\",\"@id\":\"https:\\\/\\\/shrimataji.org\\\/test\\\/bs\\\/srimatadi\\\/#breadcrumb\",\"itemListElement\":[{\"@type\":\"ListItem\",\"position\":1,\"name\":\"Home\",\"item\":\"https:\\\/\\\/shrimataji.org\\\/test\\\/uk\\\/home-en\\\/\"},{\"@type\":\"ListItem\",\"position\":2,\"name\":\"\u0160ri Mata\u0111i\"}]},{\"@type\":\"WebSite\",\"@id\":\"https:\\\/\\\/shrimataji.org\\\/test\\\/#website\",\"url\":\"https:\\\/\\\/shrimataji.org\\\/test\\\/\",\"name\":\"Shri Mataji Nirmala Devi\",\"description\":\"A Life Dedicated to Humanity\",\"publisher\":{\"@id\":\"https:\\\/\\\/shrimataji.org\\\/test\\\/#\\\/schema\\\/person\\\/a1b3419c6585f164aa96da1ff85715d1\"},\"potentialAction\":[{\"@type\":\"SearchAction\",\"target\":{\"@type\":\"EntryPoint\",\"urlTemplate\":\"https:\\\/\\\/shrimataji.org\\\/test\\\/?s={search_term_string}\"},\"query-input\":{\"@type\":\"PropertyValueSpecification\",\"valueRequired\":true,\"valueName\":\"search_term_string\"}}],\"inLanguage\":\"en-US\"},{\"@type\":[\"Person\",\"Organization\"],\"@id\":\"https:\\\/\\\/shrimataji.org\\\/test\\\/#\\\/schema\\\/person\\\/a1b3419c6585f164aa96da1ff85715d1\",\"name\":\"Nirmala Shrivastava\",\"image\":{\"@type\":\"ImageObject\",\"inLanguage\":\"en-US\",\"@id\":\"https:\\\/\\\/shrimataji.org\\\/test\\\/wp-content\\\/uploads\\\/2023\\\/02\\\/SMO_LOGO-03.svg\",\"url\":\"https:\\\/\\\/shrimataji.org\\\/test\\\/wp-content\\\/uploads\\\/2023\\\/02\\\/SMO_LOGO-03.svg\",\"contentUrl\":\"https:\\\/\\\/shrimataji.org\\\/test\\\/wp-content\\\/uploads\\\/2023\\\/02\\\/SMO_LOGO-03.svg\",\"width\":\"1024\",\"height\":\"1024\",\"caption\":\"Nirmala Shrivastava\"},\"logo\":{\"@id\":\"https:\\\/\\\/shrimataji.org\\\/test\\\/wp-content\\\/uploads\\\/2023\\\/02\\\/SMO_LOGO-03.svg\"},\"sameAs\":[\"https:\\\/\\\/shrimataji.org\\\/test\",\"https:\\\/\\\/www.facebook.com\\\/shrimataji\",\"https:\\\/\\\/x.com\\\/shrimataji\",\"https:\\\/\\\/www.youtube.com\\\/@Shri_Mataji_Nirmala_Devi\\\/featured\"]}]}<\/script>\n<!-- \/ Yoast SEO plugin. -->","yoast_head_json":{"title":"\u0160ri Mata\u0111i - TEST - SMND","robots":{"index":"noindex","follow":"follow","max-snippet":"max-snippet:-1","max-image-preview":"max-image-preview:large","max-video-preview":"max-video-preview:-1"},"og_locale":"en_US","og_type":"article","og_title":"\u0160ri Mata\u0111i - TEST - SMND","og_description":"\u0160ri Mata\u0111i Biografija &#8211; \u017eivot posve\u0107en anga\u017emanu Neumorno putuju\u0107i hiljade milja \u0161irom sveta, od udaljenih sela do gradova i metropola, nesebi\u010dno je delila svoje jedinstveno otkri\u0107e istinskog duhovnog prosvetljenja, kroz iskustvo samospoznaje, sa milionima ljudi, revolucionarno menjaju\u0107i dru\u0161tvo na temelju unutra\u0161nje transformacije &#8211; svi ovi i mnogi drugi dragoceni trenuci pru\u017eaju uvid u \u017eivotni anga\u017eman&hellip; Read more","og_url":"https:\/\/shrimataji.org\/test\/bs\/srimatadi\/","og_site_name":"TEST - SMND","article_publisher":"https:\/\/www.facebook.com\/shrimataji","article_modified_time":"2025-04-28T11:57:22+00:00","og_image":[{"width":2560,"height":1067,"url":"https:\/\/shrimataji.org\/test\/wp-content\/uploads\/2023\/03\/test_banner_inner_shrimataji-scaled.jpg","type":"image\/jpeg"}],"twitter_card":"summary_large_image","twitter_site":"@shrimataji","twitter_misc":{"Est. reading time":"5 minutes"},"schema":{"@context":"https:\/\/schema.org","@graph":[{"@type":"WebPage","@id":"https:\/\/shrimataji.org\/test\/bs\/srimatadi\/","url":"https:\/\/shrimataji.org\/test\/bs\/srimatadi\/","name":"\u0160ri Mata\u0111i - TEST - SMND","isPartOf":{"@id":"https:\/\/shrimataji.org\/test\/#website"},"primaryImageOfPage":{"@id":"https:\/\/shrimataji.org\/test\/bs\/srimatadi\/#primaryimage"},"image":{"@id":"https:\/\/shrimataji.org\/test\/bs\/srimatadi\/#primaryimage"},"thumbnailUrl":"https:\/\/shrimataji.org\/test\/wp-content\/uploads\/2023\/03\/test_banner_inner_shrimataji-scaled.jpg","datePublished":"2018-07-10T06:54:42+00:00","dateModified":"2025-04-28T11:57:22+00:00","breadcrumb":{"@id":"https:\/\/shrimataji.org\/test\/bs\/srimatadi\/#breadcrumb"},"inLanguage":"en-US","potentialAction":[{"@type":"ReadAction","target":["https:\/\/shrimataji.org\/test\/bs\/srimatadi\/"]}]},{"@type":"ImageObject","inLanguage":"en-US","@id":"https:\/\/shrimataji.org\/test\/bs\/srimatadi\/#primaryimage","url":"https:\/\/shrimataji.org\/test\/wp-content\/uploads\/2023\/03\/test_banner_inner_shrimataji-scaled.jpg","contentUrl":"https:\/\/shrimataji.org\/test\/wp-content\/uploads\/2023\/03\/test_banner_inner_shrimataji-scaled.jpg","width":2560,"height":1067},{"@type":"BreadcrumbList","@id":"https:\/\/shrimataji.org\/test\/bs\/srimatadi\/#breadcrumb","itemListElement":[{"@type":"ListItem","position":1,"name":"Home","item":"https:\/\/shrimataji.org\/test\/uk\/home-en\/"},{"@type":"ListItem","position":2,"name":"\u0160ri Mata\u0111i"}]},{"@type":"WebSite","@id":"https:\/\/shrimataji.org\/test\/#website","url":"https:\/\/shrimataji.org\/test\/","name":"Shri Mataji Nirmala Devi","description":"A Life Dedicated to Humanity","publisher":{"@id":"https:\/\/shrimataji.org\/test\/#\/schema\/person\/a1b3419c6585f164aa96da1ff85715d1"},"potentialAction":[{"@type":"SearchAction","target":{"@type":"EntryPoint","urlTemplate":"https:\/\/shrimataji.org\/test\/?s={search_term_string}"},"query-input":{"@type":"PropertyValueSpecification","valueRequired":true,"valueName":"search_term_string"}}],"inLanguage":"en-US"},{"@type":["Person","Organization"],"@id":"https:\/\/shrimataji.org\/test\/#\/schema\/person\/a1b3419c6585f164aa96da1ff85715d1","name":"Nirmala Shrivastava","image":{"@type":"ImageObject","inLanguage":"en-US","@id":"https:\/\/shrimataji.org\/test\/wp-content\/uploads\/2023\/02\/SMO_LOGO-03.svg","url":"https:\/\/shrimataji.org\/test\/wp-content\/uploads\/2023\/02\/SMO_LOGO-03.svg","contentUrl":"https:\/\/shrimataji.org\/test\/wp-content\/uploads\/2023\/02\/SMO_LOGO-03.svg","width":"1024","height":"1024","caption":"Nirmala Shrivastava"},"logo":{"@id":"https:\/\/shrimataji.org\/test\/wp-content\/uploads\/2023\/02\/SMO_LOGO-03.svg"},"sameAs":["https:\/\/shrimataji.org\/test","https:\/\/www.facebook.com\/shrimataji","https:\/\/x.com\/shrimataji","https:\/\/www.youtube.com\/@Shri_Mataji_Nirmala_Devi\/featured"]}]}},"lang":"bs","translations":{"bs":27296,"ur":37503,"en":391,"pa":25918,"gu":25521,"th":20061,"hu":19566,"sq":18478,"zh":17375,"hi":8496,"tr":10210,"pt":10420,"de":10694,"fr":10792,"it":10890,"es":10987,"ja":11285,"ru":11473,"bn":11664,"te":11772,"sw":11895,"he":12043,"el":12335,"sk":12433,"fa":12531,"fi":12629,"bg":13463,"ro":14535,"cs":14728,"nl":16638,"ku":16798,"ar":16974,"be":18685,"kn":18959,"mr":20425,"uk":20719,"ml":21014,"ta":22796,"sv":23066,"fil":29515,"sd":31010,"da":37812,"pl":38022,"nn":38364},"pll_sync_post":[],"_links":{"self":[{"href":"https:\/\/shrimataji.org\/test\/wp-json\/wp\/v2\/pages\/27296","targetHints":{"allow":["GET"]}}],"collection":[{"href":"https:\/\/shrimataji.org\/test\/wp-json\/wp\/v2\/pages"}],"about":[{"href":"https:\/\/shrimataji.org\/test\/wp-json\/wp\/v2\/types\/page"}],"author":[{"embeddable":true,"href":"https:\/\/shrimataji.org\/test\/wp-json\/wp\/v2\/users\/12"}],"replies":[{"embeddable":true,"href":"https:\/\/shrimataji.org\/test\/wp-json\/wp\/v2\/comments?post=27296"}],"version-history":[{"count":0,"href":"https:\/\/shrimataji.org\/test\/wp-json\/wp\/v2\/pages\/27296\/revisions"}],"wp:featuredmedia":[{"embeddable":true,"href":"https:\/\/shrimataji.org\/test\/wp-json\/wp\/v2\/media\/27297"}],"wp:attachment":[{"href":"https:\/\/shrimataji.org\/test\/wp-json\/wp\/v2\/media?parent=27296"}],"curies":[{"name":"wp","href":"https:\/\/api.w.org\/{rel}","templated":true}]}}