{"id":37916,"date":"2018-07-10T06:54:46","date_gmt":"2018-07-10T06:54:46","guid":{"rendered":"http:\/\/testwordpress.nirmalnagari.org\/smnd\/index.php\/a-pivotal-moment\/"},"modified":"2026-04-13T09:23:24","modified_gmt":"2026-04-13T09:23:24","slug":"przelomowy-moment","status":"publish","type":"page","link":"https:\/\/shrimataji.org\/test\/pl\/przelomowy-moment\/","title":{"rendered":"Prze\u0142omowy moment"},"content":{"rendered":"\n\n\t<h1>Prze\u0142omowy moment<\/h1>\n<h2>Wieczna chwila czystej transformacji<\/h2>\n\t<h4>5 maja 1970 roku, w nadmorskim miasteczku Nargol na zachodnim wybrze\u017cu Indii, niedaleko Mumbaju, mia\u0142o miejsce wydarzenie o wyj\u0105tkowym znaczeniu: otwarcie Sahasrary &#8211; centrum energetycznego obszaru limbicznego.<\/h4>\n\t<p>Znaczenia tego wydarzenia nie spos\u00f3b przeceni\u0107. Wszystko, co nast\u0105pi\u0142o p\u00f3\u017aniej w duchowym dziedzictwie \u015ari Matad\u017ai, mia\u0142o swoje \u017ar\u00f3d\u0142o w\u0142a\u015bnie w tym momencie. Podobnie jak prze\u0142omowe odkrycie naukowe czy wielkie dzie\u0142o sztuki, to bezprecedensowe wydarzenie rezonowa\u0142o przez lata, wp\u0142ywaj\u0105c na wszystkich, kt\u00f3rzy zetkn\u0119li si\u0119 z jej dzie\u0142em i wizj\u0105.<\/p>\n<p>Odkrycie \u015ari Matad\u017ai by\u0142o &#8211; i pozostaje &#8211; absolutnie wyj\u0105tkowe. Otwarcie Sahasrary jest chwil\u0105 czystej transformacji i daje ludziom mo\u017cliwo\u015b\u0107 przekroczenia w\u0142asnych ogranicze\u0144 oraz po\u0142\u0105czenia si\u0119 z czym\u015b wi\u0119kszym. Samo wydarzenie oraz \u015bwiadomo\u015b\u0107, kt\u00f3r\u0105 przynios\u0142o, by\u0142y tym, na co \u015ari Matad\u017ai czeka\u0142a.<\/p>\n<p>\u201ePoszukiwa\u0142am dr\u00f3g i metod&#8221; &#8211; wyja\u015bnia\u0142a &#8211; \u201ewypracowywa\u0142am je wewn\u0105trz siebie, poprzez w\u0142asny spos\u00f3b medytacji, rozwa\u017caj\u0105c wszelkie mo\u017cliwe permutacje i kombinacje. Gdy spotyka\u0142am dan\u0105 osob\u0119, widzia\u0142am, jakie ma problemy i w jaki spos\u00f3b mo\u017ce je przezwyci\u0119\u017cy\u0107. Stara\u0142am si\u0119 bada\u0107 t\u0119 osob\u0119 od wewn\u0105trz&#8221;.<\/p>\n<figure itemscope itemtype=\"https:\/\/schema.org\/ImageObject\">\n\t\t\t\t<img decoding=\"async\" src=\"https:\/\/shrimataji.org\/test\/wp-content\/uploads\/2018\/07\/media_originals\/images\/shri-mataji-portraits\/mother-ocean.jpg\" alt=\"mother-ocean\" height=\"541\" width=\"721\" title=\"mother-ocean\" onerror=\"this.style.display='none'\" loading=\"lazy\" \/>\n\t\t\t\t\t\t\n\t<\/figure>\n\t<p>\u015ari Matad\u017ai wiedzia\u0142a, \u017ce klucz do zrozumienia ludzkiego dylematu le\u017cy w staro\u017cytnej wiedzy o ciele subtelnym. To cia\u0142o, wykraczaj\u0105ce poza wymiar fizyczny, jest realne i sk\u0142ada si\u0119 z kana\u0142\u00f3w, centr\u00f3w energetycznych oraz pierwotnego \u017ar\u00f3d\u0142a energii znanego jako Kundalini. Jego funkcje i struktura odzwierciedlaj\u0105 znany nauce system fizyczny, lecz na znacznie subtelniejszym poziomie.<\/p>\n<p>\u201eWidzia\u0142am wszystko, co si\u0119 dzia\u0142o&#8221; &#8211; wspomina\u0142a. &#8211; \u201eTo by\u0142 ten dzie\u0144, kiedy w jaki\u015b spos\u00f3b musz\u0119 otworzy\u0107 ostatni\u0105 czakr\u0119&#8221;.<\/p>\n<p>Ta czakra, czyli centrum energetyczne, znana jest w sanskrycie jako Sahasrara, a jej siedziba znajduje si\u0119 w limbicznym obszarze m\u00f3zgu. Otwarcie tego centrum by\u0142o impulsem, kt\u00f3ry wprawi\u0142 wszystko w ruch &#8211; bram\u0105 prowadz\u0105c\u0105 do prawdy.<\/p>\n<figure itemscope itemtype=\"https:\/\/schema.org\/ImageObject\">\n\t\t\t\t<img decoding=\"async\" src=\"https:\/\/shrimataji.org\/test\/wp-content\/uploads\/2018\/07\/media_originals\/images\/shri-mataji-portraits\/shri-mataji-looking.jpg\" alt=\"shri-mataji-looking\" height=\"541\" width=\"721\" title=\"shri-mataji-looking\" onerror=\"this.style.display='none'\" loading=\"lazy\" \/>\n\t\t\t\t\t\t\n\t<\/figure>\n\t<p>\u201eBy\u0142am zupe\u0142nie sama i czu\u0142am si\u0119 bardzo dobrze. Nie by\u0142o nikogo wok\u00f3\u0142, kto powiedzia\u0142by cho\u0107 jedno s\u0142owo. I wtedy, w medytacji, poczu\u0142am, \u017ce nadszed\u0142 czas, by Sahasrara zosta\u0142a otwarta. W chwili, gdy zapragn\u0119\u0142am jej otwarcia, zauwa\u017cy\u0142am, \u017ce Kundalini unosi\u0142a si\u0119 we mnie jak teleskop, otwieraj\u0105c jedno po drugim centrum i wznosz\u0105c si\u0119 ku g\u00f3rze. Mia\u0142a barw\u0119 p\u0142ynnego, roz\u017carzonego do czerwono\u015bci \u017celaza.<\/p>\n<p>Potem zobaczy\u0142am zewn\u0119trzn\u0105 struktur\u0119 Kundalini, kt\u00f3ra nadal si\u0119 wznosi\u0142a, wydaj\u0105c d\u017awi\u0119ki w ka\u017cdej czakrze. Kundalini unios\u0142a si\u0119, by przebi\u0107 Brahmarandr\u0119&#8221;.<\/p>\n<p>Brahmarandra to obszar ciemi\u0105czka na szczycie g\u0142owy. Do\u015bwiadczenie opisane przez \u015ari Matad\u017ai by\u0142o do\u015bwiadczeniem Samorealizacji &#8211; rozkwitu wiedzy i \u015bwiadomo\u015bci, za kt\u00f3rym t\u0119skni tak wielu. M\u00f3wi\u0142a o przeznaczeniu, kt\u00f3rego poszukuje niezliczona liczba ludzi, zwykle wi\u0105zanym z latami wysi\u0142ku i po\u015bwi\u0119cenia.<\/p>\n\t<p>\u201eW tym momencie poczu\u0142am, \u017ce energia, kt\u00f3ra by\u0142a ponad mn\u0105, nagle wesz\u0142a do mojego wn\u0119trza ze wszystkich stron niczym ch\u0142odny powiew. Zobaczy\u0142am, jak wszystko si\u0119 otwiera i jak pot\u0119\u017cny strumie\u0144 ch\u0142odnej bryzy zacz\u0105\u0142 przep\u0142ywa\u0107 przez ca\u0142\u0105 moj\u0105 g\u0142ow\u0119. Czu\u0142am, \u017ce znikam &#8211; nie by\u0142o ju\u017c mnie. By\u0142a tylko \u0142aska. Widzia\u0142am, jak to ca\u0142kowicie si\u0119 we mnie dokonuje&#8221;.<\/p>\n\t<p>\u015ari Matad\u017ai wiedzia\u0142a, \u017ce to do\u015bwiadczenie Samorealizacji, ta wy\u017csza wiedza, musi zosta\u0107 przekazana \u015bwiatu.<\/p>\n<p>\u201eWtedy u\u015bwiadomi\u0142am sobie, \u017ce nie ma \u017cadnej przeszkody, by rozpocz\u0105\u0107 t\u0119 prac\u0119. Zam\u0119t si\u0119 sko\u0144czy\u0142. Wreszcie nadszed\u0142 w\u0142a\u015bciwy czas. Nie by\u0142o si\u0119 czego obawia\u0107. To musia\u0142o zosta\u0107 dokonane. Przysz\u0142am na ten \u015bwiat wy\u0142\u0105cznie w tym celu &#8211; aby przebudzi\u0107 kolektywn\u0105 \u015bwiadomo\u015b\u0107 w ludziach. Wiedzia\u0142am, \u017ce dop\u00f3ki ludzie nie otrzymaj\u0105 swojej Samorealizacji albo nie zrozumiej\u0105 swojej Ja\u017ani, zadanie to b\u0119dzie niemo\u017cliwe. Wszystko inne, cokolwiek pr\u00f3bowano by robi\u0107 na tym \u015bwiecie, nie mia\u0142oby \u017cadnego sensu&#8221;.<\/p>\n<p>\u015ari Matad\u017ai opisywa\u0142a, jak rozpocz\u0119\u0142a si\u0119 jej duchowa praca: \u201eZacz\u0119\u0142am od starszej pani, kt\u00f3ra dobrze mnie zna\u0142a. Gdy otrzyma\u0142a swoj\u0105 realizacj\u0119, poczu\u0142am satysfakcj\u0119. Wiedzia\u0142am, \u017ce wielu innych r\u00f3wnie\u017c mo\u017ce j\u0105 otrzyma\u0107. \u0141atwo by\u0142o da\u0107 realizacj\u0119 jednej osobie, \u0142atwo by\u0142o uczyni\u0107 jedn\u0105 osob\u0119 \u015bwiadom\u0105. Jednak praca na poziomie zbiorowym, z masami ludzi, wymaga\u0142a czego\u015b wi\u0119cej&#8221;.<\/p>\n<p>Ka\u017cdy mia\u0142 otrzyma\u0107 t\u0119 korzy\u015b\u0107 w jednej realizacji, cho\u0107 prawd\u0105 jest, \u017ce nigdy wcze\u015bniej nie dokonano czego\u015b takiego na poziomie kolektywnym. \u201eOsi\u0105gn\u0119\u0142am to wszystko poprzez medytacj\u0119&#8221;.<\/p>\n<p>Jej praca przez wiele lat toczy\u0142a si\u0119 cicho, bez zb\u0119dnego rozg\u0142osu. \u201eNikt nie wiedzia\u0142 o mocach, kt\u00f3re nosi\u0142am w sobie. Nikt mnie nie zna\u0142 ani nie mia\u0142 poj\u0119cia, kim jestem&#8221;. Wi\u0119kszo\u015b\u0107 ludzi nie by\u0142a te\u017c przygotowana na to, co m\u00f3wi\u0142a. Jej przes\u0142anie &#8211; rewolucyjne i odwa\u017cne &#8211; stanowi\u0142o fundamentalne wyzwanie dla powszechnego rozumienia samego siebie.<\/p>\n<figure itemscope itemtype=\"https:\/\/schema.org\/ImageObject\">\n\t\t\t\t<img decoding=\"async\" src=\"https:\/\/shrimataji.org\/test\/wp-content\/uploads\/2018\/07\/media_originals\/images\/shri-mataji-portraits\/shri-mataji-nirmala-devi-831x1080.jpg\" alt=\"shri-mataji-nirmala-devi\" height=\"1080\" width=\"831\" title=\"shri-mataji-nirmala-devi\" onerror=\"this.style.display='none'\" loading=\"lazy\" \/>\n\t\t\n\t<\/figure>\n\t<p>\u201eGdy Kundalini zosta\u0142a przebudzona w tej kobiecie&#8221; &#8211; wspomina\u0142a \u015ari Matad\u017ai &#8211; \u201epoczu\u0142am, \u017ce wesz\u0142a w ni\u0105 pewna subtelna moc. Nast\u0119pnie dwana\u015bcie kolejnych os\u00f3b otrzyma\u0142o swoj\u0105 realizacj\u0119. Byli zdumieni &#8211; ich oczy zacz\u0119\u0142y ja\u015bnie\u0107. Zacz\u0119li jasno postrzega\u0107 i rozumie\u0107 wszystko dzi\u0119ki wyj\u0105tkowej wra\u017cliwo\u015bci, kt\u00f3ra w nich wesz\u0142a, a poprzez kt\u00f3r\u0105 mogli wszystko odczuwa\u0107&#8221;.<\/p>\n<figure itemscope itemtype=\"https:\/\/schema.org\/ImageObject\">\n\t\t\t\t<img decoding=\"async\" src=\"https:\/\/shrimataji.org\/test\/wp-content\/uploads\/2018\/07\/media_originals\/images\/shri-mataji-teaching-sahaja-yoga\/shri-mataji-nirmala-devi-teaching-sahaja-yoga-meditation-in-india.jpg\" alt=\"Shri Mataji opettaa Sahaja Yoga -meditaatiota Intiassa\" height=\"541\" width=\"721\" title=\"Shri Mataji opettaa Sahaja Yoga -meditaatiota Intiassa\" onerror=\"this.style.display='none'\" loading=\"lazy\" \/>\n\t\t\n\t<\/figure>\n\t<p>Poprzez Samorealizacj\u0119 ludzie stawali si\u0119 swoj\u0105 prawdziw\u0105 Ja\u017ani\u0105. U\u015bwiadamiali sobie to, czego wcze\u015bniej nie znali. Zacz\u0119li dostrzega\u0107 siebie nawzajem &#8211; i wraz z tym rozpocz\u0119\u0142a si\u0119 prawdziwa integracja.<\/p>\n<p>\u201eJedno zrozumia\u0142am na pewno&#8221; &#8211; powiedzia\u0142a &#8211; \u201etych dwana\u015bcie os\u00f3b mia\u0142o dwana\u015bcie r\u00f3\u017cnych natur i poprzez wsp\u00f3lne przebywanie nale\u017ca\u0142o im ukaza\u0107, w jaki spos\u00f3b zintegrowa\u0107 moc \u015bwiat\u0142a, kt\u00f3r\u0105 posiada Duch. To tak, jak nawleka si\u0119 kwiaty na jedn\u0105 girland\u0119 przy pomocy ig\u0142y&#8230; Gdy otrzymali swoj\u0105 realizacj\u0119, zauwa\u017cy\u0142am, \u017ce w ka\u017cdym z nich, jeden po drugim, wszystko zacz\u0119\u0142o \u0142\u0105czy\u0107 si\u0119 w jedn\u0105 ni\u0107.<\/p>\n\t<div class=\"su-quote su-quote-style-default\"><div class=\"su-quote-inner su-u-clearfix su-u-trim\">Zacz\u0119\u0142am od jednej kobiety. Potem stopniowo coraz wi\u0119cej os\u00f3b zacz\u0119\u0142o otrzymywa\u0107 urzeczywistnienie. Z czasem praca dojrzewa\u0142a, a ludzie odkrywali, \u017ce jest to spos\u00f3b, w jaki mo\u017cemy si\u0119 naprawd\u0119 przemieni\u0107. Ugruntowa\u0142o si\u0119 zrozumienie, \u017ce Sahad\u017aa Joga jest czym\u015b niezwykle istotnym.<\/div><\/div>\n\t\t<iframe loading=\"lazy\" title=\"First Awakenings And Self Realization\" width=\"1920\" height=\"1080\" src=\"https:\/\/www.youtube.com\/embed\/EM8Bip5ObJo?feature=oembed\" frameborder=\"0\" allow=\"accelerometer; autoplay; clipboard-write; encrypted-media; gyroscope; picture-in-picture; web-share\" allowfullscreen><\/iframe>\t\n\t\t<iframe loading=\"lazy\" title=\"A Meeting That Gave Understanding\" width=\"1920\" height=\"1080\" src=\"https:\/\/www.youtube.com\/embed\/yKot6Plxn7Y?feature=oembed\" frameborder=\"0\" allow=\"accelerometer; autoplay; clipboard-write; encrypted-media; gyroscope; picture-in-picture; web-share\" allowfullscreen><\/iframe>\t\n\t\t<iframe loading=\"lazy\" title=\"Many Are Still Seeking The Truth\" width=\"1920\" height=\"1080\" src=\"https:\/\/www.youtube.com\/embed\/-KffEGsqep8?feature=oembed\" frameborder=\"0\" allow=\"accelerometer; autoplay; clipboard-write; encrypted-media; gyroscope; picture-in-picture; web-share\" allowfullscreen><\/iframe>\t\n\n","protected":false},"excerpt":{"rendered":"<p>Prze\u0142omowy moment Wieczna chwila czystej transformacji 5 maja 1970 roku, w nadmorskim miasteczku Nargol na zachodnim wybrze\u017cu Indii, niedaleko Mumbaju, mia\u0142o miejsce wydarzenie o wyj\u0105tkowym znaczeniu: otwarcie Sahasrary &#8211; centrum energetycznego obszaru limbicznego. Znaczenia tego wydarzenia nie spos\u00f3b przeceni\u0107. Wszystko, co nast\u0105pi\u0142o p\u00f3\u017aniej w duchowym dziedzictwie \u015ari Matad\u017ai, mia\u0142o swoje \u017ar\u00f3d\u0142o w\u0142a\u015bnie w tym momencie.&hellip; <br \/> <a class=\"read-more\" href=\"https:\/\/shrimataji.org\/test\/pl\/przelomowy-moment\/\">Read more<\/a><\/p>\n","protected":false},"author":1,"featured_media":37917,"parent":0,"menu_order":0,"comment_status":"closed","ping_status":"closed","template":"","meta":{"inline_featured_image":false,"footnotes":""},"class_list":["post-37916","page","type-page","status-publish","has-post-thumbnail","hentry"],"yoast_head":"<!-- This site is optimized with the Yoast SEO plugin v27.4 - https:\/\/yoast.com\/product\/yoast-seo-wordpress\/ -->\n<title>Prze\u0142omowy moment - TEST - SMND<\/title>\n<meta name=\"robots\" content=\"noindex, follow, max-snippet:-1, max-image-preview:large, max-video-preview:-1\" \/>\n<meta property=\"og:locale\" content=\"en_US\" \/>\n<meta property=\"og:type\" content=\"article\" \/>\n<meta property=\"og:title\" content=\"Prze\u0142omowy moment - TEST - SMND\" \/>\n<meta property=\"og:description\" content=\"Prze\u0142omowy moment Wieczna chwila czystej transformacji 5 maja 1970 roku, w nadmorskim miasteczku Nargol na zachodnim wybrze\u017cu Indii, niedaleko Mumbaju, mia\u0142o miejsce wydarzenie o wyj\u0105tkowym znaczeniu: otwarcie Sahasrary &#8211; centrum energetycznego obszaru limbicznego. Znaczenia tego wydarzenia nie spos\u00f3b przeceni\u0107. Wszystko, co nast\u0105pi\u0142o p\u00f3\u017aniej w duchowym dziedzictwie \u015ari Matad\u017ai, mia\u0142o swoje \u017ar\u00f3d\u0142o w\u0142a\u015bnie w tym momencie.&hellip; Read more\" \/>\n<meta property=\"og:url\" content=\"https:\/\/shrimataji.org\/test\/pl\/przelomowy-moment\/\" \/>\n<meta property=\"og:site_name\" content=\"TEST - SMND\" \/>\n<meta property=\"article:publisher\" content=\"https:\/\/www.facebook.com\/shrimataji\" \/>\n<meta property=\"article:modified_time\" content=\"2026-04-13T09:23:24+00:00\" \/>\n<meta property=\"og:image\" content=\"https:\/\/shrimataji.org\/test\/wp-content\/uploads\/2023\/03\/11_Banner-PublicLife-PivotalMoment-scaled.jpg\" \/>\n\t<meta property=\"og:image:width\" content=\"2560\" \/>\n\t<meta property=\"og:image:height\" content=\"905\" \/>\n\t<meta property=\"og:image:type\" content=\"image\/jpeg\" \/>\n<meta name=\"twitter:card\" content=\"summary_large_image\" \/>\n<meta name=\"twitter:site\" content=\"@shrimataji\" \/>\n<meta name=\"twitter:label1\" content=\"Est. reading time\" \/>\n\t<meta name=\"twitter:data1\" content=\"5 minutes\" \/>\n<script type=\"application\/ld+json\" class=\"yoast-schema-graph\">{\"@context\":\"https:\\\/\\\/schema.org\",\"@graph\":[{\"@type\":\"WebPage\",\"@id\":\"https:\\\/\\\/shrimataji.org\\\/test\\\/pl\\\/przelomowy-moment\\\/\",\"url\":\"https:\\\/\\\/shrimataji.org\\\/test\\\/pl\\\/przelomowy-moment\\\/\",\"name\":\"Prze\u0142omowy moment - TEST - SMND\",\"isPartOf\":{\"@id\":\"https:\\\/\\\/shrimataji.org\\\/test\\\/#website\"},\"primaryImageOfPage\":{\"@id\":\"https:\\\/\\\/shrimataji.org\\\/test\\\/pl\\\/przelomowy-moment\\\/#primaryimage\"},\"image\":{\"@id\":\"https:\\\/\\\/shrimataji.org\\\/test\\\/pl\\\/przelomowy-moment\\\/#primaryimage\"},\"thumbnailUrl\":\"https:\\\/\\\/shrimataji.org\\\/test\\\/wp-content\\\/uploads\\\/2023\\\/03\\\/11_Banner-PublicLife-PivotalMoment-scaled.jpg\",\"datePublished\":\"2018-07-10T06:54:46+00:00\",\"dateModified\":\"2026-04-13T09:23:24+00:00\",\"breadcrumb\":{\"@id\":\"https:\\\/\\\/shrimataji.org\\\/test\\\/pl\\\/przelomowy-moment\\\/#breadcrumb\"},\"inLanguage\":\"en-US\",\"potentialAction\":[{\"@type\":\"ReadAction\",\"target\":[\"https:\\\/\\\/shrimataji.org\\\/test\\\/pl\\\/przelomowy-moment\\\/\"]}]},{\"@type\":\"ImageObject\",\"inLanguage\":\"en-US\",\"@id\":\"https:\\\/\\\/shrimataji.org\\\/test\\\/pl\\\/przelomowy-moment\\\/#primaryimage\",\"url\":\"https:\\\/\\\/shrimataji.org\\\/test\\\/wp-content\\\/uploads\\\/2023\\\/03\\\/11_Banner-PublicLife-PivotalMoment-scaled.jpg\",\"contentUrl\":\"https:\\\/\\\/shrimataji.org\\\/test\\\/wp-content\\\/uploads\\\/2023\\\/03\\\/11_Banner-PublicLife-PivotalMoment-scaled.jpg\",\"width\":2560,\"height\":905},{\"@type\":\"BreadcrumbList\",\"@id\":\"https:\\\/\\\/shrimataji.org\\\/test\\\/pl\\\/przelomowy-moment\\\/#breadcrumb\",\"itemListElement\":[{\"@type\":\"ListItem\",\"position\":1,\"name\":\"Home\",\"item\":\"https:\\\/\\\/shrimataji.org\\\/test\\\/uk\\\/home-en\\\/\"},{\"@type\":\"ListItem\",\"position\":2,\"name\":\"Prze\u0142omowy moment\"}]},{\"@type\":\"WebSite\",\"@id\":\"https:\\\/\\\/shrimataji.org\\\/test\\\/#website\",\"url\":\"https:\\\/\\\/shrimataji.org\\\/test\\\/\",\"name\":\"Shri Mataji Nirmala Devi\",\"description\":\"A Life Dedicated to Humanity\",\"publisher\":{\"@id\":\"https:\\\/\\\/shrimataji.org\\\/test\\\/#\\\/schema\\\/person\\\/a1b3419c6585f164aa96da1ff85715d1\"},\"potentialAction\":[{\"@type\":\"SearchAction\",\"target\":{\"@type\":\"EntryPoint\",\"urlTemplate\":\"https:\\\/\\\/shrimataji.org\\\/test\\\/?s={search_term_string}\"},\"query-input\":{\"@type\":\"PropertyValueSpecification\",\"valueRequired\":true,\"valueName\":\"search_term_string\"}}],\"inLanguage\":\"en-US\"},{\"@type\":[\"Person\",\"Organization\"],\"@id\":\"https:\\\/\\\/shrimataji.org\\\/test\\\/#\\\/schema\\\/person\\\/a1b3419c6585f164aa96da1ff85715d1\",\"name\":\"Nirmala Shrivastava\",\"image\":{\"@type\":\"ImageObject\",\"inLanguage\":\"en-US\",\"@id\":\"https:\\\/\\\/shrimataji.org\\\/test\\\/wp-content\\\/uploads\\\/2023\\\/02\\\/SMO_LOGO-03.svg\",\"url\":\"https:\\\/\\\/shrimataji.org\\\/test\\\/wp-content\\\/uploads\\\/2023\\\/02\\\/SMO_LOGO-03.svg\",\"contentUrl\":\"https:\\\/\\\/shrimataji.org\\\/test\\\/wp-content\\\/uploads\\\/2023\\\/02\\\/SMO_LOGO-03.svg\",\"width\":\"1024\",\"height\":\"1024\",\"caption\":\"Nirmala Shrivastava\"},\"logo\":{\"@id\":\"https:\\\/\\\/shrimataji.org\\\/test\\\/wp-content\\\/uploads\\\/2023\\\/02\\\/SMO_LOGO-03.svg\"},\"sameAs\":[\"https:\\\/\\\/shrimataji.org\\\/test\",\"https:\\\/\\\/www.facebook.com\\\/shrimataji\",\"https:\\\/\\\/x.com\\\/shrimataji\",\"https:\\\/\\\/www.youtube.com\\\/@Shri_Mataji_Nirmala_Devi\\\/featured\"]}]}<\/script>\n<!-- \/ Yoast SEO plugin. -->","yoast_head_json":{"title":"Prze\u0142omowy moment - TEST - SMND","robots":{"index":"noindex","follow":"follow","max-snippet":"max-snippet:-1","max-image-preview":"max-image-preview:large","max-video-preview":"max-video-preview:-1"},"og_locale":"en_US","og_type":"article","og_title":"Prze\u0142omowy moment - TEST - SMND","og_description":"Prze\u0142omowy moment Wieczna chwila czystej transformacji 5 maja 1970 roku, w nadmorskim miasteczku Nargol na zachodnim wybrze\u017cu Indii, niedaleko Mumbaju, mia\u0142o miejsce wydarzenie o wyj\u0105tkowym znaczeniu: otwarcie Sahasrary &#8211; centrum energetycznego obszaru limbicznego. Znaczenia tego wydarzenia nie spos\u00f3b przeceni\u0107. Wszystko, co nast\u0105pi\u0142o p\u00f3\u017aniej w duchowym dziedzictwie \u015ari Matad\u017ai, mia\u0142o swoje \u017ar\u00f3d\u0142o w\u0142a\u015bnie w tym momencie.&hellip; Read more","og_url":"https:\/\/shrimataji.org\/test\/pl\/przelomowy-moment\/","og_site_name":"TEST - SMND","article_publisher":"https:\/\/www.facebook.com\/shrimataji","article_modified_time":"2026-04-13T09:23:24+00:00","og_image":[{"width":2560,"height":905,"url":"https:\/\/shrimataji.org\/test\/wp-content\/uploads\/2023\/03\/11_Banner-PublicLife-PivotalMoment-scaled.jpg","type":"image\/jpeg"}],"twitter_card":"summary_large_image","twitter_site":"@shrimataji","twitter_misc":{"Est. reading time":"5 minutes"},"schema":{"@context":"https:\/\/schema.org","@graph":[{"@type":"WebPage","@id":"https:\/\/shrimataji.org\/test\/pl\/przelomowy-moment\/","url":"https:\/\/shrimataji.org\/test\/pl\/przelomowy-moment\/","name":"Prze\u0142omowy moment - TEST - SMND","isPartOf":{"@id":"https:\/\/shrimataji.org\/test\/#website"},"primaryImageOfPage":{"@id":"https:\/\/shrimataji.org\/test\/pl\/przelomowy-moment\/#primaryimage"},"image":{"@id":"https:\/\/shrimataji.org\/test\/pl\/przelomowy-moment\/#primaryimage"},"thumbnailUrl":"https:\/\/shrimataji.org\/test\/wp-content\/uploads\/2023\/03\/11_Banner-PublicLife-PivotalMoment-scaled.jpg","datePublished":"2018-07-10T06:54:46+00:00","dateModified":"2026-04-13T09:23:24+00:00","breadcrumb":{"@id":"https:\/\/shrimataji.org\/test\/pl\/przelomowy-moment\/#breadcrumb"},"inLanguage":"en-US","potentialAction":[{"@type":"ReadAction","target":["https:\/\/shrimataji.org\/test\/pl\/przelomowy-moment\/"]}]},{"@type":"ImageObject","inLanguage":"en-US","@id":"https:\/\/shrimataji.org\/test\/pl\/przelomowy-moment\/#primaryimage","url":"https:\/\/shrimataji.org\/test\/wp-content\/uploads\/2023\/03\/11_Banner-PublicLife-PivotalMoment-scaled.jpg","contentUrl":"https:\/\/shrimataji.org\/test\/wp-content\/uploads\/2023\/03\/11_Banner-PublicLife-PivotalMoment-scaled.jpg","width":2560,"height":905},{"@type":"BreadcrumbList","@id":"https:\/\/shrimataji.org\/test\/pl\/przelomowy-moment\/#breadcrumb","itemListElement":[{"@type":"ListItem","position":1,"name":"Home","item":"https:\/\/shrimataji.org\/test\/uk\/home-en\/"},{"@type":"ListItem","position":2,"name":"Prze\u0142omowy moment"}]},{"@type":"WebSite","@id":"https:\/\/shrimataji.org\/test\/#website","url":"https:\/\/shrimataji.org\/test\/","name":"Shri Mataji Nirmala Devi","description":"A Life Dedicated to Humanity","publisher":{"@id":"https:\/\/shrimataji.org\/test\/#\/schema\/person\/a1b3419c6585f164aa96da1ff85715d1"},"potentialAction":[{"@type":"SearchAction","target":{"@type":"EntryPoint","urlTemplate":"https:\/\/shrimataji.org\/test\/?s={search_term_string}"},"query-input":{"@type":"PropertyValueSpecification","valueRequired":true,"valueName":"search_term_string"}}],"inLanguage":"en-US"},{"@type":["Person","Organization"],"@id":"https:\/\/shrimataji.org\/test\/#\/schema\/person\/a1b3419c6585f164aa96da1ff85715d1","name":"Nirmala Shrivastava","image":{"@type":"ImageObject","inLanguage":"en-US","@id":"https:\/\/shrimataji.org\/test\/wp-content\/uploads\/2023\/02\/SMO_LOGO-03.svg","url":"https:\/\/shrimataji.org\/test\/wp-content\/uploads\/2023\/02\/SMO_LOGO-03.svg","contentUrl":"https:\/\/shrimataji.org\/test\/wp-content\/uploads\/2023\/02\/SMO_LOGO-03.svg","width":"1024","height":"1024","caption":"Nirmala Shrivastava"},"logo":{"@id":"https:\/\/shrimataji.org\/test\/wp-content\/uploads\/2023\/02\/SMO_LOGO-03.svg"},"sameAs":["https:\/\/shrimataji.org\/test","https:\/\/www.facebook.com\/shrimataji","https:\/\/x.com\/shrimataji","https:\/\/www.youtube.com\/@Shri_Mataji_Nirmala_Devi\/featured"]}]}},"lang":"pl","translations":{"pl":37916,"ur":37383,"en":12554,"am":17954,"th":19876,"hu":19429,"sq":18355,"zh":17252,"hi":7332,"tr":10129,"pt":10346,"de":10619,"fr":10717,"it":10815,"es":10913,"ja":11210,"ru":11398,"bn":11590,"te":11698,"sw":11821,"he":11969,"el":12260,"sk":12358,"fa":12456,"bg":13459,"ro":14531,"cs":14724,"nl":16515,"ku":16675,"ar":16851,"be":18562,"kn":18836,"mr":20240,"uk":20532,"ml":20831,"ta":22670,"sv":22943,"gu":28791,"pa":28949,"fil":29389,"da":37697,"nn":38249},"pll_sync_post":[],"_links":{"self":[{"href":"https:\/\/shrimataji.org\/test\/wp-json\/wp\/v2\/pages\/37916","targetHints":{"allow":["GET"]}}],"collection":[{"href":"https:\/\/shrimataji.org\/test\/wp-json\/wp\/v2\/pages"}],"about":[{"href":"https:\/\/shrimataji.org\/test\/wp-json\/wp\/v2\/types\/page"}],"author":[{"embeddable":true,"href":"https:\/\/shrimataji.org\/test\/wp-json\/wp\/v2\/users\/1"}],"replies":[{"embeddable":true,"href":"https:\/\/shrimataji.org\/test\/wp-json\/wp\/v2\/comments?post=37916"}],"version-history":[{"count":0,"href":"https:\/\/shrimataji.org\/test\/wp-json\/wp\/v2\/pages\/37916\/revisions"}],"wp:featuredmedia":[{"embeddable":true,"href":"https:\/\/shrimataji.org\/test\/wp-json\/wp\/v2\/media\/37917"}],"wp:attachment":[{"href":"https:\/\/shrimataji.org\/test\/wp-json\/wp\/v2\/media?parent=37916"}],"curies":[{"name":"wp","href":"https:\/\/api.w.org\/{rel}","templated":true}]}}