{"id":37918,"date":"2022-03-05T07:57:08","date_gmt":"2022-03-05T07:57:08","guid":{"rendered":"https:\/\/test.shrimataji.org\/?page_id=6497"},"modified":"2026-04-20T17:11:20","modified_gmt":"2026-04-20T17:11:20","slug":"czakra-adzna","status":"publish","type":"page","link":"https:\/\/shrimataji.org\/test\/pl\/czakra-adzna\/","title":{"rendered":"Czakra Ad\u017a\u0144a"},"content":{"rendered":"\n\n\t<h1>Czakra Ad\u017a\u0144a<\/h1>\n<h2>Moc przebaczenia<\/h2>\n<h4>Istot\u0105 tej czakry jest przebaczenie. Gdy nie wybaczamy, krzywdzimy samych siebie, wprowadzaj\u0105c to centrum w stan nier\u00f3wnowagi. Przebaczenie to moc uwalniania si\u0119 od gniewu, nienawi\u015bci i urazy, co przed uzyskaniem samorealizacji nie jest \u0142atwe. Kiedy jednak szczerze wypowiadamy s\u0142owa \u201ewybaczam&#8221;, nasza <a href=\"https:\/\/shrimataji.org\/test\/pl\/kundalini\/\" target=\"_blank\" rel=\"noopener\">Kundalini<\/a> mo\u017ce przenikn\u0105\u0107 przez to centrum i wprowadzi\u0107 nasz\u0105 uwag\u0119 w obszar boskiej ciszy, pozwalaj\u0105c nam z \u0142atwo\u015bci\u0105 osi\u0105gn\u0105\u0107 stan \u015bwiadomo\u015bci bez my\u015bli podczas medytacji.<\/h4>\n<p>Moc przebaczenia pozwala nam odkry\u0107 wy\u017csz\u0105 natur\u0119 naszego Ducha &#8211; pokor\u0119, szlachetno\u015b\u0107, hojno\u015b\u0107 oraz niesko\u0144czon\u0105 mi\u0142o\u015b\u0107 i wsp\u00f3\u0142czucie dla wszystkich. Dzi\u0119ki medytacji dojrza\u0142o\u015b\u0107 w pe\u0142ni rozwini\u0119tej czakry Ad\u017a\u0144a rozpuszcza nasze ego, uwarunkowania, nawyki, uprzedzenia rasowe oraz wszelkie fa\u0142szywe uto\u017csamienia. Pisma \u015bwi\u0119te opisuj\u0105 t\u0119 czakr\u0119 jako w\u0105sk\u0105 bram\u0119, kt\u00f3ra otwiera naszej \u015bwiadomo\u015bci drog\u0119 do ostatecznego celu &#8211; si\u00f3dmego centrum, czakry Sahasrara, symbolizuj\u0105cej najczystsz\u0105, duchow\u0105 sfer\u0119 istnienia.<\/p>\n\t\t<iframe loading=\"lazy\" title=\"Agnya Chakra\" width=\"1920\" height=\"1080\" src=\"https:\/\/www.youtube.com\/embed\/Fu9CT50ZFSc?feature=oembed\" frameborder=\"0\" allow=\"accelerometer; autoplay; clipboard-write; encrypted-media; gyroscope; picture-in-picture; web-share\" allowfullscreen><\/iframe>\t\n\t<strong>Lokalizacja:<br \/>\n<\/strong>Czakra Ad\u017a\u0144a znajduje si\u0119 w m\u00f3zgu, mniej wi\u0119cej na skrzy\u017cowaniu nerw\u00f3w wzrokowych (zwanym medycznie skrzy\u017cowaniem wzrokowym), w centralnym punkcie czo\u0142a. Jej wibracje mo\u017cna odczu\u0107 na palcach serdecznych obu d\u0142oni.\n<strong>Kolor<\/strong>:<strong><br \/>\n<\/strong>Czakr\u0119 Ad\u017a\u0144a reprezentuje kolor srebrny. Jest ona zharmonizowana z istot\u0105 \u015bwiat\u0142a.\n<strong>Cechy czakry Ad\u017a\u0144a:<br \/>\n<\/strong>\u2022 Przebaczenie<br \/>\n\u2022 Wsp\u00f3\u0142czucie<br \/>\n\u2022 Pokora<br \/>\n\u2022 \u015awiadomo\u015b\u0107 bez my\u015bli<br \/>\n\u2022 Ego i superego\n<figure itemscope itemtype=\"https:\/\/schema.org\/ImageObject\">\n\t\t\t\t<img decoding=\"async\" src=\"https:\/\/shrimataji.org\/test\/wp-content\/uploads\/2026\/04\/pl-6-Agnya-01-scaled.png\" alt=\"pl-6-Agnya-01\" height=\"2560\" width=\"2402\" title=\"pl-6-Agnya-01\" onerror=\"this.style.display='none'\" loading=\"lazy\" \/>\n\t<\/figure>\n\t<p>Podstawow\u0105 jako\u015bci\u0105 Ad\u017ani jest przebaczenie. To dzi\u0119ki jej przebudzeniu rozwijamy zdolno\u015b\u0107 wybaczania innym, a tak\u017ce sobie, akceptuj\u0105c ludzkie s\u0142abo\u015bci. Czakra Ad\u017a\u0144a bywa nazywana \u201etrzecim okiem&#8221;. Nie s\u0142u\u017cy ono jednak do ogl\u0105dania ezoterycznych wizji czy rozwijania jasnowidzenia &#8211; jak sugeruje wielu praktykuj\u0105cych inne formy jogi &#8211; lecz dotyczy zmiany perspektywy i uwolnienia si\u0119 od nawykowych, mentalnych i emocjonalnych uprzedze\u0144. \u017bycie, kt\u00f3re wcze\u015bniej bywa\u0142o stresuj\u0105ce, nudne lub pozbawione sensu, po samorealizacji i otwarciu czakry Ad\u017a\u0144a wype\u0142nia si\u0119 rado\u015bci\u0105, mi\u0142o\u015bci\u0105 i wsp\u00f3\u0142czuciem, gdy odkrywamy prawdziwy cel naszych narodzin. Kiedy ugruntujemy si\u0119 w naszej duchowej naturze, ani bogactwo, ani bieda nie s\u0105 w stanie nas wyprowadzi\u0107 z r\u00f3wnowagi. Osi\u0105gni\u0119cie tej wy\u017cszej sfery pozwala zrozumie\u0107, dlaczego Gautama Budda po swoim o\u015bwieceniu nie czu\u0142 ju\u017c potrzeby powrotu do luksus\u00f3w swojego pa\u0142acu.<\/p>\n<strong>Do\u015bwiadczenie i korzy\u015bci:<\/strong><br \/>\nCzakra Ad\u017a\u0144a kontroluje wzrok, s\u0142uch i my\u015bli, a tak\u017ce przysadk\u0119 m\u00f3zgow\u0105. Ten kluczowy gruczo\u0142, zwany \u201eg\u0142\u00f3wnym gruczo\u0142em&#8221;, reguluje prac\u0119 pozosta\u0142ych gruczo\u0142\u00f3w dokrewnych, wp\u0142ywaj\u0105c na wzrost, dojrzewanie fizjologiczne, metabolizm oraz sen. Wielu z nas sp\u0119dza d\u0142ugie godziny przed ekranem, co z powodu nadmiaru bod\u017ac\u00f3w wzrokowych mo\u017ce os\u0142abia\u0107 czakr\u0119 Ad\u017a\u0144a. Na szcz\u0119\u015bcie regularna medytacja Sahad\u017aa Jogi pomaga z\u0142agodzi\u0107 ten problem. Lewa Ad\u017a\u0144a jest po\u0142\u0105czona z obszarem superego w m\u00f3zgu, kt\u00f3ry przechowuje wspomnienia, do\u015bwiadczenia, nawyki i emocje. Prawa Ad\u017a\u0144a \u0142\u0105czy si\u0119 z obszarem ego, koncentruj\u0105cym si\u0119 na przysz\u0142o\u015bci poprzez my\u015blenie, planowanie i dzia\u0142anie. Ego i superego krzy\u017cuj\u0105 si\u0119 w\u0142a\u015bnie w czakrze Ad\u017a\u0144a.\n<p>Je\u015bli lewa Ad\u017a\u0144a jest nadaktywna, superego mo\u017ce napuchn\u0105\u0107 niczym balon. Nadmierne skupienie na przesz\u0142o\u015bci mo\u017ce prowadzi\u0107 do rozwoju wysoce emocjonalnego temperamentu oraz autodestrukcyjnych my\u015bli czy zachowa\u0144. Z kolei nadaktywna prawa Ad\u017a\u0144a powoduje rozrost ego wskutek nadmiaru my\u015blenia i planowania. Skutkuje to pobudzeniem, wybuchowo\u015bci\u0105, a nawet agresj\u0105 wobec innych.<\/p>\n<p>Na szcz\u0119\u015bcie wype\u0142nienie czakry Ad\u017a\u0144a energi\u0105 Kundalini jest bardzo skutecznym sposobem na przywr\u00f3cenie r\u00f3wnowagi i \u201eopr\u00f3\u017cnienie&#8221; tych balon\u00f3w. Cisza umys\u0142u osi\u0105gana w medytacji uczy nas pokory, kt\u00f3ra z kolei daje moc przebaczania. Przebaczenie polega na akceptacji i niesie uzdrowienie &#8211; uwalnia od negatywnych wi\u0119zi gniewu i urazy. Wybaczaj\u0105c, zyskujemy ogromne poczucie spokoju i ulgi.<\/p>\n<strong>Samoocena:<br \/>\n<\/strong>Blokada czakry Ad\u017a\u0144a mo\u017ce objawia\u0107 si\u0119 niezdolno\u015bci\u0105 do wybaczenia sobie lub innym, rozpami\u0119tywaniem przesz\u0142o\u015bci lub u\u017calaniem si\u0119 nad sob\u0105. Inne oznaki to egoizm, agresja, a tak\u017ce obsesja na punkcie pornografii lub rozpraszaj\u0105ce fantazje seksualne. Blokad\u0119 sygnalizuje r\u00f3wnie\u017c zamartwianie si\u0119 oraz nadmierne planowanie.\n<p><strong>Przyczyny braku r\u00f3wnowagi:<\/strong><\/p>\n<ul>\n<li>Sztywne koncepcje.<\/li>\n<li>Utrwalone wzorce zachowa\u0144.<\/li>\n<li>Popadanie w skrajno\u015bci w dzia\u0142aniu.<\/li>\n<\/ul>\n<strong>Jak przywr\u00f3ci\u0107 r\u00f3wnowag\u0119:<br \/>\n<\/strong>Aby zr\u00f3wnowa\u017cy\u0107 czakr\u0119 Ad\u017a\u0144a, medytuj w kontakcie z natur\u0105, na przyk\u0142ad patrz\u0105c w niebo. Mo\u017cesz te\u017c po\u0142o\u017cy\u0107 praw\u0105 r\u0119k\u0119 na czole, lekko pochyli\u0107 g\u0142ow\u0119 i powiedzie\u0107 prosto z serca: \u201eWybaczam wszystkim, wybaczam r\u00f3wnie\u017c sobie&#8221;.\n<p>Najlepsz\u0105 metod\u0105 na utrzymanie czakry Ad\u017a\u0144a w r\u00f3wnowadze jest unikanie nadmiernego my\u015blenia i planowania. \u017byj chwil\u0105 obecn\u0105 i ciesz si\u0119 ka\u017cd\u0105 sekund\u0105!<\/p>\n\n","protected":false},"excerpt":{"rendered":"<p>Czakra Ad\u017a\u0144a Moc przebaczenia Istot\u0105 tej czakry jest przebaczenie. Gdy nie wybaczamy, krzywdzimy samych siebie, wprowadzaj\u0105c to centrum w stan nier\u00f3wnowagi. Przebaczenie to moc uwalniania si\u0119 od gniewu, nienawi\u015bci i urazy, co przed uzyskaniem samorealizacji nie jest \u0142atwe. Kiedy jednak szczerze wypowiadamy s\u0142owa \u201ewybaczam&#8221;, nasza Kundalini mo\u017ce przenikn\u0105\u0107 przez to centrum i wprowadzi\u0107 nasz\u0105 uwag\u0119&hellip; <br \/> <a class=\"read-more\" href=\"https:\/\/shrimataji.org\/test\/pl\/czakra-adzna\/\">Read more<\/a><\/p>\n","protected":false},"author":1,"featured_media":37919,"parent":0,"menu_order":0,"comment_status":"closed","ping_status":"closed","template":"","meta":{"inline_featured_image":false,"footnotes":""},"class_list":["post-37918","page","type-page","status-publish","has-post-thumbnail","hentry"],"yoast_head":"<!-- This site is optimized with the Yoast SEO plugin v27.4 - https:\/\/yoast.com\/product\/yoast-seo-wordpress\/ -->\n<title>Czakra Ad\u017a\u0144a - TEST - SMND<\/title>\n<meta name=\"robots\" content=\"noindex, follow, max-snippet:-1, max-image-preview:large, max-video-preview:-1\" \/>\n<meta property=\"og:locale\" content=\"en_US\" \/>\n<meta property=\"og:type\" content=\"article\" \/>\n<meta property=\"og:title\" content=\"Czakra Ad\u017a\u0144a - TEST - SMND\" \/>\n<meta property=\"og:description\" content=\"Czakra Ad\u017a\u0144a Moc przebaczenia Istot\u0105 tej czakry jest przebaczenie. Gdy nie wybaczamy, krzywdzimy samych siebie, wprowadzaj\u0105c to centrum w stan nier\u00f3wnowagi. Przebaczenie to moc uwalniania si\u0119 od gniewu, nienawi\u015bci i urazy, co przed uzyskaniem samorealizacji nie jest \u0142atwe. Kiedy jednak szczerze wypowiadamy s\u0142owa \u201ewybaczam&#8221;, nasza Kundalini mo\u017ce przenikn\u0105\u0107 przez to centrum i wprowadzi\u0107 nasz\u0105 uwag\u0119&hellip; Read more\" \/>\n<meta property=\"og:url\" content=\"https:\/\/shrimataji.org\/test\/pl\/czakra-adzna\/\" \/>\n<meta property=\"og:site_name\" content=\"TEST - SMND\" \/>\n<meta property=\"article:publisher\" content=\"https:\/\/www.facebook.com\/shrimataji\" \/>\n<meta property=\"article:modified_time\" content=\"2026-04-20T17:11:20+00:00\" \/>\n<meta property=\"og:image\" content=\"https:\/\/shrimataji.org\/test\/wp-content\/uploads\/2023\/03\/21_Banner-SY-Chakra-agnya-scaled.jpg\" \/>\n\t<meta property=\"og:image:width\" content=\"2560\" \/>\n\t<meta property=\"og:image:height\" content=\"905\" \/>\n\t<meta property=\"og:image:type\" content=\"image\/jpeg\" \/>\n<meta name=\"twitter:card\" content=\"summary_large_image\" \/>\n<meta name=\"twitter:site\" content=\"@shrimataji\" \/>\n<meta name=\"twitter:label1\" content=\"Est. reading time\" \/>\n\t<meta name=\"twitter:data1\" content=\"3 minutes\" \/>\n<script type=\"application\/ld+json\" class=\"yoast-schema-graph\">{\"@context\":\"https:\\\/\\\/schema.org\",\"@graph\":[{\"@type\":\"WebPage\",\"@id\":\"https:\\\/\\\/shrimataji.org\\\/test\\\/pl\\\/czakra-adzna\\\/\",\"url\":\"https:\\\/\\\/shrimataji.org\\\/test\\\/pl\\\/czakra-adzna\\\/\",\"name\":\"Czakra Ad\u017a\u0144a - TEST - SMND\",\"isPartOf\":{\"@id\":\"https:\\\/\\\/shrimataji.org\\\/test\\\/#website\"},\"primaryImageOfPage\":{\"@id\":\"https:\\\/\\\/shrimataji.org\\\/test\\\/pl\\\/czakra-adzna\\\/#primaryimage\"},\"image\":{\"@id\":\"https:\\\/\\\/shrimataji.org\\\/test\\\/pl\\\/czakra-adzna\\\/#primaryimage\"},\"thumbnailUrl\":\"https:\\\/\\\/shrimataji.org\\\/test\\\/wp-content\\\/uploads\\\/2023\\\/03\\\/21_Banner-SY-Chakra-agnya-scaled.jpg\",\"datePublished\":\"2022-03-05T07:57:08+00:00\",\"dateModified\":\"2026-04-20T17:11:20+00:00\",\"breadcrumb\":{\"@id\":\"https:\\\/\\\/shrimataji.org\\\/test\\\/pl\\\/czakra-adzna\\\/#breadcrumb\"},\"inLanguage\":\"en-US\",\"potentialAction\":[{\"@type\":\"ReadAction\",\"target\":[\"https:\\\/\\\/shrimataji.org\\\/test\\\/pl\\\/czakra-adzna\\\/\"]}]},{\"@type\":\"ImageObject\",\"inLanguage\":\"en-US\",\"@id\":\"https:\\\/\\\/shrimataji.org\\\/test\\\/pl\\\/czakra-adzna\\\/#primaryimage\",\"url\":\"https:\\\/\\\/shrimataji.org\\\/test\\\/wp-content\\\/uploads\\\/2023\\\/03\\\/21_Banner-SY-Chakra-agnya-scaled.jpg\",\"contentUrl\":\"https:\\\/\\\/shrimataji.org\\\/test\\\/wp-content\\\/uploads\\\/2023\\\/03\\\/21_Banner-SY-Chakra-agnya-scaled.jpg\",\"width\":2560,\"height\":905},{\"@type\":\"BreadcrumbList\",\"@id\":\"https:\\\/\\\/shrimataji.org\\\/test\\\/pl\\\/czakra-adzna\\\/#breadcrumb\",\"itemListElement\":[{\"@type\":\"ListItem\",\"position\":1,\"name\":\"Home\",\"item\":\"https:\\\/\\\/shrimataji.org\\\/test\\\/uk\\\/home-en\\\/\"},{\"@type\":\"ListItem\",\"position\":2,\"name\":\"Czakra Ad\u017a\u0144a\"}]},{\"@type\":\"WebSite\",\"@id\":\"https:\\\/\\\/shrimataji.org\\\/test\\\/#website\",\"url\":\"https:\\\/\\\/shrimataji.org\\\/test\\\/\",\"name\":\"Shri Mataji Nirmala Devi\",\"description\":\"A Life Dedicated to Humanity\",\"publisher\":{\"@id\":\"https:\\\/\\\/shrimataji.org\\\/test\\\/#\\\/schema\\\/person\\\/a1b3419c6585f164aa96da1ff85715d1\"},\"potentialAction\":[{\"@type\":\"SearchAction\",\"target\":{\"@type\":\"EntryPoint\",\"urlTemplate\":\"https:\\\/\\\/shrimataji.org\\\/test\\\/?s={search_term_string}\"},\"query-input\":{\"@type\":\"PropertyValueSpecification\",\"valueRequired\":true,\"valueName\":\"search_term_string\"}}],\"inLanguage\":\"en-US\"},{\"@type\":[\"Person\",\"Organization\"],\"@id\":\"https:\\\/\\\/shrimataji.org\\\/test\\\/#\\\/schema\\\/person\\\/a1b3419c6585f164aa96da1ff85715d1\",\"name\":\"Nirmala Shrivastava\",\"image\":{\"@type\":\"ImageObject\",\"inLanguage\":\"en-US\",\"@id\":\"https:\\\/\\\/shrimataji.org\\\/test\\\/wp-content\\\/uploads\\\/2023\\\/02\\\/SMO_LOGO-03.svg\",\"url\":\"https:\\\/\\\/shrimataji.org\\\/test\\\/wp-content\\\/uploads\\\/2023\\\/02\\\/SMO_LOGO-03.svg\",\"contentUrl\":\"https:\\\/\\\/shrimataji.org\\\/test\\\/wp-content\\\/uploads\\\/2023\\\/02\\\/SMO_LOGO-03.svg\",\"width\":\"1024\",\"height\":\"1024\",\"caption\":\"Nirmala Shrivastava\"},\"logo\":{\"@id\":\"https:\\\/\\\/shrimataji.org\\\/test\\\/wp-content\\\/uploads\\\/2023\\\/02\\\/SMO_LOGO-03.svg\"},\"sameAs\":[\"https:\\\/\\\/shrimataji.org\\\/test\",\"https:\\\/\\\/www.facebook.com\\\/shrimataji\",\"https:\\\/\\\/x.com\\\/shrimataji\",\"https:\\\/\\\/www.youtube.com\\\/@Shri_Mataji_Nirmala_Devi\\\/featured\"]}]}<\/script>\n<!-- \/ Yoast SEO plugin. -->","yoast_head_json":{"title":"Czakra Ad\u017a\u0144a - TEST - SMND","robots":{"index":"noindex","follow":"follow","max-snippet":"max-snippet:-1","max-image-preview":"max-image-preview:large","max-video-preview":"max-video-preview:-1"},"og_locale":"en_US","og_type":"article","og_title":"Czakra Ad\u017a\u0144a - TEST - SMND","og_description":"Czakra Ad\u017a\u0144a Moc przebaczenia Istot\u0105 tej czakry jest przebaczenie. Gdy nie wybaczamy, krzywdzimy samych siebie, wprowadzaj\u0105c to centrum w stan nier\u00f3wnowagi. Przebaczenie to moc uwalniania si\u0119 od gniewu, nienawi\u015bci i urazy, co przed uzyskaniem samorealizacji nie jest \u0142atwe. Kiedy jednak szczerze wypowiadamy s\u0142owa \u201ewybaczam&#8221;, nasza Kundalini mo\u017ce przenikn\u0105\u0107 przez to centrum i wprowadzi\u0107 nasz\u0105 uwag\u0119&hellip; Read more","og_url":"https:\/\/shrimataji.org\/test\/pl\/czakra-adzna\/","og_site_name":"TEST - SMND","article_publisher":"https:\/\/www.facebook.com\/shrimataji","article_modified_time":"2026-04-20T17:11:20+00:00","og_image":[{"width":2560,"height":905,"url":"https:\/\/shrimataji.org\/test\/wp-content\/uploads\/2023\/03\/21_Banner-SY-Chakra-agnya-scaled.jpg","type":"image\/jpeg"}],"twitter_card":"summary_large_image","twitter_site":"@shrimataji","twitter_misc":{"Est. reading time":"3 minutes"},"schema":{"@context":"https:\/\/schema.org","@graph":[{"@type":"WebPage","@id":"https:\/\/shrimataji.org\/test\/pl\/czakra-adzna\/","url":"https:\/\/shrimataji.org\/test\/pl\/czakra-adzna\/","name":"Czakra Ad\u017a\u0144a - TEST - SMND","isPartOf":{"@id":"https:\/\/shrimataji.org\/test\/#website"},"primaryImageOfPage":{"@id":"https:\/\/shrimataji.org\/test\/pl\/czakra-adzna\/#primaryimage"},"image":{"@id":"https:\/\/shrimataji.org\/test\/pl\/czakra-adzna\/#primaryimage"},"thumbnailUrl":"https:\/\/shrimataji.org\/test\/wp-content\/uploads\/2023\/03\/21_Banner-SY-Chakra-agnya-scaled.jpg","datePublished":"2022-03-05T07:57:08+00:00","dateModified":"2026-04-20T17:11:20+00:00","breadcrumb":{"@id":"https:\/\/shrimataji.org\/test\/pl\/czakra-adzna\/#breadcrumb"},"inLanguage":"en-US","potentialAction":[{"@type":"ReadAction","target":["https:\/\/shrimataji.org\/test\/pl\/czakra-adzna\/"]}]},{"@type":"ImageObject","inLanguage":"en-US","@id":"https:\/\/shrimataji.org\/test\/pl\/czakra-adzna\/#primaryimage","url":"https:\/\/shrimataji.org\/test\/wp-content\/uploads\/2023\/03\/21_Banner-SY-Chakra-agnya-scaled.jpg","contentUrl":"https:\/\/shrimataji.org\/test\/wp-content\/uploads\/2023\/03\/21_Banner-SY-Chakra-agnya-scaled.jpg","width":2560,"height":905},{"@type":"BreadcrumbList","@id":"https:\/\/shrimataji.org\/test\/pl\/czakra-adzna\/#breadcrumb","itemListElement":[{"@type":"ListItem","position":1,"name":"Home","item":"https:\/\/shrimataji.org\/test\/uk\/home-en\/"},{"@type":"ListItem","position":2,"name":"Czakra Ad\u017a\u0144a"}]},{"@type":"WebSite","@id":"https:\/\/shrimataji.org\/test\/#website","url":"https:\/\/shrimataji.org\/test\/","name":"Shri Mataji Nirmala Devi","description":"A Life Dedicated to Humanity","publisher":{"@id":"https:\/\/shrimataji.org\/test\/#\/schema\/person\/a1b3419c6585f164aa96da1ff85715d1"},"potentialAction":[{"@type":"SearchAction","target":{"@type":"EntryPoint","urlTemplate":"https:\/\/shrimataji.org\/test\/?s={search_term_string}"},"query-input":{"@type":"PropertyValueSpecification","valueRequired":true,"valueName":"search_term_string"}}],"inLanguage":"en-US"},{"@type":["Person","Organization"],"@id":"https:\/\/shrimataji.org\/test\/#\/schema\/person\/a1b3419c6585f164aa96da1ff85715d1","name":"Nirmala Shrivastava","image":{"@type":"ImageObject","inLanguage":"en-US","@id":"https:\/\/shrimataji.org\/test\/wp-content\/uploads\/2023\/02\/SMO_LOGO-03.svg","url":"https:\/\/shrimataji.org\/test\/wp-content\/uploads\/2023\/02\/SMO_LOGO-03.svg","contentUrl":"https:\/\/shrimataji.org\/test\/wp-content\/uploads\/2023\/02\/SMO_LOGO-03.svg","width":"1024","height":"1024","caption":"Nirmala Shrivastava"},"logo":{"@id":"https:\/\/shrimataji.org\/test\/wp-content\/uploads\/2023\/02\/SMO_LOGO-03.svg"},"sameAs":["https:\/\/shrimataji.org\/test","https:\/\/www.facebook.com\/shrimataji","https:\/\/x.com\/shrimataji","https:\/\/www.youtube.com\/@Shri_Mataji_Nirmala_Devi\/featured"]}]}},"lang":"pl","translations":{"pl":37918,"ur":37387,"en":6497,"am":17958,"th":19882,"hu":19433,"sq":18359,"zh":17256,"hi":7347,"tr":10131,"pt":10348,"de":10621,"fr":10719,"it":10817,"es":10915,"ja":11212,"ru":11400,"bn":11592,"te":11700,"sw":11823,"he":11971,"el":12262,"sk":12360,"fa":12458,"fi":12556,"bg":13366,"ro":14440,"cs":14633,"nl":16519,"ku":16679,"ar":16855,"be":18566,"kn":18840,"mr":20246,"uk":20538,"ml":20837,"ta":22674,"sv":22947,"gu":28795,"pa":28953,"fil":29393,"da":37701,"nn":38253},"pll_sync_post":[],"_links":{"self":[{"href":"https:\/\/shrimataji.org\/test\/wp-json\/wp\/v2\/pages\/37918","targetHints":{"allow":["GET"]}}],"collection":[{"href":"https:\/\/shrimataji.org\/test\/wp-json\/wp\/v2\/pages"}],"about":[{"href":"https:\/\/shrimataji.org\/test\/wp-json\/wp\/v2\/types\/page"}],"author":[{"embeddable":true,"href":"https:\/\/shrimataji.org\/test\/wp-json\/wp\/v2\/users\/1"}],"replies":[{"embeddable":true,"href":"https:\/\/shrimataji.org\/test\/wp-json\/wp\/v2\/comments?post=37918"}],"version-history":[{"count":0,"href":"https:\/\/shrimataji.org\/test\/wp-json\/wp\/v2\/pages\/37918\/revisions"}],"wp:featuredmedia":[{"embeddable":true,"href":"https:\/\/shrimataji.org\/test\/wp-json\/wp\/v2\/media\/37919"}],"wp:attachment":[{"href":"https:\/\/shrimataji.org\/test\/wp-json\/wp\/v2\/media?parent=37918"}],"curies":[{"name":"wp","href":"https:\/\/api.w.org\/{rel}","templated":true}]}}