{"id":37920,"date":"2022-03-05T07:42:03","date_gmt":"2022-03-05T07:42:03","guid":{"rendered":"https:\/\/test.shrimataji.org\/?page_id=6490"},"modified":"2026-04-20T17:13:18","modified_gmt":"2026-04-20T17:13:18","slug":"czakra-anahata","status":"publish","type":"page","link":"https:\/\/shrimataji.org\/test\/pl\/czakra-anahata\/","title":{"rendered":"Czakra Anahata"},"content":{"rendered":"\n\n\t<h1>Czakra Anahata<\/h1>\n<h2>Bezwarunkowa mi\u0142o\u015b\u0107 i nieustraszono\u015b\u0107<\/h2>\n<h4>Odwieczny, wszechprzenikaj\u0105cy Duch (Atma) po raz pierwszy wnika do m\u00f3zgu na wczesnym etapie formowania si\u0119 ludzkiego p\u0142odu. \u015ari Matad\u017ai opisuje ten moment jako pierwsze uderzenie serca, kt\u00f3re wyzwala w nas si\u0142\u0119 \u017cyciow\u0105 i uruchamia proces, w kt\u00f3rym <a href=\"https:\/\/shrimataji.org\/test\/pl\/kundalini\/\" target=\"_blank\" rel=\"noopener\">Kundalini<\/a> splata nasze cia\u0142o subtelne z rozwijaj\u0105cym si\u0119 cia\u0142em fizycznym. To pulsuj\u0105ce serce, kt\u00f3re pocz\u0105tkowo kszta\u0142tuje si\u0119 w pobli\u017cu g\u0142owy p\u0142odu, w miar\u0119 rozwoju cia\u0142a przesuwa si\u0119 w d\u00f3\u0142, do klatki piersiowej. Pozostaje tam wiecznie czyste, nienaruszone przez \u017cadne \u017cyciowe wydarzenia &#8211; niczym \u015bwiadek obserwuj\u0105cy gr\u0119 \u017cycia.<\/h4>\n<p>Kiedy Kundalini o\u015bwieca to centrum, do\u015bwiadczamy czystej, bezwarunkowej mi\u0142o\u015bci, kt\u00f3ra jest prawdziw\u0105 natur\u0105 naszego Ducha. Rozwijamy w sobie zdrowy dystans do spraw ziemskich, gdy nasza \u015bwiadomo\u015b\u0107 uwalnia si\u0119 od iluzji, w kt\u00f3re jeste\u015bmy uwik\u0142ani na poziomie Pustki (otaczaj\u0105cej trzecie centrum). Wolni od z\u0142udze\u0144, stajemy si\u0119 ca\u0142kowicie nieustraszeni.<\/p>\n<p>To w\u0142a\u015bnie z czystego serca wyp\u0142ywa wsp\u00f3\u0142czucie i mi\u0142o\u015b\u0107; czakra serca daje nam r\u00f3wnie\u017c poczucie odpowiedzialno\u015bci oraz sk\u0142ania do \u017cyczliwo\u015bci wobec innych. Zapewnia nam ona poczucie ca\u0142kowitego bezpiecze\u0144stwa i pewno\u015bci siebie. Osobowo\u015b\u0107 o silnym sercu jest dynamiczna, ma jasn\u0105 wizj\u0119 i cel w \u017cyciu. Klasycznym przyk\u0142adem jest Mahatma Gandhi, kt\u00f3rego bezinteresowny wysi\u0142ek przyczyni\u0142 si\u0119 do odzyskania niepodleg\u0142o\u015bci przez Indie.<\/p>\n\t\t<iframe loading=\"lazy\" title=\"Anahata Chakra\" width=\"1920\" height=\"1080\" src=\"https:\/\/www.youtube.com\/embed\/Hj3SNT9-pfk?feature=oembed\" frameborder=\"0\" allow=\"accelerometer; autoplay; clipboard-write; encrypted-media; gyroscope; picture-in-picture; web-share\" allowfullscreen><\/iframe>\t\n\t<strong>Lokalizacja:<\/strong><br \/>\nCzakra Anahata znajduje si\u0119 w kr\u0119gos\u0142upie, mniej wi\u0119cej na wysoko\u015bci klatki piersiowej, za mostkiem. O\u015brodek ten reguluje funkcjonowanie splotu sercowego. Wibracje czakry Anahata mo\u017cna odczu\u0107 na ma\u0142ych palcach obu d\u0142oni.\n<strong>Kolor<\/strong>:<strong><br \/>\n<\/strong>Czakr\u0119 Anahata reprezentuje kolor czerwony. Jest ona powi\u0105zana z \u017cywio\u0142em powietrza.\n<strong>Cechy czakry Anahata:<\/strong><br \/>\n\u2022 Bezwarunkowa mi\u0142o\u015b\u0107<br \/>\n\u2022 Bezwarunkowe wsp\u00f3\u0142czucie<br \/>\n\u2022 Pe\u0142ne godno\u015bci zachowanie<br \/>\n\u2022 Prawda<br \/>\n\u2022 Rado\u015b\u0107<br \/>\n\u2022 Pewno\u015b\u0107 siebie<br \/>\n\u2022 Brak l\u0119ku i poczucie bezpiecze\u0144stwa<br \/>\n\u2022 Pozytywne relacje z ojcem i matk\u0105\n<figure itemscope itemtype=\"https:\/\/schema.org\/ImageObject\">\n\t\t\t\t<img decoding=\"async\" src=\"https:\/\/shrimataji.org\/test\/wp-content\/uploads\/2023\/02\/4-Anahata-01.png\" alt=\"4-Anahata-01\" height=\"3426\" width=\"3214\" title=\"4-Anahata-01\" onerror=\"this.style.display='none'\" loading=\"lazy\" \/>\n\t<\/figure>\n\t<p>Podstawow\u0105 cech\u0105 czakry Anahata jest bezwarunkowa mi\u0142o\u015b\u0107. Jej aktywacja po samorealizacji pozwala nam czu\u0107 si\u0119 pewnie, by\u0107 odpowiedzialnymi moralnie i stabilnymi emocjonalnie. Kiedy cechy tego subtelnego centrum rozkwitaj\u0105 w naszej \u015bwiadomo\u015bci, do\u015bwiadczamy czystej rado\u015bci istnienia. Odkrywamy prawdziwy cel \u017cycia i nieustannie d\u0105\u017cymy do osi\u0105gni\u0119cia wy\u017cszych stan\u00f3w duchowej \u015bwiadomo\u015bci.<\/p>\n<strong>Do\u015bwiadczenie i korzy\u015bci:<\/strong><br \/>\nNajwa\u017cniejsz\u0105 fizjologiczn\u0105 funkcj\u0105 czakry Anahata jest regulacja pracy serca i p\u0142uc. Organy te odpowiadaj\u0105 za zdrowie uk\u0142adu kr\u0105\u017cenia i oddechowego, dlatego ich prawid\u0142owe funkcjonowanie jest absolutnie kluczowe. Czakra Anahata kontroluje r\u00f3wnie\u017c piersi oraz grasic\u0119 &#8211; ma\u0142y gruczo\u0142 znajduj\u0105cy si\u0119 za g\u00f3rn\u0105 cz\u0119\u015bci\u0105 mostka, kt\u00f3ry odgrywa istotn\u0105 rol\u0119 w dzia\u0142aniu uk\u0142adu odporno\u015bciowego.\n<p>Czasami mylimy mi\u0142o\u015b\u0107 i wsp\u00f3\u0142czucie z mniej szlachetnymi uczuciami, takimi jak ch\u0119\u0107 posiadania czy egoizm. Poniewa\u017c Sahad\u017aa Joga nape\u0142nia Twoje serce bosk\u0105 energi\u0105, b\u0119dziesz w stanie dostrzec t\u0119 r\u00f3\u017cnic\u0119. Staniesz si\u0119 bardziej wra\u017cliwy na potrzeby innych i nauczysz si\u0119 kocha\u0107 czysto, bez interesowno\u015bci.<\/p>\n<p>Podobnie jak w przypadku innych czakr, stres dnia codziennego mo\u017ce prowadzi\u0107 do blokad i braku r\u00f3wnowagi. Nadmierne my\u015blenie i planowanie, niepewno\u015b\u0107 oraz l\u0119k &#8211; wszystko to os\u0142abia czakr\u0119 Anahata. Jednak dzi\u0119ki wzmocnieniu jej poprzez medytacj\u0119 odzyskasz r\u00f3wnowag\u0119. Poczujesz si\u0119 pewnie, bezpiecznie i staniesz si\u0119 odporny na negatywne wp\u0142ywy. Gdy czakra serca jest silna, mo\u017cesz w pe\u0142ni cieszy\u0107 si\u0119 rado\u015bci\u0105 \u017cycia.<\/p>\n<p>Je\u015bli Twoje relacje z matk\u0105 lub ojcem by\u0142y trudne, silna czakra Anahata mo\u017ce pom\u00f3c w ich uzdrowieniu. Nauczysz si\u0119 wyznacza\u0107 zdrowe granice we w\u0142asnym zachowaniu i szanowa\u0107 granice innych, co prze\u0142o\u017cy si\u0119 na popraw\u0119 wszystkich Twoich relacji.<\/p>\n<strong>Samoocena:<\/strong><br \/>\nJe\u015bli Twoja czakra Anahata jest zablokowana lub niezr\u00f3wnowa\u017cona, mo\u017cesz odczuwa\u0107 ko\u0142atanie serca, cierpie\u0107 na astm\u0119 lub mie\u0107 os\u0142abiony uk\u0142ad odporno\u015bciowy. W skrajnych przypadkach mog\u0105 wyst\u0105pi\u0107 powa\u017cne schorzenia serca, p\u0142uc czy rak piersi. Zr\u00f3wnowa\u017cenie tej czakry jest jednak proste i pomaga zapobiega\u0107 zar\u00f3wno tym powa\u017cnym chorobom, jak i \u0142agodniejszym dolegliwo\u015bciom.\n<p><strong>Przyczyny braku r\u00f3wnowagi:<\/strong><\/p>\n<ul>\n<li>Strach.<\/li>\n<li>Nadmierna odpowiedzialno\u015b\u0107 lub jej brak.<\/li>\n<li>Skupianie si\u0119 wy\u0142\u0105cznie na w\u0142asnym interesie.<\/li>\n<\/ul>\n<strong>Jak przywr\u00f3ci\u0107 r\u00f3wnowag\u0119:<\/strong><br \/>\nAby zr\u00f3wnowa\u017cy\u0107 czakr\u0119 Anahata, oddychaj g\u0142\u0119boko i powoli przez kilkana\u015bcie sekund. Poczujesz, jak z ka\u017cdym wdechem i wydechem Twoje cia\u0142o si\u0119 rozlu\u017ania. We\u017a g\u0142\u0119boki wdech, zatrzymaj powietrze na kilka sekund, a nast\u0119pnie wykonaj powolny, p\u0142ynny wydech. Powt\u00f3rz to \u0107wiczenie kilka razy.\n<p>Aby przywr\u00f3ci\u0107 r\u00f3wnowag\u0119 w prawej, \u015brodkowej i lewej cz\u0119\u015bci Anahaty, mo\u017cesz r\u00f3wnie\u017c zastosowa\u0107 nast\u0119puj\u0105c\u0105 metod\u0119: umie\u015b\u0107 praw\u0105 d\u0142o\u0144 kilka centymetr\u00f3w od czakry serca, skierowan\u0105 wn\u0119trzem do cia\u0142a. Gdy poczujesz przep\u0142yw energii, wykonuj d\u0142oni\u0105 koliste ruchy wok\u00f3\u0142 czakry zgodnie z ruchem wskaz\u00f3wek zegara. Powt\u00f3rz ten ruch kilkakrotnie.<\/p>\n<p>Lew\u0105 czakr\u0119 Anahata mo\u017cesz wzmocni\u0107, k\u0142ad\u0105c praw\u0105 r\u0119k\u0119 na sercu podczas medytacji. Wypowiedz kilkakrotnie z pe\u0142nym przekonaniem s\u0142owa: \u201eJestem jedno\u015bci\u0105 ze swoim Duchem&#8221;. Poczuj te s\u0142owa g\u0142\u0119boko w swoim sercu.<\/p>\n\n","protected":false},"excerpt":{"rendered":"<p>Czakra Anahata Bezwarunkowa mi\u0142o\u015b\u0107 i nieustraszono\u015b\u0107 Odwieczny, wszechprzenikaj\u0105cy Duch (Atma) po raz pierwszy wnika do m\u00f3zgu na wczesnym etapie formowania si\u0119 ludzkiego p\u0142odu. \u015ari Matad\u017ai opisuje ten moment jako pierwsze uderzenie serca, kt\u00f3re wyzwala w nas si\u0142\u0119 \u017cyciow\u0105 i uruchamia proces, w kt\u00f3rym Kundalini splata nasze cia\u0142o subtelne z rozwijaj\u0105cym si\u0119 cia\u0142em fizycznym. To pulsuj\u0105ce&hellip; <br \/> <a class=\"read-more\" href=\"https:\/\/shrimataji.org\/test\/pl\/czakra-anahata\/\">Read more<\/a><\/p>\n","protected":false},"author":1,"featured_media":37921,"parent":0,"menu_order":0,"comment_status":"closed","ping_status":"closed","template":"","meta":{"inline_featured_image":false,"footnotes":""},"class_list":["post-37920","page","type-page","status-publish","has-post-thumbnail","hentry"],"yoast_head":"<!-- This site is optimized with the Yoast SEO plugin v27.4 - https:\/\/yoast.com\/product\/yoast-seo-wordpress\/ -->\n<title>Czakra Anahata - TEST - SMND<\/title>\n<meta name=\"robots\" content=\"noindex, follow, max-snippet:-1, max-image-preview:large, max-video-preview:-1\" \/>\n<meta property=\"og:locale\" content=\"en_US\" \/>\n<meta property=\"og:type\" content=\"article\" \/>\n<meta property=\"og:title\" content=\"Czakra Anahata - TEST - SMND\" \/>\n<meta property=\"og:description\" content=\"Czakra Anahata Bezwarunkowa mi\u0142o\u015b\u0107 i nieustraszono\u015b\u0107 Odwieczny, wszechprzenikaj\u0105cy Duch (Atma) po raz pierwszy wnika do m\u00f3zgu na wczesnym etapie formowania si\u0119 ludzkiego p\u0142odu. \u015ari Matad\u017ai opisuje ten moment jako pierwsze uderzenie serca, kt\u00f3re wyzwala w nas si\u0142\u0119 \u017cyciow\u0105 i uruchamia proces, w kt\u00f3rym Kundalini splata nasze cia\u0142o subtelne z rozwijaj\u0105cym si\u0119 cia\u0142em fizycznym. To pulsuj\u0105ce&hellip; Read more\" \/>\n<meta property=\"og:url\" content=\"https:\/\/shrimataji.org\/test\/pl\/czakra-anahata\/\" \/>\n<meta property=\"og:site_name\" content=\"TEST - SMND\" \/>\n<meta property=\"article:publisher\" content=\"https:\/\/www.facebook.com\/shrimataji\" \/>\n<meta property=\"article:modified_time\" content=\"2026-04-20T17:13:18+00:00\" \/>\n<meta property=\"og:image\" content=\"https:\/\/shrimataji.org\/test\/wp-content\/uploads\/2023\/03\/19_Banner-SY-Chakra-anahat-scaled.jpg\" \/>\n\t<meta property=\"og:image:width\" content=\"2560\" \/>\n\t<meta property=\"og:image:height\" content=\"905\" \/>\n\t<meta property=\"og:image:type\" content=\"image\/jpeg\" \/>\n<meta name=\"twitter:card\" content=\"summary_large_image\" \/>\n<meta name=\"twitter:site\" content=\"@shrimataji\" \/>\n<meta name=\"twitter:label1\" content=\"Est. reading time\" \/>\n\t<meta name=\"twitter:data1\" content=\"4 minutes\" \/>\n<script type=\"application\/ld+json\" class=\"yoast-schema-graph\">{\"@context\":\"https:\\\/\\\/schema.org\",\"@graph\":[{\"@type\":\"WebPage\",\"@id\":\"https:\\\/\\\/shrimataji.org\\\/test\\\/pl\\\/czakra-anahata\\\/\",\"url\":\"https:\\\/\\\/shrimataji.org\\\/test\\\/pl\\\/czakra-anahata\\\/\",\"name\":\"Czakra Anahata - TEST - SMND\",\"isPartOf\":{\"@id\":\"https:\\\/\\\/shrimataji.org\\\/test\\\/#website\"},\"primaryImageOfPage\":{\"@id\":\"https:\\\/\\\/shrimataji.org\\\/test\\\/pl\\\/czakra-anahata\\\/#primaryimage\"},\"image\":{\"@id\":\"https:\\\/\\\/shrimataji.org\\\/test\\\/pl\\\/czakra-anahata\\\/#primaryimage\"},\"thumbnailUrl\":\"https:\\\/\\\/shrimataji.org\\\/test\\\/wp-content\\\/uploads\\\/2023\\\/03\\\/19_Banner-SY-Chakra-anahat-scaled.jpg\",\"datePublished\":\"2022-03-05T07:42:03+00:00\",\"dateModified\":\"2026-04-20T17:13:18+00:00\",\"breadcrumb\":{\"@id\":\"https:\\\/\\\/shrimataji.org\\\/test\\\/pl\\\/czakra-anahata\\\/#breadcrumb\"},\"inLanguage\":\"en-US\",\"potentialAction\":[{\"@type\":\"ReadAction\",\"target\":[\"https:\\\/\\\/shrimataji.org\\\/test\\\/pl\\\/czakra-anahata\\\/\"]}]},{\"@type\":\"ImageObject\",\"inLanguage\":\"en-US\",\"@id\":\"https:\\\/\\\/shrimataji.org\\\/test\\\/pl\\\/czakra-anahata\\\/#primaryimage\",\"url\":\"https:\\\/\\\/shrimataji.org\\\/test\\\/wp-content\\\/uploads\\\/2023\\\/03\\\/19_Banner-SY-Chakra-anahat-scaled.jpg\",\"contentUrl\":\"https:\\\/\\\/shrimataji.org\\\/test\\\/wp-content\\\/uploads\\\/2023\\\/03\\\/19_Banner-SY-Chakra-anahat-scaled.jpg\",\"width\":2560,\"height\":905},{\"@type\":\"BreadcrumbList\",\"@id\":\"https:\\\/\\\/shrimataji.org\\\/test\\\/pl\\\/czakra-anahata\\\/#breadcrumb\",\"itemListElement\":[{\"@type\":\"ListItem\",\"position\":1,\"name\":\"Home\",\"item\":\"https:\\\/\\\/shrimataji.org\\\/test\\\/uk\\\/home-en\\\/\"},{\"@type\":\"ListItem\",\"position\":2,\"name\":\"Czakra Anahata\"}]},{\"@type\":\"WebSite\",\"@id\":\"https:\\\/\\\/shrimataji.org\\\/test\\\/#website\",\"url\":\"https:\\\/\\\/shrimataji.org\\\/test\\\/\",\"name\":\"Shri Mataji Nirmala Devi\",\"description\":\"A Life Dedicated to Humanity\",\"publisher\":{\"@id\":\"https:\\\/\\\/shrimataji.org\\\/test\\\/#\\\/schema\\\/person\\\/a1b3419c6585f164aa96da1ff85715d1\"},\"potentialAction\":[{\"@type\":\"SearchAction\",\"target\":{\"@type\":\"EntryPoint\",\"urlTemplate\":\"https:\\\/\\\/shrimataji.org\\\/test\\\/?s={search_term_string}\"},\"query-input\":{\"@type\":\"PropertyValueSpecification\",\"valueRequired\":true,\"valueName\":\"search_term_string\"}}],\"inLanguage\":\"en-US\"},{\"@type\":[\"Person\",\"Organization\"],\"@id\":\"https:\\\/\\\/shrimataji.org\\\/test\\\/#\\\/schema\\\/person\\\/a1b3419c6585f164aa96da1ff85715d1\",\"name\":\"Nirmala Shrivastava\",\"image\":{\"@type\":\"ImageObject\",\"inLanguage\":\"en-US\",\"@id\":\"https:\\\/\\\/shrimataji.org\\\/test\\\/wp-content\\\/uploads\\\/2023\\\/02\\\/SMO_LOGO-03.svg\",\"url\":\"https:\\\/\\\/shrimataji.org\\\/test\\\/wp-content\\\/uploads\\\/2023\\\/02\\\/SMO_LOGO-03.svg\",\"contentUrl\":\"https:\\\/\\\/shrimataji.org\\\/test\\\/wp-content\\\/uploads\\\/2023\\\/02\\\/SMO_LOGO-03.svg\",\"width\":\"1024\",\"height\":\"1024\",\"caption\":\"Nirmala Shrivastava\"},\"logo\":{\"@id\":\"https:\\\/\\\/shrimataji.org\\\/test\\\/wp-content\\\/uploads\\\/2023\\\/02\\\/SMO_LOGO-03.svg\"},\"sameAs\":[\"https:\\\/\\\/shrimataji.org\\\/test\",\"https:\\\/\\\/www.facebook.com\\\/shrimataji\",\"https:\\\/\\\/x.com\\\/shrimataji\",\"https:\\\/\\\/www.youtube.com\\\/@Shri_Mataji_Nirmala_Devi\\\/featured\"]}]}<\/script>\n<!-- \/ Yoast SEO plugin. -->","yoast_head_json":{"title":"Czakra Anahata - TEST - SMND","robots":{"index":"noindex","follow":"follow","max-snippet":"max-snippet:-1","max-image-preview":"max-image-preview:large","max-video-preview":"max-video-preview:-1"},"og_locale":"en_US","og_type":"article","og_title":"Czakra Anahata - TEST - SMND","og_description":"Czakra Anahata Bezwarunkowa mi\u0142o\u015b\u0107 i nieustraszono\u015b\u0107 Odwieczny, wszechprzenikaj\u0105cy Duch (Atma) po raz pierwszy wnika do m\u00f3zgu na wczesnym etapie formowania si\u0119 ludzkiego p\u0142odu. \u015ari Matad\u017ai opisuje ten moment jako pierwsze uderzenie serca, kt\u00f3re wyzwala w nas si\u0142\u0119 \u017cyciow\u0105 i uruchamia proces, w kt\u00f3rym Kundalini splata nasze cia\u0142o subtelne z rozwijaj\u0105cym si\u0119 cia\u0142em fizycznym. To pulsuj\u0105ce&hellip; Read more","og_url":"https:\/\/shrimataji.org\/test\/pl\/czakra-anahata\/","og_site_name":"TEST - SMND","article_publisher":"https:\/\/www.facebook.com\/shrimataji","article_modified_time":"2026-04-20T17:13:18+00:00","og_image":[{"width":2560,"height":905,"url":"https:\/\/shrimataji.org\/test\/wp-content\/uploads\/2023\/03\/19_Banner-SY-Chakra-anahat-scaled.jpg","type":"image\/jpeg"}],"twitter_card":"summary_large_image","twitter_site":"@shrimataji","twitter_misc":{"Est. reading time":"4 minutes"},"schema":{"@context":"https:\/\/schema.org","@graph":[{"@type":"WebPage","@id":"https:\/\/shrimataji.org\/test\/pl\/czakra-anahata\/","url":"https:\/\/shrimataji.org\/test\/pl\/czakra-anahata\/","name":"Czakra Anahata - TEST - SMND","isPartOf":{"@id":"https:\/\/shrimataji.org\/test\/#website"},"primaryImageOfPage":{"@id":"https:\/\/shrimataji.org\/test\/pl\/czakra-anahata\/#primaryimage"},"image":{"@id":"https:\/\/shrimataji.org\/test\/pl\/czakra-anahata\/#primaryimage"},"thumbnailUrl":"https:\/\/shrimataji.org\/test\/wp-content\/uploads\/2023\/03\/19_Banner-SY-Chakra-anahat-scaled.jpg","datePublished":"2022-03-05T07:42:03+00:00","dateModified":"2026-04-20T17:13:18+00:00","breadcrumb":{"@id":"https:\/\/shrimataji.org\/test\/pl\/czakra-anahata\/#breadcrumb"},"inLanguage":"en-US","potentialAction":[{"@type":"ReadAction","target":["https:\/\/shrimataji.org\/test\/pl\/czakra-anahata\/"]}]},{"@type":"ImageObject","inLanguage":"en-US","@id":"https:\/\/shrimataji.org\/test\/pl\/czakra-anahata\/#primaryimage","url":"https:\/\/shrimataji.org\/test\/wp-content\/uploads\/2023\/03\/19_Banner-SY-Chakra-anahat-scaled.jpg","contentUrl":"https:\/\/shrimataji.org\/test\/wp-content\/uploads\/2023\/03\/19_Banner-SY-Chakra-anahat-scaled.jpg","width":2560,"height":905},{"@type":"BreadcrumbList","@id":"https:\/\/shrimataji.org\/test\/pl\/czakra-anahata\/#breadcrumb","itemListElement":[{"@type":"ListItem","position":1,"name":"Home","item":"https:\/\/shrimataji.org\/test\/uk\/home-en\/"},{"@type":"ListItem","position":2,"name":"Czakra Anahata"}]},{"@type":"WebSite","@id":"https:\/\/shrimataji.org\/test\/#website","url":"https:\/\/shrimataji.org\/test\/","name":"Shri Mataji Nirmala Devi","description":"A Life Dedicated to Humanity","publisher":{"@id":"https:\/\/shrimataji.org\/test\/#\/schema\/person\/a1b3419c6585f164aa96da1ff85715d1"},"potentialAction":[{"@type":"SearchAction","target":{"@type":"EntryPoint","urlTemplate":"https:\/\/shrimataji.org\/test\/?s={search_term_string}"},"query-input":{"@type":"PropertyValueSpecification","valueRequired":true,"valueName":"search_term_string"}}],"inLanguage":"en-US"},{"@type":["Person","Organization"],"@id":"https:\/\/shrimataji.org\/test\/#\/schema\/person\/a1b3419c6585f164aa96da1ff85715d1","name":"Nirmala Shrivastava","image":{"@type":"ImageObject","inLanguage":"en-US","@id":"https:\/\/shrimataji.org\/test\/wp-content\/uploads\/2023\/02\/SMO_LOGO-03.svg","url":"https:\/\/shrimataji.org\/test\/wp-content\/uploads\/2023\/02\/SMO_LOGO-03.svg","contentUrl":"https:\/\/shrimataji.org\/test\/wp-content\/uploads\/2023\/02\/SMO_LOGO-03.svg","width":"1024","height":"1024","caption":"Nirmala Shrivastava"},"logo":{"@id":"https:\/\/shrimataji.org\/test\/wp-content\/uploads\/2023\/02\/SMO_LOGO-03.svg"},"sameAs":["https:\/\/shrimataji.org\/test","https:\/\/www.facebook.com\/shrimataji","https:\/\/x.com\/shrimataji","https:\/\/www.youtube.com\/@Shri_Mataji_Nirmala_Devi\/featured"]}]}},"lang":"pl","translations":{"pl":37920,"ur":37389,"en":6490,"am":17960,"th":19885,"hu":19435,"sq":18361,"zh":17258,"hi":8331,"tr":10132,"pt":10349,"de":10622,"fr":10720,"it":10818,"es":10916,"ja":11213,"ru":11401,"bn":11593,"te":11701,"sw":11824,"he":11972,"el":12263,"sk":12361,"fa":12459,"fi":12557,"bg":13370,"ro":14444,"cs":14637,"nl":16521,"ku":16681,"ar":16857,"be":18568,"kn":18842,"mr":20249,"uk":20541,"ml":20840,"ta":22676,"sv":22949,"gu":28797,"pa":28955,"fil":29395,"da":37703,"nn":38255},"pll_sync_post":[],"_links":{"self":[{"href":"https:\/\/shrimataji.org\/test\/wp-json\/wp\/v2\/pages\/37920","targetHints":{"allow":["GET"]}}],"collection":[{"href":"https:\/\/shrimataji.org\/test\/wp-json\/wp\/v2\/pages"}],"about":[{"href":"https:\/\/shrimataji.org\/test\/wp-json\/wp\/v2\/types\/page"}],"author":[{"embeddable":true,"href":"https:\/\/shrimataji.org\/test\/wp-json\/wp\/v2\/users\/1"}],"replies":[{"embeddable":true,"href":"https:\/\/shrimataji.org\/test\/wp-json\/wp\/v2\/comments?post=37920"}],"version-history":[{"count":0,"href":"https:\/\/shrimataji.org\/test\/wp-json\/wp\/v2\/pages\/37920\/revisions"}],"wp:featuredmedia":[{"embeddable":true,"href":"https:\/\/shrimataji.org\/test\/wp-json\/wp\/v2\/media\/37921"}],"wp:attachment":[{"href":"https:\/\/shrimataji.org\/test\/wp-json\/wp\/v2\/media?parent=37920"}],"curies":[{"name":"wp","href":"https:\/\/api.w.org\/{rel}","templated":true}]}}