{"id":37925,"date":"2022-01-29T10:07:35","date_gmt":"2022-01-29T10:07:35","guid":{"rendered":"https:\/\/test.shrimataji.org\/?page_id=6397"},"modified":"2026-04-22T11:05:18","modified_gmt":"2026-04-22T11:05:18","slug":"atma","status":"publish","type":"page","link":"https:\/\/shrimataji.org\/test\/pl\/atma\/","title":{"rendered":"Atma"},"content":{"rendered":"\n\n\t<h1>Atma<\/h1>\n<h2>Nasze Wieczne Ja<\/h2>\n<div class=\"su-quote su-quote-style-default\"><div class=\"su-quote-inner su-u-clearfix su-u-trim\">W ka\u017cdym z nas l\u015bni gwiazda &#8211; jest ni\u0105 nasz Duch.<\/div><\/div>\n\t<h4>Na bardzo wczesnym etapie rozwoju ludzkiego p\u0142odu Atma (sanskryckie s\u0142owo oznaczaj\u0105ce naszego wiecznego Ducha) po raz pierwszy wnika do serca, kt\u00f3re wtedy zaczyna pulsowa\u0107. Biologicznie nasze serce wykszta\u0142ca si\u0119 w pobli\u017cu g\u0142owy zarodka, w obszarze kardiogennym, a wraz z rozwojem cia\u0142a przemieszcza si\u0119 ni\u017cej, do klatki piersiowej. Atma przebywa w sercu jako milcz\u0105cy \u015bwiadek naszego \u017cycia i objawia si\u0119 w naszej \u015bwiadomo\u015bci dopiero dzi\u0119ki samorealizacji. Jest ona odbiciem Pierwotnej Istoty w nas. Atma nie ewoluuje &#8211; jest raczej celem naszej ewolucji; mo\u017cna powiedzie\u0107, \u017ce celem ewolucji ludzkiej \u015bwiadomo\u015bci jest w\u0142a\u015bnie osi\u0105gni\u0119cie stanu Ducha.<\/h4>\n\t<p>Podczas gdy filozofia Zachodu skupia si\u0119 na indywidualizmie oraz rozwoju osobowo\u015bci i ego, filozofia Wschodu k\u0142adzie nacisk na kolektywizm i d\u0105\u017cy do skierowania uwagi jednostki do wewn\u0105trz &#8211; ku naszemu zbiorowemu bytowi, czyli wszechobecnemu Duchowi.<\/p>\n<figure itemscope itemtype=\"https:\/\/schema.org\/ImageObject\">\n\t\t\t\t<img decoding=\"async\" src=\"https:\/\/shrimataji.org\/test\/wp-content\/uploads\/2023\/02\/4a-Atma-01.png\" alt=\"4a-Atma-01\" height=\"3426\" width=\"3214\" title=\"4a-Atma-01\" onerror=\"this.style.display='none'\" loading=\"lazy\" \/>\n\t<\/figure>\n\t<p>\u015ari Matad\u017ai opisuje, jak przeci\u0119cie p\u0119powiny w chwili narodzin powoduje oddzielenie naszej \u015bwiadomo\u015bci od absolutnej boskiej \u015bwiadomo\u015bci w subtelnym kanale Suszumna. Na poziomie fizycznym to oddzielenie odpowiada luce pomi\u0119dzy splotem s\u0142onecznym a nerwem b\u0142\u0119dnym w przywsp\u00f3\u0142czulnym uk\u0142adzie nerwowym. Zjawisko to opisuje wiele staro\u017cytnych pism, na przyk\u0142ad jako Pustka w systemie Zen czy Maja (iluzja) w hinduizmie. P\u00f3\u017aniej, w dzieci\u0144stwie, gdy nasze ograniczone ludzkie uto\u017csamienia &#8211; symbolizowane przez ego i superego &#8211; nadymaj\u0105 si\u0119 niczym balony pokrywaj\u0105ce lew\u0105 i praw\u0105 p\u00f3\u0142kul\u0119 m\u00f3zgu (odpowiadaj\u0105ce zako\u0144czeniom lewego i prawego wsp\u00f3\u0142czulnego uk\u0142adu nerwowego), ca\u0142kowicie izoluj\u0105 one nasz\u0105 \u015bwiadomo\u015b\u0107 jako odr\u0119bn\u0105 jednostk\u0119, w kt\u00f3rej dominuje poczucie \u201eja&#8221; (Aham).<\/p>\n\t<p>W procesie <a href=\"https:\/\/shrimataji.org\/test\/pl\/doswiadcz-swojej-samorealizacji\/\" target=\"_blank\" rel=\"noopener\">samorealizacji<\/a>, gdy Kundalini wznosi si\u0119 do serca, o\u015bwieca ona Atm\u0119, a my zaczynamy odczuwa\u0107 jej przyrodzon\u0105 jako\u015b\u0107 &#8211; czyst\u0105 rado\u015b\u0107 istnienia. Kiedy <a href=\"https:\/\/shrimataji.org\/test\/pl\/kundalini\/\" target=\"_blank\" rel=\"noopener\">Kundalini<\/a> w\u0119druje dalej do czakry <a href=\"https:\/\/shrimataji.org\/test\/pl\/czakra-sahasrara\/\" target=\"_blank\" rel=\"noopener\">Sahasrara<\/a>, najwy\u017cszego centrum energii znajduj\u0105cego si\u0119 w obszarze ciemi\u0105czka na czubku g\u0142owy, nasza indywidualna Atma \u0142\u0105czy si\u0119 z wszechprzenikaj\u0105c\u0105, uniwersaln\u0105 moc\u0105. Zostajemy w\u00f3wczas nasyceni b\u0142ogo\u015bci\u0105 p\u0142yn\u0105c\u0105 z jedno\u015bci ze sob\u0105 oraz z moc\u0105 przenikaj\u0105c\u0105 wszech\u015bwiat. Nawet najmniejszy przeb\u0142ysk tej rado\u015bci (kt\u00f3ry mo\u017cemy poczu\u0107, gdy cho\u0107 kilka pasm Kundalini wzniesie si\u0119 ponad g\u0142ow\u0119) mo\u017ce sta\u0107 si\u0119 gwiazd\u0105 przewodni\u0105 w naszej duchowej podr\u00f3\u017cy. Raz poczuwszy t\u0119 rado\u015b\u0107, nie chcemy jej utraci\u0107, wi\u0119c naturalnie zaczynamy unika\u0107 postaw i zachowa\u0144, kt\u00f3re mog\u0142yby zaszkodzi\u0107 jej trwa\u0142o\u015bci i rozwojowi. Dlatego w Sahad\u017aa Jodze jest bardzo ma\u0142o zasad i nie ma jako takich dogmat\u00f3w.<\/p>\n<figure itemscope itemtype=\"https:\/\/schema.org\/ImageObject\">\n\t\t\t\t<img decoding=\"async\" src=\"https:\/\/shrimataji.org\/test\/wp-content\/uploads\/2023\/02\/GISELE_MOURA_HAF_10DEZ2022__14-scaled.jpg\" alt=\"GISELE_MOURA_HAF_10DEZ2022__14\" height=\"1918\" width=\"2560\" title=\"GISELE_MOURA_HAF_10DEZ2022__14\" onerror=\"this.style.display='none'\" loading=\"lazy\" \/>\n\t<\/figure>\n\t<div class=\"su-quote su-quote-style-default\"><div class=\"su-quote-inner su-u-clearfix su-u-trim\">Musimy zatem wiedzie\u0107, \u017ce jeste\u015bmy pokojem, poniewa\u017c Duch jest jego \u017ar\u00f3d\u0142em. Gdy stajesz si\u0119 Duchem, przenika On do Twojej uwagi, a Ty stajesz si\u0119 osob\u0105 pe\u0142n\u0105 spokoju. Mo\u017cna to por\u00f3wna\u0107 do ko\u0142a: je\u015bli jeste\u015b na jego obrze\u017cach, nieustannie si\u0119 poruszasz, ale w samym centrum ko\u0142a panuje absolutna cisza. Gdy \u201ewskoczysz&#8221; do swojego centrum, b\u0119dziesz m\u00f3g\u0142 obserwowa\u0107 ca\u0142y ruch ko\u0142a, pozostaj\u0105c ca\u0142kowicie niewzruszonym. Wtedy przekonasz si\u0119, \u017ce wszelkie problemy s\u0105 w rzeczywisto\u015bci \u0142atwe do rozwi\u0105zania.<\/div><\/div>\n\t\t<img decoding=\"async\" data-spai-excluded=\"true\" loading=\"lazy\"  alt=\"YouTube player\"  src=\"https:\/\/i.ytimg.com\/vi\/8-7C4nLmAI4\/maxresdefault.jpg\"  \/><button aria-label=\"Play\"><\/button><meta itemprop=\"embedUrl\" content=\"https:\/\/www.youtube.com\/embed\/8-7C4nLmAI4\"\/><meta itemprop=\"name\" content=\"The nature of the Spirit\"\/><meta itemprop=\"description\" content=\"YouTube video\"\/><meta itemprop=\"thumbnailUrl\" content=\"https:\/\/i.ytimg.com\/vi\/8-7C4nLmAI4\/0.jpg\"\/><meta itemprop=\"duration\" content=\"PT1M54S\"\/><meta itemprop=\"uploadDate\" content=\"2022-11-12T03:25:59Z\"\/>\t\n\t<p>Adi \u015aankara\u0107arja, jeden z najs\u0142ynniejszych indyjskich mistrz\u00f3w duchowych, w pi\u0119knych wersetach \u201eAtma Szatakam&#8221; opisuje ten absolutny stan \u015bwiadomo\u015bci zbiorowej, odbijaj\u0105cy si\u0119 w naszym sercu jako wieczna b\u0142ogo\u015b\u0107:<\/p>\n\t<p><em>&#8220;Manobuddhyahamkar Chittani Na Aham<\/em><\/p>\n<p>Nie jestem ani intelektem, ani umys\u0142em, ani ego, ani pami\u0119ci\u0105.<\/p>\n<p>Na cha Shrotr Jihve Na cha ghraan Netre<\/p>\n<p><em>Nie jestem ani uchem, ani j\u0119zykiem, ani nosem, ani oczami.<\/em><\/p>\n<p>Na cha vyom Bhumir Na Tejo Na Vayu<\/p>\n<p>Nie jestem ani niebem, ani ziemi\u0105, ani ogniem, ani powietrzem.<\/p>\n<p>Chidanand Rupah Shivoham Shivoham<\/p>\n<p>Jestem czyst\u0105 \u015bwiadomo\u015bci\u0105 i b\u0142ogo\u015bci\u0105. Jestem \u015aiw\u0105, jestem \u015aiw\u0105.&#8221;<\/p>\n\t<div class=\"su-quote su-quote-style-default\"><div class=\"su-quote-inner su-u-clearfix su-u-trim\">Prawd\u0105 jest, \u017ce nie jeste\u015b tym cia\u0142em, nie jeste\u015b intelektem ani emocjami &#8211; jeste\u015b Duchem.<\/div><\/div>\n\n","protected":false},"excerpt":{"rendered":"<p>Atma Nasze Wieczne Ja Na bardzo wczesnym etapie rozwoju ludzkiego p\u0142odu Atma (sanskryckie s\u0142owo oznaczaj\u0105ce naszego wiecznego Ducha) po raz pierwszy wnika do serca, kt\u00f3re wtedy zaczyna pulsowa\u0107. Biologicznie nasze serce wykszta\u0142ca si\u0119 w pobli\u017cu g\u0142owy zarodka, w obszarze kardiogennym, a wraz z rozwojem cia\u0142a przemieszcza si\u0119 ni\u017cej, do klatki piersiowej. Atma przebywa w sercu&hellip; <br \/> <a class=\"read-more\" href=\"https:\/\/shrimataji.org\/test\/pl\/atma\/\">Read more<\/a><\/p>\n","protected":false},"author":1,"featured_media":37926,"parent":0,"menu_order":0,"comment_status":"closed","ping_status":"closed","template":"","meta":{"inline_featured_image":false,"footnotes":""},"class_list":["post-37925","page","type-page","status-publish","has-post-thumbnail","hentry"],"yoast_head":"<!-- This site is optimized with the Yoast SEO plugin v27.4 - https:\/\/yoast.com\/product\/yoast-seo-wordpress\/ -->\n<title>Atma - TEST - SMND<\/title>\n<meta name=\"robots\" content=\"noindex, follow, max-snippet:-1, max-image-preview:large, max-video-preview:-1\" \/>\n<meta property=\"og:locale\" content=\"en_US\" \/>\n<meta property=\"og:type\" content=\"article\" \/>\n<meta property=\"og:title\" content=\"Atma - TEST - SMND\" \/>\n<meta property=\"og:description\" content=\"Atma Nasze Wieczne Ja Na bardzo wczesnym etapie rozwoju ludzkiego p\u0142odu Atma (sanskryckie s\u0142owo oznaczaj\u0105ce naszego wiecznego Ducha) po raz pierwszy wnika do serca, kt\u00f3re wtedy zaczyna pulsowa\u0107. Biologicznie nasze serce wykszta\u0142ca si\u0119 w pobli\u017cu g\u0142owy zarodka, w obszarze kardiogennym, a wraz z rozwojem cia\u0142a przemieszcza si\u0119 ni\u017cej, do klatki piersiowej. Atma przebywa w sercu&hellip; Read more\" \/>\n<meta property=\"og:url\" content=\"https:\/\/shrimataji.org\/test\/pl\/atma\/\" \/>\n<meta property=\"og:site_name\" content=\"TEST - SMND\" \/>\n<meta property=\"article:publisher\" content=\"https:\/\/www.facebook.com\/shrimataji\" \/>\n<meta property=\"article:modified_time\" content=\"2026-04-22T11:05:18+00:00\" \/>\n<meta property=\"og:image\" content=\"https:\/\/shrimataji.org\/test\/wp-content\/uploads\/2023\/03\/8_Banner-SY-Atma-scaled.jpg\" \/>\n\t<meta property=\"og:image:width\" content=\"2560\" \/>\n\t<meta property=\"og:image:height\" content=\"905\" \/>\n\t<meta property=\"og:image:type\" content=\"image\/jpeg\" \/>\n<meta name=\"twitter:card\" content=\"summary_large_image\" \/>\n<meta name=\"twitter:site\" content=\"@shrimataji\" \/>\n<meta name=\"twitter:label1\" content=\"Est. reading time\" \/>\n\t<meta name=\"twitter:data1\" content=\"4 minutes\" \/>\n<script type=\"application\/ld+json\" class=\"yoast-schema-graph\">{\"@context\":\"https:\\\/\\\/schema.org\",\"@graph\":[{\"@type\":\"WebPage\",\"@id\":\"https:\\\/\\\/shrimataji.org\\\/test\\\/pl\\\/atma\\\/\",\"url\":\"https:\\\/\\\/shrimataji.org\\\/test\\\/pl\\\/atma\\\/\",\"name\":\"Atma - TEST - SMND\",\"isPartOf\":{\"@id\":\"https:\\\/\\\/shrimataji.org\\\/test\\\/#website\"},\"primaryImageOfPage\":{\"@id\":\"https:\\\/\\\/shrimataji.org\\\/test\\\/pl\\\/atma\\\/#primaryimage\"},\"image\":{\"@id\":\"https:\\\/\\\/shrimataji.org\\\/test\\\/pl\\\/atma\\\/#primaryimage\"},\"thumbnailUrl\":\"https:\\\/\\\/shrimataji.org\\\/test\\\/wp-content\\\/uploads\\\/2023\\\/03\\\/8_Banner-SY-Atma-scaled.jpg\",\"datePublished\":\"2022-01-29T10:07:35+00:00\",\"dateModified\":\"2026-04-22T11:05:18+00:00\",\"breadcrumb\":{\"@id\":\"https:\\\/\\\/shrimataji.org\\\/test\\\/pl\\\/atma\\\/#breadcrumb\"},\"inLanguage\":\"en-US\",\"potentialAction\":[{\"@type\":\"ReadAction\",\"target\":[\"https:\\\/\\\/shrimataji.org\\\/test\\\/pl\\\/atma\\\/\"]}]},{\"@type\":\"ImageObject\",\"inLanguage\":\"en-US\",\"@id\":\"https:\\\/\\\/shrimataji.org\\\/test\\\/pl\\\/atma\\\/#primaryimage\",\"url\":\"https:\\\/\\\/shrimataji.org\\\/test\\\/wp-content\\\/uploads\\\/2023\\\/03\\\/8_Banner-SY-Atma-scaled.jpg\",\"contentUrl\":\"https:\\\/\\\/shrimataji.org\\\/test\\\/wp-content\\\/uploads\\\/2023\\\/03\\\/8_Banner-SY-Atma-scaled.jpg\",\"width\":2560,\"height\":905},{\"@type\":\"BreadcrumbList\",\"@id\":\"https:\\\/\\\/shrimataji.org\\\/test\\\/pl\\\/atma\\\/#breadcrumb\",\"itemListElement\":[{\"@type\":\"ListItem\",\"position\":1,\"name\":\"Home\",\"item\":\"https:\\\/\\\/shrimataji.org\\\/test\\\/uk\\\/home-en\\\/\"},{\"@type\":\"ListItem\",\"position\":2,\"name\":\"Atma\"}]},{\"@type\":\"WebSite\",\"@id\":\"https:\\\/\\\/shrimataji.org\\\/test\\\/#website\",\"url\":\"https:\\\/\\\/shrimataji.org\\\/test\\\/\",\"name\":\"Shri Mataji Nirmala Devi\",\"description\":\"A Life Dedicated to Humanity\",\"publisher\":{\"@id\":\"https:\\\/\\\/shrimataji.org\\\/test\\\/#\\\/schema\\\/person\\\/a1b3419c6585f164aa96da1ff85715d1\"},\"potentialAction\":[{\"@type\":\"SearchAction\",\"target\":{\"@type\":\"EntryPoint\",\"urlTemplate\":\"https:\\\/\\\/shrimataji.org\\\/test\\\/?s={search_term_string}\"},\"query-input\":{\"@type\":\"PropertyValueSpecification\",\"valueRequired\":true,\"valueName\":\"search_term_string\"}}],\"inLanguage\":\"en-US\"},{\"@type\":[\"Person\",\"Organization\"],\"@id\":\"https:\\\/\\\/shrimataji.org\\\/test\\\/#\\\/schema\\\/person\\\/a1b3419c6585f164aa96da1ff85715d1\",\"name\":\"Nirmala Shrivastava\",\"image\":{\"@type\":\"ImageObject\",\"inLanguage\":\"en-US\",\"@id\":\"https:\\\/\\\/shrimataji.org\\\/test\\\/wp-content\\\/uploads\\\/2023\\\/02\\\/SMO_LOGO-03.svg\",\"url\":\"https:\\\/\\\/shrimataji.org\\\/test\\\/wp-content\\\/uploads\\\/2023\\\/02\\\/SMO_LOGO-03.svg\",\"contentUrl\":\"https:\\\/\\\/shrimataji.org\\\/test\\\/wp-content\\\/uploads\\\/2023\\\/02\\\/SMO_LOGO-03.svg\",\"width\":\"1024\",\"height\":\"1024\",\"caption\":\"Nirmala Shrivastava\"},\"logo\":{\"@id\":\"https:\\\/\\\/shrimataji.org\\\/test\\\/wp-content\\\/uploads\\\/2023\\\/02\\\/SMO_LOGO-03.svg\"},\"sameAs\":[\"https:\\\/\\\/shrimataji.org\\\/test\",\"https:\\\/\\\/www.facebook.com\\\/shrimataji\",\"https:\\\/\\\/x.com\\\/shrimataji\",\"https:\\\/\\\/www.youtube.com\\\/@Shri_Mataji_Nirmala_Devi\\\/featured\"]}]}<\/script>\n<!-- \/ Yoast SEO plugin. -->","yoast_head_json":{"title":"Atma - TEST - SMND","robots":{"index":"noindex","follow":"follow","max-snippet":"max-snippet:-1","max-image-preview":"max-image-preview:large","max-video-preview":"max-video-preview:-1"},"og_locale":"en_US","og_type":"article","og_title":"Atma - TEST - SMND","og_description":"Atma Nasze Wieczne Ja Na bardzo wczesnym etapie rozwoju ludzkiego p\u0142odu Atma (sanskryckie s\u0142owo oznaczaj\u0105ce naszego wiecznego Ducha) po raz pierwszy wnika do serca, kt\u00f3re wtedy zaczyna pulsowa\u0107. Biologicznie nasze serce wykszta\u0142ca si\u0119 w pobli\u017cu g\u0142owy zarodka, w obszarze kardiogennym, a wraz z rozwojem cia\u0142a przemieszcza si\u0119 ni\u017cej, do klatki piersiowej. Atma przebywa w sercu&hellip; Read more","og_url":"https:\/\/shrimataji.org\/test\/pl\/atma\/","og_site_name":"TEST - SMND","article_publisher":"https:\/\/www.facebook.com\/shrimataji","article_modified_time":"2026-04-22T11:05:18+00:00","og_image":[{"width":2560,"height":905,"url":"https:\/\/shrimataji.org\/test\/wp-content\/uploads\/2023\/03\/8_Banner-SY-Atma-scaled.jpg","type":"image\/jpeg"}],"twitter_card":"summary_large_image","twitter_site":"@shrimataji","twitter_misc":{"Est. reading time":"4 minutes"},"schema":{"@context":"https:\/\/schema.org","@graph":[{"@type":"WebPage","@id":"https:\/\/shrimataji.org\/test\/pl\/atma\/","url":"https:\/\/shrimataji.org\/test\/pl\/atma\/","name":"Atma - TEST - SMND","isPartOf":{"@id":"https:\/\/shrimataji.org\/test\/#website"},"primaryImageOfPage":{"@id":"https:\/\/shrimataji.org\/test\/pl\/atma\/#primaryimage"},"image":{"@id":"https:\/\/shrimataji.org\/test\/pl\/atma\/#primaryimage"},"thumbnailUrl":"https:\/\/shrimataji.org\/test\/wp-content\/uploads\/2023\/03\/8_Banner-SY-Atma-scaled.jpg","datePublished":"2022-01-29T10:07:35+00:00","dateModified":"2026-04-22T11:05:18+00:00","breadcrumb":{"@id":"https:\/\/shrimataji.org\/test\/pl\/atma\/#breadcrumb"},"inLanguage":"en-US","potentialAction":[{"@type":"ReadAction","target":["https:\/\/shrimataji.org\/test\/pl\/atma\/"]}]},{"@type":"ImageObject","inLanguage":"en-US","@id":"https:\/\/shrimataji.org\/test\/pl\/atma\/#primaryimage","url":"https:\/\/shrimataji.org\/test\/wp-content\/uploads\/2023\/03\/8_Banner-SY-Atma-scaled.jpg","contentUrl":"https:\/\/shrimataji.org\/test\/wp-content\/uploads\/2023\/03\/8_Banner-SY-Atma-scaled.jpg","width":2560,"height":905},{"@type":"BreadcrumbList","@id":"https:\/\/shrimataji.org\/test\/pl\/atma\/#breadcrumb","itemListElement":[{"@type":"ListItem","position":1,"name":"Home","item":"https:\/\/shrimataji.org\/test\/uk\/home-en\/"},{"@type":"ListItem","position":2,"name":"Atma"}]},{"@type":"WebSite","@id":"https:\/\/shrimataji.org\/test\/#website","url":"https:\/\/shrimataji.org\/test\/","name":"Shri Mataji Nirmala Devi","description":"A Life Dedicated to Humanity","publisher":{"@id":"https:\/\/shrimataji.org\/test\/#\/schema\/person\/a1b3419c6585f164aa96da1ff85715d1"},"potentialAction":[{"@type":"SearchAction","target":{"@type":"EntryPoint","urlTemplate":"https:\/\/shrimataji.org\/test\/?s={search_term_string}"},"query-input":{"@type":"PropertyValueSpecification","valueRequired":true,"valueName":"search_term_string"}}],"inLanguage":"en-US"},{"@type":["Person","Organization"],"@id":"https:\/\/shrimataji.org\/test\/#\/schema\/person\/a1b3419c6585f164aa96da1ff85715d1","name":"Nirmala Shrivastava","image":{"@type":"ImageObject","inLanguage":"en-US","@id":"https:\/\/shrimataji.org\/test\/wp-content\/uploads\/2023\/02\/SMO_LOGO-03.svg","url":"https:\/\/shrimataji.org\/test\/wp-content\/uploads\/2023\/02\/SMO_LOGO-03.svg","contentUrl":"https:\/\/shrimataji.org\/test\/wp-content\/uploads\/2023\/02\/SMO_LOGO-03.svg","width":"1024","height":"1024","caption":"Nirmala Shrivastava"},"logo":{"@id":"https:\/\/shrimataji.org\/test\/wp-content\/uploads\/2023\/02\/SMO_LOGO-03.svg"},"sameAs":["https:\/\/shrimataji.org\/test","https:\/\/www.facebook.com\/shrimataji","https:\/\/x.com\/shrimataji","https:\/\/www.youtube.com\/@Shri_Mataji_Nirmala_Devi\/featured"]}]}},"lang":"pl","translations":{"pl":37925,"ur":37394,"en":6397,"am":17965,"th":19892,"hu":19440,"sq":18366,"zh":17263,"hi":7360,"tr":10135,"pt":10352,"de":10625,"fr":10723,"it":10821,"es":10919,"ja":11216,"ru":11404,"bn":11596,"te":11704,"sw":11827,"he":11975,"el":12266,"sk":12364,"fa":12462,"fi":12560,"bg":13393,"ro":14467,"cs":14660,"nl":16526,"ku":16686,"ar":16862,"be":18573,"kn":18847,"mr":20256,"uk":20548,"ml":20847,"ta":22681,"sv":22954,"gu":28802,"pa":28960,"fil":29400,"da":37708,"nn":38260},"pll_sync_post":[],"_links":{"self":[{"href":"https:\/\/shrimataji.org\/test\/wp-json\/wp\/v2\/pages\/37925","targetHints":{"allow":["GET"]}}],"collection":[{"href":"https:\/\/shrimataji.org\/test\/wp-json\/wp\/v2\/pages"}],"about":[{"href":"https:\/\/shrimataji.org\/test\/wp-json\/wp\/v2\/types\/page"}],"author":[{"embeddable":true,"href":"https:\/\/shrimataji.org\/test\/wp-json\/wp\/v2\/users\/1"}],"replies":[{"embeddable":true,"href":"https:\/\/shrimataji.org\/test\/wp-json\/wp\/v2\/comments?post=37925"}],"version-history":[{"count":0,"href":"https:\/\/shrimataji.org\/test\/wp-json\/wp\/v2\/pages\/37925\/revisions"}],"wp:featuredmedia":[{"embeddable":true,"href":"https:\/\/shrimataji.org\/test\/wp-json\/wp\/v2\/media\/37926"}],"wp:attachment":[{"href":"https:\/\/shrimataji.org\/test\/wp-json\/wp\/v2\/media?parent=37925"}],"curies":[{"name":"wp","href":"https:\/\/api.w.org\/{rel}","templated":true}]}}