{"id":37929,"date":"2022-01-29T09:51:00","date_gmt":"2022-01-29T09:51:00","guid":{"rendered":"https:\/\/test.shrimataji.org\/?page_id=6388"},"modified":"2026-04-13T10:07:54","modified_gmt":"2026-04-13T10:07:54","slug":"stawanie-sie-mistrzem","status":"publish","type":"page","link":"https:\/\/shrimataji.org\/test\/pl\/stawanie-sie-mistrzem\/","title":{"rendered":"Stawanie si\u0119 mistrzem"},"content":{"rendered":"\n\n\t<h1>Stawanie si\u0119 mistrzem<\/h1>\n<h2>Przebudzenie zasady Guru<\/h2>\n<div class=\"su-quote su-quote-style-default\"><div class=\"su-quote-inner su-u-clearfix su-u-trim\"> Jeste\u015bmy znacznie powy\u017cej tych wszystkich zwyk\u0142ych instrument\u00f3w, nawet tych najbardziej skomplikowanych czy zaawansowanych technologicznie. Osi\u0105gamy bowiem stan, w kt\u00f3rym sami stajemy si\u0119 nauk\u0105 &#8211; nauk\u0105 o prawdzie, prawd\u0105 absolutn\u0105. Dlatego tym, czego Guru potrzebuje, jest poczucie w\u0142asnej godno\u015bci. <\/div><\/div>\n<h4>\u015ari Matad\u017ai od samego pocz\u0105tku nauczania Sahad\u017aa Jogi k\u0142ad\u0142a nacisk na osi\u0105gni\u0119cie stanu panowania nad sob\u0105 (self-mastery). W przeciwie\u0144stwie do innych dyscyplin jogi, kt\u00f3re wymagaj\u0105 lat nauki pod \u015bcis\u0142ym okiem mistrza, medytacja Sahad\u017aa Joga skupia si\u0119 na dotarciu do naszej w\u0142asnej, wrodzonej zasady mistrzostwa, jak\u0105 jest o\u015bwiecony Duch.<\/h4>\n<p>Prawdziw\u0105 wiedz\u0119 mo\u017cna zg\u0142\u0119bi\u0107 jedynie poprzez centralny uk\u0142ad nerwowy. Sz\u00f3sty zmys\u0142 &#8211; subtelna \u015bwiadomo\u015b\u0107 wibracyjna &#8211; aktywowany przez samorealizacj\u0119 i ugruntowany dzi\u0119ki w\u0142a\u015bciwej medytacji Sahad\u017aa Joga, staje si\u0119 doskona\u0142ym narz\u0119dziem do weryfikacji wiedzy w\u0142asnej oraz wiedzy innych w tym nowym wymiarze \u015bwiadomo\u015bci.<\/p>\n<p>Gdy osi\u0105gamy stan wrodzonego panowania nad sob\u0105, zaczynamy widzie\u0107 rzeczy takimi, jakimi s\u0105 w rzeczywisto\u015bci, a nie takimi, jakimi je wcze\u015bniej postrzegali\u015bmy. Nie pod\u0105\u017camy ju\u017c \u015blepo za wiar\u0105, doktrynami czy dogmatami; nasza perspektywa zmienia si\u0119, gdy stajemy si\u0119 \u015bwiadkami wszystkiego w stanie absolutnej \u015bwiadomo\u015bci wibracyjnej, kt\u00f3ra wykracza poza dualizm ograniczonego umys\u0142u.<\/p>\n<p>Pocz\u0105tkowo te boskie do\u015bwiadczenia mog\u0105 trwa\u0107 zaledwie chwil\u0119, jednak dzi\u0119ki szczeremu post\u0119powi w medytacji Sahad\u017aa Joga staj\u0105 si\u0119 one nieod\u0142\u0105cznym elementem naszej codzienno\u015bci. Mo\u017cemy stawia\u0107 czo\u0142a ka\u017cdemu aspektowi \u017cycia z wewn\u0119trznym spokojem, panuj\u0105c nad sytuacjami, kt\u00f3re wcze\u015bniej wydawa\u0142y si\u0119 przyt\u0142aczaj\u0105ce lub trudne.<\/p>\n<p>Stan panowania nad sob\u0105 nie tylko wnosi harmoni\u0119 i r\u00f3wnowag\u0119 do naszego \u017cycia, ale tak\u017ce sprawia, \u017ce jeste\u015bmy w stanie pom\u00f3c innym osi\u0105gn\u0105\u0107 ten pi\u0119kny stan samorealizacji. Wielu Sahad\u017aa jogin\u00f3w do\u015bwiadczy\u0142o, jak ich \u017cycie, a tak\u017ce \u017cycie ich rodzin, przyjaci\u00f3\u0142, a nawet ca\u0142ego spo\u0142ecze\u0144stwa, uleg\u0142o przemianie dzi\u0119ki ugruntowaniu w sobie zasady Guru.<\/p>\n<div class=\"su-quote su-quote-style-default\"><div class=\"su-quote-inner su-u-clearfix su-u-trim\"> Podobnie, gdy znajdziesz si\u0119 na tym poziomie, w tym stanie, promieniujesz nim bez s\u0142\u00f3w i bez \u017cadnego wysi\u0142ku &#8211; manifestujesz go swoj\u0105 obecno\u015bci\u0105. <\/div><\/div>\n\n","protected":false},"excerpt":{"rendered":"<p>Stawanie si\u0119 mistrzem Przebudzenie zasady Guru \u015ari Matad\u017ai od samego pocz\u0105tku nauczania Sahad\u017aa Jogi k\u0142ad\u0142a nacisk na osi\u0105gni\u0119cie stanu panowania nad sob\u0105 (self-mastery). W przeciwie\u0144stwie do innych dyscyplin jogi, kt\u00f3re wymagaj\u0105 lat nauki pod \u015bcis\u0142ym okiem mistrza, medytacja Sahad\u017aa Joga skupia si\u0119 na dotarciu do naszej w\u0142asnej, wrodzonej zasady mistrzostwa, jak\u0105 jest o\u015bwiecony Duch. Prawdziw\u0105&hellip; <br \/> <a class=\"read-more\" href=\"https:\/\/shrimataji.org\/test\/pl\/stawanie-sie-mistrzem\/\">Read more<\/a><\/p>\n","protected":false},"author":1,"featured_media":37930,"parent":0,"menu_order":0,"comment_status":"closed","ping_status":"closed","template":"","meta":{"inline_featured_image":false,"footnotes":""},"class_list":["post-37929","page","type-page","status-publish","has-post-thumbnail","hentry"],"yoast_head":"<!-- This site is optimized with the Yoast SEO plugin v27.4 - https:\/\/yoast.com\/product\/yoast-seo-wordpress\/ -->\n<title>Stawanie si\u0119 mistrzem - TEST - SMND<\/title>\n<meta name=\"robots\" content=\"noindex, follow, max-snippet:-1, max-image-preview:large, max-video-preview:-1\" \/>\n<meta property=\"og:locale\" content=\"en_US\" \/>\n<meta property=\"og:type\" content=\"article\" \/>\n<meta property=\"og:title\" content=\"Stawanie si\u0119 mistrzem - TEST - SMND\" \/>\n<meta property=\"og:description\" content=\"Stawanie si\u0119 mistrzem Przebudzenie zasady Guru \u015ari Matad\u017ai od samego pocz\u0105tku nauczania Sahad\u017aa Jogi k\u0142ad\u0142a nacisk na osi\u0105gni\u0119cie stanu panowania nad sob\u0105 (self-mastery). W przeciwie\u0144stwie do innych dyscyplin jogi, kt\u00f3re wymagaj\u0105 lat nauki pod \u015bcis\u0142ym okiem mistrza, medytacja Sahad\u017aa Joga skupia si\u0119 na dotarciu do naszej w\u0142asnej, wrodzonej zasady mistrzostwa, jak\u0105 jest o\u015bwiecony Duch. Prawdziw\u0105&hellip; Read more\" \/>\n<meta property=\"og:url\" content=\"https:\/\/shrimataji.org\/test\/pl\/stawanie-sie-mistrzem\/\" \/>\n<meta property=\"og:site_name\" content=\"TEST - SMND\" \/>\n<meta property=\"article:publisher\" content=\"https:\/\/www.facebook.com\/shrimataji\" \/>\n<meta property=\"article:modified_time\" content=\"2026-04-13T10:07:54+00:00\" \/>\n<meta property=\"og:image\" content=\"https:\/\/shrimataji.org\/test\/wp-content\/uploads\/2023\/03\/26_Banner-SY-Master-scaled.jpg\" \/>\n\t<meta property=\"og:image:width\" content=\"2560\" \/>\n\t<meta property=\"og:image:height\" content=\"905\" \/>\n\t<meta property=\"og:image:type\" content=\"image\/jpeg\" \/>\n<meta name=\"twitter:card\" content=\"summary_large_image\" \/>\n<meta name=\"twitter:site\" content=\"@shrimataji\" \/>\n<meta name=\"twitter:label1\" content=\"Est. reading time\" \/>\n\t<meta name=\"twitter:data1\" content=\"2 minutes\" \/>\n<script type=\"application\/ld+json\" class=\"yoast-schema-graph\">{\"@context\":\"https:\\\/\\\/schema.org\",\"@graph\":[{\"@type\":\"WebPage\",\"@id\":\"https:\\\/\\\/shrimataji.org\\\/test\\\/pl\\\/stawanie-sie-mistrzem\\\/\",\"url\":\"https:\\\/\\\/shrimataji.org\\\/test\\\/pl\\\/stawanie-sie-mistrzem\\\/\",\"name\":\"Stawanie si\u0119 mistrzem - TEST - SMND\",\"isPartOf\":{\"@id\":\"https:\\\/\\\/shrimataji.org\\\/test\\\/#website\"},\"primaryImageOfPage\":{\"@id\":\"https:\\\/\\\/shrimataji.org\\\/test\\\/pl\\\/stawanie-sie-mistrzem\\\/#primaryimage\"},\"image\":{\"@id\":\"https:\\\/\\\/shrimataji.org\\\/test\\\/pl\\\/stawanie-sie-mistrzem\\\/#primaryimage\"},\"thumbnailUrl\":\"https:\\\/\\\/shrimataji.org\\\/test\\\/wp-content\\\/uploads\\\/2023\\\/03\\\/26_Banner-SY-Master-scaled.jpg\",\"datePublished\":\"2022-01-29T09:51:00+00:00\",\"dateModified\":\"2026-04-13T10:07:54+00:00\",\"breadcrumb\":{\"@id\":\"https:\\\/\\\/shrimataji.org\\\/test\\\/pl\\\/stawanie-sie-mistrzem\\\/#breadcrumb\"},\"inLanguage\":\"en-US\",\"potentialAction\":[{\"@type\":\"ReadAction\",\"target\":[\"https:\\\/\\\/shrimataji.org\\\/test\\\/pl\\\/stawanie-sie-mistrzem\\\/\"]}]},{\"@type\":\"ImageObject\",\"inLanguage\":\"en-US\",\"@id\":\"https:\\\/\\\/shrimataji.org\\\/test\\\/pl\\\/stawanie-sie-mistrzem\\\/#primaryimage\",\"url\":\"https:\\\/\\\/shrimataji.org\\\/test\\\/wp-content\\\/uploads\\\/2023\\\/03\\\/26_Banner-SY-Master-scaled.jpg\",\"contentUrl\":\"https:\\\/\\\/shrimataji.org\\\/test\\\/wp-content\\\/uploads\\\/2023\\\/03\\\/26_Banner-SY-Master-scaled.jpg\",\"width\":2560,\"height\":905},{\"@type\":\"BreadcrumbList\",\"@id\":\"https:\\\/\\\/shrimataji.org\\\/test\\\/pl\\\/stawanie-sie-mistrzem\\\/#breadcrumb\",\"itemListElement\":[{\"@type\":\"ListItem\",\"position\":1,\"name\":\"Home\",\"item\":\"https:\\\/\\\/shrimataji.org\\\/test\\\/uk\\\/home-en\\\/\"},{\"@type\":\"ListItem\",\"position\":2,\"name\":\"Stawanie si\u0119 mistrzem\"}]},{\"@type\":\"WebSite\",\"@id\":\"https:\\\/\\\/shrimataji.org\\\/test\\\/#website\",\"url\":\"https:\\\/\\\/shrimataji.org\\\/test\\\/\",\"name\":\"Shri Mataji Nirmala Devi\",\"description\":\"A Life Dedicated to Humanity\",\"publisher\":{\"@id\":\"https:\\\/\\\/shrimataji.org\\\/test\\\/#\\\/schema\\\/person\\\/a1b3419c6585f164aa96da1ff85715d1\"},\"potentialAction\":[{\"@type\":\"SearchAction\",\"target\":{\"@type\":\"EntryPoint\",\"urlTemplate\":\"https:\\\/\\\/shrimataji.org\\\/test\\\/?s={search_term_string}\"},\"query-input\":{\"@type\":\"PropertyValueSpecification\",\"valueRequired\":true,\"valueName\":\"search_term_string\"}}],\"inLanguage\":\"en-US\"},{\"@type\":[\"Person\",\"Organization\"],\"@id\":\"https:\\\/\\\/shrimataji.org\\\/test\\\/#\\\/schema\\\/person\\\/a1b3419c6585f164aa96da1ff85715d1\",\"name\":\"Nirmala Shrivastava\",\"image\":{\"@type\":\"ImageObject\",\"inLanguage\":\"en-US\",\"@id\":\"https:\\\/\\\/shrimataji.org\\\/test\\\/wp-content\\\/uploads\\\/2023\\\/02\\\/SMO_LOGO-03.svg\",\"url\":\"https:\\\/\\\/shrimataji.org\\\/test\\\/wp-content\\\/uploads\\\/2023\\\/02\\\/SMO_LOGO-03.svg\",\"contentUrl\":\"https:\\\/\\\/shrimataji.org\\\/test\\\/wp-content\\\/uploads\\\/2023\\\/02\\\/SMO_LOGO-03.svg\",\"width\":\"1024\",\"height\":\"1024\",\"caption\":\"Nirmala Shrivastava\"},\"logo\":{\"@id\":\"https:\\\/\\\/shrimataji.org\\\/test\\\/wp-content\\\/uploads\\\/2023\\\/02\\\/SMO_LOGO-03.svg\"},\"sameAs\":[\"https:\\\/\\\/shrimataji.org\\\/test\",\"https:\\\/\\\/www.facebook.com\\\/shrimataji\",\"https:\\\/\\\/x.com\\\/shrimataji\",\"https:\\\/\\\/www.youtube.com\\\/@Shri_Mataji_Nirmala_Devi\\\/featured\"]}]}<\/script>\n<!-- \/ Yoast SEO plugin. -->","yoast_head_json":{"title":"Stawanie si\u0119 mistrzem - TEST - SMND","robots":{"index":"noindex","follow":"follow","max-snippet":"max-snippet:-1","max-image-preview":"max-image-preview:large","max-video-preview":"max-video-preview:-1"},"og_locale":"en_US","og_type":"article","og_title":"Stawanie si\u0119 mistrzem - TEST - SMND","og_description":"Stawanie si\u0119 mistrzem Przebudzenie zasady Guru \u015ari Matad\u017ai od samego pocz\u0105tku nauczania Sahad\u017aa Jogi k\u0142ad\u0142a nacisk na osi\u0105gni\u0119cie stanu panowania nad sob\u0105 (self-mastery). W przeciwie\u0144stwie do innych dyscyplin jogi, kt\u00f3re wymagaj\u0105 lat nauki pod \u015bcis\u0142ym okiem mistrza, medytacja Sahad\u017aa Joga skupia si\u0119 na dotarciu do naszej w\u0142asnej, wrodzonej zasady mistrzostwa, jak\u0105 jest o\u015bwiecony Duch. Prawdziw\u0105&hellip; Read more","og_url":"https:\/\/shrimataji.org\/test\/pl\/stawanie-sie-mistrzem\/","og_site_name":"TEST - SMND","article_publisher":"https:\/\/www.facebook.com\/shrimataji","article_modified_time":"2026-04-13T10:07:54+00:00","og_image":[{"width":2560,"height":905,"url":"https:\/\/shrimataji.org\/test\/wp-content\/uploads\/2023\/03\/26_Banner-SY-Master-scaled.jpg","type":"image\/jpeg"}],"twitter_card":"summary_large_image","twitter_site":"@shrimataji","twitter_misc":{"Est. reading time":"2 minutes"},"schema":{"@context":"https:\/\/schema.org","@graph":[{"@type":"WebPage","@id":"https:\/\/shrimataji.org\/test\/pl\/stawanie-sie-mistrzem\/","url":"https:\/\/shrimataji.org\/test\/pl\/stawanie-sie-mistrzem\/","name":"Stawanie si\u0119 mistrzem - TEST - SMND","isPartOf":{"@id":"https:\/\/shrimataji.org\/test\/#website"},"primaryImageOfPage":{"@id":"https:\/\/shrimataji.org\/test\/pl\/stawanie-sie-mistrzem\/#primaryimage"},"image":{"@id":"https:\/\/shrimataji.org\/test\/pl\/stawanie-sie-mistrzem\/#primaryimage"},"thumbnailUrl":"https:\/\/shrimataji.org\/test\/wp-content\/uploads\/2023\/03\/26_Banner-SY-Master-scaled.jpg","datePublished":"2022-01-29T09:51:00+00:00","dateModified":"2026-04-13T10:07:54+00:00","breadcrumb":{"@id":"https:\/\/shrimataji.org\/test\/pl\/stawanie-sie-mistrzem\/#breadcrumb"},"inLanguage":"en-US","potentialAction":[{"@type":"ReadAction","target":["https:\/\/shrimataji.org\/test\/pl\/stawanie-sie-mistrzem\/"]}]},{"@type":"ImageObject","inLanguage":"en-US","@id":"https:\/\/shrimataji.org\/test\/pl\/stawanie-sie-mistrzem\/#primaryimage","url":"https:\/\/shrimataji.org\/test\/wp-content\/uploads\/2023\/03\/26_Banner-SY-Master-scaled.jpg","contentUrl":"https:\/\/shrimataji.org\/test\/wp-content\/uploads\/2023\/03\/26_Banner-SY-Master-scaled.jpg","width":2560,"height":905},{"@type":"BreadcrumbList","@id":"https:\/\/shrimataji.org\/test\/pl\/stawanie-sie-mistrzem\/#breadcrumb","itemListElement":[{"@type":"ListItem","position":1,"name":"Home","item":"https:\/\/shrimataji.org\/test\/uk\/home-en\/"},{"@type":"ListItem","position":2,"name":"Stawanie si\u0119 mistrzem"}]},{"@type":"WebSite","@id":"https:\/\/shrimataji.org\/test\/#website","url":"https:\/\/shrimataji.org\/test\/","name":"Shri Mataji Nirmala Devi","description":"A Life Dedicated to Humanity","publisher":{"@id":"https:\/\/shrimataji.org\/test\/#\/schema\/person\/a1b3419c6585f164aa96da1ff85715d1"},"potentialAction":[{"@type":"SearchAction","target":{"@type":"EntryPoint","urlTemplate":"https:\/\/shrimataji.org\/test\/?s={search_term_string}"},"query-input":{"@type":"PropertyValueSpecification","valueRequired":true,"valueName":"search_term_string"}}],"inLanguage":"en-US"},{"@type":["Person","Organization"],"@id":"https:\/\/shrimataji.org\/test\/#\/schema\/person\/a1b3419c6585f164aa96da1ff85715d1","name":"Nirmala Shrivastava","image":{"@type":"ImageObject","inLanguage":"en-US","@id":"https:\/\/shrimataji.org\/test\/wp-content\/uploads\/2023\/02\/SMO_LOGO-03.svg","url":"https:\/\/shrimataji.org\/test\/wp-content\/uploads\/2023\/02\/SMO_LOGO-03.svg","contentUrl":"https:\/\/shrimataji.org\/test\/wp-content\/uploads\/2023\/02\/SMO_LOGO-03.svg","width":"1024","height":"1024","caption":"Nirmala Shrivastava"},"logo":{"@id":"https:\/\/shrimataji.org\/test\/wp-content\/uploads\/2023\/02\/SMO_LOGO-03.svg"},"sameAs":["https:\/\/shrimataji.org\/test","https:\/\/www.facebook.com\/shrimataji","https:\/\/x.com\/shrimataji","https:\/\/www.youtube.com\/@Shri_Mataji_Nirmala_Devi\/featured"]}]}},"lang":"pl","translations":{"pl":37929,"ur":37398,"en":6388,"am":17969,"th":19898,"hu":19444,"sq":18370,"zh":17267,"hi":7370,"tr":10137,"pt":10354,"de":10627,"fr":10725,"it":10823,"es":10921,"ja":11218,"ru":11406,"bn":11598,"te":11706,"sw":11829,"he":11977,"el":12268,"sk":12366,"fa":12464,"fi":12562,"bg":13400,"ro":14474,"cs":14667,"nl":16530,"ku":16690,"ar":16866,"be":18577,"kn":18851,"mr":20262,"uk":20554,"ml":20853,"ta":22685,"sv":22958,"gu":28806,"pa":28964,"fil":29404,"da":37712,"nn":38264},"pll_sync_post":[],"_links":{"self":[{"href":"https:\/\/shrimataji.org\/test\/wp-json\/wp\/v2\/pages\/37929","targetHints":{"allow":["GET"]}}],"collection":[{"href":"https:\/\/shrimataji.org\/test\/wp-json\/wp\/v2\/pages"}],"about":[{"href":"https:\/\/shrimataji.org\/test\/wp-json\/wp\/v2\/types\/page"}],"author":[{"embeddable":true,"href":"https:\/\/shrimataji.org\/test\/wp-json\/wp\/v2\/users\/1"}],"replies":[{"embeddable":true,"href":"https:\/\/shrimataji.org\/test\/wp-json\/wp\/v2\/comments?post=37929"}],"version-history":[{"count":0,"href":"https:\/\/shrimataji.org\/test\/wp-json\/wp\/v2\/pages\/37929\/revisions"}],"wp:featuredmedia":[{"embeddable":true,"href":"https:\/\/shrimataji.org\/test\/wp-json\/wp\/v2\/media\/37930"}],"wp:attachment":[{"href":"https:\/\/shrimataji.org\/test\/wp-json\/wp\/v2\/media?parent=37929"}],"curies":[{"name":"wp","href":"https:\/\/api.w.org\/{rel}","templated":true}]}}