{"id":37931,"date":"2022-02-25T04:05:58","date_gmt":"2022-02-25T04:05:58","guid":{"rendered":"https:\/\/test.shrimataji.org\/?page_id=6476"},"modified":"2026-04-22T05:31:03","modified_gmt":"2026-04-22T05:31:03","slug":"czakry-i-ich-cechy","status":"publish","type":"page","link":"https:\/\/shrimataji.org\/test\/pl\/czakry-i-ich-cechy\/","title":{"rendered":"Czakry i ich cechy"},"content":{"rendered":"\n\n\t<h1><a href=\"#_ftnref1\" name=\"_ftn1\"><\/a>Czakry i ich cechy<\/h1>\n<h2>Ko\u0142a \u017cycia<\/h2>\n<div class=\"su-quote su-quote-style-default\"><div class=\"su-quote-inner su-u-clearfix su-u-trim\">Czakry sk\u0142adaj\u0105 si\u0119 z pi\u0119ciu \u017cywio\u0142\u00f3w: ziemi, wody, powietrza, ognia i eteru.<\/div><\/div>\n\t<h4>\u015ari Matad\u017ai wyja\u015bnia\u0142a poszukuj\u0105cym, w jaki spos\u00f3b mo\u017cna realnie odczuwa\u0107 subtelne o\u015brodki (czakry) zar\u00f3wno wewn\u0105trz cia\u0142a, jak i na jego zako\u0144czeniach, takich jak opuszki palc\u00f3w d\u0142oni i st\u00f3p. W zale\u017cno\u015bci od stanu naszej psychiki mo\u017cemy do\u015bwiadcza\u0107 r\u00f3\u017cnych odczu\u0107 &#8211; od ciep\u0142a i ch\u0142odu, po mrowienie czy uczucie ci\u0119\u017cko\u015bci. \u015ari Matad\u017ai cierpliwie obja\u015bnia\u0142a ka\u017cde z tych dozna\u0144, \u0142\u0105cz\u0105c je z konkretnymi problemami na poziomie fizycznym, umys\u0142owym, emocjonalnym i duchowym. Podkre\u015bla\u0142a, \u017ce to jogiczne do\u015bwiadczenie duchowe jest opisane w wielu \u015bwi\u0119tych pismach, szczeg\u00f3lnie w wersetach \u015awi\u0119tego Koranu.<\/h4>\n\t<div class=\"su-quote su-quote-style-default\"><div class=\"su-quote-inner su-u-clearfix su-u-trim\">W Koranie nazywa si\u0119 to Kijam\u0105<a href=\"#citation-note-1\"><sup>[1]<\/sup><\/a> powiedziano tam, \u017ce wasze r\u0119ce przem\u00f3wi\u0105 i wyjawi\u0105 ca\u0142\u0105 prawd\u0119 o was samych i o innych. Dok\u0142adnie to si\u0119 dzieje: na opuszkach palc\u00f3w mo\u017cna poczu\u0107 stan swoich czakr, jak i czakr innych ludzi. W ten spos\u00f3b zyskujemy samopoznanie i stajemy si\u0119 zbiorowo \u015bwiadomi.<\/div><\/div>\n<p>Czakry mo\u017cna wyobrazi\u0107 sobie jako wi\u0105zki p\u0142omieni lub p\u0142atki lotosu. Ka\u017cda czakra posiada okre\u015blon\u0105 liczb\u0119 p\u0142atk\u00f3w, kt\u00f3ra odpowiada liczbie splot\u00f3w podrz\u0119dnych w danym splocie nerwowym. Sploty nerwowe reguluj\u0105 przep\u0142yw informacji w organizmie i m\u00f3zgu, zapewniaj\u0105c harmoni\u0119 naszej istoty. S\u0105 one \u017ar\u00f3d\u0142em wszelkiej naszej aktywno\u015bci fizycznej, umys\u0142owej i emocjonalnej. Ka\u017cda czakra jest zatem powi\u0105zana z okre\u015blonymi cechami na tych poziomach. Wszelkie zaburzenia, kt\u00f3rych do\u015bwiadczamy, wynikaj\u0105 z subtelnych blokad lub przeszk\u00f3d w czakrach.<\/p>\n<div class=\"su-quote su-quote-style-default\"><div class=\"su-quote-inner su-u-clearfix su-u-trim\">Subtelna energia wnika przez czubek g\u0142owy (Sahasrara Brahmarandhra) i zst\u0119puj\u0105c, tworzy sze\u015b\u0107 kolejnych o\u015brodk\u00f3w. Fizyczn\u0105 manifestacj\u0105 tej subtelnej energii w kanale Suszumna rdzenia kr\u0119gowego jest przywsp\u00f3\u0142czulny uk\u0142ad nerwowy. O\u015brodki czakr przejawiaj\u0105 si\u0119 jako sploty nerwowe na zewn\u0105trz kr\u0119gos\u0142upa. Co ciekawe, liczba zewn\u0119trznych splot\u00f3w i splot\u00f3w podrz\u0119dnych odpowiada liczbie czakr i ich p\u0142atk\u00f3w wewn\u0105trz kr\u0119gos\u0142upa.<\/div><\/div>\n<p>Zako\u0144czenia uk\u0142adu nerwowego pokrywaj\u0105 si\u0119 z zako\u0144czeniami cia\u0142a subtelnego, co pozwala na bezpo\u015bredni\u0105 korelacj\u0119 mi\u0119dzy czakrami w kr\u0119gos\u0142upie a odpowiednimi miejscami na d\u0142oniach i stopach. Znaj\u0105c znaczenie tych miejsc w ciele i odpowiadaj\u0105cych im czakr, mo\u017cna z \u0142atwo\u015bci\u0105 zapanowa\u0107 nad swoim bytem fizycznym, umys\u0142owym, emocjonalnym i duchowym. Dzi\u0119ki samopoznaniu przestajemy by\u0107 oddzieleni od uniwersalnej rzeczywisto\u015bci i potrafimy odci\u0105\u0107 si\u0119 od \u015bwiata iluzji.<\/p>\n<figure itemscope itemtype=\"https:\/\/schema.org\/ImageObject\">\n\t\t\t\t<img decoding=\"async\" src=\"https:\/\/shrimataji.org\/test\/wp-content\/uploads\/2026\/04\/pl-Chakras_Qualities_SMO-01-scaled.png\" alt=\"pl-Chakras_Qualities_SMO-01\" height=\"2560\" width=\"2095\" title=\"pl-Chakras_Qualities_SMO-01\" onerror=\"this.style.display='none'\" loading=\"lazy\" \/>\n\t<\/figure>\n\t<p>O\u015brodki w naszym systemie subtelnym nie tylko dbaj\u0105 o nasze zdrowie, ale te\u017c kszta\u0142tuj\u0105 nasz\u0105 osobowo\u015b\u0107 &#8211; s\u0105 wr\u0119cz skarbnic\u0105 naszych cech charakteru. W miar\u0119 jak dojrzewamy i ewoluujemy, cechy te ujawniaj\u0105 si\u0119 w naszym \u017cyciu, cz\u0119sto nie\u015bwiadomie. Zastan\u00f3w si\u0119, jak cz\u0119sto czu\u0142e\u015b potrzeb\u0119 pomocy czy bezinteresowno\u015bci &#8211; sk\u0105d bior\u0105 si\u0119 te odruchy? Staro\u017cytne kultury Wschodu, opieraj\u0105c si\u0119 na wiedzie o systemie subtelnym, budowa\u0142y spo\u0142ecze\u0144stwa na wy\u017cszych warto\u015bciach duchowych, czyli Dharmie. Dharma w sanskrycie oznacza \u201eprawy kodeks post\u0119powania&#8221;, zgodny z duchem wszech\u015bwiata. Mo\u017cna tu dostrzec analogi\u0119 do Dziesi\u0119ciu Przykaza\u0144 przekazanych Moj\u017ceszowi. W istocie, podobne przyk\u0142ady uniwersalnego wewn\u0119trznego kodeksu odnajdziemy w wielu staro\u017cytnych religiach i tradycjach \u015bwiata.<\/p>\n\t\t<iframe loading=\"lazy\" title=\"Chakras - The Subtle Centers\" width=\"1920\" height=\"1080\" src=\"https:\/\/www.youtube.com\/embed\/8_ocwivaNcc?feature=oembed\" frameborder=\"0\" allow=\"accelerometer; autoplay; clipboard-write; encrypted-media; gyroscope; picture-in-picture; web-share\" allowfullscreen><\/iframe>\t\n\t<p>Opieraj\u0105c si\u0119 na wiedzy przekazanej przez \u015ari Matad\u017ai, poni\u017csze rozdzia\u0142y szczeg\u00f3\u0142owo opisuj\u0105 ka\u017cd\u0105 czakr\u0119 oraz jej wrodzone cechy. Niekt\u00f3re z tych jako\u015bci przejawiaj\u0105 si\u0119 w nas od urodzenia, jednak wy\u017csze, subtelne cechy ujawniaj\u0105 si\u0119 w pe\u0142ni dopiero po samorealizacji, dzi\u0119ki przebudzeniu <a href=\"https:\/\/shrimataji.org\/test\/pl\/kundalini\/\" target=\"_blank\" rel=\"noopener\">Kundalini<\/a>.<\/p>\n<p>Korzystaj\u0105c z tej subtelnej wiedzy o o\u015brodkach energetycznych, mo\u017cemy \u017cy\u0107 w harmonii z nasz\u0105 duchow\u0105 natur\u0105 oraz z innymi lud\u017ami.<\/p>\n\t<hr \/>\n<h3><a href=\"#citation-ref-1\">[1]<\/a><a name=\"citation-note-1\"><\/a> odnosi si\u0119 do Al-Kijama, znanego w Koranie jako dzie\u0144 zmartwychwstania.<\/h3>\n\n","protected":false},"excerpt":{"rendered":"<p>Czakry i ich cechy Ko\u0142a \u017cycia \u015ari Matad\u017ai wyja\u015bnia\u0142a poszukuj\u0105cym, w jaki spos\u00f3b mo\u017cna realnie odczuwa\u0107 subtelne o\u015brodki (czakry) zar\u00f3wno wewn\u0105trz cia\u0142a, jak i na jego zako\u0144czeniach, takich jak opuszki palc\u00f3w d\u0142oni i st\u00f3p. W zale\u017cno\u015bci od stanu naszej psychiki mo\u017cemy do\u015bwiadcza\u0107 r\u00f3\u017cnych odczu\u0107 &#8211; od ciep\u0142a i ch\u0142odu, po mrowienie czy uczucie ci\u0119\u017cko\u015bci. \u015ari&hellip; <br \/> <a class=\"read-more\" href=\"https:\/\/shrimataji.org\/test\/pl\/czakry-i-ich-cechy\/\">Read more<\/a><\/p>\n","protected":false},"author":1,"featured_media":37932,"parent":0,"menu_order":0,"comment_status":"closed","ping_status":"closed","template":"","meta":{"inline_featured_image":false,"footnotes":""},"class_list":["post-37931","page","type-page","status-publish","has-post-thumbnail","hentry"],"yoast_head":"<!-- This site is optimized with the Yoast SEO plugin v27.4 - https:\/\/yoast.com\/product\/yoast-seo-wordpress\/ -->\n<title>Czakry i ich cechy - TEST - SMND<\/title>\n<meta name=\"robots\" content=\"noindex, follow, max-snippet:-1, max-image-preview:large, max-video-preview:-1\" \/>\n<meta property=\"og:locale\" content=\"en_US\" \/>\n<meta property=\"og:type\" content=\"article\" \/>\n<meta property=\"og:title\" content=\"Czakry i ich cechy - TEST - SMND\" \/>\n<meta property=\"og:description\" content=\"Czakry i ich cechy Ko\u0142a \u017cycia \u015ari Matad\u017ai wyja\u015bnia\u0142a poszukuj\u0105cym, w jaki spos\u00f3b mo\u017cna realnie odczuwa\u0107 subtelne o\u015brodki (czakry) zar\u00f3wno wewn\u0105trz cia\u0142a, jak i na jego zako\u0144czeniach, takich jak opuszki palc\u00f3w d\u0142oni i st\u00f3p. W zale\u017cno\u015bci od stanu naszej psychiki mo\u017cemy do\u015bwiadcza\u0107 r\u00f3\u017cnych odczu\u0107 &#8211; od ciep\u0142a i ch\u0142odu, po mrowienie czy uczucie ci\u0119\u017cko\u015bci. \u015ari&hellip; Read more\" \/>\n<meta property=\"og:url\" content=\"https:\/\/shrimataji.org\/test\/pl\/czakry-i-ich-cechy\/\" \/>\n<meta property=\"og:site_name\" content=\"TEST - SMND\" \/>\n<meta property=\"article:publisher\" content=\"https:\/\/www.facebook.com\/shrimataji\" \/>\n<meta property=\"article:modified_time\" content=\"2026-04-22T05:31:03+00:00\" \/>\n<meta property=\"og:image\" content=\"https:\/\/shrimataji.org\/test\/wp-content\/uploads\/2023\/03\/15_Banner-SY-ChakrasQualities-scaled.jpg\" \/>\n\t<meta property=\"og:image:width\" content=\"2560\" \/>\n\t<meta property=\"og:image:height\" content=\"905\" \/>\n\t<meta property=\"og:image:type\" content=\"image\/jpeg\" \/>\n<meta name=\"twitter:card\" content=\"summary_large_image\" \/>\n<meta name=\"twitter:site\" content=\"@shrimataji\" \/>\n<meta name=\"twitter:label1\" content=\"Est. reading time\" \/>\n\t<meta name=\"twitter:data1\" content=\"4 minutes\" \/>\n<script type=\"application\/ld+json\" class=\"yoast-schema-graph\">{\"@context\":\"https:\\\/\\\/schema.org\",\"@graph\":[{\"@type\":\"WebPage\",\"@id\":\"https:\\\/\\\/shrimataji.org\\\/test\\\/pl\\\/czakry-i-ich-cechy\\\/\",\"url\":\"https:\\\/\\\/shrimataji.org\\\/test\\\/pl\\\/czakry-i-ich-cechy\\\/\",\"name\":\"Czakry i ich cechy - TEST - SMND\",\"isPartOf\":{\"@id\":\"https:\\\/\\\/shrimataji.org\\\/test\\\/#website\"},\"primaryImageOfPage\":{\"@id\":\"https:\\\/\\\/shrimataji.org\\\/test\\\/pl\\\/czakry-i-ich-cechy\\\/#primaryimage\"},\"image\":{\"@id\":\"https:\\\/\\\/shrimataji.org\\\/test\\\/pl\\\/czakry-i-ich-cechy\\\/#primaryimage\"},\"thumbnailUrl\":\"https:\\\/\\\/shrimataji.org\\\/test\\\/wp-content\\\/uploads\\\/2023\\\/03\\\/15_Banner-SY-ChakrasQualities-scaled.jpg\",\"datePublished\":\"2022-02-25T04:05:58+00:00\",\"dateModified\":\"2026-04-22T05:31:03+00:00\",\"breadcrumb\":{\"@id\":\"https:\\\/\\\/shrimataji.org\\\/test\\\/pl\\\/czakry-i-ich-cechy\\\/#breadcrumb\"},\"inLanguage\":\"en-US\",\"potentialAction\":[{\"@type\":\"ReadAction\",\"target\":[\"https:\\\/\\\/shrimataji.org\\\/test\\\/pl\\\/czakry-i-ich-cechy\\\/\"]}]},{\"@type\":\"ImageObject\",\"inLanguage\":\"en-US\",\"@id\":\"https:\\\/\\\/shrimataji.org\\\/test\\\/pl\\\/czakry-i-ich-cechy\\\/#primaryimage\",\"url\":\"https:\\\/\\\/shrimataji.org\\\/test\\\/wp-content\\\/uploads\\\/2023\\\/03\\\/15_Banner-SY-ChakrasQualities-scaled.jpg\",\"contentUrl\":\"https:\\\/\\\/shrimataji.org\\\/test\\\/wp-content\\\/uploads\\\/2023\\\/03\\\/15_Banner-SY-ChakrasQualities-scaled.jpg\",\"width\":2560,\"height\":905},{\"@type\":\"BreadcrumbList\",\"@id\":\"https:\\\/\\\/shrimataji.org\\\/test\\\/pl\\\/czakry-i-ich-cechy\\\/#breadcrumb\",\"itemListElement\":[{\"@type\":\"ListItem\",\"position\":1,\"name\":\"Home\",\"item\":\"https:\\\/\\\/shrimataji.org\\\/test\\\/uk\\\/home-en\\\/\"},{\"@type\":\"ListItem\",\"position\":2,\"name\":\"Czakry i ich cechy\"}]},{\"@type\":\"WebSite\",\"@id\":\"https:\\\/\\\/shrimataji.org\\\/test\\\/#website\",\"url\":\"https:\\\/\\\/shrimataji.org\\\/test\\\/\",\"name\":\"Shri Mataji Nirmala Devi\",\"description\":\"A Life Dedicated to Humanity\",\"publisher\":{\"@id\":\"https:\\\/\\\/shrimataji.org\\\/test\\\/#\\\/schema\\\/person\\\/a1b3419c6585f164aa96da1ff85715d1\"},\"potentialAction\":[{\"@type\":\"SearchAction\",\"target\":{\"@type\":\"EntryPoint\",\"urlTemplate\":\"https:\\\/\\\/shrimataji.org\\\/test\\\/?s={search_term_string}\"},\"query-input\":{\"@type\":\"PropertyValueSpecification\",\"valueRequired\":true,\"valueName\":\"search_term_string\"}}],\"inLanguage\":\"en-US\"},{\"@type\":[\"Person\",\"Organization\"],\"@id\":\"https:\\\/\\\/shrimataji.org\\\/test\\\/#\\\/schema\\\/person\\\/a1b3419c6585f164aa96da1ff85715d1\",\"name\":\"Nirmala Shrivastava\",\"image\":{\"@type\":\"ImageObject\",\"inLanguage\":\"en-US\",\"@id\":\"https:\\\/\\\/shrimataji.org\\\/test\\\/wp-content\\\/uploads\\\/2023\\\/02\\\/SMO_LOGO-03.svg\",\"url\":\"https:\\\/\\\/shrimataji.org\\\/test\\\/wp-content\\\/uploads\\\/2023\\\/02\\\/SMO_LOGO-03.svg\",\"contentUrl\":\"https:\\\/\\\/shrimataji.org\\\/test\\\/wp-content\\\/uploads\\\/2023\\\/02\\\/SMO_LOGO-03.svg\",\"width\":\"1024\",\"height\":\"1024\",\"caption\":\"Nirmala Shrivastava\"},\"logo\":{\"@id\":\"https:\\\/\\\/shrimataji.org\\\/test\\\/wp-content\\\/uploads\\\/2023\\\/02\\\/SMO_LOGO-03.svg\"},\"sameAs\":[\"https:\\\/\\\/shrimataji.org\\\/test\",\"https:\\\/\\\/www.facebook.com\\\/shrimataji\",\"https:\\\/\\\/x.com\\\/shrimataji\",\"https:\\\/\\\/www.youtube.com\\\/@Shri_Mataji_Nirmala_Devi\\\/featured\"]}]}<\/script>\n<!-- \/ Yoast SEO plugin. -->","yoast_head_json":{"title":"Czakry i ich cechy - TEST - SMND","robots":{"index":"noindex","follow":"follow","max-snippet":"max-snippet:-1","max-image-preview":"max-image-preview:large","max-video-preview":"max-video-preview:-1"},"og_locale":"en_US","og_type":"article","og_title":"Czakry i ich cechy - TEST - SMND","og_description":"Czakry i ich cechy Ko\u0142a \u017cycia \u015ari Matad\u017ai wyja\u015bnia\u0142a poszukuj\u0105cym, w jaki spos\u00f3b mo\u017cna realnie odczuwa\u0107 subtelne o\u015brodki (czakry) zar\u00f3wno wewn\u0105trz cia\u0142a, jak i na jego zako\u0144czeniach, takich jak opuszki palc\u00f3w d\u0142oni i st\u00f3p. W zale\u017cno\u015bci od stanu naszej psychiki mo\u017cemy do\u015bwiadcza\u0107 r\u00f3\u017cnych odczu\u0107 &#8211; od ciep\u0142a i ch\u0142odu, po mrowienie czy uczucie ci\u0119\u017cko\u015bci. \u015ari&hellip; Read more","og_url":"https:\/\/shrimataji.org\/test\/pl\/czakry-i-ich-cechy\/","og_site_name":"TEST - SMND","article_publisher":"https:\/\/www.facebook.com\/shrimataji","article_modified_time":"2026-04-22T05:31:03+00:00","og_image":[{"width":2560,"height":905,"url":"https:\/\/shrimataji.org\/test\/wp-content\/uploads\/2023\/03\/15_Banner-SY-ChakrasQualities-scaled.jpg","type":"image\/jpeg"}],"twitter_card":"summary_large_image","twitter_site":"@shrimataji","twitter_misc":{"Est. reading time":"4 minutes"},"schema":{"@context":"https:\/\/schema.org","@graph":[{"@type":"WebPage","@id":"https:\/\/shrimataji.org\/test\/pl\/czakry-i-ich-cechy\/","url":"https:\/\/shrimataji.org\/test\/pl\/czakry-i-ich-cechy\/","name":"Czakry i ich cechy - TEST - SMND","isPartOf":{"@id":"https:\/\/shrimataji.org\/test\/#website"},"primaryImageOfPage":{"@id":"https:\/\/shrimataji.org\/test\/pl\/czakry-i-ich-cechy\/#primaryimage"},"image":{"@id":"https:\/\/shrimataji.org\/test\/pl\/czakry-i-ich-cechy\/#primaryimage"},"thumbnailUrl":"https:\/\/shrimataji.org\/test\/wp-content\/uploads\/2023\/03\/15_Banner-SY-ChakrasQualities-scaled.jpg","datePublished":"2022-02-25T04:05:58+00:00","dateModified":"2026-04-22T05:31:03+00:00","breadcrumb":{"@id":"https:\/\/shrimataji.org\/test\/pl\/czakry-i-ich-cechy\/#breadcrumb"},"inLanguage":"en-US","potentialAction":[{"@type":"ReadAction","target":["https:\/\/shrimataji.org\/test\/pl\/czakry-i-ich-cechy\/"]}]},{"@type":"ImageObject","inLanguage":"en-US","@id":"https:\/\/shrimataji.org\/test\/pl\/czakry-i-ich-cechy\/#primaryimage","url":"https:\/\/shrimataji.org\/test\/wp-content\/uploads\/2023\/03\/15_Banner-SY-ChakrasQualities-scaled.jpg","contentUrl":"https:\/\/shrimataji.org\/test\/wp-content\/uploads\/2023\/03\/15_Banner-SY-ChakrasQualities-scaled.jpg","width":2560,"height":905},{"@type":"BreadcrumbList","@id":"https:\/\/shrimataji.org\/test\/pl\/czakry-i-ich-cechy\/#breadcrumb","itemListElement":[{"@type":"ListItem","position":1,"name":"Home","item":"https:\/\/shrimataji.org\/test\/uk\/home-en\/"},{"@type":"ListItem","position":2,"name":"Czakry i ich cechy"}]},{"@type":"WebSite","@id":"https:\/\/shrimataji.org\/test\/#website","url":"https:\/\/shrimataji.org\/test\/","name":"Shri Mataji Nirmala Devi","description":"A Life Dedicated to Humanity","publisher":{"@id":"https:\/\/shrimataji.org\/test\/#\/schema\/person\/a1b3419c6585f164aa96da1ff85715d1"},"potentialAction":[{"@type":"SearchAction","target":{"@type":"EntryPoint","urlTemplate":"https:\/\/shrimataji.org\/test\/?s={search_term_string}"},"query-input":{"@type":"PropertyValueSpecification","valueRequired":true,"valueName":"search_term_string"}}],"inLanguage":"en-US"},{"@type":["Person","Organization"],"@id":"https:\/\/shrimataji.org\/test\/#\/schema\/person\/a1b3419c6585f164aa96da1ff85715d1","name":"Nirmala Shrivastava","image":{"@type":"ImageObject","inLanguage":"en-US","@id":"https:\/\/shrimataji.org\/test\/wp-content\/uploads\/2023\/02\/SMO_LOGO-03.svg","url":"https:\/\/shrimataji.org\/test\/wp-content\/uploads\/2023\/02\/SMO_LOGO-03.svg","contentUrl":"https:\/\/shrimataji.org\/test\/wp-content\/uploads\/2023\/02\/SMO_LOGO-03.svg","width":"1024","height":"1024","caption":"Nirmala Shrivastava"},"logo":{"@id":"https:\/\/shrimataji.org\/test\/wp-content\/uploads\/2023\/02\/SMO_LOGO-03.svg"},"sameAs":["https:\/\/shrimataji.org\/test","https:\/\/www.facebook.com\/shrimataji","https:\/\/x.com\/shrimataji","https:\/\/www.youtube.com\/@Shri_Mataji_Nirmala_Devi\/featured"]}]}},"lang":"pl","translations":{"pl":37931,"ur":37400,"en":6476,"am":17971,"th":19901,"hu":19446,"sq":18372,"zh":17269,"hi":7374,"tr":10139,"pt":10355,"de":10628,"fr":10726,"it":10824,"es":10922,"ja":11219,"ru":11407,"bn":11599,"te":11707,"sw":11830,"he":11978,"el":12269,"sk":12367,"fa":12465,"fi":12563,"bg":13378,"ro":14452,"cs":14645,"nl":16532,"ku":16692,"ar":16868,"be":18579,"kn":18853,"mr":20265,"uk":20557,"ml":20856,"ta":22687,"sv":22960,"gu":28808,"pa":28966,"fil":29406,"da":37714,"nn":38266},"pll_sync_post":[],"_links":{"self":[{"href":"https:\/\/shrimataji.org\/test\/wp-json\/wp\/v2\/pages\/37931","targetHints":{"allow":["GET"]}}],"collection":[{"href":"https:\/\/shrimataji.org\/test\/wp-json\/wp\/v2\/pages"}],"about":[{"href":"https:\/\/shrimataji.org\/test\/wp-json\/wp\/v2\/types\/page"}],"author":[{"embeddable":true,"href":"https:\/\/shrimataji.org\/test\/wp-json\/wp\/v2\/users\/1"}],"replies":[{"embeddable":true,"href":"https:\/\/shrimataji.org\/test\/wp-json\/wp\/v2\/comments?post=37931"}],"version-history":[{"count":0,"href":"https:\/\/shrimataji.org\/test\/wp-json\/wp\/v2\/pages\/37931\/revisions"}],"wp:featuredmedia":[{"embeddable":true,"href":"https:\/\/shrimataji.org\/test\/wp-json\/wp\/v2\/media\/37932"}],"wp:attachment":[{"href":"https:\/\/shrimataji.org\/test\/wp-json\/wp\/v2\/media?parent=37931"}],"curies":[{"name":"wp","href":"https:\/\/api.w.org\/{rel}","templated":true}]}}