{"id":37935,"date":"2018-07-10T06:54:46","date_gmt":"2018-07-10T06:54:46","guid":{"rendered":"http:\/\/testwordpress.nirmalnagari.org\/smnd\/index.php\/college-years\/"},"modified":"2026-04-13T10:36:00","modified_gmt":"2026-04-13T10:36:00","slug":"lata-studenckie","status":"publish","type":"page","link":"https:\/\/shrimataji.org\/test\/pl\/lata-studenckie\/","title":{"rendered":"Lata studenckie"},"content":{"rendered":"\n\n\t<h1>Walka o wolno\u015b\u0107<\/h1>\n\t<div class=\"su-quote su-quote-style-default\"><div class=\"su-quote-inner su-u-clearfix su-u-trim\">Pola waszych wiosek \u015bpiewa\u0142y o Twej chwale, a miasta nios\u0142y echo melodii<br \/>\n&#8211; Zwyci\u0119stwo Matce Indiom, Zwyci\u0119stwo Tobie!\u00a0<\/div><\/div>\n\t<h4>O p\u00f3\u0142nocy 15 sierpnia 1947 roku miliony ludzi wita\u0142y wolno\u015b\u0107 swojego kraju. W miastach i wioskach ca\u0142ych Indii wci\u0105gni\u0119to na maszty tr\u00f3jkolorowe flagi.<\/h4>\n<figure itemscope itemtype=\"https:\/\/schema.org\/ImageObject\">\n\t\t\t\t<img decoding=\"async\" src=\"https:\/\/shrimataji.org\/test\/wp-content\/uploads\/2024\/11\/EN_shri-mataji-nirmala-devi-portrait-13yrs-old-763x1024.jpg\" alt=\"Shri Mataji as a young woman\" height=\"1024\" width=\"763\" title=\"EN_shri-mataji-nirmala-devi-portrait-13yrs-old\" onerror=\"this.style.display='none'\" loading=\"lazy\" \/>\n\t\t<figcaption>\u015ari Matad\u017ai jako m\u0142oda kobieta<\/figcaption>\n\t<\/figure>\n\t<p>\u201eWidzia\u0142am, jak opuszczano flag\u0119 brytyjsk\u0105, a w jej miejsce wznoszono nasz\u0105 tr\u00f3jkolorow\u0105 bander\u0119. To by\u0142 moment &#8211; nie do opisania&#8221; &#8211; wspomina\u0142a \u015ari Matad\u017ai. \u201eNie potrafi\u0119 wyrazi\u0107, co wtedy czu\u0142am &#8211; to by\u0142o poczucie, \u017ce prawda w taki czy inny spos\u00f3b zwyci\u0119\u017cy\u0142a fa\u0142sz. Sprawiedliwo\u015b\u0107 zatriumfowa\u0142a nad niesprawiedliwo\u015bci\u0105&#8221;.<\/p>\n<p>Po latach brytyjskiej dominacji walka o niepodleg\u0142o\u015b\u0107 w ko\u0144cu wyda\u0142a owoce dzi\u0119ki m\u0119stwu i po\u015bwi\u0119ceniu niezliczonych obywateli. \u201eIlu\u017c ludzi si\u0119 po\u015bwi\u0119ci\u0142o, ilu by\u0142o m\u0119czennik\u00f3w&#8221; &#8211; m\u00f3wi\u0142a.<\/p>\n<p>Po\u015bwi\u0119cenie Jej rodziny zacz\u0119\u0142o si\u0119, gdy \u015ari Matad\u017ai mia\u0142a zaledwie osiem lat &#8211; Jej rodzice trafili do wi\u0119zienia za udzia\u0142 w walce o wolno\u015b\u0107. Ju\u017c w tak m\u0142odym wieku przej\u0119\u0142a opiek\u0119 nad m\u0142odszym rodze\u0144stwem. Zmuszona do opuszczenia wygodnego domu, rodzina wiod\u0142a sparta\u0144skie \u017cycie &#8211; mieszkali w ma\u0142ych chatach, spali na pod\u0142odze, a czasem brakowa\u0142o im jedzenia. \u201ePoczucie, \u017ce wszystko, co robi\u0105 nasi rodzice, s\u0142u\u017cy wolno\u015bci kraju, by\u0142o tak uskrzydlaj\u0105ce&#8230; \u017ce nawet nie my\u015bleli\u015bmy o wygodach, o kt\u00f3re zwykle prosz\u0105 dzieci&#8221; &#8211; wspomina\u0142a \u015ari Matad\u017ai.<\/p>\n\t<p>Podczas studi\u00f3w w Christian Medical College w Lahore \u015ari Matad\u017ai zosta\u0142a liderk\u0105 m\u0142odzie\u017cow\u0105, aktywnie anga\u017cuj\u0105c si\u0119 w zainicjowany przez Mahatm\u0119 Gandhiego ruch \u201eOpu\u015bcie Indie&#8221; (Quit India Movement) w 1942 roku<a href=\"#citation-note-1\"><sup>[1]<\/sup><\/a>. Wielokrotnie j\u0105 aresztowano, a nawet torturowano, lecz nie z\u0142ama\u0142o to jej determinacji w walce o wolno\u015b\u0107 Indii.<\/p>\n<p>W tym czasie spotka\u0142a pe\u0142nego obaw m\u0119\u017cczyzn\u0119, kt\u00f3ry odradza\u0142 jej udzia\u0142 w tym ruchu, twierdz\u0105c, \u017ce jest to zbyt niebezpieczne dla m\u0142odej kobiety. Radzi\u0142 jej, by zosta\u0142a w domu z matk\u0105, ale ojciec \u015ari Matad\u017ai nie chcia\u0142 o tym s\u0142ysze\u0107. \u201eM\u00f3j ojciec zawo\u0142a\u0142 mnie na bok&#8221; &#8211; opowiada\u0142a \u015ari Matad\u017ai. \u201ePowiedzia\u0142: \u201eNie s\u0142uchaj tego starca. Jak on \u015bmie wygadywa\u0107 ci takie bzdury? Jestem z ciebie ogromnie dumny. Mam nadziej\u0119, \u017ce wszystkie moje dzieci b\u0119d\u0105 takie jak ty&#8221;&#8221;.<\/p>\n\t<div class=\"epyt-video-wrapper\"><div  data-ep-a=\"fadeIn\"  style=\"display: block; margin: 0px auto;\"  id=\"_ytid_86954\"  width=\"3840\" height=\"2160\"  data-origwidth=\"3840\" data-origheight=\"2160\" data-facadesrc=\"https:\/\/www.youtube.com\/embed\/o43faH-pzzc?enablejsapi=1&autoplay=0&cc_load_policy=0&cc_lang_pref=&iv_load_policy=1&loop=0&rel=0&fs=1&playsinline=1&autohide=2&theme=dark&color=red&controls=1&disablekb=0&\" class=\"__youtube_prefs__ epyt-facade  no-lazyload\" data-epautoplay=\"1\" ><img decoding=\"async\" data-spai-excluded=\"true\" class=\"epyt-facade-poster skip-lazy\" loading=\"lazy\"  alt=\"YouTube player\"  src=\"https:\/\/i.ytimg.com\/vi\/o43faH-pzzc\/maxresdefault.jpg\"  \/><button class=\"epyt-facade-play\" aria-label=\"Play\"><svg data-no-lazy=\"1\" height=\"100%\" version=\"1.1\" viewBox=\"0 0 68 48\" width=\"100%\"><path class=\"ytp-large-play-button-bg\" d=\"M66.52,7.74c-0.78-2.93-2.49-5.41-5.42-6.19C55.79,.13,34,0,34,0S12.21,.13,6.9,1.55 C3.97,2.33,2.27,4.81,1.48,7.74C0.06,13.05,0,24,0,24s0.06,10.95,1.48,16.26c0.78,2.93,2.49,5.41,5.42,6.19 C12.21,47.87,34,48,34,48s21.79-0.13,27.1-1.55c2.93-0.78,4.64-3.26,5.42-6.19C67.94,34.95,68,24,68,24S67.94,13.05,66.52,7.74z\" fill=\"#f00\"><\/path><path d=\"M 45,24 27,14 27,34\" fill=\"#fff\"><\/path><\/svg><\/button><\/div><\/div><span itemprop=\"video\" itemscope itemtype=\"http:\/\/schema.org\/VideoObject\"><meta itemprop=\"embedUrl\" content=\"https:\/\/www.youtube.com\/embed\/o43faH-pzzc\"><meta itemprop=\"name\" content=\"India&#039;s Freedom And Independence\"><meta itemprop=\"description\" content=\"Shri Mataji remembers her family&#039;s role in the struggle for Indian independence. Sacrifices were made for the sake of political freedom, as Mahatma Gandhi, with a special charm, transformed the people into a new personality. Indians felt themselves to be no longer helpless individuals, but a part of something great. From this political struggle, we can today learn how to attain the freedom of our spirit. More videos at: http:\/\/ShriMataji.org ~ A Life Dedicated to Humanity ~\"><meta itemprop=\"thumbnailUrl\" content=\"https:\/\/i.ytimg.com\/vi\/o43faH-pzzc\/0.jpg\"><meta itemprop=\"duration\" content=\"PT3M52S\"><meta itemprop=\"uploadDate\" content=\"2020-07-20T00:28:05Z\"><\/span>\n\t<p>Indie odzyska\u0142y wolno\u015b\u0107, cho\u0107 brytyjska polityka \u201edziel i rz\u0105d\u017a&#8221; pozostawi\u0142a po sobie trwa\u0142y \u015blad, doprowadzaj\u0105c ostatecznie do powstania trzech odr\u0119bnych pa\u0144stw: Indii, Pakistanu i Bangladeszu. W chaosie, kt\u00f3ry nasta\u0142 po uzyskaniu niepodleg\u0142o\u015bci, mimo bezpo\u015bredniego zagro\u017cenia w\u0142asnego \u017cycia, \u015ari Matad\u017ai przyj\u0119\u0142a pod sw\u00f3j dach muzu\u0142ma\u0144sk\u0105 rodzin\u0119 szukaj\u0105c\u0105 schronienia. Nigdy nikogo nie dyskryminowa\u0142a ze wzgl\u0119du na religi\u0119 czy pochodzenie, zawsze opowiadaj\u0105c si\u0119 za integracj\u0105.<\/p>\n\t<div class=\"su-quote su-quote-style-default\"><div class=\"su-quote-inner su-u-clearfix su-u-trim\">Powiniene\u015b kocha\u0107 sw\u00f3j kraj z nadziej\u0105, \u017ce pewnego dnia wszyscy b\u0119dziemy tworzy\u0107 jeden wsp\u00f3lny \u015bwiat.\u00a0<\/div><\/div>\n\t\t<iframe loading=\"lazy\" title=\"Her Studies, Indian Independence, Gandhi\" width=\"1440\" height=\"1080\" src=\"https:\/\/www.youtube.com\/embed\/R3BuPaDgo4c?feature=oembed\" frameborder=\"0\" allow=\"accelerometer; autoplay; clipboard-write; encrypted-media; gyroscope; picture-in-picture; web-share\" allowfullscreen><\/iframe>\t\n\t\t<iframe loading=\"lazy\" title=\"Independence And Education\" width=\"1440\" height=\"1080\" src=\"https:\/\/www.youtube.com\/embed\/6zp6ERRkSy8?feature=oembed\" frameborder=\"0\" allow=\"accelerometer; autoplay; clipboard-write; encrypted-media; gyroscope; picture-in-picture; web-share\" allowfullscreen><\/iframe> \t\n\t<hr \/>\n<h3>1. <a href=\"#citation-ref-1\">^<\/a> <a name=\"citation-note-1\"><\/a> Ruch obywatelskiego niepos\u0142usze\u0144stwa zainicjowany w sierpniu 1942 roku przez M.K. Gandhiego i Indyjski Kongres Narodowy, wzywaj\u0105cy do zdecydowanego, lecz pokojowego oporu wobec brytyjskich rz\u0105d\u00f3w oraz do \u201euporz\u0105dkowanego wycofania si\u0119 Brytyjczyk\u00f3w&#8221; z Indii (Wikipedia, wolna encyklopedia).<\/h3>\n\n","protected":false},"excerpt":{"rendered":"<p>Walka o wolno\u015b\u0107 O p\u00f3\u0142nocy 15 sierpnia 1947 roku miliony ludzi wita\u0142y wolno\u015b\u0107 swojego kraju. W miastach i wioskach ca\u0142ych Indii wci\u0105gni\u0119to na maszty tr\u00f3jkolorowe flagi. \u015ari Matad\u017ai jako m\u0142oda kobieta \u201eWidzia\u0142am, jak opuszczano flag\u0119 brytyjsk\u0105, a w jej miejsce wznoszono nasz\u0105 tr\u00f3jkolorow\u0105 bander\u0119. To by\u0142 moment &#8211; nie do opisania&#8221; &#8211; wspomina\u0142a \u015ari Matad\u017ai.&hellip; <br \/> <a class=\"read-more\" href=\"https:\/\/shrimataji.org\/test\/pl\/lata-studenckie\/\">Read more<\/a><\/p>\n","protected":false},"author":1,"featured_media":37937,"parent":0,"menu_order":0,"comment_status":"closed","ping_status":"closed","template":"","meta":{"inline_featured_image":false,"footnotes":""},"class_list":["post-37935","page","type-page","status-publish","has-post-thumbnail","hentry"],"yoast_head":"<!-- This site is optimized with the Yoast SEO plugin v27.4 - https:\/\/yoast.com\/product\/yoast-seo-wordpress\/ -->\n<title>Lata studenckie - TEST - SMND<\/title>\n<meta name=\"robots\" content=\"noindex, follow, max-snippet:-1, max-image-preview:large, max-video-preview:-1\" \/>\n<meta property=\"og:locale\" content=\"en_US\" \/>\n<meta property=\"og:type\" content=\"article\" \/>\n<meta property=\"og:title\" content=\"Lata studenckie - TEST - SMND\" \/>\n<meta property=\"og:description\" content=\"Walka o wolno\u015b\u0107 O p\u00f3\u0142nocy 15 sierpnia 1947 roku miliony ludzi wita\u0142y wolno\u015b\u0107 swojego kraju. W miastach i wioskach ca\u0142ych Indii wci\u0105gni\u0119to na maszty tr\u00f3jkolorowe flagi. \u015ari Matad\u017ai jako m\u0142oda kobieta \u201eWidzia\u0142am, jak opuszczano flag\u0119 brytyjsk\u0105, a w jej miejsce wznoszono nasz\u0105 tr\u00f3jkolorow\u0105 bander\u0119. To by\u0142 moment &#8211; nie do opisania&#8221; &#8211; wspomina\u0142a \u015ari Matad\u017ai.&hellip; Read more\" \/>\n<meta property=\"og:url\" content=\"https:\/\/shrimataji.org\/test\/pl\/lata-studenckie\/\" \/>\n<meta property=\"og:site_name\" content=\"TEST - SMND\" \/>\n<meta property=\"article:publisher\" content=\"https:\/\/www.facebook.com\/shrimataji\" \/>\n<meta property=\"article:modified_time\" content=\"2026-04-13T10:36:00+00:00\" \/>\n<meta property=\"og:image\" content=\"https:\/\/shrimataji.org\/test\/wp-content\/uploads\/2023\/03\/2_Banner_EarlyLife-College-2-scaled.jpg\" \/>\n\t<meta property=\"og:image:width\" content=\"2560\" \/>\n\t<meta property=\"og:image:height\" content=\"905\" \/>\n\t<meta property=\"og:image:type\" content=\"image\/jpeg\" \/>\n<meta name=\"twitter:card\" content=\"summary_large_image\" \/>\n<meta name=\"twitter:site\" content=\"@shrimataji\" \/>\n<meta name=\"twitter:label1\" content=\"Est. reading time\" \/>\n\t<meta name=\"twitter:data1\" content=\"3 minutes\" \/>\n<script type=\"application\/ld+json\" class=\"yoast-schema-graph\">{\"@context\":\"https:\\\/\\\/schema.org\",\"@graph\":[{\"@type\":\"WebPage\",\"@id\":\"https:\\\/\\\/shrimataji.org\\\/test\\\/pl\\\/lata-studenckie\\\/\",\"url\":\"https:\\\/\\\/shrimataji.org\\\/test\\\/pl\\\/lata-studenckie\\\/\",\"name\":\"Lata studenckie - TEST - SMND\",\"isPartOf\":{\"@id\":\"https:\\\/\\\/shrimataji.org\\\/test\\\/#website\"},\"primaryImageOfPage\":{\"@id\":\"https:\\\/\\\/shrimataji.org\\\/test\\\/pl\\\/lata-studenckie\\\/#primaryimage\"},\"image\":{\"@id\":\"https:\\\/\\\/shrimataji.org\\\/test\\\/pl\\\/lata-studenckie\\\/#primaryimage\"},\"thumbnailUrl\":\"https:\\\/\\\/shrimataji.org\\\/test\\\/wp-content\\\/uploads\\\/2023\\\/03\\\/2_Banner_EarlyLife-College-2-scaled.jpg\",\"datePublished\":\"2018-07-10T06:54:46+00:00\",\"dateModified\":\"2026-04-13T10:36:00+00:00\",\"breadcrumb\":{\"@id\":\"https:\\\/\\\/shrimataji.org\\\/test\\\/pl\\\/lata-studenckie\\\/#breadcrumb\"},\"inLanguage\":\"en-US\",\"potentialAction\":[{\"@type\":\"ReadAction\",\"target\":[\"https:\\\/\\\/shrimataji.org\\\/test\\\/pl\\\/lata-studenckie\\\/\"]}]},{\"@type\":\"ImageObject\",\"inLanguage\":\"en-US\",\"@id\":\"https:\\\/\\\/shrimataji.org\\\/test\\\/pl\\\/lata-studenckie\\\/#primaryimage\",\"url\":\"https:\\\/\\\/shrimataji.org\\\/test\\\/wp-content\\\/uploads\\\/2023\\\/03\\\/2_Banner_EarlyLife-College-2-scaled.jpg\",\"contentUrl\":\"https:\\\/\\\/shrimataji.org\\\/test\\\/wp-content\\\/uploads\\\/2023\\\/03\\\/2_Banner_EarlyLife-College-2-scaled.jpg\",\"width\":2560,\"height\":905},{\"@type\":\"BreadcrumbList\",\"@id\":\"https:\\\/\\\/shrimataji.org\\\/test\\\/pl\\\/lata-studenckie\\\/#breadcrumb\",\"itemListElement\":[{\"@type\":\"ListItem\",\"position\":1,\"name\":\"Home\",\"item\":\"https:\\\/\\\/shrimataji.org\\\/test\\\/uk\\\/home-en\\\/\"},{\"@type\":\"ListItem\",\"position\":2,\"name\":\"Lata studenckie\"}]},{\"@type\":\"WebSite\",\"@id\":\"https:\\\/\\\/shrimataji.org\\\/test\\\/#website\",\"url\":\"https:\\\/\\\/shrimataji.org\\\/test\\\/\",\"name\":\"Shri Mataji Nirmala Devi\",\"description\":\"A Life Dedicated to Humanity\",\"publisher\":{\"@id\":\"https:\\\/\\\/shrimataji.org\\\/test\\\/#\\\/schema\\\/person\\\/a1b3419c6585f164aa96da1ff85715d1\"},\"potentialAction\":[{\"@type\":\"SearchAction\",\"target\":{\"@type\":\"EntryPoint\",\"urlTemplate\":\"https:\\\/\\\/shrimataji.org\\\/test\\\/?s={search_term_string}\"},\"query-input\":{\"@type\":\"PropertyValueSpecification\",\"valueRequired\":true,\"valueName\":\"search_term_string\"}}],\"inLanguage\":\"en-US\"},{\"@type\":[\"Person\",\"Organization\"],\"@id\":\"https:\\\/\\\/shrimataji.org\\\/test\\\/#\\\/schema\\\/person\\\/a1b3419c6585f164aa96da1ff85715d1\",\"name\":\"Nirmala Shrivastava\",\"image\":{\"@type\":\"ImageObject\",\"inLanguage\":\"en-US\",\"@id\":\"https:\\\/\\\/shrimataji.org\\\/test\\\/wp-content\\\/uploads\\\/2023\\\/02\\\/SMO_LOGO-03.svg\",\"url\":\"https:\\\/\\\/shrimataji.org\\\/test\\\/wp-content\\\/uploads\\\/2023\\\/02\\\/SMO_LOGO-03.svg\",\"contentUrl\":\"https:\\\/\\\/shrimataji.org\\\/test\\\/wp-content\\\/uploads\\\/2023\\\/02\\\/SMO_LOGO-03.svg\",\"width\":\"1024\",\"height\":\"1024\",\"caption\":\"Nirmala Shrivastava\"},\"logo\":{\"@id\":\"https:\\\/\\\/shrimataji.org\\\/test\\\/wp-content\\\/uploads\\\/2023\\\/02\\\/SMO_LOGO-03.svg\"},\"sameAs\":[\"https:\\\/\\\/shrimataji.org\\\/test\",\"https:\\\/\\\/www.facebook.com\\\/shrimataji\",\"https:\\\/\\\/x.com\\\/shrimataji\",\"https:\\\/\\\/www.youtube.com\\\/@Shri_Mataji_Nirmala_Devi\\\/featured\"]}]}<\/script>\n<!-- \/ Yoast SEO plugin. -->","yoast_head_json":{"title":"Lata studenckie - TEST - SMND","robots":{"index":"noindex","follow":"follow","max-snippet":"max-snippet:-1","max-image-preview":"max-image-preview:large","max-video-preview":"max-video-preview:-1"},"og_locale":"en_US","og_type":"article","og_title":"Lata studenckie - TEST - SMND","og_description":"Walka o wolno\u015b\u0107 O p\u00f3\u0142nocy 15 sierpnia 1947 roku miliony ludzi wita\u0142y wolno\u015b\u0107 swojego kraju. W miastach i wioskach ca\u0142ych Indii wci\u0105gni\u0119to na maszty tr\u00f3jkolorowe flagi. \u015ari Matad\u017ai jako m\u0142oda kobieta \u201eWidzia\u0142am, jak opuszczano flag\u0119 brytyjsk\u0105, a w jej miejsce wznoszono nasz\u0105 tr\u00f3jkolorow\u0105 bander\u0119. To by\u0142 moment &#8211; nie do opisania&#8221; &#8211; wspomina\u0142a \u015ari Matad\u017ai.&hellip; Read more","og_url":"https:\/\/shrimataji.org\/test\/pl\/lata-studenckie\/","og_site_name":"TEST - SMND","article_publisher":"https:\/\/www.facebook.com\/shrimataji","article_modified_time":"2026-04-13T10:36:00+00:00","og_image":[{"width":2560,"height":905,"url":"https:\/\/shrimataji.org\/test\/wp-content\/uploads\/2023\/03\/2_Banner_EarlyLife-College-2-scaled.jpg","type":"image\/jpeg"}],"twitter_card":"summary_large_image","twitter_site":"@shrimataji","twitter_misc":{"Est. reading time":"3 minutes"},"schema":{"@context":"https:\/\/schema.org","@graph":[{"@type":"WebPage","@id":"https:\/\/shrimataji.org\/test\/pl\/lata-studenckie\/","url":"https:\/\/shrimataji.org\/test\/pl\/lata-studenckie\/","name":"Lata studenckie - TEST - SMND","isPartOf":{"@id":"https:\/\/shrimataji.org\/test\/#website"},"primaryImageOfPage":{"@id":"https:\/\/shrimataji.org\/test\/pl\/lata-studenckie\/#primaryimage"},"image":{"@id":"https:\/\/shrimataji.org\/test\/pl\/lata-studenckie\/#primaryimage"},"thumbnailUrl":"https:\/\/shrimataji.org\/test\/wp-content\/uploads\/2023\/03\/2_Banner_EarlyLife-College-2-scaled.jpg","datePublished":"2018-07-10T06:54:46+00:00","dateModified":"2026-04-13T10:36:00+00:00","breadcrumb":{"@id":"https:\/\/shrimataji.org\/test\/pl\/lata-studenckie\/#breadcrumb"},"inLanguage":"en-US","potentialAction":[{"@type":"ReadAction","target":["https:\/\/shrimataji.org\/test\/pl\/lata-studenckie\/"]}]},{"@type":"ImageObject","inLanguage":"en-US","@id":"https:\/\/shrimataji.org\/test\/pl\/lata-studenckie\/#primaryimage","url":"https:\/\/shrimataji.org\/test\/wp-content\/uploads\/2023\/03\/2_Banner_EarlyLife-College-2-scaled.jpg","contentUrl":"https:\/\/shrimataji.org\/test\/wp-content\/uploads\/2023\/03\/2_Banner_EarlyLife-College-2-scaled.jpg","width":2560,"height":905},{"@type":"BreadcrumbList","@id":"https:\/\/shrimataji.org\/test\/pl\/lata-studenckie\/#breadcrumb","itemListElement":[{"@type":"ListItem","position":1,"name":"Home","item":"https:\/\/shrimataji.org\/test\/uk\/home-en\/"},{"@type":"ListItem","position":2,"name":"Lata studenckie"}]},{"@type":"WebSite","@id":"https:\/\/shrimataji.org\/test\/#website","url":"https:\/\/shrimataji.org\/test\/","name":"Shri Mataji Nirmala Devi","description":"A Life Dedicated to Humanity","publisher":{"@id":"https:\/\/shrimataji.org\/test\/#\/schema\/person\/a1b3419c6585f164aa96da1ff85715d1"},"potentialAction":[{"@type":"SearchAction","target":{"@type":"EntryPoint","urlTemplate":"https:\/\/shrimataji.org\/test\/?s={search_term_string}"},"query-input":{"@type":"PropertyValueSpecification","valueRequired":true,"valueName":"search_term_string"}}],"inLanguage":"en-US"},{"@type":["Person","Organization"],"@id":"https:\/\/shrimataji.org\/test\/#\/schema\/person\/a1b3419c6585f164aa96da1ff85715d1","name":"Nirmala Shrivastava","image":{"@type":"ImageObject","inLanguage":"en-US","@id":"https:\/\/shrimataji.org\/test\/wp-content\/uploads\/2023\/02\/SMO_LOGO-03.svg","url":"https:\/\/shrimataji.org\/test\/wp-content\/uploads\/2023\/02\/SMO_LOGO-03.svg","contentUrl":"https:\/\/shrimataji.org\/test\/wp-content\/uploads\/2023\/02\/SMO_LOGO-03.svg","width":"1024","height":"1024","caption":"Nirmala Shrivastava"},"logo":{"@id":"https:\/\/shrimataji.org\/test\/wp-content\/uploads\/2023\/02\/SMO_LOGO-03.svg"},"sameAs":["https:\/\/shrimataji.org\/test","https:\/\/www.facebook.com\/shrimataji","https:\/\/x.com\/shrimataji","https:\/\/www.youtube.com\/@Shri_Mataji_Nirmala_Devi\/featured"]}]}},"lang":"pl","translations":{"pl":37935,"ur":37404,"en":413,"am":17975,"th":19907,"hu":19450,"sq":18376,"zh":17273,"hi":8384,"tr":10144,"pt":10357,"de":10631,"fr":10729,"it":10827,"es":10924,"ja":11221,"ru":11409,"bn":11601,"te":11709,"sw":11832,"he":11980,"el":12271,"sk":12369,"fa":12467,"fi":12565,"bg":13452,"ro":14526,"cs":14719,"nl":16536,"ku":16696,"ar":16872,"be":18583,"kn":18857,"mr":20271,"uk":20563,"ml":20862,"ta":22691,"sv":22964,"gu":28812,"pa":28970,"fil":29410,"da":37718,"nn":38270},"pll_sync_post":[],"_links":{"self":[{"href":"https:\/\/shrimataji.org\/test\/wp-json\/wp\/v2\/pages\/37935","targetHints":{"allow":["GET"]}}],"collection":[{"href":"https:\/\/shrimataji.org\/test\/wp-json\/wp\/v2\/pages"}],"about":[{"href":"https:\/\/shrimataji.org\/test\/wp-json\/wp\/v2\/types\/page"}],"author":[{"embeddable":true,"href":"https:\/\/shrimataji.org\/test\/wp-json\/wp\/v2\/users\/1"}],"replies":[{"embeddable":true,"href":"https:\/\/shrimataji.org\/test\/wp-json\/wp\/v2\/comments?post=37935"}],"version-history":[{"count":0,"href":"https:\/\/shrimataji.org\/test\/wp-json\/wp\/v2\/pages\/37935\/revisions"}],"wp:featuredmedia":[{"embeddable":true,"href":"https:\/\/shrimataji.org\/test\/wp-json\/wp\/v2\/media\/37937"}],"wp:attachment":[{"href":"https:\/\/shrimataji.org\/test\/wp-json\/wp\/v2\/media?parent=37935"}],"curies":[{"name":"wp","href":"https:\/\/api.w.org\/{rel}","templated":true}]}}