{"id":37938,"date":"2018-07-10T06:54:42","date_gmt":"2018-07-10T06:54:42","guid":{"rendered":"http:\/\/testwordpress.nirmalnagari.org\/smnd\/index.php\/creativity\/"},"modified":"2026-04-22T05:12:56","modified_gmt":"2026-04-22T05:12:56","slug":"kreatywnosc","status":"publish","type":"page","link":"https:\/\/shrimataji.org\/test\/pl\/kreatywnosc\/","title":{"rendered":"Kreatywno\u015b\u0107"},"content":{"rendered":"\n\n\t<h1>Kreatywno\u015b\u0107<\/h1>\n<h2>Wyra\u017canie wewn\u0119trznego pi\u0119kna<\/h2>\n\t<h4>Przez ca\u0142e swoje \u017cycie i dzia\u0142alno\u015b\u0107 \u015ari Matad\u017ai po\u015bwi\u0119ca\u0142a wiele czasu i energii na promowanie sztuki. Postrzega\u0142a j\u0105 jako jeden z g\u0142\u00f3wnych sposob\u00f3w wyra\u017cania i wzbogacania kultur \u015bwiata. Szczeg\u00f3lnie zale\u017ca\u0142o Jej na zachowaniu bogatych, staro\u017cytnych tradycji artystycznych Jej ojczystych Indii, dlatego aktywnie wspiera\u0142a ich popularyzacj\u0119 na ca\u0142ym \u015bwiecie.<\/h4>\n<figure itemscope itemtype=\"https:\/\/schema.org\/ImageObject\">\n\t\t\t\t<img decoding=\"async\" src=\"https:\/\/shrimataji.org\/test\/wp-content\/uploads\/2018\/07\/media_originals\/images\/art\/blick-vom-garten-1024x722.jpg\" alt=\"blick-vom-garten\" height=\"722\" width=\"1024\" height=\"722\" width=\"1024\" title=\"blick-vom-garten\" onerror=\"this.style.display='none'\" loading=\"lazy\" \/>\n\t<\/figure>\n\t<p>W 2003 roku \u015ari Matad\u017ai, z pomoc\u0105 swojego brata (nazywanego czule Babamama), za\u0142o\u017cy\u0142a o\u015brodek sztuki w indyjskim stanie Maharasztra. Studenci z ca\u0142ego \u015bwiata przyje\u017cd\u017caj\u0105 tam, by w spokojnej, wiejskiej okolicy uczy\u0107 si\u0119 klasycznej indyjskiej muzyki, ta\u0144ca i malarstwa. \u015ari Matad\u017ai osobi\u015bcie nadzorowa\u0142a projekt architektoniczny <a href=\"https:\/\/www.pksacademy.com\/\" target=\"_blank\" rel=\"noopener\">Akademii Sztuk Pi\u0119knych P.K. Salve<\/a>, a tak\u017ce innych budynk\u00f3w wzniesionych w celach humanitarnych, w tym <a href=\"https:\/\/www.nirmalprem.org\/\" target=\"_blank\" rel=\"noopener\">Centrum Wiszwa Nirmala Prem<\/a> dla potrzebuj\u0105cych kobiet i osieroconych dzieci w Delhi.<\/p>\n<p>Dostrzega\u0142a ogromne znaczenie wyrob\u00f3w r\u0119kodzielniczych i kontynuuj\u0105c tradycj\u0119 Mahatmy Gandhiego, konsekwentnie wspiera\u0142a rzemios\u0142o i przemys\u0142 domowy, kt\u00f3re s\u0105 kluczowe dla \u017cycia gospodarczego i kulturalnego Indii.<\/p>\n\t<p>Przez lata \u015ari Matad\u017ai patronowa\u0142a najwybitniejszym przedstawicielom klasycznej muzyki i ta\u0144ca indyjskiego, zapraszaj\u0105c ich do udzia\u0142u w koncertach i programach. Wielu artyst\u00f3w, kt\u00f3rzy wyst\u0119powali w Jej obecno\u015bci, opisywa\u0142o to jako prze\u0142omowy moment w ich rozwoju. Odkryli, \u017ce Jej silna energia tw\u00f3rcza wzmocni\u0142a ich w\u0142asn\u0105 kreatywno\u015b\u0107 oraz kunszt wykonawczy.<\/p>\n\t<p>Ustad Amjad Ali Khan, Debu Chaudhari czy Ustad Bismillah Khan to tylko niekt\u00f3rzy z wybitnych artyst\u00f3w, kt\u00f3rzy wyst\u0119powali na zaproszenie \u015ari Matad\u017ai. Sama r\u00f3wnie\u017c by\u0142a autork\u0105 ksi\u0105\u017cek, wierszy oraz bhad\u017aan\u00f3w (indyjskich pie\u015bni oddania).<\/p>\n<p>Wspieranie sztuki przez \u015ari Matad\u017ai obejmowa\u0142o tak\u017ce silne zaanga\u017cowanie w teatr. Zach\u0119ci\u0142a grup\u0119 utalentowanych aktor\u00f3w do wsp\u00f3\u0142pracy w ramach <a href=\"https:\/\/theatreofeternalvalues.com\" target=\"_blank\" rel=\"noopener\">Teatru Wiecznych Warto\u015bci<\/a> (Theatre of Eternal Values). Za\u0142o\u017cony w 1993 roku w Gandawie (Belgia) zesp\u00f3\u0142 do dzi\u015b wyst\u0119puje na arenie mi\u0119dzynarodowej, prezentuj\u0105c dzie\u0142a dramatopisarzy, kt\u00f3rzy inspiruj\u0105 widz\u00f3w do pog\u0142\u0119biania samo\u015bwiadomo\u015bci i duchowo\u015bci.<\/p>\n\t<div class=\"su-quote su-quote-style-default\"><div class=\"su-quote-inner su-u-clearfix su-u-trim\"> W rzeczywisto\u015bci bycie materialist\u0105 w prawdziwym tego s\u0142owa znaczeniu oznacza rozumienie warto\u015bci materii. A warto\u015bci\u0105 materii jest estetyka: dzie\u0142a sztuki, prawdziwe przejawy artyzmu. Co wi\u0119cej, warto\u015bci\u0105 materii jest to, \u017ce dzi\u0119ki niej mo\u017cna przekazywa\u0107 mi\u0142o\u015b\u0107 innym.<\/div><\/div>\n\t<p>Teatr Wiecznych Warto\u015bci wsp\u00f3\u0142pracuje tak\u017ce ze szko\u0142ami, uniwersytetami, firmami i spo\u0142eczno\u015bciami lokalnymi, dziel\u0105c si\u0119 praktycznym do\u015bwiadczeniem w ramach projekt\u00f3w edukacyjnych i artystycznych, takich jak <a href=\"https:\/\/www.theatreofeternalvalues.com\/education\/academy\" target=\"_blank\" rel=\"noopener\">Festiwal Kultury Ducha<\/a> oraz <a href=\"https:\/\/www.theatreofeternalvalues.com\/events\" target=\"_blank\" rel=\"noopener\">Mi\u0119dzynarodowa Akademia Sztuk Pi\u0119knych Nirmal<\/a>, odbywaj\u0105ce si\u0119 co roku w Piemoncie we W\u0142oszech.<\/p>\n\n<figure itemscope itemtype=\"https:\/\/schema.org\/ImageObject\">\n\t\t\t\t<img decoding=\"async\" src=\"https:\/\/shrimataji.org\/test\/wp-content\/uploads\/2024\/11\/EN_theater-of-eternal-values.jpg\" alt=\"Theater of Eternal Values performs William Blake&#039;s &#039;Divine Humanity&#039; in London, UK\" height=\"270\" width=\"1500\" title=\"EN_theater-of-eternal-values\" onerror=\"this.style.display='none'\" loading=\"lazy\" \/>\n\t\t<figcaption>Teatr Wiecznych Warto\u015bci wystawia \u201eBoskie cz\u0142owiecze\u0144stwo&#8221; Williama Blake&#8217;a w Londynie.<\/figcaption>\n\t<\/figure>\n\t<p>Zgodnie ze staro\u017cytn\u0105 indyjsk\u0105 tradycj\u0105 jogi, istota ludzka posiada siedem podstawowych jako\u015bci. Drug\u0105 z nich jest zasada kreatywno\u015bci, bez kt\u00f3rej potencja\u0142 <a href=\"https:\/\/shrimataji.org\/test\/pl\/samorealizacja-i-medytacja\/\" target=\"_blank\" rel=\"noopener\">samorealizacji<\/a> czy samo\u015bwiadomo\u015bci jest niezwykle ograniczony, o ile nie niemo\u017cliwy. Z tego powodu \u015ari Matad\u017ai d\u0105\u017cy\u0142a do rozbudzenia si\u0142 tw\u00f3rczych w jednostkach i spo\u0142eczno\u015bciach we wszystkich krajach, kt\u00f3re odwiedza\u0142a.<\/p>\n\t<div class=\"su-quote su-quote-style-default\"><div class=\"su-quote-inner su-u-clearfix su-u-trim\">Taka jest motywuj\u0105ca si\u0142a artysty. S\u0105 oni najpi\u0119kniejszymi kwiatami stworzenia, najs\u0142odszymi marzeniami Stw\u00f3rcy i najcenniejsz\u0105 cz\u0119\u015bci\u0105 ludzkiego spo\u0142ecze\u0144stwa. By\u0107 mo\u017ce sami nie wiedz\u0105, jak bardzo s\u0105 kochani, podziwiani i na\u015bladowani przez swoich odbiorc\u00f3w.<\/div><\/div>\n\n","protected":false},"excerpt":{"rendered":"<p>Kreatywno\u015b\u0107 Wyra\u017canie wewn\u0119trznego pi\u0119kna Przez ca\u0142e swoje \u017cycie i dzia\u0142alno\u015b\u0107 \u015ari Matad\u017ai po\u015bwi\u0119ca\u0142a wiele czasu i energii na promowanie sztuki. Postrzega\u0142a j\u0105 jako jeden z g\u0142\u00f3wnych sposob\u00f3w wyra\u017cania i wzbogacania kultur \u015bwiata. Szczeg\u00f3lnie zale\u017ca\u0142o Jej na zachowaniu bogatych, staro\u017cytnych tradycji artystycznych Jej ojczystych Indii, dlatego aktywnie wspiera\u0142a ich popularyzacj\u0119 na ca\u0142ym \u015bwiecie. W 2003 roku&hellip; <br \/> <a class=\"read-more\" href=\"https:\/\/shrimataji.org\/test\/pl\/kreatywnosc\/\">Read more<\/a><\/p>\n","protected":false},"author":1,"featured_media":37939,"parent":0,"menu_order":0,"comment_status":"closed","ping_status":"closed","template":"pro\/page-templates\/full-width-page.php","meta":{"inline_featured_image":false,"footnotes":""},"class_list":["post-37938","page","type-page","status-publish","has-post-thumbnail","hentry"],"yoast_head":"<!-- This site is optimized with the Yoast SEO plugin v27.4 - https:\/\/yoast.com\/product\/yoast-seo-wordpress\/ -->\n<title>Kreatywno\u015b\u0107 - TEST - SMND<\/title>\n<meta name=\"robots\" content=\"noindex, follow, max-snippet:-1, max-image-preview:large, max-video-preview:-1\" \/>\n<meta property=\"og:locale\" content=\"en_US\" \/>\n<meta property=\"og:type\" content=\"article\" \/>\n<meta property=\"og:title\" content=\"Kreatywno\u015b\u0107 - TEST - SMND\" \/>\n<meta property=\"og:description\" content=\"Kreatywno\u015b\u0107 Wyra\u017canie wewn\u0119trznego pi\u0119kna Przez ca\u0142e swoje \u017cycie i dzia\u0142alno\u015b\u0107 \u015ari Matad\u017ai po\u015bwi\u0119ca\u0142a wiele czasu i energii na promowanie sztuki. Postrzega\u0142a j\u0105 jako jeden z g\u0142\u00f3wnych sposob\u00f3w wyra\u017cania i wzbogacania kultur \u015bwiata. Szczeg\u00f3lnie zale\u017ca\u0142o Jej na zachowaniu bogatych, staro\u017cytnych tradycji artystycznych Jej ojczystych Indii, dlatego aktywnie wspiera\u0142a ich popularyzacj\u0119 na ca\u0142ym \u015bwiecie. W 2003 roku&hellip; Read more\" \/>\n<meta property=\"og:url\" content=\"https:\/\/shrimataji.org\/test\/pl\/kreatywnosc\/\" \/>\n<meta property=\"og:site_name\" content=\"TEST - SMND\" \/>\n<meta property=\"article:publisher\" content=\"https:\/\/www.facebook.com\/shrimataji\" \/>\n<meta property=\"article:modified_time\" content=\"2026-04-22T05:12:56+00:00\" \/>\n<meta property=\"og:image\" content=\"https:\/\/shrimataji.org\/test\/wp-content\/uploads\/2018\/07\/media_originals\/images\/headers-work-creativity\/dance-scene-cabella-italy.jpg\" \/>\n\t<meta property=\"og:image:width\" content=\"990\" \/>\n\t<meta property=\"og:image:height\" content=\"350\" \/>\n\t<meta property=\"og:image:type\" content=\"image\/jpeg\" \/>\n<meta name=\"twitter:card\" content=\"summary_large_image\" \/>\n<meta name=\"twitter:site\" content=\"@shrimataji\" \/>\n<meta name=\"twitter:label1\" content=\"Est. reading time\" \/>\n\t<meta name=\"twitter:data1\" content=\"3 minutes\" \/>\n<script type=\"application\/ld+json\" class=\"yoast-schema-graph\">{\"@context\":\"https:\\\/\\\/schema.org\",\"@graph\":[{\"@type\":\"WebPage\",\"@id\":\"https:\\\/\\\/shrimataji.org\\\/test\\\/pl\\\/kreatywnosc\\\/\",\"url\":\"https:\\\/\\\/shrimataji.org\\\/test\\\/pl\\\/kreatywnosc\\\/\",\"name\":\"Kreatywno\u015b\u0107 - TEST - SMND\",\"isPartOf\":{\"@id\":\"https:\\\/\\\/shrimataji.org\\\/test\\\/#website\"},\"primaryImageOfPage\":{\"@id\":\"https:\\\/\\\/shrimataji.org\\\/test\\\/pl\\\/kreatywnosc\\\/#primaryimage\"},\"image\":{\"@id\":\"https:\\\/\\\/shrimataji.org\\\/test\\\/pl\\\/kreatywnosc\\\/#primaryimage\"},\"thumbnailUrl\":\"https:\\\/\\\/shrimataji.org\\\/test\\\/wp-content\\\/uploads\\\/2018\\\/07\\\/media_originals\\\/images\\\/headers-work-creativity\\\/dance-scene-cabella-italy.jpg\",\"datePublished\":\"2018-07-10T06:54:42+00:00\",\"dateModified\":\"2026-04-22T05:12:56+00:00\",\"breadcrumb\":{\"@id\":\"https:\\\/\\\/shrimataji.org\\\/test\\\/pl\\\/kreatywnosc\\\/#breadcrumb\"},\"inLanguage\":\"en-US\",\"potentialAction\":[{\"@type\":\"ReadAction\",\"target\":[\"https:\\\/\\\/shrimataji.org\\\/test\\\/pl\\\/kreatywnosc\\\/\"]}]},{\"@type\":\"ImageObject\",\"inLanguage\":\"en-US\",\"@id\":\"https:\\\/\\\/shrimataji.org\\\/test\\\/pl\\\/kreatywnosc\\\/#primaryimage\",\"url\":\"https:\\\/\\\/shrimataji.org\\\/test\\\/wp-content\\\/uploads\\\/2018\\\/07\\\/media_originals\\\/images\\\/headers-work-creativity\\\/dance-scene-cabella-italy.jpg\",\"contentUrl\":\"https:\\\/\\\/shrimataji.org\\\/test\\\/wp-content\\\/uploads\\\/2018\\\/07\\\/media_originals\\\/images\\\/headers-work-creativity\\\/dance-scene-cabella-italy.jpg\",\"width\":990,\"height\":350},{\"@type\":\"BreadcrumbList\",\"@id\":\"https:\\\/\\\/shrimataji.org\\\/test\\\/pl\\\/kreatywnosc\\\/#breadcrumb\",\"itemListElement\":[{\"@type\":\"ListItem\",\"position\":1,\"name\":\"Home\",\"item\":\"https:\\\/\\\/shrimataji.org\\\/test\\\/uk\\\/home-en\\\/\"},{\"@type\":\"ListItem\",\"position\":2,\"name\":\"Kreatywno\u015b\u0107\"}]},{\"@type\":\"WebSite\",\"@id\":\"https:\\\/\\\/shrimataji.org\\\/test\\\/#website\",\"url\":\"https:\\\/\\\/shrimataji.org\\\/test\\\/\",\"name\":\"Shri Mataji Nirmala Devi\",\"description\":\"A Life Dedicated to Humanity\",\"publisher\":{\"@id\":\"https:\\\/\\\/shrimataji.org\\\/test\\\/#\\\/schema\\\/person\\\/a1b3419c6585f164aa96da1ff85715d1\"},\"potentialAction\":[{\"@type\":\"SearchAction\",\"target\":{\"@type\":\"EntryPoint\",\"urlTemplate\":\"https:\\\/\\\/shrimataji.org\\\/test\\\/?s={search_term_string}\"},\"query-input\":{\"@type\":\"PropertyValueSpecification\",\"valueRequired\":true,\"valueName\":\"search_term_string\"}}],\"inLanguage\":\"en-US\"},{\"@type\":[\"Person\",\"Organization\"],\"@id\":\"https:\\\/\\\/shrimataji.org\\\/test\\\/#\\\/schema\\\/person\\\/a1b3419c6585f164aa96da1ff85715d1\",\"name\":\"Nirmala Shrivastava\",\"image\":{\"@type\":\"ImageObject\",\"inLanguage\":\"en-US\",\"@id\":\"https:\\\/\\\/shrimataji.org\\\/test\\\/wp-content\\\/uploads\\\/2023\\\/02\\\/SMO_LOGO-03.svg\",\"url\":\"https:\\\/\\\/shrimataji.org\\\/test\\\/wp-content\\\/uploads\\\/2023\\\/02\\\/SMO_LOGO-03.svg\",\"contentUrl\":\"https:\\\/\\\/shrimataji.org\\\/test\\\/wp-content\\\/uploads\\\/2023\\\/02\\\/SMO_LOGO-03.svg\",\"width\":\"1024\",\"height\":\"1024\",\"caption\":\"Nirmala Shrivastava\"},\"logo\":{\"@id\":\"https:\\\/\\\/shrimataji.org\\\/test\\\/wp-content\\\/uploads\\\/2023\\\/02\\\/SMO_LOGO-03.svg\"},\"sameAs\":[\"https:\\\/\\\/shrimataji.org\\\/test\",\"https:\\\/\\\/www.facebook.com\\\/shrimataji\",\"https:\\\/\\\/x.com\\\/shrimataji\",\"https:\\\/\\\/www.youtube.com\\\/@Shri_Mataji_Nirmala_Devi\\\/featured\"]}]}<\/script>\n<!-- \/ Yoast SEO plugin. -->","yoast_head_json":{"title":"Kreatywno\u015b\u0107 - TEST - SMND","robots":{"index":"noindex","follow":"follow","max-snippet":"max-snippet:-1","max-image-preview":"max-image-preview:large","max-video-preview":"max-video-preview:-1"},"og_locale":"en_US","og_type":"article","og_title":"Kreatywno\u015b\u0107 - TEST - SMND","og_description":"Kreatywno\u015b\u0107 Wyra\u017canie wewn\u0119trznego pi\u0119kna Przez ca\u0142e swoje \u017cycie i dzia\u0142alno\u015b\u0107 \u015ari Matad\u017ai po\u015bwi\u0119ca\u0142a wiele czasu i energii na promowanie sztuki. Postrzega\u0142a j\u0105 jako jeden z g\u0142\u00f3wnych sposob\u00f3w wyra\u017cania i wzbogacania kultur \u015bwiata. Szczeg\u00f3lnie zale\u017ca\u0142o Jej na zachowaniu bogatych, staro\u017cytnych tradycji artystycznych Jej ojczystych Indii, dlatego aktywnie wspiera\u0142a ich popularyzacj\u0119 na ca\u0142ym \u015bwiecie. W 2003 roku&hellip; Read more","og_url":"https:\/\/shrimataji.org\/test\/pl\/kreatywnosc\/","og_site_name":"TEST - SMND","article_publisher":"https:\/\/www.facebook.com\/shrimataji","article_modified_time":"2026-04-22T05:12:56+00:00","og_image":[{"width":990,"height":350,"url":"https:\/\/shrimataji.org\/test\/wp-content\/uploads\/2018\/07\/media_originals\/images\/headers-work-creativity\/dance-scene-cabella-italy.jpg","type":"image\/jpeg"}],"twitter_card":"summary_large_image","twitter_site":"@shrimataji","twitter_misc":{"Est. reading time":"3 minutes"},"schema":{"@context":"https:\/\/schema.org","@graph":[{"@type":"WebPage","@id":"https:\/\/shrimataji.org\/test\/pl\/kreatywnosc\/","url":"https:\/\/shrimataji.org\/test\/pl\/kreatywnosc\/","name":"Kreatywno\u015b\u0107 - TEST - SMND","isPartOf":{"@id":"https:\/\/shrimataji.org\/test\/#website"},"primaryImageOfPage":{"@id":"https:\/\/shrimataji.org\/test\/pl\/kreatywnosc\/#primaryimage"},"image":{"@id":"https:\/\/shrimataji.org\/test\/pl\/kreatywnosc\/#primaryimage"},"thumbnailUrl":"https:\/\/shrimataji.org\/test\/wp-content\/uploads\/2018\/07\/media_originals\/images\/headers-work-creativity\/dance-scene-cabella-italy.jpg","datePublished":"2018-07-10T06:54:42+00:00","dateModified":"2026-04-22T05:12:56+00:00","breadcrumb":{"@id":"https:\/\/shrimataji.org\/test\/pl\/kreatywnosc\/#breadcrumb"},"inLanguage":"en-US","potentialAction":[{"@type":"ReadAction","target":["https:\/\/shrimataji.org\/test\/pl\/kreatywnosc\/"]}]},{"@type":"ImageObject","inLanguage":"en-US","@id":"https:\/\/shrimataji.org\/test\/pl\/kreatywnosc\/#primaryimage","url":"https:\/\/shrimataji.org\/test\/wp-content\/uploads\/2018\/07\/media_originals\/images\/headers-work-creativity\/dance-scene-cabella-italy.jpg","contentUrl":"https:\/\/shrimataji.org\/test\/wp-content\/uploads\/2018\/07\/media_originals\/images\/headers-work-creativity\/dance-scene-cabella-italy.jpg","width":990,"height":350},{"@type":"BreadcrumbList","@id":"https:\/\/shrimataji.org\/test\/pl\/kreatywnosc\/#breadcrumb","itemListElement":[{"@type":"ListItem","position":1,"name":"Home","item":"https:\/\/shrimataji.org\/test\/uk\/home-en\/"},{"@type":"ListItem","position":2,"name":"Kreatywno\u015b\u0107"}]},{"@type":"WebSite","@id":"https:\/\/shrimataji.org\/test\/#website","url":"https:\/\/shrimataji.org\/test\/","name":"Shri Mataji Nirmala Devi","description":"A Life Dedicated to Humanity","publisher":{"@id":"https:\/\/shrimataji.org\/test\/#\/schema\/person\/a1b3419c6585f164aa96da1ff85715d1"},"potentialAction":[{"@type":"SearchAction","target":{"@type":"EntryPoint","urlTemplate":"https:\/\/shrimataji.org\/test\/?s={search_term_string}"},"query-input":{"@type":"PropertyValueSpecification","valueRequired":true,"valueName":"search_term_string"}}],"inLanguage":"en-US"},{"@type":["Person","Organization"],"@id":"https:\/\/shrimataji.org\/test\/#\/schema\/person\/a1b3419c6585f164aa96da1ff85715d1","name":"Nirmala Shrivastava","image":{"@type":"ImageObject","inLanguage":"en-US","@id":"https:\/\/shrimataji.org\/test\/wp-content\/uploads\/2023\/02\/SMO_LOGO-03.svg","url":"https:\/\/shrimataji.org\/test\/wp-content\/uploads\/2023\/02\/SMO_LOGO-03.svg","contentUrl":"https:\/\/shrimataji.org\/test\/wp-content\/uploads\/2023\/02\/SMO_LOGO-03.svg","width":"1024","height":"1024","caption":"Nirmala Shrivastava"},"logo":{"@id":"https:\/\/shrimataji.org\/test\/wp-content\/uploads\/2023\/02\/SMO_LOGO-03.svg"},"sameAs":["https:\/\/shrimataji.org\/test","https:\/\/www.facebook.com\/shrimataji","https:\/\/x.com\/shrimataji","https:\/\/www.youtube.com\/@Shri_Mataji_Nirmala_Devi\/featured"]}]}},"lang":"pl","translations":{"pl":37938,"ur":37407,"en":400,"am":17978,"th":19911,"hu":19453,"sq":18379,"zh":17276,"tr":10146,"pt":10359,"de":10633,"fr":10731,"it":10829,"es":10926,"ja":11223,"ru":11411,"bn":11603,"te":11711,"sw":11834,"he":11982,"el":12273,"sk":12371,"fa":12469,"fi":12567,"bg":13474,"ro":14546,"cs":14739,"nl":16539,"ku":16699,"ar":16875,"be":18586,"kn":18860,"mr":20275,"uk":20567,"ml":20866,"ta":22694,"sv":22967,"gu":28815,"pa":28973,"fil":29413,"da":37721,"nn":38273},"pll_sync_post":[],"_links":{"self":[{"href":"https:\/\/shrimataji.org\/test\/wp-json\/wp\/v2\/pages\/37938","targetHints":{"allow":["GET"]}}],"collection":[{"href":"https:\/\/shrimataji.org\/test\/wp-json\/wp\/v2\/pages"}],"about":[{"href":"https:\/\/shrimataji.org\/test\/wp-json\/wp\/v2\/types\/page"}],"author":[{"embeddable":true,"href":"https:\/\/shrimataji.org\/test\/wp-json\/wp\/v2\/users\/1"}],"replies":[{"embeddable":true,"href":"https:\/\/shrimataji.org\/test\/wp-json\/wp\/v2\/comments?post=37938"}],"version-history":[{"count":0,"href":"https:\/\/shrimataji.org\/test\/wp-json\/wp\/v2\/pages\/37938\/revisions"}],"wp:featuredmedia":[{"embeddable":true,"href":"https:\/\/shrimataji.org\/test\/wp-json\/wp\/v2\/media\/37939"}],"wp:attachment":[{"href":"https:\/\/shrimataji.org\/test\/wp-json\/wp\/v2\/media?parent=37938"}],"curies":[{"name":"wp","href":"https:\/\/api.w.org\/{rel}","templated":true}]}}