{"id":37940,"date":"2018-07-10T06:54:42","date_gmt":"2018-07-10T06:54:42","guid":{"rendered":"http:\/\/testwordpress.nirmalnagari.org\/smnd\/index.php\/cultural-integration\/"},"modified":"2026-04-13T12:11:27","modified_gmt":"2026-04-13T12:11:27","slug":"integracja-kulturowa","status":"publish","type":"page","link":"https:\/\/shrimataji.org\/test\/pl\/integracja-kulturowa\/","title":{"rendered":"Integracja kulturowa"},"content":{"rendered":"\n\n\t<h1>Integracja kulturowa<\/h1>\n<h2>W kierunku zr\u00f3wnowa\u017conej cywilizacji<\/h2>\n\t<h4>Podczas seminari\u00f3w, konferencji prasowych i nieformalnych wyk\u0142ad\u00f3w \u015ari Matad\u017ai cz\u0119sto powtarza\u0142a, \u017ce na przestrzeni dziej\u00f3w wszyscy prorocy i \u015bwi\u0119ci m\u00f3wili o potrzebie poznania w\u0142asnej Ja\u017ani, swojego Ducha. \u201eTo w\u0142a\u015bnie musimy zrobi\u0107: rozwin\u0105\u0107 religi\u0119 naszego Ducha&#8221; &#8211; m\u00f3wi\u0142a. Rozw\u00f3j religii por\u00f3wna\u0142a do wielkiego drzewa, kt\u00f3re jest jedno, lecz posiada wiele kwiat\u00f3w. W swej nie\u015bwiadomo\u015bci ludzie zrywaj\u0105 te kwiaty i u\u017cywaj\u0105 ich do walki mi\u0119dzy sob\u0105, zapominaj\u0105c, \u017ce wszystkie one wyrastaj\u0105 z tego samego pnia.<\/h4>\n\t<div class=\"su-quote su-quote-style-default\"><div class=\"su-quote-inner su-u-clearfix su-u-trim\"> Musimy zatem szanowa\u0107 wszystkich ludzi, ka\u017cd\u0105 ludzk\u0105 istot\u0119, bez wzgl\u0119du na nar\u00f3d, z kt\u00f3rego pochodzi, kraj, do kt\u00f3rego nale\u017cy, czy kolor sk\u00f3ry, poniewa\u017c wszyscy maj\u0105 w sobie Kundalini. <\/div><\/div>\n\t<p>Podczas jednego z program\u00f3w publicznych pewien zaniepokojony s\u0142uchacz zapyta\u0142: \u201eMatko, jak inni ludzie zrozumiej\u0105 Twoje przes\u0142anie?&#8221;. \u015ari Matad\u017ai u\u015bmiechn\u0119\u0142a si\u0119: \u201eKa\u017cdy rozumie mi\u0142o\u015b\u0107, prawda?&#8221;. Poprzez medytacj\u0119 Sahad\u017aa Joga ukaza\u0142a metod\u0119 osi\u0105gania integracji mi\u0119dzy lud\u017ami z r\u00f3\u017cnych kultur i religii: stan \u015bwiadomo\u015bci, w kt\u00f3rym ca\u0142kowicie uciszony umys\u0142 staje si\u0119 si\u0142\u0105 integruj\u0105c\u0105, znan\u0105 jako zbiorowa \u015bwiadomo\u015b\u0107.<\/p>\n<figure itemscope itemtype=\"https:\/\/schema.org\/ImageObject\">\n\t\t\t\t<img decoding=\"async\" src=\"https:\/\/shrimataji.org\/test\/wp-content\/uploads\/2024\/11\/EN_shri-mataji-meets-sufis-in-delhi-india.jpg\" alt=\"Shri Mataji visits Nizamuddin Shrine, Delhi, India 1993\" height=\"350\" width=\"990\" title=\"EN_shri-mataji-meets-sufis-in-delhi-india\" onerror=\"this.style.display='none'\" loading=\"lazy\" \/>\n\t\t<figcaption>\u015ari Matad\u017ai odwiedza sanktuarium Nizamuddin, Delhi, Indie, 1993 r.<\/figcaption>\n\t<\/figure>\n\t<p>Carl Jung tak opisa\u0142 zbiorow\u0105 \u015bwiadomo\u015b\u0107: \u201ePoza nasz\u0105 bezpo\u015bredni\u0105 \u015bwiadomo\u015bci\u0105, kt\u00f3ra ma charakter czysto osobisty i kt\u00f3r\u0105 uwa\u017camy za jedyn\u0105 empiryczn\u0105 psychik\u0119, istnieje drugi system psychiczny o charakterze zbiorowym, uniwersalnym i bezosobowym, kt\u00f3ry jest identyczny u wszystkich jednostek&#8221;<a href=\"#citation-note-1\"><sup>[1]<\/sup><\/a> Medytacja Sahad\u017aa Joga aktywuje \u015bwiadomo\u015b\u0107 na g\u0142\u0119bszym poziomie, u samych korzeni autonomicznego uk\u0142adu nerwowego. Gdy ucichnie rozpraszaj\u0105ca paplanina umys\u0142u i dawne uwarunkowania, cz\u0142owiek dostrzega, \u017ce r\u00f3\u017cnice kulturowe s\u0105 jedynie powierzchowne, a \u201euniwersalna i bezosobowa natura&#8221; jest jedna dla wszystkich.<\/p>\n\t<p>\u201eW\u0142a\u015bnie tak musimy u\u015bwiadomi\u0107 sobie, \u017ce wszyscy jeste\u015bmy z\u0142\u0105czeni wsp\u00f3ln\u0105 zasad\u0105 \u017cycia&#8221; &#8211; wyja\u015bnia\u0142a \u015ari Matad\u017ai &#8211; \u201e\u017ce ka\u017cdy z nas ma w sobie Kundalini. Musimy wi\u0119c szanowa\u0107 wszystkich ludzi, ka\u017cd\u0105 ludzk\u0105 istot\u0119, bez wzgl\u0119du na pochodzenie, narodowo\u015b\u0107 czy kolor sk\u00f3ry, poniewa\u017c w ka\u017cdym z nas drzemie Kundalini&#8221;.<\/p>\n\t<p>Podczas swoich podr\u00f3\u017cy \u015ari Matad\u017ai \u017cywo interesowa\u0142a si\u0119 sztuk\u0105 i rzemios\u0142em ka\u017cdego kraju, obserwuj\u0105c, jak odzwierciedlaj\u0105 one kultur\u0119 Ducha. \u201eW tej kulturze nie ulegamy niczemu tylko dlatego, \u017ce jest drogie, wystawne czy g\u0142o\u015bno reklamowane&#8221; &#8211; m\u00f3wi\u0142a. \u201ePatrzymy na to, w jakim stopniu dana rzecz niesie rado\u015b\u0107&#8221;.<\/p>\n\t<p>Przez lata \u015ari Matad\u017ai zaprasza\u0142a artyst\u00f3w z r\u00f3\u017cnych kraj\u00f3w, \u015brodowisk i religii do wyst\u0119p\u00f3w na festiwalach kulturalnych. Dla os\u00f3b nieobeznanych ze sztuk\u0105 wyja\u015bnia\u0142a znaczenie kawwali, ragi, utwor\u00f3w Vivaldiego, koncert\u00f3w czy klasycznego ta\u0144ca indyjskiego. Organizowa\u0142a te wyst\u0119py nie tylko po to, by wspiera\u0107 byt artyst\u00f3w i podtrzymywa\u0107 tradycje, ale tak\u017ce po to, by pokaza\u0107, \u017ce sztuka i muzyka z r\u00f3\u017cnych kr\u0119g\u00f3w kulturowych potrafi\u0105 manifestowa\u0107 uniwersaln\u0105 i nios\u0105c\u0105 powszechn\u0105 rado\u015b\u0107 kultur\u0119 Ducha.<\/p>\n\t<hr \/>\n<h3>1. <a href=\"#citation-ref-1\">^<\/a><a name=\"citation-note-1\"><\/a> C. G. Jung, \u201eArchetypy i nie\u015bwiadomo\u015b\u0107 zbiorowa&#8221;, w: Dzie\u0142a zebrane C. G. Junga, t. 9, cz. 1, Londyn, 1969.<\/h3>\n\n","protected":false},"excerpt":{"rendered":"<p>Integracja kulturowa W kierunku zr\u00f3wnowa\u017conej cywilizacji Podczas seminari\u00f3w, konferencji prasowych i nieformalnych wyk\u0142ad\u00f3w \u015ari Matad\u017ai cz\u0119sto powtarza\u0142a, \u017ce na przestrzeni dziej\u00f3w wszyscy prorocy i \u015bwi\u0119ci m\u00f3wili o potrzebie poznania w\u0142asnej Ja\u017ani, swojego Ducha. \u201eTo w\u0142a\u015bnie musimy zrobi\u0107: rozwin\u0105\u0107 religi\u0119 naszego Ducha&#8221; &#8211; m\u00f3wi\u0142a. Rozw\u00f3j religii por\u00f3wna\u0142a do wielkiego drzewa, kt\u00f3re jest jedno, lecz posiada wiele&hellip; <br \/> <a class=\"read-more\" href=\"https:\/\/shrimataji.org\/test\/pl\/integracja-kulturowa\/\">Read more<\/a><\/p>\n","protected":false},"author":1,"featured_media":37941,"parent":0,"menu_order":0,"comment_status":"closed","ping_status":"closed","template":"","meta":{"inline_featured_image":false,"footnotes":""},"class_list":["post-37940","page","type-page","status-publish","has-post-thumbnail","hentry"],"yoast_head":"<!-- This site is optimized with the Yoast SEO plugin v27.4 - https:\/\/yoast.com\/product\/yoast-seo-wordpress\/ -->\n<title>Integracja kulturowa - TEST - SMND<\/title>\n<meta name=\"robots\" content=\"noindex, follow, max-snippet:-1, max-image-preview:large, max-video-preview:-1\" \/>\n<meta property=\"og:locale\" content=\"en_US\" \/>\n<meta property=\"og:type\" content=\"article\" \/>\n<meta property=\"og:title\" content=\"Integracja kulturowa - TEST - SMND\" \/>\n<meta property=\"og:description\" content=\"Integracja kulturowa W kierunku zr\u00f3wnowa\u017conej cywilizacji Podczas seminari\u00f3w, konferencji prasowych i nieformalnych wyk\u0142ad\u00f3w \u015ari Matad\u017ai cz\u0119sto powtarza\u0142a, \u017ce na przestrzeni dziej\u00f3w wszyscy prorocy i \u015bwi\u0119ci m\u00f3wili o potrzebie poznania w\u0142asnej Ja\u017ani, swojego Ducha. \u201eTo w\u0142a\u015bnie musimy zrobi\u0107: rozwin\u0105\u0107 religi\u0119 naszego Ducha&#8221; &#8211; m\u00f3wi\u0142a. Rozw\u00f3j religii por\u00f3wna\u0142a do wielkiego drzewa, kt\u00f3re jest jedno, lecz posiada wiele&hellip; Read more\" \/>\n<meta property=\"og:url\" content=\"https:\/\/shrimataji.org\/test\/pl\/integracja-kulturowa\/\" \/>\n<meta property=\"og:site_name\" content=\"TEST - SMND\" \/>\n<meta property=\"article:publisher\" content=\"https:\/\/www.facebook.com\/shrimataji\" \/>\n<meta property=\"article:modified_time\" content=\"2026-04-13T12:11:27+00:00\" \/>\n<meta property=\"og:image\" content=\"https:\/\/shrimataji.org\/test\/wp-content\/uploads\/2018\/07\/media_originals\/images\/headers-general\/mauli-art-by-graham-brown.jpg\" \/>\n\t<meta property=\"og:image:width\" content=\"990\" \/>\n\t<meta property=\"og:image:height\" content=\"350\" \/>\n\t<meta property=\"og:image:type\" content=\"image\/jpeg\" \/>\n<meta name=\"twitter:card\" content=\"summary_large_image\" \/>\n<meta name=\"twitter:site\" content=\"@shrimataji\" \/>\n<script type=\"application\/ld+json\" class=\"yoast-schema-graph\">{\"@context\":\"https:\\\/\\\/schema.org\",\"@graph\":[{\"@type\":\"WebPage\",\"@id\":\"https:\\\/\\\/shrimataji.org\\\/test\\\/pl\\\/integracja-kulturowa\\\/\",\"url\":\"https:\\\/\\\/shrimataji.org\\\/test\\\/pl\\\/integracja-kulturowa\\\/\",\"name\":\"Integracja kulturowa - TEST - SMND\",\"isPartOf\":{\"@id\":\"https:\\\/\\\/shrimataji.org\\\/test\\\/#website\"},\"primaryImageOfPage\":{\"@id\":\"https:\\\/\\\/shrimataji.org\\\/test\\\/pl\\\/integracja-kulturowa\\\/#primaryimage\"},\"image\":{\"@id\":\"https:\\\/\\\/shrimataji.org\\\/test\\\/pl\\\/integracja-kulturowa\\\/#primaryimage\"},\"thumbnailUrl\":\"https:\\\/\\\/shrimataji.org\\\/test\\\/wp-content\\\/uploads\\\/2018\\\/07\\\/media_originals\\\/images\\\/headers-general\\\/mauli-art-by-graham-brown.jpg\",\"datePublished\":\"2018-07-10T06:54:42+00:00\",\"dateModified\":\"2026-04-13T12:11:27+00:00\",\"breadcrumb\":{\"@id\":\"https:\\\/\\\/shrimataji.org\\\/test\\\/pl\\\/integracja-kulturowa\\\/#breadcrumb\"},\"inLanguage\":\"en-US\",\"potentialAction\":[{\"@type\":\"ReadAction\",\"target\":[\"https:\\\/\\\/shrimataji.org\\\/test\\\/pl\\\/integracja-kulturowa\\\/\"]}]},{\"@type\":\"ImageObject\",\"inLanguage\":\"en-US\",\"@id\":\"https:\\\/\\\/shrimataji.org\\\/test\\\/pl\\\/integracja-kulturowa\\\/#primaryimage\",\"url\":\"https:\\\/\\\/shrimataji.org\\\/test\\\/wp-content\\\/uploads\\\/2018\\\/07\\\/media_originals\\\/images\\\/headers-general\\\/mauli-art-by-graham-brown.jpg\",\"contentUrl\":\"https:\\\/\\\/shrimataji.org\\\/test\\\/wp-content\\\/uploads\\\/2018\\\/07\\\/media_originals\\\/images\\\/headers-general\\\/mauli-art-by-graham-brown.jpg\",\"width\":990,\"height\":350},{\"@type\":\"BreadcrumbList\",\"@id\":\"https:\\\/\\\/shrimataji.org\\\/test\\\/pl\\\/integracja-kulturowa\\\/#breadcrumb\",\"itemListElement\":[{\"@type\":\"ListItem\",\"position\":1,\"name\":\"Home\",\"item\":\"https:\\\/\\\/shrimataji.org\\\/test\\\/uk\\\/home-en\\\/\"},{\"@type\":\"ListItem\",\"position\":2,\"name\":\"Integracja kulturowa\"}]},{\"@type\":\"WebSite\",\"@id\":\"https:\\\/\\\/shrimataji.org\\\/test\\\/#website\",\"url\":\"https:\\\/\\\/shrimataji.org\\\/test\\\/\",\"name\":\"Shri Mataji Nirmala Devi\",\"description\":\"A Life Dedicated to Humanity\",\"publisher\":{\"@id\":\"https:\\\/\\\/shrimataji.org\\\/test\\\/#\\\/schema\\\/person\\\/a1b3419c6585f164aa96da1ff85715d1\"},\"potentialAction\":[{\"@type\":\"SearchAction\",\"target\":{\"@type\":\"EntryPoint\",\"urlTemplate\":\"https:\\\/\\\/shrimataji.org\\\/test\\\/?s={search_term_string}\"},\"query-input\":{\"@type\":\"PropertyValueSpecification\",\"valueRequired\":true,\"valueName\":\"search_term_string\"}}],\"inLanguage\":\"en-US\"},{\"@type\":[\"Person\",\"Organization\"],\"@id\":\"https:\\\/\\\/shrimataji.org\\\/test\\\/#\\\/schema\\\/person\\\/a1b3419c6585f164aa96da1ff85715d1\",\"name\":\"Nirmala Shrivastava\",\"image\":{\"@type\":\"ImageObject\",\"inLanguage\":\"en-US\",\"@id\":\"https:\\\/\\\/shrimataji.org\\\/test\\\/wp-content\\\/uploads\\\/2023\\\/02\\\/SMO_LOGO-03.svg\",\"url\":\"https:\\\/\\\/shrimataji.org\\\/test\\\/wp-content\\\/uploads\\\/2023\\\/02\\\/SMO_LOGO-03.svg\",\"contentUrl\":\"https:\\\/\\\/shrimataji.org\\\/test\\\/wp-content\\\/uploads\\\/2023\\\/02\\\/SMO_LOGO-03.svg\",\"width\":\"1024\",\"height\":\"1024\",\"caption\":\"Nirmala Shrivastava\"},\"logo\":{\"@id\":\"https:\\\/\\\/shrimataji.org\\\/test\\\/wp-content\\\/uploads\\\/2023\\\/02\\\/SMO_LOGO-03.svg\"},\"sameAs\":[\"https:\\\/\\\/shrimataji.org\\\/test\",\"https:\\\/\\\/www.facebook.com\\\/shrimataji\",\"https:\\\/\\\/x.com\\\/shrimataji\",\"https:\\\/\\\/www.youtube.com\\\/@Shri_Mataji_Nirmala_Devi\\\/featured\"]}]}<\/script>\n<!-- \/ Yoast SEO plugin. -->","yoast_head_json":{"title":"Integracja kulturowa - TEST - SMND","robots":{"index":"noindex","follow":"follow","max-snippet":"max-snippet:-1","max-image-preview":"max-image-preview:large","max-video-preview":"max-video-preview:-1"},"og_locale":"en_US","og_type":"article","og_title":"Integracja kulturowa - TEST - SMND","og_description":"Integracja kulturowa W kierunku zr\u00f3wnowa\u017conej cywilizacji Podczas seminari\u00f3w, konferencji prasowych i nieformalnych wyk\u0142ad\u00f3w \u015ari Matad\u017ai cz\u0119sto powtarza\u0142a, \u017ce na przestrzeni dziej\u00f3w wszyscy prorocy i \u015bwi\u0119ci m\u00f3wili o potrzebie poznania w\u0142asnej Ja\u017ani, swojego Ducha. \u201eTo w\u0142a\u015bnie musimy zrobi\u0107: rozwin\u0105\u0107 religi\u0119 naszego Ducha&#8221; &#8211; m\u00f3wi\u0142a. Rozw\u00f3j religii por\u00f3wna\u0142a do wielkiego drzewa, kt\u00f3re jest jedno, lecz posiada wiele&hellip; Read more","og_url":"https:\/\/shrimataji.org\/test\/pl\/integracja-kulturowa\/","og_site_name":"TEST - SMND","article_publisher":"https:\/\/www.facebook.com\/shrimataji","article_modified_time":"2026-04-13T12:11:27+00:00","og_image":[{"width":990,"height":350,"url":"https:\/\/shrimataji.org\/test\/wp-content\/uploads\/2018\/07\/media_originals\/images\/headers-general\/mauli-art-by-graham-brown.jpg","type":"image\/jpeg"}],"twitter_card":"summary_large_image","twitter_site":"@shrimataji","schema":{"@context":"https:\/\/schema.org","@graph":[{"@type":"WebPage","@id":"https:\/\/shrimataji.org\/test\/pl\/integracja-kulturowa\/","url":"https:\/\/shrimataji.org\/test\/pl\/integracja-kulturowa\/","name":"Integracja kulturowa - TEST - SMND","isPartOf":{"@id":"https:\/\/shrimataji.org\/test\/#website"},"primaryImageOfPage":{"@id":"https:\/\/shrimataji.org\/test\/pl\/integracja-kulturowa\/#primaryimage"},"image":{"@id":"https:\/\/shrimataji.org\/test\/pl\/integracja-kulturowa\/#primaryimage"},"thumbnailUrl":"https:\/\/shrimataji.org\/test\/wp-content\/uploads\/2018\/07\/media_originals\/images\/headers-general\/mauli-art-by-graham-brown.jpg","datePublished":"2018-07-10T06:54:42+00:00","dateModified":"2026-04-13T12:11:27+00:00","breadcrumb":{"@id":"https:\/\/shrimataji.org\/test\/pl\/integracja-kulturowa\/#breadcrumb"},"inLanguage":"en-US","potentialAction":[{"@type":"ReadAction","target":["https:\/\/shrimataji.org\/test\/pl\/integracja-kulturowa\/"]}]},{"@type":"ImageObject","inLanguage":"en-US","@id":"https:\/\/shrimataji.org\/test\/pl\/integracja-kulturowa\/#primaryimage","url":"https:\/\/shrimataji.org\/test\/wp-content\/uploads\/2018\/07\/media_originals\/images\/headers-general\/mauli-art-by-graham-brown.jpg","contentUrl":"https:\/\/shrimataji.org\/test\/wp-content\/uploads\/2018\/07\/media_originals\/images\/headers-general\/mauli-art-by-graham-brown.jpg","width":990,"height":350},{"@type":"BreadcrumbList","@id":"https:\/\/shrimataji.org\/test\/pl\/integracja-kulturowa\/#breadcrumb","itemListElement":[{"@type":"ListItem","position":1,"name":"Home","item":"https:\/\/shrimataji.org\/test\/uk\/home-en\/"},{"@type":"ListItem","position":2,"name":"Integracja kulturowa"}]},{"@type":"WebSite","@id":"https:\/\/shrimataji.org\/test\/#website","url":"https:\/\/shrimataji.org\/test\/","name":"Shri Mataji Nirmala Devi","description":"A Life Dedicated to Humanity","publisher":{"@id":"https:\/\/shrimataji.org\/test\/#\/schema\/person\/a1b3419c6585f164aa96da1ff85715d1"},"potentialAction":[{"@type":"SearchAction","target":{"@type":"EntryPoint","urlTemplate":"https:\/\/shrimataji.org\/test\/?s={search_term_string}"},"query-input":{"@type":"PropertyValueSpecification","valueRequired":true,"valueName":"search_term_string"}}],"inLanguage":"en-US"},{"@type":["Person","Organization"],"@id":"https:\/\/shrimataji.org\/test\/#\/schema\/person\/a1b3419c6585f164aa96da1ff85715d1","name":"Nirmala Shrivastava","image":{"@type":"ImageObject","inLanguage":"en-US","@id":"https:\/\/shrimataji.org\/test\/wp-content\/uploads\/2023\/02\/SMO_LOGO-03.svg","url":"https:\/\/shrimataji.org\/test\/wp-content\/uploads\/2023\/02\/SMO_LOGO-03.svg","contentUrl":"https:\/\/shrimataji.org\/test\/wp-content\/uploads\/2023\/02\/SMO_LOGO-03.svg","width":"1024","height":"1024","caption":"Nirmala Shrivastava"},"logo":{"@id":"https:\/\/shrimataji.org\/test\/wp-content\/uploads\/2023\/02\/SMO_LOGO-03.svg"},"sameAs":["https:\/\/shrimataji.org\/test","https:\/\/www.facebook.com\/shrimataji","https:\/\/x.com\/shrimataji","https:\/\/www.youtube.com\/@Shri_Mataji_Nirmala_Devi\/featured"]}]}},"lang":"pl","translations":{"pl":37940,"ur":37409,"en":405,"am":17980,"th":19914,"hu":19455,"sq":18381,"zh":17278,"tr":10147,"pt":10360,"de":10634,"fr":10732,"it":10830,"es":10927,"ja":11224,"ru":11412,"bn":11604,"te":11712,"sw":11835,"he":11983,"el":12274,"sk":12372,"fa":12470,"fi":12568,"bg":13481,"ro":14553,"cs":14746,"nl":16541,"ku":16701,"ar":16877,"be":18588,"kn":18862,"mr":20278,"uk":20570,"ml":20869,"ta":22696,"sv":22969,"gu":28817,"pa":28975,"fil":29415,"da":37723,"nn":38275},"pll_sync_post":[],"_links":{"self":[{"href":"https:\/\/shrimataji.org\/test\/wp-json\/wp\/v2\/pages\/37940","targetHints":{"allow":["GET"]}}],"collection":[{"href":"https:\/\/shrimataji.org\/test\/wp-json\/wp\/v2\/pages"}],"about":[{"href":"https:\/\/shrimataji.org\/test\/wp-json\/wp\/v2\/types\/page"}],"author":[{"embeddable":true,"href":"https:\/\/shrimataji.org\/test\/wp-json\/wp\/v2\/users\/1"}],"replies":[{"embeddable":true,"href":"https:\/\/shrimataji.org\/test\/wp-json\/wp\/v2\/comments?post=37940"}],"version-history":[{"count":0,"href":"https:\/\/shrimataji.org\/test\/wp-json\/wp\/v2\/pages\/37940\/revisions"}],"wp:featuredmedia":[{"embeddable":true,"href":"https:\/\/shrimataji.org\/test\/wp-json\/wp\/v2\/media\/37941"}],"wp:attachment":[{"href":"https:\/\/shrimataji.org\/test\/wp-json\/wp\/v2\/media?parent=37940"}],"curies":[{"name":"wp","href":"https:\/\/api.w.org\/{rel}","templated":true}]}}