{"id":37942,"date":"2023-02-20T03:40:29","date_gmt":"2023-02-20T03:40:29","guid":{"rendered":"https:\/\/shrimataji.org\/test\/?page_id=8414"},"modified":"2026-04-13T12:13:33","modified_gmt":"2026-04-13T12:13:33","slug":"wczesne-lata","status":"publish","type":"page","link":"https:\/\/shrimataji.org\/test\/pl\/wczesne-lata\/","title":{"rendered":"Wczesne lata"},"content":{"rendered":"\n\n\t<h1>Wczesne lata<\/h1>\n<h2>Od masowego ruchu wolno\u015bciowego Gandhiego do ery powszechnej samorealizacji<\/h2>\n\t<h4>Mahatma Gandhi wywar\u0142 niezatarte wra\u017cenie na ka\u017cdym, kto go spotka\u0142, w tym na ma\u0142ej dziewczynce, kt\u00f3ra przebywa\u0142a w jego a\u015bramie. T\u0105 dziewczynk\u0105 by\u0142a \u015ari Matad\u017ai, kt\u00f3rej nada\u0142 przydomek \u201eNepali&#8221; z powodu jej nepalskich rys\u00f3w twarzy.<\/h4>\n<p>Od si\u00f3dmego roku \u017cycia \u015ari Matad\u017ai sp\u0119dza\u0142a mn\u00f3stwo czasu z Gandhim w jego a\u015bramie. \u201eSiada\u0142 ze mn\u0105 i z powag\u0105 zadawa\u0142 mi urocze pytania&#8221; &#8211; wspomina\u0142a \u015ari Matad\u017ai, kt\u00f3ra cz\u0119sto towarzyszy\u0142a mu podczas porannych spacer\u00f3w przed wsp\u00f3lnymi modlitwami.<\/p>\n<figure itemscope itemtype=\"https:\/\/schema.org\/ImageObject\">\n\t\t\t\t<img decoding=\"async\" src=\"https:\/\/shrimataji.org\/test\/wp-content\/uploads\/2018\/07\/media_originals\/images\/shri-mataji-and-family\/shri-mataji-as-a-young-child.jpg\" alt=\"shri-mataji-as-a-young-child\" height=\"407\" width=\"640\" title=\"shri-mataji-as-a-young-child\" onerror=\"this.style.display='none'\" loading=\"lazy\" \/>\n\t<\/figure>\n\t<p>\u201eBy\u0142 niezwykle wymagaj\u0105cym mistrzem, a zarazem cz\u0142owiekiem pe\u0142nym mi\u0142o\u015bci i wsp\u00f3\u0142czucia&#8221; &#8211; m\u00f3wi\u0142a \u015ari Matad\u017ai. \u201eZawsze rozmawia\u0142 ze mn\u0105 tak, jakbym by\u0142a babci\u0105. Omawia\u0142 ze mn\u0105 r\u00f3\u017cne sprawy, co innych wprawia\u0142o w zdumienie &#8211; traktowa\u0142 mnie, jakbym by\u0142a m\u0105drzejsza od nich wszystkich. Twierdzi\u0142, \u017ce wskaz\u00f3wki od dzieci bywaj\u0105 cenniejsze ni\u017c od os\u00f3b starszych&#8221;.<\/p>\n<p>\u015ari Matad\u017ai chwali\u0142a p\u00f3\u017aniej Gandhiego za to, \u017ce po\u0142o\u017cy\u0142 w swoim kraju fundamenty pod Dharm\u0119 &#8211; wewn\u0119trzn\u0105 religi\u0119 i prawo\u015b\u0107. Zach\u0119ca\u0142 on ludzi do studiowania Biblii, zg\u0142\u0119biania Bhagawad Gity, poznawania wielkich pism \u015bwi\u0119tych oraz wybitnych postaci \u015bwiata, a tak\u017ce do rozumienia ich w spos\u00f3b zintegrowany.<\/p>\n<p>Podczas rozm\u00f3w z Gandhim zg\u0142\u0119biali nie tylko natur\u0119 ludzkiej osobowo\u015bci, ale tak\u017ce sposoby osi\u0105gni\u0119cia wyzwolenia spo\u0142ecznego i duchowego. Zapytana o te do\u015bwiadczenia, \u015ari Matad\u017ai przytoczy\u0142a jedn\u0105 z ich dyskusji: Gandhi rygorystycznie przestrzega\u0142 planu dnia, kaza\u0142 ludziom wstawa\u0107 o 4 rano, po\u015bci\u0107 i tak dalej. \u015ari Matad\u017ai zapyta\u0142a go wtedy: \u201eJeste\u015b zbyt surowy&#8230; czy to wszystko nie jest przesad\u0105?&#8221;.<\/p>\n<p>Gandhi wyja\u015bni\u0142, \u017ce surowa dyscyplina jest niezb\u0119dna w chwilach pr\u00f3by, gdy d\u0105\u017cenie kraju do wolno\u015bci nabiera tempa.<\/p>\n<p>Na co \u015ari Matad\u017ai zasugerowa\u0142a: \u201eBapu, je\u015bli chcesz dyscyplinowa\u0107 ludzi, dlaczego nie zrobisz tego od wewn\u0105trz?&#8221;.<\/p>\n<p>Gandhi zapyta\u0142, jak by to by\u0142o mo\u017cliwe. Zapewni\u0142a go, \u017ce kluczem jest wewn\u0119trzna przemiana. On jednak argumentowa\u0142: \u201eNajpierw musimy sta\u0107 si\u0119 wolni [od brytyjskiego panowania]. Je\u015bli nie b\u0119dziemy wolni, czym b\u0119dziemy si\u0119 cieszy\u0107? Nie mo\u017cemy o tym rozmawia\u0107. Ludzie powiedz\u0105: \u201eSkoro nie jeste\u015bmy nawet wolni politycznie, jak mo\u017cemy m\u00f3wi\u0107 o wolno\u015bci Ducha?&#8221;. Musimy najpierw zrzuci\u0107 obce jarzmo&#8221;.<\/p>\n<p>W kolejnych latach przes\u0142anie Gandhiego dotar\u0142o do mas &#8211; od niepi\u015bmiennych rolnik\u00f3w po klasy uprzywilejowane i najlepiej wykszta\u0142conych cz\u0142onk\u00f3w spo\u0142ecze\u0144stwa. \u015ari Matad\u017ai r\u00f3wnie\u017c bra\u0142a udzia\u0142 w walce o wolno\u015b\u0107, daj\u0105c przyk\u0142ad innym studentom.<\/p>\n<p>W 1947 roku Indie w ko\u0144cu sta\u0142y si\u0119 wolnym narodem. Min\u0119\u0142o wiele lat od dzieci\u0119cych rozm\u00f3w \u015ari Matad\u017ai z Gandhim, lecz nied\u0142ugo przed \u015bmierci\u0105 poprosi\u0142 on o spotkanie z Ni\u0105. \u201eSpotka\u0142am si\u0119 z nim&#8230; natychmiast mnie rozpozna\u0142&#8221; &#8211; wspomina\u0142a \u015ari Matad\u017ai. \u201ePowiedzia\u0142: \u201eSpotkajmy si\u0119 po modlitwie&#8221;. Kiedy do niego przysz\u0142am, rzek\u0142: \u201eZajmij si\u0119 teraz prac\u0105 konstruktywn\u0105. Zajmij si\u0119 prac\u0105 konstruktywn\u0105&#8230;&#8221;&#8221;.<\/p>\n<p>\u015ari Matad\u017ai kontynuowa\u0142a badanie problem\u00f3w ludzko\u015bci oraz poszukiwanie ich rozwi\u0105za\u0144. Min\u0119\u0142o wiele lat, zanim rozpocz\u0119\u0142a swoje transformacyjne dzie\u0142o w ramach Sahad\u017aa Jogi. Tak jak Gandhi poruszy\u0142 masy i poprowadzi\u0142 kraj do wolno\u015bci, tak dzie\u0142o \u015ari Matad\u017ai odmieni\u0142o \u017cycie nie tylko jednostek, lecz setek tysi\u0119cy ludzi na ca\u0142ym \u015bwiecie. Nadszed\u0142 czas na wolno\u015b\u0107 wewn\u0119trzn\u0105.<\/p>\n\t\t<img decoding=\"async\" data-spai-excluded=\"true\" loading=\"lazy\"  alt=\"YouTube player\"  src=\"https:\/\/i.ytimg.com\/vi\/R3BuPaDgo4c\/maxresdefault.jpg\"  \/><button aria-label=\"Play\"><\/button><meta itemprop=\"embedUrl\" content=\"https:\/\/www.youtube.com\/embed\/R3BuPaDgo4c\"\/><meta itemprop=\"name\" content=\"Her Studies, Indian Independence, Gandhi\"\/><meta itemprop=\"description\" content=\"Shri Mataji describes her childhood and remarkable father who took her, aged 7, to meet Mahatma Gandhi. Recognizing her spiritual depths he asked the little girl to stay at his ashram and often consulted her on profound matters. She and her family were deeply committed to the freedom movement and endured great hardships. After Independence her father was the only Christian to be elected to the Central Assembly. Shri Mataji studied medicine and married Sir C.P. Srivastava. More videos at: http:\/\/ShriMataji.org ~ A Life Dedicated to Humanity ~\"\/><meta itemprop=\"thumbnailUrl\" content=\"https:\/\/i.ytimg.com\/vi\/R3BuPaDgo4c\/0.jpg\"\/><meta itemprop=\"duration\" content=\"PT6M33S\"\/><meta itemprop=\"uploadDate\" content=\"2020-07-19T23:59:15Z\"\/>\t\n\t<div class=\"su-quote su-quote-style-default\"><div class=\"su-quote-inner su-u-clearfix su-u-trim\">Przyw\u00f3dca polityczny zazwyczaj nie zajmuje si\u0119 duchem i religi\u0105, on jednak uwa\u017ca\u0142 nasz kraj za ziemi\u0119 jogi&#8230; G\u0142\u00f3wnym wk\u0142adem Gandhiego by\u0142o przywr\u00f3cenie ludziom r\u00f3wnowagi i poczucia narodowej to\u017csamo\u015bci poprzez usuni\u0119cie niewolniczej mentalno\u015bci, kt\u00f3ra w nas przesi\u0105k\u0142a.<\/div><\/div>\n<figure itemscope itemtype=\"https:\/\/schema.org\/ImageObject\">\n\t\t\t\t<img decoding=\"async\" src=\"https:\/\/shrimataji.org\/test\/wp-content\/uploads\/2024\/11\/EN_Chhindwara_Final-1920x516-1.jpg\" alt=\"Birthplace shrine of Her Holiness Shri Mataji Nirmala Devi, Chhindwara, India\" height=\"516\" width=\"1920\" title=\"EN_Chhindwara_Final-1920x516-1\" onerror=\"this.style.display='none'\" loading=\"lazy\" \/>\n\t\t<figcaption>Sanktuarium w miejscu narodzin Jej \u015awi\u0105tobliwo\u015bci \u015ari Matad\u017ai Nirmala Dewi, Chhindwara, Indie.<\/figcaption>\n\t<\/figure>\n\n","protected":false},"excerpt":{"rendered":"<p>Wczesne lata Od masowego ruchu wolno\u015bciowego Gandhiego do ery powszechnej samorealizacji Mahatma Gandhi wywar\u0142 niezatarte wra\u017cenie na ka\u017cdym, kto go spotka\u0142, w tym na ma\u0142ej dziewczynce, kt\u00f3ra przebywa\u0142a w jego a\u015bramie. T\u0105 dziewczynk\u0105 by\u0142a \u015ari Matad\u017ai, kt\u00f3rej nada\u0142 przydomek \u201eNepali&#8221; z powodu jej nepalskich rys\u00f3w twarzy. Od si\u00f3dmego roku \u017cycia \u015ari Matad\u017ai sp\u0119dza\u0142a mn\u00f3stwo czasu&hellip; <br \/> <a class=\"read-more\" href=\"https:\/\/shrimataji.org\/test\/pl\/wczesne-lata\/\">Read more<\/a><\/p>\n","protected":false},"author":1,"featured_media":37943,"parent":0,"menu_order":0,"comment_status":"closed","ping_status":"closed","template":"","meta":{"inline_featured_image":false,"footnotes":""},"class_list":["post-37942","page","type-page","status-publish","has-post-thumbnail","hentry"],"yoast_head":"<!-- This site is optimized with the Yoast SEO plugin v27.4 - https:\/\/yoast.com\/product\/yoast-seo-wordpress\/ -->\n<title>Wczesne lata - TEST - SMND<\/title>\n<meta name=\"robots\" content=\"noindex, follow, max-snippet:-1, max-image-preview:large, max-video-preview:-1\" \/>\n<meta property=\"og:locale\" content=\"en_US\" \/>\n<meta property=\"og:type\" content=\"article\" \/>\n<meta property=\"og:title\" content=\"Wczesne lata - TEST - SMND\" \/>\n<meta property=\"og:description\" content=\"Wczesne lata Od masowego ruchu wolno\u015bciowego Gandhiego do ery powszechnej samorealizacji Mahatma Gandhi wywar\u0142 niezatarte wra\u017cenie na ka\u017cdym, kto go spotka\u0142, w tym na ma\u0142ej dziewczynce, kt\u00f3ra przebywa\u0142a w jego a\u015bramie. T\u0105 dziewczynk\u0105 by\u0142a \u015ari Matad\u017ai, kt\u00f3rej nada\u0142 przydomek \u201eNepali&#8221; z powodu jej nepalskich rys\u00f3w twarzy. Od si\u00f3dmego roku \u017cycia \u015ari Matad\u017ai sp\u0119dza\u0142a mn\u00f3stwo czasu&hellip; Read more\" \/>\n<meta property=\"og:url\" content=\"https:\/\/shrimataji.org\/test\/pl\/wczesne-lata\/\" \/>\n<meta property=\"og:site_name\" content=\"TEST - SMND\" \/>\n<meta property=\"article:publisher\" content=\"https:\/\/www.facebook.com\/shrimataji\" \/>\n<meta property=\"article:modified_time\" content=\"2026-04-13T12:13:33+00:00\" \/>\n<meta property=\"og:image\" content=\"https:\/\/shrimataji.org\/test\/wp-content\/uploads\/2023\/03\/1_Banner_EarlyLife-scaled.jpg\" \/>\n\t<meta property=\"og:image:width\" content=\"2560\" \/>\n\t<meta property=\"og:image:height\" content=\"905\" \/>\n\t<meta property=\"og:image:type\" content=\"image\/jpeg\" \/>\n<meta name=\"twitter:card\" content=\"summary_large_image\" \/>\n<meta name=\"twitter:site\" content=\"@shrimataji\" \/>\n<meta name=\"twitter:label1\" content=\"Est. reading time\" \/>\n\t<meta name=\"twitter:data1\" content=\"4 minutes\" \/>\n<script type=\"application\/ld+json\" class=\"yoast-schema-graph\">{\"@context\":\"https:\\\/\\\/schema.org\",\"@graph\":[{\"@type\":\"WebPage\",\"@id\":\"https:\\\/\\\/shrimataji.org\\\/test\\\/pl\\\/wczesne-lata\\\/\",\"url\":\"https:\\\/\\\/shrimataji.org\\\/test\\\/pl\\\/wczesne-lata\\\/\",\"name\":\"Wczesne lata - TEST - SMND\",\"isPartOf\":{\"@id\":\"https:\\\/\\\/shrimataji.org\\\/test\\\/#website\"},\"primaryImageOfPage\":{\"@id\":\"https:\\\/\\\/shrimataji.org\\\/test\\\/pl\\\/wczesne-lata\\\/#primaryimage\"},\"image\":{\"@id\":\"https:\\\/\\\/shrimataji.org\\\/test\\\/pl\\\/wczesne-lata\\\/#primaryimage\"},\"thumbnailUrl\":\"https:\\\/\\\/shrimataji.org\\\/test\\\/wp-content\\\/uploads\\\/2023\\\/03\\\/1_Banner_EarlyLife-scaled.jpg\",\"datePublished\":\"2023-02-20T03:40:29+00:00\",\"dateModified\":\"2026-04-13T12:13:33+00:00\",\"breadcrumb\":{\"@id\":\"https:\\\/\\\/shrimataji.org\\\/test\\\/pl\\\/wczesne-lata\\\/#breadcrumb\"},\"inLanguage\":\"en-US\",\"potentialAction\":[{\"@type\":\"ReadAction\",\"target\":[\"https:\\\/\\\/shrimataji.org\\\/test\\\/pl\\\/wczesne-lata\\\/\"]}]},{\"@type\":\"ImageObject\",\"inLanguage\":\"en-US\",\"@id\":\"https:\\\/\\\/shrimataji.org\\\/test\\\/pl\\\/wczesne-lata\\\/#primaryimage\",\"url\":\"https:\\\/\\\/shrimataji.org\\\/test\\\/wp-content\\\/uploads\\\/2023\\\/03\\\/1_Banner_EarlyLife-scaled.jpg\",\"contentUrl\":\"https:\\\/\\\/shrimataji.org\\\/test\\\/wp-content\\\/uploads\\\/2023\\\/03\\\/1_Banner_EarlyLife-scaled.jpg\",\"width\":2560,\"height\":905},{\"@type\":\"BreadcrumbList\",\"@id\":\"https:\\\/\\\/shrimataji.org\\\/test\\\/pl\\\/wczesne-lata\\\/#breadcrumb\",\"itemListElement\":[{\"@type\":\"ListItem\",\"position\":1,\"name\":\"Home\",\"item\":\"https:\\\/\\\/shrimataji.org\\\/test\\\/uk\\\/home-en\\\/\"},{\"@type\":\"ListItem\",\"position\":2,\"name\":\"Wczesne lata\"}]},{\"@type\":\"WebSite\",\"@id\":\"https:\\\/\\\/shrimataji.org\\\/test\\\/#website\",\"url\":\"https:\\\/\\\/shrimataji.org\\\/test\\\/\",\"name\":\"Shri Mataji Nirmala Devi\",\"description\":\"A Life Dedicated to Humanity\",\"publisher\":{\"@id\":\"https:\\\/\\\/shrimataji.org\\\/test\\\/#\\\/schema\\\/person\\\/a1b3419c6585f164aa96da1ff85715d1\"},\"potentialAction\":[{\"@type\":\"SearchAction\",\"target\":{\"@type\":\"EntryPoint\",\"urlTemplate\":\"https:\\\/\\\/shrimataji.org\\\/test\\\/?s={search_term_string}\"},\"query-input\":{\"@type\":\"PropertyValueSpecification\",\"valueRequired\":true,\"valueName\":\"search_term_string\"}}],\"inLanguage\":\"en-US\"},{\"@type\":[\"Person\",\"Organization\"],\"@id\":\"https:\\\/\\\/shrimataji.org\\\/test\\\/#\\\/schema\\\/person\\\/a1b3419c6585f164aa96da1ff85715d1\",\"name\":\"Nirmala Shrivastava\",\"image\":{\"@type\":\"ImageObject\",\"inLanguage\":\"en-US\",\"@id\":\"https:\\\/\\\/shrimataji.org\\\/test\\\/wp-content\\\/uploads\\\/2023\\\/02\\\/SMO_LOGO-03.svg\",\"url\":\"https:\\\/\\\/shrimataji.org\\\/test\\\/wp-content\\\/uploads\\\/2023\\\/02\\\/SMO_LOGO-03.svg\",\"contentUrl\":\"https:\\\/\\\/shrimataji.org\\\/test\\\/wp-content\\\/uploads\\\/2023\\\/02\\\/SMO_LOGO-03.svg\",\"width\":\"1024\",\"height\":\"1024\",\"caption\":\"Nirmala Shrivastava\"},\"logo\":{\"@id\":\"https:\\\/\\\/shrimataji.org\\\/test\\\/wp-content\\\/uploads\\\/2023\\\/02\\\/SMO_LOGO-03.svg\"},\"sameAs\":[\"https:\\\/\\\/shrimataji.org\\\/test\",\"https:\\\/\\\/www.facebook.com\\\/shrimataji\",\"https:\\\/\\\/x.com\\\/shrimataji\",\"https:\\\/\\\/www.youtube.com\\\/@Shri_Mataji_Nirmala_Devi\\\/featured\"]}]}<\/script>\n<!-- \/ Yoast SEO plugin. -->","yoast_head_json":{"title":"Wczesne lata - TEST - SMND","robots":{"index":"noindex","follow":"follow","max-snippet":"max-snippet:-1","max-image-preview":"max-image-preview:large","max-video-preview":"max-video-preview:-1"},"og_locale":"en_US","og_type":"article","og_title":"Wczesne lata - TEST - SMND","og_description":"Wczesne lata Od masowego ruchu wolno\u015bciowego Gandhiego do ery powszechnej samorealizacji Mahatma Gandhi wywar\u0142 niezatarte wra\u017cenie na ka\u017cdym, kto go spotka\u0142, w tym na ma\u0142ej dziewczynce, kt\u00f3ra przebywa\u0142a w jego a\u015bramie. T\u0105 dziewczynk\u0105 by\u0142a \u015ari Matad\u017ai, kt\u00f3rej nada\u0142 przydomek \u201eNepali&#8221; z powodu jej nepalskich rys\u00f3w twarzy. Od si\u00f3dmego roku \u017cycia \u015ari Matad\u017ai sp\u0119dza\u0142a mn\u00f3stwo czasu&hellip; Read more","og_url":"https:\/\/shrimataji.org\/test\/pl\/wczesne-lata\/","og_site_name":"TEST - SMND","article_publisher":"https:\/\/www.facebook.com\/shrimataji","article_modified_time":"2026-04-13T12:13:33+00:00","og_image":[{"width":2560,"height":905,"url":"https:\/\/shrimataji.org\/test\/wp-content\/uploads\/2023\/03\/1_Banner_EarlyLife-scaled.jpg","type":"image\/jpeg"}],"twitter_card":"summary_large_image","twitter_site":"@shrimataji","twitter_misc":{"Est. reading time":"4 minutes"},"schema":{"@context":"https:\/\/schema.org","@graph":[{"@type":"WebPage","@id":"https:\/\/shrimataji.org\/test\/pl\/wczesne-lata\/","url":"https:\/\/shrimataji.org\/test\/pl\/wczesne-lata\/","name":"Wczesne lata - TEST - SMND","isPartOf":{"@id":"https:\/\/shrimataji.org\/test\/#website"},"primaryImageOfPage":{"@id":"https:\/\/shrimataji.org\/test\/pl\/wczesne-lata\/#primaryimage"},"image":{"@id":"https:\/\/shrimataji.org\/test\/pl\/wczesne-lata\/#primaryimage"},"thumbnailUrl":"https:\/\/shrimataji.org\/test\/wp-content\/uploads\/2023\/03\/1_Banner_EarlyLife-scaled.jpg","datePublished":"2023-02-20T03:40:29+00:00","dateModified":"2026-04-13T12:13:33+00:00","breadcrumb":{"@id":"https:\/\/shrimataji.org\/test\/pl\/wczesne-lata\/#breadcrumb"},"inLanguage":"en-US","potentialAction":[{"@type":"ReadAction","target":["https:\/\/shrimataji.org\/test\/pl\/wczesne-lata\/"]}]},{"@type":"ImageObject","inLanguage":"en-US","@id":"https:\/\/shrimataji.org\/test\/pl\/wczesne-lata\/#primaryimage","url":"https:\/\/shrimataji.org\/test\/wp-content\/uploads\/2023\/03\/1_Banner_EarlyLife-scaled.jpg","contentUrl":"https:\/\/shrimataji.org\/test\/wp-content\/uploads\/2023\/03\/1_Banner_EarlyLife-scaled.jpg","width":2560,"height":905},{"@type":"BreadcrumbList","@id":"https:\/\/shrimataji.org\/test\/pl\/wczesne-lata\/#breadcrumb","itemListElement":[{"@type":"ListItem","position":1,"name":"Home","item":"https:\/\/shrimataji.org\/test\/uk\/home-en\/"},{"@type":"ListItem","position":2,"name":"Wczesne lata"}]},{"@type":"WebSite","@id":"https:\/\/shrimataji.org\/test\/#website","url":"https:\/\/shrimataji.org\/test\/","name":"Shri Mataji Nirmala Devi","description":"A Life Dedicated to Humanity","publisher":{"@id":"https:\/\/shrimataji.org\/test\/#\/schema\/person\/a1b3419c6585f164aa96da1ff85715d1"},"potentialAction":[{"@type":"SearchAction","target":{"@type":"EntryPoint","urlTemplate":"https:\/\/shrimataji.org\/test\/?s={search_term_string}"},"query-input":{"@type":"PropertyValueSpecification","valueRequired":true,"valueName":"search_term_string"}}],"inLanguage":"en-US"},{"@type":["Person","Organization"],"@id":"https:\/\/shrimataji.org\/test\/#\/schema\/person\/a1b3419c6585f164aa96da1ff85715d1","name":"Nirmala Shrivastava","image":{"@type":"ImageObject","inLanguage":"en-US","@id":"https:\/\/shrimataji.org\/test\/wp-content\/uploads\/2023\/02\/SMO_LOGO-03.svg","url":"https:\/\/shrimataji.org\/test\/wp-content\/uploads\/2023\/02\/SMO_LOGO-03.svg","contentUrl":"https:\/\/shrimataji.org\/test\/wp-content\/uploads\/2023\/02\/SMO_LOGO-03.svg","width":"1024","height":"1024","caption":"Nirmala Shrivastava"},"logo":{"@id":"https:\/\/shrimataji.org\/test\/wp-content\/uploads\/2023\/02\/SMO_LOGO-03.svg"},"sameAs":["https:\/\/shrimataji.org\/test","https:\/\/www.facebook.com\/shrimataji","https:\/\/x.com\/shrimataji","https:\/\/www.youtube.com\/@Shri_Mataji_Nirmala_Devi\/featured"]}]}},"lang":"pl","translations":{"pl":37942,"ur":37411,"en":8414,"am":18348,"th":19917,"hu":19457,"sq":18383,"zh":17280,"hi":8389,"tr":10148,"pt":10361,"de":10635,"fr":10733,"it":10831,"es":10928,"ja":11225,"ru":11413,"bn":11605,"te":11713,"sw":11836,"he":11984,"el":12275,"sk":12373,"fa":12471,"fi":12569,"bg":13361,"ro":14435,"cs":14628,"nl":16543,"ku":16703,"ar":16879,"be":18590,"kn":18864,"mr":20281,"uk":20573,"ml":20872,"ta":22698,"sv":22971,"gu":28819,"pa":28977,"fil":29417,"da":37725,"nn":38277},"pll_sync_post":[],"_links":{"self":[{"href":"https:\/\/shrimataji.org\/test\/wp-json\/wp\/v2\/pages\/37942","targetHints":{"allow":["GET"]}}],"collection":[{"href":"https:\/\/shrimataji.org\/test\/wp-json\/wp\/v2\/pages"}],"about":[{"href":"https:\/\/shrimataji.org\/test\/wp-json\/wp\/v2\/types\/page"}],"author":[{"embeddable":true,"href":"https:\/\/shrimataji.org\/test\/wp-json\/wp\/v2\/users\/1"}],"replies":[{"embeddable":true,"href":"https:\/\/shrimataji.org\/test\/wp-json\/wp\/v2\/comments?post=37942"}],"version-history":[{"count":0,"href":"https:\/\/shrimataji.org\/test\/wp-json\/wp\/v2\/pages\/37942\/revisions"}],"wp:featuredmedia":[{"embeddable":true,"href":"https:\/\/shrimataji.org\/test\/wp-json\/wp\/v2\/media\/37943"}],"wp:attachment":[{"href":"https:\/\/shrimataji.org\/test\/wp-json\/wp\/v2\/media?parent=37942"}],"curies":[{"name":"wp","href":"https:\/\/api.w.org\/{rel}","templated":true}]}}