{"id":37944,"date":"2011-02-12T02:00:00","date_gmt":"2011-02-12T02:00:00","guid":{"rendered":"http:\/\/testwordpress.nirmalnagari.org\/smnd\/index.php\/ecology\/"},"modified":"2026-04-22T05:17:59","modified_gmt":"2026-04-22T05:17:59","slug":"ekologia","status":"publish","type":"page","link":"https:\/\/shrimataji.org\/test\/pl\/ekologia\/","title":{"rendered":"Ekologia"},"content":{"rendered":"\n\n\t<h1>Ekologia<\/h1>\n<h2>Naturalna r\u00f3wnowaga<\/h2>\n\t<div class=\"su-quote su-quote-style-default\"><div class=\"su-quote-inner su-u-clearfix su-u-trim\"> Je\u015bli nie potrafimy szanowa\u0107 Matki Ziemi, nie potrafimy szanowa\u0107 samych siebie.<\/div><\/div>\n\t<p>Wizj\u0105 natury wed\u0142ug \u015ari Matad\u017ai by\u0142a Matka Ziemia, kt\u00f3ra daje i podtrzymuje \u017cycie &#8211; \u017cywa istota, kt\u00f3rej nale\u017cy si\u0119 szacunek, a nawet cze\u015b\u0107. Kiedy\u015b wyja\u015bni\u0142a, \u017ce wraz z rodze\u0144stwem, podobnie jak wszystkie indyjskie dzieci, by\u0142a uczona prosi\u0107 rano Matk\u0119 Ziemi\u0119 o wybaczenie, \u201eponiewa\u017c dotykali\u015bmy Jej swoimi stopami&#8221;.<\/p>\n<p>\u015ari Matad\u017ai podr\u00f3\u017cowa\u0142a po \u015bwiecie przez blisko 40 lat, budz\u0105c w ludziach wewn\u0119trzny potencja\u0142 do osi\u0105gni\u0119cia spokojniejszego i mniej egocentrycznego stanu umys\u0142u. Osoby przychodz\u0105ce na Jej wyk\u0142ady i sesje medytacyjne poszukiwa\u0142y duchowo\u015bci, a Ona jasno dawa\u0142a im do zrozumienia, \u017ce duchowo\u015b\u0107 nie mo\u017ce rozkwitn\u0105\u0107 bez pe\u0142nego u\u015bwiadomienia sobie naszej wzajemnej wi\u0119zi z natur\u0105.<\/p>\n<p>Ju\u017c we wczesnych latach 70., u progu swojej dzia\u0142alno\u015bci w ramach medytacji Sahad\u017aa Joga, \u015ari Matad\u017ai wyra\u017anie ostrzega\u0142a przed nadchodz\u0105cymi zagro\u017ceniami dla ekologii &#8211; nadprodukcj\u0105 tworzyw sztucznych, niebezpiecze\u0144stwami zwi\u0105zanymi z energi\u0105 j\u0105drow\u0105, nadmiern\u0105 eksploatacj\u0105 rolnictwa, zanieczyszczeniami komunikacyjnymi oraz ska\u017ceniem ocean\u00f3w, jezior i rzek.<\/p>\n<figure itemscope itemtype=\"https:\/\/schema.org\/ImageObject\">\n\t\t\t\t<img decoding=\"async\" src=\"https:\/\/shrimataji.org\/test\/wp-content\/uploads\/2018\/07\/media_originals\/images\/flowers\/purple-flowers-by-vera-subkus-300x300.jpg\" alt=\"\" height=\"300\" width=\"300\" onerror=\"this.style.display='none'\" loading=\"lazy\" \/>\n\t\t\n\t<\/figure>\n<figure itemscope itemtype=\"https:\/\/schema.org\/ImageObject\">\n\t\t\t\t<img decoding=\"async\" src=\"https:\/\/shrimataji.org\/test\/wp-content\/uploads\/2024\/11\/EN_wentworth-falls-artwork-by-meredith-cooper.jpg\" alt=\"EN_wentworth-falls-artwork-by-meredith-cooper\" height=\"1000\" width=\"993\" title=\"EN_wentworth-falls-artwork-by-meredith-cooper\" onerror=\"this.style.display='none'\" loading=\"lazy\" \/>\n\t\t\n\t<\/figure>\n\t<p>Nie neguj\u0105c przydatno\u015bci tworzyw sztucznych w pewnych sytuacjach, krytykowa\u0142a ich nadmierne zu\u017cycie i niszczycielski wp\u0142yw na natur\u0119. Wyja\u015bnia\u0142a: \u201eCi, kt\u00f3rzy zajmuj\u0105 si\u0119 tworzeniem i produkcj\u0105 plastiku, pr\u0119\u017cnie si\u0119 rozwijaj\u0105, buduj\u0105c sw\u00f3j wizerunek finansowy jako multimiliarderzy. Tymczasem bezmy\u015blny konsumpcjonizm tworzy g\u00f3ry odpad\u00f3w, przez co nie wiadomo, jak rozwi\u0105za\u0107 problem utylizacji tych sztucznych wzniesie\u0144, kt\u00f3re s\u0105 nie tylko nieestetyczne, ale samym swoim istnieniem mog\u0105 psu\u0107 atmosfer\u0119. Nadprodukcja plastiku i w\u0142\u00f3kien sztucznych jest oczywi\u015bcie powa\u017cnym skutkiem ubocznym kompulsywnego konsumpcjonizmu, nap\u0119dzanego przez dyktat mody&#8221;.<\/p>\n<p>\u015ari Matad\u017ai apelowa\u0142a r\u00f3wnie\u017c o czujno\u015b\u0107 w kwestii energii j\u0105drowej na d\u0142ugo przed tragediami w Czarnobylu i Fukushimie. \u201eCzarnobyl by\u0142 ogromnym problemem&#8230; i lekcj\u0105 dla nas, \u017ce nie powinni\u015bmy nadmiernie anga\u017cowa\u0107 si\u0119 w energi\u0119 atomow\u0105&#8221;. Wed\u0142ug Niej rozszczepienie j\u0105dra atomowego jest agresj\u0105 na jego naturaln\u0105 integralno\u015b\u0107, co na poziomie subtelnym t\u0142umaczy powstawanie destrukcyjnych produkt\u00f3w ubocznych tej energii.<\/p>\n\t<p>Przestrzega\u0142a przed wsp\u00f3\u0142czesnym, marnotrawnym podej\u015bciem do zasob\u00f3w i zach\u0119ca\u0142a do oszcz\u0119dno\u015bci w \u017cyciu codziennym. M\u00f3wi\u0142a, \u017ce ka\u017cdy \u201epowinien by\u0107 \u015bwiadomy tego, ile zu\u017cywa pr\u0105du, wody czy ile korzysta z telefonu&#8221;. Podkre\u015bla\u0142a: \u201eMusimy by\u0107 w tym oszcz\u0119dni&#8230; Musicie przyj\u0105\u0107 to w codziennym \u017cyciu jako nieod\u0142\u0105czny element &#8211; staranie si\u0119, by oszcz\u0119dza\u0107 energi\u0119 Matki Ziemi. To bardzo wa\u017cne&#8221;.<\/p>\n<p>Wielokrotnie zwraca\u0142a uwag\u0119 na ogromn\u0105 liczb\u0119 samochod\u00f3w z tylko jednym pasa\u017cerem, jad\u0105cych w tym samym kierunku. Sugerowa\u0142a wsp\u00f3lne przejazdy (carpooling), aby ograniczy\u0107 zb\u0119dne zanieczyszczenia i budowa\u0107 poczucie zbiorowej odpowiedzialno\u015bci za \u015brodowisko. Cz\u0119sto poleca\u0142a te\u017c spacery jako spos\u00f3b na odkrywanie subtelno\u015bci natury w nadmiernie po\u015bpiesznym \u015bwiecie.<\/p>\n\t<p>Poza s\u0142owami, to osobisty przyk\u0142ad \u015ari Matad\u017ai wywar\u0142 prawdopodobnie najsilniejszy wp\u0142yw na Jej nauk\u0119. W ka\u017cdym miejscu, kt\u00f3re odwiedza\u0142a, spotyka\u0142a si\u0119 z lokalnymi rzemie\u015blnikami i wspiera\u0142a ich, kupuj\u0105c ich wyroby. Interesowa\u0142a si\u0119 najdrobniejszymi szczeg\u00f3\u0142ami ich pracy &#8211; u\u017cywanymi materia\u0142ami, ich pochodzeniem, warunkami pracy oraz standardem \u017cycia rodzin rzemie\u015blniczych.<\/p>\n\t<div class=\"su-quote su-quote-style-default\"><div class=\"su-quote-inner su-u-clearfix su-u-trim\">Musimy zmieni\u0107 r\u00f3wnowag\u0119 mi\u0119dzy rzeczami wytwarzanymi maszynowo a tymi tworzonymi przez cz\u0142owieka i zwr\u00f3ci\u0107 si\u0119 bardziej ku naturze.<\/div><\/div>\n\t<p>Cz\u0119sto podkre\u015bla\u0142a ekologiczn\u0105 i ekonomiczn\u0105 warto\u015b\u0107 r\u0119kodzie\u0142a. Kupuj\u0105c je, konsumenci uwalniaj\u0105 si\u0119 z wi\u0119z\u00f3w wielkich lobby przemys\u0142owych, trend\u00f3w modowych i kultury jednorazowo\u015bci. Wspieraj\u0105 w ten spos\u00f3b ograniczanie nadmiernej konsumpcji i tworzenie miejsc pracy. Ze wzgl\u0119du na nak\u0142ad pracy i czasu r\u0119kodzie\u0142o bywa dro\u017csze od wyrob\u00f3w maszynowych, co jednak sprawia, \u017ce konsumenci bardziej je ceni\u0105 i rzadziej wyrzucaj\u0105.<\/p>\n<p>Jednocze\u015bnie uznawa\u0142a u\u017cyteczno\u015b\u0107 produkcji przemys\u0142owej, lecz nalega\u0142a na zachowanie r\u00f3wnowagi mi\u0119dzy rzemios\u0142em a prac\u0105 maszyn. Sugerowa\u0142a: \u201eMaszyny powinny by\u0107 u\u017cywane do prac publicznych &#8211; w samochodach, poci\u0105gach, tramwajach, do wszystkiego, co na zewn\u0105trz. Maszyn mo\u017cna u\u017cywa\u0107 co najwy\u017cej przy budowie dom\u00f3w. Ale w sprawach osobistych nale\u017cy otacza\u0107 si\u0119 rzeczami robionymi r\u0119cznie. Ludzie o naturze duchowej wol\u0105 nosi\u0107 co\u015b, co jest r\u0119kodzie\u0142em lub jest naturalne&#8221;.<\/p>\n<p>Dzisiejszy \u015bwiat znajduje si\u0119 w krytycznym punkcie zwrotnym w kwestii zmian klimatycznych, kt\u00f3re gro\u017c\u0105 globaln\u0105 katastrof\u0105 ekologiczn\u0105 na niespotykan\u0105 skal\u0119. Wsp\u00f3\u0142czesna nauka wskazuje, \u017ce zmiana priorytet\u00f3w od pocz\u0105tku ery przemys\u0142owej drastycznie przyczyni\u0142a si\u0119 do degradacji \u015brodowiska. Jedynie wsp\u00f3lny wysi\u0142ek ludzko\u015bci, by przej\u015b\u0107 na zr\u00f3wnowa\u017cony tryb \u017cycia, mo\u017ce nas uchroni\u0107 przed nadchodz\u0105cym niebezpiecze\u0144stwem.<\/p>\n<p>Praktyka medytacji Sahad\u017aa Joga przywraca holistyczn\u0105 r\u00f3wnowag\u0119 cia\u0142a, umys\u0142u i ducha, co pozwala na prowadzenie altruistycznego stylu \u017cycia w harmonii z natur\u0105. Poza t\u0105 przemian\u0105 postaw, \u015ari Matad\u017ai zaleca\u0142a wykorzystywanie subtelnej energii wibracyjnej, kt\u00f3ra staje si\u0119 cz\u0119\u015bci\u0105 \u015bwiadomo\u015bci praktykuj\u0105cego Sahad\u017aa Jog\u0119, do regeneracji \u017cyciodajnych si\u0142 natury. Tysi\u0105ce eksperyment\u00f3w rolniczych<a href=\"#citation-note-1\"><sup>[1]<\/sup><\/a> przeprowadzonych przez Sahad\u017aa jogin\u00f3w na ca\u0142ym \u015bwiecie przynios\u0142o zdumiewaj\u0105ce rezultaty w poprawie kondycji biosfery i ograniczeniu zale\u017cno\u015bci od szkodliwych nawoz\u00f3w chemicznych.<\/p>\n<p>Wizja \u015bwiata w r\u00f3wnowadze wed\u0142ug \u015ari Matad\u017ai zaczyna si\u0119 od wewn\u0119trznej r\u00f3wnowagi ka\u017cdego cz\u0142owieka. Dopiero po jej osi\u0105gni\u0119ciu ludzie mog\u0105 zbudowa\u0107 harmonijne i pe\u0142ne szacunku relacje ze \u015brodowiskiem oraz Matk\u0105 Ziemi\u0105, kt\u00f3ra nas wszystkich \u017cywi.<\/p>\n\t<h5>\u201eZiemia zapewnia wystarczaj\u0105co du\u017co, by zaspokoi\u0107 potrzeby ka\u017cdego cz\u0142owieka, ale nie ka\u017cd\u0105 chciwo\u015b\u0107.&#8221;<\/h5>\n<h5>Mahatma Gandhi<\/h5>\n\t<p>&nbsp;<\/p>\n<hr \/>\n<h3><a href=\"#citation-ref-1\">[1]<\/a> <a name=\"citation-note-1\"><\/a> <a href=\"https:\/\/sahajkrishi.in\/\">https:\/\/sahajkrishi.in\/<\/a><\/h3>\n\n","protected":false},"excerpt":{"rendered":"<p>Ekologia Naturalna r\u00f3wnowaga Wizj\u0105 natury wed\u0142ug \u015ari Matad\u017ai by\u0142a Matka Ziemia, kt\u00f3ra daje i podtrzymuje \u017cycie &#8211; \u017cywa istota, kt\u00f3rej nale\u017cy si\u0119 szacunek, a nawet cze\u015b\u0107. Kiedy\u015b wyja\u015bni\u0142a, \u017ce wraz z rodze\u0144stwem, podobnie jak wszystkie indyjskie dzieci, by\u0142a uczona prosi\u0107 rano Matk\u0119 Ziemi\u0119 o wybaczenie, \u201eponiewa\u017c dotykali\u015bmy Jej swoimi stopami&#8221;. \u015ari Matad\u017ai podr\u00f3\u017cowa\u0142a po \u015bwiecie&hellip; <br \/> <a class=\"read-more\" href=\"https:\/\/shrimataji.org\/test\/pl\/ekologia\/\">Read more<\/a><\/p>\n","protected":false},"author":1,"featured_media":37945,"parent":0,"menu_order":0,"comment_status":"closed","ping_status":"closed","template":"pro\/page-templates\/full-width-page.php","meta":{"inline_featured_image":false,"footnotes":""},"class_list":["post-37944","page","type-page","status-publish","has-post-thumbnail","hentry"],"yoast_head":"<!-- This site is optimized with the Yoast SEO plugin v27.4 - https:\/\/yoast.com\/product\/yoast-seo-wordpress\/ -->\n<title>Ekologia - TEST - SMND<\/title>\n<meta name=\"robots\" content=\"noindex, follow, max-snippet:-1, max-image-preview:large, max-video-preview:-1\" \/>\n<meta property=\"og:locale\" content=\"en_US\" \/>\n<meta property=\"og:type\" content=\"article\" \/>\n<meta property=\"og:title\" content=\"Ekologia - TEST - SMND\" \/>\n<meta property=\"og:description\" content=\"Ekologia Naturalna r\u00f3wnowaga Wizj\u0105 natury wed\u0142ug \u015ari Matad\u017ai by\u0142a Matka Ziemia, kt\u00f3ra daje i podtrzymuje \u017cycie &#8211; \u017cywa istota, kt\u00f3rej nale\u017cy si\u0119 szacunek, a nawet cze\u015b\u0107. Kiedy\u015b wyja\u015bni\u0142a, \u017ce wraz z rodze\u0144stwem, podobnie jak wszystkie indyjskie dzieci, by\u0142a uczona prosi\u0107 rano Matk\u0119 Ziemi\u0119 o wybaczenie, \u201eponiewa\u017c dotykali\u015bmy Jej swoimi stopami&#8221;. \u015ari Matad\u017ai podr\u00f3\u017cowa\u0142a po \u015bwiecie&hellip; Read more\" \/>\n<meta property=\"og:url\" content=\"https:\/\/shrimataji.org\/test\/pl\/ekologia\/\" \/>\n<meta property=\"og:site_name\" content=\"TEST - SMND\" \/>\n<meta property=\"article:publisher\" content=\"https:\/\/www.facebook.com\/shrimataji\" \/>\n<meta property=\"article:modified_time\" content=\"2026-04-22T05:17:59+00:00\" \/>\n<meta property=\"og:image\" content=\"https:\/\/shrimataji.org\/test\/wp-content\/uploads\/2018\/07\/media_originals\/images\/headers-general\/shri-mataji-at-the-krishna-river-in-brahmapuri-india-1985.jpg\" \/>\n\t<meta property=\"og:image:width\" content=\"990\" \/>\n\t<meta property=\"og:image:height\" content=\"350\" \/>\n\t<meta property=\"og:image:type\" content=\"image\/jpeg\" \/>\n<meta name=\"twitter:card\" content=\"summary_large_image\" \/>\n<meta name=\"twitter:site\" content=\"@shrimataji\" \/>\n<script type=\"application\/ld+json\" class=\"yoast-schema-graph\">{\"@context\":\"https:\\\/\\\/schema.org\",\"@graph\":[{\"@type\":\"WebPage\",\"@id\":\"https:\\\/\\\/shrimataji.org\\\/test\\\/pl\\\/ekologia\\\/\",\"url\":\"https:\\\/\\\/shrimataji.org\\\/test\\\/pl\\\/ekologia\\\/\",\"name\":\"Ekologia - TEST - SMND\",\"isPartOf\":{\"@id\":\"https:\\\/\\\/shrimataji.org\\\/test\\\/#website\"},\"primaryImageOfPage\":{\"@id\":\"https:\\\/\\\/shrimataji.org\\\/test\\\/pl\\\/ekologia\\\/#primaryimage\"},\"image\":{\"@id\":\"https:\\\/\\\/shrimataji.org\\\/test\\\/pl\\\/ekologia\\\/#primaryimage\"},\"thumbnailUrl\":\"https:\\\/\\\/shrimataji.org\\\/test\\\/wp-content\\\/uploads\\\/2018\\\/07\\\/media_originals\\\/images\\\/headers-general\\\/shri-mataji-at-the-krishna-river-in-brahmapuri-india-1985.jpg\",\"datePublished\":\"2011-02-12T02:00:00+00:00\",\"dateModified\":\"2026-04-22T05:17:59+00:00\",\"breadcrumb\":{\"@id\":\"https:\\\/\\\/shrimataji.org\\\/test\\\/pl\\\/ekologia\\\/#breadcrumb\"},\"inLanguage\":\"en-US\",\"potentialAction\":[{\"@type\":\"ReadAction\",\"target\":[\"https:\\\/\\\/shrimataji.org\\\/test\\\/pl\\\/ekologia\\\/\"]}]},{\"@type\":\"ImageObject\",\"inLanguage\":\"en-US\",\"@id\":\"https:\\\/\\\/shrimataji.org\\\/test\\\/pl\\\/ekologia\\\/#primaryimage\",\"url\":\"https:\\\/\\\/shrimataji.org\\\/test\\\/wp-content\\\/uploads\\\/2018\\\/07\\\/media_originals\\\/images\\\/headers-general\\\/shri-mataji-at-the-krishna-river-in-brahmapuri-india-1985.jpg\",\"contentUrl\":\"https:\\\/\\\/shrimataji.org\\\/test\\\/wp-content\\\/uploads\\\/2018\\\/07\\\/media_originals\\\/images\\\/headers-general\\\/shri-mataji-at-the-krishna-river-in-brahmapuri-india-1985.jpg\",\"width\":990,\"height\":350},{\"@type\":\"BreadcrumbList\",\"@id\":\"https:\\\/\\\/shrimataji.org\\\/test\\\/pl\\\/ekologia\\\/#breadcrumb\",\"itemListElement\":[{\"@type\":\"ListItem\",\"position\":1,\"name\":\"Home\",\"item\":\"https:\\\/\\\/shrimataji.org\\\/test\\\/uk\\\/home-en\\\/\"},{\"@type\":\"ListItem\",\"position\":2,\"name\":\"Ekologia\"}]},{\"@type\":\"WebSite\",\"@id\":\"https:\\\/\\\/shrimataji.org\\\/test\\\/#website\",\"url\":\"https:\\\/\\\/shrimataji.org\\\/test\\\/\",\"name\":\"Shri Mataji Nirmala Devi\",\"description\":\"A Life Dedicated to Humanity\",\"publisher\":{\"@id\":\"https:\\\/\\\/shrimataji.org\\\/test\\\/#\\\/schema\\\/person\\\/a1b3419c6585f164aa96da1ff85715d1\"},\"potentialAction\":[{\"@type\":\"SearchAction\",\"target\":{\"@type\":\"EntryPoint\",\"urlTemplate\":\"https:\\\/\\\/shrimataji.org\\\/test\\\/?s={search_term_string}\"},\"query-input\":{\"@type\":\"PropertyValueSpecification\",\"valueRequired\":true,\"valueName\":\"search_term_string\"}}],\"inLanguage\":\"en-US\"},{\"@type\":[\"Person\",\"Organization\"],\"@id\":\"https:\\\/\\\/shrimataji.org\\\/test\\\/#\\\/schema\\\/person\\\/a1b3419c6585f164aa96da1ff85715d1\",\"name\":\"Nirmala Shrivastava\",\"image\":{\"@type\":\"ImageObject\",\"inLanguage\":\"en-US\",\"@id\":\"https:\\\/\\\/shrimataji.org\\\/test\\\/wp-content\\\/uploads\\\/2023\\\/02\\\/SMO_LOGO-03.svg\",\"url\":\"https:\\\/\\\/shrimataji.org\\\/test\\\/wp-content\\\/uploads\\\/2023\\\/02\\\/SMO_LOGO-03.svg\",\"contentUrl\":\"https:\\\/\\\/shrimataji.org\\\/test\\\/wp-content\\\/uploads\\\/2023\\\/02\\\/SMO_LOGO-03.svg\",\"width\":\"1024\",\"height\":\"1024\",\"caption\":\"Nirmala Shrivastava\"},\"logo\":{\"@id\":\"https:\\\/\\\/shrimataji.org\\\/test\\\/wp-content\\\/uploads\\\/2023\\\/02\\\/SMO_LOGO-03.svg\"},\"sameAs\":[\"https:\\\/\\\/shrimataji.org\\\/test\",\"https:\\\/\\\/www.facebook.com\\\/shrimataji\",\"https:\\\/\\\/x.com\\\/shrimataji\",\"https:\\\/\\\/www.youtube.com\\\/@Shri_Mataji_Nirmala_Devi\\\/featured\"]}]}<\/script>\n<!-- \/ Yoast SEO plugin. -->","yoast_head_json":{"title":"Ekologia - TEST - SMND","robots":{"index":"noindex","follow":"follow","max-snippet":"max-snippet:-1","max-image-preview":"max-image-preview:large","max-video-preview":"max-video-preview:-1"},"og_locale":"en_US","og_type":"article","og_title":"Ekologia - TEST - SMND","og_description":"Ekologia Naturalna r\u00f3wnowaga Wizj\u0105 natury wed\u0142ug \u015ari Matad\u017ai by\u0142a Matka Ziemia, kt\u00f3ra daje i podtrzymuje \u017cycie &#8211; \u017cywa istota, kt\u00f3rej nale\u017cy si\u0119 szacunek, a nawet cze\u015b\u0107. Kiedy\u015b wyja\u015bni\u0142a, \u017ce wraz z rodze\u0144stwem, podobnie jak wszystkie indyjskie dzieci, by\u0142a uczona prosi\u0107 rano Matk\u0119 Ziemi\u0119 o wybaczenie, \u201eponiewa\u017c dotykali\u015bmy Jej swoimi stopami&#8221;. \u015ari Matad\u017ai podr\u00f3\u017cowa\u0142a po \u015bwiecie&hellip; Read more","og_url":"https:\/\/shrimataji.org\/test\/pl\/ekologia\/","og_site_name":"TEST - SMND","article_publisher":"https:\/\/www.facebook.com\/shrimataji","article_modified_time":"2026-04-22T05:17:59+00:00","og_image":[{"width":990,"height":350,"url":"https:\/\/shrimataji.org\/test\/wp-content\/uploads\/2018\/07\/media_originals\/images\/headers-general\/shri-mataji-at-the-krishna-river-in-brahmapuri-india-1985.jpg","type":"image\/jpeg"}],"twitter_card":"summary_large_image","twitter_site":"@shrimataji","schema":{"@context":"https:\/\/schema.org","@graph":[{"@type":"WebPage","@id":"https:\/\/shrimataji.org\/test\/pl\/ekologia\/","url":"https:\/\/shrimataji.org\/test\/pl\/ekologia\/","name":"Ekologia - TEST - SMND","isPartOf":{"@id":"https:\/\/shrimataji.org\/test\/#website"},"primaryImageOfPage":{"@id":"https:\/\/shrimataji.org\/test\/pl\/ekologia\/#primaryimage"},"image":{"@id":"https:\/\/shrimataji.org\/test\/pl\/ekologia\/#primaryimage"},"thumbnailUrl":"https:\/\/shrimataji.org\/test\/wp-content\/uploads\/2018\/07\/media_originals\/images\/headers-general\/shri-mataji-at-the-krishna-river-in-brahmapuri-india-1985.jpg","datePublished":"2011-02-12T02:00:00+00:00","dateModified":"2026-04-22T05:17:59+00:00","breadcrumb":{"@id":"https:\/\/shrimataji.org\/test\/pl\/ekologia\/#breadcrumb"},"inLanguage":"en-US","potentialAction":[{"@type":"ReadAction","target":["https:\/\/shrimataji.org\/test\/pl\/ekologia\/"]}]},{"@type":"ImageObject","inLanguage":"en-US","@id":"https:\/\/shrimataji.org\/test\/pl\/ekologia\/#primaryimage","url":"https:\/\/shrimataji.org\/test\/wp-content\/uploads\/2018\/07\/media_originals\/images\/headers-general\/shri-mataji-at-the-krishna-river-in-brahmapuri-india-1985.jpg","contentUrl":"https:\/\/shrimataji.org\/test\/wp-content\/uploads\/2018\/07\/media_originals\/images\/headers-general\/shri-mataji-at-the-krishna-river-in-brahmapuri-india-1985.jpg","width":990,"height":350},{"@type":"BreadcrumbList","@id":"https:\/\/shrimataji.org\/test\/pl\/ekologia\/#breadcrumb","itemListElement":[{"@type":"ListItem","position":1,"name":"Home","item":"https:\/\/shrimataji.org\/test\/uk\/home-en\/"},{"@type":"ListItem","position":2,"name":"Ekologia"}]},{"@type":"WebSite","@id":"https:\/\/shrimataji.org\/test\/#website","url":"https:\/\/shrimataji.org\/test\/","name":"Shri Mataji Nirmala Devi","description":"A Life Dedicated to Humanity","publisher":{"@id":"https:\/\/shrimataji.org\/test\/#\/schema\/person\/a1b3419c6585f164aa96da1ff85715d1"},"potentialAction":[{"@type":"SearchAction","target":{"@type":"EntryPoint","urlTemplate":"https:\/\/shrimataji.org\/test\/?s={search_term_string}"},"query-input":{"@type":"PropertyValueSpecification","valueRequired":true,"valueName":"search_term_string"}}],"inLanguage":"en-US"},{"@type":["Person","Organization"],"@id":"https:\/\/shrimataji.org\/test\/#\/schema\/person\/a1b3419c6585f164aa96da1ff85715d1","name":"Nirmala Shrivastava","image":{"@type":"ImageObject","inLanguage":"en-US","@id":"https:\/\/shrimataji.org\/test\/wp-content\/uploads\/2023\/02\/SMO_LOGO-03.svg","url":"https:\/\/shrimataji.org\/test\/wp-content\/uploads\/2023\/02\/SMO_LOGO-03.svg","contentUrl":"https:\/\/shrimataji.org\/test\/wp-content\/uploads\/2023\/02\/SMO_LOGO-03.svg","width":"1024","height":"1024","caption":"Nirmala Shrivastava"},"logo":{"@id":"https:\/\/shrimataji.org\/test\/wp-content\/uploads\/2023\/02\/SMO_LOGO-03.svg"},"sameAs":["https:\/\/shrimataji.org\/test","https:\/\/www.facebook.com\/shrimataji","https:\/\/x.com\/shrimataji","https:\/\/www.youtube.com\/@Shri_Mataji_Nirmala_Devi\/featured"]}]}},"lang":"pl","translations":{"pl":37944,"ur":37413,"en":416,"am":17984,"th":19920,"hu":19459,"sq":18385,"zh":17282,"tr":10149,"pt":10362,"de":10636,"fr":10734,"it":10832,"es":10929,"ja":11226,"ru":11414,"bn":11606,"te":11714,"sw":11837,"he":11985,"el":12276,"sk":12374,"fa":12472,"fi":12570,"bg":13513,"ro":14588,"cs":14781,"nl":16545,"ku":16705,"ar":16881,"be":18592,"kn":18866,"mr":20284,"uk":20576,"ml":20875,"ta":22700,"sv":22973,"gu":28821,"pa":28979,"fil":29419,"da":37727,"nn":38279},"pll_sync_post":[],"_links":{"self":[{"href":"https:\/\/shrimataji.org\/test\/wp-json\/wp\/v2\/pages\/37944","targetHints":{"allow":["GET"]}}],"collection":[{"href":"https:\/\/shrimataji.org\/test\/wp-json\/wp\/v2\/pages"}],"about":[{"href":"https:\/\/shrimataji.org\/test\/wp-json\/wp\/v2\/types\/page"}],"author":[{"embeddable":true,"href":"https:\/\/shrimataji.org\/test\/wp-json\/wp\/v2\/users\/1"}],"replies":[{"embeddable":true,"href":"https:\/\/shrimataji.org\/test\/wp-json\/wp\/v2\/comments?post=37944"}],"version-history":[{"count":0,"href":"https:\/\/shrimataji.org\/test\/wp-json\/wp\/v2\/pages\/37944\/revisions"}],"wp:featuredmedia":[{"embeddable":true,"href":"https:\/\/shrimataji.org\/test\/wp-json\/wp\/v2\/media\/37945"}],"wp:attachment":[{"href":"https:\/\/shrimataji.org\/test\/wp-json\/wp\/v2\/media?parent=37944"}],"curies":[{"name":"wp","href":"https:\/\/api.w.org\/{rel}","templated":true}]}}