{"id":37946,"date":"2018-07-10T06:54:42","date_gmt":"2018-07-10T06:54:42","guid":{"rendered":"http:\/\/testwordpress.nirmalnagari.org\/smnd\/index.php\/education-2\/"},"modified":"2026-04-22T11:08:06","modified_gmt":"2026-04-22T11:08:06","slug":"oswiecona-edukacja","status":"publish","type":"page","link":"https:\/\/shrimataji.org\/test\/pl\/oswiecona-edukacja\/","title":{"rendered":"O\u015bwiecona edukacja"},"content":{"rendered":"\n\n\t<h1>O\u015bwiecona edukacja<\/h1>\n<h2>Piel\u0119gnowanie duchowego dobrostanu<\/h2>\n\t<div class=\"su-quote su-quote-style-default\"><div class=\"su-quote-inner su-u-clearfix su-u-trim\">Edukacja powinna obejmowa\u0107 nie tylko rozw\u00f3j intelektualny i emocjonalny, ale tak\u017ce duchowy dobrostan dzieci.<\/div><\/div>\n\t<h4>Dzieci potrzebuj\u0105 zr\u00f3wnowa\u017conej edukacji dzi\u015b bardziej ni\u017c kiedykolwiek. Powinna ona wspiera\u0107 nie tylko rozw\u00f3j intelektualny i emocjonalny, ale tak\u017ce dba\u0107 o ich kondycj\u0119 duchow\u0105. Kiedy dzieci rozumiej\u0105 swoje wewn\u0119trzne mo\u017cliwo\u015bci i si\u0142\u0119, potrafi\u0105 rozkwita\u0107 w ka\u017cdym \u015brodowisku. Skupiona uwaga oraz globalna perspektywa to dwa kolejne filary o\u015bwieconej edukacji.<\/h4>\n\t<p>\u015ari Matad\u017ai k\u0142ad\u0142a ogromny nacisk na budowanie solidnych fundament\u00f3w w edukacji wczesnoszkolnej, wierz\u0105c, \u017ce powinien to by\u0107 proces zbiorowy, wsp\u00f3\u0142dzielony przez rodzic\u00f3w i nauczycieli. \u015arodowisko naturalne tak\u017ce odgrywa rol\u0119 wychowawcz\u0105. Poznaj\u0105c ro\u015bliny, zwierz\u0119ta i zasady ochrony przyrody, dzieci ucz\u0105 si\u0119 szacunku do Matki Ziemi i Jej cennych zasob\u00f3w.<\/p>\n\t<h5>\u201eEdukacja akademicka nie ma \u017cadnej warto\u015bci, je\u015bli nie s\u0142u\u017cy budowaniu prawego charakteru&#8221;.<\/h5>\n<h5>Mahatma Gandhi<\/h5>\n<figure itemscope itemtype=\"https:\/\/schema.org\/ImageObject\">\n\t\t\t\t<img decoding=\"async\" src=\"https:\/\/shrimataji.org\/test\/wp-content\/uploads\/2018\/07\/media_originals\/images\/shri-mataji-with-people\/shri-mataji-nirmala-devi-being-greeted-at-the-train-station-in-rome-italy.jpg\" alt=\"\" height=\"974\" width=\"1500\" onerror=\"this.style.display='none'\" loading=\"lazy\" \/>\n\t\t\n\t<\/figure>\n\t<p>Aby zaszczepi\u0107 w dzieciach poczucie w\u0142asnej warto\u015bci i godno\u015bci, \u015ari Matad\u017ai przywi\u0105zywa\u0142a wielk\u0105 wag\u0119 do dyscypliny &#8211; jednak takiej, kt\u00f3ra jest zakorzeniona w mi\u0142o\u015bci i szacunku. \u201eNaszym obowi\u0105zkiem jest zadba\u0107 o to, by nasze dzieci wyros\u0142y na wielkich ludzi. Wi\u0119kszych od nas&#8221; &#8211; m\u00f3wi\u0142a \u015ari Matad\u017ai. \u201eTo one b\u0119d\u0105 w przysz\u0142o\u015bci opiekowa\u0107 si\u0119 \u015bwiatem&#8221;.<\/p>\n<p>Wcielaj\u0105c swoj\u0105 wizj\u0119 w \u017cycie, \u015ari Matad\u017ai stworzy\u0142a system edukacyjny, kt\u00f3rego sercem jest Sahad\u017aa Joga. Opr\u00f3cz wymagaj\u0105cego programu nauczania uczniowie regularnie medytuj\u0105. Pomaga im to poprawi\u0107 koncentracj\u0119 i uwag\u0119, a tak\u017ce buduje pewno\u015b\u0107 siebie i pomaga w samopoznaniu. M\u0142odzi ludzie z ca\u0142ego \u015bwiata rozwijaj\u0105 si\u0119 w szko\u0142ach \u015ari Matad\u017ai w Indiach, W\u0142oszech, Kanadzie, Austrii, USA, Czechach, Rosji i Australii, buduj\u0105c tam trwa\u0142e relacje.<\/p>\n\t<div class=\"su-quote su-quote-style-default\"><div class=\"su-quote-inner su-u-clearfix su-u-trim\">&#8216;Widzia\u0142am dzieci z naszej szko\u0142y w Dharamszali. S\u0105 niezwykle pewne siebie, a jednocze\u015bnie pe\u0142ne pokory. Zapyta\u0142am je: \u201eCo robicie?&#8221;, a one odpowiedzia\u0142y: \u201eMedytujemy rano i wieczorem, to nam bardzo pomaga&#8221;&#8216;<\/div><\/div>\n\t<p>Odnosz\u0105c si\u0119 do dzieci, noblista Rabindranath Tagore zauwa\u017cy\u0142: \u201eDzieci s\u0105 istotami \u017cywymi &#8211; bardziej \u017cywymi ni\u017c doro\u015bli, kt\u00f3rzy zbudowali wok\u00f3\u0142 siebie skorup\u0119 nawyk\u00f3w. Dlatego dla ich zdrowia psychicznego i rozwoju absolutnie konieczne jest, aby nie mia\u0142y tylko zwyk\u0142ych szk\u00f3\u0142 z lekcjami, lecz \u015bwiat, kt\u00f3rego duchem przewodnim jest osobista mi\u0142o\u015b\u0107&#8221;.<\/p>\n<p>Dzisiejsze dzieci to nasza przysz\u0142o\u015b\u0107, a inwestycja w dobr\u0105 edukacj\u0119 jest r\u00f3wnoznaczna z inwestycj\u0105 w lepszy \u015bwiat. Jednak dobrostan spo\u0142eczny i psychiczny uczni\u00f3w w szko\u0142ach jest coraz bardziej zagro\u017cony. Szacuje si\u0119, \u017ce co najmniej jedno na pi\u0119cioro dzieci lub nastolatk\u00f3w mo\u017ce w ci\u0105gu roku do\u015bwiadczy\u0107 problem\u00f3w ze zdrowiem psychicznym, a w Stanach Zjednoczonych co dziesi\u0105te dziecko cierpi na zaburzenia psychiczne na tyle powa\u017cne, \u017ce utrudniaj\u0105 one codzienne funkcjonowanie.<\/p>\n<p>Badania naukowe nad medytacj\u0105<a href=\"#citation-note-1\"><sup>[1]<\/sup><\/a> dowodz\u0105, \u017ce jest to skuteczna metoda bio-duchowa, pozwalaj\u0105ca zapobiega\u0107 stresowi wynikaj\u0105cemu z braku r\u00f3wnowagi w codziennym \u017cyciu &#8211; w szkole, w pracy czy w domu. Medytacja Sahad\u017aa Joga wyr\u00f3\u017cnia si\u0119 tym, \u017ce jest spontaniczna, prosta i nie wymaga wysi\u0142ku. Dzi\u0119ki tym cechom zyska\u0142a uznanie i popularno\u015b\u0107 zar\u00f3wno w\u015br\u00f3d dzieci, jak i nauczycieli. Okaza\u0142a si\u0119 r\u00f3wnie\u017c pomocna w zachowaniu r\u00f3wnowagi mi\u0119dzy \u017cyciem zawodowym a prywatnym pedagog\u00f3w, pomagaj\u0105c im radzi\u0107 sobie z du\u017cym obci\u0105\u017ceniem zwi\u0105zanym z realizacj\u0105 programu nauczania przy zachowaniu wysokiej jako\u015bci pracy.<\/p>\n<p>R\u00f3\u017cne inicjatywy, takie jak projekt Dzie\u0144 Pokoju Wewn\u0119trznego (<a href=\"http:\/\/www.innerpeaceday.org\/\" target=\"_blank\" rel=\"noopener\">www.innerpeaceday.org<\/a>) czy Dhyaandhara<a href=\"#citation-note-2\"><sup>[2]<\/sup><\/a> (Indie), wprowadzaj\u0105 dobroczynne skutki medytacji Sahad\u017aa Joga do szk\u00f3\u0142 publicznych, dbaj\u0105c o og\u00f3lny dobrostan i zdrowie uczni\u00f3w.<\/p>\n\t<hr \/>\n<h3><a href=\"#citation-note-1\">[1]<\/a> <a name=\"citation-note-1\"><\/a>https:\/\/researchingmeditation.org<\/h3>\n<h3><a href=\"#citation-note-2\">[2]<\/a> <a name=\"citation-note-2\"><\/a>Dhyaandhara Study at LMP Intercollege Lucknow India<\/h3>\n\n","protected":false},"excerpt":{"rendered":"<p>O\u015bwiecona edukacja Piel\u0119gnowanie duchowego dobrostanu Dzieci potrzebuj\u0105 zr\u00f3wnowa\u017conej edukacji dzi\u015b bardziej ni\u017c kiedykolwiek. Powinna ona wspiera\u0107 nie tylko rozw\u00f3j intelektualny i emocjonalny, ale tak\u017ce dba\u0107 o ich kondycj\u0119 duchow\u0105. Kiedy dzieci rozumiej\u0105 swoje wewn\u0119trzne mo\u017cliwo\u015bci i si\u0142\u0119, potrafi\u0105 rozkwita\u0107 w ka\u017cdym \u015brodowisku. Skupiona uwaga oraz globalna perspektywa to dwa kolejne filary o\u015bwieconej edukacji. \u015ari Matad\u017ai&hellip; <br \/> <a class=\"read-more\" href=\"https:\/\/shrimataji.org\/test\/pl\/oswiecona-edukacja\/\">Read more<\/a><\/p>\n","protected":false},"author":1,"featured_media":37947,"parent":0,"menu_order":0,"comment_status":"closed","ping_status":"closed","template":"pro\/page-templates\/full-width-page.php","meta":{"inline_featured_image":false,"footnotes":""},"class_list":["post-37946","page","type-page","status-publish","has-post-thumbnail","hentry"],"yoast_head":"<!-- This site is optimized with the Yoast SEO plugin v27.4 - https:\/\/yoast.com\/product\/yoast-seo-wordpress\/ -->\n<title>O\u015bwiecona edukacja - TEST - SMND<\/title>\n<meta name=\"robots\" content=\"noindex, follow, max-snippet:-1, max-image-preview:large, max-video-preview:-1\" \/>\n<meta property=\"og:locale\" content=\"en_US\" \/>\n<meta property=\"og:type\" content=\"article\" \/>\n<meta property=\"og:title\" content=\"O\u015bwiecona edukacja - TEST - SMND\" \/>\n<meta property=\"og:description\" content=\"O\u015bwiecona edukacja Piel\u0119gnowanie duchowego dobrostanu Dzieci potrzebuj\u0105 zr\u00f3wnowa\u017conej edukacji dzi\u015b bardziej ni\u017c kiedykolwiek. Powinna ona wspiera\u0107 nie tylko rozw\u00f3j intelektualny i emocjonalny, ale tak\u017ce dba\u0107 o ich kondycj\u0119 duchow\u0105. Kiedy dzieci rozumiej\u0105 swoje wewn\u0119trzne mo\u017cliwo\u015bci i si\u0142\u0119, potrafi\u0105 rozkwita\u0107 w ka\u017cdym \u015brodowisku. Skupiona uwaga oraz globalna perspektywa to dwa kolejne filary o\u015bwieconej edukacji. \u015ari Matad\u017ai&hellip; Read more\" \/>\n<meta property=\"og:url\" content=\"https:\/\/shrimataji.org\/test\/pl\/oswiecona-edukacja\/\" \/>\n<meta property=\"og:site_name\" content=\"TEST - SMND\" \/>\n<meta property=\"article:publisher\" content=\"https:\/\/www.facebook.com\/shrimataji\" \/>\n<meta property=\"article:modified_time\" content=\"2026-04-22T11:08:06+00:00\" \/>\n<meta property=\"og:image\" content=\"https:\/\/shrimataji.org\/test\/wp-content\/uploads\/2018\/07\/media_originals\/images\/headers-general\/students-cheering-in-rajasthan-india.jpg\" \/>\n\t<meta property=\"og:image:width\" content=\"990\" \/>\n\t<meta property=\"og:image:height\" content=\"350\" \/>\n\t<meta property=\"og:image:type\" content=\"image\/jpeg\" \/>\n<meta name=\"twitter:card\" content=\"summary_large_image\" \/>\n<meta name=\"twitter:site\" content=\"@shrimataji\" \/>\n<script type=\"application\/ld+json\" class=\"yoast-schema-graph\">{\"@context\":\"https:\\\/\\\/schema.org\",\"@graph\":[{\"@type\":\"WebPage\",\"@id\":\"https:\\\/\\\/shrimataji.org\\\/test\\\/pl\\\/oswiecona-edukacja\\\/\",\"url\":\"https:\\\/\\\/shrimataji.org\\\/test\\\/pl\\\/oswiecona-edukacja\\\/\",\"name\":\"O\u015bwiecona edukacja - TEST - SMND\",\"isPartOf\":{\"@id\":\"https:\\\/\\\/shrimataji.org\\\/test\\\/#website\"},\"primaryImageOfPage\":{\"@id\":\"https:\\\/\\\/shrimataji.org\\\/test\\\/pl\\\/oswiecona-edukacja\\\/#primaryimage\"},\"image\":{\"@id\":\"https:\\\/\\\/shrimataji.org\\\/test\\\/pl\\\/oswiecona-edukacja\\\/#primaryimage\"},\"thumbnailUrl\":\"https:\\\/\\\/shrimataji.org\\\/test\\\/wp-content\\\/uploads\\\/2018\\\/07\\\/media_originals\\\/images\\\/headers-general\\\/students-cheering-in-rajasthan-india.jpg\",\"datePublished\":\"2018-07-10T06:54:42+00:00\",\"dateModified\":\"2026-04-22T11:08:06+00:00\",\"breadcrumb\":{\"@id\":\"https:\\\/\\\/shrimataji.org\\\/test\\\/pl\\\/oswiecona-edukacja\\\/#breadcrumb\"},\"inLanguage\":\"en-US\",\"potentialAction\":[{\"@type\":\"ReadAction\",\"target\":[\"https:\\\/\\\/shrimataji.org\\\/test\\\/pl\\\/oswiecona-edukacja\\\/\"]}]},{\"@type\":\"ImageObject\",\"inLanguage\":\"en-US\",\"@id\":\"https:\\\/\\\/shrimataji.org\\\/test\\\/pl\\\/oswiecona-edukacja\\\/#primaryimage\",\"url\":\"https:\\\/\\\/shrimataji.org\\\/test\\\/wp-content\\\/uploads\\\/2018\\\/07\\\/media_originals\\\/images\\\/headers-general\\\/students-cheering-in-rajasthan-india.jpg\",\"contentUrl\":\"https:\\\/\\\/shrimataji.org\\\/test\\\/wp-content\\\/uploads\\\/2018\\\/07\\\/media_originals\\\/images\\\/headers-general\\\/students-cheering-in-rajasthan-india.jpg\",\"width\":990,\"height\":350},{\"@type\":\"BreadcrumbList\",\"@id\":\"https:\\\/\\\/shrimataji.org\\\/test\\\/pl\\\/oswiecona-edukacja\\\/#breadcrumb\",\"itemListElement\":[{\"@type\":\"ListItem\",\"position\":1,\"name\":\"Home\",\"item\":\"https:\\\/\\\/shrimataji.org\\\/test\\\/uk\\\/home-en\\\/\"},{\"@type\":\"ListItem\",\"position\":2,\"name\":\"O\u015bwiecona edukacja\"}]},{\"@type\":\"WebSite\",\"@id\":\"https:\\\/\\\/shrimataji.org\\\/test\\\/#website\",\"url\":\"https:\\\/\\\/shrimataji.org\\\/test\\\/\",\"name\":\"Shri Mataji Nirmala Devi\",\"description\":\"A Life Dedicated to Humanity\",\"publisher\":{\"@id\":\"https:\\\/\\\/shrimataji.org\\\/test\\\/#\\\/schema\\\/person\\\/a1b3419c6585f164aa96da1ff85715d1\"},\"potentialAction\":[{\"@type\":\"SearchAction\",\"target\":{\"@type\":\"EntryPoint\",\"urlTemplate\":\"https:\\\/\\\/shrimataji.org\\\/test\\\/?s={search_term_string}\"},\"query-input\":{\"@type\":\"PropertyValueSpecification\",\"valueRequired\":true,\"valueName\":\"search_term_string\"}}],\"inLanguage\":\"en-US\"},{\"@type\":[\"Person\",\"Organization\"],\"@id\":\"https:\\\/\\\/shrimataji.org\\\/test\\\/#\\\/schema\\\/person\\\/a1b3419c6585f164aa96da1ff85715d1\",\"name\":\"Nirmala Shrivastava\",\"image\":{\"@type\":\"ImageObject\",\"inLanguage\":\"en-US\",\"@id\":\"https:\\\/\\\/shrimataji.org\\\/test\\\/wp-content\\\/uploads\\\/2023\\\/02\\\/SMO_LOGO-03.svg\",\"url\":\"https:\\\/\\\/shrimataji.org\\\/test\\\/wp-content\\\/uploads\\\/2023\\\/02\\\/SMO_LOGO-03.svg\",\"contentUrl\":\"https:\\\/\\\/shrimataji.org\\\/test\\\/wp-content\\\/uploads\\\/2023\\\/02\\\/SMO_LOGO-03.svg\",\"width\":\"1024\",\"height\":\"1024\",\"caption\":\"Nirmala Shrivastava\"},\"logo\":{\"@id\":\"https:\\\/\\\/shrimataji.org\\\/test\\\/wp-content\\\/uploads\\\/2023\\\/02\\\/SMO_LOGO-03.svg\"},\"sameAs\":[\"https:\\\/\\\/shrimataji.org\\\/test\",\"https:\\\/\\\/www.facebook.com\\\/shrimataji\",\"https:\\\/\\\/x.com\\\/shrimataji\",\"https:\\\/\\\/www.youtube.com\\\/@Shri_Mataji_Nirmala_Devi\\\/featured\"]}]}<\/script>\n<!-- \/ Yoast SEO plugin. -->","yoast_head_json":{"title":"O\u015bwiecona edukacja - TEST - SMND","robots":{"index":"noindex","follow":"follow","max-snippet":"max-snippet:-1","max-image-preview":"max-image-preview:large","max-video-preview":"max-video-preview:-1"},"og_locale":"en_US","og_type":"article","og_title":"O\u015bwiecona edukacja - TEST - SMND","og_description":"O\u015bwiecona edukacja Piel\u0119gnowanie duchowego dobrostanu Dzieci potrzebuj\u0105 zr\u00f3wnowa\u017conej edukacji dzi\u015b bardziej ni\u017c kiedykolwiek. Powinna ona wspiera\u0107 nie tylko rozw\u00f3j intelektualny i emocjonalny, ale tak\u017ce dba\u0107 o ich kondycj\u0119 duchow\u0105. Kiedy dzieci rozumiej\u0105 swoje wewn\u0119trzne mo\u017cliwo\u015bci i si\u0142\u0119, potrafi\u0105 rozkwita\u0107 w ka\u017cdym \u015brodowisku. Skupiona uwaga oraz globalna perspektywa to dwa kolejne filary o\u015bwieconej edukacji. \u015ari Matad\u017ai&hellip; Read more","og_url":"https:\/\/shrimataji.org\/test\/pl\/oswiecona-edukacja\/","og_site_name":"TEST - SMND","article_publisher":"https:\/\/www.facebook.com\/shrimataji","article_modified_time":"2026-04-22T11:08:06+00:00","og_image":[{"width":990,"height":350,"url":"https:\/\/shrimataji.org\/test\/wp-content\/uploads\/2018\/07\/media_originals\/images\/headers-general\/students-cheering-in-rajasthan-india.jpg","type":"image\/jpeg"}],"twitter_card":"summary_large_image","twitter_site":"@shrimataji","schema":{"@context":"https:\/\/schema.org","@graph":[{"@type":"WebPage","@id":"https:\/\/shrimataji.org\/test\/pl\/oswiecona-edukacja\/","url":"https:\/\/shrimataji.org\/test\/pl\/oswiecona-edukacja\/","name":"O\u015bwiecona edukacja - TEST - SMND","isPartOf":{"@id":"https:\/\/shrimataji.org\/test\/#website"},"primaryImageOfPage":{"@id":"https:\/\/shrimataji.org\/test\/pl\/oswiecona-edukacja\/#primaryimage"},"image":{"@id":"https:\/\/shrimataji.org\/test\/pl\/oswiecona-edukacja\/#primaryimage"},"thumbnailUrl":"https:\/\/shrimataji.org\/test\/wp-content\/uploads\/2018\/07\/media_originals\/images\/headers-general\/students-cheering-in-rajasthan-india.jpg","datePublished":"2018-07-10T06:54:42+00:00","dateModified":"2026-04-22T11:08:06+00:00","breadcrumb":{"@id":"https:\/\/shrimataji.org\/test\/pl\/oswiecona-edukacja\/#breadcrumb"},"inLanguage":"en-US","potentialAction":[{"@type":"ReadAction","target":["https:\/\/shrimataji.org\/test\/pl\/oswiecona-edukacja\/"]}]},{"@type":"ImageObject","inLanguage":"en-US","@id":"https:\/\/shrimataji.org\/test\/pl\/oswiecona-edukacja\/#primaryimage","url":"https:\/\/shrimataji.org\/test\/wp-content\/uploads\/2018\/07\/media_originals\/images\/headers-general\/students-cheering-in-rajasthan-india.jpg","contentUrl":"https:\/\/shrimataji.org\/test\/wp-content\/uploads\/2018\/07\/media_originals\/images\/headers-general\/students-cheering-in-rajasthan-india.jpg","width":990,"height":350},{"@type":"BreadcrumbList","@id":"https:\/\/shrimataji.org\/test\/pl\/oswiecona-edukacja\/#breadcrumb","itemListElement":[{"@type":"ListItem","position":1,"name":"Home","item":"https:\/\/shrimataji.org\/test\/uk\/home-en\/"},{"@type":"ListItem","position":2,"name":"O\u015bwiecona edukacja"}]},{"@type":"WebSite","@id":"https:\/\/shrimataji.org\/test\/#website","url":"https:\/\/shrimataji.org\/test\/","name":"Shri Mataji Nirmala Devi","description":"A Life Dedicated to Humanity","publisher":{"@id":"https:\/\/shrimataji.org\/test\/#\/schema\/person\/a1b3419c6585f164aa96da1ff85715d1"},"potentialAction":[{"@type":"SearchAction","target":{"@type":"EntryPoint","urlTemplate":"https:\/\/shrimataji.org\/test\/?s={search_term_string}"},"query-input":{"@type":"PropertyValueSpecification","valueRequired":true,"valueName":"search_term_string"}}],"inLanguage":"en-US"},{"@type":["Person","Organization"],"@id":"https:\/\/shrimataji.org\/test\/#\/schema\/person\/a1b3419c6585f164aa96da1ff85715d1","name":"Nirmala Shrivastava","image":{"@type":"ImageObject","inLanguage":"en-US","@id":"https:\/\/shrimataji.org\/test\/wp-content\/uploads\/2023\/02\/SMO_LOGO-03.svg","url":"https:\/\/shrimataji.org\/test\/wp-content\/uploads\/2023\/02\/SMO_LOGO-03.svg","contentUrl":"https:\/\/shrimataji.org\/test\/wp-content\/uploads\/2023\/02\/SMO_LOGO-03.svg","width":"1024","height":"1024","caption":"Nirmala Shrivastava"},"logo":{"@id":"https:\/\/shrimataji.org\/test\/wp-content\/uploads\/2023\/02\/SMO_LOGO-03.svg"},"sameAs":["https:\/\/shrimataji.org\/test","https:\/\/www.facebook.com\/shrimataji","https:\/\/x.com\/shrimataji","https:\/\/www.youtube.com\/@Shri_Mataji_Nirmala_Devi\/featured"]}]}},"lang":"pl","translations":{"pl":37946,"ur":37415,"en":398,"am":17986,"th":19923,"hu":19461,"sq":18387,"zh":17284,"hi":8488,"tr":10150,"pt":10363,"de":10637,"fr":10735,"it":10833,"es":10930,"ja":11227,"ru":11415,"bn":11607,"te":11715,"sw":11838,"he":11986,"el":12277,"sk":12375,"fa":12473,"fi":12571,"bg":13472,"ro":14544,"cs":14737,"nl":16547,"ku":16707,"ar":16883,"be":18594,"kn":18868,"mr":20287,"uk":20579,"ml":20878,"ta":22702,"sv":22975,"gu":28823,"pa":28981,"fil":29421,"da":37729,"nn":38281},"pll_sync_post":[],"_links":{"self":[{"href":"https:\/\/shrimataji.org\/test\/wp-json\/wp\/v2\/pages\/37946","targetHints":{"allow":["GET"]}}],"collection":[{"href":"https:\/\/shrimataji.org\/test\/wp-json\/wp\/v2\/pages"}],"about":[{"href":"https:\/\/shrimataji.org\/test\/wp-json\/wp\/v2\/types\/page"}],"author":[{"embeddable":true,"href":"https:\/\/shrimataji.org\/test\/wp-json\/wp\/v2\/users\/1"}],"replies":[{"embeddable":true,"href":"https:\/\/shrimataji.org\/test\/wp-json\/wp\/v2\/comments?post=37946"}],"version-history":[{"count":0,"href":"https:\/\/shrimataji.org\/test\/wp-json\/wp\/v2\/pages\/37946\/revisions"}],"wp:featuredmedia":[{"embeddable":true,"href":"https:\/\/shrimataji.org\/test\/wp-json\/wp\/v2\/media\/37947"}],"wp:attachment":[{"href":"https:\/\/shrimataji.org\/test\/wp-json\/wp\/v2\/media?parent=37946"}],"curies":[{"name":"wp","href":"https:\/\/api.w.org\/{rel}","templated":true}]}}